{"id":198,"date":"2025-02-26T10:03:39","date_gmt":"2025-02-26T07:03:39","guid":{"rendered":"https:\/\/ticaret.edu.tr\/ekonomi-ve-finans-uygulama-ve-arastirma-merkezi\/?page_id=198"},"modified":"2025-02-26T10:03:55","modified_gmt":"2025-02-26T07:03:55","slug":"general-information","status":"publish","type":"page","link":"http:\/\/ticaret.edu.tr\/ekonomi-ve-finans-uygulama-ve-arastirma-merkezi\/en\/general-information\/","title":{"rendered":"General Information"},"content":{"rendered":"<h4>Today&#8217;s Turkey Economy-2<\/h4>\n<p>On the cooperation of chamber of IYMM and Istanbul Commerce University, Certified Public Accountants Economical Epectation Index was shared.<\/p>\n<p>&nbsp;<\/p>\n<h4>Today&#8217;s Turkey Economy<\/h4>\n<p>On the cooperation of chamber of IYMM and Istanbul Commerce University, Certified Public Accountants Economical Epectation Index was shared.<\/p>\n<p>&nbsp;<\/p>\n<h4>This index measures pulsation of commerce<\/h4>\n<p>Istanbul Commerce Chamber and Istanbul Commerce University have emerged Commercial Activity Expectation Index that reveals the trends of commercial activities in Turkey. Datas are evaluated and announced on monthly basis.<\/p>\n<p>&nbsp;<\/p>\n","protected":false},"excerpt":{"rendered":"<p>Today&#8217;s Turkey Economy-2 On the cooperation of chamber of IYMM and Istanbul Commerce University, Certified Public Accountants Economical Epectation Index was shared. &nbsp; Today&#8217;s Turkey Economy On the cooperation of chamber of IYMM and Istanbul Commerce University, Certified Public Accountants Economical Epectation Index was shared. &nbsp; This index measures pulsation of commerce Istanbul Commerce Chamber [&hellip;]<\/p>\n","protected":false},"author":228,"featured_media":0,"parent":0,"menu_order":0,"comment_status":"closed","ping_status":"closed","template":"genel_sayfa.php","meta":{"footnotes":""},"yoast_head":"<!-- This site is optimized with the Yoast SEO Premium plugin v22.1 (Yoast SEO v22.1) - https:\/\/yoast.com\/wordpress\/plugins\/seo\/ -->\n<title>General Information - Ekonomi ve Finans Uygulama ve Ara\u015ft\u0131rma Merkezi<\/title>\n<meta name=\"robots\" content=\"index, follow, max-snippet:-1, max-image-preview:large, max-video-preview:-1\" \/>\n<link rel=\"canonical\" href=\"http:\/\/ticaret.edu.tr\/ekonomi-ve-finans-uygulama-ve-arastirma-merkezi\/en\/general-information\/\" \/>\n<meta property=\"og:locale\" content=\"tr_TR\" \/>\n<meta property=\"og:type\" content=\"article\" \/>\n<meta property=\"og:title\" content=\"General Information\" \/>\n<meta property=\"og:description\" content=\"Today&#8217;s Turkey Economy-2 On the cooperation of chamber of IYMM and Istanbul Commerce University, Certified Public Accountants Economical Epectation Index was shared. &nbsp; Today&#8217;s Turkey Economy On the cooperation of chamber of IYMM and Istanbul Commerce University, Certified Public Accountants Economical Epectation Index was shared. &nbsp; This index measures pulsation of commerce Istanbul Commerce Chamber [&hellip;]\" \/>\n<meta property=\"og:url\" content=\"http:\/\/ticaret.edu.tr\/ekonomi-ve-finans-uygulama-ve-arastirma-merkezi\/en\/general-information\/\" \/>\n<meta property=\"og:site_name\" content=\"Ekonomi ve Finans Uygulama ve Ara\u015ft\u0131rma Merkezi\" \/>\n<meta property=\"article:publisher\" content=\"https:\/\/www.facebook.com\/ticaretedutr\" \/>\n<meta property=\"article:modified_time\" content=\"2025-02-26T07:03:55+00:00\" \/>\n<meta property=\"og:image\" content=\"http:\/\/ticaret.edu.tr\/ekonomi-ve-finans-uygulama-ve-arastirma-merkezi\/wp-content\/uploads\/sites\/47\/2021\/11\/web_logo-01.jpg\" \/>\n\t<meta property=\"og:image:width\" content=\"1250\" \/>\n\t<meta property=\"og:image:height\" content=\"833\" \/>\n\t<meta property=\"og:image:type\" content=\"image\/jpeg\" \/>\n<meta name=\"twitter:card\" content=\"summary_large_image\" \/>\n<meta name=\"twitter:site\" content=\"@ticaretedutr\" \/>\n<meta name=\"twitter:label1\" content=\"Tahmini okuma s\u00fcresi\" \/>\n\t<meta name=\"twitter:data1\" content=\"1 dakika\" \/>\n<script type=\"application\/ld+json\" class=\"yoast-schema-graph\">{\"@context\":\"https:\/\/schema.org\",\"@graph\":[{\"@type\":\"WebPage\",\"@id\":\"http:\/\/ticaret.edu.tr\/ekonomi-ve-finans-uygulama-ve-arastirma-merkezi\/en\/general-information\/\",\"url\":\"http:\/\/ticaret.edu.tr\/ekonomi-ve-finans-uygulama-ve-arastirma-merkezi\/en\/general-information\/\",\"name\":\"General Information - Ekonomi ve Finans Uygulama ve Ara\u015ft\u0131rma Merkezi\",\"isPartOf\":{\"@id\":\"http:\/\/ticaret.edu.tr\/ekonomi-ve-finans-uygulama-ve-arastirma-merkezi\/en\/#website\"},\"datePublished\":\"2025-02-26T07:03:39+00:00\",\"dateModified\":\"2025-02-26T07:03:55+00:00\",\"breadcrumb\":{\"@id\":\"http:\/\/ticaret.edu.tr\/ekonomi-ve-finans-uygulama-ve-arastirma-merkezi\/en\/general-information\/#breadcrumb\"},\"inLanguage\":\"tr\",\"potentialAction\":[{\"@type\":\"ReadAction\",\"target\":[\"http:\/\/ticaret.edu.tr\/ekonomi-ve-finans-uygulama-ve-arastirma-merkezi\/en\/general-information\/\"]}]},{\"@type\":\"BreadcrumbList\",\"@id\":\"http:\/\/ticaret.edu.tr\/ekonomi-ve-finans-uygulama-ve-arastirma-merkezi\/en\/general-information\/#breadcrumb\",\"itemListElement\":[{\"@type\":\"ListItem\",\"position\":1,\"name\":\"Ana sayfa\",\"item\":\"https:\/\/ticaret.edu.tr\/ekonomi-ve-finans-uygulama-ve-arastirma-merkezi\/\"},{\"@type\":\"ListItem\",\"position\":2,\"name\":\"General Information\"}]},{\"@type\":\"WebSite\",\"@id\":\"http:\/\/ticaret.edu.tr\/ekonomi-ve-finans-uygulama-ve-arastirma-merkezi\/en\/#website\",\"url\":\"http:\/\/ticaret.edu.tr\/ekonomi-ve-finans-uygulama-ve-arastirma-merkezi\/en\/\",\"name\":\"Ekonomi ve Finans Uygulama ve Ara\u015ft\u0131rma Merkezi\",\"description\":\"Bir ba\u015fka \u0130stanbul Ticaret \u00dcniversitesi site sitesi\",\"potentialAction\":[{\"@type\":\"SearchAction\",\"target\":{\"@type\":\"EntryPoint\",\"urlTemplate\":\"http:\/\/ticaret.edu.tr\/ekonomi-ve-finans-uygulama-ve-arastirma-merkezi\/en\/?s={search_term_string}\"},\"query-input\":\"required name=search_term_string\"}],\"inLanguage\":\"tr\"}]}<\/script>\n<!-- \/ Yoast SEO Premium plugin. -->","yoast_head_json":{"title":"General Information - Ekonomi ve Finans Uygulama ve Ara\u015ft\u0131rma Merkezi","robots":{"index":"index","follow":"follow","max-snippet":"max-snippet:-1","max-image-preview":"max-image-preview:large","max-video-preview":"max-video-preview:-1"},"canonical":"http:\/\/ticaret.edu.tr\/ekonomi-ve-finans-uygulama-ve-arastirma-merkezi\/en\/general-information\/","og_locale":"tr_TR","og_type":"article","og_title":"General Information","og_description":"Today&#8217;s Turkey Economy-2 On the cooperation of chamber of IYMM and Istanbul Commerce University, Certified Public Accountants Economical Epectation Index was shared. &nbsp; Today&#8217;s Turkey Economy On the cooperation of chamber of IYMM and Istanbul Commerce University, Certified Public Accountants Economical Epectation Index was shared. &nbsp; This index measures pulsation of commerce Istanbul Commerce Chamber [&hellip;]","og_url":"http:\/\/ticaret.edu.tr\/ekonomi-ve-finans-uygulama-ve-arastirma-merkezi\/en\/general-information\/","og_site_name":"Ekonomi ve Finans Uygulama ve Ara\u015ft\u0131rma Merkezi","article_publisher":"https:\/\/www.facebook.com\/ticaretedutr","article_modified_time":"2025-02-26T07:03:55+00:00","og_image":[{"width":1250,"height":833,"url":"http:\/\/ticaret.edu.tr\/ekonomi-ve-finans-uygulama-ve-arastirma-merkezi\/wp-content\/uploads\/sites\/47\/2021\/11\/web_logo-01.jpg","type":"image\/jpeg"}],"twitter_card":"summary_large_image","twitter_site":"@ticaretedutr","twitter_misc":{"Tahmini okuma s\u00fcresi":"1 dakika"},"schema":{"@context":"https:\/\/schema.org","@graph":[{"@type":"WebPage","@id":"http:\/\/ticaret.edu.tr\/ekonomi-ve-finans-uygulama-ve-arastirma-merkezi\/en\/general-information\/","url":"http:\/\/ticaret.edu.tr\/ekonomi-ve-finans-uygulama-ve-arastirma-merkezi\/en\/general-information\/","name":"General Information - Ekonomi ve Finans Uygulama ve Ara\u015ft\u0131rma Merkezi","isPartOf":{"@id":"http:\/\/ticaret.edu.tr\/ekonomi-ve-finans-uygulama-ve-arastirma-merkezi\/en\/#website"},"datePublished":"2025-02-26T07:03:39+00:00","dateModified":"2025-02-26T07:03:55+00:00","breadcrumb":{"@id":"http:\/\/ticaret.edu.tr\/ekonomi-ve-finans-uygulama-ve-arastirma-merkezi\/en\/general-information\/#breadcrumb"},"inLanguage":"tr","potentialAction":[{"@type":"ReadAction","target":["http:\/\/ticaret.edu.tr\/ekonomi-ve-finans-uygulama-ve-arastirma-merkezi\/en\/general-information\/"]}]},{"@type":"BreadcrumbList","@id":"http:\/\/ticaret.edu.tr\/ekonomi-ve-finans-uygulama-ve-arastirma-merkezi\/en\/general-information\/#breadcrumb","itemListElement":[{"@type":"ListItem","position":1,"name":"Ana sayfa","item":"https:\/\/ticaret.edu.tr\/ekonomi-ve-finans-uygulama-ve-arastirma-merkezi\/"},{"@type":"ListItem","position":2,"name":"General Information"}]},{"@type":"WebSite","@id":"http:\/\/ticaret.edu.tr\/ekonomi-ve-finans-uygulama-ve-arastirma-merkezi\/en\/#website","url":"http:\/\/ticaret.edu.tr\/ekonomi-ve-finans-uygulama-ve-arastirma-merkezi\/en\/","name":"Ekonomi ve Finans Uygulama ve Ara\u015ft\u0131rma Merkezi","description":"Bir ba\u015fka \u0130stanbul Ticaret \u00dcniversitesi site sitesi","potentialAction":[{"@type":"SearchAction","target":{"@type":"EntryPoint","urlTemplate":"http:\/\/ticaret.edu.tr\/ekonomi-ve-finans-uygulama-ve-arastirma-merkezi\/en\/?s={search_term_string}"},"query-input":"required name=search_term_string"}],"inLanguage":"tr"}]}},"lang":"en","translations":{"en":198,"tr":196},"pll_sync_post":[],"_links":{"self":[{"href":"http:\/\/ticaret.edu.tr\/ekonomi-ve-finans-uygulama-ve-arastirma-merkezi\/wp-json\/wp\/v2\/pages\/198"}],"collection":[{"href":"http:\/\/ticaret.edu.tr\/ekonomi-ve-finans-uygulama-ve-arastirma-merkezi\/wp-json\/wp\/v2\/pages"}],"about":[{"href":"http:\/\/ticaret.edu.tr\/ekonomi-ve-finans-uygulama-ve-arastirma-merkezi\/wp-json\/wp\/v2\/types\/page"}],"author":[{"embeddable":true,"href":"http:\/\/ticaret.edu.tr\/ekonomi-ve-finans-uygulama-ve-arastirma-merkezi\/wp-json\/wp\/v2\/users\/228"}],"replies":[{"embeddable":true,"href":"http:\/\/ticaret.edu.tr\/ekonomi-ve-finans-uygulama-ve-arastirma-merkezi\/wp-json\/wp\/v2\/comments?post=198"}],"version-history":[{"count":1,"href":"http:\/\/ticaret.edu.tr\/ekonomi-ve-finans-uygulama-ve-arastirma-merkezi\/wp-json\/wp\/v2\/pages\/198\/revisions"}],"predecessor-version":[{"id":199,"href":"http:\/\/ticaret.edu.tr\/ekonomi-ve-finans-uygulama-ve-arastirma-merkezi\/wp-json\/wp\/v2\/pages\/198\/revisions\/199"}],"wp:attachment":[{"href":"http:\/\/ticaret.edu.tr\/ekonomi-ve-finans-uygulama-ve-arastirma-merkezi\/wp-json\/wp\/v2\/media?parent=198"}],"curies":[{"name":"wp","href":"https:\/\/api.w.org\/{rel}","templated":true}]}}