{"id":43,"date":"2021-01-15T22:15:02","date_gmt":"2021-01-15T19:15:02","guid":{"rendered":"http:\/\/ticaret.edu.tr\/efuam\/?page_id=43"},"modified":"2025-12-15T11:49:30","modified_gmt":"2025-12-15T08:49:30","slug":"iletisim","status":"publish","type":"page","link":"http:\/\/ticaret.edu.tr\/ekonomi-ve-finans-uygulama-ve-arastirma-merkezi\/iletisim\/","title":{"rendered":"\u0130leti\u015fim"},"content":{"rendered":"<header class=\"entry-header\">\n<h1 class=\"entry-title\">\u0130leti\u015fim<\/h1>\n<\/header>\n<div class=\"entry-content\">\n<p><b>\u0130stanbul Ticaret \u00dcniversitesi S\u00e2d\u00e2b\u00e2d Kamp\u00fcs\u00fc S\u00fctl\u00fcce<\/b><\/p>\n<table>\n<tbody>\n<tr>\n<td><span id=\"MainContent_Label5\">Adres<\/span><\/td>\n<td>:<\/td>\n<td>\u00d6rnektepe Mah. \u0130mrahor Cad. No: 88\/2 Beyo\u011flu \/ \u0130stanbul 34445<\/td>\n<\/tr>\n<tr>\n<td><span id=\"MainContent_Label11\">Telefon<\/span><\/td>\n<td>:<\/td>\n<td>444 0 413\/4323<\/td>\n<\/tr>\n<tr>\n<td><span id=\"MainContent_Label18\">Harita<\/span><\/td>\n<td>:<\/td>\n<td><a href=\"http:\/\/sehirrehberi.ibb.gov.tr\/map.aspx?&amp;ap=uydu&amp;cx=88299&amp;cy=100978&amp;scl=10&amp;nm=Ilk%20Nokta\" target=\"_blank\" rel=\"noopener noreferrer\"><span id=\"MainContent_Label21\">Harita bilgisi i\u00e7in t\u0131klay\u0131n\u0131z [\u0130stanbul B\u00fcy\u00fck\u015fehir Belediyesi]<\/span><\/a><br \/>\n<a href=\"http:\/\/maps.google.com\/maps?q=41.058159,28.951142&amp;num=1&amp;t=h&amp;z=16\" target=\"_blank\" rel=\"noopener noreferrer\">Harita bilgisi i\u00e7in t\u0131klay\u0131n\u0131z [Google]<\/a><\/td>\n<\/tr>\n<\/tbody>\n<\/table>\n<\/div>\n","protected":false},"excerpt":{"rendered":"<p>\u0130leti\u015fim \u0130stanbul Ticaret \u00dcniversitesi S\u00e2d\u00e2b\u00e2d Kamp\u00fcs\u00fc S\u00fctl\u00fcce Adres : \u00d6rnektepe Mah. \u0130mrahor Cad. No: 88\/2 Beyo\u011flu \/ \u0130stanbul 34445 Telefon : 444 0 413\/4323 Harita : Harita bilgisi i\u00e7in t\u0131klay\u0131n\u0131z [\u0130stanbul B\u00fcy\u00fck\u015fehir Belediyesi] Harita bilgisi i\u00e7in t\u0131klay\u0131n\u0131z [Google]<\/p>\n","protected":false},"author":169,"featured_media":0,"parent":0,"menu_order":0,"comment_status":"closed","ping_status":"closed","template":"genel_sayfa.php","meta":{"footnotes":""},"yoast_head":"<!-- This site is optimized with the Yoast SEO Premium plugin v22.1 (Yoast SEO v22.1) - https:\/\/yoast.com\/wordpress\/plugins\/seo\/ -->\n<title>\u0130leti\u015fim - Ekonomi ve Finans Uygulama ve Ara\u015ft\u0131rma Merkezi<\/title>\n<meta name=\"robots\" content=\"index, follow, max-snippet:-1, max-image-preview:large, max-video-preview:-1\" \/>\n<link rel=\"canonical\" href=\"http:\/\/ticaret.edu.tr\/ekonomi-ve-finans-uygulama-ve-arastirma-merkezi\/iletisim\/\" \/>\n<meta property=\"og:locale\" content=\"tr_TR\" \/>\n<meta property=\"og:type\" content=\"article\" \/>\n<meta property=\"og:title\" content=\"\u0130leti\u015fim\" \/>\n<meta property=\"og:description\" content=\"\u0130leti\u015fim \u0130stanbul Ticaret \u00dcniversitesi S\u00e2d\u00e2b\u00e2d Kamp\u00fcs\u00fc S\u00fctl\u00fcce Adres : \u00d6rnektepe Mah. \u0130mrahor Cad. No: 88\/2 Beyo\u011flu \/ \u0130stanbul 34445 Telefon : 444 0 413\/4323 Harita : Harita bilgisi i\u00e7in t\u0131klay\u0131n\u0131z [\u0130stanbul B\u00fcy\u00fck\u015fehir Belediyesi] Harita bilgisi i\u00e7in t\u0131klay\u0131n\u0131z [Google]\" \/>\n<meta property=\"og:url\" content=\"http:\/\/ticaret.edu.tr\/ekonomi-ve-finans-uygulama-ve-arastirma-merkezi\/iletisim\/\" \/>\n<meta property=\"og:site_name\" content=\"Ekonomi ve Finans Uygulama ve Ara\u015ft\u0131rma Merkezi\" \/>\n<meta property=\"article:publisher\" content=\"https:\/\/www.facebook.com\/ticaretedutr\" \/>\n<meta property=\"article:modified_time\" content=\"2025-12-15T08:49:30+00:00\" \/>\n<meta property=\"og:image\" content=\"http:\/\/ticaret.edu.tr\/ekonomi-ve-finans-uygulama-ve-arastirma-merkezi\/wp-content\/uploads\/sites\/47\/2021\/11\/web_logo-01.jpg\" \/>\n\t<meta property=\"og:image:width\" content=\"1250\" \/>\n\t<meta property=\"og:image:height\" content=\"833\" \/>\n\t<meta property=\"og:image:type\" content=\"image\/jpeg\" \/>\n<meta name=\"twitter:card\" content=\"summary_large_image\" \/>\n<meta name=\"twitter:site\" content=\"@ticaretedutr\" \/>\n<meta name=\"twitter:label1\" content=\"Tahmini okuma s\u00fcresi\" \/>\n\t<meta name=\"twitter:data1\" content=\"1 dakika\" \/>\n<script type=\"application\/ld+json\" class=\"yoast-schema-graph\">{\"@context\":\"https:\/\/schema.org\",\"@graph\":[{\"@type\":\"WebPage\",\"@id\":\"http:\/\/ticaret.edu.tr\/ekonomi-ve-finans-uygulama-ve-arastirma-merkezi\/iletisim\/\",\"url\":\"http:\/\/ticaret.edu.tr\/ekonomi-ve-finans-uygulama-ve-arastirma-merkezi\/iletisim\/\",\"name\":\"\u0130leti\u015fim - Ekonomi ve Finans Uygulama ve Ara\u015ft\u0131rma Merkezi\",\"isPartOf\":{\"@id\":\"http:\/\/ticaret.edu.tr\/ekonomi-ve-finans-uygulama-ve-arastirma-merkezi\/#website\"},\"datePublished\":\"2021-01-15T19:15:02+00:00\",\"dateModified\":\"2025-12-15T08:49:30+00:00\",\"breadcrumb\":{\"@id\":\"http:\/\/ticaret.edu.tr\/ekonomi-ve-finans-uygulama-ve-arastirma-merkezi\/iletisim\/#breadcrumb\"},\"inLanguage\":\"tr\",\"potentialAction\":[{\"@type\":\"ReadAction\",\"target\":[\"http:\/\/ticaret.edu.tr\/ekonomi-ve-finans-uygulama-ve-arastirma-merkezi\/iletisim\/\"]}]},{\"@type\":\"BreadcrumbList\",\"@id\":\"http:\/\/ticaret.edu.tr\/ekonomi-ve-finans-uygulama-ve-arastirma-merkezi\/iletisim\/#breadcrumb\",\"itemListElement\":[{\"@type\":\"ListItem\",\"position\":1,\"name\":\"Ana sayfa\",\"item\":\"http:\/\/ticaret.edu.tr\/ekonomi-ve-finans-uygulama-ve-arastirma-merkezi\/\"},{\"@type\":\"ListItem\",\"position\":2,\"name\":\"\u0130leti\u015fim\"}]},{\"@type\":\"WebSite\",\"@id\":\"http:\/\/ticaret.edu.tr\/ekonomi-ve-finans-uygulama-ve-arastirma-merkezi\/#website\",\"url\":\"http:\/\/ticaret.edu.tr\/ekonomi-ve-finans-uygulama-ve-arastirma-merkezi\/\",\"name\":\"Ekonomi ve Finans Uygulama ve Ara\u015ft\u0131rma Merkezi\",\"description\":\"Bir ba\u015fka \u0130stanbul Ticaret \u00dcniversitesi site sitesi\",\"potentialAction\":[{\"@type\":\"SearchAction\",\"target\":{\"@type\":\"EntryPoint\",\"urlTemplate\":\"http:\/\/ticaret.edu.tr\/ekonomi-ve-finans-uygulama-ve-arastirma-merkezi\/?s={search_term_string}\"},\"query-input\":\"required name=search_term_string\"}],\"inLanguage\":\"tr\"}]}<\/script>\n<!-- \/ Yoast SEO Premium plugin. -->","yoast_head_json":{"title":"\u0130leti\u015fim - Ekonomi ve Finans Uygulama ve Ara\u015ft\u0131rma Merkezi","robots":{"index":"index","follow":"follow","max-snippet":"max-snippet:-1","max-image-preview":"max-image-preview:large","max-video-preview":"max-video-preview:-1"},"canonical":"http:\/\/ticaret.edu.tr\/ekonomi-ve-finans-uygulama-ve-arastirma-merkezi\/iletisim\/","og_locale":"tr_TR","og_type":"article","og_title":"\u0130leti\u015fim","og_description":"\u0130leti\u015fim \u0130stanbul Ticaret \u00dcniversitesi S\u00e2d\u00e2b\u00e2d Kamp\u00fcs\u00fc S\u00fctl\u00fcce Adres : \u00d6rnektepe Mah. \u0130mrahor Cad. No: 88\/2 Beyo\u011flu \/ \u0130stanbul 34445 Telefon : 444 0 413\/4323 Harita : Harita bilgisi i\u00e7in t\u0131klay\u0131n\u0131z [\u0130stanbul B\u00fcy\u00fck\u015fehir Belediyesi] Harita bilgisi i\u00e7in t\u0131klay\u0131n\u0131z [Google]","og_url":"http:\/\/ticaret.edu.tr\/ekonomi-ve-finans-uygulama-ve-arastirma-merkezi\/iletisim\/","og_site_name":"Ekonomi ve Finans Uygulama ve Ara\u015ft\u0131rma Merkezi","article_publisher":"https:\/\/www.facebook.com\/ticaretedutr","article_modified_time":"2025-12-15T08:49:30+00:00","og_image":[{"width":1250,"height":833,"url":"http:\/\/ticaret.edu.tr\/ekonomi-ve-finans-uygulama-ve-arastirma-merkezi\/wp-content\/uploads\/sites\/47\/2021\/11\/web_logo-01.jpg","type":"image\/jpeg"}],"twitter_card":"summary_large_image","twitter_site":"@ticaretedutr","twitter_misc":{"Tahmini okuma s\u00fcresi":"1 dakika"},"schema":{"@context":"https:\/\/schema.org","@graph":[{"@type":"WebPage","@id":"http:\/\/ticaret.edu.tr\/ekonomi-ve-finans-uygulama-ve-arastirma-merkezi\/iletisim\/","url":"http:\/\/ticaret.edu.tr\/ekonomi-ve-finans-uygulama-ve-arastirma-merkezi\/iletisim\/","name":"\u0130leti\u015fim - Ekonomi ve Finans Uygulama ve Ara\u015ft\u0131rma Merkezi","isPartOf":{"@id":"http:\/\/ticaret.edu.tr\/ekonomi-ve-finans-uygulama-ve-arastirma-merkezi\/#website"},"datePublished":"2021-01-15T19:15:02+00:00","dateModified":"2025-12-15T08:49:30+00:00","breadcrumb":{"@id":"http:\/\/ticaret.edu.tr\/ekonomi-ve-finans-uygulama-ve-arastirma-merkezi\/iletisim\/#breadcrumb"},"inLanguage":"tr","potentialAction":[{"@type":"ReadAction","target":["http:\/\/ticaret.edu.tr\/ekonomi-ve-finans-uygulama-ve-arastirma-merkezi\/iletisim\/"]}]},{"@type":"BreadcrumbList","@id":"http:\/\/ticaret.edu.tr\/ekonomi-ve-finans-uygulama-ve-arastirma-merkezi\/iletisim\/#breadcrumb","itemListElement":[{"@type":"ListItem","position":1,"name":"Ana sayfa","item":"http:\/\/ticaret.edu.tr\/ekonomi-ve-finans-uygulama-ve-arastirma-merkezi\/"},{"@type":"ListItem","position":2,"name":"\u0130leti\u015fim"}]},{"@type":"WebSite","@id":"http:\/\/ticaret.edu.tr\/ekonomi-ve-finans-uygulama-ve-arastirma-merkezi\/#website","url":"http:\/\/ticaret.edu.tr\/ekonomi-ve-finans-uygulama-ve-arastirma-merkezi\/","name":"Ekonomi ve Finans Uygulama ve Ara\u015ft\u0131rma Merkezi","description":"Bir ba\u015fka \u0130stanbul Ticaret \u00dcniversitesi site sitesi","potentialAction":[{"@type":"SearchAction","target":{"@type":"EntryPoint","urlTemplate":"http:\/\/ticaret.edu.tr\/ekonomi-ve-finans-uygulama-ve-arastirma-merkezi\/?s={search_term_string}"},"query-input":"required name=search_term_string"}],"inLanguage":"tr"}]}},"lang":"tr","translations":{"en":104,"tr":43},"pll_sync_post":[],"_links":{"self":[{"href":"http:\/\/ticaret.edu.tr\/ekonomi-ve-finans-uygulama-ve-arastirma-merkezi\/wp-json\/wp\/v2\/pages\/43"}],"collection":[{"href":"http:\/\/ticaret.edu.tr\/ekonomi-ve-finans-uygulama-ve-arastirma-merkezi\/wp-json\/wp\/v2\/pages"}],"about":[{"href":"http:\/\/ticaret.edu.tr\/ekonomi-ve-finans-uygulama-ve-arastirma-merkezi\/wp-json\/wp\/v2\/types\/page"}],"author":[{"embeddable":true,"href":"http:\/\/ticaret.edu.tr\/ekonomi-ve-finans-uygulama-ve-arastirma-merkezi\/wp-json\/wp\/v2\/users\/169"}],"replies":[{"embeddable":true,"href":"http:\/\/ticaret.edu.tr\/ekonomi-ve-finans-uygulama-ve-arastirma-merkezi\/wp-json\/wp\/v2\/comments?post=43"}],"version-history":[{"count":5,"href":"http:\/\/ticaret.edu.tr\/ekonomi-ve-finans-uygulama-ve-arastirma-merkezi\/wp-json\/wp\/v2\/pages\/43\/revisions"}],"predecessor-version":[{"id":244,"href":"http:\/\/ticaret.edu.tr\/ekonomi-ve-finans-uygulama-ve-arastirma-merkezi\/wp-json\/wp\/v2\/pages\/43\/revisions\/244"}],"wp:attachment":[{"href":"http:\/\/ticaret.edu.tr\/ekonomi-ve-finans-uygulama-ve-arastirma-merkezi\/wp-json\/wp\/v2\/media?parent=43"}],"curies":[{"name":"wp","href":"https:\/\/api.w.org\/{rel}","templated":true}]}}