{"id":6,"date":"2020-07-19T05:58:43","date_gmt":"2020-07-19T02:58:43","guid":{"rendered":"http:\/\/ticaret.edu.tr\/efuam\/?page_id=6"},"modified":"2025-02-26T10:01:21","modified_gmt":"2025-02-26T07:01:21","slug":"raporlar","status":"publish","type":"page","link":"http:\/\/ticaret.edu.tr\/ekonomi-ve-finans-uygulama-ve-arastirma-merkezi\/raporlar\/","title":{"rendered":"Yay\u0131nlar"},"content":{"rendered":"<div class=\"content-area primary\">\n<div class=\"article-wrapper\">\n<article id=\"post-239\" class=\"post-239 page type-page status-publish hentry\">\n<header class=\"entry-header\"><img loading=\"lazy\" decoding=\"async\" class=\"wp-image-155 size-full aligncenter\" src=\"http:\/\/ticaret.edu.tr\/ekonomi-ve-finans-uygulama-ve-arastirma-merkezi\/wp-content\/uploads\/sites\/47\/2022\/04\/YAYIN.jpg\" alt=\"\" width=\"712\" height=\"494\" srcset=\"http:\/\/ticaret.edu.tr\/ekonomi-ve-finans-uygulama-ve-arastirma-merkezi\/wp-content\/uploads\/sites\/47\/2022\/04\/YAYIN.jpg 712w, http:\/\/ticaret.edu.tr\/ekonomi-ve-finans-uygulama-ve-arastirma-merkezi\/wp-content\/uploads\/sites\/47\/2022\/04\/YAYIN-300x208.jpg 300w\" sizes=\"(max-width: 712px) 100vw, 712px\" \/><\/p>\n<\/header>\n<p>&nbsp;<\/p>\n<header class=\"entry-header\">\n<ul>\n<li class=\"entry-title\">\n<h2><strong>Makroekonomik Performans Endeksi<\/strong><\/h2>\n<\/li>\n<li class=\"entry-title\">\n<h2><strong>Ticari Faaliyet Endeksi<\/strong><\/h2>\n<\/li>\n<\/ul>\n<\/header>\n<\/article>\n<\/div>\n<\/div>\n<div class=\"secondary widget-area\" role=\"complementary\">\n<div class=\"entry-content\">\n<p><img loading=\"lazy\" decoding=\"async\" class=\"alignnone alignleft\" src=\"http:\/\/ww4.ticaret.edu.tr\/efam\/wp-content\/uploads\/sites\/37\/2014\/12\/tfe.png\" alt=\"\" width=\"280\" height=\"180\" \/><\/p>\n<p><img loading=\"lazy\" decoding=\"async\" class=\"alignnone alignleft\" src=\"http:\/\/ww4.ticaret.edu.tr\/efam\/wp-content\/uploads\/sites\/37\/2014\/12\/tfe2.png\" alt=\"\" width=\"280\" height=\"180\" \/><\/p>\n<\/div>\n<\/div>\n","protected":false},"excerpt":{"rendered":"<p>&nbsp; Makroekonomik Performans Endeksi Ticari Faaliyet Endeksi<\/p>\n","protected":false},"author":101,"featured_media":0,"parent":0,"menu_order":0,"comment_status":"closed","ping_status":"closed","template":"genel_sayfa.php","meta":{"footnotes":""},"yoast_head":"<!-- This site is optimized with the Yoast SEO Premium plugin v22.1 (Yoast SEO v22.1) - https:\/\/yoast.com\/wordpress\/plugins\/seo\/ -->\n<title>Yay\u0131nlar - Ekonomi ve Finans Uygulama ve Ara\u015ft\u0131rma Merkezi<\/title>\n<meta name=\"robots\" content=\"index, follow, max-snippet:-1, max-image-preview:large, max-video-preview:-1\" \/>\n<link rel=\"canonical\" href=\"http:\/\/ticaret.edu.tr\/ekonomi-ve-finans-uygulama-ve-arastirma-merkezi\/raporlar\/\" \/>\n<meta property=\"og:locale\" content=\"tr_TR\" \/>\n<meta property=\"og:type\" content=\"article\" \/>\n<meta property=\"og:title\" content=\"Yay\u0131nlar\" \/>\n<meta property=\"og:description\" content=\"&nbsp; Makroekonomik Performans Endeksi Ticari Faaliyet Endeksi\" \/>\n<meta property=\"og:url\" content=\"http:\/\/ticaret.edu.tr\/ekonomi-ve-finans-uygulama-ve-arastirma-merkezi\/raporlar\/\" \/>\n<meta property=\"og:site_name\" content=\"Ekonomi ve Finans Uygulama ve Ara\u015ft\u0131rma Merkezi\" \/>\n<meta property=\"article:publisher\" content=\"https:\/\/www.facebook.com\/ticaretedutr\" \/>\n<meta property=\"article:modified_time\" content=\"2025-02-26T07:01:21+00:00\" \/>\n<meta property=\"og:image\" content=\"http:\/\/ticaret.edu.tr\/ekonomi-ve-finans-uygulama-ve-arastirma-merkezi\/wp-content\/uploads\/sites\/47\/2022\/04\/YAYIN.jpg\" \/>\n<meta name=\"twitter:card\" content=\"summary_large_image\" \/>\n<meta name=\"twitter:site\" content=\"@ticaretedutr\" \/>\n<meta name=\"twitter:label1\" content=\"Tahmini okuma s\u00fcresi\" \/>\n\t<meta name=\"twitter:data1\" content=\"1 dakika\" \/>\n<script type=\"application\/ld+json\" class=\"yoast-schema-graph\">{\"@context\":\"https:\/\/schema.org\",\"@graph\":[{\"@type\":\"WebPage\",\"@id\":\"http:\/\/ticaret.edu.tr\/ekonomi-ve-finans-uygulama-ve-arastirma-merkezi\/raporlar\/\",\"url\":\"http:\/\/ticaret.edu.tr\/ekonomi-ve-finans-uygulama-ve-arastirma-merkezi\/raporlar\/\",\"name\":\"Yay\u0131nlar - Ekonomi ve Finans Uygulama ve Ara\u015ft\u0131rma Merkezi\",\"isPartOf\":{\"@id\":\"http:\/\/ticaret.edu.tr\/ekonomi-ve-finans-uygulama-ve-arastirma-merkezi\/#website\"},\"datePublished\":\"2020-07-19T02:58:43+00:00\",\"dateModified\":\"2025-02-26T07:01:21+00:00\",\"breadcrumb\":{\"@id\":\"http:\/\/ticaret.edu.tr\/ekonomi-ve-finans-uygulama-ve-arastirma-merkezi\/raporlar\/#breadcrumb\"},\"inLanguage\":\"tr\",\"potentialAction\":[{\"@type\":\"ReadAction\",\"target\":[\"http:\/\/ticaret.edu.tr\/ekonomi-ve-finans-uygulama-ve-arastirma-merkezi\/raporlar\/\"]}]},{\"@type\":\"BreadcrumbList\",\"@id\":\"http:\/\/ticaret.edu.tr\/ekonomi-ve-finans-uygulama-ve-arastirma-merkezi\/raporlar\/#breadcrumb\",\"itemListElement\":[{\"@type\":\"ListItem\",\"position\":1,\"name\":\"Ana sayfa\",\"item\":\"http:\/\/ticaret.edu.tr\/ekonomi-ve-finans-uygulama-ve-arastirma-merkezi\/\"},{\"@type\":\"ListItem\",\"position\":2,\"name\":\"Yay\u0131nlar\"}]},{\"@type\":\"WebSite\",\"@id\":\"http:\/\/ticaret.edu.tr\/ekonomi-ve-finans-uygulama-ve-arastirma-merkezi\/#website\",\"url\":\"http:\/\/ticaret.edu.tr\/ekonomi-ve-finans-uygulama-ve-arastirma-merkezi\/\",\"name\":\"Ekonomi ve Finans Uygulama ve Ara\u015ft\u0131rma Merkezi\",\"description\":\"Bir ba\u015fka \u0130stanbul Ticaret \u00dcniversitesi site sitesi\",\"potentialAction\":[{\"@type\":\"SearchAction\",\"target\":{\"@type\":\"EntryPoint\",\"urlTemplate\":\"http:\/\/ticaret.edu.tr\/ekonomi-ve-finans-uygulama-ve-arastirma-merkezi\/?s={search_term_string}\"},\"query-input\":\"required name=search_term_string\"}],\"inLanguage\":\"tr\"}]}<\/script>\n<!-- \/ Yoast SEO Premium plugin. -->","yoast_head_json":{"title":"Yay\u0131nlar - Ekonomi ve Finans Uygulama ve Ara\u015ft\u0131rma Merkezi","robots":{"index":"index","follow":"follow","max-snippet":"max-snippet:-1","max-image-preview":"max-image-preview:large","max-video-preview":"max-video-preview:-1"},"canonical":"http:\/\/ticaret.edu.tr\/ekonomi-ve-finans-uygulama-ve-arastirma-merkezi\/raporlar\/","og_locale":"tr_TR","og_type":"article","og_title":"Yay\u0131nlar","og_description":"&nbsp; Makroekonomik Performans Endeksi Ticari Faaliyet Endeksi","og_url":"http:\/\/ticaret.edu.tr\/ekonomi-ve-finans-uygulama-ve-arastirma-merkezi\/raporlar\/","og_site_name":"Ekonomi ve Finans Uygulama ve Ara\u015ft\u0131rma Merkezi","article_publisher":"https:\/\/www.facebook.com\/ticaretedutr","article_modified_time":"2025-02-26T07:01:21+00:00","og_image":[{"url":"http:\/\/ticaret.edu.tr\/ekonomi-ve-finans-uygulama-ve-arastirma-merkezi\/wp-content\/uploads\/sites\/47\/2022\/04\/YAYIN.jpg"}],"twitter_card":"summary_large_image","twitter_site":"@ticaretedutr","twitter_misc":{"Tahmini okuma s\u00fcresi":"1 dakika"},"schema":{"@context":"https:\/\/schema.org","@graph":[{"@type":"WebPage","@id":"http:\/\/ticaret.edu.tr\/ekonomi-ve-finans-uygulama-ve-arastirma-merkezi\/raporlar\/","url":"http:\/\/ticaret.edu.tr\/ekonomi-ve-finans-uygulama-ve-arastirma-merkezi\/raporlar\/","name":"Yay\u0131nlar - Ekonomi ve Finans Uygulama ve Ara\u015ft\u0131rma Merkezi","isPartOf":{"@id":"http:\/\/ticaret.edu.tr\/ekonomi-ve-finans-uygulama-ve-arastirma-merkezi\/#website"},"datePublished":"2020-07-19T02:58:43+00:00","dateModified":"2025-02-26T07:01:21+00:00","breadcrumb":{"@id":"http:\/\/ticaret.edu.tr\/ekonomi-ve-finans-uygulama-ve-arastirma-merkezi\/raporlar\/#breadcrumb"},"inLanguage":"tr","potentialAction":[{"@type":"ReadAction","target":["http:\/\/ticaret.edu.tr\/ekonomi-ve-finans-uygulama-ve-arastirma-merkezi\/raporlar\/"]}]},{"@type":"BreadcrumbList","@id":"http:\/\/ticaret.edu.tr\/ekonomi-ve-finans-uygulama-ve-arastirma-merkezi\/raporlar\/#breadcrumb","itemListElement":[{"@type":"ListItem","position":1,"name":"Ana sayfa","item":"http:\/\/ticaret.edu.tr\/ekonomi-ve-finans-uygulama-ve-arastirma-merkezi\/"},{"@type":"ListItem","position":2,"name":"Yay\u0131nlar"}]},{"@type":"WebSite","@id":"http:\/\/ticaret.edu.tr\/ekonomi-ve-finans-uygulama-ve-arastirma-merkezi\/#website","url":"http:\/\/ticaret.edu.tr\/ekonomi-ve-finans-uygulama-ve-arastirma-merkezi\/","name":"Ekonomi ve Finans Uygulama ve Ara\u015ft\u0131rma Merkezi","description":"Bir ba\u015fka \u0130stanbul Ticaret \u00dcniversitesi site sitesi","potentialAction":[{"@type":"SearchAction","target":{"@type":"EntryPoint","urlTemplate":"http:\/\/ticaret.edu.tr\/ekonomi-ve-finans-uygulama-ve-arastirma-merkezi\/?s={search_term_string}"},"query-input":"required name=search_term_string"}],"inLanguage":"tr"}]}},"lang":"tr","translations":{"en":75,"tr":6},"pll_sync_post":[],"_links":{"self":[{"href":"http:\/\/ticaret.edu.tr\/ekonomi-ve-finans-uygulama-ve-arastirma-merkezi\/wp-json\/wp\/v2\/pages\/6"}],"collection":[{"href":"http:\/\/ticaret.edu.tr\/ekonomi-ve-finans-uygulama-ve-arastirma-merkezi\/wp-json\/wp\/v2\/pages"}],"about":[{"href":"http:\/\/ticaret.edu.tr\/ekonomi-ve-finans-uygulama-ve-arastirma-merkezi\/wp-json\/wp\/v2\/types\/page"}],"author":[{"embeddable":true,"href":"http:\/\/ticaret.edu.tr\/ekonomi-ve-finans-uygulama-ve-arastirma-merkezi\/wp-json\/wp\/v2\/users\/101"}],"replies":[{"embeddable":true,"href":"http:\/\/ticaret.edu.tr\/ekonomi-ve-finans-uygulama-ve-arastirma-merkezi\/wp-json\/wp\/v2\/comments?post=6"}],"version-history":[{"count":5,"href":"http:\/\/ticaret.edu.tr\/ekonomi-ve-finans-uygulama-ve-arastirma-merkezi\/wp-json\/wp\/v2\/pages\/6\/revisions"}],"predecessor-version":[{"id":156,"href":"http:\/\/ticaret.edu.tr\/ekonomi-ve-finans-uygulama-ve-arastirma-merkezi\/wp-json\/wp\/v2\/pages\/6\/revisions\/156"}],"wp:attachment":[{"href":"http:\/\/ticaret.edu.tr\/ekonomi-ve-finans-uygulama-ve-arastirma-merkezi\/wp-json\/wp\/v2\/media?parent=6"}],"curies":[{"name":"wp","href":"https:\/\/api.w.org\/{rel}","templated":true}]}}