{"id":77,"date":"2021-10-27T11:40:57","date_gmt":"2021-10-27T08:40:57","guid":{"rendered":"https:\/\/ticaret.edu.tr\/efuam\/?page_id=77"},"modified":"2025-02-26T10:01:16","modified_gmt":"2025-02-26T07:01:16","slug":"about-us","status":"publish","type":"page","link":"http:\/\/ticaret.edu.tr\/ekonomi-ve-finans-uygulama-ve-arastirma-merkezi\/en\/about-us\/","title":{"rendered":"ABOUT US"},"content":{"rendered":"<header class=\"entry-header\">\n<div>Today economical and financial developments are positioned on the center of life. Understanding economy and truely evaluation of financial developments have become very significant. \u0130stanbul Commerce University Economy and Finance Management Implementation and Reserach Center has a dynamic system that follows timely economical and financial imrovements. Center realizes its activities by cooperation with public and private units on national and international level.<\/div>\n<div>Management parties of center:<\/div>\n<div>Director, board of management, advisory board, center units and project groups.<\/div>\n<div><\/div>\n<div>Daetailed Activity Areas Of The Center<\/div>\n<div>\n<ul>\n<li>Research, review, implementation, study, development and doing project<\/li>\n<li>Tracking, reviewing and evaluating of idicators and developments of economical, financial and trade on global level<\/li>\n<li>Development, implementation, doing studies and researchs on analysis and prediction models as modelling, simulation and scenario planning<\/li>\n<li>Monitoring and evaluating of developments related to commercial, economical and financial stability on national and global scale<\/li>\n<li>Efficiency analyse models developing on economical, financial and commercial decisions and implementations<\/li>\n<li>Implementation of\u00a0neuroeconomics approach on analyse of basic and market indicators<\/li>\n<li>Organising in-service taining, course, seminars, certificate programmes and similar activities and participating similar organizations which are constituting by other institutions and providing successful students and related academicians to these activities.<\/li>\n<li>Auditory services to public and private units, doing scientific and technical cooperation, on this context benefiting by infomation, human and infrastructural resources of mentioned units, lastly estabilishing partner work groups, partcipating to partnerships and producing partner projects.<\/li>\n<li>Doing scientific publishing as a result of findings by research an implemntation works. Sharing the scientific results to public, finanial networks and scientific networks.<\/li>\n<li>Atthe frame of developing and acivation of center&#8217;s works, constituting scientific and technical infrastructure, realising documentation activities icluding collection periodical and non periodical publishing<\/li>\n<li>Doing studies other areas of center and executing other missions that will be given by university<\/li>\n<\/ul>\n<\/div>\n<h1 class=\"entry-title\">Corporate Cooperations<\/h1>\n<\/header>\n<div class=\"entry-content\">\n<p>&nbsp;<\/p>\n<table width=\"683\">\n<tbody>\n<tr>\n<td width=\"352\">\n<h4>ISTANBUL CHAMBER OF COMMERCE<\/h4>\n<p>https:\/\/www.ito.org.tr\/tr<\/td>\n<td width=\"331\">\n<h4>ANKARA CHAMBER OF COMMERCE<\/h4>\n<p>https:\/\/www.atonet.org.tr\/<\/td>\n<\/tr>\n<tr>\n<td>\n<h4>\u00a0<img loading=\"lazy\" decoding=\"async\" class=\"alignnone\" src=\"http:\/\/ww4.ticaret.edu.tr\/efam\/wp-content\/uploads\/sites\/37\/2017\/11\/ito-logo-1.jpg\" alt=\"\" width=\"305\" height=\"180\" \/><\/h4>\n<\/td>\n<td>\u00a0<img loading=\"lazy\" decoding=\"async\" class=\"aligncenter\" src=\"http:\/\/ww4.ticaret.edu.tr\/efam\/wp-content\/uploads\/sites\/37\/2014\/12\/ato-logo.png\" alt=\"\" width=\"265\" height=\"175\" \/><\/td>\n<\/tr>\n<\/tbody>\n<\/table>\n<\/div>\n","protected":false},"excerpt":{"rendered":"<p>Today economical and financial developments are positioned on the center of life. Understanding economy and truely evaluation of financial developments have become very significant. \u0130stanbul Commerce University Economy and Finance Management Implementation and Reserach Center has a dynamic system that follows timely economical and financial imrovements. Center realizes its activities by cooperation with public and [&hellip;]<\/p>\n","protected":false},"author":142,"featured_media":0,"parent":0,"menu_order":0,"comment_status":"closed","ping_status":"closed","template":"genel_sayfa.php","meta":{"footnotes":""},"yoast_head":"<!-- This site is optimized with the Yoast SEO Premium plugin v22.1 (Yoast SEO v22.1) - https:\/\/yoast.com\/wordpress\/plugins\/seo\/ -->\n<title>ABOUT US - Ekonomi ve Finans Uygulama ve Ara\u015ft\u0131rma Merkezi<\/title>\n<meta name=\"robots\" content=\"index, follow, max-snippet:-1, max-image-preview:large, max-video-preview:-1\" \/>\n<link rel=\"canonical\" href=\"http:\/\/ticaret.edu.tr\/ekonomi-ve-finans-uygulama-ve-arastirma-merkezi\/en\/about-us\/\" \/>\n<meta property=\"og:locale\" content=\"tr_TR\" \/>\n<meta property=\"og:type\" content=\"article\" \/>\n<meta property=\"og:title\" content=\"ABOUT US\" \/>\n<meta property=\"og:description\" content=\"Today economical and financial developments are positioned on the center of life. Understanding economy and truely evaluation of financial developments have become very significant. \u0130stanbul Commerce University Economy and Finance Management Implementation and Reserach Center has a dynamic system that follows timely economical and financial imrovements. Center realizes its activities by cooperation with public and [&hellip;]\" \/>\n<meta property=\"og:url\" content=\"http:\/\/ticaret.edu.tr\/ekonomi-ve-finans-uygulama-ve-arastirma-merkezi\/en\/about-us\/\" \/>\n<meta property=\"og:site_name\" content=\"Ekonomi ve Finans Uygulama ve Ara\u015ft\u0131rma Merkezi\" \/>\n<meta property=\"article:publisher\" content=\"https:\/\/www.facebook.com\/ticaretedutr\" \/>\n<meta property=\"article:modified_time\" content=\"2025-02-26T07:01:16+00:00\" \/>\n<meta property=\"og:image\" content=\"http:\/\/ww4.ticaret.edu.tr\/efam\/wp-content\/uploads\/sites\/37\/2017\/11\/ito-logo-1.jpg\" \/>\n<meta name=\"twitter:card\" content=\"summary_large_image\" \/>\n<meta name=\"twitter:site\" content=\"@ticaretedutr\" \/>\n<meta name=\"twitter:label1\" content=\"Tahmini okuma s\u00fcresi\" \/>\n\t<meta name=\"twitter:data1\" content=\"2 dakika\" \/>\n<script type=\"application\/ld+json\" class=\"yoast-schema-graph\">{\"@context\":\"https:\/\/schema.org\",\"@graph\":[{\"@type\":\"WebPage\",\"@id\":\"http:\/\/ticaret.edu.tr\/ekonomi-ve-finans-uygulama-ve-arastirma-merkezi\/en\/about-us\/\",\"url\":\"http:\/\/ticaret.edu.tr\/ekonomi-ve-finans-uygulama-ve-arastirma-merkezi\/en\/about-us\/\",\"name\":\"ABOUT US - Ekonomi ve Finans Uygulama ve Ara\u015ft\u0131rma Merkezi\",\"isPartOf\":{\"@id\":\"http:\/\/ticaret.edu.tr\/ekonomi-ve-finans-uygulama-ve-arastirma-merkezi\/en\/#website\"},\"datePublished\":\"2021-10-27T08:40:57+00:00\",\"dateModified\":\"2025-02-26T07:01:16+00:00\",\"breadcrumb\":{\"@id\":\"http:\/\/ticaret.edu.tr\/ekonomi-ve-finans-uygulama-ve-arastirma-merkezi\/en\/about-us\/#breadcrumb\"},\"inLanguage\":\"tr\",\"potentialAction\":[{\"@type\":\"ReadAction\",\"target\":[\"http:\/\/ticaret.edu.tr\/ekonomi-ve-finans-uygulama-ve-arastirma-merkezi\/en\/about-us\/\"]}]},{\"@type\":\"BreadcrumbList\",\"@id\":\"http:\/\/ticaret.edu.tr\/ekonomi-ve-finans-uygulama-ve-arastirma-merkezi\/en\/about-us\/#breadcrumb\",\"itemListElement\":[{\"@type\":\"ListItem\",\"position\":1,\"name\":\"Ana sayfa\",\"item\":\"https:\/\/ticaret.edu.tr\/ekonomi-ve-finans-uygulama-ve-arastirma-merkezi\/\"},{\"@type\":\"ListItem\",\"position\":2,\"name\":\"ABOUT US\"}]},{\"@type\":\"WebSite\",\"@id\":\"http:\/\/ticaret.edu.tr\/ekonomi-ve-finans-uygulama-ve-arastirma-merkezi\/en\/#website\",\"url\":\"http:\/\/ticaret.edu.tr\/ekonomi-ve-finans-uygulama-ve-arastirma-merkezi\/en\/\",\"name\":\"Ekonomi ve Finans Uygulama ve Ara\u015ft\u0131rma Merkezi\",\"description\":\"Bir ba\u015fka \u0130stanbul Ticaret \u00dcniversitesi site sitesi\",\"potentialAction\":[{\"@type\":\"SearchAction\",\"target\":{\"@type\":\"EntryPoint\",\"urlTemplate\":\"http:\/\/ticaret.edu.tr\/ekonomi-ve-finans-uygulama-ve-arastirma-merkezi\/en\/?s={search_term_string}\"},\"query-input\":\"required name=search_term_string\"}],\"inLanguage\":\"tr\"}]}<\/script>\n<!-- \/ Yoast SEO Premium plugin. -->","yoast_head_json":{"title":"ABOUT US - Ekonomi ve Finans Uygulama ve Ara\u015ft\u0131rma Merkezi","robots":{"index":"index","follow":"follow","max-snippet":"max-snippet:-1","max-image-preview":"max-image-preview:large","max-video-preview":"max-video-preview:-1"},"canonical":"http:\/\/ticaret.edu.tr\/ekonomi-ve-finans-uygulama-ve-arastirma-merkezi\/en\/about-us\/","og_locale":"tr_TR","og_type":"article","og_title":"ABOUT US","og_description":"Today economical and financial developments are positioned on the center of life. Understanding economy and truely evaluation of financial developments have become very significant. \u0130stanbul Commerce University Economy and Finance Management Implementation and Reserach Center has a dynamic system that follows timely economical and financial imrovements. Center realizes its activities by cooperation with public and [&hellip;]","og_url":"http:\/\/ticaret.edu.tr\/ekonomi-ve-finans-uygulama-ve-arastirma-merkezi\/en\/about-us\/","og_site_name":"Ekonomi ve Finans Uygulama ve Ara\u015ft\u0131rma Merkezi","article_publisher":"https:\/\/www.facebook.com\/ticaretedutr","article_modified_time":"2025-02-26T07:01:16+00:00","og_image":[{"url":"http:\/\/ww4.ticaret.edu.tr\/efam\/wp-content\/uploads\/sites\/37\/2017\/11\/ito-logo-1.jpg"}],"twitter_card":"summary_large_image","twitter_site":"@ticaretedutr","twitter_misc":{"Tahmini okuma s\u00fcresi":"2 dakika"},"schema":{"@context":"https:\/\/schema.org","@graph":[{"@type":"WebPage","@id":"http:\/\/ticaret.edu.tr\/ekonomi-ve-finans-uygulama-ve-arastirma-merkezi\/en\/about-us\/","url":"http:\/\/ticaret.edu.tr\/ekonomi-ve-finans-uygulama-ve-arastirma-merkezi\/en\/about-us\/","name":"ABOUT US - Ekonomi ve Finans Uygulama ve Ara\u015ft\u0131rma Merkezi","isPartOf":{"@id":"http:\/\/ticaret.edu.tr\/ekonomi-ve-finans-uygulama-ve-arastirma-merkezi\/en\/#website"},"datePublished":"2021-10-27T08:40:57+00:00","dateModified":"2025-02-26T07:01:16+00:00","breadcrumb":{"@id":"http:\/\/ticaret.edu.tr\/ekonomi-ve-finans-uygulama-ve-arastirma-merkezi\/en\/about-us\/#breadcrumb"},"inLanguage":"tr","potentialAction":[{"@type":"ReadAction","target":["http:\/\/ticaret.edu.tr\/ekonomi-ve-finans-uygulama-ve-arastirma-merkezi\/en\/about-us\/"]}]},{"@type":"BreadcrumbList","@id":"http:\/\/ticaret.edu.tr\/ekonomi-ve-finans-uygulama-ve-arastirma-merkezi\/en\/about-us\/#breadcrumb","itemListElement":[{"@type":"ListItem","position":1,"name":"Ana sayfa","item":"https:\/\/ticaret.edu.tr\/ekonomi-ve-finans-uygulama-ve-arastirma-merkezi\/"},{"@type":"ListItem","position":2,"name":"ABOUT US"}]},{"@type":"WebSite","@id":"http:\/\/ticaret.edu.tr\/ekonomi-ve-finans-uygulama-ve-arastirma-merkezi\/en\/#website","url":"http:\/\/ticaret.edu.tr\/ekonomi-ve-finans-uygulama-ve-arastirma-merkezi\/en\/","name":"Ekonomi ve Finans Uygulama ve Ara\u015ft\u0131rma Merkezi","description":"Bir ba\u015fka \u0130stanbul Ticaret \u00dcniversitesi site sitesi","potentialAction":[{"@type":"SearchAction","target":{"@type":"EntryPoint","urlTemplate":"http:\/\/ticaret.edu.tr\/ekonomi-ve-finans-uygulama-ve-arastirma-merkezi\/en\/?s={search_term_string}"},"query-input":"required name=search_term_string"}],"inLanguage":"tr"}]}},"lang":"en","translations":{"en":77,"tr":5},"pll_sync_post":[],"_links":{"self":[{"href":"http:\/\/ticaret.edu.tr\/ekonomi-ve-finans-uygulama-ve-arastirma-merkezi\/wp-json\/wp\/v2\/pages\/77"}],"collection":[{"href":"http:\/\/ticaret.edu.tr\/ekonomi-ve-finans-uygulama-ve-arastirma-merkezi\/wp-json\/wp\/v2\/pages"}],"about":[{"href":"http:\/\/ticaret.edu.tr\/ekonomi-ve-finans-uygulama-ve-arastirma-merkezi\/wp-json\/wp\/v2\/types\/page"}],"author":[{"embeddable":true,"href":"http:\/\/ticaret.edu.tr\/ekonomi-ve-finans-uygulama-ve-arastirma-merkezi\/wp-json\/wp\/v2\/users\/142"}],"replies":[{"embeddable":true,"href":"http:\/\/ticaret.edu.tr\/ekonomi-ve-finans-uygulama-ve-arastirma-merkezi\/wp-json\/wp\/v2\/comments?post=77"}],"version-history":[{"count":2,"href":"http:\/\/ticaret.edu.tr\/ekonomi-ve-finans-uygulama-ve-arastirma-merkezi\/wp-json\/wp\/v2\/pages\/77\/revisions"}],"predecessor-version":[{"id":119,"href":"http:\/\/ticaret.edu.tr\/ekonomi-ve-finans-uygulama-ve-arastirma-merkezi\/wp-json\/wp\/v2\/pages\/77\/revisions\/119"}],"wp:attachment":[{"href":"http:\/\/ticaret.edu.tr\/ekonomi-ve-finans-uygulama-ve-arastirma-merkezi\/wp-json\/wp\/v2\/media?parent=77"}],"curies":[{"name":"wp","href":"https:\/\/api.w.org\/{rel}","templated":true}]}}