{"id":1290,"date":"2024-05-23T13:47:36","date_gmt":"2024-05-23T10:47:36","guid":{"rendered":"https:\/\/ticaret.edu.tr\/elektrik-elektronik-muhendisligi\/?page_id=1290"},"modified":"2025-02-12T12:36:00","modified_gmt":"2025-02-12T09:36:00","slug":"projects-incentives","status":"publish","type":"page","link":"http:\/\/ticaret.edu.tr\/elektrik-elektronik-muhendisligi\/en\/projects-incentives\/","title":{"rendered":"Projects \/ Incentives"},"content":{"rendered":"<p>&nbsp;<\/p>\n<table style=\"height: 748px;\" width=\"1091\">\n<tbody>\n<tr>\n<td width=\"752\"><strong>Name of Project<\/strong><\/td>\n<td width=\"89\"><strong>Type of Project<\/strong><\/td>\n<td width=\"101\"><strong>Supporting Unit \/ Organization<\/strong><\/td>\n<td width=\"140\"><strong>Start-End Dates<\/strong><\/td>\n<\/tr>\n<tr>\n<td width=\"752\">Rumeli Hisar\u00fcst\u00fc &#8211; A\u015fiyan Funicular System Electromagnetic Impact and Compatibility Consultancy Service<\/td>\n<td width=\"89\">Research<\/td>\n<td width=\"101\">Industrial Organization<\/td>\n<td width=\"140\">2021-Continues<\/td>\n<\/tr>\n<tr>\n<td width=\"752\">Multidimensional Radio Communication Signal Analysis Platform<\/td>\n<td width=\"89\">Research<\/td>\n<td width=\"101\">Presidency of Defense Industry<\/td>\n<td width=\"140\">2018-Continues<\/td>\n<\/tr>\n<tr>\n<td width=\"752\">Machine Learning &#8211; Based Design and Operation of Next Generation Software Defined Heterogeneous Networks<\/td>\n<td width=\"89\">Research<\/td>\n<td width=\"101\">T\u00dcB\u0130TAK &#8211; QNRF<\/td>\n<td width=\"140\">2021-Continues<\/td>\n<\/tr>\n<tr>\n<td width=\"752\">Development Of Novel Machine Learning Applications For The Assessment Of Congenital and AcquiredResearch<\/td>\n<td width=\"89\">Research<\/td>\n<td width=\"101\">T\u00dcB\u0130TAK &#8211; QNRF<\/td>\n<td width=\"140\">2021-Continues<\/td>\n<\/tr>\n<tr>\n<td width=\"752\">Robotim<\/td>\n<td width=\"89\">Research<\/td>\n<td width=\"101\">Presidency of Defense Industry<\/td>\n<td width=\"140\">2020-Continues<\/td>\n<\/tr>\n<tr>\n<td width=\"752\">Proactive Fault Prediction Project based on Quality Parameters and Grid Neutral Current data at TE\u0130A\u015e Connected Main Substations<\/td>\n<td width=\"89\">Research<\/td>\n<td width=\"101\">BEDA\u015e<\/td>\n<td width=\"140\">2021-Continues<\/td>\n<\/tr>\n<tr>\n<td width=\"752\">Hardware in the Loop Based Design, Development and Verification of Multi-Agent System (MAS) Based Protection for a Smart Distribution Network<\/td>\n<td width=\"89\">Research<\/td>\n<td width=\"101\">T\u00dcB\u0130TAK<\/td>\n<td width=\"140\">2021-Continues<\/td>\n<\/tr>\n<tr>\n<td width=\"752\">Sustainable Energy Demand Side Management for Green Data Centers Greendc<\/td>\n<td width=\"89\">Research<\/td>\n<td width=\"101\">European Union (H2020) MSCA &#8211; EISE &#8211; 2016<\/td>\n<td width=\"140\">2017-Continues<\/td>\n<\/tr>\n<tr>\n<td width=\"752\">Planning of Renewable Energy Sources and Energy Storage Systems in the Power System of East Azerbaijan Province of Iran<\/td>\n<td width=\"89\">Research<\/td>\n<td width=\"101\">TUBITAK-Iran Bilateral Relations Program 119N712<\/td>\n<td width=\"140\">2020-Continues<\/td>\n<\/tr>\n<\/tbody>\n<\/table>\n<p>&nbsp;<\/p>\n","protected":false},"excerpt":{"rendered":"<p>&nbsp; Name of Project Type of Project Supporting Unit \/ Organization Start-End Dates Rumeli Hisar\u00fcst\u00fc &#8211; A\u015fiyan Funicular System Electromagnetic Impact and Compatibility Consultancy Service Research Industrial Organization 2021-Continues Multidimensional Radio Communication Signal Analysis Platform Research Presidency of Defense Industry 2018-Continues Machine Learning &#8211; Based Design and Operation of Next Generation Software Defined Heterogeneous Networks [&hellip;]<\/p>\n","protected":false},"author":203,"featured_media":0,"parent":0,"menu_order":2,"comment_status":"closed","ping_status":"closed","template":"genel_sayfa.php","meta":{"footnotes":""},"yoast_head":"<!-- This site is optimized with the Yoast SEO Premium plugin v22.1 (Yoast SEO v22.1) - https:\/\/yoast.com\/wordpress\/plugins\/seo\/ -->\n<title>Projects \/ Incentives - Elektrik Elektronik M\u00fchendisli\u011fi<\/title>\n<meta name=\"robots\" content=\"index, follow, max-snippet:-1, max-image-preview:large, max-video-preview:-1\" \/>\n<link rel=\"canonical\" href=\"http:\/\/ticaret.edu.tr\/elektrik-elektronik-muhendisligi\/en\/projects-incentives\/\" \/>\n<meta property=\"og:locale\" content=\"tr_TR\" \/>\n<meta property=\"og:type\" content=\"article\" \/>\n<meta property=\"og:title\" content=\"Projects \/ Incentives\" \/>\n<meta property=\"og:description\" content=\"&nbsp; Name of Project Type of Project Supporting Unit \/ Organization Start-End Dates Rumeli Hisar\u00fcst\u00fc &#8211; A\u015fiyan Funicular System Electromagnetic Impact and Compatibility Consultancy Service Research Industrial Organization 2021-Continues Multidimensional Radio Communication Signal Analysis Platform Research Presidency of Defense Industry 2018-Continues Machine Learning &#8211; Based Design and Operation of Next Generation Software Defined Heterogeneous Networks [&hellip;]\" \/>\n<meta property=\"og:url\" content=\"http:\/\/ticaret.edu.tr\/elektrik-elektronik-muhendisligi\/en\/projects-incentives\/\" \/>\n<meta property=\"og:site_name\" content=\"Elektrik Elektronik M\u00fchendisli\u011fi\" \/>\n<meta property=\"article:publisher\" content=\"https:\/\/www.facebook.com\/ticaretedutr\" \/>\n<meta property=\"article:modified_time\" content=\"2025-02-12T09:36:00+00:00\" \/>\n<meta property=\"og:image\" content=\"http:\/\/ticaret.edu.tr\/elektrik-elektronik-muhendisligi\/wp-content\/uploads\/sites\/20\/2021\/11\/web_logo-01.jpg\" \/>\n\t<meta property=\"og:image:width\" content=\"1250\" \/>\n\t<meta property=\"og:image:height\" content=\"833\" \/>\n\t<meta property=\"og:image:type\" content=\"image\/jpeg\" \/>\n<meta name=\"twitter:card\" content=\"summary_large_image\" \/>\n<meta name=\"twitter:site\" content=\"@ticaretedutr\" \/>\n<meta name=\"twitter:label1\" content=\"Tahmini okuma s\u00fcresi\" \/>\n\t<meta name=\"twitter:data1\" content=\"2 dakika\" \/>\n<script type=\"application\/ld+json\" class=\"yoast-schema-graph\">{\"@context\":\"https:\/\/schema.org\",\"@graph\":[{\"@type\":\"WebPage\",\"@id\":\"http:\/\/ticaret.edu.tr\/elektrik-elektronik-muhendisligi\/en\/projects-incentives\/\",\"url\":\"http:\/\/ticaret.edu.tr\/elektrik-elektronik-muhendisligi\/en\/projects-incentives\/\",\"name\":\"Projects \/ Incentives - Elektrik Elektronik M\u00fchendisli\u011fi\",\"isPartOf\":{\"@id\":\"http:\/\/ticaret.edu.tr\/elektrik-elektronik-muhendisligi\/#website\"},\"datePublished\":\"2024-05-23T10:47:36+00:00\",\"dateModified\":\"2025-02-12T09:36:00+00:00\",\"breadcrumb\":{\"@id\":\"http:\/\/ticaret.edu.tr\/elektrik-elektronik-muhendisligi\/en\/projects-incentives\/#breadcrumb\"},\"inLanguage\":\"tr\",\"potentialAction\":[{\"@type\":\"ReadAction\",\"target\":[\"http:\/\/ticaret.edu.tr\/elektrik-elektronik-muhendisligi\/en\/projects-incentives\/\"]}]},{\"@type\":\"BreadcrumbList\",\"@id\":\"http:\/\/ticaret.edu.tr\/elektrik-elektronik-muhendisligi\/en\/projects-incentives\/#breadcrumb\",\"itemListElement\":[{\"@type\":\"ListItem\",\"position\":1,\"name\":\"Ana sayfa\",\"item\":\"http:\/\/ticaret.edu.tr\/elektrik-elektronik-muhendisligi\/\"},{\"@type\":\"ListItem\",\"position\":2,\"name\":\"Projects \/ Incentives\"}]},{\"@type\":\"WebSite\",\"@id\":\"http:\/\/ticaret.edu.tr\/elektrik-elektronik-muhendisligi\/#website\",\"url\":\"http:\/\/ticaret.edu.tr\/elektrik-elektronik-muhendisligi\/\",\"name\":\"Elektrik Elektronik M\u00fchendisli\u011fi\",\"description\":\"\",\"potentialAction\":[{\"@type\":\"SearchAction\",\"target\":{\"@type\":\"EntryPoint\",\"urlTemplate\":\"http:\/\/ticaret.edu.tr\/elektrik-elektronik-muhendisligi\/?s={search_term_string}\"},\"query-input\":\"required name=search_term_string\"}],\"inLanguage\":\"tr\"}]}<\/script>\n<!-- \/ Yoast SEO Premium plugin. -->","yoast_head_json":{"title":"Projects \/ Incentives - Elektrik Elektronik M\u00fchendisli\u011fi","robots":{"index":"index","follow":"follow","max-snippet":"max-snippet:-1","max-image-preview":"max-image-preview:large","max-video-preview":"max-video-preview:-1"},"canonical":"http:\/\/ticaret.edu.tr\/elektrik-elektronik-muhendisligi\/en\/projects-incentives\/","og_locale":"tr_TR","og_type":"article","og_title":"Projects \/ Incentives","og_description":"&nbsp; Name of Project Type of Project Supporting Unit \/ Organization Start-End Dates Rumeli Hisar\u00fcst\u00fc &#8211; A\u015fiyan Funicular System Electromagnetic Impact and Compatibility Consultancy Service Research Industrial Organization 2021-Continues Multidimensional Radio Communication Signal Analysis Platform Research Presidency of Defense Industry 2018-Continues Machine Learning &#8211; Based Design and Operation of Next Generation Software Defined Heterogeneous Networks [&hellip;]","og_url":"http:\/\/ticaret.edu.tr\/elektrik-elektronik-muhendisligi\/en\/projects-incentives\/","og_site_name":"Elektrik Elektronik M\u00fchendisli\u011fi","article_publisher":"https:\/\/www.facebook.com\/ticaretedutr","article_modified_time":"2025-02-12T09:36:00+00:00","og_image":[{"width":1250,"height":833,"url":"http:\/\/ticaret.edu.tr\/elektrik-elektronik-muhendisligi\/wp-content\/uploads\/sites\/20\/2021\/11\/web_logo-01.jpg","type":"image\/jpeg"}],"twitter_card":"summary_large_image","twitter_site":"@ticaretedutr","twitter_misc":{"Tahmini okuma s\u00fcresi":"2 dakika"},"schema":{"@context":"https:\/\/schema.org","@graph":[{"@type":"WebPage","@id":"http:\/\/ticaret.edu.tr\/elektrik-elektronik-muhendisligi\/en\/projects-incentives\/","url":"http:\/\/ticaret.edu.tr\/elektrik-elektronik-muhendisligi\/en\/projects-incentives\/","name":"Projects \/ Incentives - Elektrik Elektronik M\u00fchendisli\u011fi","isPartOf":{"@id":"http:\/\/ticaret.edu.tr\/elektrik-elektronik-muhendisligi\/#website"},"datePublished":"2024-05-23T10:47:36+00:00","dateModified":"2025-02-12T09:36:00+00:00","breadcrumb":{"@id":"http:\/\/ticaret.edu.tr\/elektrik-elektronik-muhendisligi\/en\/projects-incentives\/#breadcrumb"},"inLanguage":"tr","potentialAction":[{"@type":"ReadAction","target":["http:\/\/ticaret.edu.tr\/elektrik-elektronik-muhendisligi\/en\/projects-incentives\/"]}]},{"@type":"BreadcrumbList","@id":"http:\/\/ticaret.edu.tr\/elektrik-elektronik-muhendisligi\/en\/projects-incentives\/#breadcrumb","itemListElement":[{"@type":"ListItem","position":1,"name":"Ana sayfa","item":"http:\/\/ticaret.edu.tr\/elektrik-elektronik-muhendisligi\/"},{"@type":"ListItem","position":2,"name":"Projects \/ Incentives"}]},{"@type":"WebSite","@id":"http:\/\/ticaret.edu.tr\/elektrik-elektronik-muhendisligi\/#website","url":"http:\/\/ticaret.edu.tr\/elektrik-elektronik-muhendisligi\/","name":"Elektrik Elektronik M\u00fchendisli\u011fi","description":"","potentialAction":[{"@type":"SearchAction","target":{"@type":"EntryPoint","urlTemplate":"http:\/\/ticaret.edu.tr\/elektrik-elektronik-muhendisligi\/?s={search_term_string}"},"query-input":"required name=search_term_string"}],"inLanguage":"tr"}]}},"lang":"en","translations":{"en":1290,"tr":658},"pll_sync_post":[],"_links":{"self":[{"href":"http:\/\/ticaret.edu.tr\/elektrik-elektronik-muhendisligi\/wp-json\/wp\/v2\/pages\/1290"}],"collection":[{"href":"http:\/\/ticaret.edu.tr\/elektrik-elektronik-muhendisligi\/wp-json\/wp\/v2\/pages"}],"about":[{"href":"http:\/\/ticaret.edu.tr\/elektrik-elektronik-muhendisligi\/wp-json\/wp\/v2\/types\/page"}],"author":[{"embeddable":true,"href":"http:\/\/ticaret.edu.tr\/elektrik-elektronik-muhendisligi\/wp-json\/wp\/v2\/users\/203"}],"replies":[{"embeddable":true,"href":"http:\/\/ticaret.edu.tr\/elektrik-elektronik-muhendisligi\/wp-json\/wp\/v2\/comments?post=1290"}],"version-history":[{"count":4,"href":"http:\/\/ticaret.edu.tr\/elektrik-elektronik-muhendisligi\/wp-json\/wp\/v2\/pages\/1290\/revisions"}],"predecessor-version":[{"id":1810,"href":"http:\/\/ticaret.edu.tr\/elektrik-elektronik-muhendisligi\/wp-json\/wp\/v2\/pages\/1290\/revisions\/1810"}],"wp:attachment":[{"href":"http:\/\/ticaret.edu.tr\/elektrik-elektronik-muhendisligi\/wp-json\/wp\/v2\/media?parent=1290"}],"curies":[{"name":"wp","href":"https:\/\/api.w.org\/{rel}","templated":true}]}}