{"id":1545,"date":"2025-01-26T13:59:11","date_gmt":"2025-01-26T10:59:11","guid":{"rendered":"https:\/\/ticaret.edu.tr\/elektrik-elektronik-muhendisligi\/?page_id=1545"},"modified":"2025-02-12T12:35:46","modified_gmt":"2025-02-12T09:35:46","slug":"registration-admission-requirements","status":"publish","type":"page","link":"http:\/\/ticaret.edu.tr\/elektrik-elektronik-muhendisligi\/en\/registration-admission-requirements\/","title":{"rendered":"REGISTRATION \/ ADMISSION REQUIREMENTS"},"content":{"rendered":"<p>Istanbul Ticaret University Department of Electrical-Electronics Engineering accepts students with the exam conducted by the Selection and Placement Center (\u00d6SYM) within the framework of the regulations determined by the Higher Education Council (Y\u00d6K). Students are placed in the relevant programs by \u00d6SYM according to the score they get from this exam after they declare their program preferences.<\/p>\n","protected":false},"excerpt":{"rendered":"<p>Istanbul Ticaret University Department of Electrical-Electronics Engineering accepts students with the exam conducted by the Selection and Placement Center (\u00d6SYM) within the framework of the regulations determined by the Higher Education Council (Y\u00d6K). Students are placed in the relevant programs by \u00d6SYM according to the score they get from this exam after they declare their [&hellip;]<\/p>\n","protected":false},"author":226,"featured_media":0,"parent":0,"menu_order":0,"comment_status":"closed","ping_status":"closed","template":"genel_sayfa.php","meta":{"footnotes":""},"yoast_head":"<!-- This site is optimized with the Yoast SEO Premium plugin v22.1 (Yoast SEO v22.1) - https:\/\/yoast.com\/wordpress\/plugins\/seo\/ -->\n<title>REGISTRATION \/ ADMISSION REQUIREMENTS - Elektrik Elektronik M\u00fchendisli\u011fi<\/title>\n<meta name=\"robots\" content=\"index, follow, max-snippet:-1, max-image-preview:large, max-video-preview:-1\" \/>\n<link rel=\"canonical\" href=\"http:\/\/ticaret.edu.tr\/elektrik-elektronik-muhendisligi\/en\/registration-admission-requirements\/\" \/>\n<meta property=\"og:locale\" content=\"tr_TR\" \/>\n<meta property=\"og:type\" content=\"article\" \/>\n<meta property=\"og:title\" content=\"REGISTRATION \/ ADMISSION REQUIREMENTS\" \/>\n<meta property=\"og:description\" content=\"Istanbul Ticaret University Department of Electrical-Electronics Engineering accepts students with the exam conducted by the Selection and Placement Center (\u00d6SYM) within the framework of the regulations determined by the Higher Education Council (Y\u00d6K). Students are placed in the relevant programs by \u00d6SYM according to the score they get from this exam after they declare their [&hellip;]\" \/>\n<meta property=\"og:url\" content=\"http:\/\/ticaret.edu.tr\/elektrik-elektronik-muhendisligi\/en\/registration-admission-requirements\/\" \/>\n<meta property=\"og:site_name\" content=\"Elektrik Elektronik M\u00fchendisli\u011fi\" \/>\n<meta property=\"article:publisher\" content=\"https:\/\/www.facebook.com\/ticaretedutr\" \/>\n<meta property=\"article:modified_time\" content=\"2025-02-12T09:35:46+00:00\" \/>\n<meta property=\"og:image\" content=\"http:\/\/ticaret.edu.tr\/elektrik-elektronik-muhendisligi\/wp-content\/uploads\/sites\/20\/2021\/11\/web_logo-01.jpg\" \/>\n\t<meta property=\"og:image:width\" content=\"1250\" \/>\n\t<meta property=\"og:image:height\" content=\"833\" \/>\n\t<meta property=\"og:image:type\" content=\"image\/jpeg\" \/>\n<meta name=\"twitter:card\" content=\"summary_large_image\" \/>\n<meta name=\"twitter:site\" content=\"@ticaretedutr\" \/>\n<meta name=\"twitter:label1\" content=\"Tahmini okuma s\u00fcresi\" \/>\n\t<meta name=\"twitter:data1\" content=\"1 dakika\" \/>\n<script type=\"application\/ld+json\" class=\"yoast-schema-graph\">{\"@context\":\"https:\/\/schema.org\",\"@graph\":[{\"@type\":\"WebPage\",\"@id\":\"http:\/\/ticaret.edu.tr\/elektrik-elektronik-muhendisligi\/en\/registration-admission-requirements\/\",\"url\":\"http:\/\/ticaret.edu.tr\/elektrik-elektronik-muhendisligi\/en\/registration-admission-requirements\/\",\"name\":\"REGISTRATION \/ ADMISSION REQUIREMENTS - Elektrik Elektronik M\u00fchendisli\u011fi\",\"isPartOf\":{\"@id\":\"http:\/\/ticaret.edu.tr\/elektrik-elektronik-muhendisligi\/#website\"},\"datePublished\":\"2025-01-26T10:59:11+00:00\",\"dateModified\":\"2025-02-12T09:35:46+00:00\",\"breadcrumb\":{\"@id\":\"http:\/\/ticaret.edu.tr\/elektrik-elektronik-muhendisligi\/en\/registration-admission-requirements\/#breadcrumb\"},\"inLanguage\":\"tr\",\"potentialAction\":[{\"@type\":\"ReadAction\",\"target\":[\"http:\/\/ticaret.edu.tr\/elektrik-elektronik-muhendisligi\/en\/registration-admission-requirements\/\"]}]},{\"@type\":\"BreadcrumbList\",\"@id\":\"http:\/\/ticaret.edu.tr\/elektrik-elektronik-muhendisligi\/en\/registration-admission-requirements\/#breadcrumb\",\"itemListElement\":[{\"@type\":\"ListItem\",\"position\":1,\"name\":\"Ana sayfa\",\"item\":\"http:\/\/ticaret.edu.tr\/elektrik-elektronik-muhendisligi\/\"},{\"@type\":\"ListItem\",\"position\":2,\"name\":\"REGISTRATION \/ ADMISSION REQUIREMENTS\"}]},{\"@type\":\"WebSite\",\"@id\":\"http:\/\/ticaret.edu.tr\/elektrik-elektronik-muhendisligi\/#website\",\"url\":\"http:\/\/ticaret.edu.tr\/elektrik-elektronik-muhendisligi\/\",\"name\":\"Elektrik Elektronik M\u00fchendisli\u011fi\",\"description\":\"\",\"potentialAction\":[{\"@type\":\"SearchAction\",\"target\":{\"@type\":\"EntryPoint\",\"urlTemplate\":\"http:\/\/ticaret.edu.tr\/elektrik-elektronik-muhendisligi\/?s={search_term_string}\"},\"query-input\":\"required name=search_term_string\"}],\"inLanguage\":\"tr\"}]}<\/script>\n<!-- \/ Yoast SEO Premium plugin. -->","yoast_head_json":{"title":"REGISTRATION \/ ADMISSION REQUIREMENTS - Elektrik Elektronik M\u00fchendisli\u011fi","robots":{"index":"index","follow":"follow","max-snippet":"max-snippet:-1","max-image-preview":"max-image-preview:large","max-video-preview":"max-video-preview:-1"},"canonical":"http:\/\/ticaret.edu.tr\/elektrik-elektronik-muhendisligi\/en\/registration-admission-requirements\/","og_locale":"tr_TR","og_type":"article","og_title":"REGISTRATION \/ ADMISSION REQUIREMENTS","og_description":"Istanbul Ticaret University Department of Electrical-Electronics Engineering accepts students with the exam conducted by the Selection and Placement Center (\u00d6SYM) within the framework of the regulations determined by the Higher Education Council (Y\u00d6K). Students are placed in the relevant programs by \u00d6SYM according to the score they get from this exam after they declare their [&hellip;]","og_url":"http:\/\/ticaret.edu.tr\/elektrik-elektronik-muhendisligi\/en\/registration-admission-requirements\/","og_site_name":"Elektrik Elektronik M\u00fchendisli\u011fi","article_publisher":"https:\/\/www.facebook.com\/ticaretedutr","article_modified_time":"2025-02-12T09:35:46+00:00","og_image":[{"width":1250,"height":833,"url":"http:\/\/ticaret.edu.tr\/elektrik-elektronik-muhendisligi\/wp-content\/uploads\/sites\/20\/2021\/11\/web_logo-01.jpg","type":"image\/jpeg"}],"twitter_card":"summary_large_image","twitter_site":"@ticaretedutr","twitter_misc":{"Tahmini okuma s\u00fcresi":"1 dakika"},"schema":{"@context":"https:\/\/schema.org","@graph":[{"@type":"WebPage","@id":"http:\/\/ticaret.edu.tr\/elektrik-elektronik-muhendisligi\/en\/registration-admission-requirements\/","url":"http:\/\/ticaret.edu.tr\/elektrik-elektronik-muhendisligi\/en\/registration-admission-requirements\/","name":"REGISTRATION \/ ADMISSION REQUIREMENTS - Elektrik Elektronik M\u00fchendisli\u011fi","isPartOf":{"@id":"http:\/\/ticaret.edu.tr\/elektrik-elektronik-muhendisligi\/#website"},"datePublished":"2025-01-26T10:59:11+00:00","dateModified":"2025-02-12T09:35:46+00:00","breadcrumb":{"@id":"http:\/\/ticaret.edu.tr\/elektrik-elektronik-muhendisligi\/en\/registration-admission-requirements\/#breadcrumb"},"inLanguage":"tr","potentialAction":[{"@type":"ReadAction","target":["http:\/\/ticaret.edu.tr\/elektrik-elektronik-muhendisligi\/en\/registration-admission-requirements\/"]}]},{"@type":"BreadcrumbList","@id":"http:\/\/ticaret.edu.tr\/elektrik-elektronik-muhendisligi\/en\/registration-admission-requirements\/#breadcrumb","itemListElement":[{"@type":"ListItem","position":1,"name":"Ana sayfa","item":"http:\/\/ticaret.edu.tr\/elektrik-elektronik-muhendisligi\/"},{"@type":"ListItem","position":2,"name":"REGISTRATION \/ ADMISSION REQUIREMENTS"}]},{"@type":"WebSite","@id":"http:\/\/ticaret.edu.tr\/elektrik-elektronik-muhendisligi\/#website","url":"http:\/\/ticaret.edu.tr\/elektrik-elektronik-muhendisligi\/","name":"Elektrik Elektronik M\u00fchendisli\u011fi","description":"","potentialAction":[{"@type":"SearchAction","target":{"@type":"EntryPoint","urlTemplate":"http:\/\/ticaret.edu.tr\/elektrik-elektronik-muhendisligi\/?s={search_term_string}"},"query-input":"required name=search_term_string"}],"inLanguage":"tr"}]}},"lang":"en","translations":{"tr":614,"en":1545},"pll_sync_post":[],"_links":{"self":[{"href":"http:\/\/ticaret.edu.tr\/elektrik-elektronik-muhendisligi\/wp-json\/wp\/v2\/pages\/1545"}],"collection":[{"href":"http:\/\/ticaret.edu.tr\/elektrik-elektronik-muhendisligi\/wp-json\/wp\/v2\/pages"}],"about":[{"href":"http:\/\/ticaret.edu.tr\/elektrik-elektronik-muhendisligi\/wp-json\/wp\/v2\/types\/page"}],"author":[{"embeddable":true,"href":"http:\/\/ticaret.edu.tr\/elektrik-elektronik-muhendisligi\/wp-json\/wp\/v2\/users\/226"}],"replies":[{"embeddable":true,"href":"http:\/\/ticaret.edu.tr\/elektrik-elektronik-muhendisligi\/wp-json\/wp\/v2\/comments?post=1545"}],"version-history":[{"count":3,"href":"http:\/\/ticaret.edu.tr\/elektrik-elektronik-muhendisligi\/wp-json\/wp\/v2\/pages\/1545\/revisions"}],"predecessor-version":[{"id":1811,"href":"http:\/\/ticaret.edu.tr\/elektrik-elektronik-muhendisligi\/wp-json\/wp\/v2\/pages\/1545\/revisions\/1811"}],"wp:attachment":[{"href":"http:\/\/ticaret.edu.tr\/elektrik-elektronik-muhendisligi\/wp-json\/wp\/v2\/media?parent=1545"}],"curies":[{"name":"wp","href":"https:\/\/api.w.org\/{rel}","templated":true}]}}