{"id":1583,"date":"2025-01-26T14:41:01","date_gmt":"2025-01-26T11:41:01","guid":{"rendered":"https:\/\/ticaret.edu.tr\/elektrik-elektronik-muhendisligi\/?page_id=1583"},"modified":"2025-12-23T09:54:44","modified_gmt":"2025-12-23T06:54:44","slug":"departments-advisory-board","status":"publish","type":"page","link":"http:\/\/ticaret.edu.tr\/elektrik-elektronik-muhendisligi\/en\/departments-advisory-board\/","title":{"rendered":"Department\u2019s Advisory Board"},"content":{"rendered":"<ul data-start=\"82\" data-end=\"262\" data-is-last-node=\"\" data-is-only-node=\"\">\n<li data-start=\"82\" data-end=\"133\">\n<p data-start=\"34\" data-end=\"80\"><strong>ELECTRICAL AND ELECTRONICS ENGINEERING DEPARTMENT COUNCIL MEMBERS<\/strong><\/p>\n<table width=\"766\">\n<tbody>\n<tr>\n<td colspan=\"4\" width=\"766\">Members of the Department Advisory Board<\/td>\n<\/tr>\n<tr>\n<td colspan=\"4\" width=\"766\">Department Head<\/td>\n<\/tr>\n<tr>\n<td colspan=\"4\" width=\"766\">Department Faculty Members<\/td>\n<\/tr>\n<tr>\n<td colspan=\"4\" width=\"766\">Department Quality Representative<\/td>\n<\/tr>\n<tr>\n<td colspan=\"4\" width=\"766\">Department Student Representative<\/td>\n<\/tr>\n<tr>\n<td colspan=\"4\" width=\"766\">Department Advisory Board Members (External Members)<\/td>\n<\/tr>\n<tr>\n<td width=\"39\">Serial Number<\/td>\n<td width=\"212\">First Name-Last Name<\/td>\n<td width=\"222\">The institution<\/td>\n<td width=\"293\">Duty<\/td>\n<\/tr>\n<tr>\n<td width=\"39\">1<\/td>\n<td width=\"212\">Murat Erat<\/td>\n<td width=\"222\">Ortem Elektronik A.\u015e.<\/td>\n<td width=\"293\">Elektrik-Elektronik M\u00fch., Firma Sahibi<\/td>\n<\/tr>\n<tr>\n<td width=\"39\">2<\/td>\n<td width=\"212\">Halil Atay<\/td>\n<td width=\"222\">EMO Temsilcisi<\/td>\n<td width=\"293\">Elektrik-Elektronik M\u00fch., Firma Sahibi<\/td>\n<\/tr>\n<tr>\n<td width=\"39\">3<\/td>\n<td width=\"212\">Erol Demiralay<\/td>\n<td width=\"222\">ENTEK. A. \u015e.<\/td>\n<td width=\"293\">Elektrik-Elektronik M\u00fch., Firma Sahibi<\/td>\n<\/tr>\n<tr>\n<td width=\"39\">4<\/td>\n<td width=\"212\">Erol Topuz<\/td>\n<td width=\"222\">Golden Trophy Capital<\/td>\n<td width=\"293\">Elektrik-Elektronik M\u00fch.<\/td>\n<\/tr>\n<tr>\n<td width=\"39\">5<\/td>\n<td width=\"212\">Abd\u00fclkadir Bal\u0131k\u00e7\u0131<\/td>\n<td width=\"222\">TENMAK<\/td>\n<td width=\"293\">Elektrik M\u00fch., Y\u00f6netici<\/td>\n<\/tr>\n<tr>\n<td width=\"39\">6<\/td>\n<td width=\"212\">Sedat S\u00fcnter<\/td>\n<td width=\"222\">At\u0131l\u0131m \u00dcniversitesi<\/td>\n<td width=\"293\">Elektrik-Elektronik M\u00fch. B\u00f6l. \u00d6\u011fretim \u00dcyesi<\/td>\n<\/tr>\n<tr>\n<td width=\"39\">7<\/td>\n<td width=\"212\">Yusuf Karaca<\/td>\n<td width=\"222\">Neutec \u0130la\u00e7 Sanayii T.A.\u015e<\/td>\n<td width=\"293\">Elektrik-Elektronik M\u00fch.<\/td>\n<\/tr>\n<tr>\n<td width=\"39\">8<\/td>\n<td width=\"212\">Tayfun Acarer<\/td>\n<td width=\"222\">\u0130stanbul Bilgi \u00dcniversitesi<\/td>\n<td width=\"293\">Elektronik ve Haberle\u015fme M\u00fch. \u00d6\u011fretim \u00dcyesi<\/td>\n<\/tr>\n<tr>\n<td width=\"39\">9<\/td>\n<td width=\"212\">Prof. Dr. Yunus Emre Erdemli<\/td>\n<td>Kocaeli \u00dcniversitesi<\/td>\n<td width=\"293\">Biyomedikal M\u00fchendisli\u011fi, \u00d6\u011fretim \u00dcyesi<\/td>\n<\/tr>\n<tr>\n<td width=\"39\">10<\/td>\n<td width=\"212\">Yakup G\u00fclmez<\/td>\n<td width=\"222\">Gentek Elektronik<\/td>\n<td width=\"293\">Elektrik-Elektronik M\u00fch., Ar-Ge M\u00fcd\u00fcr\u00fc<\/td>\n<\/tr>\n<tr>\n<td width=\"39\">11<\/td>\n<td>Dr. \u0130brahim \u00d6l\u00e7er<\/td>\n<td width=\"222\">\u0130nsigma Engineering<\/td>\n<td width=\"293\">Elektrik-Elektronik M\u00fch., Genel M\u00fcd\u00fcr<\/td>\n<\/tr>\n<tr>\n<td width=\"39\">12<\/td>\n<td width=\"212\">Dr. Ali G\u00f6r\u00e7in<\/td>\n<td width=\"222\">T\u00dcB\u0130TAK B\u0130LGEM<\/td>\n<td width=\"293\">Elektrik-Elektronik M\u00fch., Ba\u015fkan<\/td>\n<\/tr>\n<\/tbody>\n<\/table>\n<\/li>\n<\/ul>\n<p><a href=\"https:\/\/ticaret.edu.tr\/elektrik-elektronik-muhendisligi\/en\/departments-advisory-board\/iticu_eee_danisma_kurulu_tutanak_09_05_2025_imzali-2\/\" rel=\"attachment wp-att-2133\">2025 External Stakeholder Quality Meeting Minutes<\/a><\/p>\n<p><a href=\"https:\/\/ticaret.edu.tr\/elektrik-elektronik-muhendisligi\/en\/departments-advisory-board\/elektrik-elektronik-muh-kalite-komisyon-tutanagi-2\/\" rel=\"attachment wp-att-2134\">2025 Department Quality Commission Meeting Minutes<\/a><\/p>\n","protected":false},"excerpt":{"rendered":"<p>ELECTRICAL AND ELECTRONICS ENGINEERING DEPARTMENT COUNCIL MEMBERS Members of the Department Advisory Board Department Head Department Faculty Members Department Quality Representative Department Student Representative Department Advisory Board Members (External Members) Serial Number First Name-Last Name The institution Duty 1 Murat Erat Ortem Elektronik A.\u015e. Elektrik-Elektronik M\u00fch., Firma Sahibi 2 Halil Atay EMO Temsilcisi Elektrik-Elektronik M\u00fch., [&hellip;]<\/p>\n","protected":false},"author":226,"featured_media":0,"parent":0,"menu_order":0,"comment_status":"closed","ping_status":"closed","template":"genel_sayfa.php","meta":{"footnotes":""},"yoast_head":"<!-- This site is optimized with the Yoast SEO Premium plugin v22.1 (Yoast SEO v22.1) - https:\/\/yoast.com\/wordpress\/plugins\/seo\/ -->\n<title>Department\u2019s Advisory Board - Elektrik Elektronik M\u00fchendisli\u011fi<\/title>\n<meta name=\"robots\" content=\"index, follow, max-snippet:-1, max-image-preview:large, max-video-preview:-1\" \/>\n<link rel=\"canonical\" href=\"http:\/\/ticaret.edu.tr\/elektrik-elektronik-muhendisligi\/en\/departments-advisory-board\/\" \/>\n<meta property=\"og:locale\" content=\"tr_TR\" \/>\n<meta property=\"og:type\" content=\"article\" \/>\n<meta property=\"og:title\" content=\"Department\u2019s Advisory Board\" \/>\n<meta property=\"og:description\" content=\"ELECTRICAL AND ELECTRONICS ENGINEERING DEPARTMENT COUNCIL MEMBERS Members of the Department Advisory Board Department Head Department Faculty Members Department Quality Representative Department Student Representative Department Advisory Board Members (External Members) Serial Number First Name-Last Name The institution Duty 1 Murat Erat Ortem Elektronik A.\u015e. Elektrik-Elektronik M\u00fch., Firma Sahibi 2 Halil Atay EMO Temsilcisi Elektrik-Elektronik M\u00fch., [&hellip;]\" \/>\n<meta property=\"og:url\" content=\"http:\/\/ticaret.edu.tr\/elektrik-elektronik-muhendisligi\/en\/departments-advisory-board\/\" \/>\n<meta property=\"og:site_name\" content=\"Elektrik Elektronik M\u00fchendisli\u011fi\" \/>\n<meta property=\"article:publisher\" content=\"https:\/\/www.facebook.com\/ticaretedutr\" \/>\n<meta property=\"article:modified_time\" content=\"2025-12-23T06:54:44+00:00\" \/>\n<meta property=\"og:image\" content=\"http:\/\/ticaret.edu.tr\/elektrik-elektronik-muhendisligi\/wp-content\/uploads\/sites\/20\/2021\/11\/web_logo-01.jpg\" \/>\n\t<meta property=\"og:image:width\" content=\"1250\" \/>\n\t<meta property=\"og:image:height\" content=\"833\" \/>\n\t<meta property=\"og:image:type\" content=\"image\/jpeg\" \/>\n<meta name=\"twitter:card\" content=\"summary_large_image\" \/>\n<meta name=\"twitter:site\" content=\"@ticaretedutr\" \/>\n<meta name=\"twitter:label1\" content=\"Tahmini okuma s\u00fcresi\" \/>\n\t<meta name=\"twitter:data1\" content=\"1 dakika\" \/>\n<script type=\"application\/ld+json\" class=\"yoast-schema-graph\">{\"@context\":\"https:\/\/schema.org\",\"@graph\":[{\"@type\":\"WebPage\",\"@id\":\"http:\/\/ticaret.edu.tr\/elektrik-elektronik-muhendisligi\/en\/departments-advisory-board\/\",\"url\":\"http:\/\/ticaret.edu.tr\/elektrik-elektronik-muhendisligi\/en\/departments-advisory-board\/\",\"name\":\"Department\u2019s Advisory Board - Elektrik Elektronik M\u00fchendisli\u011fi\",\"isPartOf\":{\"@id\":\"http:\/\/ticaret.edu.tr\/elektrik-elektronik-muhendisligi\/#website\"},\"datePublished\":\"2025-01-26T11:41:01+00:00\",\"dateModified\":\"2025-12-23T06:54:44+00:00\",\"breadcrumb\":{\"@id\":\"http:\/\/ticaret.edu.tr\/elektrik-elektronik-muhendisligi\/en\/departments-advisory-board\/#breadcrumb\"},\"inLanguage\":\"tr\",\"potentialAction\":[{\"@type\":\"ReadAction\",\"target\":[\"http:\/\/ticaret.edu.tr\/elektrik-elektronik-muhendisligi\/en\/departments-advisory-board\/\"]}]},{\"@type\":\"BreadcrumbList\",\"@id\":\"http:\/\/ticaret.edu.tr\/elektrik-elektronik-muhendisligi\/en\/departments-advisory-board\/#breadcrumb\",\"itemListElement\":[{\"@type\":\"ListItem\",\"position\":1,\"name\":\"Ana sayfa\",\"item\":\"http:\/\/ticaret.edu.tr\/elektrik-elektronik-muhendisligi\/\"},{\"@type\":\"ListItem\",\"position\":2,\"name\":\"Department\u2019s Advisory Board\"}]},{\"@type\":\"WebSite\",\"@id\":\"http:\/\/ticaret.edu.tr\/elektrik-elektronik-muhendisligi\/#website\",\"url\":\"http:\/\/ticaret.edu.tr\/elektrik-elektronik-muhendisligi\/\",\"name\":\"Elektrik Elektronik M\u00fchendisli\u011fi\",\"description\":\"\",\"potentialAction\":[{\"@type\":\"SearchAction\",\"target\":{\"@type\":\"EntryPoint\",\"urlTemplate\":\"http:\/\/ticaret.edu.tr\/elektrik-elektronik-muhendisligi\/?s={search_term_string}\"},\"query-input\":\"required name=search_term_string\"}],\"inLanguage\":\"tr\"}]}<\/script>\n<!-- \/ Yoast SEO Premium plugin. -->","yoast_head_json":{"title":"Department\u2019s Advisory Board - Elektrik Elektronik M\u00fchendisli\u011fi","robots":{"index":"index","follow":"follow","max-snippet":"max-snippet:-1","max-image-preview":"max-image-preview:large","max-video-preview":"max-video-preview:-1"},"canonical":"http:\/\/ticaret.edu.tr\/elektrik-elektronik-muhendisligi\/en\/departments-advisory-board\/","og_locale":"tr_TR","og_type":"article","og_title":"Department\u2019s Advisory Board","og_description":"ELECTRICAL AND ELECTRONICS ENGINEERING DEPARTMENT COUNCIL MEMBERS Members of the Department Advisory Board Department Head Department Faculty Members Department Quality Representative Department Student Representative Department Advisory Board Members (External Members) Serial Number First Name-Last Name The institution Duty 1 Murat Erat Ortem Elektronik A.\u015e. Elektrik-Elektronik M\u00fch., Firma Sahibi 2 Halil Atay EMO Temsilcisi Elektrik-Elektronik M\u00fch., [&hellip;]","og_url":"http:\/\/ticaret.edu.tr\/elektrik-elektronik-muhendisligi\/en\/departments-advisory-board\/","og_site_name":"Elektrik Elektronik M\u00fchendisli\u011fi","article_publisher":"https:\/\/www.facebook.com\/ticaretedutr","article_modified_time":"2025-12-23T06:54:44+00:00","og_image":[{"width":1250,"height":833,"url":"http:\/\/ticaret.edu.tr\/elektrik-elektronik-muhendisligi\/wp-content\/uploads\/sites\/20\/2021\/11\/web_logo-01.jpg","type":"image\/jpeg"}],"twitter_card":"summary_large_image","twitter_site":"@ticaretedutr","twitter_misc":{"Tahmini okuma s\u00fcresi":"1 dakika"},"schema":{"@context":"https:\/\/schema.org","@graph":[{"@type":"WebPage","@id":"http:\/\/ticaret.edu.tr\/elektrik-elektronik-muhendisligi\/en\/departments-advisory-board\/","url":"http:\/\/ticaret.edu.tr\/elektrik-elektronik-muhendisligi\/en\/departments-advisory-board\/","name":"Department\u2019s Advisory Board - Elektrik Elektronik M\u00fchendisli\u011fi","isPartOf":{"@id":"http:\/\/ticaret.edu.tr\/elektrik-elektronik-muhendisligi\/#website"},"datePublished":"2025-01-26T11:41:01+00:00","dateModified":"2025-12-23T06:54:44+00:00","breadcrumb":{"@id":"http:\/\/ticaret.edu.tr\/elektrik-elektronik-muhendisligi\/en\/departments-advisory-board\/#breadcrumb"},"inLanguage":"tr","potentialAction":[{"@type":"ReadAction","target":["http:\/\/ticaret.edu.tr\/elektrik-elektronik-muhendisligi\/en\/departments-advisory-board\/"]}]},{"@type":"BreadcrumbList","@id":"http:\/\/ticaret.edu.tr\/elektrik-elektronik-muhendisligi\/en\/departments-advisory-board\/#breadcrumb","itemListElement":[{"@type":"ListItem","position":1,"name":"Ana sayfa","item":"http:\/\/ticaret.edu.tr\/elektrik-elektronik-muhendisligi\/"},{"@type":"ListItem","position":2,"name":"Department\u2019s Advisory Board"}]},{"@type":"WebSite","@id":"http:\/\/ticaret.edu.tr\/elektrik-elektronik-muhendisligi\/#website","url":"http:\/\/ticaret.edu.tr\/elektrik-elektronik-muhendisligi\/","name":"Elektrik Elektronik M\u00fchendisli\u011fi","description":"","potentialAction":[{"@type":"SearchAction","target":{"@type":"EntryPoint","urlTemplate":"http:\/\/ticaret.edu.tr\/elektrik-elektronik-muhendisligi\/?s={search_term_string}"},"query-input":"required name=search_term_string"}],"inLanguage":"tr"}]}},"lang":"en","translations":{"en":1583,"tr":1524},"pll_sync_post":[],"_links":{"self":[{"href":"http:\/\/ticaret.edu.tr\/elektrik-elektronik-muhendisligi\/wp-json\/wp\/v2\/pages\/1583"}],"collection":[{"href":"http:\/\/ticaret.edu.tr\/elektrik-elektronik-muhendisligi\/wp-json\/wp\/v2\/pages"}],"about":[{"href":"http:\/\/ticaret.edu.tr\/elektrik-elektronik-muhendisligi\/wp-json\/wp\/v2\/types\/page"}],"author":[{"embeddable":true,"href":"http:\/\/ticaret.edu.tr\/elektrik-elektronik-muhendisligi\/wp-json\/wp\/v2\/users\/226"}],"replies":[{"embeddable":true,"href":"http:\/\/ticaret.edu.tr\/elektrik-elektronik-muhendisligi\/wp-json\/wp\/v2\/comments?post=1583"}],"version-history":[{"count":6,"href":"http:\/\/ticaret.edu.tr\/elektrik-elektronik-muhendisligi\/wp-json\/wp\/v2\/pages\/1583\/revisions"}],"predecessor-version":[{"id":2137,"href":"http:\/\/ticaret.edu.tr\/elektrik-elektronik-muhendisligi\/wp-json\/wp\/v2\/pages\/1583\/revisions\/2137"}],"wp:attachment":[{"href":"http:\/\/ticaret.edu.tr\/elektrik-elektronik-muhendisligi\/wp-json\/wp\/v2\/media?parent=1583"}],"curies":[{"name":"wp","href":"https:\/\/api.w.org\/{rel}","templated":true}]}}