{"id":1780,"date":"2025-02-12T10:21:54","date_gmt":"2025-02-12T07:21:54","guid":{"rendered":"https:\/\/ticaret.edu.tr\/elektrik-elektronik-muhendisligi\/?page_id=1780"},"modified":"2025-09-29T09:04:32","modified_gmt":"2025-09-29T06:04:32","slug":"department-boards-and-committees","status":"publish","type":"page","link":"http:\/\/ticaret.edu.tr\/elektrik-elektronik-muhendisligi\/en\/department-boards-and-committees\/","title":{"rendered":"Department Boards and Committees"},"content":{"rendered":"<table>\n<tbody>\n<tr>\n<td><strong>Adjustment Commission<\/strong><\/p>\n<ul>\n<li>Prof. Dr. Fatih \u00dcst\u00fcner (Chair)<\/li>\n<li>Prof. Dr. Nedim Tutkun (Member)<\/li>\n<li>Prof. Dr. Mehmet Sezgin (Member)<\/li>\n<li>Research Assistant Aynur Tuba \u00c7akmak (Rapporteur)<\/li>\n<\/ul>\n<p><strong>Double Major and Minor Commission<\/strong><\/p>\n<ul>\n<li>Prof. Dr. Fatih \u00dcst\u00fcner (Chair)<\/li>\n<li>Prof. Dr. Nedim Tutkun (Member)<\/li>\n<li>Prof. Dr. Mehmet Sezgin (Member)<\/li>\n<li>Research Assistant Aynur Tuba \u00c7akmak (Rapporteur)<\/li>\n<\/ul>\n<p><strong>Accreditation Commission<\/strong><\/p>\n<ul>\n<li>Prof. Dr. Fatih \u00dcst\u00fcner (Chair)<\/li>\n<li>Prof. Dr. Nedim Tutkun (Member)<\/li>\n<li>Prof. Dr. Mehmet Sezgin (Member)<\/li>\n<li>Research Assistant Aynur Tuba \u00c7akmak (Rapporteur)<\/li>\n<\/ul>\n<p><strong>Curriculum Commission<\/strong><\/p>\n<ul>\n<li>Prof. Dr. Fatih \u00dcst\u00fcner (Chair)<\/li>\n<li>Prof. Dr. Nedim Tutkun (Member)<\/li>\n<li>Prof. Dr. Mehmet Sezgin (Member)<\/li>\n<li>Assistant Professor Esra \u00c7elik (Member)<\/li>\n<\/ul>\n<p><strong>Quality Commission<\/strong><\/p>\n<ul>\n<li>Prof. Dr. Fatih \u00dcst\u00fcner (Chair)<\/li>\n<li>Prof. Dr. Nedim Tutkun (Member)<\/li>\n<li>Prof. Dr. Mehmet Sezgin (Member-Quality Ambassador)<br \/>\nStudent Representative M\u0131sra Baran (Member)<\/li>\n<\/ul>\n<p><strong>Internship Commission<\/strong><\/p>\n<ul>\n<li>Prof. Dr. Mehmet Sezgin (Chair)<\/li>\n<li>Prof. Dr. Nedim Tutkun (Member)<\/li>\n<li>Assistant Professor Esra \u00c7elik(Member)<\/li>\n<li>Research Assistant Fatih Yi\u011fit (Rapporteur)<\/li>\n<\/ul>\n<p><strong>Graduation Projects Commission<\/strong><\/p>\n<ul>\n<li>Prof. Dr. Nedim Tutkun (Member)<\/li>\n<li>Prof. Dr. Mehmet Sezgin (Chair)<\/li>\n<li>Assistant Professor Esra \u00c7elik(Member)<\/li>\n<li>Research Assistant Fatih Yi\u011fit (Rapporteur)<\/li>\n<\/ul>\n<p><strong>Erasmus, Farabi, Mevlana, Orhun Programs Advisor<\/strong><\/p>\n<ul>\n<li>Prof. Dr. Mehmet Sezgin<\/li>\n<\/ul>\n<p><strong>Undergraduate Exam Program Coordinator<\/strong><\/p>\n<ul>\n<li>Research Assistant Fatih Yi\u011fit<\/li>\n<\/ul>\n<p><strong>Department Website Coordinator<\/strong><\/p>\n<ul>\n<li>Research Assistant Aynur Tuba \u00c7akmak<\/li>\n<\/ul>\n<\/td>\n<\/tr>\n<\/tbody>\n<\/table>\n","protected":false},"excerpt":{"rendered":"<p>Adjustment Commission Prof. Dr. Fatih \u00dcst\u00fcner (Chair) Prof. Dr. Nedim Tutkun (Member) Prof. Dr. Mehmet Sezgin (Member) Research Assistant Aynur Tuba \u00c7akmak (Rapporteur) Double Major and Minor Commission Prof. Dr. Fatih \u00dcst\u00fcner (Chair) Prof. Dr. Nedim Tutkun (Member) Prof. Dr. Mehmet Sezgin (Member) Research Assistant Aynur Tuba \u00c7akmak (Rapporteur) Accreditation Commission Prof. Dr. Fatih \u00dcst\u00fcner [&hellip;]<\/p>\n","protected":false},"author":228,"featured_media":0,"parent":0,"menu_order":0,"comment_status":"closed","ping_status":"closed","template":"genel_sayfa.php","meta":{"footnotes":""},"yoast_head":"<!-- This site is optimized with the Yoast SEO Premium plugin v22.1 (Yoast SEO v22.1) - https:\/\/yoast.com\/wordpress\/plugins\/seo\/ -->\n<title>Department Boards and Committees - Elektrik Elektronik M\u00fchendisli\u011fi<\/title>\n<meta name=\"robots\" content=\"index, follow, max-snippet:-1, max-image-preview:large, max-video-preview:-1\" \/>\n<link rel=\"canonical\" href=\"http:\/\/ticaret.edu.tr\/elektrik-elektronik-muhendisligi\/en\/department-boards-and-committees\/\" \/>\n<meta property=\"og:locale\" content=\"tr_TR\" \/>\n<meta property=\"og:type\" content=\"article\" \/>\n<meta property=\"og:title\" content=\"Department Boards and Committees\" \/>\n<meta property=\"og:description\" content=\"Adjustment Commission Prof. Dr. Fatih \u00dcst\u00fcner (Chair) Prof. Dr. Nedim Tutkun (Member) Prof. Dr. Mehmet Sezgin (Member) Research Assistant Aynur Tuba \u00c7akmak (Rapporteur) Double Major and Minor Commission Prof. Dr. Fatih \u00dcst\u00fcner (Chair) Prof. Dr. Nedim Tutkun (Member) Prof. Dr. Mehmet Sezgin (Member) Research Assistant Aynur Tuba \u00c7akmak (Rapporteur) Accreditation Commission Prof. Dr. Fatih \u00dcst\u00fcner [&hellip;]\" \/>\n<meta property=\"og:url\" content=\"http:\/\/ticaret.edu.tr\/elektrik-elektronik-muhendisligi\/en\/department-boards-and-committees\/\" \/>\n<meta property=\"og:site_name\" content=\"Elektrik Elektronik M\u00fchendisli\u011fi\" \/>\n<meta property=\"article:publisher\" content=\"https:\/\/www.facebook.com\/ticaretedutr\" \/>\n<meta property=\"article:modified_time\" content=\"2025-09-29T06:04:32+00:00\" \/>\n<meta property=\"og:image\" content=\"http:\/\/ticaret.edu.tr\/elektrik-elektronik-muhendisligi\/wp-content\/uploads\/sites\/20\/2021\/11\/web_logo-01.jpg\" \/>\n\t<meta property=\"og:image:width\" content=\"1250\" \/>\n\t<meta property=\"og:image:height\" content=\"833\" \/>\n\t<meta property=\"og:image:type\" content=\"image\/jpeg\" \/>\n<meta name=\"twitter:card\" content=\"summary_large_image\" \/>\n<meta name=\"twitter:site\" content=\"@ticaretedutr\" \/>\n<meta name=\"twitter:label1\" content=\"Tahmini okuma s\u00fcresi\" \/>\n\t<meta name=\"twitter:data1\" content=\"2 dakika\" \/>\n<script type=\"application\/ld+json\" class=\"yoast-schema-graph\">{\"@context\":\"https:\/\/schema.org\",\"@graph\":[{\"@type\":\"WebPage\",\"@id\":\"http:\/\/ticaret.edu.tr\/elektrik-elektronik-muhendisligi\/en\/department-boards-and-committees\/\",\"url\":\"http:\/\/ticaret.edu.tr\/elektrik-elektronik-muhendisligi\/en\/department-boards-and-committees\/\",\"name\":\"Department Boards and Committees - Elektrik Elektronik M\u00fchendisli\u011fi\",\"isPartOf\":{\"@id\":\"http:\/\/ticaret.edu.tr\/elektrik-elektronik-muhendisligi\/#website\"},\"datePublished\":\"2025-02-12T07:21:54+00:00\",\"dateModified\":\"2025-09-29T06:04:32+00:00\",\"breadcrumb\":{\"@id\":\"http:\/\/ticaret.edu.tr\/elektrik-elektronik-muhendisligi\/en\/department-boards-and-committees\/#breadcrumb\"},\"inLanguage\":\"tr\",\"potentialAction\":[{\"@type\":\"ReadAction\",\"target\":[\"http:\/\/ticaret.edu.tr\/elektrik-elektronik-muhendisligi\/en\/department-boards-and-committees\/\"]}]},{\"@type\":\"BreadcrumbList\",\"@id\":\"http:\/\/ticaret.edu.tr\/elektrik-elektronik-muhendisligi\/en\/department-boards-and-committees\/#breadcrumb\",\"itemListElement\":[{\"@type\":\"ListItem\",\"position\":1,\"name\":\"Ana sayfa\",\"item\":\"http:\/\/ticaret.edu.tr\/elektrik-elektronik-muhendisligi\/\"},{\"@type\":\"ListItem\",\"position\":2,\"name\":\"Department Boards and Committees\"}]},{\"@type\":\"WebSite\",\"@id\":\"http:\/\/ticaret.edu.tr\/elektrik-elektronik-muhendisligi\/#website\",\"url\":\"http:\/\/ticaret.edu.tr\/elektrik-elektronik-muhendisligi\/\",\"name\":\"Elektrik Elektronik M\u00fchendisli\u011fi\",\"description\":\"\",\"potentialAction\":[{\"@type\":\"SearchAction\",\"target\":{\"@type\":\"EntryPoint\",\"urlTemplate\":\"http:\/\/ticaret.edu.tr\/elektrik-elektronik-muhendisligi\/?s={search_term_string}\"},\"query-input\":\"required name=search_term_string\"}],\"inLanguage\":\"tr\"}]}<\/script>\n<!-- \/ Yoast SEO Premium plugin. -->","yoast_head_json":{"title":"Department Boards and Committees - Elektrik Elektronik M\u00fchendisli\u011fi","robots":{"index":"index","follow":"follow","max-snippet":"max-snippet:-1","max-image-preview":"max-image-preview:large","max-video-preview":"max-video-preview:-1"},"canonical":"http:\/\/ticaret.edu.tr\/elektrik-elektronik-muhendisligi\/en\/department-boards-and-committees\/","og_locale":"tr_TR","og_type":"article","og_title":"Department Boards and Committees","og_description":"Adjustment Commission Prof. Dr. Fatih \u00dcst\u00fcner (Chair) Prof. Dr. Nedim Tutkun (Member) Prof. Dr. Mehmet Sezgin (Member) Research Assistant Aynur Tuba \u00c7akmak (Rapporteur) Double Major and Minor Commission Prof. Dr. Fatih \u00dcst\u00fcner (Chair) Prof. Dr. Nedim Tutkun (Member) Prof. Dr. Mehmet Sezgin (Member) Research Assistant Aynur Tuba \u00c7akmak (Rapporteur) Accreditation Commission Prof. Dr. Fatih \u00dcst\u00fcner [&hellip;]","og_url":"http:\/\/ticaret.edu.tr\/elektrik-elektronik-muhendisligi\/en\/department-boards-and-committees\/","og_site_name":"Elektrik Elektronik M\u00fchendisli\u011fi","article_publisher":"https:\/\/www.facebook.com\/ticaretedutr","article_modified_time":"2025-09-29T06:04:32+00:00","og_image":[{"width":1250,"height":833,"url":"http:\/\/ticaret.edu.tr\/elektrik-elektronik-muhendisligi\/wp-content\/uploads\/sites\/20\/2021\/11\/web_logo-01.jpg","type":"image\/jpeg"}],"twitter_card":"summary_large_image","twitter_site":"@ticaretedutr","twitter_misc":{"Tahmini okuma s\u00fcresi":"2 dakika"},"schema":{"@context":"https:\/\/schema.org","@graph":[{"@type":"WebPage","@id":"http:\/\/ticaret.edu.tr\/elektrik-elektronik-muhendisligi\/en\/department-boards-and-committees\/","url":"http:\/\/ticaret.edu.tr\/elektrik-elektronik-muhendisligi\/en\/department-boards-and-committees\/","name":"Department Boards and Committees - Elektrik Elektronik M\u00fchendisli\u011fi","isPartOf":{"@id":"http:\/\/ticaret.edu.tr\/elektrik-elektronik-muhendisligi\/#website"},"datePublished":"2025-02-12T07:21:54+00:00","dateModified":"2025-09-29T06:04:32+00:00","breadcrumb":{"@id":"http:\/\/ticaret.edu.tr\/elektrik-elektronik-muhendisligi\/en\/department-boards-and-committees\/#breadcrumb"},"inLanguage":"tr","potentialAction":[{"@type":"ReadAction","target":["http:\/\/ticaret.edu.tr\/elektrik-elektronik-muhendisligi\/en\/department-boards-and-committees\/"]}]},{"@type":"BreadcrumbList","@id":"http:\/\/ticaret.edu.tr\/elektrik-elektronik-muhendisligi\/en\/department-boards-and-committees\/#breadcrumb","itemListElement":[{"@type":"ListItem","position":1,"name":"Ana sayfa","item":"http:\/\/ticaret.edu.tr\/elektrik-elektronik-muhendisligi\/"},{"@type":"ListItem","position":2,"name":"Department Boards and Committees"}]},{"@type":"WebSite","@id":"http:\/\/ticaret.edu.tr\/elektrik-elektronik-muhendisligi\/#website","url":"http:\/\/ticaret.edu.tr\/elektrik-elektronik-muhendisligi\/","name":"Elektrik Elektronik M\u00fchendisli\u011fi","description":"","potentialAction":[{"@type":"SearchAction","target":{"@type":"EntryPoint","urlTemplate":"http:\/\/ticaret.edu.tr\/elektrik-elektronik-muhendisligi\/?s={search_term_string}"},"query-input":"required name=search_term_string"}],"inLanguage":"tr"}]}},"lang":"en","translations":{"tr":594,"en":1780},"pll_sync_post":[],"_links":{"self":[{"href":"http:\/\/ticaret.edu.tr\/elektrik-elektronik-muhendisligi\/wp-json\/wp\/v2\/pages\/1780"}],"collection":[{"href":"http:\/\/ticaret.edu.tr\/elektrik-elektronik-muhendisligi\/wp-json\/wp\/v2\/pages"}],"about":[{"href":"http:\/\/ticaret.edu.tr\/elektrik-elektronik-muhendisligi\/wp-json\/wp\/v2\/types\/page"}],"author":[{"embeddable":true,"href":"http:\/\/ticaret.edu.tr\/elektrik-elektronik-muhendisligi\/wp-json\/wp\/v2\/users\/228"}],"replies":[{"embeddable":true,"href":"http:\/\/ticaret.edu.tr\/elektrik-elektronik-muhendisligi\/wp-json\/wp\/v2\/comments?post=1780"}],"version-history":[{"count":6,"href":"http:\/\/ticaret.edu.tr\/elektrik-elektronik-muhendisligi\/wp-json\/wp\/v2\/pages\/1780\/revisions"}],"predecessor-version":[{"id":2090,"href":"http:\/\/ticaret.edu.tr\/elektrik-elektronik-muhendisligi\/wp-json\/wp\/v2\/pages\/1780\/revisions\/2090"}],"wp:attachment":[{"href":"http:\/\/ticaret.edu.tr\/elektrik-elektronik-muhendisligi\/wp-json\/wp\/v2\/media?parent=1780"}],"curies":[{"name":"wp","href":"https:\/\/api.w.org\/{rel}","templated":true}]}}