{"id":302,"date":"2022-01-04T13:51:55","date_gmt":"2022-01-04T10:51:55","guid":{"rendered":"https:\/\/ticaret.edu.tr\/elektrik-elektronik-muhendisligi\/?page_id=302"},"modified":"2025-02-12T12:35:26","modified_gmt":"2025-02-12T09:35:26","slug":"academic-staff","status":"publish","type":"page","link":"http:\/\/ticaret.edu.tr\/elektrik-elektronik-muhendisligi\/en\/academic-staff\/","title":{"rendered":"Academic Staff"},"content":{"rendered":"<style media=\"screen\">\r\n  \/* .akademikkadro_list { list-style: none; padding: 0; margin: 0;}\r\n  .akademikkadro_list li { float:left; width: 50%; margin-bottom: 8px; border-bottom: 1px solid rgba(0,0,0, 0.2); transition: all 0.3s ease-in-out; background-color: #fff;}\r\n  .akademikkadro_list li:first-child { width: 100%; }\r\n  .akademikkadro_list li:first-child .akademik_left { height: 220px;}\r\n  .akademikkadro_list li:hover { background-color: rgba(0,0,0, 0.05); cursor: pointer; }\r\n  .akademik_left { float:left; width: 35%; height: 150px; padding: 10px; border-bottom: 4px solid #0d1554; }\r\n  .akademik_cover { width: 100%; background-size: cover; background-position: center center; height: 100%; border: 1px solid #0d1554;  }\r\n  .akademik_content { float:left; width: 65%; padding: 15px 0px; font-size: 13px; }\r\n  .akademik_content h4 { font-size: 14px; font-weight: 600; }\r\n  .kenar { padding-left: 0; padding-right: 0; } *\/\r\n  @media (max-width: 460px) {\r\n    .akademikkadro_list li { width: 100%!important; }\r\n    .akademikkadro_list li:first-child .akademik_left { height: 120px!important; width: 27%!important;}\r\n    .dropdown-menu .dropdown-menu .dropdown-menu { left: 0px!important; }\r\n    .akademik_content { width: 73%!important; }\r\n\r\n  }\r\n  .akademikkadro_list { list-style: none; padding: 0; margin: 0;}\r\n  .akademikkadro_list li { float:left; width: 50%; margin-bottom: 8px; border-bottom: 1px solid rgba(0,0,0, 0.2); transition: all 0.3s ease-in-out; background-color: #fff;}\r\n  .akademikkadro_list li:first-child { width: 100%; }\r\n  .akademikkadro_list li:first-child .akademik_left { height: 140px; width: 15%;}\r\n  .akademikkadro_list li:hover { background-color: rgba(0,0,0, 0.05); cursor: pointer; }\r\n  .akademik_left { float:left; width: 24%; height: 120px; padding: 10px; border-bottom: 4px solid #0d1554; }\r\n  .akademik_cover { width: 100%; background-size: cover; background-position: top center; height: 100%; border: 2px solid #0d1554; border-radius: 8px; }\r\n  .akademik_content { float:left; width: 76%; padding: 15px 0px; font-size: 13px; position: relative; }\r\n  .akademik_content h4 { font-size: 14px; font-weight: 600; }\r\n  .akademik-line { position: relative; \/*z-index: 9999999;*\/ }\r\n  .akademik_content:after { position: absolute; right: 20px; font-size: 50px; font-family: \"Font Awesome 5 Free\"; content:\"\\f2c2\"; top: 20%; color:#fff; z-index: 1; }\r\n  .kenar { padding-left: 0; padding-right: 0; }\r\n<\/style>\r\n\r\n      <ul class=\"akademikkadro_list\">\r\n                            <li class=\"akademiklist_li\" cv_target=\"https:\/\/avesis.ticaret.edu.tr\/fustuner\">\r\n            <div class=\"akademik_left\">\r\n              <div class=\"akademik_cover\" style=\"background-image: url('https:\/\/ticaret.edu.tr\/wp-content\/uploads\/2025\/05\/DSCF7073-scaled.jpg');\"><\/div>\r\n            <\/div>\r\n            <div class=\"akademik_content\">\r\n              <a href=\"https:\/\/avesis.ticaret.edu.tr\/fustuner\" target=\"_blank\"><h4>Prof. Dr.\u00a0 Fatih \u00dcST\u00dcNER<\/h4><\/a>\r\n              <div class=\"akademik-line\">Faculty of Engineering<\/div>\r\n              <div class=\"akademik-line\">Electrical and Electronics Engineering<\/div>\r\n              <div class=\"akademik-line\">Head of Department<\/div>\r\n            <\/div>\r\n          <\/li>\r\n                            <li class=\"akademiklist_li\" cv_target=\"https:\/\/avesis.ticaret.edu.tr\/mhhocaoglu\">\r\n            <div class=\"akademik_left\">\r\n              <div class=\"akademik_cover\" style=\"background-image: url('https:\/\/ticaret.edu.tr\/wp-content\/uploads\/2025\/05\/DSCF7158-scaled.jpg');\"><\/div>\r\n            <\/div>\r\n            <div class=\"akademik_content\">\r\n              <a href=\"https:\/\/avesis.ticaret.edu.tr\/mhhocaoglu\" target=\"_blank\"><h4>Prof. Dr. Mehmet Hakan HOCAO\u011eLU<\/h4><\/a>\r\n              <div class=\"akademik-line\">Faculty of Engineering<\/div>\r\n              <div class=\"akademik-line\">Electrical and Electronics Engineering<\/div>\r\n              <div class=\"akademik-line\">Faculty Member<\/div>\r\n            <\/div>\r\n          <\/li>\r\n                            <li class=\"akademiklist_li\" cv_target=\"https:\/\/avesis.ticaret.edu.tr\/msezgin\">\r\n            <div class=\"akademik_left\">\r\n              <div class=\"akademik_cover\" style=\"background-image: url('https:\/\/ticaret.edu.tr\/wp-content\/uploads\/2025\/05\/DSCF7388-scaled.jpg');\"><\/div>\r\n            <\/div>\r\n            <div class=\"akademik_content\">\r\n              <a href=\"https:\/\/avesis.ticaret.edu.tr\/msezgin\" target=\"_blank\"><h4>Prof. Dr. Mehmet SEZG\u0130N<\/h4><\/a>\r\n              <div class=\"akademik-line\">Faculty of Engineering<\/div>\r\n              <div class=\"akademik-line\">Electrical and Electronics Engineering<\/div>\r\n              <div class=\"akademik-line\">Faculty Member<\/div>\r\n            <\/div>\r\n          <\/li>\r\n                            <li class=\"akademiklist_li\" cv_target=\"https:\/\/avesis.ticaret.edu.tr\/ntutkun\">\r\n            <div class=\"akademik_left\">\r\n              <div class=\"akademik_cover\" style=\"background-image: url('https:\/\/ticaret.edu.tr\/wp-content\/uploads\/2025\/05\/DSCF7184-2-scaled.jpg');\"><\/div>\r\n            <\/div>\r\n            <div class=\"akademik_content\">\r\n              <a href=\"https:\/\/avesis.ticaret.edu.tr\/ntutkun\" target=\"_blank\"><h4>Prof. Dr. Nedim TUTKUN<\/h4><\/a>\r\n              <div class=\"akademik-line\">Faculty of Engineering<\/div>\r\n              <div class=\"akademik-line\">Electrical and Electronics Engineering<\/div>\r\n              <div class=\"akademik-line\">Faculty Member<\/div>\r\n            <\/div>\r\n          <\/li>\r\n                            <li class=\"akademiklist_li\" cv_target=\"https:\/\/avesis.ticaret.edu.tr\/ecelik\">\r\n            <div class=\"akademik_left\">\r\n              <div class=\"akademik_cover\" style=\"background-image: url('https:\/\/ticaret.edu.tr\/wp-content\/uploads\/2025\/05\/DSCF7702-scaled.jpg');\"><\/div>\r\n            <\/div>\r\n            <div class=\"akademik_content\">\r\n              <a href=\"https:\/\/avesis.ticaret.edu.tr\/ecelik\" target=\"_blank\"><h4>FM Dr. Esra \u00c7EL\u0130K<\/h4><\/a>\r\n              <div class=\"akademik-line\">Faculty of Engineering<\/div>\r\n              <div class=\"akademik-line\">Electrical and Electronics Engineering<\/div>\r\n              <div class=\"akademik-line\">Faculty Member<\/div>\r\n            <\/div>\r\n          <\/li>\r\n                            <li class=\"akademiklist_li\" cv_target=\"https:\/\/avesis.ticaret.edu.tr\/atcakmak\">\r\n            <div class=\"akademik_left\">\r\n              <div class=\"akademik_cover\" style=\"background-image: url('https:\/\/ticaret.edu.tr\/wp-content\/uploads\/2025\/05\/DSCF7201-scaled.jpg');\"><\/div>\r\n            <\/div>\r\n            <div class=\"akademik_content\">\r\n              <a href=\"https:\/\/avesis.ticaret.edu.tr\/atcakmak\" target=\"_blank\"><h4>RA Aynur Tuba \u00c7AKMAK<\/h4><\/a>\r\n              <div class=\"akademik-line\">Faculty of Engineering<\/div>\r\n              <div class=\"akademik-line\">Electrical and Electronics Engineering<\/div>\r\n              <div class=\"akademik-line\">Research Assistant<\/div>\r\n            <\/div>\r\n          <\/li>\r\n                            <li class=\"akademiklist_li\" cv_target=\"https:\/\/avesis.ticaret.edu.tr\/fatihy\">\r\n            <div class=\"akademik_left\">\r\n              <div class=\"akademik_cover\" style=\"background-image: url('https:\/\/ticaret.edu.tr\/wp-content\/uploads\/2025\/05\/DSCF2606-scaled.jpg');\"><\/div>\r\n            <\/div>\r\n            <div class=\"akademik_content\">\r\n              <a href=\"https:\/\/avesis.ticaret.edu.tr\/fatihy\" target=\"_blank\"><h4>RA Fatih Y\u0130\u011e\u0130T<\/h4><\/a>\r\n              <div class=\"akademik-line\">Faculty of Engineering<\/div>\r\n              <div class=\"akademik-line\">Electrical and Electronics Engineering<\/div>\r\n              <div class=\"akademik-line\">Research Assistant<\/div>\r\n            <\/div>\r\n          <\/li>\r\n              <\/ul>\r\n\r\n      \n","protected":false},"excerpt":{"rendered":"","protected":false},"author":149,"featured_media":0,"parent":0,"menu_order":0,"comment_status":"closed","ping_status":"closed","template":"genel_sayfa.php","meta":{"footnotes":""},"yoast_head":"<!-- This site is optimized with the Yoast SEO Premium plugin v22.1 (Yoast SEO v22.1) - https:\/\/yoast.com\/wordpress\/plugins\/seo\/ -->\n<title>Academic Staff - Elektrik Elektronik M\u00fchendisli\u011fi<\/title>\n<meta name=\"robots\" content=\"index, follow, max-snippet:-1, max-image-preview:large, max-video-preview:-1\" \/>\n<link rel=\"canonical\" href=\"http:\/\/ticaret.edu.tr\/elektrik-elektronik-muhendisligi\/en\/academic-staff\/\" \/>\n<meta property=\"og:locale\" content=\"tr_TR\" \/>\n<meta property=\"og:type\" content=\"article\" \/>\n<meta property=\"og:title\" content=\"Academic Staff\" \/>\n<meta property=\"og:url\" content=\"http:\/\/ticaret.edu.tr\/elektrik-elektronik-muhendisligi\/en\/academic-staff\/\" \/>\n<meta property=\"og:site_name\" content=\"Elektrik Elektronik M\u00fchendisli\u011fi\" \/>\n<meta property=\"article:publisher\" content=\"https:\/\/www.facebook.com\/ticaretedutr\" \/>\n<meta property=\"article:modified_time\" content=\"2025-02-12T09:35:26+00:00\" \/>\n<meta property=\"og:image\" content=\"http:\/\/ticaret.edu.tr\/elektrik-elektronik-muhendisligi\/wp-content\/uploads\/sites\/20\/2021\/11\/web_logo-01.jpg\" \/>\n\t<meta property=\"og:image:width\" content=\"1250\" \/>\n\t<meta property=\"og:image:height\" content=\"833\" \/>\n\t<meta property=\"og:image:type\" content=\"image\/jpeg\" \/>\n<meta name=\"twitter:card\" content=\"summary_large_image\" \/>\n<meta name=\"twitter:site\" content=\"@ticaretedutr\" \/>\n<script type=\"application\/ld+json\" class=\"yoast-schema-graph\">{\"@context\":\"https:\/\/schema.org\",\"@graph\":[{\"@type\":\"WebPage\",\"@id\":\"http:\/\/ticaret.edu.tr\/elektrik-elektronik-muhendisligi\/en\/academic-staff\/\",\"url\":\"http:\/\/ticaret.edu.tr\/elektrik-elektronik-muhendisligi\/en\/academic-staff\/\",\"name\":\"Academic Staff - Elektrik Elektronik M\u00fchendisli\u011fi\",\"isPartOf\":{\"@id\":\"http:\/\/ticaret.edu.tr\/elektrik-elektronik-muhendisligi\/#website\"},\"datePublished\":\"2022-01-04T10:51:55+00:00\",\"dateModified\":\"2025-02-12T09:35:26+00:00\",\"breadcrumb\":{\"@id\":\"http:\/\/ticaret.edu.tr\/elektrik-elektronik-muhendisligi\/en\/academic-staff\/#breadcrumb\"},\"inLanguage\":\"tr\",\"potentialAction\":[{\"@type\":\"ReadAction\",\"target\":[\"http:\/\/ticaret.edu.tr\/elektrik-elektronik-muhendisligi\/en\/academic-staff\/\"]}]},{\"@type\":\"BreadcrumbList\",\"@id\":\"http:\/\/ticaret.edu.tr\/elektrik-elektronik-muhendisligi\/en\/academic-staff\/#breadcrumb\",\"itemListElement\":[{\"@type\":\"ListItem\",\"position\":1,\"name\":\"Ana sayfa\",\"item\":\"http:\/\/ticaret.edu.tr\/elektrik-elektronik-muhendisligi\/\"},{\"@type\":\"ListItem\",\"position\":2,\"name\":\"Academic Staff\"}]},{\"@type\":\"WebSite\",\"@id\":\"http:\/\/ticaret.edu.tr\/elektrik-elektronik-muhendisligi\/#website\",\"url\":\"http:\/\/ticaret.edu.tr\/elektrik-elektronik-muhendisligi\/\",\"name\":\"Elektrik Elektronik M\u00fchendisli\u011fi\",\"description\":\"\",\"potentialAction\":[{\"@type\":\"SearchAction\",\"target\":{\"@type\":\"EntryPoint\",\"urlTemplate\":\"http:\/\/ticaret.edu.tr\/elektrik-elektronik-muhendisligi\/?s={search_term_string}\"},\"query-input\":\"required name=search_term_string\"}],\"inLanguage\":\"tr\"}]}<\/script>\n<!-- \/ Yoast SEO Premium plugin. -->","yoast_head_json":{"title":"Academic Staff - Elektrik Elektronik M\u00fchendisli\u011fi","robots":{"index":"index","follow":"follow","max-snippet":"max-snippet:-1","max-image-preview":"max-image-preview:large","max-video-preview":"max-video-preview:-1"},"canonical":"http:\/\/ticaret.edu.tr\/elektrik-elektronik-muhendisligi\/en\/academic-staff\/","og_locale":"tr_TR","og_type":"article","og_title":"Academic Staff","og_url":"http:\/\/ticaret.edu.tr\/elektrik-elektronik-muhendisligi\/en\/academic-staff\/","og_site_name":"Elektrik Elektronik M\u00fchendisli\u011fi","article_publisher":"https:\/\/www.facebook.com\/ticaretedutr","article_modified_time":"2025-02-12T09:35:26+00:00","og_image":[{"width":1250,"height":833,"url":"http:\/\/ticaret.edu.tr\/elektrik-elektronik-muhendisligi\/wp-content\/uploads\/sites\/20\/2021\/11\/web_logo-01.jpg","type":"image\/jpeg"}],"twitter_card":"summary_large_image","twitter_site":"@ticaretedutr","schema":{"@context":"https:\/\/schema.org","@graph":[{"@type":"WebPage","@id":"http:\/\/ticaret.edu.tr\/elektrik-elektronik-muhendisligi\/en\/academic-staff\/","url":"http:\/\/ticaret.edu.tr\/elektrik-elektronik-muhendisligi\/en\/academic-staff\/","name":"Academic Staff - Elektrik Elektronik M\u00fchendisli\u011fi","isPartOf":{"@id":"http:\/\/ticaret.edu.tr\/elektrik-elektronik-muhendisligi\/#website"},"datePublished":"2022-01-04T10:51:55+00:00","dateModified":"2025-02-12T09:35:26+00:00","breadcrumb":{"@id":"http:\/\/ticaret.edu.tr\/elektrik-elektronik-muhendisligi\/en\/academic-staff\/#breadcrumb"},"inLanguage":"tr","potentialAction":[{"@type":"ReadAction","target":["http:\/\/ticaret.edu.tr\/elektrik-elektronik-muhendisligi\/en\/academic-staff\/"]}]},{"@type":"BreadcrumbList","@id":"http:\/\/ticaret.edu.tr\/elektrik-elektronik-muhendisligi\/en\/academic-staff\/#breadcrumb","itemListElement":[{"@type":"ListItem","position":1,"name":"Ana sayfa","item":"http:\/\/ticaret.edu.tr\/elektrik-elektronik-muhendisligi\/"},{"@type":"ListItem","position":2,"name":"Academic Staff"}]},{"@type":"WebSite","@id":"http:\/\/ticaret.edu.tr\/elektrik-elektronik-muhendisligi\/#website","url":"http:\/\/ticaret.edu.tr\/elektrik-elektronik-muhendisligi\/","name":"Elektrik Elektronik M\u00fchendisli\u011fi","description":"","potentialAction":[{"@type":"SearchAction","target":{"@type":"EntryPoint","urlTemplate":"http:\/\/ticaret.edu.tr\/elektrik-elektronik-muhendisligi\/?s={search_term_string}"},"query-input":"required name=search_term_string"}],"inLanguage":"tr"}]}},"lang":"en","translations":{"en":302,"tr":11},"pll_sync_post":[],"_links":{"self":[{"href":"http:\/\/ticaret.edu.tr\/elektrik-elektronik-muhendisligi\/wp-json\/wp\/v2\/pages\/302"}],"collection":[{"href":"http:\/\/ticaret.edu.tr\/elektrik-elektronik-muhendisligi\/wp-json\/wp\/v2\/pages"}],"about":[{"href":"http:\/\/ticaret.edu.tr\/elektrik-elektronik-muhendisligi\/wp-json\/wp\/v2\/types\/page"}],"author":[{"embeddable":true,"href":"http:\/\/ticaret.edu.tr\/elektrik-elektronik-muhendisligi\/wp-json\/wp\/v2\/users\/149"}],"replies":[{"embeddable":true,"href":"http:\/\/ticaret.edu.tr\/elektrik-elektronik-muhendisligi\/wp-json\/wp\/v2\/comments?post=302"}],"version-history":[{"count":11,"href":"http:\/\/ticaret.edu.tr\/elektrik-elektronik-muhendisligi\/wp-json\/wp\/v2\/pages\/302\/revisions"}],"predecessor-version":[{"id":470,"href":"http:\/\/ticaret.edu.tr\/elektrik-elektronik-muhendisligi\/wp-json\/wp\/v2\/pages\/302\/revisions\/470"}],"wp:attachment":[{"href":"http:\/\/ticaret.edu.tr\/elektrik-elektronik-muhendisligi\/wp-json\/wp\/v2\/media?parent=302"}],"curies":[{"name":"wp","href":"https:\/\/api.w.org\/{rel}","templated":true}]}}