{"id":570,"date":"2022-11-09T12:24:40","date_gmt":"2022-11-09T09:24:40","guid":{"rendered":"https:\/\/ticaret.edu.tr\/elektrik-elektronik-muhendisligi\/?page_id=570"},"modified":"2025-02-12T09:35:53","modified_gmt":"2025-02-12T06:35:53","slug":"giris-yazisi","status":"publish","type":"page","link":"http:\/\/ticaret.edu.tr\/elektrik-elektronik-muhendisligi\/giris-yazisi\/","title":{"rendered":"Giri\u015f Yaz\u0131s\u0131"},"content":{"rendered":"<table width=\"752\">\n<tbody>\n<tr>\n<td width=\"752\"><img loading=\"lazy\" decoding=\"async\" class=\"alignnone size-medium wp-image-553\" src=\"http:\/\/ticaret.edu.tr\/elektrik-elektronik-muhendisligi\/wp-content\/uploads\/sites\/20\/2022\/10\/18921-242x300.jpg\" alt=\"\" width=\"242\" height=\"300\" srcset=\"http:\/\/ticaret.edu.tr\/elektrik-elektronik-muhendisligi\/wp-content\/uploads\/sites\/20\/2022\/10\/18921-242x300.jpg 242w, http:\/\/ticaret.edu.tr\/elektrik-elektronik-muhendisligi\/wp-content\/uploads\/sites\/20\/2022\/10\/18921-828x1024.jpg 828w, http:\/\/ticaret.edu.tr\/elektrik-elektronik-muhendisligi\/wp-content\/uploads\/sites\/20\/2022\/10\/18921-768x950.jpg 768w, http:\/\/ticaret.edu.tr\/elektrik-elektronik-muhendisligi\/wp-content\/uploads\/sites\/20\/2022\/10\/18921.jpg 978w\" sizes=\"(max-width: 242px) 100vw, 242px\" \/><\/p>\n<p>Elektrik-Elektronik M\u00fchendisli\u011fi, elektrik, elektronik, bilgisayar, telekom\u00fcnikasyon sistemleri ve ilgili end\u00fcstriyel alanlar\u0131n m\u00fchendislik sorunlar\u0131 ve ihtiya\u00e7lar\u0131 ile ilgilenir. Bu m\u00fchendislik dal\u0131, \u00f6\u011frencilere g\u00fc\u00e7 \u00fcretimi, iletimi ve da\u011f\u0131t\u0131m\u0131, g\u00fc\u00e7 elektroni\u011fi, elektrik makineleri, kontrol sistemleri, haberle\u015fme, sinyal ve g\u00f6r\u00fcnt\u00fc i\u015fleme, mikro i\u015flemciler, mikro elektronik gibi temel alanlarda bilgi ve beceri kazand\u0131r\u0131r. Bu m\u00fchendislik dal\u0131 genellikle elektrik ve elektronik ayg\u0131tlar\u0131n ve bile\u015fenlerinin tasar\u0131m\u0131 ve \u00fcretiminin yan\u0131 s\u0131ra, bunlar\u0131n karma\u015f\u0131k sistemlere entegre edilmesine odaklan\u0131r. Elektrik ve Elektronik m\u00fchendisleri kamu ve \u00f6zel sekt\u00f6rler ba\u015fta olmak \u00fczere havac\u0131l\u0131k, enerji, bili\u015fim, sa\u011fl\u0131k ve otomasyon gibi muhtelif end\u00fcstriyel alanlarda tasar\u0131m m\u00fchendisi, proje m\u00fchendisi, kalite kontrol m\u00fchendisi, yaz\u0131l\u0131m m\u00fchendisi, ara\u015ft\u0131rma ve geli\u015ftirme m\u00fchendisi, sistem tasar\u0131m m\u00fchendisi, saha m\u00fchendisi, test m\u00fchendisi ve sat\u0131\u015f m\u00fchendisi unvanlar\u0131 ile \u00e7al\u0131\u015fabilece\u011fi gibi, kendi firmalar\u0131 da kurup bu alanlardan birinde faaliyet g\u00f6sterebilirler. Ayr\u0131ca, lisans\u00fcst\u00fc e\u011fitimler alarak akademik kariyer yapabilirler.<\/p>\n<p><strong>B\u00f6l\u00fcm Ba\u015fkan\u0131<\/strong><\/p>\n<p>Prof. Dr. Fatih \u00dcST\u00dcNER<\/td>\n<\/tr>\n<\/tbody>\n<\/table>\n<p>&nbsp;<\/p>\n","protected":false},"excerpt":{"rendered":"<p>Elektrik-Elektronik M\u00fchendisli\u011fi, elektrik, elektronik, bilgisayar, telekom\u00fcnikasyon sistemleri ve ilgili end\u00fcstriyel alanlar\u0131n m\u00fchendislik sorunlar\u0131 ve ihtiya\u00e7lar\u0131 ile ilgilenir. Bu m\u00fchendislik dal\u0131, \u00f6\u011frencilere g\u00fc\u00e7 \u00fcretimi, iletimi ve da\u011f\u0131t\u0131m\u0131, g\u00fc\u00e7 elektroni\u011fi, elektrik makineleri, kontrol sistemleri, haberle\u015fme, sinyal ve g\u00f6r\u00fcnt\u00fc i\u015fleme, mikro i\u015flemciler, mikro elektronik gibi temel alanlarda bilgi ve beceri kazand\u0131r\u0131r. Bu m\u00fchendislik dal\u0131 genellikle elektrik ve elektronik [&hellip;]<\/p>\n","protected":false},"author":183,"featured_media":0,"parent":0,"menu_order":0,"comment_status":"closed","ping_status":"closed","template":"genel_sayfa.php","meta":{"footnotes":""},"yoast_head":"<!-- This site is optimized with the Yoast SEO Premium plugin v22.1 (Yoast SEO v22.1) - https:\/\/yoast.com\/wordpress\/plugins\/seo\/ -->\n<title>Giri\u015f Yaz\u0131s\u0131 - Elektrik Elektronik M\u00fchendisli\u011fi<\/title>\n<meta name=\"robots\" content=\"index, follow, max-snippet:-1, max-image-preview:large, max-video-preview:-1\" \/>\n<link rel=\"canonical\" href=\"http:\/\/ticaret.edu.tr\/elektrik-elektronik-muhendisligi\/giris-yazisi\/\" \/>\n<meta property=\"og:locale\" content=\"tr_TR\" \/>\n<meta property=\"og:type\" content=\"article\" \/>\n<meta property=\"og:title\" content=\"Giri\u015f Yaz\u0131s\u0131\" \/>\n<meta property=\"og:description\" content=\"Elektrik-Elektronik M\u00fchendisli\u011fi, elektrik, elektronik, bilgisayar, telekom\u00fcnikasyon sistemleri ve ilgili end\u00fcstriyel alanlar\u0131n m\u00fchendislik sorunlar\u0131 ve ihtiya\u00e7lar\u0131 ile ilgilenir. Bu m\u00fchendislik dal\u0131, \u00f6\u011frencilere g\u00fc\u00e7 \u00fcretimi, iletimi ve da\u011f\u0131t\u0131m\u0131, g\u00fc\u00e7 elektroni\u011fi, elektrik makineleri, kontrol sistemleri, haberle\u015fme, sinyal ve g\u00f6r\u00fcnt\u00fc i\u015fleme, mikro i\u015flemciler, mikro elektronik gibi temel alanlarda bilgi ve beceri kazand\u0131r\u0131r. Bu m\u00fchendislik dal\u0131 genellikle elektrik ve elektronik [&hellip;]\" \/>\n<meta property=\"og:url\" content=\"http:\/\/ticaret.edu.tr\/elektrik-elektronik-muhendisligi\/giris-yazisi\/\" \/>\n<meta property=\"og:site_name\" content=\"Elektrik Elektronik M\u00fchendisli\u011fi\" \/>\n<meta property=\"article:publisher\" content=\"https:\/\/www.facebook.com\/ticaretedutr\" \/>\n<meta property=\"article:modified_time\" content=\"2025-02-12T06:35:53+00:00\" \/>\n<meta property=\"og:image\" content=\"http:\/\/ticaret.edu.tr\/elektrik-elektronik-muhendisligi\/wp-content\/uploads\/sites\/20\/2022\/10\/18921-242x300.jpg\" \/>\n<meta name=\"twitter:card\" content=\"summary_large_image\" \/>\n<meta name=\"twitter:site\" content=\"@ticaretedutr\" \/>\n<meta name=\"twitter:label1\" content=\"Tahmini okuma s\u00fcresi\" \/>\n\t<meta name=\"twitter:data1\" content=\"2 dakika\" \/>\n<script type=\"application\/ld+json\" class=\"yoast-schema-graph\">{\"@context\":\"https:\/\/schema.org\",\"@graph\":[{\"@type\":\"WebPage\",\"@id\":\"http:\/\/ticaret.edu.tr\/elektrik-elektronik-muhendisligi\/giris-yazisi\/\",\"url\":\"http:\/\/ticaret.edu.tr\/elektrik-elektronik-muhendisligi\/giris-yazisi\/\",\"name\":\"Giri\u015f Yaz\u0131s\u0131 - Elektrik Elektronik M\u00fchendisli\u011fi\",\"isPartOf\":{\"@id\":\"https:\/\/ticaret.edu.tr\/elektrik-elektronik-muhendisligi\/en\/#website\"},\"datePublished\":\"2022-11-09T09:24:40+00:00\",\"dateModified\":\"2025-02-12T06:35:53+00:00\",\"breadcrumb\":{\"@id\":\"http:\/\/ticaret.edu.tr\/elektrik-elektronik-muhendisligi\/giris-yazisi\/#breadcrumb\"},\"inLanguage\":\"tr\",\"potentialAction\":[{\"@type\":\"ReadAction\",\"target\":[\"http:\/\/ticaret.edu.tr\/elektrik-elektronik-muhendisligi\/giris-yazisi\/\"]}]},{\"@type\":\"BreadcrumbList\",\"@id\":\"http:\/\/ticaret.edu.tr\/elektrik-elektronik-muhendisligi\/giris-yazisi\/#breadcrumb\",\"itemListElement\":[{\"@type\":\"ListItem\",\"position\":1,\"name\":\"Ana sayfa\",\"item\":\"http:\/\/ticaret.edu.tr\/elektrik-elektronik-muhendisligi\/\"},{\"@type\":\"ListItem\",\"position\":2,\"name\":\"Giri\u015f Yaz\u0131s\u0131\"}]},{\"@type\":\"WebSite\",\"@id\":\"https:\/\/ticaret.edu.tr\/elektrik-elektronik-muhendisligi\/en\/#website\",\"url\":\"https:\/\/ticaret.edu.tr\/elektrik-elektronik-muhendisligi\/en\/\",\"name\":\"Elektrik Elektronik M\u00fchendisli\u011fi\",\"description\":\"\",\"potentialAction\":[{\"@type\":\"SearchAction\",\"target\":{\"@type\":\"EntryPoint\",\"urlTemplate\":\"https:\/\/ticaret.edu.tr\/elektrik-elektronik-muhendisligi\/en\/?s={search_term_string}\"},\"query-input\":\"required name=search_term_string\"}],\"inLanguage\":\"tr\"}]}<\/script>\n<!-- \/ Yoast SEO Premium plugin. -->","yoast_head_json":{"title":"Giri\u015f Yaz\u0131s\u0131 - Elektrik Elektronik M\u00fchendisli\u011fi","robots":{"index":"index","follow":"follow","max-snippet":"max-snippet:-1","max-image-preview":"max-image-preview:large","max-video-preview":"max-video-preview:-1"},"canonical":"http:\/\/ticaret.edu.tr\/elektrik-elektronik-muhendisligi\/giris-yazisi\/","og_locale":"tr_TR","og_type":"article","og_title":"Giri\u015f Yaz\u0131s\u0131","og_description":"Elektrik-Elektronik M\u00fchendisli\u011fi, elektrik, elektronik, bilgisayar, telekom\u00fcnikasyon sistemleri ve ilgili end\u00fcstriyel alanlar\u0131n m\u00fchendislik sorunlar\u0131 ve ihtiya\u00e7lar\u0131 ile ilgilenir. Bu m\u00fchendislik dal\u0131, \u00f6\u011frencilere g\u00fc\u00e7 \u00fcretimi, iletimi ve da\u011f\u0131t\u0131m\u0131, g\u00fc\u00e7 elektroni\u011fi, elektrik makineleri, kontrol sistemleri, haberle\u015fme, sinyal ve g\u00f6r\u00fcnt\u00fc i\u015fleme, mikro i\u015flemciler, mikro elektronik gibi temel alanlarda bilgi ve beceri kazand\u0131r\u0131r. Bu m\u00fchendislik dal\u0131 genellikle elektrik ve elektronik [&hellip;]","og_url":"http:\/\/ticaret.edu.tr\/elektrik-elektronik-muhendisligi\/giris-yazisi\/","og_site_name":"Elektrik Elektronik M\u00fchendisli\u011fi","article_publisher":"https:\/\/www.facebook.com\/ticaretedutr","article_modified_time":"2025-02-12T06:35:53+00:00","og_image":[{"url":"http:\/\/ticaret.edu.tr\/elektrik-elektronik-muhendisligi\/wp-content\/uploads\/sites\/20\/2022\/10\/18921-242x300.jpg"}],"twitter_card":"summary_large_image","twitter_site":"@ticaretedutr","twitter_misc":{"Tahmini okuma s\u00fcresi":"2 dakika"},"schema":{"@context":"https:\/\/schema.org","@graph":[{"@type":"WebPage","@id":"http:\/\/ticaret.edu.tr\/elektrik-elektronik-muhendisligi\/giris-yazisi\/","url":"http:\/\/ticaret.edu.tr\/elektrik-elektronik-muhendisligi\/giris-yazisi\/","name":"Giri\u015f Yaz\u0131s\u0131 - Elektrik Elektronik M\u00fchendisli\u011fi","isPartOf":{"@id":"https:\/\/ticaret.edu.tr\/elektrik-elektronik-muhendisligi\/en\/#website"},"datePublished":"2022-11-09T09:24:40+00:00","dateModified":"2025-02-12T06:35:53+00:00","breadcrumb":{"@id":"http:\/\/ticaret.edu.tr\/elektrik-elektronik-muhendisligi\/giris-yazisi\/#breadcrumb"},"inLanguage":"tr","potentialAction":[{"@type":"ReadAction","target":["http:\/\/ticaret.edu.tr\/elektrik-elektronik-muhendisligi\/giris-yazisi\/"]}]},{"@type":"BreadcrumbList","@id":"http:\/\/ticaret.edu.tr\/elektrik-elektronik-muhendisligi\/giris-yazisi\/#breadcrumb","itemListElement":[{"@type":"ListItem","position":1,"name":"Ana sayfa","item":"http:\/\/ticaret.edu.tr\/elektrik-elektronik-muhendisligi\/"},{"@type":"ListItem","position":2,"name":"Giri\u015f Yaz\u0131s\u0131"}]},{"@type":"WebSite","@id":"https:\/\/ticaret.edu.tr\/elektrik-elektronik-muhendisligi\/en\/#website","url":"https:\/\/ticaret.edu.tr\/elektrik-elektronik-muhendisligi\/en\/","name":"Elektrik Elektronik M\u00fchendisli\u011fi","description":"","potentialAction":[{"@type":"SearchAction","target":{"@type":"EntryPoint","urlTemplate":"https:\/\/ticaret.edu.tr\/elektrik-elektronik-muhendisligi\/en\/?s={search_term_string}"},"query-input":"required name=search_term_string"}],"inLanguage":"tr"}]}},"lang":"tr","translations":{"en":1165,"tr":570},"pll_sync_post":[],"_links":{"self":[{"href":"http:\/\/ticaret.edu.tr\/elektrik-elektronik-muhendisligi\/wp-json\/wp\/v2\/pages\/570"}],"collection":[{"href":"http:\/\/ticaret.edu.tr\/elektrik-elektronik-muhendisligi\/wp-json\/wp\/v2\/pages"}],"about":[{"href":"http:\/\/ticaret.edu.tr\/elektrik-elektronik-muhendisligi\/wp-json\/wp\/v2\/types\/page"}],"author":[{"embeddable":true,"href":"http:\/\/ticaret.edu.tr\/elektrik-elektronik-muhendisligi\/wp-json\/wp\/v2\/users\/183"}],"replies":[{"embeddable":true,"href":"http:\/\/ticaret.edu.tr\/elektrik-elektronik-muhendisligi\/wp-json\/wp\/v2\/comments?post=570"}],"version-history":[{"count":5,"href":"http:\/\/ticaret.edu.tr\/elektrik-elektronik-muhendisligi\/wp-json\/wp\/v2\/pages\/570\/revisions"}],"predecessor-version":[{"id":1725,"href":"http:\/\/ticaret.edu.tr\/elektrik-elektronik-muhendisligi\/wp-json\/wp\/v2\/pages\/570\/revisions\/1725"}],"wp:attachment":[{"href":"http:\/\/ticaret.edu.tr\/elektrik-elektronik-muhendisligi\/wp-json\/wp\/v2\/media?parent=570"}],"curies":[{"name":"wp","href":"https:\/\/api.w.org\/{rel}","templated":true}]}}