{"id":576,"date":"2022-11-09T12:25:19","date_gmt":"2022-11-09T09:25:19","guid":{"rendered":"https:\/\/ticaret.edu.tr\/elektrik-elektronik-muhendisligi\/?page_id=576"},"modified":"2025-07-23T02:39:51","modified_gmt":"2025-07-22T23:39:51","slug":"akreditasyon","status":"publish","type":"page","link":"http:\/\/ticaret.edu.tr\/elektrik-elektronik-muhendisligi\/akreditasyon\/","title":{"rendered":"Akreditasyon"},"content":{"rendered":"<p><strong>M\u00dcDEK Akreditasyon Sertifikas\u0131 ve EUR-ACE Etiketi\u00a0<\/strong><\/p>\n<p><a href=\"https:\/\/ticaret.edu.tr\/elektrik-elektronik-muhendisligi\/2025\/07\/22\/mudek-akreditasyon-sertifikasi-ve-eur-ace-etiketi\/elektrik-elektronik-muh-png\/\" rel=\"attachment wp-att-1999\"><img loading=\"lazy\" decoding=\"async\" class=\"alignnone size-full wp-image-1999\" src=\"http:\/\/ticaret.edu.tr\/elektrik-elektronik-muhendisligi\/wp-content\/uploads\/sites\/20\/2025\/07\/ELEKTRIK-ELEKTRONIK-MUH.-png.png\" alt=\"\" width=\"2338\" height=\"1654\" srcset=\"http:\/\/ticaret.edu.tr\/elektrik-elektronik-muhendisligi\/wp-content\/uploads\/sites\/20\/2025\/07\/ELEKTRIK-ELEKTRONIK-MUH.-png.png 2338w, http:\/\/ticaret.edu.tr\/elektrik-elektronik-muhendisligi\/wp-content\/uploads\/sites\/20\/2025\/07\/ELEKTRIK-ELEKTRONIK-MUH.-png-300x212.png 300w, http:\/\/ticaret.edu.tr\/elektrik-elektronik-muhendisligi\/wp-content\/uploads\/sites\/20\/2025\/07\/ELEKTRIK-ELEKTRONIK-MUH.-png-1024x724.png 1024w, http:\/\/ticaret.edu.tr\/elektrik-elektronik-muhendisligi\/wp-content\/uploads\/sites\/20\/2025\/07\/ELEKTRIK-ELEKTRONIK-MUH.-png-768x543.png 768w, http:\/\/ticaret.edu.tr\/elektrik-elektronik-muhendisligi\/wp-content\/uploads\/sites\/20\/2025\/07\/ELEKTRIK-ELEKTRONIK-MUH.-png-1536x1087.png 1536w, http:\/\/ticaret.edu.tr\/elektrik-elektronik-muhendisligi\/wp-content\/uploads\/sites\/20\/2025\/07\/ELEKTRIK-ELEKTRONIK-MUH.-png-2048x1449.png 2048w\" sizes=\"(max-width: 2338px) 100vw, 2338px\" \/><\/a><\/p>\n<p><a href=\"https:\/\/ticaret.edu.tr\/elektrik-elektronik-muhendisligi\/2025\/07\/22\/mudek-akreditasyon-sertifikasi-ve-eur-ace-etiketi\/elektrik-elektronik-muh_ace-1-png\/\" rel=\"attachment wp-att-2000\"><img loading=\"lazy\" decoding=\"async\" class=\"alignnone size-full wp-image-2000\" src=\"http:\/\/ticaret.edu.tr\/elektrik-elektronik-muhendisligi\/wp-content\/uploads\/sites\/20\/2025\/07\/ELEKTRIK-ELEKTRONIK-MUH_ACE-1-png.png\" alt=\"\" width=\"1654\" height=\"2338\" srcset=\"http:\/\/ticaret.edu.tr\/elektrik-elektronik-muhendisligi\/wp-content\/uploads\/sites\/20\/2025\/07\/ELEKTRIK-ELEKTRONIK-MUH_ACE-1-png.png 1654w, http:\/\/ticaret.edu.tr\/elektrik-elektronik-muhendisligi\/wp-content\/uploads\/sites\/20\/2025\/07\/ELEKTRIK-ELEKTRONIK-MUH_ACE-1-png-212x300.png 212w, http:\/\/ticaret.edu.tr\/elektrik-elektronik-muhendisligi\/wp-content\/uploads\/sites\/20\/2025\/07\/ELEKTRIK-ELEKTRONIK-MUH_ACE-1-png-724x1024.png 724w, http:\/\/ticaret.edu.tr\/elektrik-elektronik-muhendisligi\/wp-content\/uploads\/sites\/20\/2025\/07\/ELEKTRIK-ELEKTRONIK-MUH_ACE-1-png-768x1086.png 768w, http:\/\/ticaret.edu.tr\/elektrik-elektronik-muhendisligi\/wp-content\/uploads\/sites\/20\/2025\/07\/ELEKTRIK-ELEKTRONIK-MUH_ACE-1-png-1087x1536.png 1087w, http:\/\/ticaret.edu.tr\/elektrik-elektronik-muhendisligi\/wp-content\/uploads\/sites\/20\/2025\/07\/ELEKTRIK-ELEKTRONIK-MUH_ACE-1-png-1449x2048.png 1449w\" sizes=\"(max-width: 1654px) 100vw, 1654px\" \/><\/a><\/p>\n<p>Fak\u00fcltemize ba\u011fl\u0131 Elektrik-Elektronik M\u00fchendisli\u011fi B\u00f6l\u00fcm\u00fc, <strong>M\u00fchendislik E\u011fitim Programlar\u0131 De\u011ferlendirme ve Akreditasyon Derne\u011fi (M\u00dcDEK)<\/strong>\u00a0taraf\u0131ndan yap\u0131lan de\u011ferlendirme sonucunda gerekli kriterleri sa\u011flayarak <strong>30.09.2027<\/strong>\u00a0tarihine kadar ge\u00e7erli olmak \u00fczere <strong>akredite edilmi\u015ftir.<\/strong><\/p>\n<p>Akreditasyon hakk\u0131nda detayl\u0131 bilgi i\u00e7in:\u00a0 <strong><a href=\"https:\/\/ticaret.edu.tr\/muhendislik-fakultesi\/akreditasyon\/\" data-auth=\"NotApplicable\" data-linkindex=\"0\">Akreditasyon &#8211; M\u00fchendislik Fak\u00fcltesi<\/a><\/strong><\/p>\n","protected":false},"excerpt":{"rendered":"<p>M\u00dcDEK Akreditasyon Sertifikas\u0131 ve EUR-ACE Etiketi\u00a0 Fak\u00fcltemize ba\u011fl\u0131 Elektrik-Elektronik M\u00fchendisli\u011fi B\u00f6l\u00fcm\u00fc, M\u00fchendislik E\u011fitim Programlar\u0131 De\u011ferlendirme ve Akreditasyon Derne\u011fi (M\u00dcDEK)\u00a0taraf\u0131ndan yap\u0131lan de\u011ferlendirme sonucunda gerekli kriterleri sa\u011flayarak 30.09.2027\u00a0tarihine kadar ge\u00e7erli olmak \u00fczere akredite edilmi\u015ftir. Akreditasyon hakk\u0131nda detayl\u0131 bilgi i\u00e7in:\u00a0 Akreditasyon &#8211; M\u00fchendislik Fak\u00fcltesi<\/p>\n","protected":false},"author":203,"featured_media":0,"parent":0,"menu_order":0,"comment_status":"closed","ping_status":"closed","template":"genel_sayfa.php","meta":{"footnotes":""},"yoast_head":"<!-- This site is optimized with the Yoast SEO Premium plugin v22.1 (Yoast SEO v22.1) - https:\/\/yoast.com\/wordpress\/plugins\/seo\/ -->\n<title>Akreditasyon - Elektrik Elektronik M\u00fchendisli\u011fi<\/title>\n<meta name=\"robots\" content=\"index, follow, max-snippet:-1, max-image-preview:large, max-video-preview:-1\" \/>\n<link rel=\"canonical\" href=\"https:\/\/ticaret.edu.tr\/elektrik-elektronik-muhendisligi\/akreditasyon\/\" \/>\n<meta property=\"og:locale\" content=\"tr_TR\" \/>\n<meta property=\"og:type\" content=\"article\" \/>\n<meta property=\"og:title\" content=\"Akreditasyon\" \/>\n<meta property=\"og:description\" content=\"M\u00dcDEK Akreditasyon Sertifikas\u0131 ve EUR-ACE Etiketi\u00a0 Fak\u00fcltemize ba\u011fl\u0131 Elektrik-Elektronik M\u00fchendisli\u011fi B\u00f6l\u00fcm\u00fc, M\u00fchendislik E\u011fitim Programlar\u0131 De\u011ferlendirme ve Akreditasyon Derne\u011fi (M\u00dcDEK)\u00a0taraf\u0131ndan yap\u0131lan de\u011ferlendirme sonucunda gerekli kriterleri sa\u011flayarak 30.09.2027\u00a0tarihine kadar ge\u00e7erli olmak \u00fczere akredite edilmi\u015ftir. Akreditasyon hakk\u0131nda detayl\u0131 bilgi i\u00e7in:\u00a0 Akreditasyon &#8211; M\u00fchendislik Fak\u00fcltesi\" \/>\n<meta property=\"og:url\" content=\"https:\/\/ticaret.edu.tr\/elektrik-elektronik-muhendisligi\/akreditasyon\/\" \/>\n<meta property=\"og:site_name\" content=\"Elektrik Elektronik M\u00fchendisli\u011fi\" \/>\n<meta property=\"article:publisher\" content=\"https:\/\/www.facebook.com\/ticaretedutr\" \/>\n<meta property=\"article:modified_time\" content=\"2025-07-22T23:39:51+00:00\" \/>\n<meta property=\"og:image\" content=\"http:\/\/ticaret.edu.tr\/elektrik-elektronik-muhendisligi\/wp-content\/uploads\/sites\/20\/2025\/07\/ELEKTRIK-ELEKTRONIK-MUH.-png.png\" \/>\n<meta name=\"twitter:card\" content=\"summary_large_image\" \/>\n<meta name=\"twitter:site\" content=\"@ticaretedutr\" \/>\n<meta name=\"twitter:label1\" content=\"Tahmini okuma s\u00fcresi\" \/>\n\t<meta name=\"twitter:data1\" content=\"1 dakika\" \/>\n<script type=\"application\/ld+json\" class=\"yoast-schema-graph\">{\"@context\":\"https:\/\/schema.org\",\"@graph\":[{\"@type\":\"WebPage\",\"@id\":\"https:\/\/ticaret.edu.tr\/elektrik-elektronik-muhendisligi\/akreditasyon\/\",\"url\":\"https:\/\/ticaret.edu.tr\/elektrik-elektronik-muhendisligi\/akreditasyon\/\",\"name\":\"Akreditasyon - Elektrik Elektronik M\u00fchendisli\u011fi\",\"isPartOf\":{\"@id\":\"http:\/\/ticaret.edu.tr\/elektrik-elektronik-muhendisligi\/#website\"},\"datePublished\":\"2022-11-09T09:25:19+00:00\",\"dateModified\":\"2025-07-22T23:39:51+00:00\",\"breadcrumb\":{\"@id\":\"https:\/\/ticaret.edu.tr\/elektrik-elektronik-muhendisligi\/akreditasyon\/#breadcrumb\"},\"inLanguage\":\"tr\",\"potentialAction\":[{\"@type\":\"ReadAction\",\"target\":[\"https:\/\/ticaret.edu.tr\/elektrik-elektronik-muhendisligi\/akreditasyon\/\"]}]},{\"@type\":\"BreadcrumbList\",\"@id\":\"https:\/\/ticaret.edu.tr\/elektrik-elektronik-muhendisligi\/akreditasyon\/#breadcrumb\",\"itemListElement\":[{\"@type\":\"ListItem\",\"position\":1,\"name\":\"Ana sayfa\",\"item\":\"http:\/\/ticaret.edu.tr\/elektrik-elektronik-muhendisligi\/\"},{\"@type\":\"ListItem\",\"position\":2,\"name\":\"Akreditasyon\"}]},{\"@type\":\"WebSite\",\"@id\":\"http:\/\/ticaret.edu.tr\/elektrik-elektronik-muhendisligi\/#website\",\"url\":\"http:\/\/ticaret.edu.tr\/elektrik-elektronik-muhendisligi\/\",\"name\":\"Elektrik Elektronik M\u00fchendisli\u011fi\",\"description\":\"\",\"potentialAction\":[{\"@type\":\"SearchAction\",\"target\":{\"@type\":\"EntryPoint\",\"urlTemplate\":\"http:\/\/ticaret.edu.tr\/elektrik-elektronik-muhendisligi\/?s={search_term_string}\"},\"query-input\":\"required name=search_term_string\"}],\"inLanguage\":\"tr\"}]}<\/script>\n<!-- \/ Yoast SEO Premium plugin. -->","yoast_head_json":{"title":"Akreditasyon - Elektrik Elektronik M\u00fchendisli\u011fi","robots":{"index":"index","follow":"follow","max-snippet":"max-snippet:-1","max-image-preview":"max-image-preview:large","max-video-preview":"max-video-preview:-1"},"canonical":"https:\/\/ticaret.edu.tr\/elektrik-elektronik-muhendisligi\/akreditasyon\/","og_locale":"tr_TR","og_type":"article","og_title":"Akreditasyon","og_description":"M\u00dcDEK Akreditasyon Sertifikas\u0131 ve EUR-ACE Etiketi\u00a0 Fak\u00fcltemize ba\u011fl\u0131 Elektrik-Elektronik M\u00fchendisli\u011fi B\u00f6l\u00fcm\u00fc, M\u00fchendislik E\u011fitim Programlar\u0131 De\u011ferlendirme ve Akreditasyon Derne\u011fi (M\u00dcDEK)\u00a0taraf\u0131ndan yap\u0131lan de\u011ferlendirme sonucunda gerekli kriterleri sa\u011flayarak 30.09.2027\u00a0tarihine kadar ge\u00e7erli olmak \u00fczere akredite edilmi\u015ftir. Akreditasyon hakk\u0131nda detayl\u0131 bilgi i\u00e7in:\u00a0 Akreditasyon &#8211; M\u00fchendislik Fak\u00fcltesi","og_url":"https:\/\/ticaret.edu.tr\/elektrik-elektronik-muhendisligi\/akreditasyon\/","og_site_name":"Elektrik Elektronik M\u00fchendisli\u011fi","article_publisher":"https:\/\/www.facebook.com\/ticaretedutr","article_modified_time":"2025-07-22T23:39:51+00:00","og_image":[{"url":"http:\/\/ticaret.edu.tr\/elektrik-elektronik-muhendisligi\/wp-content\/uploads\/sites\/20\/2025\/07\/ELEKTRIK-ELEKTRONIK-MUH.-png.png"}],"twitter_card":"summary_large_image","twitter_site":"@ticaretedutr","twitter_misc":{"Tahmini okuma s\u00fcresi":"1 dakika"},"schema":{"@context":"https:\/\/schema.org","@graph":[{"@type":"WebPage","@id":"https:\/\/ticaret.edu.tr\/elektrik-elektronik-muhendisligi\/akreditasyon\/","url":"https:\/\/ticaret.edu.tr\/elektrik-elektronik-muhendisligi\/akreditasyon\/","name":"Akreditasyon - Elektrik Elektronik M\u00fchendisli\u011fi","isPartOf":{"@id":"http:\/\/ticaret.edu.tr\/elektrik-elektronik-muhendisligi\/#website"},"datePublished":"2022-11-09T09:25:19+00:00","dateModified":"2025-07-22T23:39:51+00:00","breadcrumb":{"@id":"https:\/\/ticaret.edu.tr\/elektrik-elektronik-muhendisligi\/akreditasyon\/#breadcrumb"},"inLanguage":"tr","potentialAction":[{"@type":"ReadAction","target":["https:\/\/ticaret.edu.tr\/elektrik-elektronik-muhendisligi\/akreditasyon\/"]}]},{"@type":"BreadcrumbList","@id":"https:\/\/ticaret.edu.tr\/elektrik-elektronik-muhendisligi\/akreditasyon\/#breadcrumb","itemListElement":[{"@type":"ListItem","position":1,"name":"Ana sayfa","item":"http:\/\/ticaret.edu.tr\/elektrik-elektronik-muhendisligi\/"},{"@type":"ListItem","position":2,"name":"Akreditasyon"}]},{"@type":"WebSite","@id":"http:\/\/ticaret.edu.tr\/elektrik-elektronik-muhendisligi\/#website","url":"http:\/\/ticaret.edu.tr\/elektrik-elektronik-muhendisligi\/","name":"Elektrik Elektronik M\u00fchendisli\u011fi","description":"","potentialAction":[{"@type":"SearchAction","target":{"@type":"EntryPoint","urlTemplate":"http:\/\/ticaret.edu.tr\/elektrik-elektronik-muhendisligi\/?s={search_term_string}"},"query-input":"required name=search_term_string"}],"inLanguage":"tr"}]}},"lang":"tr","translations":{"en":1154,"tr":576},"pll_sync_post":[],"_links":{"self":[{"href":"http:\/\/ticaret.edu.tr\/elektrik-elektronik-muhendisligi\/wp-json\/wp\/v2\/pages\/576"}],"collection":[{"href":"http:\/\/ticaret.edu.tr\/elektrik-elektronik-muhendisligi\/wp-json\/wp\/v2\/pages"}],"about":[{"href":"http:\/\/ticaret.edu.tr\/elektrik-elektronik-muhendisligi\/wp-json\/wp\/v2\/types\/page"}],"author":[{"embeddable":true,"href":"http:\/\/ticaret.edu.tr\/elektrik-elektronik-muhendisligi\/wp-json\/wp\/v2\/users\/203"}],"replies":[{"embeddable":true,"href":"http:\/\/ticaret.edu.tr\/elektrik-elektronik-muhendisligi\/wp-json\/wp\/v2\/comments?post=576"}],"version-history":[{"count":7,"href":"http:\/\/ticaret.edu.tr\/elektrik-elektronik-muhendisligi\/wp-json\/wp\/v2\/pages\/576\/revisions"}],"predecessor-version":[{"id":1991,"href":"http:\/\/ticaret.edu.tr\/elektrik-elektronik-muhendisligi\/wp-json\/wp\/v2\/pages\/576\/revisions\/1991"}],"wp:attachment":[{"href":"http:\/\/ticaret.edu.tr\/elektrik-elektronik-muhendisligi\/wp-json\/wp\/v2\/media?parent=576"}],"curies":[{"name":"wp","href":"https:\/\/api.w.org\/{rel}","templated":true}]}}