{"id":584,"date":"2022-11-09T16:52:00","date_gmt":"2022-11-09T13:52:00","guid":{"rendered":"https:\/\/ticaret.edu.tr\/elektrik-elektronik-muhendisligi\/?page_id=584"},"modified":"2025-02-12T09:48:12","modified_gmt":"2025-02-12T06:48:12","slug":"tarihce","status":"publish","type":"page","link":"http:\/\/ticaret.edu.tr\/elektrik-elektronik-muhendisligi\/tarihce\/","title":{"rendered":"Tarih\u00e7e"},"content":{"rendered":"<table width=\"752\">\n<tbody>\n<tr>\n<td width=\"752\">B\u00f6l\u00fcm\u00fcm\u00fcz 9 Mart 2011 tarihinde resmi olarak kuruldu. \u0130lk \u00f6\u011frencilerini 2011-2012 \u00f6\u011fretim y\u0131l\u0131nda kabul etti. \u0130lk mezunlar\u0131n\u0131 2016 y\u0131l\u0131nda verdi. \u0130stanbul Ticaret \u00dcniversitesi, M\u00fchendislik Fak\u00fcltesi, Elektrik-Elektronik (EE) M\u00fchendisli\u011fi B\u00f6l\u00fcm\u00fc, \u00f6\u011frencilerine se\u00e7kin bir lisans e\u011fitimi vermeyi ve sonras\u0131nda da alan\u0131nda uzmanla\u015fm\u0131\u015f kariyerlere sahip olacak m\u00fchendisleri yeti\u015ftirmeyi ama\u00e7lamaktad\u0131r. EE B\u00f6l\u00fcm\u00fc&#8217;n\u00fcn bu ama\u00e7lara ula\u015fma do\u011frultusundaki en b\u00fcy\u00fck destek\u00e7isi \u0130stanbul Ticaret \u00dcnivesitesi&#8217;nin kurucusu olan \u0130stanbul Ticaret Odas\u0131 E\u011fitim ve Sosyal Hizmetler Vakf\u0131, dolay\u0131s\u0131yla \u0130stanbul Ticaret Odas\u0131d\u0131r. Toplamda 81 meslek komitesi, 400 bini bulan \u00fcyesi ile T\u00fcrkiye ekonomisinde hat\u0131r\u0131 say\u0131l\u0131r bir yeri olan \u0130stanbul Ticaret Odas\u0131 verdi\u011fi desteklerle, \u0130stanbul Ticaret \u00dcniversitesi&#8217;nin EE m\u00fchendisli\u011fi alanlar\u0131nda rekabet\u00e7i bir konuma gelmesinde \u00f6nc\u00fc olmu\u015ftur.<\/td>\n<\/tr>\n<\/tbody>\n<\/table>\n","protected":false},"excerpt":{"rendered":"<p>B\u00f6l\u00fcm\u00fcm\u00fcz 9 Mart 2011 tarihinde resmi olarak kuruldu. \u0130lk \u00f6\u011frencilerini 2011-2012 \u00f6\u011fretim y\u0131l\u0131nda kabul etti. \u0130lk mezunlar\u0131n\u0131 2016 y\u0131l\u0131nda verdi. \u0130stanbul Ticaret \u00dcniversitesi, M\u00fchendislik Fak\u00fcltesi, Elektrik-Elektronik (EE) M\u00fchendisli\u011fi B\u00f6l\u00fcm\u00fc, \u00f6\u011frencilerine se\u00e7kin bir lisans e\u011fitimi vermeyi ve sonras\u0131nda da alan\u0131nda uzmanla\u015fm\u0131\u015f kariyerlere sahip olacak m\u00fchendisleri yeti\u015ftirmeyi ama\u00e7lamaktad\u0131r. EE B\u00f6l\u00fcm\u00fc&#8217;n\u00fcn bu ama\u00e7lara ula\u015fma do\u011frultusundaki en b\u00fcy\u00fck destek\u00e7isi [&hellip;]<\/p>\n","protected":false},"author":183,"featured_media":0,"parent":0,"menu_order":0,"comment_status":"closed","ping_status":"closed","template":"genel_sayfa.php","meta":{"footnotes":""},"yoast_head":"<!-- This site is optimized with the Yoast SEO Premium plugin v22.1 (Yoast SEO v22.1) - https:\/\/yoast.com\/wordpress\/plugins\/seo\/ -->\n<title>Tarih\u00e7e - Elektrik Elektronik M\u00fchendisli\u011fi<\/title>\n<meta name=\"robots\" content=\"index, follow, max-snippet:-1, max-image-preview:large, max-video-preview:-1\" \/>\n<link rel=\"canonical\" href=\"https:\/\/ticaret.edu.tr\/elektrik-elektronik-muhendisligi\/tarihce\/\" \/>\n<meta property=\"og:locale\" content=\"tr_TR\" \/>\n<meta property=\"og:type\" content=\"article\" \/>\n<meta property=\"og:title\" content=\"Tarih\u00e7e\" \/>\n<meta property=\"og:description\" content=\"B\u00f6l\u00fcm\u00fcm\u00fcz 9 Mart 2011 tarihinde resmi olarak kuruldu. \u0130lk \u00f6\u011frencilerini 2011-2012 \u00f6\u011fretim y\u0131l\u0131nda kabul etti. \u0130lk mezunlar\u0131n\u0131 2016 y\u0131l\u0131nda verdi. \u0130stanbul Ticaret \u00dcniversitesi, M\u00fchendislik Fak\u00fcltesi, Elektrik-Elektronik (EE) M\u00fchendisli\u011fi B\u00f6l\u00fcm\u00fc, \u00f6\u011frencilerine se\u00e7kin bir lisans e\u011fitimi vermeyi ve sonras\u0131nda da alan\u0131nda uzmanla\u015fm\u0131\u015f kariyerlere sahip olacak m\u00fchendisleri yeti\u015ftirmeyi ama\u00e7lamaktad\u0131r. EE B\u00f6l\u00fcm\u00fc&#8217;n\u00fcn bu ama\u00e7lara ula\u015fma do\u011frultusundaki en b\u00fcy\u00fck destek\u00e7isi [&hellip;]\" \/>\n<meta property=\"og:url\" content=\"https:\/\/ticaret.edu.tr\/elektrik-elektronik-muhendisligi\/tarihce\/\" \/>\n<meta property=\"og:site_name\" content=\"Elektrik Elektronik M\u00fchendisli\u011fi\" \/>\n<meta property=\"article:publisher\" content=\"https:\/\/www.facebook.com\/ticaretedutr\" \/>\n<meta property=\"article:modified_time\" content=\"2025-02-12T06:48:12+00:00\" \/>\n<meta property=\"og:image\" content=\"http:\/\/ticaret.edu.tr\/elektrik-elektronik-muhendisligi\/wp-content\/uploads\/sites\/20\/2021\/11\/web_logo-01.jpg\" \/>\n\t<meta property=\"og:image:width\" content=\"1250\" \/>\n\t<meta property=\"og:image:height\" content=\"833\" \/>\n\t<meta property=\"og:image:type\" content=\"image\/jpeg\" \/>\n<meta name=\"twitter:card\" content=\"summary_large_image\" \/>\n<meta name=\"twitter:site\" content=\"@ticaretedutr\" \/>\n<meta name=\"twitter:label1\" content=\"Tahmini okuma s\u00fcresi\" \/>\n\t<meta name=\"twitter:data1\" content=\"1 dakika\" \/>\n<script type=\"application\/ld+json\" class=\"yoast-schema-graph\">{\"@context\":\"https:\/\/schema.org\",\"@graph\":[{\"@type\":\"WebPage\",\"@id\":\"https:\/\/ticaret.edu.tr\/elektrik-elektronik-muhendisligi\/tarihce\/\",\"url\":\"https:\/\/ticaret.edu.tr\/elektrik-elektronik-muhendisligi\/tarihce\/\",\"name\":\"Tarih\u00e7e - Elektrik Elektronik M\u00fchendisli\u011fi\",\"isPartOf\":{\"@id\":\"https:\/\/ticaret.edu.tr\/elektrik-elektronik-muhendisligi\/en\/#website\"},\"datePublished\":\"2022-11-09T13:52:00+00:00\",\"dateModified\":\"2025-02-12T06:48:12+00:00\",\"breadcrumb\":{\"@id\":\"https:\/\/ticaret.edu.tr\/elektrik-elektronik-muhendisligi\/tarihce\/#breadcrumb\"},\"inLanguage\":\"tr\",\"potentialAction\":[{\"@type\":\"ReadAction\",\"target\":[\"https:\/\/ticaret.edu.tr\/elektrik-elektronik-muhendisligi\/tarihce\/\"]}]},{\"@type\":\"BreadcrumbList\",\"@id\":\"https:\/\/ticaret.edu.tr\/elektrik-elektronik-muhendisligi\/tarihce\/#breadcrumb\",\"itemListElement\":[{\"@type\":\"ListItem\",\"position\":1,\"name\":\"Ana sayfa\",\"item\":\"http:\/\/ticaret.edu.tr\/elektrik-elektronik-muhendisligi\/\"},{\"@type\":\"ListItem\",\"position\":2,\"name\":\"Tarih\u00e7e\"}]},{\"@type\":\"WebSite\",\"@id\":\"https:\/\/ticaret.edu.tr\/elektrik-elektronik-muhendisligi\/en\/#website\",\"url\":\"https:\/\/ticaret.edu.tr\/elektrik-elektronik-muhendisligi\/en\/\",\"name\":\"Elektrik Elektronik M\u00fchendisli\u011fi\",\"description\":\"\",\"potentialAction\":[{\"@type\":\"SearchAction\",\"target\":{\"@type\":\"EntryPoint\",\"urlTemplate\":\"https:\/\/ticaret.edu.tr\/elektrik-elektronik-muhendisligi\/en\/?s={search_term_string}\"},\"query-input\":\"required name=search_term_string\"}],\"inLanguage\":\"tr\"}]}<\/script>\n<!-- \/ Yoast SEO Premium plugin. -->","yoast_head_json":{"title":"Tarih\u00e7e - Elektrik Elektronik M\u00fchendisli\u011fi","robots":{"index":"index","follow":"follow","max-snippet":"max-snippet:-1","max-image-preview":"max-image-preview:large","max-video-preview":"max-video-preview:-1"},"canonical":"https:\/\/ticaret.edu.tr\/elektrik-elektronik-muhendisligi\/tarihce\/","og_locale":"tr_TR","og_type":"article","og_title":"Tarih\u00e7e","og_description":"B\u00f6l\u00fcm\u00fcm\u00fcz 9 Mart 2011 tarihinde resmi olarak kuruldu. \u0130lk \u00f6\u011frencilerini 2011-2012 \u00f6\u011fretim y\u0131l\u0131nda kabul etti. \u0130lk mezunlar\u0131n\u0131 2016 y\u0131l\u0131nda verdi. \u0130stanbul Ticaret \u00dcniversitesi, M\u00fchendislik Fak\u00fcltesi, Elektrik-Elektronik (EE) M\u00fchendisli\u011fi B\u00f6l\u00fcm\u00fc, \u00f6\u011frencilerine se\u00e7kin bir lisans e\u011fitimi vermeyi ve sonras\u0131nda da alan\u0131nda uzmanla\u015fm\u0131\u015f kariyerlere sahip olacak m\u00fchendisleri yeti\u015ftirmeyi ama\u00e7lamaktad\u0131r. EE B\u00f6l\u00fcm\u00fc&#8217;n\u00fcn bu ama\u00e7lara ula\u015fma do\u011frultusundaki en b\u00fcy\u00fck destek\u00e7isi [&hellip;]","og_url":"https:\/\/ticaret.edu.tr\/elektrik-elektronik-muhendisligi\/tarihce\/","og_site_name":"Elektrik Elektronik M\u00fchendisli\u011fi","article_publisher":"https:\/\/www.facebook.com\/ticaretedutr","article_modified_time":"2025-02-12T06:48:12+00:00","og_image":[{"width":1250,"height":833,"url":"http:\/\/ticaret.edu.tr\/elektrik-elektronik-muhendisligi\/wp-content\/uploads\/sites\/20\/2021\/11\/web_logo-01.jpg","type":"image\/jpeg"}],"twitter_card":"summary_large_image","twitter_site":"@ticaretedutr","twitter_misc":{"Tahmini okuma s\u00fcresi":"1 dakika"},"schema":{"@context":"https:\/\/schema.org","@graph":[{"@type":"WebPage","@id":"https:\/\/ticaret.edu.tr\/elektrik-elektronik-muhendisligi\/tarihce\/","url":"https:\/\/ticaret.edu.tr\/elektrik-elektronik-muhendisligi\/tarihce\/","name":"Tarih\u00e7e - Elektrik Elektronik M\u00fchendisli\u011fi","isPartOf":{"@id":"https:\/\/ticaret.edu.tr\/elektrik-elektronik-muhendisligi\/en\/#website"},"datePublished":"2022-11-09T13:52:00+00:00","dateModified":"2025-02-12T06:48:12+00:00","breadcrumb":{"@id":"https:\/\/ticaret.edu.tr\/elektrik-elektronik-muhendisligi\/tarihce\/#breadcrumb"},"inLanguage":"tr","potentialAction":[{"@type":"ReadAction","target":["https:\/\/ticaret.edu.tr\/elektrik-elektronik-muhendisligi\/tarihce\/"]}]},{"@type":"BreadcrumbList","@id":"https:\/\/ticaret.edu.tr\/elektrik-elektronik-muhendisligi\/tarihce\/#breadcrumb","itemListElement":[{"@type":"ListItem","position":1,"name":"Ana sayfa","item":"http:\/\/ticaret.edu.tr\/elektrik-elektronik-muhendisligi\/"},{"@type":"ListItem","position":2,"name":"Tarih\u00e7e"}]},{"@type":"WebSite","@id":"https:\/\/ticaret.edu.tr\/elektrik-elektronik-muhendisligi\/en\/#website","url":"https:\/\/ticaret.edu.tr\/elektrik-elektronik-muhendisligi\/en\/","name":"Elektrik Elektronik M\u00fchendisli\u011fi","description":"","potentialAction":[{"@type":"SearchAction","target":{"@type":"EntryPoint","urlTemplate":"https:\/\/ticaret.edu.tr\/elektrik-elektronik-muhendisligi\/en\/?s={search_term_string}"},"query-input":"required name=search_term_string"}],"inLanguage":"tr"}]}},"lang":"tr","translations":{"en":1170,"tr":584},"pll_sync_post":[],"_links":{"self":[{"href":"http:\/\/ticaret.edu.tr\/elektrik-elektronik-muhendisligi\/wp-json\/wp\/v2\/pages\/584"}],"collection":[{"href":"http:\/\/ticaret.edu.tr\/elektrik-elektronik-muhendisligi\/wp-json\/wp\/v2\/pages"}],"about":[{"href":"http:\/\/ticaret.edu.tr\/elektrik-elektronik-muhendisligi\/wp-json\/wp\/v2\/types\/page"}],"author":[{"embeddable":true,"href":"http:\/\/ticaret.edu.tr\/elektrik-elektronik-muhendisligi\/wp-json\/wp\/v2\/users\/183"}],"replies":[{"embeddable":true,"href":"http:\/\/ticaret.edu.tr\/elektrik-elektronik-muhendisligi\/wp-json\/wp\/v2\/comments?post=584"}],"version-history":[{"count":2,"href":"http:\/\/ticaret.edu.tr\/elektrik-elektronik-muhendisligi\/wp-json\/wp\/v2\/pages\/584\/revisions"}],"predecessor-version":[{"id":1742,"href":"http:\/\/ticaret.edu.tr\/elektrik-elektronik-muhendisligi\/wp-json\/wp\/v2\/pages\/584\/revisions\/1742"}],"wp:attachment":[{"href":"http:\/\/ticaret.edu.tr\/elektrik-elektronik-muhendisligi\/wp-json\/wp\/v2\/media?parent=584"}],"curies":[{"name":"wp","href":"https:\/\/api.w.org\/{rel}","templated":true}]}}