{"id":586,"date":"2022-11-09T16:52:04","date_gmt":"2022-11-09T13:52:04","guid":{"rendered":"https:\/\/ticaret.edu.tr\/elektrik-elektronik-muhendisligi\/?page_id=586"},"modified":"2025-02-12T09:48:30","modified_gmt":"2025-02-12T06:48:30","slug":"vizyon-misyon","status":"publish","type":"page","link":"http:\/\/ticaret.edu.tr\/elektrik-elektronik-muhendisligi\/vizyon-misyon\/","title":{"rendered":"Vizyon &#8211; Misyon"},"content":{"rendered":"<table width=\"752\">\n<tbody>\n<tr>\n<td width=\"752\"><strong>Elektrik-Elektronik M\u00fchendisli\u011fi B\u00f6l\u00fcm\u00fc\u2019n\u00fcn Vizyonu<\/strong><\/p>\n<p>Elektrik-Elektronik M\u00fchendisli\u011fi alan\u0131nda bilginin geli\u015fimine y\u00f6n veren, kaliteli e\u011fitim ve ara\u015ft\u0131rma yapan k\u00fcresel seviyede bir b\u00f6l\u00fcm olmakt\u0131r.<\/p>\n<p><strong>Elektrik-Elektronik M\u00fchendisli\u011fi B\u00f6l\u00fcm\u00fc\u2019n\u00fcn Misyonu<\/strong><\/p>\n<p>Uluslararas\u0131 d\u00fczeyde bilginin \u00fcretimine ve s\u0131n\u0131rlar\u0131n\u0131n geni\u015fletilmesine katk\u0131 sa\u011flayan, etik de\u011ferlere sahip, yenilik\u00e7i, \u00fcretken, sorumluluk sahibi bireyler yeti\u015ftiren, insanl\u0131\u011f\u0131n ihtiya\u00e7lar\u0131na cevap veren bir m\u00fchendislik b\u00f6l\u00fcm\u00fc olmakt\u0131r.<\/p>\n<p>&nbsp;<\/td>\n<\/tr>\n<\/tbody>\n<\/table>\n","protected":false},"excerpt":{"rendered":"<p>Elektrik-Elektronik M\u00fchendisli\u011fi B\u00f6l\u00fcm\u00fc\u2019n\u00fcn Vizyonu Elektrik-Elektronik M\u00fchendisli\u011fi alan\u0131nda bilginin geli\u015fimine y\u00f6n veren, kaliteli e\u011fitim ve ara\u015ft\u0131rma yapan k\u00fcresel seviyede bir b\u00f6l\u00fcm olmakt\u0131r. Elektrik-Elektronik M\u00fchendisli\u011fi B\u00f6l\u00fcm\u00fc\u2019n\u00fcn Misyonu Uluslararas\u0131 d\u00fczeyde bilginin \u00fcretimine ve s\u0131n\u0131rlar\u0131n\u0131n geni\u015fletilmesine katk\u0131 sa\u011flayan, etik de\u011ferlere sahip, yenilik\u00e7i, \u00fcretken, sorumluluk sahibi bireyler yeti\u015ftiren, insanl\u0131\u011f\u0131n ihtiya\u00e7lar\u0131na cevap veren bir m\u00fchendislik b\u00f6l\u00fcm\u00fc olmakt\u0131r. &nbsp;<\/p>\n","protected":false},"author":203,"featured_media":0,"parent":0,"menu_order":0,"comment_status":"closed","ping_status":"closed","template":"genel_sayfa.php","meta":{"footnotes":""},"yoast_head":"<!-- This site is optimized with the Yoast SEO Premium plugin v22.1 (Yoast SEO v22.1) - https:\/\/yoast.com\/wordpress\/plugins\/seo\/ -->\n<title>Vizyon - Misyon - Elektrik Elektronik M\u00fchendisli\u011fi<\/title>\n<meta name=\"robots\" content=\"index, follow, max-snippet:-1, max-image-preview:large, max-video-preview:-1\" \/>\n<link rel=\"canonical\" href=\"https:\/\/ticaret.edu.tr\/elektrik-elektronik-muhendisligi\/vizyon-misyon\/\" \/>\n<meta property=\"og:locale\" content=\"tr_TR\" \/>\n<meta property=\"og:type\" content=\"article\" \/>\n<meta property=\"og:title\" content=\"Vizyon - Misyon\" \/>\n<meta property=\"og:description\" content=\"Elektrik-Elektronik M\u00fchendisli\u011fi B\u00f6l\u00fcm\u00fc\u2019n\u00fcn Vizyonu Elektrik-Elektronik M\u00fchendisli\u011fi alan\u0131nda bilginin geli\u015fimine y\u00f6n veren, kaliteli e\u011fitim ve ara\u015ft\u0131rma yapan k\u00fcresel seviyede bir b\u00f6l\u00fcm olmakt\u0131r. Elektrik-Elektronik M\u00fchendisli\u011fi B\u00f6l\u00fcm\u00fc\u2019n\u00fcn Misyonu Uluslararas\u0131 d\u00fczeyde bilginin \u00fcretimine ve s\u0131n\u0131rlar\u0131n\u0131n geni\u015fletilmesine katk\u0131 sa\u011flayan, etik de\u011ferlere sahip, yenilik\u00e7i, \u00fcretken, sorumluluk sahibi bireyler yeti\u015ftiren, insanl\u0131\u011f\u0131n ihtiya\u00e7lar\u0131na cevap veren bir m\u00fchendislik b\u00f6l\u00fcm\u00fc olmakt\u0131r. &nbsp;\" \/>\n<meta property=\"og:url\" content=\"https:\/\/ticaret.edu.tr\/elektrik-elektronik-muhendisligi\/vizyon-misyon\/\" \/>\n<meta property=\"og:site_name\" content=\"Elektrik Elektronik M\u00fchendisli\u011fi\" \/>\n<meta property=\"article:publisher\" content=\"https:\/\/www.facebook.com\/ticaretedutr\" \/>\n<meta property=\"article:modified_time\" content=\"2025-02-12T06:48:30+00:00\" \/>\n<meta property=\"og:image\" content=\"http:\/\/ticaret.edu.tr\/elektrik-elektronik-muhendisligi\/wp-content\/uploads\/sites\/20\/2021\/11\/web_logo-01.jpg\" \/>\n\t<meta property=\"og:image:width\" content=\"1250\" \/>\n\t<meta property=\"og:image:height\" content=\"833\" \/>\n\t<meta property=\"og:image:type\" content=\"image\/jpeg\" \/>\n<meta name=\"twitter:card\" content=\"summary_large_image\" \/>\n<meta name=\"twitter:site\" content=\"@ticaretedutr\" \/>\n<meta name=\"twitter:label1\" content=\"Tahmini okuma s\u00fcresi\" \/>\n\t<meta name=\"twitter:data1\" content=\"1 dakika\" \/>\n<script type=\"application\/ld+json\" class=\"yoast-schema-graph\">{\"@context\":\"https:\/\/schema.org\",\"@graph\":[{\"@type\":\"WebPage\",\"@id\":\"https:\/\/ticaret.edu.tr\/elektrik-elektronik-muhendisligi\/vizyon-misyon\/\",\"url\":\"https:\/\/ticaret.edu.tr\/elektrik-elektronik-muhendisligi\/vizyon-misyon\/\",\"name\":\"Vizyon - Misyon - Elektrik Elektronik M\u00fchendisli\u011fi\",\"isPartOf\":{\"@id\":\"https:\/\/ticaret.edu.tr\/elektrik-elektronik-muhendisligi\/en\/#website\"},\"datePublished\":\"2022-11-09T13:52:04+00:00\",\"dateModified\":\"2025-02-12T06:48:30+00:00\",\"breadcrumb\":{\"@id\":\"https:\/\/ticaret.edu.tr\/elektrik-elektronik-muhendisligi\/vizyon-misyon\/#breadcrumb\"},\"inLanguage\":\"tr\",\"potentialAction\":[{\"@type\":\"ReadAction\",\"target\":[\"https:\/\/ticaret.edu.tr\/elektrik-elektronik-muhendisligi\/vizyon-misyon\/\"]}]},{\"@type\":\"BreadcrumbList\",\"@id\":\"https:\/\/ticaret.edu.tr\/elektrik-elektronik-muhendisligi\/vizyon-misyon\/#breadcrumb\",\"itemListElement\":[{\"@type\":\"ListItem\",\"position\":1,\"name\":\"Ana sayfa\",\"item\":\"http:\/\/ticaret.edu.tr\/elektrik-elektronik-muhendisligi\/\"},{\"@type\":\"ListItem\",\"position\":2,\"name\":\"Vizyon &#8211; Misyon\"}]},{\"@type\":\"WebSite\",\"@id\":\"https:\/\/ticaret.edu.tr\/elektrik-elektronik-muhendisligi\/en\/#website\",\"url\":\"https:\/\/ticaret.edu.tr\/elektrik-elektronik-muhendisligi\/en\/\",\"name\":\"Elektrik Elektronik M\u00fchendisli\u011fi\",\"description\":\"\",\"potentialAction\":[{\"@type\":\"SearchAction\",\"target\":{\"@type\":\"EntryPoint\",\"urlTemplate\":\"https:\/\/ticaret.edu.tr\/elektrik-elektronik-muhendisligi\/en\/?s={search_term_string}\"},\"query-input\":\"required name=search_term_string\"}],\"inLanguage\":\"tr\"}]}<\/script>\n<!-- \/ Yoast SEO Premium plugin. -->","yoast_head_json":{"title":"Vizyon - Misyon - Elektrik Elektronik M\u00fchendisli\u011fi","robots":{"index":"index","follow":"follow","max-snippet":"max-snippet:-1","max-image-preview":"max-image-preview:large","max-video-preview":"max-video-preview:-1"},"canonical":"https:\/\/ticaret.edu.tr\/elektrik-elektronik-muhendisligi\/vizyon-misyon\/","og_locale":"tr_TR","og_type":"article","og_title":"Vizyon - Misyon","og_description":"Elektrik-Elektronik M\u00fchendisli\u011fi B\u00f6l\u00fcm\u00fc\u2019n\u00fcn Vizyonu Elektrik-Elektronik M\u00fchendisli\u011fi alan\u0131nda bilginin geli\u015fimine y\u00f6n veren, kaliteli e\u011fitim ve ara\u015ft\u0131rma yapan k\u00fcresel seviyede bir b\u00f6l\u00fcm olmakt\u0131r. Elektrik-Elektronik M\u00fchendisli\u011fi B\u00f6l\u00fcm\u00fc\u2019n\u00fcn Misyonu Uluslararas\u0131 d\u00fczeyde bilginin \u00fcretimine ve s\u0131n\u0131rlar\u0131n\u0131n geni\u015fletilmesine katk\u0131 sa\u011flayan, etik de\u011ferlere sahip, yenilik\u00e7i, \u00fcretken, sorumluluk sahibi bireyler yeti\u015ftiren, insanl\u0131\u011f\u0131n ihtiya\u00e7lar\u0131na cevap veren bir m\u00fchendislik b\u00f6l\u00fcm\u00fc olmakt\u0131r. &nbsp;","og_url":"https:\/\/ticaret.edu.tr\/elektrik-elektronik-muhendisligi\/vizyon-misyon\/","og_site_name":"Elektrik Elektronik M\u00fchendisli\u011fi","article_publisher":"https:\/\/www.facebook.com\/ticaretedutr","article_modified_time":"2025-02-12T06:48:30+00:00","og_image":[{"width":1250,"height":833,"url":"http:\/\/ticaret.edu.tr\/elektrik-elektronik-muhendisligi\/wp-content\/uploads\/sites\/20\/2021\/11\/web_logo-01.jpg","type":"image\/jpeg"}],"twitter_card":"summary_large_image","twitter_site":"@ticaretedutr","twitter_misc":{"Tahmini okuma s\u00fcresi":"1 dakika"},"schema":{"@context":"https:\/\/schema.org","@graph":[{"@type":"WebPage","@id":"https:\/\/ticaret.edu.tr\/elektrik-elektronik-muhendisligi\/vizyon-misyon\/","url":"https:\/\/ticaret.edu.tr\/elektrik-elektronik-muhendisligi\/vizyon-misyon\/","name":"Vizyon - Misyon - Elektrik Elektronik M\u00fchendisli\u011fi","isPartOf":{"@id":"https:\/\/ticaret.edu.tr\/elektrik-elektronik-muhendisligi\/en\/#website"},"datePublished":"2022-11-09T13:52:04+00:00","dateModified":"2025-02-12T06:48:30+00:00","breadcrumb":{"@id":"https:\/\/ticaret.edu.tr\/elektrik-elektronik-muhendisligi\/vizyon-misyon\/#breadcrumb"},"inLanguage":"tr","potentialAction":[{"@type":"ReadAction","target":["https:\/\/ticaret.edu.tr\/elektrik-elektronik-muhendisligi\/vizyon-misyon\/"]}]},{"@type":"BreadcrumbList","@id":"https:\/\/ticaret.edu.tr\/elektrik-elektronik-muhendisligi\/vizyon-misyon\/#breadcrumb","itemListElement":[{"@type":"ListItem","position":1,"name":"Ana sayfa","item":"http:\/\/ticaret.edu.tr\/elektrik-elektronik-muhendisligi\/"},{"@type":"ListItem","position":2,"name":"Vizyon &#8211; Misyon"}]},{"@type":"WebSite","@id":"https:\/\/ticaret.edu.tr\/elektrik-elektronik-muhendisligi\/en\/#website","url":"https:\/\/ticaret.edu.tr\/elektrik-elektronik-muhendisligi\/en\/","name":"Elektrik Elektronik M\u00fchendisli\u011fi","description":"","potentialAction":[{"@type":"SearchAction","target":{"@type":"EntryPoint","urlTemplate":"https:\/\/ticaret.edu.tr\/elektrik-elektronik-muhendisligi\/en\/?s={search_term_string}"},"query-input":"required name=search_term_string"}],"inLanguage":"tr"}]}},"lang":"tr","translations":{"en":1172,"tr":586},"pll_sync_post":[],"_links":{"self":[{"href":"http:\/\/ticaret.edu.tr\/elektrik-elektronik-muhendisligi\/wp-json\/wp\/v2\/pages\/586"}],"collection":[{"href":"http:\/\/ticaret.edu.tr\/elektrik-elektronik-muhendisligi\/wp-json\/wp\/v2\/pages"}],"about":[{"href":"http:\/\/ticaret.edu.tr\/elektrik-elektronik-muhendisligi\/wp-json\/wp\/v2\/types\/page"}],"author":[{"embeddable":true,"href":"http:\/\/ticaret.edu.tr\/elektrik-elektronik-muhendisligi\/wp-json\/wp\/v2\/users\/203"}],"replies":[{"embeddable":true,"href":"http:\/\/ticaret.edu.tr\/elektrik-elektronik-muhendisligi\/wp-json\/wp\/v2\/comments?post=586"}],"version-history":[{"count":9,"href":"http:\/\/ticaret.edu.tr\/elektrik-elektronik-muhendisligi\/wp-json\/wp\/v2\/pages\/586\/revisions"}],"predecessor-version":[{"id":1743,"href":"http:\/\/ticaret.edu.tr\/elektrik-elektronik-muhendisligi\/wp-json\/wp\/v2\/pages\/586\/revisions\/1743"}],"wp:attachment":[{"href":"http:\/\/ticaret.edu.tr\/elektrik-elektronik-muhendisligi\/wp-json\/wp\/v2\/media?parent=586"}],"curies":[{"name":"wp","href":"https:\/\/api.w.org\/{rel}","templated":true}]}}