{"id":594,"date":"2022-11-09T16:50:32","date_gmt":"2022-11-09T13:50:32","guid":{"rendered":"https:\/\/ticaret.edu.tr\/elektrik-elektronik-muhendisligi\/?page_id=594"},"modified":"2025-09-29T09:06:38","modified_gmt":"2025-09-29T06:06:38","slug":"bolum-kurul-ve-komisyonlari","status":"publish","type":"page","link":"http:\/\/ticaret.edu.tr\/elektrik-elektronik-muhendisligi\/bolum-kurul-ve-komisyonlari\/","title":{"rendered":"B\u00f6l\u00fcm Kurul ve Komisyonlar\u0131"},"content":{"rendered":"<table>\n<tbody>\n<tr>\n<td><strong>\u0130ntibak Komisyonu<\/strong><\/p>\n<ul>\n<li>Prof. Dr. Fatih \u00dcst\u00fcner (Ba\u015fkan)<\/li>\n<li>Prof. Dr. Nedim Tutkun (\u00dcye)<\/li>\n<li>Prof. Dr. Mehmet Sezgin (\u00dcye)<\/li>\n<li>Ar\u015f .G\u00f6r.\u00a0 Aynur Tuba \u00c7akmak (Raport\u00f6r)<\/li>\n<\/ul>\n<p><strong>\u00c7ift Anadal ve Yandal Komisyonu<\/strong><\/p>\n<ul>\n<li>Prof. Dr. Fatih \u00dcst\u00fcner (Ba\u015fkan)<\/li>\n<li>Prof. Dr. Nedim Tutkun (\u00dcye)<\/li>\n<li>Prof. Dr. Mehmet Sezgin (\u00dcye)<\/li>\n<li>Ar\u015f .G\u00f6r.\u00a0 Aynur Tuba \u00c7akmak (Raport\u00f6r)<\/li>\n<\/ul>\n<p><strong>Akreditasyon Komisyonu<\/strong><\/p>\n<ul>\n<li>Prof. Dr. Fatih \u00dcst\u00fcner (Ba\u015fkan)<\/li>\n<li>Prof. Dr. Nedim Tutkun (\u00dcye)<\/li>\n<li>Prof. Dr. Mehmet Sezgin (\u00dcye)<\/li>\n<li>Ar\u015f .G\u00f6r.\u00a0 Aynur Tuba \u00c7akmak (Raport\u00f6r)<\/li>\n<\/ul>\n<p><strong>M\u00fcfredat Komisyonu<\/strong><\/p>\n<ul>\n<li>Prof. Dr. Fatih \u00dcst\u00fcner (Ba\u015fkan)<\/li>\n<li>Prof. Dr. Nedim Tutkun (\u00dcye)<\/li>\n<li>Prof. Dr. Mehmet Sezgin (\u00dcye)<\/li>\n<li>Dr. \u00d6\u011fr. \u00dcyesi Esra \u00c7elik (\u00dcye)<\/li>\n<\/ul>\n<p><strong>Kalite Komisyonu<\/strong><\/p>\n<ul>\n<li>Prof. Dr. Fatih \u00dcst\u00fcner (Ba\u015fkan)<\/li>\n<li>Prof. Dr. Nedim Tutkun (\u00dcye)<\/li>\n<li>Prof. Dr. Mehmet Sezgin (\u00dcye-Kalite El\u00e7isi)<\/li>\n<li>\u00d6\u011frenci Temsilcisi M\u0131sra Baran (\u00dcye)<\/li>\n<\/ul>\n<p><strong>Staj Komisyonu<\/strong><\/p>\n<ul>\n<li>Prof. Dr. Mehmet Sezgin (Ba\u015fkan)<\/li>\n<li>Prof. Dr. Nedim Tutkun (\u00dcye)<\/li>\n<li>Dr. \u00d6\u011fr. \u00dcyesi Esra \u00c7elik (\u00dcye)<\/li>\n<li>Ar\u015f. G\u00f6r. Fatih Yi\u011fit (Raport\u00f6r)<\/li>\n<\/ul>\n<p><strong>Bitirme Projeleri Komisyonu<\/strong><\/p>\n<ul>\n<li>Prof. Dr. Nedim Tutkun (Ba\u015fkan)<\/li>\n<li>Prof. Dr. Mehmet Sezgin (\u00dcye)<\/li>\n<li>Dr. \u00d6\u011fr. \u00dcyesi Esra \u00c7elik (\u00dcye)<\/li>\n<li>Ar\u015f. G\u00f6r. Fatih Yi\u011fit (Raport\u00f6r)<\/li>\n<\/ul>\n<p><strong>Erasmus, Farabi, Mevlana, Orhun Programlar\u0131 Dan\u0131\u015fman\u0131<\/strong><\/p>\n<ul>\n<li>Prof. Dr. Mehmet Sezgin<\/li>\n<\/ul>\n<p><strong>Lisans S\u0131nav Programlar\u0131 Sorumlusu<\/strong><\/p>\n<ul>\n<li>\u00a0Ar\u015f. G\u00f6r. Fatih Yi\u011fit<\/li>\n<\/ul>\n<p><strong>B\u00f6l\u00fcm Web Sayfa Sorumlusu <\/strong><\/p>\n<ul>\n<li>Ar\u015f. G\u00f6r. Aynur Tuba \u00c7akmak<\/li>\n<\/ul>\n<\/td>\n<\/tr>\n<\/tbody>\n<\/table>\n","protected":false},"excerpt":{"rendered":"<p>\u0130ntibak Komisyonu Prof. Dr. Fatih \u00dcst\u00fcner (Ba\u015fkan) Prof. Dr. Nedim Tutkun (\u00dcye) Prof. Dr. Mehmet Sezgin (\u00dcye) Ar\u015f .G\u00f6r.\u00a0 Aynur Tuba \u00c7akmak (Raport\u00f6r) \u00c7ift Anadal ve Yandal Komisyonu Prof. Dr. Fatih \u00dcst\u00fcner (Ba\u015fkan) Prof. Dr. Nedim Tutkun (\u00dcye) Prof. Dr. Mehmet Sezgin (\u00dcye) Ar\u015f .G\u00f6r.\u00a0 Aynur Tuba \u00c7akmak (Raport\u00f6r) Akreditasyon Komisyonu Prof. Dr. Fatih \u00dcst\u00fcner [&hellip;]<\/p>\n","protected":false},"author":203,"featured_media":0,"parent":0,"menu_order":0,"comment_status":"closed","ping_status":"closed","template":"genel_sayfa.php","meta":{"footnotes":""},"yoast_head":"<!-- This site is optimized with the Yoast SEO Premium plugin v22.1 (Yoast SEO v22.1) - https:\/\/yoast.com\/wordpress\/plugins\/seo\/ -->\n<title>B\u00f6l\u00fcm Kurul ve Komisyonlar\u0131 - Elektrik Elektronik M\u00fchendisli\u011fi<\/title>\n<meta name=\"robots\" content=\"index, follow, max-snippet:-1, max-image-preview:large, max-video-preview:-1\" \/>\n<link rel=\"canonical\" href=\"http:\/\/ticaret.edu.tr\/elektrik-elektronik-muhendisligi\/bolum-kurul-ve-komisyonlari\/\" \/>\n<meta property=\"og:locale\" content=\"tr_TR\" \/>\n<meta property=\"og:type\" content=\"article\" \/>\n<meta property=\"og:title\" content=\"B\u00f6l\u00fcm Kurul ve Komisyonlar\u0131\" \/>\n<meta property=\"og:description\" content=\"\u0130ntibak Komisyonu Prof. Dr. Fatih \u00dcst\u00fcner (Ba\u015fkan) Prof. Dr. Nedim Tutkun (\u00dcye) Prof. Dr. Mehmet Sezgin (\u00dcye) Ar\u015f .G\u00f6r.\u00a0 Aynur Tuba \u00c7akmak (Raport\u00f6r) \u00c7ift Anadal ve Yandal Komisyonu Prof. Dr. Fatih \u00dcst\u00fcner (Ba\u015fkan) Prof. Dr. Nedim Tutkun (\u00dcye) Prof. Dr. Mehmet Sezgin (\u00dcye) Ar\u015f .G\u00f6r.\u00a0 Aynur Tuba \u00c7akmak (Raport\u00f6r) Akreditasyon Komisyonu Prof. Dr. Fatih \u00dcst\u00fcner [&hellip;]\" \/>\n<meta property=\"og:url\" content=\"http:\/\/ticaret.edu.tr\/elektrik-elektronik-muhendisligi\/bolum-kurul-ve-komisyonlari\/\" \/>\n<meta property=\"og:site_name\" content=\"Elektrik Elektronik M\u00fchendisli\u011fi\" \/>\n<meta property=\"article:publisher\" content=\"https:\/\/www.facebook.com\/ticaretedutr\" \/>\n<meta property=\"article:modified_time\" content=\"2025-09-29T06:06:38+00:00\" \/>\n<meta property=\"og:image\" content=\"http:\/\/ticaret.edu.tr\/elektrik-elektronik-muhendisligi\/wp-content\/uploads\/sites\/20\/2021\/11\/web_logo-01.jpg\" \/>\n\t<meta property=\"og:image:width\" content=\"1250\" \/>\n\t<meta property=\"og:image:height\" content=\"833\" \/>\n\t<meta property=\"og:image:type\" content=\"image\/jpeg\" \/>\n<meta name=\"twitter:card\" content=\"summary_large_image\" \/>\n<meta name=\"twitter:site\" content=\"@ticaretedutr\" \/>\n<meta name=\"twitter:label1\" content=\"Tahmini okuma s\u00fcresi\" \/>\n\t<meta name=\"twitter:data1\" content=\"2 dakika\" \/>\n<script type=\"application\/ld+json\" class=\"yoast-schema-graph\">{\"@context\":\"https:\/\/schema.org\",\"@graph\":[{\"@type\":\"WebPage\",\"@id\":\"http:\/\/ticaret.edu.tr\/elektrik-elektronik-muhendisligi\/bolum-kurul-ve-komisyonlari\/\",\"url\":\"http:\/\/ticaret.edu.tr\/elektrik-elektronik-muhendisligi\/bolum-kurul-ve-komisyonlari\/\",\"name\":\"B\u00f6l\u00fcm Kurul ve Komisyonlar\u0131 - Elektrik Elektronik M\u00fchendisli\u011fi\",\"isPartOf\":{\"@id\":\"http:\/\/ticaret.edu.tr\/elektrik-elektronik-muhendisligi\/#website\"},\"datePublished\":\"2022-11-09T13:50:32+00:00\",\"dateModified\":\"2025-09-29T06:06:38+00:00\",\"breadcrumb\":{\"@id\":\"http:\/\/ticaret.edu.tr\/elektrik-elektronik-muhendisligi\/bolum-kurul-ve-komisyonlari\/#breadcrumb\"},\"inLanguage\":\"tr\",\"potentialAction\":[{\"@type\":\"ReadAction\",\"target\":[\"http:\/\/ticaret.edu.tr\/elektrik-elektronik-muhendisligi\/bolum-kurul-ve-komisyonlari\/\"]}]},{\"@type\":\"BreadcrumbList\",\"@id\":\"http:\/\/ticaret.edu.tr\/elektrik-elektronik-muhendisligi\/bolum-kurul-ve-komisyonlari\/#breadcrumb\",\"itemListElement\":[{\"@type\":\"ListItem\",\"position\":1,\"name\":\"Ana sayfa\",\"item\":\"http:\/\/ticaret.edu.tr\/elektrik-elektronik-muhendisligi\/\"},{\"@type\":\"ListItem\",\"position\":2,\"name\":\"B\u00f6l\u00fcm Kurul ve Komisyonlar\u0131\"}]},{\"@type\":\"WebSite\",\"@id\":\"http:\/\/ticaret.edu.tr\/elektrik-elektronik-muhendisligi\/#website\",\"url\":\"http:\/\/ticaret.edu.tr\/elektrik-elektronik-muhendisligi\/\",\"name\":\"Elektrik Elektronik M\u00fchendisli\u011fi\",\"description\":\"\",\"potentialAction\":[{\"@type\":\"SearchAction\",\"target\":{\"@type\":\"EntryPoint\",\"urlTemplate\":\"http:\/\/ticaret.edu.tr\/elektrik-elektronik-muhendisligi\/?s={search_term_string}\"},\"query-input\":\"required name=search_term_string\"}],\"inLanguage\":\"tr\"}]}<\/script>\n<!-- \/ Yoast SEO Premium plugin. -->","yoast_head_json":{"title":"B\u00f6l\u00fcm Kurul ve Komisyonlar\u0131 - Elektrik Elektronik M\u00fchendisli\u011fi","robots":{"index":"index","follow":"follow","max-snippet":"max-snippet:-1","max-image-preview":"max-image-preview:large","max-video-preview":"max-video-preview:-1"},"canonical":"http:\/\/ticaret.edu.tr\/elektrik-elektronik-muhendisligi\/bolum-kurul-ve-komisyonlari\/","og_locale":"tr_TR","og_type":"article","og_title":"B\u00f6l\u00fcm Kurul ve Komisyonlar\u0131","og_description":"\u0130ntibak Komisyonu Prof. Dr. Fatih \u00dcst\u00fcner (Ba\u015fkan) Prof. Dr. Nedim Tutkun (\u00dcye) Prof. Dr. Mehmet Sezgin (\u00dcye) Ar\u015f .G\u00f6r.\u00a0 Aynur Tuba \u00c7akmak (Raport\u00f6r) \u00c7ift Anadal ve Yandal Komisyonu Prof. Dr. Fatih \u00dcst\u00fcner (Ba\u015fkan) Prof. Dr. Nedim Tutkun (\u00dcye) Prof. Dr. Mehmet Sezgin (\u00dcye) Ar\u015f .G\u00f6r.\u00a0 Aynur Tuba \u00c7akmak (Raport\u00f6r) Akreditasyon Komisyonu Prof. Dr. Fatih \u00dcst\u00fcner [&hellip;]","og_url":"http:\/\/ticaret.edu.tr\/elektrik-elektronik-muhendisligi\/bolum-kurul-ve-komisyonlari\/","og_site_name":"Elektrik Elektronik M\u00fchendisli\u011fi","article_publisher":"https:\/\/www.facebook.com\/ticaretedutr","article_modified_time":"2025-09-29T06:06:38+00:00","og_image":[{"width":1250,"height":833,"url":"http:\/\/ticaret.edu.tr\/elektrik-elektronik-muhendisligi\/wp-content\/uploads\/sites\/20\/2021\/11\/web_logo-01.jpg","type":"image\/jpeg"}],"twitter_card":"summary_large_image","twitter_site":"@ticaretedutr","twitter_misc":{"Tahmini okuma s\u00fcresi":"2 dakika"},"schema":{"@context":"https:\/\/schema.org","@graph":[{"@type":"WebPage","@id":"http:\/\/ticaret.edu.tr\/elektrik-elektronik-muhendisligi\/bolum-kurul-ve-komisyonlari\/","url":"http:\/\/ticaret.edu.tr\/elektrik-elektronik-muhendisligi\/bolum-kurul-ve-komisyonlari\/","name":"B\u00f6l\u00fcm Kurul ve Komisyonlar\u0131 - Elektrik Elektronik M\u00fchendisli\u011fi","isPartOf":{"@id":"http:\/\/ticaret.edu.tr\/elektrik-elektronik-muhendisligi\/#website"},"datePublished":"2022-11-09T13:50:32+00:00","dateModified":"2025-09-29T06:06:38+00:00","breadcrumb":{"@id":"http:\/\/ticaret.edu.tr\/elektrik-elektronik-muhendisligi\/bolum-kurul-ve-komisyonlari\/#breadcrumb"},"inLanguage":"tr","potentialAction":[{"@type":"ReadAction","target":["http:\/\/ticaret.edu.tr\/elektrik-elektronik-muhendisligi\/bolum-kurul-ve-komisyonlari\/"]}]},{"@type":"BreadcrumbList","@id":"http:\/\/ticaret.edu.tr\/elektrik-elektronik-muhendisligi\/bolum-kurul-ve-komisyonlari\/#breadcrumb","itemListElement":[{"@type":"ListItem","position":1,"name":"Ana sayfa","item":"http:\/\/ticaret.edu.tr\/elektrik-elektronik-muhendisligi\/"},{"@type":"ListItem","position":2,"name":"B\u00f6l\u00fcm Kurul ve Komisyonlar\u0131"}]},{"@type":"WebSite","@id":"http:\/\/ticaret.edu.tr\/elektrik-elektronik-muhendisligi\/#website","url":"http:\/\/ticaret.edu.tr\/elektrik-elektronik-muhendisligi\/","name":"Elektrik Elektronik M\u00fchendisli\u011fi","description":"","potentialAction":[{"@type":"SearchAction","target":{"@type":"EntryPoint","urlTemplate":"http:\/\/ticaret.edu.tr\/elektrik-elektronik-muhendisligi\/?s={search_term_string}"},"query-input":"required name=search_term_string"}],"inLanguage":"tr"}]}},"lang":"tr","translations":{"tr":594,"en":1780},"pll_sync_post":[],"_links":{"self":[{"href":"http:\/\/ticaret.edu.tr\/elektrik-elektronik-muhendisligi\/wp-json\/wp\/v2\/pages\/594"}],"collection":[{"href":"http:\/\/ticaret.edu.tr\/elektrik-elektronik-muhendisligi\/wp-json\/wp\/v2\/pages"}],"about":[{"href":"http:\/\/ticaret.edu.tr\/elektrik-elektronik-muhendisligi\/wp-json\/wp\/v2\/types\/page"}],"author":[{"embeddable":true,"href":"http:\/\/ticaret.edu.tr\/elektrik-elektronik-muhendisligi\/wp-json\/wp\/v2\/users\/203"}],"replies":[{"embeddable":true,"href":"http:\/\/ticaret.edu.tr\/elektrik-elektronik-muhendisligi\/wp-json\/wp\/v2\/comments?post=594"}],"version-history":[{"count":15,"href":"http:\/\/ticaret.edu.tr\/elektrik-elektronik-muhendisligi\/wp-json\/wp\/v2\/pages\/594\/revisions"}],"predecessor-version":[{"id":2092,"href":"http:\/\/ticaret.edu.tr\/elektrik-elektronik-muhendisligi\/wp-json\/wp\/v2\/pages\/594\/revisions\/2092"}],"wp:attachment":[{"href":"http:\/\/ticaret.edu.tr\/elektrik-elektronik-muhendisligi\/wp-json\/wp\/v2\/media?parent=594"}],"curies":[{"name":"wp","href":"https:\/\/api.w.org\/{rel}","templated":true}]}}