{"id":597,"date":"2022-11-09T16:51:56","date_gmt":"2022-11-09T13:51:56","guid":{"rendered":"https:\/\/ticaret.edu.tr\/elektrik-elektronik-muhendisligi\/?page_id=597"},"modified":"2025-03-10T11:40:00","modified_gmt":"2025-03-10T08:40:00","slug":"sayisal-bilgiler","status":"publish","type":"page","link":"http:\/\/ticaret.edu.tr\/elektrik-elektronik-muhendisligi\/sayisal-bilgiler\/","title":{"rendered":"Say\u0131sal Bilgiler"},"content":{"rendered":"<table>\n<tbody>\n<tr>\n<td rowspan=\"2\" width=\"112\">E\u011fitim-\u00f6\u011fretim Y\u0131l\u0131<sup>(1)<\/sup><\/td>\n<td rowspan=\"2\" width=\"76\">Kontenjan<\/td>\n<td rowspan=\"2\" width=\"76\">Kay\u0131t Yapt\u0131ran \u00d6\u011frenci Say\u0131s\u0131<\/td>\n<td style=\"text-align: center\" colspan=\"2\" width=\"151\">\u00d6SYS Puan\u0131<\/td>\n<td style=\"text-align: center\" colspan=\"2\" width=\"130\">\u00d6SYS Ba\u015far\u0131 S\u0131ras\u0131<\/td>\n<\/tr>\n<tr>\n<td width=\"76\">En y\u00fcksek<\/td>\n<td width=\"75\">En d\u00fc\u015f\u00fck<\/td>\n<td width=\"65\">En y\u00fcksek<\/td>\n<td width=\"65\">En d\u00fc\u015f\u00fck<\/td>\n<\/tr>\n<tr>\n<td width=\"112\">2024-2025<\/td>\n<td width=\"76\">63<\/td>\n<td width=\"76\">48<\/td>\n<td width=\"76\">424,37757<\/td>\n<td width=\"75\">291,52218<\/td>\n<td width=\"65\">59197<\/td>\n<td width=\"65\">294644<\/td>\n<\/tr>\n<tr>\n<td width=\"112\">2023-2024<\/td>\n<td width=\"76\">63<\/td>\n<td width=\"76\">63<\/td>\n<td width=\"76\">458,34000<\/td>\n<td width=\"75\">337,20771<\/td>\n<td width=\"65\">50754<\/td>\n<td width=\"65\">216414<\/td>\n<\/tr>\n<tr>\n<td width=\"112\">2022-2023<\/td>\n<td width=\"76\">53<\/td>\n<td width=\"76\">53<\/td>\n<td width=\"76\">449,51057<\/td>\n<td width=\"75\">316,70905<\/td>\n<td width=\"65\">57017<\/td>\n<td width=\"65\">246752<\/td>\n<\/tr>\n<tr>\n<td width=\"112\">2021-2022<\/td>\n<td width=\"76\">45<\/td>\n<td width=\"76\">45<\/td>\n<td width=\"76\">385,49488<\/td>\n<td width=\"75\">248,27006<\/td>\n<td width=\"65\">55885<\/td>\n<td width=\"65\">298412<\/td>\n<\/tr>\n<tr>\n<td width=\"112\">2020-2021<\/td>\n<td width=\"76\">34<\/td>\n<td width=\"76\">34<\/td>\n<td width=\"76\">459,72037<\/td>\n<td width=\"75\">283,80633<\/td>\n<td width=\"65\">46196<\/td>\n<td width=\"65\">298210<\/td>\n<\/tr>\n<tr>\n<td width=\"112\">2019-2020<\/td>\n<td width=\"76\">34<\/td>\n<td width=\"76\">29<\/td>\n<td width=\"76\">422,94454<\/td>\n<td width=\"75\">261,82438<\/td>\n<td width=\"65\">47850<\/td>\n<td width=\"65\">295440<\/td>\n<\/tr>\n<\/tbody>\n<\/table>\n","protected":false},"excerpt":{"rendered":"<p>E\u011fitim-\u00f6\u011fretim Y\u0131l\u0131(1) Kontenjan Kay\u0131t Yapt\u0131ran \u00d6\u011frenci Say\u0131s\u0131 \u00d6SYS Puan\u0131 \u00d6SYS Ba\u015far\u0131 S\u0131ras\u0131 En y\u00fcksek En d\u00fc\u015f\u00fck En y\u00fcksek En d\u00fc\u015f\u00fck 2024-2025 63 48 424,37757 291,52218 59197 294644 2023-2024 63 63 458,34000 337,20771 50754 216414 2022-2023 53 53 449,51057 316,70905 57017 246752 2021-2022 45 45 385,49488 248,27006 55885 298412 2020-2021 34 34 459,72037 283,80633 46196 298210 [&hellip;]<\/p>\n","protected":false},"author":203,"featured_media":0,"parent":0,"menu_order":0,"comment_status":"closed","ping_status":"closed","template":"genel_sayfa.php","meta":{"footnotes":""},"yoast_head":"<!-- This site is optimized with the Yoast SEO Premium plugin v22.1 (Yoast SEO v22.1) - https:\/\/yoast.com\/wordpress\/plugins\/seo\/ -->\n<title>Say\u0131sal Bilgiler - Elektrik Elektronik M\u00fchendisli\u011fi<\/title>\n<meta name=\"robots\" content=\"index, follow, max-snippet:-1, max-image-preview:large, max-video-preview:-1\" \/>\n<link rel=\"canonical\" href=\"http:\/\/ticaret.edu.tr\/elektrik-elektronik-muhendisligi\/sayisal-bilgiler\/\" \/>\n<meta property=\"og:locale\" content=\"tr_TR\" \/>\n<meta property=\"og:type\" content=\"article\" \/>\n<meta property=\"og:title\" content=\"Say\u0131sal Bilgiler\" \/>\n<meta property=\"og:description\" content=\"E\u011fitim-\u00f6\u011fretim Y\u0131l\u0131(1) Kontenjan Kay\u0131t Yapt\u0131ran \u00d6\u011frenci Say\u0131s\u0131 \u00d6SYS Puan\u0131 \u00d6SYS Ba\u015far\u0131 S\u0131ras\u0131 En y\u00fcksek En d\u00fc\u015f\u00fck En y\u00fcksek En d\u00fc\u015f\u00fck 2024-2025 63 48 424,37757 291,52218 59197 294644 2023-2024 63 63 458,34000 337,20771 50754 216414 2022-2023 53 53 449,51057 316,70905 57017 246752 2021-2022 45 45 385,49488 248,27006 55885 298412 2020-2021 34 34 459,72037 283,80633 46196 298210 [&hellip;]\" \/>\n<meta property=\"og:url\" content=\"http:\/\/ticaret.edu.tr\/elektrik-elektronik-muhendisligi\/sayisal-bilgiler\/\" \/>\n<meta property=\"og:site_name\" content=\"Elektrik Elektronik M\u00fchendisli\u011fi\" \/>\n<meta property=\"article:publisher\" content=\"https:\/\/www.facebook.com\/ticaretedutr\" \/>\n<meta property=\"article:modified_time\" content=\"2025-03-10T08:40:00+00:00\" \/>\n<meta property=\"og:image\" content=\"http:\/\/ticaret.edu.tr\/elektrik-elektronik-muhendisligi\/wp-content\/uploads\/sites\/20\/2021\/11\/web_logo-01.jpg\" \/>\n\t<meta property=\"og:image:width\" content=\"1250\" \/>\n\t<meta property=\"og:image:height\" content=\"833\" \/>\n\t<meta property=\"og:image:type\" content=\"image\/jpeg\" \/>\n<meta name=\"twitter:card\" content=\"summary_large_image\" \/>\n<meta name=\"twitter:site\" content=\"@ticaretedutr\" \/>\n<meta name=\"twitter:label1\" content=\"Tahmini okuma s\u00fcresi\" \/>\n\t<meta name=\"twitter:data1\" content=\"1 dakika\" \/>\n<script type=\"application\/ld+json\" class=\"yoast-schema-graph\">{\"@context\":\"https:\/\/schema.org\",\"@graph\":[{\"@type\":\"WebPage\",\"@id\":\"http:\/\/ticaret.edu.tr\/elektrik-elektronik-muhendisligi\/sayisal-bilgiler\/\",\"url\":\"http:\/\/ticaret.edu.tr\/elektrik-elektronik-muhendisligi\/sayisal-bilgiler\/\",\"name\":\"Say\u0131sal Bilgiler - Elektrik Elektronik M\u00fchendisli\u011fi\",\"isPartOf\":{\"@id\":\"http:\/\/ticaret.edu.tr\/elektrik-elektronik-muhendisligi\/#website\"},\"datePublished\":\"2022-11-09T13:51:56+00:00\",\"dateModified\":\"2025-03-10T08:40:00+00:00\",\"breadcrumb\":{\"@id\":\"http:\/\/ticaret.edu.tr\/elektrik-elektronik-muhendisligi\/sayisal-bilgiler\/#breadcrumb\"},\"inLanguage\":\"tr\",\"potentialAction\":[{\"@type\":\"ReadAction\",\"target\":[\"http:\/\/ticaret.edu.tr\/elektrik-elektronik-muhendisligi\/sayisal-bilgiler\/\"]}]},{\"@type\":\"BreadcrumbList\",\"@id\":\"http:\/\/ticaret.edu.tr\/elektrik-elektronik-muhendisligi\/sayisal-bilgiler\/#breadcrumb\",\"itemListElement\":[{\"@type\":\"ListItem\",\"position\":1,\"name\":\"Ana sayfa\",\"item\":\"http:\/\/ticaret.edu.tr\/elektrik-elektronik-muhendisligi\/\"},{\"@type\":\"ListItem\",\"position\":2,\"name\":\"Say\u0131sal Bilgiler\"}]},{\"@type\":\"WebSite\",\"@id\":\"http:\/\/ticaret.edu.tr\/elektrik-elektronik-muhendisligi\/#website\",\"url\":\"http:\/\/ticaret.edu.tr\/elektrik-elektronik-muhendisligi\/\",\"name\":\"Elektrik Elektronik M\u00fchendisli\u011fi\",\"description\":\"\",\"potentialAction\":[{\"@type\":\"SearchAction\",\"target\":{\"@type\":\"EntryPoint\",\"urlTemplate\":\"http:\/\/ticaret.edu.tr\/elektrik-elektronik-muhendisligi\/?s={search_term_string}\"},\"query-input\":\"required name=search_term_string\"}],\"inLanguage\":\"tr\"}]}<\/script>\n<!-- \/ Yoast SEO Premium plugin. -->","yoast_head_json":{"title":"Say\u0131sal Bilgiler - Elektrik Elektronik M\u00fchendisli\u011fi","robots":{"index":"index","follow":"follow","max-snippet":"max-snippet:-1","max-image-preview":"max-image-preview:large","max-video-preview":"max-video-preview:-1"},"canonical":"http:\/\/ticaret.edu.tr\/elektrik-elektronik-muhendisligi\/sayisal-bilgiler\/","og_locale":"tr_TR","og_type":"article","og_title":"Say\u0131sal Bilgiler","og_description":"E\u011fitim-\u00f6\u011fretim Y\u0131l\u0131(1) Kontenjan Kay\u0131t Yapt\u0131ran \u00d6\u011frenci Say\u0131s\u0131 \u00d6SYS Puan\u0131 \u00d6SYS Ba\u015far\u0131 S\u0131ras\u0131 En y\u00fcksek En d\u00fc\u015f\u00fck En y\u00fcksek En d\u00fc\u015f\u00fck 2024-2025 63 48 424,37757 291,52218 59197 294644 2023-2024 63 63 458,34000 337,20771 50754 216414 2022-2023 53 53 449,51057 316,70905 57017 246752 2021-2022 45 45 385,49488 248,27006 55885 298412 2020-2021 34 34 459,72037 283,80633 46196 298210 [&hellip;]","og_url":"http:\/\/ticaret.edu.tr\/elektrik-elektronik-muhendisligi\/sayisal-bilgiler\/","og_site_name":"Elektrik Elektronik M\u00fchendisli\u011fi","article_publisher":"https:\/\/www.facebook.com\/ticaretedutr","article_modified_time":"2025-03-10T08:40:00+00:00","og_image":[{"width":1250,"height":833,"url":"http:\/\/ticaret.edu.tr\/elektrik-elektronik-muhendisligi\/wp-content\/uploads\/sites\/20\/2021\/11\/web_logo-01.jpg","type":"image\/jpeg"}],"twitter_card":"summary_large_image","twitter_site":"@ticaretedutr","twitter_misc":{"Tahmini okuma s\u00fcresi":"1 dakika"},"schema":{"@context":"https:\/\/schema.org","@graph":[{"@type":"WebPage","@id":"http:\/\/ticaret.edu.tr\/elektrik-elektronik-muhendisligi\/sayisal-bilgiler\/","url":"http:\/\/ticaret.edu.tr\/elektrik-elektronik-muhendisligi\/sayisal-bilgiler\/","name":"Say\u0131sal Bilgiler - Elektrik Elektronik M\u00fchendisli\u011fi","isPartOf":{"@id":"http:\/\/ticaret.edu.tr\/elektrik-elektronik-muhendisligi\/#website"},"datePublished":"2022-11-09T13:51:56+00:00","dateModified":"2025-03-10T08:40:00+00:00","breadcrumb":{"@id":"http:\/\/ticaret.edu.tr\/elektrik-elektronik-muhendisligi\/sayisal-bilgiler\/#breadcrumb"},"inLanguage":"tr","potentialAction":[{"@type":"ReadAction","target":["http:\/\/ticaret.edu.tr\/elektrik-elektronik-muhendisligi\/sayisal-bilgiler\/"]}]},{"@type":"BreadcrumbList","@id":"http:\/\/ticaret.edu.tr\/elektrik-elektronik-muhendisligi\/sayisal-bilgiler\/#breadcrumb","itemListElement":[{"@type":"ListItem","position":1,"name":"Ana sayfa","item":"http:\/\/ticaret.edu.tr\/elektrik-elektronik-muhendisligi\/"},{"@type":"ListItem","position":2,"name":"Say\u0131sal Bilgiler"}]},{"@type":"WebSite","@id":"http:\/\/ticaret.edu.tr\/elektrik-elektronik-muhendisligi\/#website","url":"http:\/\/ticaret.edu.tr\/elektrik-elektronik-muhendisligi\/","name":"Elektrik Elektronik M\u00fchendisli\u011fi","description":"","potentialAction":[{"@type":"SearchAction","target":{"@type":"EntryPoint","urlTemplate":"http:\/\/ticaret.edu.tr\/elektrik-elektronik-muhendisligi\/?s={search_term_string}"},"query-input":"required name=search_term_string"}],"inLanguage":"tr"}]}},"lang":"tr","translations":{"tr":597,"en":1529},"pll_sync_post":[],"_links":{"self":[{"href":"http:\/\/ticaret.edu.tr\/elektrik-elektronik-muhendisligi\/wp-json\/wp\/v2\/pages\/597"}],"collection":[{"href":"http:\/\/ticaret.edu.tr\/elektrik-elektronik-muhendisligi\/wp-json\/wp\/v2\/pages"}],"about":[{"href":"http:\/\/ticaret.edu.tr\/elektrik-elektronik-muhendisligi\/wp-json\/wp\/v2\/types\/page"}],"author":[{"embeddable":true,"href":"http:\/\/ticaret.edu.tr\/elektrik-elektronik-muhendisligi\/wp-json\/wp\/v2\/users\/203"}],"replies":[{"embeddable":true,"href":"http:\/\/ticaret.edu.tr\/elektrik-elektronik-muhendisligi\/wp-json\/wp\/v2\/comments?post=597"}],"version-history":[{"count":12,"href":"http:\/\/ticaret.edu.tr\/elektrik-elektronik-muhendisligi\/wp-json\/wp\/v2\/pages\/597\/revisions"}],"predecessor-version":[{"id":1839,"href":"http:\/\/ticaret.edu.tr\/elektrik-elektronik-muhendisligi\/wp-json\/wp\/v2\/pages\/597\/revisions\/1839"}],"wp:attachment":[{"href":"http:\/\/ticaret.edu.tr\/elektrik-elektronik-muhendisligi\/wp-json\/wp\/v2\/media?parent=597"}],"curies":[{"name":"wp","href":"https:\/\/api.w.org\/{rel}","templated":true}]}}