{"id":616,"date":"2022-11-09T16:54:57","date_gmt":"2022-11-09T13:54:57","guid":{"rendered":"https:\/\/ticaret.edu.tr\/elektrik-elektronik-muhendisligi\/?page_id=616"},"modified":"2025-02-12T10:03:51","modified_gmt":"2025-02-12T07:03:51","slug":"kazanilan-derece-gereklilikleri-ve-kurallari","status":"publish","type":"page","link":"http:\/\/ticaret.edu.tr\/elektrik-elektronik-muhendisligi\/kazanilan-derece-gereklilikleri-ve-kurallari\/","title":{"rendered":"Kazan\u0131lan Derece Gereklilikleri ve Kurallar\u0131"},"content":{"rendered":"<table width=\"752\">\n<tbody>\n<tr>\n<td width=\"752\">Program m\u00fcfredat\u0131nda mevcut olan (toplam 240 AKTS) derslerin t\u00fcm\u00fcn\u00fc ba\u015far\u0131yla tamamlamak i\u00e7in \u00f6\u011frenciler\u00a0 4.00 \u00fczerinden en az 2.00 a\u011f\u0131rl\u0131kl\u0131 not ortalamas\u0131 elde etmek zorundad\u0131rlar. \u00d6\u011frencilerin mezun olabilmeleri i\u00e7in \u00f6\u011fretim programlar\u0131nda \u00f6ng\u00f6r\u00fclen t\u00fcm derslerden en az DF notu alarak ba\u015far\u0131l\u0131 olmalar\u0131 gerekmektedir.<\/td>\n<\/tr>\n<\/tbody>\n<\/table>\n","protected":false},"excerpt":{"rendered":"<p>Program m\u00fcfredat\u0131nda mevcut olan (toplam 240 AKTS) derslerin t\u00fcm\u00fcn\u00fc ba\u015far\u0131yla tamamlamak i\u00e7in \u00f6\u011frenciler\u00a0 4.00 \u00fczerinden en az 2.00 a\u011f\u0131rl\u0131kl\u0131 not ortalamas\u0131 elde etmek zorundad\u0131rlar. \u00d6\u011frencilerin mezun olabilmeleri i\u00e7in \u00f6\u011fretim programlar\u0131nda \u00f6ng\u00f6r\u00fclen t\u00fcm derslerden en az DF notu alarak ba\u015far\u0131l\u0131 olmalar\u0131 gerekmektedir.<\/p>\n","protected":false},"author":183,"featured_media":0,"parent":0,"menu_order":0,"comment_status":"closed","ping_status":"closed","template":"genel_sayfa.php","meta":{"footnotes":""},"yoast_head":"<!-- This site is optimized with the Yoast SEO Premium plugin v22.1 (Yoast SEO v22.1) - https:\/\/yoast.com\/wordpress\/plugins\/seo\/ -->\n<title>Kazan\u0131lan Derece Gereklilikleri ve Kurallar\u0131 - Elektrik Elektronik M\u00fchendisli\u011fi<\/title>\n<meta name=\"robots\" content=\"index, follow, max-snippet:-1, max-image-preview:large, max-video-preview:-1\" \/>\n<link rel=\"canonical\" href=\"http:\/\/ticaret.edu.tr\/elektrik-elektronik-muhendisligi\/kazanilan-derece-gereklilikleri-ve-kurallari\/\" \/>\n<meta property=\"og:locale\" content=\"tr_TR\" \/>\n<meta property=\"og:type\" content=\"article\" \/>\n<meta property=\"og:title\" content=\"Kazan\u0131lan Derece Gereklilikleri ve Kurallar\u0131\" \/>\n<meta property=\"og:description\" content=\"Program m\u00fcfredat\u0131nda mevcut olan (toplam 240 AKTS) derslerin t\u00fcm\u00fcn\u00fc ba\u015far\u0131yla tamamlamak i\u00e7in \u00f6\u011frenciler\u00a0 4.00 \u00fczerinden en az 2.00 a\u011f\u0131rl\u0131kl\u0131 not ortalamas\u0131 elde etmek zorundad\u0131rlar. \u00d6\u011frencilerin mezun olabilmeleri i\u00e7in \u00f6\u011fretim programlar\u0131nda \u00f6ng\u00f6r\u00fclen t\u00fcm derslerden en az DF notu alarak ba\u015far\u0131l\u0131 olmalar\u0131 gerekmektedir.\" \/>\n<meta property=\"og:url\" content=\"http:\/\/ticaret.edu.tr\/elektrik-elektronik-muhendisligi\/kazanilan-derece-gereklilikleri-ve-kurallari\/\" \/>\n<meta property=\"og:site_name\" content=\"Elektrik Elektronik M\u00fchendisli\u011fi\" \/>\n<meta property=\"article:publisher\" content=\"https:\/\/www.facebook.com\/ticaretedutr\" \/>\n<meta property=\"article:modified_time\" content=\"2025-02-12T07:03:51+00:00\" \/>\n<meta property=\"og:image\" content=\"http:\/\/ticaret.edu.tr\/elektrik-elektronik-muhendisligi\/wp-content\/uploads\/sites\/20\/2021\/11\/web_logo-01.jpg\" \/>\n\t<meta property=\"og:image:width\" content=\"1250\" \/>\n\t<meta property=\"og:image:height\" content=\"833\" \/>\n\t<meta property=\"og:image:type\" content=\"image\/jpeg\" \/>\n<meta name=\"twitter:card\" content=\"summary_large_image\" \/>\n<meta name=\"twitter:site\" content=\"@ticaretedutr\" \/>\n<script type=\"application\/ld+json\" class=\"yoast-schema-graph\">{\"@context\":\"https:\/\/schema.org\",\"@graph\":[{\"@type\":\"WebPage\",\"@id\":\"http:\/\/ticaret.edu.tr\/elektrik-elektronik-muhendisligi\/kazanilan-derece-gereklilikleri-ve-kurallari\/\",\"url\":\"http:\/\/ticaret.edu.tr\/elektrik-elektronik-muhendisligi\/kazanilan-derece-gereklilikleri-ve-kurallari\/\",\"name\":\"Kazan\u0131lan Derece Gereklilikleri ve Kurallar\u0131 - Elektrik Elektronik M\u00fchendisli\u011fi\",\"isPartOf\":{\"@id\":\"http:\/\/ticaret.edu.tr\/elektrik-elektronik-muhendisligi\/#website\"},\"datePublished\":\"2022-11-09T13:54:57+00:00\",\"dateModified\":\"2025-02-12T07:03:51+00:00\",\"breadcrumb\":{\"@id\":\"http:\/\/ticaret.edu.tr\/elektrik-elektronik-muhendisligi\/kazanilan-derece-gereklilikleri-ve-kurallari\/#breadcrumb\"},\"inLanguage\":\"tr\",\"potentialAction\":[{\"@type\":\"ReadAction\",\"target\":[\"http:\/\/ticaret.edu.tr\/elektrik-elektronik-muhendisligi\/kazanilan-derece-gereklilikleri-ve-kurallari\/\"]}]},{\"@type\":\"BreadcrumbList\",\"@id\":\"http:\/\/ticaret.edu.tr\/elektrik-elektronik-muhendisligi\/kazanilan-derece-gereklilikleri-ve-kurallari\/#breadcrumb\",\"itemListElement\":[{\"@type\":\"ListItem\",\"position\":1,\"name\":\"Ana sayfa\",\"item\":\"http:\/\/ticaret.edu.tr\/elektrik-elektronik-muhendisligi\/\"},{\"@type\":\"ListItem\",\"position\":2,\"name\":\"Kazan\u0131lan Derece Gereklilikleri ve Kurallar\u0131\"}]},{\"@type\":\"WebSite\",\"@id\":\"http:\/\/ticaret.edu.tr\/elektrik-elektronik-muhendisligi\/#website\",\"url\":\"http:\/\/ticaret.edu.tr\/elektrik-elektronik-muhendisligi\/\",\"name\":\"Elektrik Elektronik M\u00fchendisli\u011fi\",\"description\":\"\",\"potentialAction\":[{\"@type\":\"SearchAction\",\"target\":{\"@type\":\"EntryPoint\",\"urlTemplate\":\"http:\/\/ticaret.edu.tr\/elektrik-elektronik-muhendisligi\/?s={search_term_string}\"},\"query-input\":\"required name=search_term_string\"}],\"inLanguage\":\"tr\"}]}<\/script>\n<!-- \/ Yoast SEO Premium plugin. -->","yoast_head_json":{"title":"Kazan\u0131lan Derece Gereklilikleri ve Kurallar\u0131 - Elektrik Elektronik M\u00fchendisli\u011fi","robots":{"index":"index","follow":"follow","max-snippet":"max-snippet:-1","max-image-preview":"max-image-preview:large","max-video-preview":"max-video-preview:-1"},"canonical":"http:\/\/ticaret.edu.tr\/elektrik-elektronik-muhendisligi\/kazanilan-derece-gereklilikleri-ve-kurallari\/","og_locale":"tr_TR","og_type":"article","og_title":"Kazan\u0131lan Derece Gereklilikleri ve Kurallar\u0131","og_description":"Program m\u00fcfredat\u0131nda mevcut olan (toplam 240 AKTS) derslerin t\u00fcm\u00fcn\u00fc ba\u015far\u0131yla tamamlamak i\u00e7in \u00f6\u011frenciler\u00a0 4.00 \u00fczerinden en az 2.00 a\u011f\u0131rl\u0131kl\u0131 not ortalamas\u0131 elde etmek zorundad\u0131rlar. \u00d6\u011frencilerin mezun olabilmeleri i\u00e7in \u00f6\u011fretim programlar\u0131nda \u00f6ng\u00f6r\u00fclen t\u00fcm derslerden en az DF notu alarak ba\u015far\u0131l\u0131 olmalar\u0131 gerekmektedir.","og_url":"http:\/\/ticaret.edu.tr\/elektrik-elektronik-muhendisligi\/kazanilan-derece-gereklilikleri-ve-kurallari\/","og_site_name":"Elektrik Elektronik M\u00fchendisli\u011fi","article_publisher":"https:\/\/www.facebook.com\/ticaretedutr","article_modified_time":"2025-02-12T07:03:51+00:00","og_image":[{"width":1250,"height":833,"url":"http:\/\/ticaret.edu.tr\/elektrik-elektronik-muhendisligi\/wp-content\/uploads\/sites\/20\/2021\/11\/web_logo-01.jpg","type":"image\/jpeg"}],"twitter_card":"summary_large_image","twitter_site":"@ticaretedutr","schema":{"@context":"https:\/\/schema.org","@graph":[{"@type":"WebPage","@id":"http:\/\/ticaret.edu.tr\/elektrik-elektronik-muhendisligi\/kazanilan-derece-gereklilikleri-ve-kurallari\/","url":"http:\/\/ticaret.edu.tr\/elektrik-elektronik-muhendisligi\/kazanilan-derece-gereklilikleri-ve-kurallari\/","name":"Kazan\u0131lan Derece Gereklilikleri ve Kurallar\u0131 - Elektrik Elektronik M\u00fchendisli\u011fi","isPartOf":{"@id":"http:\/\/ticaret.edu.tr\/elektrik-elektronik-muhendisligi\/#website"},"datePublished":"2022-11-09T13:54:57+00:00","dateModified":"2025-02-12T07:03:51+00:00","breadcrumb":{"@id":"http:\/\/ticaret.edu.tr\/elektrik-elektronik-muhendisligi\/kazanilan-derece-gereklilikleri-ve-kurallari\/#breadcrumb"},"inLanguage":"tr","potentialAction":[{"@type":"ReadAction","target":["http:\/\/ticaret.edu.tr\/elektrik-elektronik-muhendisligi\/kazanilan-derece-gereklilikleri-ve-kurallari\/"]}]},{"@type":"BreadcrumbList","@id":"http:\/\/ticaret.edu.tr\/elektrik-elektronik-muhendisligi\/kazanilan-derece-gereklilikleri-ve-kurallari\/#breadcrumb","itemListElement":[{"@type":"ListItem","position":1,"name":"Ana sayfa","item":"http:\/\/ticaret.edu.tr\/elektrik-elektronik-muhendisligi\/"},{"@type":"ListItem","position":2,"name":"Kazan\u0131lan Derece Gereklilikleri ve Kurallar\u0131"}]},{"@type":"WebSite","@id":"http:\/\/ticaret.edu.tr\/elektrik-elektronik-muhendisligi\/#website","url":"http:\/\/ticaret.edu.tr\/elektrik-elektronik-muhendisligi\/","name":"Elektrik Elektronik M\u00fchendisli\u011fi","description":"","potentialAction":[{"@type":"SearchAction","target":{"@type":"EntryPoint","urlTemplate":"http:\/\/ticaret.edu.tr\/elektrik-elektronik-muhendisligi\/?s={search_term_string}"},"query-input":"required name=search_term_string"}],"inLanguage":"tr"}]}},"lang":"tr","translations":{"en":1210,"tr":616},"pll_sync_post":[],"_links":{"self":[{"href":"http:\/\/ticaret.edu.tr\/elektrik-elektronik-muhendisligi\/wp-json\/wp\/v2\/pages\/616"}],"collection":[{"href":"http:\/\/ticaret.edu.tr\/elektrik-elektronik-muhendisligi\/wp-json\/wp\/v2\/pages"}],"about":[{"href":"http:\/\/ticaret.edu.tr\/elektrik-elektronik-muhendisligi\/wp-json\/wp\/v2\/types\/page"}],"author":[{"embeddable":true,"href":"http:\/\/ticaret.edu.tr\/elektrik-elektronik-muhendisligi\/wp-json\/wp\/v2\/users\/183"}],"replies":[{"embeddable":true,"href":"http:\/\/ticaret.edu.tr\/elektrik-elektronik-muhendisligi\/wp-json\/wp\/v2\/comments?post=616"}],"version-history":[{"count":2,"href":"http:\/\/ticaret.edu.tr\/elektrik-elektronik-muhendisligi\/wp-json\/wp\/v2\/pages\/616\/revisions"}],"predecessor-version":[{"id":1756,"href":"http:\/\/ticaret.edu.tr\/elektrik-elektronik-muhendisligi\/wp-json\/wp\/v2\/pages\/616\/revisions\/1756"}],"wp:attachment":[{"href":"http:\/\/ticaret.edu.tr\/elektrik-elektronik-muhendisligi\/wp-json\/wp\/v2\/media?parent=616"}],"curies":[{"name":"wp","href":"https:\/\/api.w.org\/{rel}","templated":true}]}}