{"id":628,"date":"2022-11-09T16:52:41","date_gmt":"2022-11-09T13:52:41","guid":{"rendered":"https:\/\/ticaret.edu.tr\/elektrik-elektronik-muhendisligi\/?page_id=628"},"modified":"2026-03-18T12:06:18","modified_gmt":"2026-03-18T09:06:18","slug":"cap-yandal-yatay-gecis","status":"publish","type":"page","link":"http:\/\/ticaret.edu.tr\/elektrik-elektronik-muhendisligi\/cap-yandal-yatay-gecis\/","title":{"rendered":"\u00c7ap &#8211; Yandal \/ Yatay Ge\u00e7i\u015f"},"content":{"rendered":"<h3>\u00c7ift Anadal<\/h3>\n<p>\u00c7ift anadal program\u0131n\u0131n amac\u0131, anadal programlar\u0131n\u0131 \u00fcst\u00fcn ba\u015far\u0131yla y\u00fcr\u00fcten \u00f6\u011frencilerin, ayn\u0131 zamanda ikinci bir dalda diploma alarak \u00f6\u011frenim g\u00f6rmelerini sa\u011flamakt\u0131r. Anadal program\u0131ndaki genel not ortalamalar\u0131 4.00 \u00fczerinden 2.72 olan ve bulunmu\u015f oldu\u011fu lisans\/\u00f6nlisans program\u0131nda %20\u2019lik ba\u015far\u0131 dilimine giren \u00f6\u011frenciler \u00fccretsiz olarak ikinci anadal diploma program\u0131na ba\u015flayabilir.<\/p>\n<hr \/>\n<p>&nbsp;<\/p>\n<h3>Yandal<\/h3>\n<p>Yandal program\u0131n\u0131n amac\u0131 , anadal programlar\u0131n\u0131 ba\u015far\u0131yla y\u00fcr\u00fcten \u00f6\u011frencilerin, ayn\u0131 zamanda ikinci bir dalda ilave ders alarak \u00f6\u011frenim g\u00f6rmelerini sa\u011flamakt\u0131r. Yan dal \u00f6\u011frenimine ba\u015flayabilmek i\u00e7in, yan dal \u00f6\u011frenimine ba\u015flanmak istenen yar\u0131y\u0131l ba\u015f\u0131 itibar\u0131yla genel not ortalamas\u0131n\u0131n (GNO) en az 4 \u00fczerinden 2,60 olmas\u0131 gerekir. \u00d6\u011frencinin yan dal \u00f6\u011freniminde ald\u0131\u011f\u0131 dersler ve ba\u015far\u0131s\u0131 not d\u00f6k\u00fcm\u00fc belgesinde (transkript) ayr\u0131nt\u0131s\u0131 ile g\u00f6sterilir.<\/p>\n<p>&nbsp;<\/p>\n<p><a href=\"https:\/\/ticaret.edu.tr\/elektrik-elektronik-muhendisligi\/cap-yandal-yatay-gecis\/elektrik_elektronik_cap\/\" rel=\"attachment wp-att-2182\">B\u00f6l\u00fcm\u00fcn\u00fcze ait \u00c7AP m\u00fcfredat belgesine ula\u015fmak i\u00e7in t\u0131klay\u0131n\u0131z.<\/a><\/p>\n","protected":false},"excerpt":{"rendered":"<p>\u00c7ift Anadal \u00c7ift anadal program\u0131n\u0131n amac\u0131, anadal programlar\u0131n\u0131 \u00fcst\u00fcn ba\u015far\u0131yla y\u00fcr\u00fcten \u00f6\u011frencilerin, ayn\u0131 zamanda ikinci bir dalda diploma alarak \u00f6\u011frenim g\u00f6rmelerini sa\u011flamakt\u0131r. Anadal program\u0131ndaki genel not ortalamalar\u0131 4.00 \u00fczerinden 2.72 olan ve bulunmu\u015f oldu\u011fu lisans\/\u00f6nlisans program\u0131nda %20\u2019lik ba\u015far\u0131 dilimine giren \u00f6\u011frenciler \u00fccretsiz olarak ikinci anadal diploma program\u0131na ba\u015flayabilir. &nbsp; Yandal Yandal program\u0131n\u0131n amac\u0131 , anadal [&hellip;]<\/p>\n","protected":false},"author":203,"featured_media":0,"parent":0,"menu_order":0,"comment_status":"closed","ping_status":"closed","template":"genel_sayfa.php","meta":{"footnotes":""},"yoast_head":"<!-- This site is optimized with the Yoast SEO Premium plugin v22.1 (Yoast SEO v22.1) - https:\/\/yoast.com\/wordpress\/plugins\/seo\/ -->\n<title>\u00c7ap - Yandal \/ Yatay Ge\u00e7i\u015f - Elektrik Elektronik M\u00fchendisli\u011fi<\/title>\n<meta name=\"robots\" content=\"index, follow, max-snippet:-1, max-image-preview:large, max-video-preview:-1\" \/>\n<link rel=\"canonical\" href=\"http:\/\/ticaret.edu.tr\/elektrik-elektronik-muhendisligi\/cap-yandal-yatay-gecis\/\" \/>\n<meta property=\"og:locale\" content=\"tr_TR\" \/>\n<meta property=\"og:type\" content=\"article\" \/>\n<meta property=\"og:title\" content=\"\u00c7ap - Yandal \/ Yatay Ge\u00e7i\u015f\" \/>\n<meta property=\"og:description\" content=\"\u00c7ift Anadal \u00c7ift anadal program\u0131n\u0131n amac\u0131, anadal programlar\u0131n\u0131 \u00fcst\u00fcn ba\u015far\u0131yla y\u00fcr\u00fcten \u00f6\u011frencilerin, ayn\u0131 zamanda ikinci bir dalda diploma alarak \u00f6\u011frenim g\u00f6rmelerini sa\u011flamakt\u0131r. Anadal program\u0131ndaki genel not ortalamalar\u0131 4.00 \u00fczerinden 2.72 olan ve bulunmu\u015f oldu\u011fu lisans\/\u00f6nlisans program\u0131nda %20\u2019lik ba\u015far\u0131 dilimine giren \u00f6\u011frenciler \u00fccretsiz olarak ikinci anadal diploma program\u0131na ba\u015flayabilir. &nbsp; Yandal Yandal program\u0131n\u0131n amac\u0131 , anadal [&hellip;]\" \/>\n<meta property=\"og:url\" content=\"http:\/\/ticaret.edu.tr\/elektrik-elektronik-muhendisligi\/cap-yandal-yatay-gecis\/\" \/>\n<meta property=\"og:site_name\" content=\"Elektrik Elektronik M\u00fchendisli\u011fi\" \/>\n<meta property=\"article:publisher\" content=\"https:\/\/www.facebook.com\/ticaretedutr\" \/>\n<meta property=\"article:modified_time\" content=\"2026-03-18T09:06:18+00:00\" \/>\n<meta property=\"og:image\" content=\"http:\/\/ticaret.edu.tr\/elektrik-elektronik-muhendisligi\/wp-content\/uploads\/sites\/20\/2021\/11\/web_logo-01.jpg\" \/>\n\t<meta property=\"og:image:width\" content=\"1250\" \/>\n\t<meta property=\"og:image:height\" content=\"833\" \/>\n\t<meta property=\"og:image:type\" content=\"image\/jpeg\" \/>\n<meta name=\"twitter:card\" content=\"summary_large_image\" \/>\n<meta name=\"twitter:site\" content=\"@ticaretedutr\" \/>\n<meta name=\"twitter:label1\" content=\"Tahmini okuma s\u00fcresi\" \/>\n\t<meta name=\"twitter:data1\" content=\"1 dakika\" \/>\n<script type=\"application\/ld+json\" class=\"yoast-schema-graph\">{\"@context\":\"https:\/\/schema.org\",\"@graph\":[{\"@type\":\"WebPage\",\"@id\":\"http:\/\/ticaret.edu.tr\/elektrik-elektronik-muhendisligi\/cap-yandal-yatay-gecis\/\",\"url\":\"http:\/\/ticaret.edu.tr\/elektrik-elektronik-muhendisligi\/cap-yandal-yatay-gecis\/\",\"name\":\"\u00c7ap - Yandal \/ Yatay Ge\u00e7i\u015f - Elektrik Elektronik M\u00fchendisli\u011fi\",\"isPartOf\":{\"@id\":\"http:\/\/ticaret.edu.tr\/elektrik-elektronik-muhendisligi\/#website\"},\"datePublished\":\"2022-11-09T13:52:41+00:00\",\"dateModified\":\"2026-03-18T09:06:18+00:00\",\"breadcrumb\":{\"@id\":\"http:\/\/ticaret.edu.tr\/elektrik-elektronik-muhendisligi\/cap-yandal-yatay-gecis\/#breadcrumb\"},\"inLanguage\":\"tr\",\"potentialAction\":[{\"@type\":\"ReadAction\",\"target\":[\"http:\/\/ticaret.edu.tr\/elektrik-elektronik-muhendisligi\/cap-yandal-yatay-gecis\/\"]}]},{\"@type\":\"BreadcrumbList\",\"@id\":\"http:\/\/ticaret.edu.tr\/elektrik-elektronik-muhendisligi\/cap-yandal-yatay-gecis\/#breadcrumb\",\"itemListElement\":[{\"@type\":\"ListItem\",\"position\":1,\"name\":\"Ana sayfa\",\"item\":\"http:\/\/ticaret.edu.tr\/elektrik-elektronik-muhendisligi\/\"},{\"@type\":\"ListItem\",\"position\":2,\"name\":\"\u00c7ap &#8211; Yandal \/ Yatay Ge\u00e7i\u015f\"}]},{\"@type\":\"WebSite\",\"@id\":\"http:\/\/ticaret.edu.tr\/elektrik-elektronik-muhendisligi\/#website\",\"url\":\"http:\/\/ticaret.edu.tr\/elektrik-elektronik-muhendisligi\/\",\"name\":\"Elektrik Elektronik M\u00fchendisli\u011fi\",\"description\":\"\",\"potentialAction\":[{\"@type\":\"SearchAction\",\"target\":{\"@type\":\"EntryPoint\",\"urlTemplate\":\"http:\/\/ticaret.edu.tr\/elektrik-elektronik-muhendisligi\/?s={search_term_string}\"},\"query-input\":\"required name=search_term_string\"}],\"inLanguage\":\"tr\"}]}<\/script>\n<!-- \/ Yoast SEO Premium plugin. -->","yoast_head_json":{"title":"\u00c7ap - Yandal \/ Yatay Ge\u00e7i\u015f - Elektrik Elektronik M\u00fchendisli\u011fi","robots":{"index":"index","follow":"follow","max-snippet":"max-snippet:-1","max-image-preview":"max-image-preview:large","max-video-preview":"max-video-preview:-1"},"canonical":"http:\/\/ticaret.edu.tr\/elektrik-elektronik-muhendisligi\/cap-yandal-yatay-gecis\/","og_locale":"tr_TR","og_type":"article","og_title":"\u00c7ap - Yandal \/ Yatay Ge\u00e7i\u015f","og_description":"\u00c7ift Anadal \u00c7ift anadal program\u0131n\u0131n amac\u0131, anadal programlar\u0131n\u0131 \u00fcst\u00fcn ba\u015far\u0131yla y\u00fcr\u00fcten \u00f6\u011frencilerin, ayn\u0131 zamanda ikinci bir dalda diploma alarak \u00f6\u011frenim g\u00f6rmelerini sa\u011flamakt\u0131r. Anadal program\u0131ndaki genel not ortalamalar\u0131 4.00 \u00fczerinden 2.72 olan ve bulunmu\u015f oldu\u011fu lisans\/\u00f6nlisans program\u0131nda %20\u2019lik ba\u015far\u0131 dilimine giren \u00f6\u011frenciler \u00fccretsiz olarak ikinci anadal diploma program\u0131na ba\u015flayabilir. &nbsp; Yandal Yandal program\u0131n\u0131n amac\u0131 , anadal [&hellip;]","og_url":"http:\/\/ticaret.edu.tr\/elektrik-elektronik-muhendisligi\/cap-yandal-yatay-gecis\/","og_site_name":"Elektrik Elektronik M\u00fchendisli\u011fi","article_publisher":"https:\/\/www.facebook.com\/ticaretedutr","article_modified_time":"2026-03-18T09:06:18+00:00","og_image":[{"width":1250,"height":833,"url":"http:\/\/ticaret.edu.tr\/elektrik-elektronik-muhendisligi\/wp-content\/uploads\/sites\/20\/2021\/11\/web_logo-01.jpg","type":"image\/jpeg"}],"twitter_card":"summary_large_image","twitter_site":"@ticaretedutr","twitter_misc":{"Tahmini okuma s\u00fcresi":"1 dakika"},"schema":{"@context":"https:\/\/schema.org","@graph":[{"@type":"WebPage","@id":"http:\/\/ticaret.edu.tr\/elektrik-elektronik-muhendisligi\/cap-yandal-yatay-gecis\/","url":"http:\/\/ticaret.edu.tr\/elektrik-elektronik-muhendisligi\/cap-yandal-yatay-gecis\/","name":"\u00c7ap - Yandal \/ Yatay Ge\u00e7i\u015f - Elektrik Elektronik M\u00fchendisli\u011fi","isPartOf":{"@id":"http:\/\/ticaret.edu.tr\/elektrik-elektronik-muhendisligi\/#website"},"datePublished":"2022-11-09T13:52:41+00:00","dateModified":"2026-03-18T09:06:18+00:00","breadcrumb":{"@id":"http:\/\/ticaret.edu.tr\/elektrik-elektronik-muhendisligi\/cap-yandal-yatay-gecis\/#breadcrumb"},"inLanguage":"tr","potentialAction":[{"@type":"ReadAction","target":["http:\/\/ticaret.edu.tr\/elektrik-elektronik-muhendisligi\/cap-yandal-yatay-gecis\/"]}]},{"@type":"BreadcrumbList","@id":"http:\/\/ticaret.edu.tr\/elektrik-elektronik-muhendisligi\/cap-yandal-yatay-gecis\/#breadcrumb","itemListElement":[{"@type":"ListItem","position":1,"name":"Ana sayfa","item":"http:\/\/ticaret.edu.tr\/elektrik-elektronik-muhendisligi\/"},{"@type":"ListItem","position":2,"name":"\u00c7ap &#8211; Yandal \/ Yatay Ge\u00e7i\u015f"}]},{"@type":"WebSite","@id":"http:\/\/ticaret.edu.tr\/elektrik-elektronik-muhendisligi\/#website","url":"http:\/\/ticaret.edu.tr\/elektrik-elektronik-muhendisligi\/","name":"Elektrik Elektronik M\u00fchendisli\u011fi","description":"","potentialAction":[{"@type":"SearchAction","target":{"@type":"EntryPoint","urlTemplate":"http:\/\/ticaret.edu.tr\/elektrik-elektronik-muhendisligi\/?s={search_term_string}"},"query-input":"required name=search_term_string"}],"inLanguage":"tr"}]}},"lang":"tr","translations":{"en":1222,"tr":628},"pll_sync_post":[],"_links":{"self":[{"href":"http:\/\/ticaret.edu.tr\/elektrik-elektronik-muhendisligi\/wp-json\/wp\/v2\/pages\/628"}],"collection":[{"href":"http:\/\/ticaret.edu.tr\/elektrik-elektronik-muhendisligi\/wp-json\/wp\/v2\/pages"}],"about":[{"href":"http:\/\/ticaret.edu.tr\/elektrik-elektronik-muhendisligi\/wp-json\/wp\/v2\/types\/page"}],"author":[{"embeddable":true,"href":"http:\/\/ticaret.edu.tr\/elektrik-elektronik-muhendisligi\/wp-json\/wp\/v2\/users\/203"}],"replies":[{"embeddable":true,"href":"http:\/\/ticaret.edu.tr\/elektrik-elektronik-muhendisligi\/wp-json\/wp\/v2\/comments?post=628"}],"version-history":[{"count":9,"href":"http:\/\/ticaret.edu.tr\/elektrik-elektronik-muhendisligi\/wp-json\/wp\/v2\/pages\/628\/revisions"}],"predecessor-version":[{"id":2184,"href":"http:\/\/ticaret.edu.tr\/elektrik-elektronik-muhendisligi\/wp-json\/wp\/v2\/pages\/628\/revisions\/2184"}],"wp:attachment":[{"href":"http:\/\/ticaret.edu.tr\/elektrik-elektronik-muhendisligi\/wp-json\/wp\/v2\/media?parent=628"}],"curies":[{"name":"wp","href":"https:\/\/api.w.org\/{rel}","templated":true}]}}