{"id":632,"date":"2022-11-09T16:55:26","date_gmt":"2022-11-09T13:55:26","guid":{"rendered":"https:\/\/ticaret.edu.tr\/elektrik-elektronik-muhendisligi\/?page_id=632"},"modified":"2025-04-28T14:48:32","modified_gmt":"2025-04-28T11:48:32","slug":"tasarim-projesi-bitirme-projesi","status":"publish","type":"page","link":"http:\/\/ticaret.edu.tr\/elektrik-elektronik-muhendisligi\/tasarim-projesi-bitirme-projesi\/","title":{"rendered":"Tasar\u0131m Projesi \/ Bitirme Projesi"},"content":{"rendered":"<p>ENG401 -Tasar\u0131m Projesi ve ENG402-Bitirme Projesi Ak\u0131\u015f \u015eemas\u0131 i\u00e7in <a href=\"https:\/\/ticaret.edu.tr\/elektrik-elektronik-muhendisligi\/tasarim-projesi-bitirme-projesi\/eee-bitime-proje-akis-semasi\/\" rel=\"attachment wp-att-1914\">T\u0131klay\u0131n\u0131z.<\/a><\/p>\n<p>\u00d6rnek Bitirme Projesi Tezi \u015eablonu i\u00e7in <a href=\"https:\/\/ticaret.edu.tr\/elektrik-elektronik-muhendisligi\/tasarim-projesi-bitirme-projesi\/eng402-graduation_project_report_template_v-1-0-2\/\" rel=\"attachment wp-att-1915\">T\u0131klay\u0131n\u0131z.<\/a><\/p>\n<p>ENG 401-Tasar\u0131m Projesi De\u011ferlendirme Formu i\u00e7in <a href=\"https:\/\/ticaret.edu.tr\/elektrik-elektronik-muhendisligi\/tasarim-projesi-bitirme-projesi\/eng401_evaluation-form_v2b\/\" rel=\"attachment wp-att-1918\">T\u0131klay\u0131n\u0131z.<\/a><\/p>\n<p>ENG 402-Bitirme Projesi De\u011ferlendirme Formu i\u00e7in <a href=\"https:\/\/ticaret.edu.tr\/elektrik-elektronik-muhendisligi\/tasarim-projesi-bitirme-projesi\/eng-402-bitirme-proje-degerlendirme-formu-2\/\" rel=\"attachment wp-att-1931\">T\u0131klay\u0131n\u0131z.<\/a><\/p>\n","protected":false},"excerpt":{"rendered":"<p>ENG401 -Tasar\u0131m Projesi ve ENG402-Bitirme Projesi Ak\u0131\u015f \u015eemas\u0131 i\u00e7in T\u0131klay\u0131n\u0131z. \u00d6rnek Bitirme Projesi Tezi \u015eablonu i\u00e7in T\u0131klay\u0131n\u0131z. ENG 401-Tasar\u0131m Projesi De\u011ferlendirme Formu i\u00e7in T\u0131klay\u0131n\u0131z. ENG 402-Bitirme Projesi De\u011ferlendirme Formu i\u00e7in T\u0131klay\u0131n\u0131z.<\/p>\n","protected":false},"author":203,"featured_media":0,"parent":0,"menu_order":0,"comment_status":"closed","ping_status":"closed","template":"genel_sayfa.php","meta":{"footnotes":""},"yoast_head":"<!-- This site is optimized with the Yoast SEO Premium plugin v22.1 (Yoast SEO v22.1) - https:\/\/yoast.com\/wordpress\/plugins\/seo\/ -->\n<title>Tasar\u0131m Projesi \/ Bitirme Projesi - Elektrik Elektronik M\u00fchendisli\u011fi<\/title>\n<meta name=\"robots\" content=\"index, follow, max-snippet:-1, max-image-preview:large, max-video-preview:-1\" \/>\n<link rel=\"canonical\" href=\"https:\/\/ticaret.edu.tr\/elektrik-elektronik-muhendisligi\/tasarim-projesi-bitirme-projesi\/\" \/>\n<meta property=\"og:locale\" content=\"tr_TR\" \/>\n<meta property=\"og:type\" content=\"article\" \/>\n<meta property=\"og:title\" content=\"Tasar\u0131m Projesi \/ Bitirme Projesi\" \/>\n<meta property=\"og:description\" content=\"ENG401 -Tasar\u0131m Projesi ve ENG402-Bitirme Projesi Ak\u0131\u015f \u015eemas\u0131 i\u00e7in T\u0131klay\u0131n\u0131z. \u00d6rnek Bitirme Projesi Tezi \u015eablonu i\u00e7in T\u0131klay\u0131n\u0131z. ENG 401-Tasar\u0131m Projesi De\u011ferlendirme Formu i\u00e7in T\u0131klay\u0131n\u0131z. ENG 402-Bitirme Projesi De\u011ferlendirme Formu i\u00e7in T\u0131klay\u0131n\u0131z.\" \/>\n<meta property=\"og:url\" content=\"https:\/\/ticaret.edu.tr\/elektrik-elektronik-muhendisligi\/tasarim-projesi-bitirme-projesi\/\" \/>\n<meta property=\"og:site_name\" content=\"Elektrik Elektronik M\u00fchendisli\u011fi\" \/>\n<meta property=\"article:publisher\" content=\"https:\/\/www.facebook.com\/ticaretedutr\" \/>\n<meta property=\"article:modified_time\" content=\"2025-04-28T11:48:32+00:00\" \/>\n<meta property=\"og:image\" content=\"http:\/\/ticaret.edu.tr\/elektrik-elektronik-muhendisligi\/wp-content\/uploads\/sites\/20\/2021\/11\/web_logo-01.jpg\" \/>\n\t<meta property=\"og:image:width\" content=\"1250\" \/>\n\t<meta property=\"og:image:height\" content=\"833\" \/>\n\t<meta property=\"og:image:type\" content=\"image\/jpeg\" \/>\n<meta name=\"twitter:card\" content=\"summary_large_image\" \/>\n<meta name=\"twitter:site\" content=\"@ticaretedutr\" \/>\n<meta name=\"twitter:label1\" content=\"Tahmini okuma s\u00fcresi\" \/>\n\t<meta name=\"twitter:data1\" content=\"1 dakika\" \/>\n<script type=\"application\/ld+json\" class=\"yoast-schema-graph\">{\"@context\":\"https:\/\/schema.org\",\"@graph\":[{\"@type\":\"WebPage\",\"@id\":\"https:\/\/ticaret.edu.tr\/elektrik-elektronik-muhendisligi\/tasarim-projesi-bitirme-projesi\/\",\"url\":\"https:\/\/ticaret.edu.tr\/elektrik-elektronik-muhendisligi\/tasarim-projesi-bitirme-projesi\/\",\"name\":\"Tasar\u0131m Projesi \/ Bitirme Projesi - Elektrik Elektronik M\u00fchendisli\u011fi\",\"isPartOf\":{\"@id\":\"https:\/\/ticaret.edu.tr\/elektrik-elektronik-muhendisligi\/en\/#website\"},\"datePublished\":\"2022-11-09T13:55:26+00:00\",\"dateModified\":\"2025-04-28T11:48:32+00:00\",\"breadcrumb\":{\"@id\":\"https:\/\/ticaret.edu.tr\/elektrik-elektronik-muhendisligi\/tasarim-projesi-bitirme-projesi\/#breadcrumb\"},\"inLanguage\":\"tr\",\"potentialAction\":[{\"@type\":\"ReadAction\",\"target\":[\"https:\/\/ticaret.edu.tr\/elektrik-elektronik-muhendisligi\/tasarim-projesi-bitirme-projesi\/\"]}]},{\"@type\":\"BreadcrumbList\",\"@id\":\"https:\/\/ticaret.edu.tr\/elektrik-elektronik-muhendisligi\/tasarim-projesi-bitirme-projesi\/#breadcrumb\",\"itemListElement\":[{\"@type\":\"ListItem\",\"position\":1,\"name\":\"Ana sayfa\",\"item\":\"http:\/\/ticaret.edu.tr\/elektrik-elektronik-muhendisligi\/\"},{\"@type\":\"ListItem\",\"position\":2,\"name\":\"Tasar\u0131m Projesi \/ Bitirme Projesi\"}]},{\"@type\":\"WebSite\",\"@id\":\"https:\/\/ticaret.edu.tr\/elektrik-elektronik-muhendisligi\/en\/#website\",\"url\":\"https:\/\/ticaret.edu.tr\/elektrik-elektronik-muhendisligi\/en\/\",\"name\":\"Elektrik Elektronik M\u00fchendisli\u011fi\",\"description\":\"\",\"potentialAction\":[{\"@type\":\"SearchAction\",\"target\":{\"@type\":\"EntryPoint\",\"urlTemplate\":\"https:\/\/ticaret.edu.tr\/elektrik-elektronik-muhendisligi\/en\/?s={search_term_string}\"},\"query-input\":\"required name=search_term_string\"}],\"inLanguage\":\"tr\"}]}<\/script>\n<!-- \/ Yoast SEO Premium plugin. -->","yoast_head_json":{"title":"Tasar\u0131m Projesi \/ Bitirme Projesi - Elektrik Elektronik M\u00fchendisli\u011fi","robots":{"index":"index","follow":"follow","max-snippet":"max-snippet:-1","max-image-preview":"max-image-preview:large","max-video-preview":"max-video-preview:-1"},"canonical":"https:\/\/ticaret.edu.tr\/elektrik-elektronik-muhendisligi\/tasarim-projesi-bitirme-projesi\/","og_locale":"tr_TR","og_type":"article","og_title":"Tasar\u0131m Projesi \/ Bitirme Projesi","og_description":"ENG401 -Tasar\u0131m Projesi ve ENG402-Bitirme Projesi Ak\u0131\u015f \u015eemas\u0131 i\u00e7in T\u0131klay\u0131n\u0131z. \u00d6rnek Bitirme Projesi Tezi \u015eablonu i\u00e7in T\u0131klay\u0131n\u0131z. ENG 401-Tasar\u0131m Projesi De\u011ferlendirme Formu i\u00e7in T\u0131klay\u0131n\u0131z. ENG 402-Bitirme Projesi De\u011ferlendirme Formu i\u00e7in T\u0131klay\u0131n\u0131z.","og_url":"https:\/\/ticaret.edu.tr\/elektrik-elektronik-muhendisligi\/tasarim-projesi-bitirme-projesi\/","og_site_name":"Elektrik Elektronik M\u00fchendisli\u011fi","article_publisher":"https:\/\/www.facebook.com\/ticaretedutr","article_modified_time":"2025-04-28T11:48:32+00:00","og_image":[{"width":1250,"height":833,"url":"http:\/\/ticaret.edu.tr\/elektrik-elektronik-muhendisligi\/wp-content\/uploads\/sites\/20\/2021\/11\/web_logo-01.jpg","type":"image\/jpeg"}],"twitter_card":"summary_large_image","twitter_site":"@ticaretedutr","twitter_misc":{"Tahmini okuma s\u00fcresi":"1 dakika"},"schema":{"@context":"https:\/\/schema.org","@graph":[{"@type":"WebPage","@id":"https:\/\/ticaret.edu.tr\/elektrik-elektronik-muhendisligi\/tasarim-projesi-bitirme-projesi\/","url":"https:\/\/ticaret.edu.tr\/elektrik-elektronik-muhendisligi\/tasarim-projesi-bitirme-projesi\/","name":"Tasar\u0131m Projesi \/ Bitirme Projesi - Elektrik Elektronik M\u00fchendisli\u011fi","isPartOf":{"@id":"https:\/\/ticaret.edu.tr\/elektrik-elektronik-muhendisligi\/en\/#website"},"datePublished":"2022-11-09T13:55:26+00:00","dateModified":"2025-04-28T11:48:32+00:00","breadcrumb":{"@id":"https:\/\/ticaret.edu.tr\/elektrik-elektronik-muhendisligi\/tasarim-projesi-bitirme-projesi\/#breadcrumb"},"inLanguage":"tr","potentialAction":[{"@type":"ReadAction","target":["https:\/\/ticaret.edu.tr\/elektrik-elektronik-muhendisligi\/tasarim-projesi-bitirme-projesi\/"]}]},{"@type":"BreadcrumbList","@id":"https:\/\/ticaret.edu.tr\/elektrik-elektronik-muhendisligi\/tasarim-projesi-bitirme-projesi\/#breadcrumb","itemListElement":[{"@type":"ListItem","position":1,"name":"Ana sayfa","item":"http:\/\/ticaret.edu.tr\/elektrik-elektronik-muhendisligi\/"},{"@type":"ListItem","position":2,"name":"Tasar\u0131m Projesi \/ Bitirme Projesi"}]},{"@type":"WebSite","@id":"https:\/\/ticaret.edu.tr\/elektrik-elektronik-muhendisligi\/en\/#website","url":"https:\/\/ticaret.edu.tr\/elektrik-elektronik-muhendisligi\/en\/","name":"Elektrik Elektronik M\u00fchendisli\u011fi","description":"","potentialAction":[{"@type":"SearchAction","target":{"@type":"EntryPoint","urlTemplate":"https:\/\/ticaret.edu.tr\/elektrik-elektronik-muhendisligi\/en\/?s={search_term_string}"},"query-input":"required name=search_term_string"}],"inLanguage":"tr"}]}},"lang":"tr","translations":{"en":1226,"tr":632},"pll_sync_post":[],"_links":{"self":[{"href":"http:\/\/ticaret.edu.tr\/elektrik-elektronik-muhendisligi\/wp-json\/wp\/v2\/pages\/632"}],"collection":[{"href":"http:\/\/ticaret.edu.tr\/elektrik-elektronik-muhendisligi\/wp-json\/wp\/v2\/pages"}],"about":[{"href":"http:\/\/ticaret.edu.tr\/elektrik-elektronik-muhendisligi\/wp-json\/wp\/v2\/types\/page"}],"author":[{"embeddable":true,"href":"http:\/\/ticaret.edu.tr\/elektrik-elektronik-muhendisligi\/wp-json\/wp\/v2\/users\/203"}],"replies":[{"embeddable":true,"href":"http:\/\/ticaret.edu.tr\/elektrik-elektronik-muhendisligi\/wp-json\/wp\/v2\/comments?post=632"}],"version-history":[{"count":9,"href":"http:\/\/ticaret.edu.tr\/elektrik-elektronik-muhendisligi\/wp-json\/wp\/v2\/pages\/632\/revisions"}],"predecessor-version":[{"id":1932,"href":"http:\/\/ticaret.edu.tr\/elektrik-elektronik-muhendisligi\/wp-json\/wp\/v2\/pages\/632\/revisions\/1932"}],"wp:attachment":[{"href":"http:\/\/ticaret.edu.tr\/elektrik-elektronik-muhendisligi\/wp-json\/wp\/v2\/media?parent=632"}],"curies":[{"name":"wp","href":"https:\/\/api.w.org\/{rel}","templated":true}]}}