{"id":634,"date":"2022-11-09T16:55:28","date_gmt":"2022-11-09T13:55:28","guid":{"rendered":"https:\/\/ticaret.edu.tr\/elektrik-elektronik-muhendisligi\/?page_id=634"},"modified":"2025-09-29T09:08:54","modified_gmt":"2025-09-29T06:08:54","slug":"staj","status":"publish","type":"page","link":"http:\/\/ticaret.edu.tr\/elektrik-elektronik-muhendisligi\/staj\/","title":{"rendered":"Staj"},"content":{"rendered":"<p>Stajlar b\u00f6l\u00fcm baz\u0131nda temel elektrik staj\u0131 ve temel elektronik staj\u0131 olarak iki a\u015famal\u0131 olarak yapt\u0131r\u0131lmaktad\u0131r. \u00d6\u011frenciler yapt\u0131klar\u0131 staja ait staj defterlerini b\u00f6l\u00fcm staj komisyonuna sunar. Staj defterleri bu komisyon taraf\u0131ndan incelenir, yap\u0131lan i\u015f ve i\u015flemlerin verilen s\u00fcrede yap\u0131lmas\u0131n\u0131, kalitesini, b\u00f6l\u00fcme uygunlu\u011funu inceleyerek staj\u0131 kabul eder, k\u0131smen kabul eder veya kabul etmez. Kabul edilmeyen staj \u00f6\u011frenci taraf\u0131ndan tekrarlan\u0131r.<\/p>\n<h3>Elektrik-Elektronik M\u00fchendisli\u011fi B\u00f6l\u00fcm\u00fc Staj Komisyonu \u00dcyeleri<\/h3>\n<ul>\n<li>Prof. Dr. Mehmet Sezgin (Ba\u015fkan)<\/li>\n<li>Prof. Dr. Nedim Tutkun (\u00dcye)<\/li>\n<li>Dr. \u00d6\u011fr. \u00dcyesi Esra \u00c7elik (\u00dcye)<\/li>\n<li>Ar\u015f. G\u00f6r. Fatih Yi\u011fit (Raport\u00f6r)<\/li>\n<\/ul>\n<p><a href=\"https:\/\/ticaret.edu.tr\/elektrik-elektronik-muhendisligi\/staj\/elektrik-elektronik-muhendisligi-boelumu-staj-formlari\/\" rel=\"attachment wp-att-1900\">STAJ FORMLARI<\/a><\/p>\n<p><a href=\"https:\/\/ticaret.edu.tr\/elektrik-elektronik-muhendisligi\/staj\/elektrik-elektronik-muhendisligi-boelumu-staj-defteri\/\" rel=\"attachment wp-att-1899\">STAJ DEFTER\u0130<\/a><\/p>\n<p><strong>Sevgili \u00d6\u011frencilerimiz, Sorular\u0131n\u0131z \u0130\u00e7in L\u00fctfen \u00d6nce A\u015fa\u011f\u0131daki K\u0131lavuz ve Y\u00f6nergeyi Okuyunuz.<\/strong><\/p>\n<p><a href=\"https:\/\/ticaret.edu.tr\/elektrik-elektronik-muhendisligi\/staj\/elektrik-elektronik-muhendisligi-bolumu-staj-kilavuzu\/\" rel=\"attachment wp-att-1898\">ELEKTR\u0130K-ELEKTRON\u0130K M\u00dcHEND\u0130SL\u0130\u011e\u0130 B\u00d6L\u00dcM\u00dc STAJ KILAVUZU<\/a><\/p>\n<p><a href=\"https:\/\/ticaret.edu.tr\/elektrik-elektronik-muhendisligi\/staj\/guncel-istanbul-ticaret-universitesi-staj-yoenergesi\/\" rel=\"attachment wp-att-1901\">FAK\u00dcLTE STAJ Y\u00d6NERGES\u0130<\/a><\/p>\n","protected":false},"excerpt":{"rendered":"<p>Stajlar b\u00f6l\u00fcm baz\u0131nda temel elektrik staj\u0131 ve temel elektronik staj\u0131 olarak iki a\u015famal\u0131 olarak yapt\u0131r\u0131lmaktad\u0131r. \u00d6\u011frenciler yapt\u0131klar\u0131 staja ait staj defterlerini b\u00f6l\u00fcm staj komisyonuna sunar. Staj defterleri bu komisyon taraf\u0131ndan incelenir, yap\u0131lan i\u015f ve i\u015flemlerin verilen s\u00fcrede yap\u0131lmas\u0131n\u0131, kalitesini, b\u00f6l\u00fcme uygunlu\u011funu inceleyerek staj\u0131 kabul eder, k\u0131smen kabul eder veya kabul etmez. Kabul edilmeyen staj \u00f6\u011frenci [&hellip;]<\/p>\n","protected":false},"author":203,"featured_media":0,"parent":0,"menu_order":0,"comment_status":"closed","ping_status":"closed","template":"genel_sayfa.php","meta":{"footnotes":""},"yoast_head":"<!-- This site is optimized with the Yoast SEO Premium plugin v22.1 (Yoast SEO v22.1) - https:\/\/yoast.com\/wordpress\/plugins\/seo\/ -->\n<title>Staj - Elektrik Elektronik M\u00fchendisli\u011fi<\/title>\n<meta name=\"robots\" content=\"index, follow, max-snippet:-1, max-image-preview:large, max-video-preview:-1\" \/>\n<link rel=\"canonical\" href=\"https:\/\/ticaret.edu.tr\/elektrik-elektronik-muhendisligi\/staj\/\" \/>\n<meta property=\"og:locale\" content=\"tr_TR\" \/>\n<meta property=\"og:type\" content=\"article\" \/>\n<meta property=\"og:title\" content=\"Staj\" \/>\n<meta property=\"og:description\" content=\"Stajlar b\u00f6l\u00fcm baz\u0131nda temel elektrik staj\u0131 ve temel elektronik staj\u0131 olarak iki a\u015famal\u0131 olarak yapt\u0131r\u0131lmaktad\u0131r. \u00d6\u011frenciler yapt\u0131klar\u0131 staja ait staj defterlerini b\u00f6l\u00fcm staj komisyonuna sunar. Staj defterleri bu komisyon taraf\u0131ndan incelenir, yap\u0131lan i\u015f ve i\u015flemlerin verilen s\u00fcrede yap\u0131lmas\u0131n\u0131, kalitesini, b\u00f6l\u00fcme uygunlu\u011funu inceleyerek staj\u0131 kabul eder, k\u0131smen kabul eder veya kabul etmez. Kabul edilmeyen staj \u00f6\u011frenci [&hellip;]\" \/>\n<meta property=\"og:url\" content=\"https:\/\/ticaret.edu.tr\/elektrik-elektronik-muhendisligi\/staj\/\" \/>\n<meta property=\"og:site_name\" content=\"Elektrik Elektronik M\u00fchendisli\u011fi\" \/>\n<meta property=\"article:publisher\" content=\"https:\/\/www.facebook.com\/ticaretedutr\" \/>\n<meta property=\"article:modified_time\" content=\"2025-09-29T06:08:54+00:00\" \/>\n<meta property=\"og:image\" content=\"http:\/\/ticaret.edu.tr\/elektrik-elektronik-muhendisligi\/wp-content\/uploads\/sites\/20\/2021\/11\/web_logo-01.jpg\" \/>\n\t<meta property=\"og:image:width\" content=\"1250\" \/>\n\t<meta property=\"og:image:height\" content=\"833\" \/>\n\t<meta property=\"og:image:type\" content=\"image\/jpeg\" \/>\n<meta name=\"twitter:card\" content=\"summary_large_image\" \/>\n<meta name=\"twitter:site\" content=\"@ticaretedutr\" \/>\n<meta name=\"twitter:label1\" content=\"Tahmini okuma s\u00fcresi\" \/>\n\t<meta name=\"twitter:data1\" content=\"1 dakika\" \/>\n<script type=\"application\/ld+json\" class=\"yoast-schema-graph\">{\"@context\":\"https:\/\/schema.org\",\"@graph\":[{\"@type\":\"WebPage\",\"@id\":\"https:\/\/ticaret.edu.tr\/elektrik-elektronik-muhendisligi\/staj\/\",\"url\":\"https:\/\/ticaret.edu.tr\/elektrik-elektronik-muhendisligi\/staj\/\",\"name\":\"Staj - Elektrik Elektronik M\u00fchendisli\u011fi\",\"isPartOf\":{\"@id\":\"https:\/\/ticaret.edu.tr\/elektrik-elektronik-muhendisligi\/en\/#website\"},\"datePublished\":\"2022-11-09T13:55:28+00:00\",\"dateModified\":\"2025-09-29T06:08:54+00:00\",\"breadcrumb\":{\"@id\":\"https:\/\/ticaret.edu.tr\/elektrik-elektronik-muhendisligi\/staj\/#breadcrumb\"},\"inLanguage\":\"tr\",\"potentialAction\":[{\"@type\":\"ReadAction\",\"target\":[\"https:\/\/ticaret.edu.tr\/elektrik-elektronik-muhendisligi\/staj\/\"]}]},{\"@type\":\"BreadcrumbList\",\"@id\":\"https:\/\/ticaret.edu.tr\/elektrik-elektronik-muhendisligi\/staj\/#breadcrumb\",\"itemListElement\":[{\"@type\":\"ListItem\",\"position\":1,\"name\":\"Ana sayfa\",\"item\":\"http:\/\/ticaret.edu.tr\/elektrik-elektronik-muhendisligi\/\"},{\"@type\":\"ListItem\",\"position\":2,\"name\":\"Staj\"}]},{\"@type\":\"WebSite\",\"@id\":\"https:\/\/ticaret.edu.tr\/elektrik-elektronik-muhendisligi\/en\/#website\",\"url\":\"https:\/\/ticaret.edu.tr\/elektrik-elektronik-muhendisligi\/en\/\",\"name\":\"Elektrik Elektronik M\u00fchendisli\u011fi\",\"description\":\"\",\"potentialAction\":[{\"@type\":\"SearchAction\",\"target\":{\"@type\":\"EntryPoint\",\"urlTemplate\":\"https:\/\/ticaret.edu.tr\/elektrik-elektronik-muhendisligi\/en\/?s={search_term_string}\"},\"query-input\":\"required name=search_term_string\"}],\"inLanguage\":\"tr\"}]}<\/script>\n<!-- \/ Yoast SEO Premium plugin. -->","yoast_head_json":{"title":"Staj - Elektrik Elektronik M\u00fchendisli\u011fi","robots":{"index":"index","follow":"follow","max-snippet":"max-snippet:-1","max-image-preview":"max-image-preview:large","max-video-preview":"max-video-preview:-1"},"canonical":"https:\/\/ticaret.edu.tr\/elektrik-elektronik-muhendisligi\/staj\/","og_locale":"tr_TR","og_type":"article","og_title":"Staj","og_description":"Stajlar b\u00f6l\u00fcm baz\u0131nda temel elektrik staj\u0131 ve temel elektronik staj\u0131 olarak iki a\u015famal\u0131 olarak yapt\u0131r\u0131lmaktad\u0131r. \u00d6\u011frenciler yapt\u0131klar\u0131 staja ait staj defterlerini b\u00f6l\u00fcm staj komisyonuna sunar. Staj defterleri bu komisyon taraf\u0131ndan incelenir, yap\u0131lan i\u015f ve i\u015flemlerin verilen s\u00fcrede yap\u0131lmas\u0131n\u0131, kalitesini, b\u00f6l\u00fcme uygunlu\u011funu inceleyerek staj\u0131 kabul eder, k\u0131smen kabul eder veya kabul etmez. Kabul edilmeyen staj \u00f6\u011frenci [&hellip;]","og_url":"https:\/\/ticaret.edu.tr\/elektrik-elektronik-muhendisligi\/staj\/","og_site_name":"Elektrik Elektronik M\u00fchendisli\u011fi","article_publisher":"https:\/\/www.facebook.com\/ticaretedutr","article_modified_time":"2025-09-29T06:08:54+00:00","og_image":[{"width":1250,"height":833,"url":"http:\/\/ticaret.edu.tr\/elektrik-elektronik-muhendisligi\/wp-content\/uploads\/sites\/20\/2021\/11\/web_logo-01.jpg","type":"image\/jpeg"}],"twitter_card":"summary_large_image","twitter_site":"@ticaretedutr","twitter_misc":{"Tahmini okuma s\u00fcresi":"1 dakika"},"schema":{"@context":"https:\/\/schema.org","@graph":[{"@type":"WebPage","@id":"https:\/\/ticaret.edu.tr\/elektrik-elektronik-muhendisligi\/staj\/","url":"https:\/\/ticaret.edu.tr\/elektrik-elektronik-muhendisligi\/staj\/","name":"Staj - Elektrik Elektronik M\u00fchendisli\u011fi","isPartOf":{"@id":"https:\/\/ticaret.edu.tr\/elektrik-elektronik-muhendisligi\/en\/#website"},"datePublished":"2022-11-09T13:55:28+00:00","dateModified":"2025-09-29T06:08:54+00:00","breadcrumb":{"@id":"https:\/\/ticaret.edu.tr\/elektrik-elektronik-muhendisligi\/staj\/#breadcrumb"},"inLanguage":"tr","potentialAction":[{"@type":"ReadAction","target":["https:\/\/ticaret.edu.tr\/elektrik-elektronik-muhendisligi\/staj\/"]}]},{"@type":"BreadcrumbList","@id":"https:\/\/ticaret.edu.tr\/elektrik-elektronik-muhendisligi\/staj\/#breadcrumb","itemListElement":[{"@type":"ListItem","position":1,"name":"Ana sayfa","item":"http:\/\/ticaret.edu.tr\/elektrik-elektronik-muhendisligi\/"},{"@type":"ListItem","position":2,"name":"Staj"}]},{"@type":"WebSite","@id":"https:\/\/ticaret.edu.tr\/elektrik-elektronik-muhendisligi\/en\/#website","url":"https:\/\/ticaret.edu.tr\/elektrik-elektronik-muhendisligi\/en\/","name":"Elektrik Elektronik M\u00fchendisli\u011fi","description":"","potentialAction":[{"@type":"SearchAction","target":{"@type":"EntryPoint","urlTemplate":"https:\/\/ticaret.edu.tr\/elektrik-elektronik-muhendisligi\/en\/?s={search_term_string}"},"query-input":"required name=search_term_string"}],"inLanguage":"tr"}]}},"lang":"tr","translations":{"en":1228,"tr":634},"pll_sync_post":[],"_links":{"self":[{"href":"http:\/\/ticaret.edu.tr\/elektrik-elektronik-muhendisligi\/wp-json\/wp\/v2\/pages\/634"}],"collection":[{"href":"http:\/\/ticaret.edu.tr\/elektrik-elektronik-muhendisligi\/wp-json\/wp\/v2\/pages"}],"about":[{"href":"http:\/\/ticaret.edu.tr\/elektrik-elektronik-muhendisligi\/wp-json\/wp\/v2\/types\/page"}],"author":[{"embeddable":true,"href":"http:\/\/ticaret.edu.tr\/elektrik-elektronik-muhendisligi\/wp-json\/wp\/v2\/users\/203"}],"replies":[{"embeddable":true,"href":"http:\/\/ticaret.edu.tr\/elektrik-elektronik-muhendisligi\/wp-json\/wp\/v2\/comments?post=634"}],"version-history":[{"count":12,"href":"http:\/\/ticaret.edu.tr\/elektrik-elektronik-muhendisligi\/wp-json\/wp\/v2\/pages\/634\/revisions"}],"predecessor-version":[{"id":2093,"href":"http:\/\/ticaret.edu.tr\/elektrik-elektronik-muhendisligi\/wp-json\/wp\/v2\/pages\/634\/revisions\/2093"}],"wp:attachment":[{"href":"http:\/\/ticaret.edu.tr\/elektrik-elektronik-muhendisligi\/wp-json\/wp\/v2\/media?parent=634"}],"curies":[{"name":"wp","href":"https:\/\/api.w.org\/{rel}","templated":true}]}}