{"id":641,"date":"2022-11-09T16:56:47","date_gmt":"2022-11-09T13:56:47","guid":{"rendered":"https:\/\/ticaret.edu.tr\/elektrik-elektronik-muhendisligi\/?page_id=641"},"modified":"2025-02-12T10:53:53","modified_gmt":"2025-02-12T07:53:53","slug":"lisansustu-genel-bilgi","status":"publish","type":"page","link":"http:\/\/ticaret.edu.tr\/elektrik-elektronik-muhendisligi\/lisansustu-genel-bilgi\/","title":{"rendered":"Genel Bilgi"},"content":{"rendered":"<table width=\"752\">\n<tbody>\n<tr>\n<td width=\"752\">Lisans\u00fcst\u00fc program\u0131 tezli ve tezsiz y\u00fcksek lisans program\u0131 olarak y\u00fcr\u00fct\u00fclmekte olup normal tamamlama s\u00fcresi 4 yar\u0131y\u0131ld\u0131r.<\/p>\n<p>Program\u0131 ba\u015far\u0131 ile tamamlayan \u00f6\u011frenciler Elektrik-Elektronik M\u00fchendisli\u011fi Y\u00fcksek Lisans derecesini almaya hak kazan\u0131rlar.<\/td>\n<\/tr>\n<\/tbody>\n<\/table>\n","protected":false},"excerpt":{"rendered":"<p>Lisans\u00fcst\u00fc program\u0131 tezli ve tezsiz y\u00fcksek lisans program\u0131 olarak y\u00fcr\u00fct\u00fclmekte olup normal tamamlama s\u00fcresi 4 yar\u0131y\u0131ld\u0131r. Program\u0131 ba\u015far\u0131 ile tamamlayan \u00f6\u011frenciler Elektrik-Elektronik M\u00fchendisli\u011fi Y\u00fcksek Lisans derecesini almaya hak kazan\u0131rlar.<\/p>\n","protected":false},"author":203,"featured_media":0,"parent":0,"menu_order":0,"comment_status":"closed","ping_status":"closed","template":"genel_sayfa.php","meta":{"footnotes":""},"yoast_head":"<!-- This site is optimized with the Yoast SEO Premium plugin v22.1 (Yoast SEO v22.1) - https:\/\/yoast.com\/wordpress\/plugins\/seo\/ -->\n<title>Genel Bilgi - Elektrik Elektronik M\u00fchendisli\u011fi<\/title>\n<meta name=\"robots\" content=\"index, follow, max-snippet:-1, max-image-preview:large, max-video-preview:-1\" \/>\n<link rel=\"canonical\" href=\"https:\/\/ticaret.edu.tr\/elektrik-elektronik-muhendisligi\/lisansustu-genel-bilgi\/\" \/>\n<meta property=\"og:locale\" content=\"tr_TR\" \/>\n<meta property=\"og:type\" content=\"article\" \/>\n<meta property=\"og:title\" content=\"Genel Bilgi\" \/>\n<meta property=\"og:description\" content=\"Lisans\u00fcst\u00fc program\u0131 tezli ve tezsiz y\u00fcksek lisans program\u0131 olarak y\u00fcr\u00fct\u00fclmekte olup normal tamamlama s\u00fcresi 4 yar\u0131y\u0131ld\u0131r. Program\u0131 ba\u015far\u0131 ile tamamlayan \u00f6\u011frenciler Elektrik-Elektronik M\u00fchendisli\u011fi Y\u00fcksek Lisans derecesini almaya hak kazan\u0131rlar.\" \/>\n<meta property=\"og:url\" content=\"https:\/\/ticaret.edu.tr\/elektrik-elektronik-muhendisligi\/lisansustu-genel-bilgi\/\" \/>\n<meta property=\"og:site_name\" content=\"Elektrik Elektronik M\u00fchendisli\u011fi\" \/>\n<meta property=\"article:publisher\" content=\"https:\/\/www.facebook.com\/ticaretedutr\" \/>\n<meta property=\"article:modified_time\" content=\"2025-02-12T07:53:53+00:00\" \/>\n<meta property=\"og:image\" content=\"http:\/\/ticaret.edu.tr\/elektrik-elektronik-muhendisligi\/wp-content\/uploads\/sites\/20\/2021\/11\/web_logo-01.jpg\" \/>\n\t<meta property=\"og:image:width\" content=\"1250\" \/>\n\t<meta property=\"og:image:height\" content=\"833\" \/>\n\t<meta property=\"og:image:type\" content=\"image\/jpeg\" \/>\n<meta name=\"twitter:card\" content=\"summary_large_image\" \/>\n<meta name=\"twitter:site\" content=\"@ticaretedutr\" \/>\n<meta name=\"twitter:label1\" content=\"Tahmini okuma s\u00fcresi\" \/>\n\t<meta name=\"twitter:data1\" content=\"1 dakika\" \/>\n<script type=\"application\/ld+json\" class=\"yoast-schema-graph\">{\"@context\":\"https:\/\/schema.org\",\"@graph\":[{\"@type\":\"WebPage\",\"@id\":\"https:\/\/ticaret.edu.tr\/elektrik-elektronik-muhendisligi\/lisansustu-genel-bilgi\/\",\"url\":\"https:\/\/ticaret.edu.tr\/elektrik-elektronik-muhendisligi\/lisansustu-genel-bilgi\/\",\"name\":\"Genel Bilgi - Elektrik Elektronik M\u00fchendisli\u011fi\",\"isPartOf\":{\"@id\":\"https:\/\/ticaret.edu.tr\/elektrik-elektronik-muhendisligi\/en\/#website\"},\"datePublished\":\"2022-11-09T13:56:47+00:00\",\"dateModified\":\"2025-02-12T07:53:53+00:00\",\"breadcrumb\":{\"@id\":\"https:\/\/ticaret.edu.tr\/elektrik-elektronik-muhendisligi\/lisansustu-genel-bilgi\/#breadcrumb\"},\"inLanguage\":\"tr\",\"potentialAction\":[{\"@type\":\"ReadAction\",\"target\":[\"https:\/\/ticaret.edu.tr\/elektrik-elektronik-muhendisligi\/lisansustu-genel-bilgi\/\"]}]},{\"@type\":\"BreadcrumbList\",\"@id\":\"https:\/\/ticaret.edu.tr\/elektrik-elektronik-muhendisligi\/lisansustu-genel-bilgi\/#breadcrumb\",\"itemListElement\":[{\"@type\":\"ListItem\",\"position\":1,\"name\":\"Ana sayfa\",\"item\":\"http:\/\/ticaret.edu.tr\/elektrik-elektronik-muhendisligi\/\"},{\"@type\":\"ListItem\",\"position\":2,\"name\":\"Genel Bilgi\"}]},{\"@type\":\"WebSite\",\"@id\":\"https:\/\/ticaret.edu.tr\/elektrik-elektronik-muhendisligi\/en\/#website\",\"url\":\"https:\/\/ticaret.edu.tr\/elektrik-elektronik-muhendisligi\/en\/\",\"name\":\"Elektrik Elektronik M\u00fchendisli\u011fi\",\"description\":\"\",\"potentialAction\":[{\"@type\":\"SearchAction\",\"target\":{\"@type\":\"EntryPoint\",\"urlTemplate\":\"https:\/\/ticaret.edu.tr\/elektrik-elektronik-muhendisligi\/en\/?s={search_term_string}\"},\"query-input\":\"required name=search_term_string\"}],\"inLanguage\":\"tr\"}]}<\/script>\n<!-- \/ Yoast SEO Premium plugin. -->","yoast_head_json":{"title":"Genel Bilgi - Elektrik Elektronik M\u00fchendisli\u011fi","robots":{"index":"index","follow":"follow","max-snippet":"max-snippet:-1","max-image-preview":"max-image-preview:large","max-video-preview":"max-video-preview:-1"},"canonical":"https:\/\/ticaret.edu.tr\/elektrik-elektronik-muhendisligi\/lisansustu-genel-bilgi\/","og_locale":"tr_TR","og_type":"article","og_title":"Genel Bilgi","og_description":"Lisans\u00fcst\u00fc program\u0131 tezli ve tezsiz y\u00fcksek lisans program\u0131 olarak y\u00fcr\u00fct\u00fclmekte olup normal tamamlama s\u00fcresi 4 yar\u0131y\u0131ld\u0131r. Program\u0131 ba\u015far\u0131 ile tamamlayan \u00f6\u011frenciler Elektrik-Elektronik M\u00fchendisli\u011fi Y\u00fcksek Lisans derecesini almaya hak kazan\u0131rlar.","og_url":"https:\/\/ticaret.edu.tr\/elektrik-elektronik-muhendisligi\/lisansustu-genel-bilgi\/","og_site_name":"Elektrik Elektronik M\u00fchendisli\u011fi","article_publisher":"https:\/\/www.facebook.com\/ticaretedutr","article_modified_time":"2025-02-12T07:53:53+00:00","og_image":[{"width":1250,"height":833,"url":"http:\/\/ticaret.edu.tr\/elektrik-elektronik-muhendisligi\/wp-content\/uploads\/sites\/20\/2021\/11\/web_logo-01.jpg","type":"image\/jpeg"}],"twitter_card":"summary_large_image","twitter_site":"@ticaretedutr","twitter_misc":{"Tahmini okuma s\u00fcresi":"1 dakika"},"schema":{"@context":"https:\/\/schema.org","@graph":[{"@type":"WebPage","@id":"https:\/\/ticaret.edu.tr\/elektrik-elektronik-muhendisligi\/lisansustu-genel-bilgi\/","url":"https:\/\/ticaret.edu.tr\/elektrik-elektronik-muhendisligi\/lisansustu-genel-bilgi\/","name":"Genel Bilgi - Elektrik Elektronik M\u00fchendisli\u011fi","isPartOf":{"@id":"https:\/\/ticaret.edu.tr\/elektrik-elektronik-muhendisligi\/en\/#website"},"datePublished":"2022-11-09T13:56:47+00:00","dateModified":"2025-02-12T07:53:53+00:00","breadcrumb":{"@id":"https:\/\/ticaret.edu.tr\/elektrik-elektronik-muhendisligi\/lisansustu-genel-bilgi\/#breadcrumb"},"inLanguage":"tr","potentialAction":[{"@type":"ReadAction","target":["https:\/\/ticaret.edu.tr\/elektrik-elektronik-muhendisligi\/lisansustu-genel-bilgi\/"]}]},{"@type":"BreadcrumbList","@id":"https:\/\/ticaret.edu.tr\/elektrik-elektronik-muhendisligi\/lisansustu-genel-bilgi\/#breadcrumb","itemListElement":[{"@type":"ListItem","position":1,"name":"Ana sayfa","item":"http:\/\/ticaret.edu.tr\/elektrik-elektronik-muhendisligi\/"},{"@type":"ListItem","position":2,"name":"Genel Bilgi"}]},{"@type":"WebSite","@id":"https:\/\/ticaret.edu.tr\/elektrik-elektronik-muhendisligi\/en\/#website","url":"https:\/\/ticaret.edu.tr\/elektrik-elektronik-muhendisligi\/en\/","name":"Elektrik Elektronik M\u00fchendisli\u011fi","description":"","potentialAction":[{"@type":"SearchAction","target":{"@type":"EntryPoint","urlTemplate":"https:\/\/ticaret.edu.tr\/elektrik-elektronik-muhendisligi\/en\/?s={search_term_string}"},"query-input":"required name=search_term_string"}],"inLanguage":"tr"}]}},"lang":"tr","translations":{"tr":641,"en":1533},"pll_sync_post":[],"_links":{"self":[{"href":"http:\/\/ticaret.edu.tr\/elektrik-elektronik-muhendisligi\/wp-json\/wp\/v2\/pages\/641"}],"collection":[{"href":"http:\/\/ticaret.edu.tr\/elektrik-elektronik-muhendisligi\/wp-json\/wp\/v2\/pages"}],"about":[{"href":"http:\/\/ticaret.edu.tr\/elektrik-elektronik-muhendisligi\/wp-json\/wp\/v2\/types\/page"}],"author":[{"embeddable":true,"href":"http:\/\/ticaret.edu.tr\/elektrik-elektronik-muhendisligi\/wp-json\/wp\/v2\/users\/203"}],"replies":[{"embeddable":true,"href":"http:\/\/ticaret.edu.tr\/elektrik-elektronik-muhendisligi\/wp-json\/wp\/v2\/comments?post=641"}],"version-history":[{"count":5,"href":"http:\/\/ticaret.edu.tr\/elektrik-elektronik-muhendisligi\/wp-json\/wp\/v2\/pages\/641\/revisions"}],"predecessor-version":[{"id":1772,"href":"http:\/\/ticaret.edu.tr\/elektrik-elektronik-muhendisligi\/wp-json\/wp\/v2\/pages\/641\/revisions\/1772"}],"wp:attachment":[{"href":"http:\/\/ticaret.edu.tr\/elektrik-elektronik-muhendisligi\/wp-json\/wp\/v2\/media?parent=641"}],"curies":[{"name":"wp","href":"https:\/\/api.w.org\/{rel}","templated":true}]}}