{"id":656,"date":"2022-11-09T16:49:43","date_gmt":"2022-11-09T13:49:43","guid":{"rendered":"https:\/\/ticaret.edu.tr\/elektrik-elektronik-muhendisligi\/?page_id=656"},"modified":"2025-02-12T09:42:28","modified_gmt":"2025-02-12T06:42:28","slug":"laboratuvarlar","status":"publish","type":"page","link":"http:\/\/ticaret.edu.tr\/elektrik-elektronik-muhendisligi\/laboratuvarlar\/","title":{"rendered":"Laboratuvarlar"},"content":{"rendered":"<table width=\"752\">\n<tbody>\n<tr>\n<td width=\"752\">Mevcut durum:<\/p>\n<p>B\u00f6l\u00fcm\u00fcm\u00fczde \u015fu anda a\u015fa\u011f\u0131da yaz\u0131l\u0131 laboratuvarlar yer almaktad\u0131r:<\/p>\n<ul>\n<li>Temel Elektronik Laboratuvar\u0131: Bu laboratuvar\u0131 gerek devre analizi gerekse elektronik dersleri ile ilgili deneyler yap\u0131labilmekte ayn\u0131 zamanda \u00f6\u011frencilerin tez \u00e7al\u0131\u015fmalar\u0131nda kullanabilece\u011fi baz\u0131 temel gere\u00e7ler bulunmaktad\u0131r. Bu laboratuvarda bulunan cihazlar:\n<ul>\n<li>10 adet Osiloskop,<\/li>\n<li>10 adet Sinyal Jenerat\u00f6r\u00fc,<\/li>\n<li>10 adet G\u00fc\u00e7 Kayna\u011f\u0131,<\/li>\n<li>10 adet Multimetre<\/li>\n<\/ul>\n<\/li>\n<li>Fizik laboratuvar\u0131<\/li>\n<li>Lisans\u00fcst\u00fc Proje Laboratuvar\u0131<\/li>\n<li>Haberle\u015fme Laboratuvar\u0131<\/li>\n<li>Multimedya Laboratuvar\u0131<\/li>\n<li>Power Laboratuvar\u0131<\/li>\n<li>Mikrodalga Laboratuvar<\/li>\n<\/ul>\n<p>Ek olarak ortak kullan\u0131lan laboratuvar ve at\u00f6lyeler a\u015fa\u011f\u0131da yer almaktad\u0131r:<\/p>\n<ul>\n<li>Mekanik At\u00f6lye<\/li>\n<li>Deneyap At\u00f6lyesi<\/li>\n<li>Ah\u015fap At\u00f6lyesi<\/li>\n<\/ul>\n<p>&nbsp;<\/td>\n<\/tr>\n<\/tbody>\n<\/table>\n","protected":false},"excerpt":{"rendered":"<p>Mevcut durum: B\u00f6l\u00fcm\u00fcm\u00fczde \u015fu anda a\u015fa\u011f\u0131da yaz\u0131l\u0131 laboratuvarlar yer almaktad\u0131r: Temel Elektronik Laboratuvar\u0131: Bu laboratuvar\u0131 gerek devre analizi gerekse elektronik dersleri ile ilgili deneyler yap\u0131labilmekte ayn\u0131 zamanda \u00f6\u011frencilerin tez \u00e7al\u0131\u015fmalar\u0131nda kullanabilece\u011fi baz\u0131 temel gere\u00e7ler bulunmaktad\u0131r. Bu laboratuvarda bulunan cihazlar: 10 adet Osiloskop, 10 adet Sinyal Jenerat\u00f6r\u00fc, 10 adet G\u00fc\u00e7 Kayna\u011f\u0131, 10 adet Multimetre Fizik laboratuvar\u0131 [&hellip;]<\/p>\n","protected":false},"author":183,"featured_media":0,"parent":0,"menu_order":0,"comment_status":"closed","ping_status":"closed","template":"genel_sayfa.php","meta":{"footnotes":""},"yoast_head":"<!-- This site is optimized with the Yoast SEO Premium plugin v22.1 (Yoast SEO v22.1) - https:\/\/yoast.com\/wordpress\/plugins\/seo\/ -->\n<title>Laboratuvarlar - Elektrik Elektronik M\u00fchendisli\u011fi<\/title>\n<meta name=\"robots\" content=\"index, follow, max-snippet:-1, max-image-preview:large, max-video-preview:-1\" \/>\n<link rel=\"canonical\" href=\"http:\/\/ticaret.edu.tr\/elektrik-elektronik-muhendisligi\/laboratuvarlar\/\" \/>\n<meta property=\"og:locale\" content=\"tr_TR\" \/>\n<meta property=\"og:type\" content=\"article\" \/>\n<meta property=\"og:title\" content=\"Laboratuvarlar\" \/>\n<meta property=\"og:description\" content=\"Mevcut durum: B\u00f6l\u00fcm\u00fcm\u00fczde \u015fu anda a\u015fa\u011f\u0131da yaz\u0131l\u0131 laboratuvarlar yer almaktad\u0131r: Temel Elektronik Laboratuvar\u0131: Bu laboratuvar\u0131 gerek devre analizi gerekse elektronik dersleri ile ilgili deneyler yap\u0131labilmekte ayn\u0131 zamanda \u00f6\u011frencilerin tez \u00e7al\u0131\u015fmalar\u0131nda kullanabilece\u011fi baz\u0131 temel gere\u00e7ler bulunmaktad\u0131r. Bu laboratuvarda bulunan cihazlar: 10 adet Osiloskop, 10 adet Sinyal Jenerat\u00f6r\u00fc, 10 adet G\u00fc\u00e7 Kayna\u011f\u0131, 10 adet Multimetre Fizik laboratuvar\u0131 [&hellip;]\" \/>\n<meta property=\"og:url\" content=\"http:\/\/ticaret.edu.tr\/elektrik-elektronik-muhendisligi\/laboratuvarlar\/\" \/>\n<meta property=\"og:site_name\" content=\"Elektrik Elektronik M\u00fchendisli\u011fi\" \/>\n<meta property=\"article:publisher\" content=\"https:\/\/www.facebook.com\/ticaretedutr\" \/>\n<meta property=\"article:modified_time\" content=\"2025-02-12T06:42:28+00:00\" \/>\n<meta property=\"og:image\" content=\"http:\/\/ticaret.edu.tr\/elektrik-elektronik-muhendisligi\/wp-content\/uploads\/sites\/20\/2021\/11\/web_logo-01.jpg\" \/>\n\t<meta property=\"og:image:width\" content=\"1250\" \/>\n\t<meta property=\"og:image:height\" content=\"833\" \/>\n\t<meta property=\"og:image:type\" content=\"image\/jpeg\" \/>\n<meta name=\"twitter:card\" content=\"summary_large_image\" \/>\n<meta name=\"twitter:site\" content=\"@ticaretedutr\" \/>\n<meta name=\"twitter:label1\" content=\"Tahmini okuma s\u00fcresi\" \/>\n\t<meta name=\"twitter:data1\" content=\"1 dakika\" \/>\n<script type=\"application\/ld+json\" class=\"yoast-schema-graph\">{\"@context\":\"https:\/\/schema.org\",\"@graph\":[{\"@type\":\"WebPage\",\"@id\":\"http:\/\/ticaret.edu.tr\/elektrik-elektronik-muhendisligi\/laboratuvarlar\/\",\"url\":\"http:\/\/ticaret.edu.tr\/elektrik-elektronik-muhendisligi\/laboratuvarlar\/\",\"name\":\"Laboratuvarlar - Elektrik Elektronik M\u00fchendisli\u011fi\",\"isPartOf\":{\"@id\":\"http:\/\/ticaret.edu.tr\/elektrik-elektronik-muhendisligi\/#website\"},\"datePublished\":\"2022-11-09T13:49:43+00:00\",\"dateModified\":\"2025-02-12T06:42:28+00:00\",\"breadcrumb\":{\"@id\":\"http:\/\/ticaret.edu.tr\/elektrik-elektronik-muhendisligi\/laboratuvarlar\/#breadcrumb\"},\"inLanguage\":\"tr\",\"potentialAction\":[{\"@type\":\"ReadAction\",\"target\":[\"http:\/\/ticaret.edu.tr\/elektrik-elektronik-muhendisligi\/laboratuvarlar\/\"]}]},{\"@type\":\"BreadcrumbList\",\"@id\":\"http:\/\/ticaret.edu.tr\/elektrik-elektronik-muhendisligi\/laboratuvarlar\/#breadcrumb\",\"itemListElement\":[{\"@type\":\"ListItem\",\"position\":1,\"name\":\"Ana sayfa\",\"item\":\"http:\/\/ticaret.edu.tr\/elektrik-elektronik-muhendisligi\/\"},{\"@type\":\"ListItem\",\"position\":2,\"name\":\"Laboratuvarlar\"}]},{\"@type\":\"WebSite\",\"@id\":\"http:\/\/ticaret.edu.tr\/elektrik-elektronik-muhendisligi\/#website\",\"url\":\"http:\/\/ticaret.edu.tr\/elektrik-elektronik-muhendisligi\/\",\"name\":\"Elektrik Elektronik M\u00fchendisli\u011fi\",\"description\":\"\",\"potentialAction\":[{\"@type\":\"SearchAction\",\"target\":{\"@type\":\"EntryPoint\",\"urlTemplate\":\"http:\/\/ticaret.edu.tr\/elektrik-elektronik-muhendisligi\/?s={search_term_string}\"},\"query-input\":\"required name=search_term_string\"}],\"inLanguage\":\"tr\"}]}<\/script>\n<!-- \/ Yoast SEO Premium plugin. -->","yoast_head_json":{"title":"Laboratuvarlar - Elektrik Elektronik M\u00fchendisli\u011fi","robots":{"index":"index","follow":"follow","max-snippet":"max-snippet:-1","max-image-preview":"max-image-preview:large","max-video-preview":"max-video-preview:-1"},"canonical":"http:\/\/ticaret.edu.tr\/elektrik-elektronik-muhendisligi\/laboratuvarlar\/","og_locale":"tr_TR","og_type":"article","og_title":"Laboratuvarlar","og_description":"Mevcut durum: B\u00f6l\u00fcm\u00fcm\u00fczde \u015fu anda a\u015fa\u011f\u0131da yaz\u0131l\u0131 laboratuvarlar yer almaktad\u0131r: Temel Elektronik Laboratuvar\u0131: Bu laboratuvar\u0131 gerek devre analizi gerekse elektronik dersleri ile ilgili deneyler yap\u0131labilmekte ayn\u0131 zamanda \u00f6\u011frencilerin tez \u00e7al\u0131\u015fmalar\u0131nda kullanabilece\u011fi baz\u0131 temel gere\u00e7ler bulunmaktad\u0131r. Bu laboratuvarda bulunan cihazlar: 10 adet Osiloskop, 10 adet Sinyal Jenerat\u00f6r\u00fc, 10 adet G\u00fc\u00e7 Kayna\u011f\u0131, 10 adet Multimetre Fizik laboratuvar\u0131 [&hellip;]","og_url":"http:\/\/ticaret.edu.tr\/elektrik-elektronik-muhendisligi\/laboratuvarlar\/","og_site_name":"Elektrik Elektronik M\u00fchendisli\u011fi","article_publisher":"https:\/\/www.facebook.com\/ticaretedutr","article_modified_time":"2025-02-12T06:42:28+00:00","og_image":[{"width":1250,"height":833,"url":"http:\/\/ticaret.edu.tr\/elektrik-elektronik-muhendisligi\/wp-content\/uploads\/sites\/20\/2021\/11\/web_logo-01.jpg","type":"image\/jpeg"}],"twitter_card":"summary_large_image","twitter_site":"@ticaretedutr","twitter_misc":{"Tahmini okuma s\u00fcresi":"1 dakika"},"schema":{"@context":"https:\/\/schema.org","@graph":[{"@type":"WebPage","@id":"http:\/\/ticaret.edu.tr\/elektrik-elektronik-muhendisligi\/laboratuvarlar\/","url":"http:\/\/ticaret.edu.tr\/elektrik-elektronik-muhendisligi\/laboratuvarlar\/","name":"Laboratuvarlar - Elektrik Elektronik M\u00fchendisli\u011fi","isPartOf":{"@id":"http:\/\/ticaret.edu.tr\/elektrik-elektronik-muhendisligi\/#website"},"datePublished":"2022-11-09T13:49:43+00:00","dateModified":"2025-02-12T06:42:28+00:00","breadcrumb":{"@id":"http:\/\/ticaret.edu.tr\/elektrik-elektronik-muhendisligi\/laboratuvarlar\/#breadcrumb"},"inLanguage":"tr","potentialAction":[{"@type":"ReadAction","target":["http:\/\/ticaret.edu.tr\/elektrik-elektronik-muhendisligi\/laboratuvarlar\/"]}]},{"@type":"BreadcrumbList","@id":"http:\/\/ticaret.edu.tr\/elektrik-elektronik-muhendisligi\/laboratuvarlar\/#breadcrumb","itemListElement":[{"@type":"ListItem","position":1,"name":"Ana sayfa","item":"http:\/\/ticaret.edu.tr\/elektrik-elektronik-muhendisligi\/"},{"@type":"ListItem","position":2,"name":"Laboratuvarlar"}]},{"@type":"WebSite","@id":"http:\/\/ticaret.edu.tr\/elektrik-elektronik-muhendisligi\/#website","url":"http:\/\/ticaret.edu.tr\/elektrik-elektronik-muhendisligi\/","name":"Elektrik Elektronik M\u00fchendisli\u011fi","description":"","potentialAction":[{"@type":"SearchAction","target":{"@type":"EntryPoint","urlTemplate":"http:\/\/ticaret.edu.tr\/elektrik-elektronik-muhendisligi\/?s={search_term_string}"},"query-input":"required name=search_term_string"}],"inLanguage":"tr"}]}},"lang":"tr","translations":{"en":1287,"tr":656},"pll_sync_post":[],"_links":{"self":[{"href":"http:\/\/ticaret.edu.tr\/elektrik-elektronik-muhendisligi\/wp-json\/wp\/v2\/pages\/656"}],"collection":[{"href":"http:\/\/ticaret.edu.tr\/elektrik-elektronik-muhendisligi\/wp-json\/wp\/v2\/pages"}],"about":[{"href":"http:\/\/ticaret.edu.tr\/elektrik-elektronik-muhendisligi\/wp-json\/wp\/v2\/types\/page"}],"author":[{"embeddable":true,"href":"http:\/\/ticaret.edu.tr\/elektrik-elektronik-muhendisligi\/wp-json\/wp\/v2\/users\/183"}],"replies":[{"embeddable":true,"href":"http:\/\/ticaret.edu.tr\/elektrik-elektronik-muhendisligi\/wp-json\/wp\/v2\/comments?post=656"}],"version-history":[{"count":6,"href":"http:\/\/ticaret.edu.tr\/elektrik-elektronik-muhendisligi\/wp-json\/wp\/v2\/pages\/656\/revisions"}],"predecessor-version":[{"id":1731,"href":"http:\/\/ticaret.edu.tr\/elektrik-elektronik-muhendisligi\/wp-json\/wp\/v2\/pages\/656\/revisions\/1731"}],"wp:attachment":[{"href":"http:\/\/ticaret.edu.tr\/elektrik-elektronik-muhendisligi\/wp-json\/wp\/v2\/media?parent=656"}],"curies":[{"name":"wp","href":"https:\/\/api.w.org\/{rel}","templated":true}]}}