{"id":658,"date":"2022-11-09T16:50:06","date_gmt":"2022-11-09T13:50:06","guid":{"rendered":"https:\/\/ticaret.edu.tr\/elektrik-elektronik-muhendisligi\/?page_id=658"},"modified":"2025-02-12T09:43:00","modified_gmt":"2025-02-12T06:43:00","slug":"proje-destekler","status":"publish","type":"page","link":"http:\/\/ticaret.edu.tr\/elektrik-elektronik-muhendisligi\/proje-destekler\/","title":{"rendered":"Proje \/ Destekler"},"content":{"rendered":"<table width=\"1082\">\n<tbody>\n<tr>\n<td width=\"752\"><strong>Projenin Ad\u0131<\/strong><\/td>\n<td width=\"89\"><strong>Projenin T\u00fcr\u00fc<\/strong><\/td>\n<td width=\"101\"><strong>Destekleyen Birim\/ Kurulu\u015f<\/strong><\/td>\n<td width=\"140\"><strong>Ba\u015flama-Biti\u015f Tarihleri<\/strong><\/td>\n<\/tr>\n<tr>\n<td width=\"752\">Rumeli Hisar\u00fcst\u00fc \u2013 A\u015fiyan F\u00fcnik\u00fcler Sistemi Elektromanyetik Etki Ve Uyumluluk Dan\u0131\u015fmanl\u0131k Hizmeti<\/td>\n<td width=\"89\">Ara\u015ft\u0131rma<\/td>\n<td width=\"101\">Sanayi Kurulu\u015fu<\/td>\n<td width=\"140\">2021-Devam Ediyor<\/td>\n<\/tr>\n<tr>\n<td width=\"752\">\u00c7ok Boyutlu Telsiz Haberle\u015fme \u0130\u015faret Analiz Platformu<\/td>\n<td width=\"89\">Ara\u015ft\u0131rma<\/td>\n<td width=\"101\">Savunma Sanayi Ba\u015fkanl\u0131\u011f\u0131<\/td>\n<td width=\"140\">2018-Devam Ediyor<\/td>\n<\/tr>\n<tr>\n<td width=\"752\">Machine Learning &#8211; Based Design and Operation of Next Generation Software Defined Heterogeneous Networks<\/td>\n<td width=\"89\">Ara\u015ft\u0131rma<\/td>\n<td width=\"101\">T\u00dcB\u0130TAK &#8211; QNRF<\/td>\n<td width=\"140\">2021-Devam Ediyor<\/td>\n<\/tr>\n<tr>\n<td width=\"752\">Development Of Novel Machine Learning Applications For The Assessment Of Congenital and Acquired Facial Deformity and Reconstructive Surgical Outcomes<\/td>\n<td width=\"89\">Ara\u015ft\u0131rma<\/td>\n<td width=\"101\">T\u00dcB\u0130TAK &#8211; QNRF<\/td>\n<td width=\"140\">2021-Devam Ediyor<\/td>\n<\/tr>\n<tr>\n<td width=\"752\">Robotim<\/td>\n<td width=\"89\">Ara\u015ft\u0131rma<\/td>\n<td width=\"101\">Savunma Sanayi Ba\u015fkanl\u0131\u011f\u0131<\/td>\n<td width=\"140\">2020-Devam Ediyor<\/td>\n<\/tr>\n<tr>\n<td width=\"752\">TE\u0130A\u015e Ba\u011flant\u0131l\u0131 Ana Trafo Merkezlerindeki Kalite Parametreleri ile \u015eebeke N\u00f6tr Ak\u0131m verileri \u00fczerinden Proaktif Ar\u0131za Tahmini Projesi<\/td>\n<td width=\"89\">Ara\u015ft\u0131rma<\/td>\n<td width=\"101\">BEDA\u015e<\/td>\n<td width=\"140\">2021-Devam Ediyor<\/td>\n<\/tr>\n<tr>\n<td width=\"752\">Hardware in the Loop Based Design, Development and Verification of Multi-Agent System (MAS) Based Protection for a Smart Distribution Network<\/td>\n<td width=\"89\">Ara\u015ft\u0131rma<\/td>\n<td width=\"101\">T\u00dcB\u0130TAK<\/td>\n<td width=\"140\">2021-Devam Ediyor<\/td>\n<\/tr>\n<tr>\n<td width=\"752\">Sustainable Energy Demand Side Management for Green Data Centers Greendc<\/td>\n<td width=\"89\">Ara\u015ft\u0131rma<\/td>\n<td width=\"101\">Avrupa Birli\u011fi (H2020) MSCA &#8211; EISE &#8211; 2016<\/td>\n<td width=\"140\">2017-Devam Ediyor<\/td>\n<\/tr>\n<tr>\n<td width=\"752\">\u0130ran&#8217;\u0131n Do\u011fu Azerbaycan Eyaletinin G\u00fc\u00e7 Sisteminde Yenilenebilir Enerji Kaynaklar\u0131 ile Enerji Depolama Sistemlerinin Planlanmas\u0131<\/td>\n<td width=\"89\">Ara\u015ft\u0131rma<\/td>\n<td width=\"101\">T\u00dcB\u0130TAK-\u0130ran \u0130kili \u0130li\u015fkiler Program\u0131 119N712<\/td>\n<td width=\"140\">2020-Devam Ediyor<\/td>\n<\/tr>\n<\/tbody>\n<\/table>\n","protected":false},"excerpt":{"rendered":"<p>Projenin Ad\u0131 Projenin T\u00fcr\u00fc Destekleyen Birim\/ Kurulu\u015f Ba\u015flama-Biti\u015f Tarihleri Rumeli Hisar\u00fcst\u00fc \u2013 A\u015fiyan F\u00fcnik\u00fcler Sistemi Elektromanyetik Etki Ve Uyumluluk Dan\u0131\u015fmanl\u0131k Hizmeti Ara\u015ft\u0131rma Sanayi Kurulu\u015fu 2021-Devam Ediyor \u00c7ok Boyutlu Telsiz Haberle\u015fme \u0130\u015faret Analiz Platformu Ara\u015ft\u0131rma Savunma Sanayi Ba\u015fkanl\u0131\u011f\u0131 2018-Devam Ediyor Machine Learning &#8211; Based Design and Operation of Next Generation Software Defined Heterogeneous Networks Ara\u015ft\u0131rma T\u00dcB\u0130TAK [&hellip;]<\/p>\n","protected":false},"author":183,"featured_media":0,"parent":0,"menu_order":0,"comment_status":"closed","ping_status":"closed","template":"genel_sayfa.php","meta":{"footnotes":""},"yoast_head":"<!-- This site is optimized with the Yoast SEO Premium plugin v22.1 (Yoast SEO v22.1) - https:\/\/yoast.com\/wordpress\/plugins\/seo\/ -->\n<title>Proje \/ Destekler - Elektrik Elektronik M\u00fchendisli\u011fi<\/title>\n<meta name=\"robots\" content=\"index, follow, max-snippet:-1, max-image-preview:large, max-video-preview:-1\" \/>\n<link rel=\"canonical\" href=\"http:\/\/ticaret.edu.tr\/elektrik-elektronik-muhendisligi\/proje-destekler\/\" \/>\n<meta property=\"og:locale\" content=\"tr_TR\" \/>\n<meta property=\"og:type\" content=\"article\" \/>\n<meta property=\"og:title\" content=\"Proje \/ Destekler\" \/>\n<meta property=\"og:description\" content=\"Projenin Ad\u0131 Projenin T\u00fcr\u00fc Destekleyen Birim\/ Kurulu\u015f Ba\u015flama-Biti\u015f Tarihleri Rumeli Hisar\u00fcst\u00fc \u2013 A\u015fiyan F\u00fcnik\u00fcler Sistemi Elektromanyetik Etki Ve Uyumluluk Dan\u0131\u015fmanl\u0131k Hizmeti Ara\u015ft\u0131rma Sanayi Kurulu\u015fu 2021-Devam Ediyor \u00c7ok Boyutlu Telsiz Haberle\u015fme \u0130\u015faret Analiz Platformu Ara\u015ft\u0131rma Savunma Sanayi Ba\u015fkanl\u0131\u011f\u0131 2018-Devam Ediyor Machine Learning &#8211; Based Design and Operation of Next Generation Software Defined Heterogeneous Networks Ara\u015ft\u0131rma T\u00dcB\u0130TAK [&hellip;]\" \/>\n<meta property=\"og:url\" content=\"http:\/\/ticaret.edu.tr\/elektrik-elektronik-muhendisligi\/proje-destekler\/\" \/>\n<meta property=\"og:site_name\" content=\"Elektrik Elektronik M\u00fchendisli\u011fi\" \/>\n<meta property=\"article:publisher\" content=\"https:\/\/www.facebook.com\/ticaretedutr\" \/>\n<meta property=\"article:modified_time\" content=\"2025-02-12T06:43:00+00:00\" \/>\n<meta property=\"og:image\" content=\"http:\/\/ticaret.edu.tr\/elektrik-elektronik-muhendisligi\/wp-content\/uploads\/sites\/20\/2021\/11\/web_logo-01.jpg\" \/>\n\t<meta property=\"og:image:width\" content=\"1250\" \/>\n\t<meta property=\"og:image:height\" content=\"833\" \/>\n\t<meta property=\"og:image:type\" content=\"image\/jpeg\" \/>\n<meta name=\"twitter:card\" content=\"summary_large_image\" \/>\n<meta name=\"twitter:site\" content=\"@ticaretedutr\" \/>\n<meta name=\"twitter:label1\" content=\"Tahmini okuma s\u00fcresi\" \/>\n\t<meta name=\"twitter:data1\" content=\"1 dakika\" \/>\n<script type=\"application\/ld+json\" class=\"yoast-schema-graph\">{\"@context\":\"https:\/\/schema.org\",\"@graph\":[{\"@type\":\"WebPage\",\"@id\":\"http:\/\/ticaret.edu.tr\/elektrik-elektronik-muhendisligi\/proje-destekler\/\",\"url\":\"http:\/\/ticaret.edu.tr\/elektrik-elektronik-muhendisligi\/proje-destekler\/\",\"name\":\"Proje \/ Destekler - Elektrik Elektronik M\u00fchendisli\u011fi\",\"isPartOf\":{\"@id\":\"http:\/\/ticaret.edu.tr\/elektrik-elektronik-muhendisligi\/#website\"},\"datePublished\":\"2022-11-09T13:50:06+00:00\",\"dateModified\":\"2025-02-12T06:43:00+00:00\",\"breadcrumb\":{\"@id\":\"http:\/\/ticaret.edu.tr\/elektrik-elektronik-muhendisligi\/proje-destekler\/#breadcrumb\"},\"inLanguage\":\"tr\",\"potentialAction\":[{\"@type\":\"ReadAction\",\"target\":[\"http:\/\/ticaret.edu.tr\/elektrik-elektronik-muhendisligi\/proje-destekler\/\"]}]},{\"@type\":\"BreadcrumbList\",\"@id\":\"http:\/\/ticaret.edu.tr\/elektrik-elektronik-muhendisligi\/proje-destekler\/#breadcrumb\",\"itemListElement\":[{\"@type\":\"ListItem\",\"position\":1,\"name\":\"Ana sayfa\",\"item\":\"http:\/\/ticaret.edu.tr\/elektrik-elektronik-muhendisligi\/\"},{\"@type\":\"ListItem\",\"position\":2,\"name\":\"Proje \/ Destekler\"}]},{\"@type\":\"WebSite\",\"@id\":\"http:\/\/ticaret.edu.tr\/elektrik-elektronik-muhendisligi\/#website\",\"url\":\"http:\/\/ticaret.edu.tr\/elektrik-elektronik-muhendisligi\/\",\"name\":\"Elektrik Elektronik M\u00fchendisli\u011fi\",\"description\":\"\",\"potentialAction\":[{\"@type\":\"SearchAction\",\"target\":{\"@type\":\"EntryPoint\",\"urlTemplate\":\"http:\/\/ticaret.edu.tr\/elektrik-elektronik-muhendisligi\/?s={search_term_string}\"},\"query-input\":\"required name=search_term_string\"}],\"inLanguage\":\"tr\"}]}<\/script>\n<!-- \/ Yoast SEO Premium plugin. -->","yoast_head_json":{"title":"Proje \/ Destekler - Elektrik Elektronik M\u00fchendisli\u011fi","robots":{"index":"index","follow":"follow","max-snippet":"max-snippet:-1","max-image-preview":"max-image-preview:large","max-video-preview":"max-video-preview:-1"},"canonical":"http:\/\/ticaret.edu.tr\/elektrik-elektronik-muhendisligi\/proje-destekler\/","og_locale":"tr_TR","og_type":"article","og_title":"Proje \/ Destekler","og_description":"Projenin Ad\u0131 Projenin T\u00fcr\u00fc Destekleyen Birim\/ Kurulu\u015f Ba\u015flama-Biti\u015f Tarihleri Rumeli Hisar\u00fcst\u00fc \u2013 A\u015fiyan F\u00fcnik\u00fcler Sistemi Elektromanyetik Etki Ve Uyumluluk Dan\u0131\u015fmanl\u0131k Hizmeti Ara\u015ft\u0131rma Sanayi Kurulu\u015fu 2021-Devam Ediyor \u00c7ok Boyutlu Telsiz Haberle\u015fme \u0130\u015faret Analiz Platformu Ara\u015ft\u0131rma Savunma Sanayi Ba\u015fkanl\u0131\u011f\u0131 2018-Devam Ediyor Machine Learning &#8211; Based Design and Operation of Next Generation Software Defined Heterogeneous Networks Ara\u015ft\u0131rma T\u00dcB\u0130TAK [&hellip;]","og_url":"http:\/\/ticaret.edu.tr\/elektrik-elektronik-muhendisligi\/proje-destekler\/","og_site_name":"Elektrik Elektronik M\u00fchendisli\u011fi","article_publisher":"https:\/\/www.facebook.com\/ticaretedutr","article_modified_time":"2025-02-12T06:43:00+00:00","og_image":[{"width":1250,"height":833,"url":"http:\/\/ticaret.edu.tr\/elektrik-elektronik-muhendisligi\/wp-content\/uploads\/sites\/20\/2021\/11\/web_logo-01.jpg","type":"image\/jpeg"}],"twitter_card":"summary_large_image","twitter_site":"@ticaretedutr","twitter_misc":{"Tahmini okuma s\u00fcresi":"1 dakika"},"schema":{"@context":"https:\/\/schema.org","@graph":[{"@type":"WebPage","@id":"http:\/\/ticaret.edu.tr\/elektrik-elektronik-muhendisligi\/proje-destekler\/","url":"http:\/\/ticaret.edu.tr\/elektrik-elektronik-muhendisligi\/proje-destekler\/","name":"Proje \/ Destekler - Elektrik Elektronik M\u00fchendisli\u011fi","isPartOf":{"@id":"http:\/\/ticaret.edu.tr\/elektrik-elektronik-muhendisligi\/#website"},"datePublished":"2022-11-09T13:50:06+00:00","dateModified":"2025-02-12T06:43:00+00:00","breadcrumb":{"@id":"http:\/\/ticaret.edu.tr\/elektrik-elektronik-muhendisligi\/proje-destekler\/#breadcrumb"},"inLanguage":"tr","potentialAction":[{"@type":"ReadAction","target":["http:\/\/ticaret.edu.tr\/elektrik-elektronik-muhendisligi\/proje-destekler\/"]}]},{"@type":"BreadcrumbList","@id":"http:\/\/ticaret.edu.tr\/elektrik-elektronik-muhendisligi\/proje-destekler\/#breadcrumb","itemListElement":[{"@type":"ListItem","position":1,"name":"Ana sayfa","item":"http:\/\/ticaret.edu.tr\/elektrik-elektronik-muhendisligi\/"},{"@type":"ListItem","position":2,"name":"Proje \/ Destekler"}]},{"@type":"WebSite","@id":"http:\/\/ticaret.edu.tr\/elektrik-elektronik-muhendisligi\/#website","url":"http:\/\/ticaret.edu.tr\/elektrik-elektronik-muhendisligi\/","name":"Elektrik Elektronik M\u00fchendisli\u011fi","description":"","potentialAction":[{"@type":"SearchAction","target":{"@type":"EntryPoint","urlTemplate":"http:\/\/ticaret.edu.tr\/elektrik-elektronik-muhendisligi\/?s={search_term_string}"},"query-input":"required name=search_term_string"}],"inLanguage":"tr"}]}},"lang":"tr","translations":{"en":1290,"tr":658},"pll_sync_post":[],"_links":{"self":[{"href":"http:\/\/ticaret.edu.tr\/elektrik-elektronik-muhendisligi\/wp-json\/wp\/v2\/pages\/658"}],"collection":[{"href":"http:\/\/ticaret.edu.tr\/elektrik-elektronik-muhendisligi\/wp-json\/wp\/v2\/pages"}],"about":[{"href":"http:\/\/ticaret.edu.tr\/elektrik-elektronik-muhendisligi\/wp-json\/wp\/v2\/types\/page"}],"author":[{"embeddable":true,"href":"http:\/\/ticaret.edu.tr\/elektrik-elektronik-muhendisligi\/wp-json\/wp\/v2\/users\/183"}],"replies":[{"embeddable":true,"href":"http:\/\/ticaret.edu.tr\/elektrik-elektronik-muhendisligi\/wp-json\/wp\/v2\/comments?post=658"}],"version-history":[{"count":3,"href":"http:\/\/ticaret.edu.tr\/elektrik-elektronik-muhendisligi\/wp-json\/wp\/v2\/pages\/658\/revisions"}],"predecessor-version":[{"id":1732,"href":"http:\/\/ticaret.edu.tr\/elektrik-elektronik-muhendisligi\/wp-json\/wp\/v2\/pages\/658\/revisions\/1732"}],"wp:attachment":[{"href":"http:\/\/ticaret.edu.tr\/elektrik-elektronik-muhendisligi\/wp-json\/wp\/v2\/media?parent=658"}],"curies":[{"name":"wp","href":"https:\/\/api.w.org\/{rel}","templated":true}]}}