{"id":7,"date":"2020-05-03T15:52:42","date_gmt":"2020-05-03T12:52:42","guid":{"rendered":"http:\/\/ticaret.edu.tr\/ee\/?page_id=7"},"modified":"2025-02-12T09:31:32","modified_gmt":"2025-02-12T06:31:32","slug":"iletisim-ulasim","status":"publish","type":"page","link":"http:\/\/ticaret.edu.tr\/elektrik-elektronik-muhendisligi\/iletisim-ulasim\/","title":{"rendered":"\u0130LET\u0130\u015e\u0130M &#038; ULA\u015eIM"},"content":{"rendered":"<div class=\"BABaslik\"><\/div>\n<div class=\"BAIcerik\">\n<table width=\"752\">\n<tbody>\n<tr>\n<td width=\"752\">E-5 Kav. \u0130n\u00f6n\u00fc Cad. No.4, \u0130stanbul Ticaret \u00dcniversitesi, K\u00fc\u00e7\u00fckyal\u0131\/Maltepe, \u0130stanbul, 34840, T\u00fcrkiye<\/td>\n<\/tr>\n<\/tbody>\n<\/table>\n<p>&nbsp;<\/p>\n<p>&nbsp;<\/p>\n<\/div>\n","protected":false},"excerpt":{"rendered":"<p>E-5 Kav. \u0130n\u00f6n\u00fc Cad. No.4, \u0130stanbul Ticaret \u00dcniversitesi, K\u00fc\u00e7\u00fckyal\u0131\/Maltepe, \u0130stanbul, 34840, T\u00fcrkiye &nbsp; &nbsp;<\/p>\n","protected":false},"author":1,"featured_media":0,"parent":0,"menu_order":0,"comment_status":"closed","ping_status":"closed","template":"genel_sayfa.php","meta":{"footnotes":""},"yoast_head":"<!-- This site is optimized with the Yoast SEO Premium plugin v22.1 (Yoast SEO v22.1) - https:\/\/yoast.com\/wordpress\/plugins\/seo\/ -->\n<title>\u0130LET\u0130\u015e\u0130M &amp; ULA\u015eIM - Elektrik Elektronik M\u00fchendisli\u011fi<\/title>\n<meta name=\"robots\" content=\"index, follow, max-snippet:-1, max-image-preview:large, max-video-preview:-1\" \/>\n<link rel=\"canonical\" href=\"http:\/\/ticaret.edu.tr\/elektrik-elektronik-muhendisligi\/iletisim-ulasim\/\" \/>\n<meta property=\"og:locale\" content=\"tr_TR\" \/>\n<meta property=\"og:type\" content=\"article\" \/>\n<meta property=\"og:title\" content=\"\u0130LET\u0130\u015e\u0130M &amp; ULA\u015eIM\" \/>\n<meta property=\"og:description\" content=\"E-5 Kav. \u0130n\u00f6n\u00fc Cad. No.4, \u0130stanbul Ticaret \u00dcniversitesi, K\u00fc\u00e7\u00fckyal\u0131\/Maltepe, \u0130stanbul, 34840, T\u00fcrkiye &nbsp; &nbsp;\" \/>\n<meta property=\"og:url\" content=\"http:\/\/ticaret.edu.tr\/elektrik-elektronik-muhendisligi\/iletisim-ulasim\/\" \/>\n<meta property=\"og:site_name\" content=\"Elektrik Elektronik M\u00fchendisli\u011fi\" \/>\n<meta property=\"article:publisher\" content=\"https:\/\/www.facebook.com\/ticaretedutr\" \/>\n<meta property=\"article:modified_time\" content=\"2025-02-12T06:31:32+00:00\" \/>\n<meta property=\"og:image\" content=\"http:\/\/ticaret.edu.tr\/elektrik-elektronik-muhendisligi\/wp-content\/uploads\/sites\/20\/2021\/11\/web_logo-01.jpg\" \/>\n\t<meta property=\"og:image:width\" content=\"1250\" \/>\n\t<meta property=\"og:image:height\" content=\"833\" \/>\n\t<meta property=\"og:image:type\" content=\"image\/jpeg\" \/>\n<meta name=\"twitter:card\" content=\"summary_large_image\" \/>\n<meta name=\"twitter:site\" content=\"@ticaretedutr\" \/>\n<meta name=\"twitter:label1\" content=\"Tahmini okuma s\u00fcresi\" \/>\n\t<meta name=\"twitter:data1\" content=\"1 dakika\" \/>\n<script type=\"application\/ld+json\" class=\"yoast-schema-graph\">{\"@context\":\"https:\/\/schema.org\",\"@graph\":[{\"@type\":\"WebPage\",\"@id\":\"http:\/\/ticaret.edu.tr\/elektrik-elektronik-muhendisligi\/iletisim-ulasim\/\",\"url\":\"http:\/\/ticaret.edu.tr\/elektrik-elektronik-muhendisligi\/iletisim-ulasim\/\",\"name\":\"\u0130LET\u0130\u015e\u0130M & ULA\u015eIM - Elektrik Elektronik M\u00fchendisli\u011fi\",\"isPartOf\":{\"@id\":\"http:\/\/ticaret.edu.tr\/elektrik-elektronik-muhendisligi\/#website\"},\"datePublished\":\"2020-05-03T12:52:42+00:00\",\"dateModified\":\"2025-02-12T06:31:32+00:00\",\"breadcrumb\":{\"@id\":\"http:\/\/ticaret.edu.tr\/elektrik-elektronik-muhendisligi\/iletisim-ulasim\/#breadcrumb\"},\"inLanguage\":\"tr\",\"potentialAction\":[{\"@type\":\"ReadAction\",\"target\":[\"http:\/\/ticaret.edu.tr\/elektrik-elektronik-muhendisligi\/iletisim-ulasim\/\"]}]},{\"@type\":\"BreadcrumbList\",\"@id\":\"http:\/\/ticaret.edu.tr\/elektrik-elektronik-muhendisligi\/iletisim-ulasim\/#breadcrumb\",\"itemListElement\":[{\"@type\":\"ListItem\",\"position\":1,\"name\":\"Ana sayfa\",\"item\":\"http:\/\/ticaret.edu.tr\/elektrik-elektronik-muhendisligi\/\"},{\"@type\":\"ListItem\",\"position\":2,\"name\":\"\u0130LET\u0130\u015e\u0130M &#038; ULA\u015eIM\"}]},{\"@type\":\"WebSite\",\"@id\":\"http:\/\/ticaret.edu.tr\/elektrik-elektronik-muhendisligi\/#website\",\"url\":\"http:\/\/ticaret.edu.tr\/elektrik-elektronik-muhendisligi\/\",\"name\":\"Elektrik Elektronik M\u00fchendisli\u011fi\",\"description\":\"\",\"potentialAction\":[{\"@type\":\"SearchAction\",\"target\":{\"@type\":\"EntryPoint\",\"urlTemplate\":\"http:\/\/ticaret.edu.tr\/elektrik-elektronik-muhendisligi\/?s={search_term_string}\"},\"query-input\":\"required name=search_term_string\"}],\"inLanguage\":\"tr\"}]}<\/script>\n<!-- \/ Yoast SEO Premium plugin. -->","yoast_head_json":{"title":"\u0130LET\u0130\u015e\u0130M & ULA\u015eIM - Elektrik Elektronik M\u00fchendisli\u011fi","robots":{"index":"index","follow":"follow","max-snippet":"max-snippet:-1","max-image-preview":"max-image-preview:large","max-video-preview":"max-video-preview:-1"},"canonical":"http:\/\/ticaret.edu.tr\/elektrik-elektronik-muhendisligi\/iletisim-ulasim\/","og_locale":"tr_TR","og_type":"article","og_title":"\u0130LET\u0130\u015e\u0130M & ULA\u015eIM","og_description":"E-5 Kav. \u0130n\u00f6n\u00fc Cad. No.4, \u0130stanbul Ticaret \u00dcniversitesi, K\u00fc\u00e7\u00fckyal\u0131\/Maltepe, \u0130stanbul, 34840, T\u00fcrkiye &nbsp; &nbsp;","og_url":"http:\/\/ticaret.edu.tr\/elektrik-elektronik-muhendisligi\/iletisim-ulasim\/","og_site_name":"Elektrik Elektronik M\u00fchendisli\u011fi","article_publisher":"https:\/\/www.facebook.com\/ticaretedutr","article_modified_time":"2025-02-12T06:31:32+00:00","og_image":[{"width":1250,"height":833,"url":"http:\/\/ticaret.edu.tr\/elektrik-elektronik-muhendisligi\/wp-content\/uploads\/sites\/20\/2021\/11\/web_logo-01.jpg","type":"image\/jpeg"}],"twitter_card":"summary_large_image","twitter_site":"@ticaretedutr","twitter_misc":{"Tahmini okuma s\u00fcresi":"1 dakika"},"schema":{"@context":"https:\/\/schema.org","@graph":[{"@type":"WebPage","@id":"http:\/\/ticaret.edu.tr\/elektrik-elektronik-muhendisligi\/iletisim-ulasim\/","url":"http:\/\/ticaret.edu.tr\/elektrik-elektronik-muhendisligi\/iletisim-ulasim\/","name":"\u0130LET\u0130\u015e\u0130M & ULA\u015eIM - Elektrik Elektronik M\u00fchendisli\u011fi","isPartOf":{"@id":"http:\/\/ticaret.edu.tr\/elektrik-elektronik-muhendisligi\/#website"},"datePublished":"2020-05-03T12:52:42+00:00","dateModified":"2025-02-12T06:31:32+00:00","breadcrumb":{"@id":"http:\/\/ticaret.edu.tr\/elektrik-elektronik-muhendisligi\/iletisim-ulasim\/#breadcrumb"},"inLanguage":"tr","potentialAction":[{"@type":"ReadAction","target":["http:\/\/ticaret.edu.tr\/elektrik-elektronik-muhendisligi\/iletisim-ulasim\/"]}]},{"@type":"BreadcrumbList","@id":"http:\/\/ticaret.edu.tr\/elektrik-elektronik-muhendisligi\/iletisim-ulasim\/#breadcrumb","itemListElement":[{"@type":"ListItem","position":1,"name":"Ana sayfa","item":"http:\/\/ticaret.edu.tr\/elektrik-elektronik-muhendisligi\/"},{"@type":"ListItem","position":2,"name":"\u0130LET\u0130\u015e\u0130M &#038; ULA\u015eIM"}]},{"@type":"WebSite","@id":"http:\/\/ticaret.edu.tr\/elektrik-elektronik-muhendisligi\/#website","url":"http:\/\/ticaret.edu.tr\/elektrik-elektronik-muhendisligi\/","name":"Elektrik Elektronik M\u00fchendisli\u011fi","description":"","potentialAction":[{"@type":"SearchAction","target":{"@type":"EntryPoint","urlTemplate":"http:\/\/ticaret.edu.tr\/elektrik-elektronik-muhendisligi\/?s={search_term_string}"},"query-input":"required name=search_term_string"}],"inLanguage":"tr"}]}},"lang":"tr","translations":{"tr":7,"en":1336},"pll_sync_post":[],"_links":{"self":[{"href":"http:\/\/ticaret.edu.tr\/elektrik-elektronik-muhendisligi\/wp-json\/wp\/v2\/pages\/7"}],"collection":[{"href":"http:\/\/ticaret.edu.tr\/elektrik-elektronik-muhendisligi\/wp-json\/wp\/v2\/pages"}],"about":[{"href":"http:\/\/ticaret.edu.tr\/elektrik-elektronik-muhendisligi\/wp-json\/wp\/v2\/types\/page"}],"author":[{"embeddable":true,"href":"http:\/\/ticaret.edu.tr\/elektrik-elektronik-muhendisligi\/wp-json\/wp\/v2\/users\/1"}],"replies":[{"embeddable":true,"href":"http:\/\/ticaret.edu.tr\/elektrik-elektronik-muhendisligi\/wp-json\/wp\/v2\/comments?post=7"}],"version-history":[{"count":44,"href":"http:\/\/ticaret.edu.tr\/elektrik-elektronik-muhendisligi\/wp-json\/wp\/v2\/pages\/7\/revisions"}],"predecessor-version":[{"id":1724,"href":"http:\/\/ticaret.edu.tr\/elektrik-elektronik-muhendisligi\/wp-json\/wp\/v2\/pages\/7\/revisions\/1724"}],"wp:attachment":[{"href":"http:\/\/ticaret.edu.tr\/elektrik-elektronik-muhendisligi\/wp-json\/wp\/v2\/media?parent=7"}],"curies":[{"name":"wp","href":"https:\/\/api.w.org\/{rel}","templated":true}]}}