{"id":10,"date":"2020-05-03T16:09:08","date_gmt":"2020-05-03T13:09:08","guid":{"rendered":"http:\/\/ticaret.edu.tr\/endustri\/?page_id=10"},"modified":"2025-02-10T11:57:58","modified_gmt":"2025-02-10T08:57:58","slug":"ana-sayfa","status":"publish","type":"page","link":"http:\/\/ticaret.edu.tr\/endustri-muhendisligi\/","title":{"rendered":"Ana Sayfa"},"content":{"rendered":"<p><em>End\u00fcstri M\u00fchendisli\u011fi<\/em><\/p>\n<p><em>End\u00fcstri M\u00fchendisli\u011fi, sistemlerin tasarlanmas\u0131, geli\u015ftirilmesi ve organize edilmesiyle ilgilenen m\u00fchendislik dal\u0131d\u0131r. Sistem analizi ve tasar\u0131m\u0131nda m\u00fchendislik metotlar\u0131yla birlikte matematik, fizik ve sosyal bilimlerden yararlan\u0131r.\u00a0 B\u00f6l\u00fcm\u00fcm\u00fcz\u00fcn temel \u00f6nceli\u011fi, y\u00fcksek ba\u015far\u0131y\u0131 standart hale getirmektir. \u00c7al\u0131\u015fkan, \u00fcst\u00fcn performansl\u0131 ve kendilerini her alanda m\u00fckemmeliyete adam\u0131\u015f,\u00a0 bireyler yeti\u015ftirmek temel hedeflerimizdendir. Arzumuz, mezunlar\u0131m\u0131z\u0131n gerek akademik d\u00fcnyada gerekse i\u015f d\u00fcnyas\u0131nda;\u00a0 de\u011fi\u015fimlere uyum sa\u011flayabilen, analitik d\u00fc\u015f\u00fcnebilen ve \u00fcst\u00fcn ileti\u015fim yeteneklerini edinmi\u015f, \u00f6rnek te\u015fkil edecek ki\u015filer olmalar\u0131d\u0131r.<\/em><\/p>\n<p><em>End\u00fcstride s\u0131n\u0131rl\u0131 kaynaklar ve sistemlerin kompleks yap\u0131s\u0131; planlama,\u00a0 y\u00f6netim ve organizasyon faaliyetlerinin \u00f6nemini ortaya koymaktad\u0131r. Dolay\u0131s\u0131yla bu durum end\u00fcstri m\u00fchendisleri i\u00e7in bir\u00e7ok sekt\u00f6rde geni\u015f istihdam olanaklar\u0131 yaratmaktad\u0131r. Mezun olacak \u00f6\u011frenciler kamu ve \u00f6zel sekt\u00f6rde yer alan sanayi ve ticari i\u015fletmelerde, sistem analizi ve tasar\u0131m\u0131, \u00fcretim m\u00fchendisli\u011fi, i\u015fletme analizi gibi alanlarda g\u00f6rev al\u0131rlar.<\/em><\/p>\n<p><em>End\u00fcstri m\u00fchendisleri, y\u00fcksek rekabet ve interaktif global ekonomi ortamlar\u0131nda karma\u015f\u0131k problemleri; verimli bir \u015fekilde \u00e7\u00f6zmede \u00f6nemli ve karar verici konumunda sorumluluklar y\u00fckleneceklerdir.<\/em><\/p>\n<p><em>\u00d6\u011fretim dili: En az %30 \u0130ngilizce<\/em><\/p>\n<p><img loading=\"lazy\" decoding=\"async\" class=\"alignnone wp-image-50 size-full\" src=\"http:\/\/ticaret.edu.tr\/endustri-muhendisligi\/wp-content\/uploads\/sites\/21\/2020\/05\/resim-2-e1589234439735.jpg\" alt=\"End\u00fcstri M\u00fchendisli\u011fi\" width=\"824\" height=\"429\" srcset=\"http:\/\/ticaret.edu.tr\/endustri-muhendisligi\/wp-content\/uploads\/sites\/21\/2020\/05\/resim-2-e1589234439735.jpg 824w, http:\/\/ticaret.edu.tr\/endustri-muhendisligi\/wp-content\/uploads\/sites\/21\/2020\/05\/resim-2-e1589234439735-300x156.jpg 300w, http:\/\/ticaret.edu.tr\/endustri-muhendisligi\/wp-content\/uploads\/sites\/21\/2020\/05\/resim-2-e1589234439735-768x400.jpg 768w\" sizes=\"(max-width: 824px) 100vw, 824px\" \/><\/p>\n<p><a href=\"https:\/\/ticaret.edu.tr\/endustri-muhendisligi\/bolum-baskani\/\"><strong>B\u00f6l\u00fcm Ba\u015fkan\u0131<\/strong><\/a><br \/>\nProf. Dr. Sibkat Ka\u00e7t\u0131o\u011flu<\/p>\n<p>&nbsp;<\/p>\n<p>&nbsp;<\/p>\n","protected":false},"excerpt":{"rendered":"<p>End\u00fcstri M\u00fchendisli\u011fi End\u00fcstri M\u00fchendisli\u011fi, sistemlerin tasarlanmas\u0131, geli\u015ftirilmesi ve organize edilmesiyle ilgilenen m\u00fchendislik dal\u0131d\u0131r. Sistem analizi ve tasar\u0131m\u0131nda m\u00fchendislik metotlar\u0131yla birlikte matematik, fizik ve sosyal bilimlerden yararlan\u0131r.\u00a0 B\u00f6l\u00fcm\u00fcm\u00fcz\u00fcn temel \u00f6nceli\u011fi, y\u00fcksek ba\u015far\u0131y\u0131 standart hale getirmektir. \u00c7al\u0131\u015fkan, \u00fcst\u00fcn performansl\u0131 ve kendilerini her alanda m\u00fckemmeliyete adam\u0131\u015f,\u00a0 bireyler yeti\u015ftirmek temel hedeflerimizdendir. Arzumuz, mezunlar\u0131m\u0131z\u0131n gerek akademik d\u00fcnyada gerekse i\u015f d\u00fcnyas\u0131nda;\u00a0 [&hellip;]<\/p>\n","protected":false},"author":1,"featured_media":0,"parent":0,"menu_order":0,"comment_status":"closed","ping_status":"closed","template":"pages\/homepage.php","meta":{"footnotes":""},"yoast_head":"<!-- This site is optimized with the Yoast SEO Premium plugin v22.1 (Yoast SEO v22.1) - https:\/\/yoast.com\/wordpress\/plugins\/seo\/ -->\n<title>Ana Sayfa - End\u00fcstri M\u00fchendisli\u011fi<\/title>\n<meta name=\"description\" content=\"End\u00fcstri M\u00fchendisli\u011fi B\u00f6l\u00fcm\u00fc\u2019n\u00fcn temel \u00f6nceli\u011fi ba\u015far\u0131y\u0131 standart edinmi\u015f ve m\u00fckemmeliyete adam\u0131\u015f, \u00fcst\u00fcn performansl\u0131 bireyler yeti\u015ftirmektir.\" \/>\n<meta name=\"robots\" content=\"index, follow, max-snippet:-1, max-image-preview:large, max-video-preview:-1\" \/>\n<link rel=\"canonical\" href=\"http:\/\/ticaret.edu.tr\/endustri-muhendisligi\/\" \/>\n<meta property=\"og:locale\" content=\"tr_TR\" \/>\n<meta property=\"og:type\" content=\"article\" \/>\n<meta property=\"og:title\" content=\"Ana Sayfa\" \/>\n<meta property=\"og:description\" content=\"End\u00fcstri M\u00fchendisli\u011fi B\u00f6l\u00fcm\u00fc\u2019n\u00fcn temel \u00f6nceli\u011fi ba\u015far\u0131y\u0131 standart edinmi\u015f ve m\u00fckemmeliyete adam\u0131\u015f, \u00fcst\u00fcn performansl\u0131 bireyler yeti\u015ftirmektir.\" \/>\n<meta property=\"og:url\" content=\"http:\/\/ticaret.edu.tr\/endustri-muhendisligi\/\" \/>\n<meta property=\"og:site_name\" content=\"End\u00fcstri M\u00fchendisli\u011fi\" \/>\n<meta property=\"article:publisher\" content=\"https:\/\/www.facebook.com\/ticaretedutr\" \/>\n<meta property=\"article:modified_time\" content=\"2025-02-10T08:57:58+00:00\" \/>\n<meta property=\"og:image\" content=\"http:\/\/ticaret.edu.tr\/endustri-muhendisligi\/wp-content\/uploads\/sites\/21\/2020\/05\/resim-2-e1589234439735.jpg\" \/>\n<meta name=\"twitter:card\" content=\"summary_large_image\" \/>\n<meta name=\"twitter:site\" content=\"@ticaretedutr\" \/>\n<meta name=\"twitter:label1\" content=\"Tahmini okuma s\u00fcresi\" \/>\n\t<meta name=\"twitter:data1\" content=\"1 dakika\" \/>\n<script type=\"application\/ld+json\" class=\"yoast-schema-graph\">{\"@context\":\"https:\/\/schema.org\",\"@graph\":[{\"@type\":\"WebPage\",\"@id\":\"http:\/\/ticaret.edu.tr\/endustri-muhendisligi\/\",\"url\":\"http:\/\/ticaret.edu.tr\/endustri-muhendisligi\/\",\"name\":\"Ana Sayfa - End\u00fcstri M\u00fchendisli\u011fi\",\"isPartOf\":{\"@id\":\"https:\/\/ticaret.edu.tr\/endustri-muhendisligi\/en\/#website\"},\"datePublished\":\"2020-05-03T13:09:08+00:00\",\"dateModified\":\"2025-02-10T08:57:58+00:00\",\"description\":\"End\u00fcstri M\u00fchendisli\u011fi B\u00f6l\u00fcm\u00fc\u2019n\u00fcn temel \u00f6nceli\u011fi ba\u015far\u0131y\u0131 standart edinmi\u015f ve m\u00fckemmeliyete adam\u0131\u015f, \u00fcst\u00fcn performansl\u0131 bireyler yeti\u015ftirmektir.\",\"breadcrumb\":{\"@id\":\"http:\/\/ticaret.edu.tr\/endustri-muhendisligi\/#breadcrumb\"},\"inLanguage\":\"tr\",\"potentialAction\":[{\"@type\":\"ReadAction\",\"target\":[\"http:\/\/ticaret.edu.tr\/endustri-muhendisligi\/\"]}]},{\"@type\":\"BreadcrumbList\",\"@id\":\"http:\/\/ticaret.edu.tr\/endustri-muhendisligi\/#breadcrumb\",\"itemListElement\":[{\"@type\":\"ListItem\",\"position\":1,\"name\":\"Ana sayfa\",\"item\":\"http:\/\/ticaret.edu.tr\/endustri-muhendisligi\/\"},{\"@type\":\"ListItem\",\"position\":2,\"name\":\"Ana Sayfa\"}]},{\"@type\":\"WebSite\",\"@id\":\"https:\/\/ticaret.edu.tr\/endustri-muhendisligi\/en\/#website\",\"url\":\"https:\/\/ticaret.edu.tr\/endustri-muhendisligi\/en\/\",\"name\":\"End\u00fcstri M\u00fchendisli\u011fi\",\"description\":\"\",\"potentialAction\":[{\"@type\":\"SearchAction\",\"target\":{\"@type\":\"EntryPoint\",\"urlTemplate\":\"https:\/\/ticaret.edu.tr\/endustri-muhendisligi\/en\/?s={search_term_string}\"},\"query-input\":\"required name=search_term_string\"}],\"inLanguage\":\"tr\"}]}<\/script>\n<!-- \/ Yoast SEO Premium plugin. -->","yoast_head_json":{"title":"Ana Sayfa - End\u00fcstri M\u00fchendisli\u011fi","description":"End\u00fcstri M\u00fchendisli\u011fi B\u00f6l\u00fcm\u00fc\u2019n\u00fcn temel \u00f6nceli\u011fi ba\u015far\u0131y\u0131 standart edinmi\u015f ve m\u00fckemmeliyete adam\u0131\u015f, \u00fcst\u00fcn performansl\u0131 bireyler yeti\u015ftirmektir.","robots":{"index":"index","follow":"follow","max-snippet":"max-snippet:-1","max-image-preview":"max-image-preview:large","max-video-preview":"max-video-preview:-1"},"canonical":"http:\/\/ticaret.edu.tr\/endustri-muhendisligi\/","og_locale":"tr_TR","og_type":"article","og_title":"Ana Sayfa","og_description":"End\u00fcstri M\u00fchendisli\u011fi B\u00f6l\u00fcm\u00fc\u2019n\u00fcn temel \u00f6nceli\u011fi ba\u015far\u0131y\u0131 standart edinmi\u015f ve m\u00fckemmeliyete adam\u0131\u015f, \u00fcst\u00fcn performansl\u0131 bireyler yeti\u015ftirmektir.","og_url":"http:\/\/ticaret.edu.tr\/endustri-muhendisligi\/","og_site_name":"End\u00fcstri M\u00fchendisli\u011fi","article_publisher":"https:\/\/www.facebook.com\/ticaretedutr","article_modified_time":"2025-02-10T08:57:58+00:00","og_image":[{"url":"http:\/\/ticaret.edu.tr\/endustri-muhendisligi\/wp-content\/uploads\/sites\/21\/2020\/05\/resim-2-e1589234439735.jpg"}],"twitter_card":"summary_large_image","twitter_site":"@ticaretedutr","twitter_misc":{"Tahmini okuma s\u00fcresi":"1 dakika"},"schema":{"@context":"https:\/\/schema.org","@graph":[{"@type":"WebPage","@id":"http:\/\/ticaret.edu.tr\/endustri-muhendisligi\/","url":"http:\/\/ticaret.edu.tr\/endustri-muhendisligi\/","name":"Ana Sayfa - End\u00fcstri M\u00fchendisli\u011fi","isPartOf":{"@id":"https:\/\/ticaret.edu.tr\/endustri-muhendisligi\/en\/#website"},"datePublished":"2020-05-03T13:09:08+00:00","dateModified":"2025-02-10T08:57:58+00:00","description":"End\u00fcstri M\u00fchendisli\u011fi B\u00f6l\u00fcm\u00fc\u2019n\u00fcn temel \u00f6nceli\u011fi ba\u015far\u0131y\u0131 standart edinmi\u015f ve m\u00fckemmeliyete adam\u0131\u015f, \u00fcst\u00fcn performansl\u0131 bireyler yeti\u015ftirmektir.","breadcrumb":{"@id":"http:\/\/ticaret.edu.tr\/endustri-muhendisligi\/#breadcrumb"},"inLanguage":"tr","potentialAction":[{"@type":"ReadAction","target":["http:\/\/ticaret.edu.tr\/endustri-muhendisligi\/"]}]},{"@type":"BreadcrumbList","@id":"http:\/\/ticaret.edu.tr\/endustri-muhendisligi\/#breadcrumb","itemListElement":[{"@type":"ListItem","position":1,"name":"Ana sayfa","item":"http:\/\/ticaret.edu.tr\/endustri-muhendisligi\/"},{"@type":"ListItem","position":2,"name":"Ana Sayfa"}]},{"@type":"WebSite","@id":"https:\/\/ticaret.edu.tr\/endustri-muhendisligi\/en\/#website","url":"https:\/\/ticaret.edu.tr\/endustri-muhendisligi\/en\/","name":"End\u00fcstri M\u00fchendisli\u011fi","description":"","potentialAction":[{"@type":"SearchAction","target":{"@type":"EntryPoint","urlTemplate":"https:\/\/ticaret.edu.tr\/endustri-muhendisligi\/en\/?s={search_term_string}"},"query-input":"required name=search_term_string"}],"inLanguage":"tr"}]}},"lang":"tr","translations":{"en":284,"tr":10},"pll_sync_post":[],"_links":{"self":[{"href":"http:\/\/ticaret.edu.tr\/endustri-muhendisligi\/wp-json\/wp\/v2\/pages\/10"}],"collection":[{"href":"http:\/\/ticaret.edu.tr\/endustri-muhendisligi\/wp-json\/wp\/v2\/pages"}],"about":[{"href":"http:\/\/ticaret.edu.tr\/endustri-muhendisligi\/wp-json\/wp\/v2\/types\/page"}],"author":[{"embeddable":true,"href":"http:\/\/ticaret.edu.tr\/endustri-muhendisligi\/wp-json\/wp\/v2\/users\/1"}],"replies":[{"embeddable":true,"href":"http:\/\/ticaret.edu.tr\/endustri-muhendisligi\/wp-json\/wp\/v2\/comments?post=10"}],"version-history":[{"count":18,"href":"http:\/\/ticaret.edu.tr\/endustri-muhendisligi\/wp-json\/wp\/v2\/pages\/10\/revisions"}],"predecessor-version":[{"id":1313,"href":"http:\/\/ticaret.edu.tr\/endustri-muhendisligi\/wp-json\/wp\/v2\/pages\/10\/revisions\/1313"}],"wp:attachment":[{"href":"http:\/\/ticaret.edu.tr\/endustri-muhendisligi\/wp-json\/wp\/v2\/media?parent=10"}],"curies":[{"name":"wp","href":"https:\/\/api.w.org\/{rel}","templated":true}]}}