{"id":1088,"date":"2025-01-26T15:12:31","date_gmt":"2025-01-26T12:12:31","guid":{"rendered":"https:\/\/ticaret.edu.tr\/endustri-muhendisligi\/?page_id=1088"},"modified":"2025-12-23T09:39:19","modified_gmt":"2025-12-23T06:39:19","slug":"bolum-danisma-kurulu","status":"publish","type":"page","link":"http:\/\/ticaret.edu.tr\/endustri-muhendisligi\/bolum-danisma-kurulu\/","title":{"rendered":"B\u00f6l\u00fcm Dan\u0131\u015fma Kurulu ve Toplant\u0131 Tutanaklar\u0131"},"content":{"rendered":"<p data-start=\"34\" data-end=\"80\"><strong data-start=\"34\" data-end=\"80\">END\u00dcSTR\u0130 M\u00dcHEND\u0130SL\u0130\u011e\u0130 B\u00d6L\u00dcM KURULU \u00dcYELER\u0130<\/strong><\/p>\n<ul data-start=\"82\" data-end=\"262\" data-is-last-node=\"\" data-is-only-node=\"\">\n<li data-start=\"82\" data-end=\"133\">\n<p data-start=\"84\" data-end=\"133\"><strong data-start=\"84\" data-end=\"101\">B\u00f6l\u00fcm Ba\u015fkan\u0131<\/strong>: Prof. Dr. Sibkat Ka\u00e7t\u0131o\u011flu<\/p>\n<\/li>\n<li data-start=\"134\" data-end=\"167\">\n<p data-start=\"136\" data-end=\"167\"><strong data-start=\"136\" data-end=\"143\">\u00dcye<\/strong>: Prof. Dr. Berk Ayvaz<\/p>\n<\/li>\n<li data-start=\"168\" data-end=\"205\">\n<p data-start=\"170\" data-end=\"205\"><strong data-start=\"170\" data-end=\"177\">\u00dcye<\/strong>: Prof. Dr. \u0130smail Ekmek\u00e7i<\/p>\n<\/li>\n<li data-start=\"206\" data-end=\"262\" data-is-last-node=\"\">\n<p data-start=\"208\" data-end=\"262\" data-is-last-node=\"\"><strong data-start=\"208\" data-end=\"215\">\u00dcye<\/strong>: Dr. \u00d6\u011fr. \u00dcyesi Emel \u015eeyma K\u00fc\u00e7\u00fcka\u015f\u00e7\u0131 \u00c7iftbudak<\/p>\n<\/li>\n<\/ul>\n<p data-start=\"208\" data-end=\"262\" data-is-last-node=\"\"><strong>B\u00f6l\u00fcm Kurulu Toplant\u0131 Tutanaklar\u0131<\/strong><\/p>\n<ul data-start=\"82\" data-end=\"262\" data-is-last-node=\"\" data-is-only-node=\"\">\n<li data-start=\"206\" data-end=\"262\" data-is-last-node=\"\"><span style=\"color: #0000ff\"><a style=\"color: #0000ff\" href=\"http:\/\/ticaret.edu.tr\/endustri-muhendisligi\/wp-content\/uploads\/sites\/21\/2025\/12\/Bolum-Kurulu-Toplanti-Tutanagi-Paydas-Toplantisi-09.05.2025.pdf\">Tutanak 1<\/a><\/span><\/li>\n<li data-start=\"206\" data-end=\"262\" data-is-last-node=\"\"><span style=\"color: #0000ff\"><a style=\"color: #0000ff\" href=\"http:\/\/ticaret.edu.tr\/endustri-muhendisligi\/wp-content\/uploads\/sites\/21\/2025\/12\/Bolum-Kurulu-Toplanti-Tutanagi-Paydas-Toplantisi-09.05.2025.pdf\">Tutanak 2<\/a><\/span><\/li>\n<li data-start=\"206\" data-end=\"262\" data-is-last-node=\"\"><span style=\"color: #0000ff\"><a style=\"color: #0000ff\" href=\"http:\/\/ticaret.edu.tr\/endustri-muhendisligi\/wp-content\/uploads\/sites\/21\/2025\/12\/Endustri-Muh.-Kalite-Komisyonu-Tutanagi.pdf\">Kalite Kurulu Toplant\u0131 Tutana\u011f\u0131<\/a><\/span><\/li>\n<\/ul>\n","protected":false},"excerpt":{"rendered":"<p>END\u00dcSTR\u0130 M\u00dcHEND\u0130SL\u0130\u011e\u0130 B\u00d6L\u00dcM KURULU \u00dcYELER\u0130 B\u00f6l\u00fcm Ba\u015fkan\u0131: Prof. Dr. Sibkat Ka\u00e7t\u0131o\u011flu \u00dcye: Prof. Dr. Berk Ayvaz \u00dcye: Prof. Dr. \u0130smail Ekmek\u00e7i \u00dcye: Dr. \u00d6\u011fr. \u00dcyesi Emel \u015eeyma K\u00fc\u00e7\u00fcka\u015f\u00e7\u0131 \u00c7iftbudak B\u00f6l\u00fcm Kurulu Toplant\u0131 Tutanaklar\u0131 Tutanak 1 Tutanak 2 Kalite Kurulu Toplant\u0131 Tutana\u011f\u0131<\/p>\n","protected":false},"author":226,"featured_media":0,"parent":0,"menu_order":0,"comment_status":"closed","ping_status":"closed","template":"genel_sayfa.php","meta":{"footnotes":""},"yoast_head":"<!-- This site is optimized with the Yoast SEO Premium plugin v22.1 (Yoast SEO v22.1) - https:\/\/yoast.com\/wordpress\/plugins\/seo\/ -->\n<title>B\u00f6l\u00fcm Dan\u0131\u015fma Kurulu ve Toplant\u0131 Tutanaklar\u0131 - End\u00fcstri M\u00fchendisli\u011fi<\/title>\n<meta name=\"robots\" content=\"index, follow, max-snippet:-1, max-image-preview:large, max-video-preview:-1\" \/>\n<link rel=\"canonical\" href=\"http:\/\/ticaret.edu.tr\/endustri-muhendisligi\/bolum-danisma-kurulu\/\" \/>\n<meta property=\"og:locale\" content=\"tr_TR\" \/>\n<meta property=\"og:type\" content=\"article\" \/>\n<meta property=\"og:title\" content=\"B\u00f6l\u00fcm Dan\u0131\u015fma Kurulu ve Toplant\u0131 Tutanaklar\u0131\" \/>\n<meta property=\"og:description\" content=\"END\u00dcSTR\u0130 M\u00dcHEND\u0130SL\u0130\u011e\u0130 B\u00d6L\u00dcM KURULU \u00dcYELER\u0130 B\u00f6l\u00fcm Ba\u015fkan\u0131: Prof. Dr. Sibkat Ka\u00e7t\u0131o\u011flu \u00dcye: Prof. Dr. Berk Ayvaz \u00dcye: Prof. Dr. \u0130smail Ekmek\u00e7i \u00dcye: Dr. \u00d6\u011fr. \u00dcyesi Emel \u015eeyma K\u00fc\u00e7\u00fcka\u015f\u00e7\u0131 \u00c7iftbudak B\u00f6l\u00fcm Kurulu Toplant\u0131 Tutanaklar\u0131 Tutanak 1 Tutanak 2 Kalite Kurulu Toplant\u0131 Tutana\u011f\u0131\" \/>\n<meta property=\"og:url\" content=\"http:\/\/ticaret.edu.tr\/endustri-muhendisligi\/bolum-danisma-kurulu\/\" \/>\n<meta property=\"og:site_name\" content=\"End\u00fcstri M\u00fchendisli\u011fi\" \/>\n<meta property=\"article:publisher\" content=\"https:\/\/www.facebook.com\/ticaretedutr\" \/>\n<meta property=\"article:modified_time\" content=\"2025-12-23T06:39:19+00:00\" \/>\n<meta property=\"og:image\" content=\"http:\/\/ticaret.edu.tr\/endustri-muhendisligi\/wp-content\/uploads\/sites\/21\/2021\/11\/web_logo-01.jpg\" \/>\n\t<meta property=\"og:image:width\" content=\"1250\" \/>\n\t<meta property=\"og:image:height\" content=\"833\" \/>\n\t<meta property=\"og:image:type\" content=\"image\/jpeg\" \/>\n<meta name=\"twitter:card\" content=\"summary_large_image\" \/>\n<meta name=\"twitter:site\" content=\"@ticaretedutr\" \/>\n<meta name=\"twitter:label1\" content=\"Tahmini okuma s\u00fcresi\" \/>\n\t<meta name=\"twitter:data1\" content=\"1 dakika\" \/>\n<script type=\"application\/ld+json\" class=\"yoast-schema-graph\">{\"@context\":\"https:\/\/schema.org\",\"@graph\":[{\"@type\":\"WebPage\",\"@id\":\"http:\/\/ticaret.edu.tr\/endustri-muhendisligi\/bolum-danisma-kurulu\/\",\"url\":\"http:\/\/ticaret.edu.tr\/endustri-muhendisligi\/bolum-danisma-kurulu\/\",\"name\":\"B\u00f6l\u00fcm Dan\u0131\u015fma Kurulu ve Toplant\u0131 Tutanaklar\u0131 - End\u00fcstri M\u00fchendisli\u011fi\",\"isPartOf\":{\"@id\":\"https:\/\/ticaret.edu.tr\/endustri-muhendisligi\/en\/#website\"},\"datePublished\":\"2025-01-26T12:12:31+00:00\",\"dateModified\":\"2025-12-23T06:39:19+00:00\",\"breadcrumb\":{\"@id\":\"http:\/\/ticaret.edu.tr\/endustri-muhendisligi\/bolum-danisma-kurulu\/#breadcrumb\"},\"inLanguage\":\"tr\",\"potentialAction\":[{\"@type\":\"ReadAction\",\"target\":[\"http:\/\/ticaret.edu.tr\/endustri-muhendisligi\/bolum-danisma-kurulu\/\"]}]},{\"@type\":\"BreadcrumbList\",\"@id\":\"http:\/\/ticaret.edu.tr\/endustri-muhendisligi\/bolum-danisma-kurulu\/#breadcrumb\",\"itemListElement\":[{\"@type\":\"ListItem\",\"position\":1,\"name\":\"Ana sayfa\",\"item\":\"http:\/\/ticaret.edu.tr\/endustri-muhendisligi\/\"},{\"@type\":\"ListItem\",\"position\":2,\"name\":\"B\u00f6l\u00fcm Dan\u0131\u015fma Kurulu ve Toplant\u0131 Tutanaklar\u0131\"}]},{\"@type\":\"WebSite\",\"@id\":\"https:\/\/ticaret.edu.tr\/endustri-muhendisligi\/en\/#website\",\"url\":\"https:\/\/ticaret.edu.tr\/endustri-muhendisligi\/en\/\",\"name\":\"End\u00fcstri M\u00fchendisli\u011fi\",\"description\":\"\",\"potentialAction\":[{\"@type\":\"SearchAction\",\"target\":{\"@type\":\"EntryPoint\",\"urlTemplate\":\"https:\/\/ticaret.edu.tr\/endustri-muhendisligi\/en\/?s={search_term_string}\"},\"query-input\":\"required name=search_term_string\"}],\"inLanguage\":\"tr\"}]}<\/script>\n<!-- \/ Yoast SEO Premium plugin. -->","yoast_head_json":{"title":"B\u00f6l\u00fcm Dan\u0131\u015fma Kurulu ve Toplant\u0131 Tutanaklar\u0131 - End\u00fcstri M\u00fchendisli\u011fi","robots":{"index":"index","follow":"follow","max-snippet":"max-snippet:-1","max-image-preview":"max-image-preview:large","max-video-preview":"max-video-preview:-1"},"canonical":"http:\/\/ticaret.edu.tr\/endustri-muhendisligi\/bolum-danisma-kurulu\/","og_locale":"tr_TR","og_type":"article","og_title":"B\u00f6l\u00fcm Dan\u0131\u015fma Kurulu ve Toplant\u0131 Tutanaklar\u0131","og_description":"END\u00dcSTR\u0130 M\u00dcHEND\u0130SL\u0130\u011e\u0130 B\u00d6L\u00dcM KURULU \u00dcYELER\u0130 B\u00f6l\u00fcm Ba\u015fkan\u0131: Prof. Dr. Sibkat Ka\u00e7t\u0131o\u011flu \u00dcye: Prof. Dr. Berk Ayvaz \u00dcye: Prof. Dr. \u0130smail Ekmek\u00e7i \u00dcye: Dr. \u00d6\u011fr. \u00dcyesi Emel \u015eeyma K\u00fc\u00e7\u00fcka\u015f\u00e7\u0131 \u00c7iftbudak B\u00f6l\u00fcm Kurulu Toplant\u0131 Tutanaklar\u0131 Tutanak 1 Tutanak 2 Kalite Kurulu Toplant\u0131 Tutana\u011f\u0131","og_url":"http:\/\/ticaret.edu.tr\/endustri-muhendisligi\/bolum-danisma-kurulu\/","og_site_name":"End\u00fcstri M\u00fchendisli\u011fi","article_publisher":"https:\/\/www.facebook.com\/ticaretedutr","article_modified_time":"2025-12-23T06:39:19+00:00","og_image":[{"width":1250,"height":833,"url":"http:\/\/ticaret.edu.tr\/endustri-muhendisligi\/wp-content\/uploads\/sites\/21\/2021\/11\/web_logo-01.jpg","type":"image\/jpeg"}],"twitter_card":"summary_large_image","twitter_site":"@ticaretedutr","twitter_misc":{"Tahmini okuma s\u00fcresi":"1 dakika"},"schema":{"@context":"https:\/\/schema.org","@graph":[{"@type":"WebPage","@id":"http:\/\/ticaret.edu.tr\/endustri-muhendisligi\/bolum-danisma-kurulu\/","url":"http:\/\/ticaret.edu.tr\/endustri-muhendisligi\/bolum-danisma-kurulu\/","name":"B\u00f6l\u00fcm Dan\u0131\u015fma Kurulu ve Toplant\u0131 Tutanaklar\u0131 - End\u00fcstri M\u00fchendisli\u011fi","isPartOf":{"@id":"https:\/\/ticaret.edu.tr\/endustri-muhendisligi\/en\/#website"},"datePublished":"2025-01-26T12:12:31+00:00","dateModified":"2025-12-23T06:39:19+00:00","breadcrumb":{"@id":"http:\/\/ticaret.edu.tr\/endustri-muhendisligi\/bolum-danisma-kurulu\/#breadcrumb"},"inLanguage":"tr","potentialAction":[{"@type":"ReadAction","target":["http:\/\/ticaret.edu.tr\/endustri-muhendisligi\/bolum-danisma-kurulu\/"]}]},{"@type":"BreadcrumbList","@id":"http:\/\/ticaret.edu.tr\/endustri-muhendisligi\/bolum-danisma-kurulu\/#breadcrumb","itemListElement":[{"@type":"ListItem","position":1,"name":"Ana sayfa","item":"http:\/\/ticaret.edu.tr\/endustri-muhendisligi\/"},{"@type":"ListItem","position":2,"name":"B\u00f6l\u00fcm Dan\u0131\u015fma Kurulu ve Toplant\u0131 Tutanaklar\u0131"}]},{"@type":"WebSite","@id":"https:\/\/ticaret.edu.tr\/endustri-muhendisligi\/en\/#website","url":"https:\/\/ticaret.edu.tr\/endustri-muhendisligi\/en\/","name":"End\u00fcstri M\u00fchendisli\u011fi","description":"","potentialAction":[{"@type":"SearchAction","target":{"@type":"EntryPoint","urlTemplate":"https:\/\/ticaret.edu.tr\/endustri-muhendisligi\/en\/?s={search_term_string}"},"query-input":"required name=search_term_string"}],"inLanguage":"tr"}]}},"lang":"tr","translations":{"tr":1088,"en":1262},"pll_sync_post":[],"_links":{"self":[{"href":"http:\/\/ticaret.edu.tr\/endustri-muhendisligi\/wp-json\/wp\/v2\/pages\/1088"}],"collection":[{"href":"http:\/\/ticaret.edu.tr\/endustri-muhendisligi\/wp-json\/wp\/v2\/pages"}],"about":[{"href":"http:\/\/ticaret.edu.tr\/endustri-muhendisligi\/wp-json\/wp\/v2\/types\/page"}],"author":[{"embeddable":true,"href":"http:\/\/ticaret.edu.tr\/endustri-muhendisligi\/wp-json\/wp\/v2\/users\/226"}],"replies":[{"embeddable":true,"href":"http:\/\/ticaret.edu.tr\/endustri-muhendisligi\/wp-json\/wp\/v2\/comments?post=1088"}],"version-history":[{"count":10,"href":"http:\/\/ticaret.edu.tr\/endustri-muhendisligi\/wp-json\/wp\/v2\/pages\/1088\/revisions"}],"predecessor-version":[{"id":1633,"href":"http:\/\/ticaret.edu.tr\/endustri-muhendisligi\/wp-json\/wp\/v2\/pages\/1088\/revisions\/1633"}],"wp:attachment":[{"href":"http:\/\/ticaret.edu.tr\/endustri-muhendisligi\/wp-json\/wp\/v2\/media?parent=1088"}],"curies":[{"name":"wp","href":"https:\/\/api.w.org\/{rel}","templated":true}]}}