{"id":1276,"date":"2025-01-26T17:26:36","date_gmt":"2025-01-26T14:26:36","guid":{"rendered":"https:\/\/ticaret.edu.tr\/endustri-muhendisligi\/?page_id=1276"},"modified":"2025-10-16T13:21:30","modified_gmt":"2025-10-16T10:21:30","slug":"lisansustu-genel-bilgi","status":"publish","type":"page","link":"http:\/\/ticaret.edu.tr\/endustri-muhendisligi\/lisansustu-genel-bilgi\/","title":{"rendered":"Genel Bilgi"},"content":{"rendered":"<p>End\u00fcstriyel alandaki ba\u015far\u0131lar\u0131n; bilgi, insan g\u00fcc\u00fc, malzeme, sermaye ve \u00fcretim tesisinin etkin bir \u015fekilde koordinasyonundan do\u011fdu\u011fu bilinen bir ger\u00e7ektir. \u00dcretim ile ilgili etkinlik alanlar\u0131nda ortaya \u00e7\u0131kan problemlerin optimal \u00e7\u00f6z\u00fcmlerini ara\u015ft\u0131rmak ve sonu\u00e7lar\u0131 do\u011fru analiz etmek, i\u015fletmenin ya\u015fam\u0131n\u0131 s\u00fcrd\u00fcrebilmesi i\u00e7in yeterli esnekli\u011fi kazand\u0131racakt\u0131r.<\/p>\n<p>End\u00fcstri m\u00fchendisli\u011fi g\u00f6rev ve sorumluluk alan\u0131na giren bu \u00e7\u00f6z\u00fcmler ve de\u011ferlendirmeler sistem analizi ve tasar\u0131m\u0131 ile karar verme konular\u0131nda analitik ara\u00e7lar\u0131 kullanan m\u00fchendisleri yetkin k\u0131lacakt\u0131r.<\/p>\n<p>End\u00fcstri M\u00fchendisli\u011fi disiplini i\u00e7erisindeki yakla\u015f\u0131m, ilke, model ve tekniklerin y\u00fcksek lisans seviyesinde \u00f6\u011frenilmesi, t\u00fcm m\u00fchendislere imalat ve hizmet i\u015fletmelerinde a\u00e7\u0131\u011f\u0131 saptanan beceriler kazand\u0131racakt\u0131r.<\/p>\n<p>\u00dcniversitemiz b\u00fcnyesinde y\u00fcr\u00fct\u00fclmekte olan; \u00fcretim, kalite, proje, lojistik ve y\u00f6netim konular\u0131n\u0131 kapsayan end\u00fcstri m\u00fchendisli\u011fi y\u00fcksek lisans program\u0131, mevcut gereksinimlere yan\u0131t verebilecek, teorik ve pratik a\u00e7\u0131dan g\u00fc\u00e7l\u00fc m\u00fchendisler yeti\u015ftirmeyi ama\u00e7lamaktad\u0131r.\u200b<\/p>\n<p>Prof. Dr. Sibkat Ka\u00e7t\u0131o\u011flu<\/p>\n<p>&nbsp;<\/p>\n<table border=\"1\" width=\"690\" cellspacing=\"0\" cellpadding=\"0\">\n<tbody>\n<tr>\n<td colspan=\"2\"><strong>Ba\u015fvurabilecek Mezunlar<\/strong><\/td>\n<\/tr>\n<tr>\n<td>End\u00fcstri M\u00fchendisli\u011fi,<br \/>\nSistem M\u00fchendisli\u011fi,<br \/>\nEnd\u00fcstri ve Sistem M\u00fchendisli\u011fi,<br \/>\n\u00dcretim Sistemleri M\u00fchendisli\u011fi,<br \/>\n\u0130malat M\u00fchendisli\u011fi,<br \/>\n\u0130\u015fletme M\u00fchendisli\u011fi,<br \/>\nEnd\u00fcstri M\u00fchendisli\u011fi Yan dal\/\u00c7ift anadal b\u00f6l\u00fcm\u00fc mezunlar\u0131<\/td>\n<td>\u00a0Bilimsel Haz\u0131rl\u0131k Gerekmez<\/td>\n<\/tr>\n<tr>\n<td>Di\u011fer M\u00fchendislik b\u00f6l\u00fcmleri,<br \/>\nMatematik,<br \/>\n\u0130statistik,<br \/>\n\u0130\u015fletme,<br \/>\n\u0130ktisat,<br \/>\nEkonomi,<br \/>\nEkonometri,<br \/>\nY\u00f6netim Bili\u015fim Sistemleri,<br \/>\n\u0130\u015fletme Enformati\u011fi,<br \/>\nFizik,<br \/>\nKimya,<br \/>\nUluslararas\u0131 Ticaret ve Lojistik,<br \/>\nUluslararas\u0131 Ticaret b\u00f6l\u00fcm\u00fc mezunlar\u0131<\/td>\n<td>\u00a0Bilimsel Haz\u0131rl\u0131k Gerekir<\/td>\n<\/tr>\n<tr>\n<td colspan=\"2\">Tezsiz Y\u00fcksek Lisans programlar\u0131nda ALES puan\u0131 aranmamaktad\u0131r.<\/td>\n<\/tr>\n<\/tbody>\n<\/table>\n<p>&nbsp;<\/p>\n<table border=\"1\" width=\"690\" cellspacing=\"0\" cellpadding=\"0\">\n<tbody>\n<tr>\n<td><strong>\u00a0Adaylarda Aranan Genel Ko\u015fullar<\/strong><\/td>\n<\/tr>\n<tr>\n<td>\u00a0ALES: 55 ve \u00fcst\u00fc Say\u0131sal Puan<\/td>\n<\/tr>\n<tr>\n<td>\u00a0Yabanc\u0131 Dil: Gerekmez.<\/td>\n<\/tr>\n<tr>\n<td>\u00a0Lisans Mezuniyet Not Ortalamas\u0131: Alt s\u0131n\u0131r belirlenmemi\u015ftir.<\/td>\n<\/tr>\n<tr>\n<td><strong>\u00a0Bilimsel Haz\u0131rl\u0131k Dersleri<\/strong><\/td>\n<\/tr>\n<tr>\n<td>\u00a0Bilimsel Haz\u0131rl\u0131k dersleri ve say\u0131s\u0131 \u00f6\u011frencinin lisans transkriptine g\u00f6re m\u00fclakat s\u0131ras\u0131nda belirlenir. Dersler lisans program\u0131ndan \u00a0 al\u0131n\u0131r ve o program\u0131n e\u011fitim dilinde yap\u0131l\u0131r. Bilimsel Haz\u0131rl\u0131k dersleri kredisizdir.<\/td>\n<\/tr>\n<tr>\n<td><strong>\u00a0Y\u00fcksek Lisans Dersleri<\/strong><\/td>\n<\/tr>\n<tr>\n<td>Tezli program, en az 7 ders (24 kredi), Seminer, Tez \u00c7al\u0131\u015fmas\u0131 ve Yay\u0131n \u015eart\u0131ndan olu\u015fur.&nbsp;<\/p>\n<div><u><strong>Tezli Y\u00fcksek Lisans Yay\u0131n \u015eart\u0131 Bilgilendirmesi<\/strong><\/u><\/div>\n<div>\u00dcniversitemiz Lisans\u00fcst\u00fc E\u011fitim ve \u00d6\u011fretim Y\u00f6netmeli\u011finin\u00a0<strong>Madde 10-2 (Tezli Y\u00fcksek Lisans Programlar\u0131 \u0130\u00e7in)<\/strong>\u00a0bendinde yer\u00a0 alan; makale yay\u0131n \u015fart\u0131na ili\u015fkin olarak; Tezli Y\u00fcksek Lisans program\u0131 \u00f6\u011frencilerinin Dan\u0131\u015fman \u00d6\u011fretim Elemanlar\u0131yla beraber\u00a0 yay\u0131nlayacaklar\u0131 makalelerinin bas\u0131laca\u011f\u0131 dergilerin tarand\u0131klar\u0131 endekslerin i\u00e7inde\u00a0<strong>T\u00dcB\u0130TAK-ULAKB\u0130M-UVT<\/strong>\u00a0endeksinin\u00a0 bulunmas\u0131 \u015fart\u0131 aranmaktad\u0131r.<\/div>\n<\/td>\n<\/tr>\n<tr>\n<td>\u00a0Tezsiz program,\u00a0en az 10 ders (30 kredi)\u00a0\u00a0ve D\u00f6nem Projesi\u2019nden olu\u015fur.<\/td>\n<\/tr>\n<tr>\n<td>\u00a0Y\u00fcksek Lisans e\u011fitim dili T\u00fcrk\u00e7e\u2019dir.<\/td>\n<\/tr>\n<tr>\n<td><strong>\u00a0Y\u00fcksek Lisans Derslerinin Yap\u0131ld\u0131\u011f\u0131 G\u00fcn ve Saatler<\/strong><\/td>\n<\/tr>\n<tr>\n<td>\u00a0Dersler hafta i\u00e7i ve gerekirse hafta sonu (Cumartesi) 18:30-21:10\u00a0saatleri aras\u0131nda yap\u0131l\u0131r.<\/td>\n<\/tr>\n<tr>\n<td>\u00a0Derslere %70 devam zorunlulu\u011fu vard\u0131r.<\/td>\n<\/tr>\n<tr>\n<td>\n<ul>\n<li>\u00a0 \u00a0\u00a0<a href=\"http:\/\/www.ticaret.edu.tr\/tr\/Sayfa\/AdayOgrenci\/OgrenimUcretleri\">\u00d6\u011frenim \u00dccreti ve \u0130ndirimler\u00a0<\/a><\/li>\n<li>\u00a0 \u00a0\u00a0<a href=\"https:\/\/www.ticaret.edu.tr\/uploads\/dosyalar\/1360\/protokol%20listesi.pdf\">E\u011fitim \u0130\u015fbirli\u011fi ve \u0130ndirimleri<\/a><\/li>\n<\/ul>\n<p>(Anla\u015fmal\u0131 oldu\u011fumuz kurumlardan al\u0131nan resmi yaz\u0131 ile belgelenmesi durumunda, ba\u015fvuru sahibi indirimden \u00a0yararlanabilmektedir.)<\/p>\n<p>Erkek adaylar i\u00e7in Askerlik Durum Belgesinin TEC\u0130LL\u0130 olarak ibraz edilmesi gerekir.<\/td>\n<\/tr>\n<\/tbody>\n<\/table>\n","protected":false},"excerpt":{"rendered":"<p>End\u00fcstriyel alandaki ba\u015far\u0131lar\u0131n; bilgi, insan g\u00fcc\u00fc, malzeme, sermaye ve \u00fcretim tesisinin etkin bir \u015fekilde koordinasyonundan do\u011fdu\u011fu bilinen bir ger\u00e7ektir. \u00dcretim ile ilgili etkinlik alanlar\u0131nda ortaya \u00e7\u0131kan problemlerin optimal \u00e7\u00f6z\u00fcmlerini ara\u015ft\u0131rmak ve sonu\u00e7lar\u0131 do\u011fru analiz etmek, i\u015fletmenin ya\u015fam\u0131n\u0131 s\u00fcrd\u00fcrebilmesi i\u00e7in yeterli esnekli\u011fi kazand\u0131racakt\u0131r. End\u00fcstri m\u00fchendisli\u011fi g\u00f6rev ve sorumluluk alan\u0131na giren bu \u00e7\u00f6z\u00fcmler ve de\u011ferlendirmeler sistem analizi [&hellip;]<\/p>\n","protected":false},"author":226,"featured_media":0,"parent":0,"menu_order":0,"comment_status":"closed","ping_status":"closed","template":"genel_sayfa.php","meta":{"footnotes":""},"yoast_head":"<!-- This site is optimized with the Yoast SEO Premium plugin v22.1 (Yoast SEO v22.1) - https:\/\/yoast.com\/wordpress\/plugins\/seo\/ -->\n<title>Genel Bilgi - End\u00fcstri M\u00fchendisli\u011fi<\/title>\n<meta name=\"robots\" content=\"index, follow, max-snippet:-1, max-image-preview:large, max-video-preview:-1\" \/>\n<link rel=\"canonical\" href=\"http:\/\/ticaret.edu.tr\/endustri-muhendisligi\/lisansustu-genel-bilgi\/\" \/>\n<meta property=\"og:locale\" content=\"tr_TR\" \/>\n<meta property=\"og:type\" content=\"article\" \/>\n<meta property=\"og:title\" content=\"Genel Bilgi\" \/>\n<meta property=\"og:description\" content=\"End\u00fcstriyel alandaki ba\u015far\u0131lar\u0131n; bilgi, insan g\u00fcc\u00fc, malzeme, sermaye ve \u00fcretim tesisinin etkin bir \u015fekilde koordinasyonundan do\u011fdu\u011fu bilinen bir ger\u00e7ektir. \u00dcretim ile ilgili etkinlik alanlar\u0131nda ortaya \u00e7\u0131kan problemlerin optimal \u00e7\u00f6z\u00fcmlerini ara\u015ft\u0131rmak ve sonu\u00e7lar\u0131 do\u011fru analiz etmek, i\u015fletmenin ya\u015fam\u0131n\u0131 s\u00fcrd\u00fcrebilmesi i\u00e7in yeterli esnekli\u011fi kazand\u0131racakt\u0131r. End\u00fcstri m\u00fchendisli\u011fi g\u00f6rev ve sorumluluk alan\u0131na giren bu \u00e7\u00f6z\u00fcmler ve de\u011ferlendirmeler sistem analizi [&hellip;]\" \/>\n<meta property=\"og:url\" content=\"http:\/\/ticaret.edu.tr\/endustri-muhendisligi\/lisansustu-genel-bilgi\/\" \/>\n<meta property=\"og:site_name\" content=\"End\u00fcstri M\u00fchendisli\u011fi\" \/>\n<meta property=\"article:publisher\" content=\"https:\/\/www.facebook.com\/ticaretedutr\" \/>\n<meta property=\"article:modified_time\" content=\"2025-10-16T10:21:30+00:00\" \/>\n<meta property=\"og:image\" content=\"http:\/\/ticaret.edu.tr\/endustri-muhendisligi\/wp-content\/uploads\/sites\/21\/2021\/11\/web_logo-01.jpg\" \/>\n\t<meta property=\"og:image:width\" content=\"1250\" \/>\n\t<meta property=\"og:image:height\" content=\"833\" \/>\n\t<meta property=\"og:image:type\" content=\"image\/jpeg\" \/>\n<meta name=\"twitter:card\" content=\"summary_large_image\" \/>\n<meta name=\"twitter:site\" content=\"@ticaretedutr\" \/>\n<meta name=\"twitter:label1\" content=\"Tahmini okuma s\u00fcresi\" \/>\n\t<meta name=\"twitter:data1\" content=\"3 dakika\" \/>\n<script type=\"application\/ld+json\" class=\"yoast-schema-graph\">{\"@context\":\"https:\/\/schema.org\",\"@graph\":[{\"@type\":\"WebPage\",\"@id\":\"http:\/\/ticaret.edu.tr\/endustri-muhendisligi\/lisansustu-genel-bilgi\/\",\"url\":\"http:\/\/ticaret.edu.tr\/endustri-muhendisligi\/lisansustu-genel-bilgi\/\",\"name\":\"Genel Bilgi - End\u00fcstri M\u00fchendisli\u011fi\",\"isPartOf\":{\"@id\":\"https:\/\/ticaret.edu.tr\/endustri-muhendisligi\/en\/#website\"},\"datePublished\":\"2025-01-26T14:26:36+00:00\",\"dateModified\":\"2025-10-16T10:21:30+00:00\",\"breadcrumb\":{\"@id\":\"http:\/\/ticaret.edu.tr\/endustri-muhendisligi\/lisansustu-genel-bilgi\/#breadcrumb\"},\"inLanguage\":\"tr\",\"potentialAction\":[{\"@type\":\"ReadAction\",\"target\":[\"http:\/\/ticaret.edu.tr\/endustri-muhendisligi\/lisansustu-genel-bilgi\/\"]}]},{\"@type\":\"BreadcrumbList\",\"@id\":\"http:\/\/ticaret.edu.tr\/endustri-muhendisligi\/lisansustu-genel-bilgi\/#breadcrumb\",\"itemListElement\":[{\"@type\":\"ListItem\",\"position\":1,\"name\":\"Ana sayfa\",\"item\":\"http:\/\/ticaret.edu.tr\/endustri-muhendisligi\/\"},{\"@type\":\"ListItem\",\"position\":2,\"name\":\"Genel Bilgi\"}]},{\"@type\":\"WebSite\",\"@id\":\"https:\/\/ticaret.edu.tr\/endustri-muhendisligi\/en\/#website\",\"url\":\"https:\/\/ticaret.edu.tr\/endustri-muhendisligi\/en\/\",\"name\":\"End\u00fcstri M\u00fchendisli\u011fi\",\"description\":\"\",\"potentialAction\":[{\"@type\":\"SearchAction\",\"target\":{\"@type\":\"EntryPoint\",\"urlTemplate\":\"https:\/\/ticaret.edu.tr\/endustri-muhendisligi\/en\/?s={search_term_string}\"},\"query-input\":\"required name=search_term_string\"}],\"inLanguage\":\"tr\"}]}<\/script>\n<!-- \/ Yoast SEO Premium plugin. -->","yoast_head_json":{"title":"Genel Bilgi - End\u00fcstri M\u00fchendisli\u011fi","robots":{"index":"index","follow":"follow","max-snippet":"max-snippet:-1","max-image-preview":"max-image-preview:large","max-video-preview":"max-video-preview:-1"},"canonical":"http:\/\/ticaret.edu.tr\/endustri-muhendisligi\/lisansustu-genel-bilgi\/","og_locale":"tr_TR","og_type":"article","og_title":"Genel Bilgi","og_description":"End\u00fcstriyel alandaki ba\u015far\u0131lar\u0131n; bilgi, insan g\u00fcc\u00fc, malzeme, sermaye ve \u00fcretim tesisinin etkin bir \u015fekilde koordinasyonundan do\u011fdu\u011fu bilinen bir ger\u00e7ektir. \u00dcretim ile ilgili etkinlik alanlar\u0131nda ortaya \u00e7\u0131kan problemlerin optimal \u00e7\u00f6z\u00fcmlerini ara\u015ft\u0131rmak ve sonu\u00e7lar\u0131 do\u011fru analiz etmek, i\u015fletmenin ya\u015fam\u0131n\u0131 s\u00fcrd\u00fcrebilmesi i\u00e7in yeterli esnekli\u011fi kazand\u0131racakt\u0131r. End\u00fcstri m\u00fchendisli\u011fi g\u00f6rev ve sorumluluk alan\u0131na giren bu \u00e7\u00f6z\u00fcmler ve de\u011ferlendirmeler sistem analizi [&hellip;]","og_url":"http:\/\/ticaret.edu.tr\/endustri-muhendisligi\/lisansustu-genel-bilgi\/","og_site_name":"End\u00fcstri M\u00fchendisli\u011fi","article_publisher":"https:\/\/www.facebook.com\/ticaretedutr","article_modified_time":"2025-10-16T10:21:30+00:00","og_image":[{"width":1250,"height":833,"url":"http:\/\/ticaret.edu.tr\/endustri-muhendisligi\/wp-content\/uploads\/sites\/21\/2021\/11\/web_logo-01.jpg","type":"image\/jpeg"}],"twitter_card":"summary_large_image","twitter_site":"@ticaretedutr","twitter_misc":{"Tahmini okuma s\u00fcresi":"3 dakika"},"schema":{"@context":"https:\/\/schema.org","@graph":[{"@type":"WebPage","@id":"http:\/\/ticaret.edu.tr\/endustri-muhendisligi\/lisansustu-genel-bilgi\/","url":"http:\/\/ticaret.edu.tr\/endustri-muhendisligi\/lisansustu-genel-bilgi\/","name":"Genel Bilgi - End\u00fcstri M\u00fchendisli\u011fi","isPartOf":{"@id":"https:\/\/ticaret.edu.tr\/endustri-muhendisligi\/en\/#website"},"datePublished":"2025-01-26T14:26:36+00:00","dateModified":"2025-10-16T10:21:30+00:00","breadcrumb":{"@id":"http:\/\/ticaret.edu.tr\/endustri-muhendisligi\/lisansustu-genel-bilgi\/#breadcrumb"},"inLanguage":"tr","potentialAction":[{"@type":"ReadAction","target":["http:\/\/ticaret.edu.tr\/endustri-muhendisligi\/lisansustu-genel-bilgi\/"]}]},{"@type":"BreadcrumbList","@id":"http:\/\/ticaret.edu.tr\/endustri-muhendisligi\/lisansustu-genel-bilgi\/#breadcrumb","itemListElement":[{"@type":"ListItem","position":1,"name":"Ana sayfa","item":"http:\/\/ticaret.edu.tr\/endustri-muhendisligi\/"},{"@type":"ListItem","position":2,"name":"Genel Bilgi"}]},{"@type":"WebSite","@id":"https:\/\/ticaret.edu.tr\/endustri-muhendisligi\/en\/#website","url":"https:\/\/ticaret.edu.tr\/endustri-muhendisligi\/en\/","name":"End\u00fcstri M\u00fchendisli\u011fi","description":"","potentialAction":[{"@type":"SearchAction","target":{"@type":"EntryPoint","urlTemplate":"https:\/\/ticaret.edu.tr\/endustri-muhendisligi\/en\/?s={search_term_string}"},"query-input":"required name=search_term_string"}],"inLanguage":"tr"}]}},"lang":"tr","translations":{"tr":1276,"en":1139},"pll_sync_post":[],"_links":{"self":[{"href":"http:\/\/ticaret.edu.tr\/endustri-muhendisligi\/wp-json\/wp\/v2\/pages\/1276"}],"collection":[{"href":"http:\/\/ticaret.edu.tr\/endustri-muhendisligi\/wp-json\/wp\/v2\/pages"}],"about":[{"href":"http:\/\/ticaret.edu.tr\/endustri-muhendisligi\/wp-json\/wp\/v2\/types\/page"}],"author":[{"embeddable":true,"href":"http:\/\/ticaret.edu.tr\/endustri-muhendisligi\/wp-json\/wp\/v2\/users\/226"}],"replies":[{"embeddable":true,"href":"http:\/\/ticaret.edu.tr\/endustri-muhendisligi\/wp-json\/wp\/v2\/comments?post=1276"}],"version-history":[{"count":5,"href":"http:\/\/ticaret.edu.tr\/endustri-muhendisligi\/wp-json\/wp\/v2\/pages\/1276\/revisions"}],"predecessor-version":[{"id":1601,"href":"http:\/\/ticaret.edu.tr\/endustri-muhendisligi\/wp-json\/wp\/v2\/pages\/1276\/revisions\/1601"}],"wp:attachment":[{"href":"http:\/\/ticaret.edu.tr\/endustri-muhendisligi\/wp-json\/wp\/v2\/media?parent=1276"}],"curies":[{"name":"wp","href":"https:\/\/api.w.org\/{rel}","templated":true}]}}