{"id":284,"date":"2021-08-13T15:51:53","date_gmt":"2021-08-13T12:51:53","guid":{"rendered":"https:\/\/ticaret.edu.tr\/endustri\/?page_id=284"},"modified":"2025-02-10T11:58:32","modified_gmt":"2025-02-10T08:58:32","slug":"homepage-2","status":"publish","type":"page","link":"http:\/\/ticaret.edu.tr\/endustri-muhendisligi\/en\/","title":{"rendered":"Homepage"},"content":{"rendered":"<p><strong>Message from the Head of Department<\/strong><\/p>\n<p>Industrial Engineering deals with the design, development and organization of systems. It uses mathematics, physics and social sciences along with engineering methods. The main priority of our department is to standardize high achievement. One of our main goals is to raise hard-working, high-performing individuals who are dedicated to excellence in every field. Our desire is that our graduates both in the academic world and in the business world; They are exemplary people who can adapt to changes, think analytically and have superior communication skills.<\/p>\n<p>Limited resources and complex structure of systems in industry; reveals the importance of planning, management and organizational activities. Therefore, this situation creates wide employment opportunities for industrial engineers in many sectors. Graduate students will work in industrial and commercial enterprises in the public and private sectors. They will take part in areas such as system analysis and design, production engineering.<\/p>\n<p>Industrial engineers, complex problems in highly competitive and interactive global economy environments; they will assume important and decision-making responsibilities in solving it efficiently.<\/p>\n<p>Language of instruction:\u00a0At least 30% English<\/p>\n<p>Head of department<br \/>\nProf. Dr. Sibkat Kactioglu<\/p>\n","protected":false},"excerpt":{"rendered":"<p>Message from the Head of Department Industrial Engineering deals with the design, development and organization of systems. It uses mathematics, physics and social sciences along with engineering methods. The main priority of our department is to standardize high achievement. One of our main goals is to raise hard-working, high-performing individuals who are dedicated to excellence [&hellip;]<\/p>\n","protected":false},"author":149,"featured_media":0,"parent":0,"menu_order":0,"comment_status":"closed","ping_status":"closed","template":"pages\/homepage.php","meta":{"footnotes":""},"yoast_head":"<!-- This site is optimized with the Yoast SEO Premium plugin v22.1 (Yoast SEO v22.1) - https:\/\/yoast.com\/wordpress\/plugins\/seo\/ -->\n<title>Homepage - End\u00fcstri M\u00fchendisli\u011fi<\/title>\n<meta name=\"description\" content=\"Message from the Head of Industrial Engineering Department of Istanbul Ticaret University, Engineering, system analysis\" \/>\n<meta name=\"robots\" content=\"index, follow, max-snippet:-1, max-image-preview:large, max-video-preview:-1\" \/>\n<link rel=\"canonical\" href=\"http:\/\/ticaret.edu.tr\/endustri-muhendisligi\/en\/\" \/>\n<meta property=\"og:locale\" content=\"tr_TR\" \/>\n<meta property=\"og:type\" content=\"article\" \/>\n<meta property=\"og:title\" content=\"Homepage\" \/>\n<meta property=\"og:description\" content=\"Message from the Head of Industrial Engineering Department of Istanbul Ticaret University, Engineering, system analysis\" \/>\n<meta property=\"og:url\" content=\"http:\/\/ticaret.edu.tr\/endustri-muhendisligi\/en\/\" \/>\n<meta property=\"og:site_name\" content=\"End\u00fcstri M\u00fchendisli\u011fi\" \/>\n<meta property=\"article:publisher\" content=\"https:\/\/www.facebook.com\/ticaretedutr\" \/>\n<meta property=\"article:modified_time\" content=\"2025-02-10T08:58:32+00:00\" \/>\n<meta property=\"og:image\" content=\"http:\/\/ticaret.edu.tr\/endustri-muhendisligi\/wp-content\/uploads\/sites\/21\/2021\/11\/web_logo-01.jpg\" \/>\n\t<meta property=\"og:image:width\" content=\"1250\" \/>\n\t<meta property=\"og:image:height\" content=\"833\" \/>\n\t<meta property=\"og:image:type\" content=\"image\/jpeg\" \/>\n<meta name=\"twitter:card\" content=\"summary_large_image\" \/>\n<meta name=\"twitter:site\" content=\"@ticaretedutr\" \/>\n<meta name=\"twitter:label1\" content=\"Tahmini okuma s\u00fcresi\" \/>\n\t<meta name=\"twitter:data1\" content=\"1 dakika\" \/>\n<script type=\"application\/ld+json\" class=\"yoast-schema-graph\">{\"@context\":\"https:\/\/schema.org\",\"@graph\":[{\"@type\":\"WebPage\",\"@id\":\"http:\/\/ticaret.edu.tr\/endustri-muhendisligi\/en\/\",\"url\":\"http:\/\/ticaret.edu.tr\/endustri-muhendisligi\/en\/\",\"name\":\"Homepage - End\u00fcstri M\u00fchendisli\u011fi\",\"isPartOf\":{\"@id\":\"http:\/\/ticaret.edu.tr\/endustri-muhendisligi\/en\/#website\"},\"datePublished\":\"2021-08-13T12:51:53+00:00\",\"dateModified\":\"2025-02-10T08:58:32+00:00\",\"description\":\"Message from the Head of Industrial Engineering Department of Istanbul Ticaret University, Engineering, system analysis\",\"breadcrumb\":{\"@id\":\"http:\/\/ticaret.edu.tr\/endustri-muhendisligi\/en\/#breadcrumb\"},\"inLanguage\":\"tr\",\"potentialAction\":[{\"@type\":\"ReadAction\",\"target\":[\"http:\/\/ticaret.edu.tr\/endustri-muhendisligi\/en\/\"]}]},{\"@type\":\"BreadcrumbList\",\"@id\":\"http:\/\/ticaret.edu.tr\/endustri-muhendisligi\/en\/#breadcrumb\",\"itemListElement\":[{\"@type\":\"ListItem\",\"position\":1,\"name\":\"Ana sayfa\",\"item\":\"https:\/\/ticaret.edu.tr\/endustri-muhendisligi\/\"},{\"@type\":\"ListItem\",\"position\":2,\"name\":\"Homepage\"}]},{\"@type\":\"WebSite\",\"@id\":\"http:\/\/ticaret.edu.tr\/endustri-muhendisligi\/en\/#website\",\"url\":\"http:\/\/ticaret.edu.tr\/endustri-muhendisligi\/en\/\",\"name\":\"End\u00fcstri M\u00fchendisli\u011fi\",\"description\":\"\",\"potentialAction\":[{\"@type\":\"SearchAction\",\"target\":{\"@type\":\"EntryPoint\",\"urlTemplate\":\"http:\/\/ticaret.edu.tr\/endustri-muhendisligi\/en\/?s={search_term_string}\"},\"query-input\":\"required name=search_term_string\"}],\"inLanguage\":\"tr\"}]}<\/script>\n<!-- \/ Yoast SEO Premium plugin. -->","yoast_head_json":{"title":"Homepage - End\u00fcstri M\u00fchendisli\u011fi","description":"Message from the Head of Industrial Engineering Department of Istanbul Ticaret University, Engineering, system analysis","robots":{"index":"index","follow":"follow","max-snippet":"max-snippet:-1","max-image-preview":"max-image-preview:large","max-video-preview":"max-video-preview:-1"},"canonical":"http:\/\/ticaret.edu.tr\/endustri-muhendisligi\/en\/","og_locale":"tr_TR","og_type":"article","og_title":"Homepage","og_description":"Message from the Head of Industrial Engineering Department of Istanbul Ticaret University, Engineering, system analysis","og_url":"http:\/\/ticaret.edu.tr\/endustri-muhendisligi\/en\/","og_site_name":"End\u00fcstri M\u00fchendisli\u011fi","article_publisher":"https:\/\/www.facebook.com\/ticaretedutr","article_modified_time":"2025-02-10T08:58:32+00:00","og_image":[{"width":1250,"height":833,"url":"http:\/\/ticaret.edu.tr\/endustri-muhendisligi\/wp-content\/uploads\/sites\/21\/2021\/11\/web_logo-01.jpg","type":"image\/jpeg"}],"twitter_card":"summary_large_image","twitter_site":"@ticaretedutr","twitter_misc":{"Tahmini okuma s\u00fcresi":"1 dakika"},"schema":{"@context":"https:\/\/schema.org","@graph":[{"@type":"WebPage","@id":"http:\/\/ticaret.edu.tr\/endustri-muhendisligi\/en\/","url":"http:\/\/ticaret.edu.tr\/endustri-muhendisligi\/en\/","name":"Homepage - End\u00fcstri M\u00fchendisli\u011fi","isPartOf":{"@id":"http:\/\/ticaret.edu.tr\/endustri-muhendisligi\/en\/#website"},"datePublished":"2021-08-13T12:51:53+00:00","dateModified":"2025-02-10T08:58:32+00:00","description":"Message from the Head of Industrial Engineering Department of Istanbul Ticaret University, Engineering, system analysis","breadcrumb":{"@id":"http:\/\/ticaret.edu.tr\/endustri-muhendisligi\/en\/#breadcrumb"},"inLanguage":"tr","potentialAction":[{"@type":"ReadAction","target":["http:\/\/ticaret.edu.tr\/endustri-muhendisligi\/en\/"]}]},{"@type":"BreadcrumbList","@id":"http:\/\/ticaret.edu.tr\/endustri-muhendisligi\/en\/#breadcrumb","itemListElement":[{"@type":"ListItem","position":1,"name":"Ana sayfa","item":"https:\/\/ticaret.edu.tr\/endustri-muhendisligi\/"},{"@type":"ListItem","position":2,"name":"Homepage"}]},{"@type":"WebSite","@id":"http:\/\/ticaret.edu.tr\/endustri-muhendisligi\/en\/#website","url":"http:\/\/ticaret.edu.tr\/endustri-muhendisligi\/en\/","name":"End\u00fcstri M\u00fchendisli\u011fi","description":"","potentialAction":[{"@type":"SearchAction","target":{"@type":"EntryPoint","urlTemplate":"http:\/\/ticaret.edu.tr\/endustri-muhendisligi\/en\/?s={search_term_string}"},"query-input":"required name=search_term_string"}],"inLanguage":"tr"}]}},"lang":"en","translations":{"en":284,"tr":10},"pll_sync_post":[],"_links":{"self":[{"href":"http:\/\/ticaret.edu.tr\/endustri-muhendisligi\/wp-json\/wp\/v2\/pages\/284"}],"collection":[{"href":"http:\/\/ticaret.edu.tr\/endustri-muhendisligi\/wp-json\/wp\/v2\/pages"}],"about":[{"href":"http:\/\/ticaret.edu.tr\/endustri-muhendisligi\/wp-json\/wp\/v2\/types\/page"}],"author":[{"embeddable":true,"href":"http:\/\/ticaret.edu.tr\/endustri-muhendisligi\/wp-json\/wp\/v2\/users\/149"}],"replies":[{"embeddable":true,"href":"http:\/\/ticaret.edu.tr\/endustri-muhendisligi\/wp-json\/wp\/v2\/comments?post=284"}],"version-history":[{"count":7,"href":"http:\/\/ticaret.edu.tr\/endustri-muhendisligi\/wp-json\/wp\/v2\/pages\/284\/revisions"}],"predecessor-version":[{"id":1314,"href":"http:\/\/ticaret.edu.tr\/endustri-muhendisligi\/wp-json\/wp\/v2\/pages\/284\/revisions\/1314"}],"wp:attachment":[{"href":"http:\/\/ticaret.edu.tr\/endustri-muhendisligi\/wp-json\/wp\/v2\/media?parent=284"}],"curies":[{"name":"wp","href":"https:\/\/api.w.org\/{rel}","templated":true}]}}