{"id":576,"date":"2022-10-13T13:43:44","date_gmt":"2022-10-13T10:43:44","guid":{"rendered":"https:\/\/ticaret.edu.tr\/endustri-muhendisligi\/?page_id=576"},"modified":"2025-02-17T10:19:03","modified_gmt":"2025-02-17T07:19:03","slug":"giris-yazisi","status":"publish","type":"page","link":"http:\/\/ticaret.edu.tr\/endustri-muhendisligi\/giris-yazisi\/","title":{"rendered":"G\u0130R\u0130\u015e YAZISI"},"content":{"rendered":"<p><em>End\u00fcstri M\u00fchendisli\u011fi<\/em><\/p>\n<p><em>End\u00fcstri M\u00fchendisli\u011fi, sistemlerin tasarlanmas\u0131, geli\u015ftirilmesi ve organize edilmesiyle ilgilenen m\u00fchendislik dal\u0131d\u0131r. Sistem analizi ve tasar\u0131m\u0131nda m\u00fchendislik metotlar\u0131yla birlikte matematik, fizik ve sosyal bilimlerden yararlan\u0131r.\u00a0 B\u00f6l\u00fcm\u00fcm\u00fcz\u00fcn temel \u00f6nceli\u011fi, y\u00fcksek ba\u015far\u0131y\u0131 standart hale getirmektir. \u00c7al\u0131\u015fkan, \u00fcst\u00fcn performansl\u0131 ve kendilerini her alanda m\u00fckemmeliyete adam\u0131\u015f,\u00a0 bireyler yeti\u015ftirmek temel hedeflerimizdendir. Arzumuz, mezunlar\u0131m\u0131z\u0131n gerek akademik d\u00fcnyada gerekse i\u015f d\u00fcnyas\u0131nda;\u00a0 de\u011fi\u015fimlere uyum sa\u011flayabilen, analitik d\u00fc\u015f\u00fcnebilen ve \u00fcst\u00fcn ileti\u015fim yeteneklerini edinmi\u015f, \u00f6rnek te\u015fkil edecek ki\u015filer olmalar\u0131d\u0131r.<\/em><\/p>\n<p><em>End\u00fcstride s\u0131n\u0131rl\u0131 kaynaklar ve sistemlerin kompleks yap\u0131s\u0131; planlama,\u00a0 y\u00f6netim ve organizasyon faaliyetlerinin \u00f6nemini ortaya koymaktad\u0131r. Dolay\u0131s\u0131yla bu durum end\u00fcstri m\u00fchendisleri i\u00e7in bir\u00e7ok sekt\u00f6rde geni\u015f istihdam olanaklar\u0131 yaratmaktad\u0131r. Mezun olacak \u00f6\u011frenciler kamu ve \u00f6zel sekt\u00f6rde yer alan sanayi ve ticari i\u015fletmelerde, sistem analizi ve tasar\u0131m\u0131, \u00fcretim m\u00fchendisli\u011fi, i\u015fletme analizi gibi alanlarda g\u00f6rev al\u0131rlar.<\/em><\/p>\n<p><em>End\u00fcstri m\u00fchendisleri, y\u00fcksek rekabet ve interaktif global ekonomi ortamlar\u0131nda karma\u015f\u0131k problemleri; verimli bir \u015fekilde \u00e7\u00f6zmede \u00f6nemli ve karar verici konumunda sorumluluklar y\u00fckleneceklerdir.<\/em><\/p>\n<p><em>\u00d6\u011fretim dili: En az %30 \u0130ngilizce<\/em><\/p>\n<p><img loading=\"lazy\" decoding=\"async\" class=\"alignnone wp-image-50 size-full\" src=\"http:\/\/ticaret.edu.tr\/endustri-muhendisligi\/wp-content\/uploads\/sites\/21\/2020\/05\/resim-2-e1589234439735.jpg\" alt=\"End\u00fcstri M\u00fchendisli\u011fi\" width=\"824\" height=\"429\" srcset=\"http:\/\/ticaret.edu.tr\/endustri-muhendisligi\/wp-content\/uploads\/sites\/21\/2020\/05\/resim-2-e1589234439735.jpg 824w, http:\/\/ticaret.edu.tr\/endustri-muhendisligi\/wp-content\/uploads\/sites\/21\/2020\/05\/resim-2-e1589234439735-300x156.jpg 300w, http:\/\/ticaret.edu.tr\/endustri-muhendisligi\/wp-content\/uploads\/sites\/21\/2020\/05\/resim-2-e1589234439735-768x400.jpg 768w\" sizes=\"(max-width: 824px) 100vw, 824px\" \/><\/p>\n<p><em>B\u00f6l\u00fcm Ba\u015fkan\u0131<\/em><\/p>\n<p><em>Prof. Dr. Sibkat Ka\u00e7t\u0131o\u011flu<\/em><\/p>\n","protected":false},"excerpt":{"rendered":"<p>End\u00fcstri M\u00fchendisli\u011fi End\u00fcstri M\u00fchendisli\u011fi, sistemlerin tasarlanmas\u0131, geli\u015ftirilmesi ve organize edilmesiyle ilgilenen m\u00fchendislik dal\u0131d\u0131r. Sistem analizi ve tasar\u0131m\u0131nda m\u00fchendislik metotlar\u0131yla birlikte matematik, fizik ve sosyal bilimlerden yararlan\u0131r.\u00a0 B\u00f6l\u00fcm\u00fcm\u00fcz\u00fcn temel \u00f6nceli\u011fi, y\u00fcksek ba\u015far\u0131y\u0131 standart hale getirmektir. \u00c7al\u0131\u015fkan, \u00fcst\u00fcn performansl\u0131 ve kendilerini her alanda m\u00fckemmeliyete adam\u0131\u015f,\u00a0 bireyler yeti\u015ftirmek temel hedeflerimizdendir. Arzumuz, mezunlar\u0131m\u0131z\u0131n gerek akademik d\u00fcnyada gerekse i\u015f d\u00fcnyas\u0131nda;\u00a0 [&hellip;]<\/p>\n","protected":false},"author":149,"featured_media":0,"parent":0,"menu_order":0,"comment_status":"closed","ping_status":"closed","template":"genel_sayfa.php","meta":{"footnotes":""},"yoast_head":"<!-- This site is optimized with the Yoast SEO Premium plugin v22.1 (Yoast SEO v22.1) - https:\/\/yoast.com\/wordpress\/plugins\/seo\/ -->\n<title>G\u0130R\u0130\u015e YAZISI - End\u00fcstri M\u00fchendisli\u011fi<\/title>\n<meta name=\"robots\" content=\"index, follow, max-snippet:-1, max-image-preview:large, max-video-preview:-1\" \/>\n<link rel=\"canonical\" href=\"http:\/\/ticaret.edu.tr\/endustri-muhendisligi\/giris-yazisi\/\" \/>\n<meta property=\"og:locale\" content=\"tr_TR\" \/>\n<meta property=\"og:type\" content=\"article\" \/>\n<meta property=\"og:title\" content=\"G\u0130R\u0130\u015e YAZISI\" \/>\n<meta property=\"og:description\" content=\"End\u00fcstri M\u00fchendisli\u011fi End\u00fcstri M\u00fchendisli\u011fi, sistemlerin tasarlanmas\u0131, geli\u015ftirilmesi ve organize edilmesiyle ilgilenen m\u00fchendislik dal\u0131d\u0131r. Sistem analizi ve tasar\u0131m\u0131nda m\u00fchendislik metotlar\u0131yla birlikte matematik, fizik ve sosyal bilimlerden yararlan\u0131r.\u00a0 B\u00f6l\u00fcm\u00fcm\u00fcz\u00fcn temel \u00f6nceli\u011fi, y\u00fcksek ba\u015far\u0131y\u0131 standart hale getirmektir. \u00c7al\u0131\u015fkan, \u00fcst\u00fcn performansl\u0131 ve kendilerini her alanda m\u00fckemmeliyete adam\u0131\u015f,\u00a0 bireyler yeti\u015ftirmek temel hedeflerimizdendir. Arzumuz, mezunlar\u0131m\u0131z\u0131n gerek akademik d\u00fcnyada gerekse i\u015f d\u00fcnyas\u0131nda;\u00a0 [&hellip;]\" \/>\n<meta property=\"og:url\" content=\"http:\/\/ticaret.edu.tr\/endustri-muhendisligi\/giris-yazisi\/\" \/>\n<meta property=\"og:site_name\" content=\"End\u00fcstri M\u00fchendisli\u011fi\" \/>\n<meta property=\"article:publisher\" content=\"https:\/\/www.facebook.com\/ticaretedutr\" \/>\n<meta property=\"article:modified_time\" content=\"2025-02-17T07:19:03+00:00\" \/>\n<meta property=\"og:image\" content=\"http:\/\/ticaret.edu.tr\/endustri-muhendisligi\/wp-content\/uploads\/sites\/21\/2020\/05\/resim-2-e1589234439735.jpg\" \/>\n<meta name=\"twitter:card\" content=\"summary_large_image\" \/>\n<meta name=\"twitter:site\" content=\"@ticaretedutr\" \/>\n<meta name=\"twitter:label1\" content=\"Tahmini okuma s\u00fcresi\" \/>\n\t<meta name=\"twitter:data1\" content=\"2 dakika\" \/>\n<script type=\"application\/ld+json\" class=\"yoast-schema-graph\">{\"@context\":\"https:\/\/schema.org\",\"@graph\":[{\"@type\":\"WebPage\",\"@id\":\"http:\/\/ticaret.edu.tr\/endustri-muhendisligi\/giris-yazisi\/\",\"url\":\"http:\/\/ticaret.edu.tr\/endustri-muhendisligi\/giris-yazisi\/\",\"name\":\"G\u0130R\u0130\u015e YAZISI - End\u00fcstri M\u00fchendisli\u011fi\",\"isPartOf\":{\"@id\":\"https:\/\/ticaret.edu.tr\/endustri-muhendisligi\/en\/#website\"},\"datePublished\":\"2022-10-13T10:43:44+00:00\",\"dateModified\":\"2025-02-17T07:19:03+00:00\",\"breadcrumb\":{\"@id\":\"http:\/\/ticaret.edu.tr\/endustri-muhendisligi\/giris-yazisi\/#breadcrumb\"},\"inLanguage\":\"tr\",\"potentialAction\":[{\"@type\":\"ReadAction\",\"target\":[\"http:\/\/ticaret.edu.tr\/endustri-muhendisligi\/giris-yazisi\/\"]}]},{\"@type\":\"BreadcrumbList\",\"@id\":\"http:\/\/ticaret.edu.tr\/endustri-muhendisligi\/giris-yazisi\/#breadcrumb\",\"itemListElement\":[{\"@type\":\"ListItem\",\"position\":1,\"name\":\"Ana sayfa\",\"item\":\"http:\/\/ticaret.edu.tr\/endustri-muhendisligi\/\"},{\"@type\":\"ListItem\",\"position\":2,\"name\":\"G\u0130R\u0130\u015e YAZISI\"}]},{\"@type\":\"WebSite\",\"@id\":\"https:\/\/ticaret.edu.tr\/endustri-muhendisligi\/en\/#website\",\"url\":\"https:\/\/ticaret.edu.tr\/endustri-muhendisligi\/en\/\",\"name\":\"End\u00fcstri M\u00fchendisli\u011fi\",\"description\":\"\",\"potentialAction\":[{\"@type\":\"SearchAction\",\"target\":{\"@type\":\"EntryPoint\",\"urlTemplate\":\"https:\/\/ticaret.edu.tr\/endustri-muhendisligi\/en\/?s={search_term_string}\"},\"query-input\":\"required name=search_term_string\"}],\"inLanguage\":\"tr\"}]}<\/script>\n<!-- \/ Yoast SEO Premium plugin. -->","yoast_head_json":{"title":"G\u0130R\u0130\u015e YAZISI - End\u00fcstri M\u00fchendisli\u011fi","robots":{"index":"index","follow":"follow","max-snippet":"max-snippet:-1","max-image-preview":"max-image-preview:large","max-video-preview":"max-video-preview:-1"},"canonical":"http:\/\/ticaret.edu.tr\/endustri-muhendisligi\/giris-yazisi\/","og_locale":"tr_TR","og_type":"article","og_title":"G\u0130R\u0130\u015e YAZISI","og_description":"End\u00fcstri M\u00fchendisli\u011fi End\u00fcstri M\u00fchendisli\u011fi, sistemlerin tasarlanmas\u0131, geli\u015ftirilmesi ve organize edilmesiyle ilgilenen m\u00fchendislik dal\u0131d\u0131r. Sistem analizi ve tasar\u0131m\u0131nda m\u00fchendislik metotlar\u0131yla birlikte matematik, fizik ve sosyal bilimlerden yararlan\u0131r.\u00a0 B\u00f6l\u00fcm\u00fcm\u00fcz\u00fcn temel \u00f6nceli\u011fi, y\u00fcksek ba\u015far\u0131y\u0131 standart hale getirmektir. \u00c7al\u0131\u015fkan, \u00fcst\u00fcn performansl\u0131 ve kendilerini her alanda m\u00fckemmeliyete adam\u0131\u015f,\u00a0 bireyler yeti\u015ftirmek temel hedeflerimizdendir. Arzumuz, mezunlar\u0131m\u0131z\u0131n gerek akademik d\u00fcnyada gerekse i\u015f d\u00fcnyas\u0131nda;\u00a0 [&hellip;]","og_url":"http:\/\/ticaret.edu.tr\/endustri-muhendisligi\/giris-yazisi\/","og_site_name":"End\u00fcstri M\u00fchendisli\u011fi","article_publisher":"https:\/\/www.facebook.com\/ticaretedutr","article_modified_time":"2025-02-17T07:19:03+00:00","og_image":[{"url":"http:\/\/ticaret.edu.tr\/endustri-muhendisligi\/wp-content\/uploads\/sites\/21\/2020\/05\/resim-2-e1589234439735.jpg"}],"twitter_card":"summary_large_image","twitter_site":"@ticaretedutr","twitter_misc":{"Tahmini okuma s\u00fcresi":"2 dakika"},"schema":{"@context":"https:\/\/schema.org","@graph":[{"@type":"WebPage","@id":"http:\/\/ticaret.edu.tr\/endustri-muhendisligi\/giris-yazisi\/","url":"http:\/\/ticaret.edu.tr\/endustri-muhendisligi\/giris-yazisi\/","name":"G\u0130R\u0130\u015e YAZISI - End\u00fcstri M\u00fchendisli\u011fi","isPartOf":{"@id":"https:\/\/ticaret.edu.tr\/endustri-muhendisligi\/en\/#website"},"datePublished":"2022-10-13T10:43:44+00:00","dateModified":"2025-02-17T07:19:03+00:00","breadcrumb":{"@id":"http:\/\/ticaret.edu.tr\/endustri-muhendisligi\/giris-yazisi\/#breadcrumb"},"inLanguage":"tr","potentialAction":[{"@type":"ReadAction","target":["http:\/\/ticaret.edu.tr\/endustri-muhendisligi\/giris-yazisi\/"]}]},{"@type":"BreadcrumbList","@id":"http:\/\/ticaret.edu.tr\/endustri-muhendisligi\/giris-yazisi\/#breadcrumb","itemListElement":[{"@type":"ListItem","position":1,"name":"Ana sayfa","item":"http:\/\/ticaret.edu.tr\/endustri-muhendisligi\/"},{"@type":"ListItem","position":2,"name":"G\u0130R\u0130\u015e YAZISI"}]},{"@type":"WebSite","@id":"https:\/\/ticaret.edu.tr\/endustri-muhendisligi\/en\/#website","url":"https:\/\/ticaret.edu.tr\/endustri-muhendisligi\/en\/","name":"End\u00fcstri M\u00fchendisli\u011fi","description":"","potentialAction":[{"@type":"SearchAction","target":{"@type":"EntryPoint","urlTemplate":"https:\/\/ticaret.edu.tr\/endustri-muhendisligi\/en\/?s={search_term_string}"},"query-input":"required name=search_term_string"}],"inLanguage":"tr"}]}},"lang":"tr","translations":{"tr":576,"en":1101},"pll_sync_post":[],"_links":{"self":[{"href":"http:\/\/ticaret.edu.tr\/endustri-muhendisligi\/wp-json\/wp\/v2\/pages\/576"}],"collection":[{"href":"http:\/\/ticaret.edu.tr\/endustri-muhendisligi\/wp-json\/wp\/v2\/pages"}],"about":[{"href":"http:\/\/ticaret.edu.tr\/endustri-muhendisligi\/wp-json\/wp\/v2\/types\/page"}],"author":[{"embeddable":true,"href":"http:\/\/ticaret.edu.tr\/endustri-muhendisligi\/wp-json\/wp\/v2\/users\/149"}],"replies":[{"embeddable":true,"href":"http:\/\/ticaret.edu.tr\/endustri-muhendisligi\/wp-json\/wp\/v2\/comments?post=576"}],"version-history":[{"count":1,"href":"http:\/\/ticaret.edu.tr\/endustri-muhendisligi\/wp-json\/wp\/v2\/pages\/576\/revisions"}],"predecessor-version":[{"id":577,"href":"http:\/\/ticaret.edu.tr\/endustri-muhendisligi\/wp-json\/wp\/v2\/pages\/576\/revisions\/577"}],"wp:attachment":[{"href":"http:\/\/ticaret.edu.tr\/endustri-muhendisligi\/wp-json\/wp\/v2\/media?parent=576"}],"curies":[{"name":"wp","href":"https:\/\/api.w.org\/{rel}","templated":true}]}}