{"id":580,"date":"2022-10-13T13:44:58","date_gmt":"2022-10-13T10:44:58","guid":{"rendered":"https:\/\/ticaret.edu.tr\/endustri-muhendisligi\/?page_id=580"},"modified":"2025-03-10T11:59:45","modified_gmt":"2025-03-10T08:59:45","slug":"tarihce","status":"publish","type":"page","link":"http:\/\/ticaret.edu.tr\/endustri-muhendisligi\/tarihce\/","title":{"rendered":"TAR\u0130H\u00c7E"},"content":{"rendered":"<p>\u0130stanbul Ticaret \u00dcniversitesi End\u00fcstri M\u00fchendisli\u011fi b\u00f6l\u00fcm\u00fc M\u00fchendislik ve Mimarl\u0131k fak\u00fcltesi b\u00fcnyesinde 2001 y\u0131l\u0131nda T\u00fcrk\u00e7e e\u011fitim dili ile e\u011fitim-\u00f6\u011fretime ba\u015flam\u0131\u015ft\u0131r. \u0130lk \u00f6\u011frencilerini 2002 y\u0131l\u0131nda \u00dcsk\u00fcdar Yerle\u015fkesinde alan b\u00f6l\u00fcm ilk mezunlar\u0131n\u0131 2006 y\u0131l\u0131nda vermi\u015ftir. 2007 Y\u0131l\u0131nda B\u00f6l\u00fcm\u00fcm\u00fcz, kurucu vakf\u0131n yapt\u0131\u011f\u0131 yat\u0131r\u0131m sonras\u0131 \u015fu anda da hizmet verdi\u011fi K\u00fc\u00e7\u00fckyal\u0131 Yerle\u015fkesine ta\u015f\u0131nm\u0131\u015ft\u0131r. 2011-2012 \u00d6\u011fretim D\u00f6neminden itibaren mezuniyet ba\u015far\u0131 notu hesab\u0131nda ders kredisi yerine AKTS de\u011ferleri kullan\u0131lmaya ba\u015flanm\u0131\u015ft\u0131r. 2013 y\u0131l\u0131ndan itibaren m\u00fcfredatlar ve uyum programlar\u0131 M\u00dcDEK standartlar\u0131na uygun olarak; Temel Bilimler, Mesleki Dersler (M\u00fchendislik) ve Genel Dersler olarak s\u0131n\u0131fland\u0131r\u0131lm\u0131\u015f; derslerin bu s\u0131n\u0131flara g\u00f6re AKTS ve kredi de\u011ferlerine ders m\u00fcfredatlar\u0131nda yer verilmi\u015ftir. Ayr\u0131ca bu kapsamda \u201cDers Dosyalar\u0131 Haz\u0131rlama Sistemine\u201d pilot olarak ge\u00e7ilmi\u015f olup se\u00e7ilen dersler i\u00e7in \u201cDers Dosyalar\u0131\u201d M\u00dcDEK standartlar\u0131na uygun olarak haz\u0131rlanm\u0131\u015ft\u0131r. B\u00f6l\u00fcm\u00fcn ba\u011fl\u0131 bulundu\u011fu fak\u00fcltesini ismi 2015 y\u0131l\u0131nda M\u00fchendislik Fak\u00fcltesi olarak de\u011fi\u015fmi\u015ftir. 2016 y\u0131l\u0131nda b\u00f6l\u00fcm\u00fcn e\u011fitim dilinin %30 \u0130ngilizce olmas\u0131na karar verilmi\u015ftir.<\/p>\n<p>Son \u00fc\u00e7 d\u00f6nem d\u00f6nemde b\u00f6l\u00fcm ba\u015fkanl\u0131\u011f\u0131 yapan \u00f6\u011fretim \u00fcyeleri a\u015fa\u011f\u0131daki gibidir:<\/p>\n<p>Prof. Dr. Sibkat KA\u00c7TIO\u011eLU (2014- devam ediyor)<\/p>\n<p>Prof. Dr. Kemal VAROL (2013-2014)<\/p>\n<p>Prof. Dr. Osman YAZICIO\u011eLU (2011-2013)<\/p>\n","protected":false},"excerpt":{"rendered":"<p>\u0130stanbul Ticaret \u00dcniversitesi End\u00fcstri M\u00fchendisli\u011fi b\u00f6l\u00fcm\u00fc M\u00fchendislik ve Mimarl\u0131k fak\u00fcltesi b\u00fcnyesinde 2001 y\u0131l\u0131nda T\u00fcrk\u00e7e e\u011fitim dili ile e\u011fitim-\u00f6\u011fretime ba\u015flam\u0131\u015ft\u0131r. \u0130lk \u00f6\u011frencilerini 2002 y\u0131l\u0131nda \u00dcsk\u00fcdar Yerle\u015fkesinde alan b\u00f6l\u00fcm ilk mezunlar\u0131n\u0131 2006 y\u0131l\u0131nda vermi\u015ftir. 2007 Y\u0131l\u0131nda B\u00f6l\u00fcm\u00fcm\u00fcz, kurucu vakf\u0131n yapt\u0131\u011f\u0131 yat\u0131r\u0131m sonras\u0131 \u015fu anda da hizmet verdi\u011fi K\u00fc\u00e7\u00fckyal\u0131 Yerle\u015fkesine ta\u015f\u0131nm\u0131\u015ft\u0131r. 2011-2012 \u00d6\u011fretim D\u00f6neminden itibaren mezuniyet ba\u015far\u0131 notu [&hellip;]<\/p>\n","protected":false},"author":149,"featured_media":0,"parent":0,"menu_order":0,"comment_status":"closed","ping_status":"closed","template":"genel_sayfa.php","meta":{"footnotes":""},"yoast_head":"<!-- This site is optimized with the Yoast SEO Premium plugin v22.1 (Yoast SEO v22.1) - https:\/\/yoast.com\/wordpress\/plugins\/seo\/ -->\n<title>TAR\u0130H\u00c7E - End\u00fcstri M\u00fchendisli\u011fi<\/title>\n<meta name=\"robots\" content=\"index, follow, max-snippet:-1, max-image-preview:large, max-video-preview:-1\" \/>\n<link rel=\"canonical\" href=\"http:\/\/ticaret.edu.tr\/endustri-muhendisligi\/tarihce\/\" \/>\n<meta property=\"og:locale\" content=\"tr_TR\" \/>\n<meta property=\"og:type\" content=\"article\" \/>\n<meta property=\"og:title\" content=\"TAR\u0130H\u00c7E\" \/>\n<meta property=\"og:description\" content=\"\u0130stanbul Ticaret \u00dcniversitesi End\u00fcstri M\u00fchendisli\u011fi b\u00f6l\u00fcm\u00fc M\u00fchendislik ve Mimarl\u0131k fak\u00fcltesi b\u00fcnyesinde 2001 y\u0131l\u0131nda T\u00fcrk\u00e7e e\u011fitim dili ile e\u011fitim-\u00f6\u011fretime ba\u015flam\u0131\u015ft\u0131r. \u0130lk \u00f6\u011frencilerini 2002 y\u0131l\u0131nda \u00dcsk\u00fcdar Yerle\u015fkesinde alan b\u00f6l\u00fcm ilk mezunlar\u0131n\u0131 2006 y\u0131l\u0131nda vermi\u015ftir. 2007 Y\u0131l\u0131nda B\u00f6l\u00fcm\u00fcm\u00fcz, kurucu vakf\u0131n yapt\u0131\u011f\u0131 yat\u0131r\u0131m sonras\u0131 \u015fu anda da hizmet verdi\u011fi K\u00fc\u00e7\u00fckyal\u0131 Yerle\u015fkesine ta\u015f\u0131nm\u0131\u015ft\u0131r. 2011-2012 \u00d6\u011fretim D\u00f6neminden itibaren mezuniyet ba\u015far\u0131 notu [&hellip;]\" \/>\n<meta property=\"og:url\" content=\"http:\/\/ticaret.edu.tr\/endustri-muhendisligi\/tarihce\/\" \/>\n<meta property=\"og:site_name\" content=\"End\u00fcstri M\u00fchendisli\u011fi\" \/>\n<meta property=\"article:publisher\" content=\"https:\/\/www.facebook.com\/ticaretedutr\" \/>\n<meta property=\"article:modified_time\" content=\"2025-03-10T08:59:45+00:00\" \/>\n<meta property=\"og:image\" content=\"http:\/\/ticaret.edu.tr\/endustri-muhendisligi\/wp-content\/uploads\/sites\/21\/2021\/11\/web_logo-01.jpg\" \/>\n\t<meta property=\"og:image:width\" content=\"1250\" \/>\n\t<meta property=\"og:image:height\" content=\"833\" \/>\n\t<meta property=\"og:image:type\" content=\"image\/jpeg\" \/>\n<meta name=\"twitter:card\" content=\"summary_large_image\" \/>\n<meta name=\"twitter:site\" content=\"@ticaretedutr\" \/>\n<meta name=\"twitter:label1\" content=\"Tahmini okuma s\u00fcresi\" \/>\n\t<meta name=\"twitter:data1\" content=\"1 dakika\" \/>\n<script type=\"application\/ld+json\" class=\"yoast-schema-graph\">{\"@context\":\"https:\/\/schema.org\",\"@graph\":[{\"@type\":\"WebPage\",\"@id\":\"http:\/\/ticaret.edu.tr\/endustri-muhendisligi\/tarihce\/\",\"url\":\"http:\/\/ticaret.edu.tr\/endustri-muhendisligi\/tarihce\/\",\"name\":\"TAR\u0130H\u00c7E - End\u00fcstri M\u00fchendisli\u011fi\",\"isPartOf\":{\"@id\":\"https:\/\/ticaret.edu.tr\/endustri-muhendisligi\/en\/#website\"},\"datePublished\":\"2022-10-13T10:44:58+00:00\",\"dateModified\":\"2025-03-10T08:59:45+00:00\",\"breadcrumb\":{\"@id\":\"http:\/\/ticaret.edu.tr\/endustri-muhendisligi\/tarihce\/#breadcrumb\"},\"inLanguage\":\"tr\",\"potentialAction\":[{\"@type\":\"ReadAction\",\"target\":[\"http:\/\/ticaret.edu.tr\/endustri-muhendisligi\/tarihce\/\"]}]},{\"@type\":\"BreadcrumbList\",\"@id\":\"http:\/\/ticaret.edu.tr\/endustri-muhendisligi\/tarihce\/#breadcrumb\",\"itemListElement\":[{\"@type\":\"ListItem\",\"position\":1,\"name\":\"Ana sayfa\",\"item\":\"http:\/\/ticaret.edu.tr\/endustri-muhendisligi\/\"},{\"@type\":\"ListItem\",\"position\":2,\"name\":\"TAR\u0130H\u00c7E\"}]},{\"@type\":\"WebSite\",\"@id\":\"https:\/\/ticaret.edu.tr\/endustri-muhendisligi\/en\/#website\",\"url\":\"https:\/\/ticaret.edu.tr\/endustri-muhendisligi\/en\/\",\"name\":\"End\u00fcstri M\u00fchendisli\u011fi\",\"description\":\"\",\"potentialAction\":[{\"@type\":\"SearchAction\",\"target\":{\"@type\":\"EntryPoint\",\"urlTemplate\":\"https:\/\/ticaret.edu.tr\/endustri-muhendisligi\/en\/?s={search_term_string}\"},\"query-input\":\"required name=search_term_string\"}],\"inLanguage\":\"tr\"}]}<\/script>\n<!-- \/ Yoast SEO Premium plugin. -->","yoast_head_json":{"title":"TAR\u0130H\u00c7E - End\u00fcstri M\u00fchendisli\u011fi","robots":{"index":"index","follow":"follow","max-snippet":"max-snippet:-1","max-image-preview":"max-image-preview:large","max-video-preview":"max-video-preview:-1"},"canonical":"http:\/\/ticaret.edu.tr\/endustri-muhendisligi\/tarihce\/","og_locale":"tr_TR","og_type":"article","og_title":"TAR\u0130H\u00c7E","og_description":"\u0130stanbul Ticaret \u00dcniversitesi End\u00fcstri M\u00fchendisli\u011fi b\u00f6l\u00fcm\u00fc M\u00fchendislik ve Mimarl\u0131k fak\u00fcltesi b\u00fcnyesinde 2001 y\u0131l\u0131nda T\u00fcrk\u00e7e e\u011fitim dili ile e\u011fitim-\u00f6\u011fretime ba\u015flam\u0131\u015ft\u0131r. \u0130lk \u00f6\u011frencilerini 2002 y\u0131l\u0131nda \u00dcsk\u00fcdar Yerle\u015fkesinde alan b\u00f6l\u00fcm ilk mezunlar\u0131n\u0131 2006 y\u0131l\u0131nda vermi\u015ftir. 2007 Y\u0131l\u0131nda B\u00f6l\u00fcm\u00fcm\u00fcz, kurucu vakf\u0131n yapt\u0131\u011f\u0131 yat\u0131r\u0131m sonras\u0131 \u015fu anda da hizmet verdi\u011fi K\u00fc\u00e7\u00fckyal\u0131 Yerle\u015fkesine ta\u015f\u0131nm\u0131\u015ft\u0131r. 2011-2012 \u00d6\u011fretim D\u00f6neminden itibaren mezuniyet ba\u015far\u0131 notu [&hellip;]","og_url":"http:\/\/ticaret.edu.tr\/endustri-muhendisligi\/tarihce\/","og_site_name":"End\u00fcstri M\u00fchendisli\u011fi","article_publisher":"https:\/\/www.facebook.com\/ticaretedutr","article_modified_time":"2025-03-10T08:59:45+00:00","og_image":[{"width":1250,"height":833,"url":"http:\/\/ticaret.edu.tr\/endustri-muhendisligi\/wp-content\/uploads\/sites\/21\/2021\/11\/web_logo-01.jpg","type":"image\/jpeg"}],"twitter_card":"summary_large_image","twitter_site":"@ticaretedutr","twitter_misc":{"Tahmini okuma s\u00fcresi":"1 dakika"},"schema":{"@context":"https:\/\/schema.org","@graph":[{"@type":"WebPage","@id":"http:\/\/ticaret.edu.tr\/endustri-muhendisligi\/tarihce\/","url":"http:\/\/ticaret.edu.tr\/endustri-muhendisligi\/tarihce\/","name":"TAR\u0130H\u00c7E - End\u00fcstri M\u00fchendisli\u011fi","isPartOf":{"@id":"https:\/\/ticaret.edu.tr\/endustri-muhendisligi\/en\/#website"},"datePublished":"2022-10-13T10:44:58+00:00","dateModified":"2025-03-10T08:59:45+00:00","breadcrumb":{"@id":"http:\/\/ticaret.edu.tr\/endustri-muhendisligi\/tarihce\/#breadcrumb"},"inLanguage":"tr","potentialAction":[{"@type":"ReadAction","target":["http:\/\/ticaret.edu.tr\/endustri-muhendisligi\/tarihce\/"]}]},{"@type":"BreadcrumbList","@id":"http:\/\/ticaret.edu.tr\/endustri-muhendisligi\/tarihce\/#breadcrumb","itemListElement":[{"@type":"ListItem","position":1,"name":"Ana sayfa","item":"http:\/\/ticaret.edu.tr\/endustri-muhendisligi\/"},{"@type":"ListItem","position":2,"name":"TAR\u0130H\u00c7E"}]},{"@type":"WebSite","@id":"https:\/\/ticaret.edu.tr\/endustri-muhendisligi\/en\/#website","url":"https:\/\/ticaret.edu.tr\/endustri-muhendisligi\/en\/","name":"End\u00fcstri M\u00fchendisli\u011fi","description":"","potentialAction":[{"@type":"SearchAction","target":{"@type":"EntryPoint","urlTemplate":"https:\/\/ticaret.edu.tr\/endustri-muhendisligi\/en\/?s={search_term_string}"},"query-input":"required name=search_term_string"}],"inLanguage":"tr"}]}},"lang":"tr","translations":{"tr":580,"en":1111},"pll_sync_post":[],"_links":{"self":[{"href":"http:\/\/ticaret.edu.tr\/endustri-muhendisligi\/wp-json\/wp\/v2\/pages\/580"}],"collection":[{"href":"http:\/\/ticaret.edu.tr\/endustri-muhendisligi\/wp-json\/wp\/v2\/pages"}],"about":[{"href":"http:\/\/ticaret.edu.tr\/endustri-muhendisligi\/wp-json\/wp\/v2\/types\/page"}],"author":[{"embeddable":true,"href":"http:\/\/ticaret.edu.tr\/endustri-muhendisligi\/wp-json\/wp\/v2\/users\/149"}],"replies":[{"embeddable":true,"href":"http:\/\/ticaret.edu.tr\/endustri-muhendisligi\/wp-json\/wp\/v2\/comments?post=580"}],"version-history":[{"count":2,"href":"http:\/\/ticaret.edu.tr\/endustri-muhendisligi\/wp-json\/wp\/v2\/pages\/580\/revisions"}],"predecessor-version":[{"id":1381,"href":"http:\/\/ticaret.edu.tr\/endustri-muhendisligi\/wp-json\/wp\/v2\/pages\/580\/revisions\/1381"}],"wp:attachment":[{"href":"http:\/\/ticaret.edu.tr\/endustri-muhendisligi\/wp-json\/wp\/v2\/media?parent=580"}],"curies":[{"name":"wp","href":"https:\/\/api.w.org\/{rel}","templated":true}]}}