{"id":582,"date":"2022-10-13T13:45:18","date_gmt":"2022-10-13T10:45:18","guid":{"rendered":"https:\/\/ticaret.edu.tr\/endustri-muhendisligi\/?page_id=582"},"modified":"2025-02-17T10:26:23","modified_gmt":"2025-02-17T07:26:23","slug":"vizyon-misyon","status":"publish","type":"page","link":"http:\/\/ticaret.edu.tr\/endustri-muhendisligi\/vizyon-misyon\/","title":{"rendered":"V\u0130ZYON-M\u0130SYON"},"content":{"rendered":"<p><strong>\u00d6zg\u00f6rev:<\/strong><\/p>\n<p>End\u00fcstri m\u00fchendisli\u011fi y\u00f6ntemlerini \u00fcretim ve hizmet sekt\u00f6rlerinde uygulayabilen, teknolojiyi ve alan\u0131ndaki yeni geli\u015fmeleri takip eden, toplumun ihtiya\u00e7lar\u0131n\u0131 kar\u015f\u0131layabilen, evrensel insani de\u011ferlere ba\u011fl\u0131 end\u00fcstri m\u00fchendisleri yeti\u015ftirmek.<\/p>\n<p><strong>\u00d6zg\u00f6r\u00fc:<\/strong><\/p>\n<p>End\u00fcstri m\u00fchendisli\u011fi alan\u0131nda i\u015f d\u00fcnyas\u0131na ve topluma pozitif katk\u0131 sa\u011flayan, gerek akademik \u00e7al\u0131\u015fmalar\u0131 sonucunda \u00fcretmi\u015f oldu\u011fu bilgilerle gerekse yeti\u015ftirdi\u011fi mezunlar\u0131yla \u00fclkemizin ve d\u00fcnyam\u0131z\u0131n ilerlemesinde katma de\u011fer sahibi bir b\u00f6l\u00fcm olmakt\u0131r.<\/p>\n<p><strong>Temel \u0130lkeler:<\/strong><\/p>\n<p>Sosyal ve etik de\u011ferleri g\u00f6zetmek; giri\u015fimci, yenilik\u00e7i ve \u00f6\u011frenci odakl\u0131 olmak, ger\u00e7ekle\u015ftirdi\u011fi akademik \u00e7al\u0131\u015fmalarla de\u011fer \u00fcretmek ve toplum ve \u00e7evre yarar\u0131na \u00e7al\u0131\u015fmak.<\/p>\n<p>&nbsp;<\/p>\n<p><strong>Program E\u011fitim Ama\u00e7lar\u0131:<\/strong><\/p>\n<p>EA1) \u0130nsan, makine, malzeme, bilgi, enerji ve finansal kaynaklardan olu\u015fan b\u00fct\u00fcnle\u015fik sistemlerin<br \/>\ntasar\u0131m\u0131, i\u015fletilmesi, de\u011ferlendirilmesi ve iyile\u015ftirilmesiyle ilgili olarak, t\u00fcm sekt\u00f6rlerde faaliyet<br \/>\ng\u00f6steren ulusal\/uluslararas\u0131 firmalarda y\u00f6netici olarak istihdam edilirler.<\/p>\n<p>EA2) G\u00fc\u00e7l\u00fc ileti\u015fim becerileri ve etik de\u011ferleri sayesinde, y\u00f6netim dan\u0131\u015fmanl\u0131\u011f\u0131, proje y\u00f6netimi<br \/>\nveya insan kaynaklar\u0131 gibi alanlarda kariyer yapabilirler.<\/p>\n<p>EA3) S\u00fcrekli \u00f6\u011frenme yakla\u015f\u0131m\u0131yla, ara\u015ft\u0131rma-geli\u015ftirme (Ar-Ge) merkezlerinde, \u00fcniversitelerde<br \/>\nveya teknoloji \u015firketlerinde uzman veya ara\u015ft\u0131rmac\u0131 olarak \u00e7al\u0131\u015fabilirler.<\/p>\n","protected":false},"excerpt":{"rendered":"<p>\u00d6zg\u00f6rev: End\u00fcstri m\u00fchendisli\u011fi y\u00f6ntemlerini \u00fcretim ve hizmet sekt\u00f6rlerinde uygulayabilen, teknolojiyi ve alan\u0131ndaki yeni geli\u015fmeleri takip eden, toplumun ihtiya\u00e7lar\u0131n\u0131 kar\u015f\u0131layabilen, evrensel insani de\u011ferlere ba\u011fl\u0131 end\u00fcstri m\u00fchendisleri yeti\u015ftirmek. \u00d6zg\u00f6r\u00fc: End\u00fcstri m\u00fchendisli\u011fi alan\u0131nda i\u015f d\u00fcnyas\u0131na ve topluma pozitif katk\u0131 sa\u011flayan, gerek akademik \u00e7al\u0131\u015fmalar\u0131 sonucunda \u00fcretmi\u015f oldu\u011fu bilgilerle gerekse yeti\u015ftirdi\u011fi mezunlar\u0131yla \u00fclkemizin ve d\u00fcnyam\u0131z\u0131n ilerlemesinde katma de\u011fer sahibi bir [&hellip;]<\/p>\n","protected":false},"author":149,"featured_media":0,"parent":0,"menu_order":0,"comment_status":"closed","ping_status":"closed","template":"genel_sayfa.php","meta":{"footnotes":""},"yoast_head":"<!-- This site is optimized with the Yoast SEO Premium plugin v22.1 (Yoast SEO v22.1) - https:\/\/yoast.com\/wordpress\/plugins\/seo\/ -->\n<title>V\u0130ZYON-M\u0130SYON - End\u00fcstri M\u00fchendisli\u011fi<\/title>\n<meta name=\"robots\" content=\"index, follow, max-snippet:-1, max-image-preview:large, max-video-preview:-1\" \/>\n<link rel=\"canonical\" href=\"http:\/\/ticaret.edu.tr\/endustri-muhendisligi\/vizyon-misyon\/\" \/>\n<meta property=\"og:locale\" content=\"tr_TR\" \/>\n<meta property=\"og:type\" content=\"article\" \/>\n<meta property=\"og:title\" content=\"V\u0130ZYON-M\u0130SYON\" \/>\n<meta property=\"og:description\" content=\"\u00d6zg\u00f6rev: End\u00fcstri m\u00fchendisli\u011fi y\u00f6ntemlerini \u00fcretim ve hizmet sekt\u00f6rlerinde uygulayabilen, teknolojiyi ve alan\u0131ndaki yeni geli\u015fmeleri takip eden, toplumun ihtiya\u00e7lar\u0131n\u0131 kar\u015f\u0131layabilen, evrensel insani de\u011ferlere ba\u011fl\u0131 end\u00fcstri m\u00fchendisleri yeti\u015ftirmek. \u00d6zg\u00f6r\u00fc: End\u00fcstri m\u00fchendisli\u011fi alan\u0131nda i\u015f d\u00fcnyas\u0131na ve topluma pozitif katk\u0131 sa\u011flayan, gerek akademik \u00e7al\u0131\u015fmalar\u0131 sonucunda \u00fcretmi\u015f oldu\u011fu bilgilerle gerekse yeti\u015ftirdi\u011fi mezunlar\u0131yla \u00fclkemizin ve d\u00fcnyam\u0131z\u0131n ilerlemesinde katma de\u011fer sahibi bir [&hellip;]\" \/>\n<meta property=\"og:url\" content=\"http:\/\/ticaret.edu.tr\/endustri-muhendisligi\/vizyon-misyon\/\" \/>\n<meta property=\"og:site_name\" content=\"End\u00fcstri M\u00fchendisli\u011fi\" \/>\n<meta property=\"article:publisher\" content=\"https:\/\/www.facebook.com\/ticaretedutr\" \/>\n<meta property=\"article:modified_time\" content=\"2025-02-17T07:26:23+00:00\" \/>\n<meta property=\"og:image\" content=\"http:\/\/ticaret.edu.tr\/endustri-muhendisligi\/wp-content\/uploads\/sites\/21\/2021\/11\/web_logo-01.jpg\" \/>\n\t<meta property=\"og:image:width\" content=\"1250\" \/>\n\t<meta property=\"og:image:height\" content=\"833\" \/>\n\t<meta property=\"og:image:type\" content=\"image\/jpeg\" \/>\n<meta name=\"twitter:card\" content=\"summary_large_image\" \/>\n<meta name=\"twitter:site\" content=\"@ticaretedutr\" \/>\n<meta name=\"twitter:label1\" content=\"Tahmini okuma s\u00fcresi\" \/>\n\t<meta name=\"twitter:data1\" content=\"1 dakika\" \/>\n<script type=\"application\/ld+json\" class=\"yoast-schema-graph\">{\"@context\":\"https:\/\/schema.org\",\"@graph\":[{\"@type\":\"WebPage\",\"@id\":\"http:\/\/ticaret.edu.tr\/endustri-muhendisligi\/vizyon-misyon\/\",\"url\":\"http:\/\/ticaret.edu.tr\/endustri-muhendisligi\/vizyon-misyon\/\",\"name\":\"V\u0130ZYON-M\u0130SYON - End\u00fcstri M\u00fchendisli\u011fi\",\"isPartOf\":{\"@id\":\"https:\/\/ticaret.edu.tr\/endustri-muhendisligi\/en\/#website\"},\"datePublished\":\"2022-10-13T10:45:18+00:00\",\"dateModified\":\"2025-02-17T07:26:23+00:00\",\"breadcrumb\":{\"@id\":\"http:\/\/ticaret.edu.tr\/endustri-muhendisligi\/vizyon-misyon\/#breadcrumb\"},\"inLanguage\":\"tr\",\"potentialAction\":[{\"@type\":\"ReadAction\",\"target\":[\"http:\/\/ticaret.edu.tr\/endustri-muhendisligi\/vizyon-misyon\/\"]}]},{\"@type\":\"BreadcrumbList\",\"@id\":\"http:\/\/ticaret.edu.tr\/endustri-muhendisligi\/vizyon-misyon\/#breadcrumb\",\"itemListElement\":[{\"@type\":\"ListItem\",\"position\":1,\"name\":\"Ana sayfa\",\"item\":\"http:\/\/ticaret.edu.tr\/endustri-muhendisligi\/\"},{\"@type\":\"ListItem\",\"position\":2,\"name\":\"V\u0130ZYON-M\u0130SYON\"}]},{\"@type\":\"WebSite\",\"@id\":\"https:\/\/ticaret.edu.tr\/endustri-muhendisligi\/en\/#website\",\"url\":\"https:\/\/ticaret.edu.tr\/endustri-muhendisligi\/en\/\",\"name\":\"End\u00fcstri M\u00fchendisli\u011fi\",\"description\":\"\",\"potentialAction\":[{\"@type\":\"SearchAction\",\"target\":{\"@type\":\"EntryPoint\",\"urlTemplate\":\"https:\/\/ticaret.edu.tr\/endustri-muhendisligi\/en\/?s={search_term_string}\"},\"query-input\":\"required name=search_term_string\"}],\"inLanguage\":\"tr\"}]}<\/script>\n<!-- \/ Yoast SEO Premium plugin. -->","yoast_head_json":{"title":"V\u0130ZYON-M\u0130SYON - End\u00fcstri M\u00fchendisli\u011fi","robots":{"index":"index","follow":"follow","max-snippet":"max-snippet:-1","max-image-preview":"max-image-preview:large","max-video-preview":"max-video-preview:-1"},"canonical":"http:\/\/ticaret.edu.tr\/endustri-muhendisligi\/vizyon-misyon\/","og_locale":"tr_TR","og_type":"article","og_title":"V\u0130ZYON-M\u0130SYON","og_description":"\u00d6zg\u00f6rev: End\u00fcstri m\u00fchendisli\u011fi y\u00f6ntemlerini \u00fcretim ve hizmet sekt\u00f6rlerinde uygulayabilen, teknolojiyi ve alan\u0131ndaki yeni geli\u015fmeleri takip eden, toplumun ihtiya\u00e7lar\u0131n\u0131 kar\u015f\u0131layabilen, evrensel insani de\u011ferlere ba\u011fl\u0131 end\u00fcstri m\u00fchendisleri yeti\u015ftirmek. \u00d6zg\u00f6r\u00fc: End\u00fcstri m\u00fchendisli\u011fi alan\u0131nda i\u015f d\u00fcnyas\u0131na ve topluma pozitif katk\u0131 sa\u011flayan, gerek akademik \u00e7al\u0131\u015fmalar\u0131 sonucunda \u00fcretmi\u015f oldu\u011fu bilgilerle gerekse yeti\u015ftirdi\u011fi mezunlar\u0131yla \u00fclkemizin ve d\u00fcnyam\u0131z\u0131n ilerlemesinde katma de\u011fer sahibi bir [&hellip;]","og_url":"http:\/\/ticaret.edu.tr\/endustri-muhendisligi\/vizyon-misyon\/","og_site_name":"End\u00fcstri M\u00fchendisli\u011fi","article_publisher":"https:\/\/www.facebook.com\/ticaretedutr","article_modified_time":"2025-02-17T07:26:23+00:00","og_image":[{"width":1250,"height":833,"url":"http:\/\/ticaret.edu.tr\/endustri-muhendisligi\/wp-content\/uploads\/sites\/21\/2021\/11\/web_logo-01.jpg","type":"image\/jpeg"}],"twitter_card":"summary_large_image","twitter_site":"@ticaretedutr","twitter_misc":{"Tahmini okuma s\u00fcresi":"1 dakika"},"schema":{"@context":"https:\/\/schema.org","@graph":[{"@type":"WebPage","@id":"http:\/\/ticaret.edu.tr\/endustri-muhendisligi\/vizyon-misyon\/","url":"http:\/\/ticaret.edu.tr\/endustri-muhendisligi\/vizyon-misyon\/","name":"V\u0130ZYON-M\u0130SYON - End\u00fcstri M\u00fchendisli\u011fi","isPartOf":{"@id":"https:\/\/ticaret.edu.tr\/endustri-muhendisligi\/en\/#website"},"datePublished":"2022-10-13T10:45:18+00:00","dateModified":"2025-02-17T07:26:23+00:00","breadcrumb":{"@id":"http:\/\/ticaret.edu.tr\/endustri-muhendisligi\/vizyon-misyon\/#breadcrumb"},"inLanguage":"tr","potentialAction":[{"@type":"ReadAction","target":["http:\/\/ticaret.edu.tr\/endustri-muhendisligi\/vizyon-misyon\/"]}]},{"@type":"BreadcrumbList","@id":"http:\/\/ticaret.edu.tr\/endustri-muhendisligi\/vizyon-misyon\/#breadcrumb","itemListElement":[{"@type":"ListItem","position":1,"name":"Ana sayfa","item":"http:\/\/ticaret.edu.tr\/endustri-muhendisligi\/"},{"@type":"ListItem","position":2,"name":"V\u0130ZYON-M\u0130SYON"}]},{"@type":"WebSite","@id":"https:\/\/ticaret.edu.tr\/endustri-muhendisligi\/en\/#website","url":"https:\/\/ticaret.edu.tr\/endustri-muhendisligi\/en\/","name":"End\u00fcstri M\u00fchendisli\u011fi","description":"","potentialAction":[{"@type":"SearchAction","target":{"@type":"EntryPoint","urlTemplate":"https:\/\/ticaret.edu.tr\/endustri-muhendisligi\/en\/?s={search_term_string}"},"query-input":"required name=search_term_string"}],"inLanguage":"tr"}]}},"lang":"tr","translations":{"tr":582,"en":1113},"pll_sync_post":[],"_links":{"self":[{"href":"http:\/\/ticaret.edu.tr\/endustri-muhendisligi\/wp-json\/wp\/v2\/pages\/582"}],"collection":[{"href":"http:\/\/ticaret.edu.tr\/endustri-muhendisligi\/wp-json\/wp\/v2\/pages"}],"about":[{"href":"http:\/\/ticaret.edu.tr\/endustri-muhendisligi\/wp-json\/wp\/v2\/types\/page"}],"author":[{"embeddable":true,"href":"http:\/\/ticaret.edu.tr\/endustri-muhendisligi\/wp-json\/wp\/v2\/users\/149"}],"replies":[{"embeddable":true,"href":"http:\/\/ticaret.edu.tr\/endustri-muhendisligi\/wp-json\/wp\/v2\/comments?post=582"}],"version-history":[{"count":6,"href":"http:\/\/ticaret.edu.tr\/endustri-muhendisligi\/wp-json\/wp\/v2\/pages\/582\/revisions"}],"predecessor-version":[{"id":1080,"href":"http:\/\/ticaret.edu.tr\/endustri-muhendisligi\/wp-json\/wp\/v2\/pages\/582\/revisions\/1080"}],"wp:attachment":[{"href":"http:\/\/ticaret.edu.tr\/endustri-muhendisligi\/wp-json\/wp\/v2\/media?parent=582"}],"curies":[{"name":"wp","href":"https:\/\/api.w.org\/{rel}","templated":true}]}}