{"id":584,"date":"2022-10-13T13:45:55","date_gmt":"2022-10-13T10:45:55","guid":{"rendered":"https:\/\/ticaret.edu.tr\/endustri-muhendisligi\/?page_id=584"},"modified":"2025-05-20T21:27:24","modified_gmt":"2025-05-20T18:27:24","slug":"ogrenci-danismanlari","status":"publish","type":"page","link":"http:\/\/ticaret.edu.tr\/endustri-muhendisligi\/ogrenci-danismanlari\/","title":{"rendered":"\u00d6\u011eRENC\u0130 DANI\u015eMANLARI"},"content":{"rendered":"<h1>\u00d6\u011fretim \u00dcyeleri \u0130leti\u015fim Bilgileri<\/h1>\n<table>\n<tbody>\n<tr>\n<td width=\"103\">S\u0131n\u0131f<\/td>\n<td width=\"100\">\u00d6\u011fretim \u00dcyesi<\/td>\n<td width=\"89\">Oda No<\/td>\n<td width=\"89\">Tel. No<\/td>\n<td width=\"184\">e-mail<\/td>\n<\/tr>\n<tr>\n<td width=\"103\">1. s\u0131n\u0131f<\/td>\n<td width=\"100\">Prof. Dr. \u0130smail Ekmek\u00e7i<\/td>\n<td width=\"89\">C403<\/td>\n<td width=\"89\">3214<\/td>\n<td width=\"184\">iekmekci@ticaret.edu.tr<\/td>\n<\/tr>\n<tr>\n<td width=\"103\">2. s\u0131n\u0131f<\/td>\n<td width=\"100\">Prof. Dr. \u0130smail Ekmek\u00e7i<\/td>\n<td width=\"89\">C403<\/td>\n<td width=\"89\">3214<\/td>\n<td width=\"184\">iekmekci@ticaret.edu.tr<\/td>\n<\/tr>\n<tr>\n<td width=\"103\">3. s\u0131n\u0131f<\/td>\n<td width=\"100\">Dr. \u00d6\u011fr. \u00dcy. Emel \u015e. K. \u00c7iftbudak<\/td>\n<td width=\"89\">C410<\/td>\n<td width=\"89\">3296<\/td>\n<td width=\"184\">eskucukasc\u0131@ticaret.edu.tr<\/td>\n<\/tr>\n<tr>\n<td width=\"103\">4. s\u0131n\u0131f<\/td>\n<td width=\"100\">Dr. \u00d6\u011fr. \u00dcy. Emel \u015e. K. \u00c7iftbudak<\/td>\n<td width=\"89\">C410<\/td>\n<td width=\"89\">3296<\/td>\n<td width=\"184\">eskucukasc\u0131@ticaret.edu.tr<\/td>\n<\/tr>\n<tr>\n<td width=\"103\">Lisans\u00fcst\u00fc<\/td>\n<td width=\"100\">Prof. Dr. Sibkat Ka\u00e7t\u0131o\u011flu<\/td>\n<td width=\"89\">C401<\/td>\n<td width=\"89\">3207<\/td>\n<td width=\"184\">skactioglu@ticaret.edu.tr<\/td>\n<\/tr>\n<\/tbody>\n<\/table>\n","protected":false},"excerpt":{"rendered":"<p>\u00d6\u011fretim \u00dcyeleri \u0130leti\u015fim Bilgileri S\u0131n\u0131f \u00d6\u011fretim \u00dcyesi Oda No Tel. No e-mail 1. s\u0131n\u0131f Prof. Dr. \u0130smail Ekmek\u00e7i C403 3214 iekmekci@ticaret.edu.tr 2. s\u0131n\u0131f Prof. Dr. \u0130smail Ekmek\u00e7i C403 3214 iekmekci@ticaret.edu.tr 3. s\u0131n\u0131f Dr. \u00d6\u011fr. \u00dcy. Emel \u015e. K. \u00c7iftbudak C410 3296 eskucukasc\u0131@ticaret.edu.tr 4. s\u0131n\u0131f Dr. \u00d6\u011fr. \u00dcy. Emel \u015e. K. \u00c7iftbudak C410 3296 eskucukasc\u0131@ticaret.edu.tr Lisans\u00fcst\u00fc [&hellip;]<\/p>\n","protected":false},"author":149,"featured_media":0,"parent":0,"menu_order":0,"comment_status":"closed","ping_status":"closed","template":"genel_sayfa.php","meta":{"footnotes":""},"yoast_head":"<!-- This site is optimized with the Yoast SEO Premium plugin v22.1 (Yoast SEO v22.1) - https:\/\/yoast.com\/wordpress\/plugins\/seo\/ -->\n<title>\u00d6\u011eRENC\u0130 DANI\u015eMANLARI - End\u00fcstri M\u00fchendisli\u011fi<\/title>\n<meta name=\"robots\" content=\"index, follow, max-snippet:-1, max-image-preview:large, max-video-preview:-1\" \/>\n<link rel=\"canonical\" href=\"http:\/\/ticaret.edu.tr\/endustri-muhendisligi\/ogrenci-danismanlari\/\" \/>\n<meta property=\"og:locale\" content=\"tr_TR\" \/>\n<meta property=\"og:type\" content=\"article\" \/>\n<meta property=\"og:title\" content=\"\u00d6\u011eRENC\u0130 DANI\u015eMANLARI\" \/>\n<meta property=\"og:description\" content=\"\u00d6\u011fretim \u00dcyeleri \u0130leti\u015fim Bilgileri S\u0131n\u0131f \u00d6\u011fretim \u00dcyesi Oda No Tel. No e-mail 1. s\u0131n\u0131f Prof. Dr. \u0130smail Ekmek\u00e7i C403 3214 iekmekci@ticaret.edu.tr 2. s\u0131n\u0131f Prof. Dr. \u0130smail Ekmek\u00e7i C403 3214 iekmekci@ticaret.edu.tr 3. s\u0131n\u0131f Dr. \u00d6\u011fr. \u00dcy. Emel \u015e. K. \u00c7iftbudak C410 3296 eskucukasc\u0131@ticaret.edu.tr 4. s\u0131n\u0131f Dr. \u00d6\u011fr. \u00dcy. Emel \u015e. K. \u00c7iftbudak C410 3296 eskucukasc\u0131@ticaret.edu.tr Lisans\u00fcst\u00fc [&hellip;]\" \/>\n<meta property=\"og:url\" content=\"http:\/\/ticaret.edu.tr\/endustri-muhendisligi\/ogrenci-danismanlari\/\" \/>\n<meta property=\"og:site_name\" content=\"End\u00fcstri M\u00fchendisli\u011fi\" \/>\n<meta property=\"article:publisher\" content=\"https:\/\/www.facebook.com\/ticaretedutr\" \/>\n<meta property=\"article:modified_time\" content=\"2025-05-20T18:27:24+00:00\" \/>\n<meta property=\"og:image\" content=\"http:\/\/ticaret.edu.tr\/endustri-muhendisligi\/wp-content\/uploads\/sites\/21\/2021\/11\/web_logo-01.jpg\" \/>\n\t<meta property=\"og:image:width\" content=\"1250\" \/>\n\t<meta property=\"og:image:height\" content=\"833\" \/>\n\t<meta property=\"og:image:type\" content=\"image\/jpeg\" \/>\n<meta name=\"twitter:card\" content=\"summary_large_image\" \/>\n<meta name=\"twitter:site\" content=\"@ticaretedutr\" \/>\n<meta name=\"twitter:label1\" content=\"Tahmini okuma s\u00fcresi\" \/>\n\t<meta name=\"twitter:data1\" content=\"1 dakika\" \/>\n<script type=\"application\/ld+json\" class=\"yoast-schema-graph\">{\"@context\":\"https:\/\/schema.org\",\"@graph\":[{\"@type\":\"WebPage\",\"@id\":\"http:\/\/ticaret.edu.tr\/endustri-muhendisligi\/ogrenci-danismanlari\/\",\"url\":\"http:\/\/ticaret.edu.tr\/endustri-muhendisligi\/ogrenci-danismanlari\/\",\"name\":\"\u00d6\u011eRENC\u0130 DANI\u015eMANLARI - End\u00fcstri M\u00fchendisli\u011fi\",\"isPartOf\":{\"@id\":\"https:\/\/ticaret.edu.tr\/endustri-muhendisligi\/en\/#website\"},\"datePublished\":\"2022-10-13T10:45:55+00:00\",\"dateModified\":\"2025-05-20T18:27:24+00:00\",\"breadcrumb\":{\"@id\":\"http:\/\/ticaret.edu.tr\/endustri-muhendisligi\/ogrenci-danismanlari\/#breadcrumb\"},\"inLanguage\":\"tr\",\"potentialAction\":[{\"@type\":\"ReadAction\",\"target\":[\"http:\/\/ticaret.edu.tr\/endustri-muhendisligi\/ogrenci-danismanlari\/\"]}]},{\"@type\":\"BreadcrumbList\",\"@id\":\"http:\/\/ticaret.edu.tr\/endustri-muhendisligi\/ogrenci-danismanlari\/#breadcrumb\",\"itemListElement\":[{\"@type\":\"ListItem\",\"position\":1,\"name\":\"Ana sayfa\",\"item\":\"http:\/\/ticaret.edu.tr\/endustri-muhendisligi\/\"},{\"@type\":\"ListItem\",\"position\":2,\"name\":\"\u00d6\u011eRENC\u0130 DANI\u015eMANLARI\"}]},{\"@type\":\"WebSite\",\"@id\":\"https:\/\/ticaret.edu.tr\/endustri-muhendisligi\/en\/#website\",\"url\":\"https:\/\/ticaret.edu.tr\/endustri-muhendisligi\/en\/\",\"name\":\"End\u00fcstri M\u00fchendisli\u011fi\",\"description\":\"\",\"potentialAction\":[{\"@type\":\"SearchAction\",\"target\":{\"@type\":\"EntryPoint\",\"urlTemplate\":\"https:\/\/ticaret.edu.tr\/endustri-muhendisligi\/en\/?s={search_term_string}\"},\"query-input\":\"required name=search_term_string\"}],\"inLanguage\":\"tr\"}]}<\/script>\n<!-- \/ Yoast SEO Premium plugin. -->","yoast_head_json":{"title":"\u00d6\u011eRENC\u0130 DANI\u015eMANLARI - End\u00fcstri M\u00fchendisli\u011fi","robots":{"index":"index","follow":"follow","max-snippet":"max-snippet:-1","max-image-preview":"max-image-preview:large","max-video-preview":"max-video-preview:-1"},"canonical":"http:\/\/ticaret.edu.tr\/endustri-muhendisligi\/ogrenci-danismanlari\/","og_locale":"tr_TR","og_type":"article","og_title":"\u00d6\u011eRENC\u0130 DANI\u015eMANLARI","og_description":"\u00d6\u011fretim \u00dcyeleri \u0130leti\u015fim Bilgileri S\u0131n\u0131f \u00d6\u011fretim \u00dcyesi Oda No Tel. No e-mail 1. s\u0131n\u0131f Prof. Dr. \u0130smail Ekmek\u00e7i C403 3214 iekmekci@ticaret.edu.tr 2. s\u0131n\u0131f Prof. Dr. \u0130smail Ekmek\u00e7i C403 3214 iekmekci@ticaret.edu.tr 3. s\u0131n\u0131f Dr. \u00d6\u011fr. \u00dcy. Emel \u015e. K. \u00c7iftbudak C410 3296 eskucukasc\u0131@ticaret.edu.tr 4. s\u0131n\u0131f Dr. \u00d6\u011fr. \u00dcy. Emel \u015e. K. \u00c7iftbudak C410 3296 eskucukasc\u0131@ticaret.edu.tr Lisans\u00fcst\u00fc [&hellip;]","og_url":"http:\/\/ticaret.edu.tr\/endustri-muhendisligi\/ogrenci-danismanlari\/","og_site_name":"End\u00fcstri M\u00fchendisli\u011fi","article_publisher":"https:\/\/www.facebook.com\/ticaretedutr","article_modified_time":"2025-05-20T18:27:24+00:00","og_image":[{"width":1250,"height":833,"url":"http:\/\/ticaret.edu.tr\/endustri-muhendisligi\/wp-content\/uploads\/sites\/21\/2021\/11\/web_logo-01.jpg","type":"image\/jpeg"}],"twitter_card":"summary_large_image","twitter_site":"@ticaretedutr","twitter_misc":{"Tahmini okuma s\u00fcresi":"1 dakika"},"schema":{"@context":"https:\/\/schema.org","@graph":[{"@type":"WebPage","@id":"http:\/\/ticaret.edu.tr\/endustri-muhendisligi\/ogrenci-danismanlari\/","url":"http:\/\/ticaret.edu.tr\/endustri-muhendisligi\/ogrenci-danismanlari\/","name":"\u00d6\u011eRENC\u0130 DANI\u015eMANLARI - End\u00fcstri M\u00fchendisli\u011fi","isPartOf":{"@id":"https:\/\/ticaret.edu.tr\/endustri-muhendisligi\/en\/#website"},"datePublished":"2022-10-13T10:45:55+00:00","dateModified":"2025-05-20T18:27:24+00:00","breadcrumb":{"@id":"http:\/\/ticaret.edu.tr\/endustri-muhendisligi\/ogrenci-danismanlari\/#breadcrumb"},"inLanguage":"tr","potentialAction":[{"@type":"ReadAction","target":["http:\/\/ticaret.edu.tr\/endustri-muhendisligi\/ogrenci-danismanlari\/"]}]},{"@type":"BreadcrumbList","@id":"http:\/\/ticaret.edu.tr\/endustri-muhendisligi\/ogrenci-danismanlari\/#breadcrumb","itemListElement":[{"@type":"ListItem","position":1,"name":"Ana sayfa","item":"http:\/\/ticaret.edu.tr\/endustri-muhendisligi\/"},{"@type":"ListItem","position":2,"name":"\u00d6\u011eRENC\u0130 DANI\u015eMANLARI"}]},{"@type":"WebSite","@id":"https:\/\/ticaret.edu.tr\/endustri-muhendisligi\/en\/#website","url":"https:\/\/ticaret.edu.tr\/endustri-muhendisligi\/en\/","name":"End\u00fcstri M\u00fchendisli\u011fi","description":"","potentialAction":[{"@type":"SearchAction","target":{"@type":"EntryPoint","urlTemplate":"https:\/\/ticaret.edu.tr\/endustri-muhendisligi\/en\/?s={search_term_string}"},"query-input":"required name=search_term_string"}],"inLanguage":"tr"}]}},"lang":"tr","translations":{"tr":584,"en":1115},"pll_sync_post":[],"_links":{"self":[{"href":"http:\/\/ticaret.edu.tr\/endustri-muhendisligi\/wp-json\/wp\/v2\/pages\/584"}],"collection":[{"href":"http:\/\/ticaret.edu.tr\/endustri-muhendisligi\/wp-json\/wp\/v2\/pages"}],"about":[{"href":"http:\/\/ticaret.edu.tr\/endustri-muhendisligi\/wp-json\/wp\/v2\/types\/page"}],"author":[{"embeddable":true,"href":"http:\/\/ticaret.edu.tr\/endustri-muhendisligi\/wp-json\/wp\/v2\/users\/149"}],"replies":[{"embeddable":true,"href":"http:\/\/ticaret.edu.tr\/endustri-muhendisligi\/wp-json\/wp\/v2\/comments?post=584"}],"version-history":[{"count":14,"href":"http:\/\/ticaret.edu.tr\/endustri-muhendisligi\/wp-json\/wp\/v2\/pages\/584\/revisions"}],"predecessor-version":[{"id":1444,"href":"http:\/\/ticaret.edu.tr\/endustri-muhendisligi\/wp-json\/wp\/v2\/pages\/584\/revisions\/1444"}],"wp:attachment":[{"href":"http:\/\/ticaret.edu.tr\/endustri-muhendisligi\/wp-json\/wp\/v2\/media?parent=584"}],"curies":[{"name":"wp","href":"https:\/\/api.w.org\/{rel}","templated":true}]}}