{"id":586,"date":"2022-10-13T13:46:37","date_gmt":"2022-10-13T10:46:37","guid":{"rendered":"https:\/\/ticaret.edu.tr\/endustri-muhendisligi\/?page_id=586"},"modified":"2025-02-17T10:27:23","modified_gmt":"2025-02-17T07:27:23","slug":"ogrenci-topluluklari","status":"publish","type":"page","link":"http:\/\/ticaret.edu.tr\/endustri-muhendisligi\/ogrenci-topluluklari\/","title":{"rendered":"\u00d6\u011eRENC\u0130 TOPLULUKLARI"},"content":{"rendered":"<p>\u0130stanbul Ticaret \u00dcniversitesi, End\u00fcstri M\u00fchendisli\u011fi B\u00f6l\u00fcm\u00fcnde \u0130stanbul Ticaret \u00dcniversitesi End\u00fcstri M\u00fchendisli\u011fi Kul\u00fcb\u00fc (EMK)taraf\u0131ndan aktif olarak e\u011fitim ve seminerler d\u00fczenlenmektedir. EMK, end\u00fcstri m\u00fchendisli\u011fine y\u00f6nelik d\u00fczenledi\u011fi aktiviteleri <a href=\"https:\/\/www.instagram.com\/ticaret.emk\/\">https:\/\/www.instagram.com\/ticaret.emk\/<\/a> adresinden duyurmaktad\u0131r.<\/p>\n<p><em>IEEE \u0130stanbul Ticaret \u00dcniversitesi \u00d6\u011frenci Kolu Toplulu\u011fu<\/em><\/p>\n<p><em>IEEE kendisini teknolojiyi insanl\u0131k yarar\u0131na geli\u015ftirmek i\u00e7in adam\u0131\u015f, b\u00fcnyesindeki 39 teknik topluluk, 160\u2019tan fazla \u00fclkedeki 430.000 \u00fczerinde \u00fcyesi ile d\u00fcnyan\u0131n en b\u00fcy\u00fck teknik kurulu\u015fudur. Bizler de IEEE \u0130stanbul Ticaret \u00dcniversitesi \u00d6\u011frenci Kolu Toplulu\u011fu olarak, ayn\u0131 misyon ile yola \u00e7\u0131km\u0131\u015f, teknik bir kurulu\u015fuz. B\u00fcnyemizdeki 2 adet teknik topluluk ve 2 adet komite ile meslekta\u015flar\u0131m\u0131z ve \u00f6\u011frenci arkada\u015flar\u0131m\u0131z i\u00e7in e\u011fitimler ve etkinlikler d\u00fczenliyoruz.<\/em><\/p>\n<p><em>Bizler ayr\u0131ca, alt topluluklar\u0131m\u0131zdan Women in Engineering ile \u00e7e\u015fitli konferanslar s\u00f6yle\u015filer ve kariyer g\u00fcnleri, Computer Society ile uzun d\u00f6nem \u00e7e\u015fitli yaz\u0131l\u0131m e\u011fitimleri ve ders \u00e7al\u0131\u015fma g\u00fcnleri, Robotics and Automation Society ile Teknik \u00c7izim, G\u00f6m\u00fcl\u00fc Sistem e\u011fitimleri ve projeler d\u00fczenlemekteyiz. Bunlar\u0131n yan\u0131 s\u0131ra Karde\u015f \u00d6\u011frenci Kollar\u0131 projemizle, her sene farkl\u0131 karde\u015f \u00fcniversitelerle birlikte etkinlikler d\u00fczenlemekteyiz. Seni de aram\u0131zda g\u00f6rmekten mutluluk duyar\u0131z.<\/em><\/p>\n<p><em>Insatgram: ieeeticaret \/ ieeeticaret.cs \/ ieeeticaret.wie \/ ieeeticaret.ras<\/em><\/p>\n","protected":false},"excerpt":{"rendered":"<p>\u0130stanbul Ticaret \u00dcniversitesi, End\u00fcstri M\u00fchendisli\u011fi B\u00f6l\u00fcm\u00fcnde \u0130stanbul Ticaret \u00dcniversitesi End\u00fcstri M\u00fchendisli\u011fi Kul\u00fcb\u00fc (EMK)taraf\u0131ndan aktif olarak e\u011fitim ve seminerler d\u00fczenlenmektedir. EMK, end\u00fcstri m\u00fchendisli\u011fine y\u00f6nelik d\u00fczenledi\u011fi aktiviteleri https:\/\/www.instagram.com\/ticaret.emk\/ adresinden duyurmaktad\u0131r. IEEE \u0130stanbul Ticaret \u00dcniversitesi \u00d6\u011frenci Kolu Toplulu\u011fu IEEE kendisini teknolojiyi insanl\u0131k yarar\u0131na geli\u015ftirmek i\u00e7in adam\u0131\u015f, b\u00fcnyesindeki 39 teknik topluluk, 160\u2019tan fazla \u00fclkedeki 430.000 \u00fczerinde \u00fcyesi ile d\u00fcnyan\u0131n [&hellip;]<\/p>\n","protected":false},"author":149,"featured_media":0,"parent":0,"menu_order":0,"comment_status":"closed","ping_status":"closed","template":"genel_sayfa.php","meta":{"footnotes":""},"yoast_head":"<!-- This site is optimized with the Yoast SEO Premium plugin v22.1 (Yoast SEO v22.1) - https:\/\/yoast.com\/wordpress\/plugins\/seo\/ -->\n<title>\u00d6\u011eRENC\u0130 TOPLULUKLARI - End\u00fcstri M\u00fchendisli\u011fi<\/title>\n<meta name=\"robots\" content=\"index, follow, max-snippet:-1, max-image-preview:large, max-video-preview:-1\" \/>\n<link rel=\"canonical\" href=\"http:\/\/ticaret.edu.tr\/endustri-muhendisligi\/ogrenci-topluluklari\/\" \/>\n<meta property=\"og:locale\" content=\"tr_TR\" \/>\n<meta property=\"og:type\" content=\"article\" \/>\n<meta property=\"og:title\" content=\"\u00d6\u011eRENC\u0130 TOPLULUKLARI\" \/>\n<meta property=\"og:description\" content=\"\u0130stanbul Ticaret \u00dcniversitesi, End\u00fcstri M\u00fchendisli\u011fi B\u00f6l\u00fcm\u00fcnde \u0130stanbul Ticaret \u00dcniversitesi End\u00fcstri M\u00fchendisli\u011fi Kul\u00fcb\u00fc (EMK)taraf\u0131ndan aktif olarak e\u011fitim ve seminerler d\u00fczenlenmektedir. EMK, end\u00fcstri m\u00fchendisli\u011fine y\u00f6nelik d\u00fczenledi\u011fi aktiviteleri https:\/\/www.instagram.com\/ticaret.emk\/ adresinden duyurmaktad\u0131r. IEEE \u0130stanbul Ticaret \u00dcniversitesi \u00d6\u011frenci Kolu Toplulu\u011fu IEEE kendisini teknolojiyi insanl\u0131k yarar\u0131na geli\u015ftirmek i\u00e7in adam\u0131\u015f, b\u00fcnyesindeki 39 teknik topluluk, 160\u2019tan fazla \u00fclkedeki 430.000 \u00fczerinde \u00fcyesi ile d\u00fcnyan\u0131n [&hellip;]\" \/>\n<meta property=\"og:url\" content=\"http:\/\/ticaret.edu.tr\/endustri-muhendisligi\/ogrenci-topluluklari\/\" \/>\n<meta property=\"og:site_name\" content=\"End\u00fcstri M\u00fchendisli\u011fi\" \/>\n<meta property=\"article:publisher\" content=\"https:\/\/www.facebook.com\/ticaretedutr\" \/>\n<meta property=\"article:modified_time\" content=\"2025-02-17T07:27:23+00:00\" \/>\n<meta property=\"og:image\" content=\"http:\/\/ticaret.edu.tr\/endustri-muhendisligi\/wp-content\/uploads\/sites\/21\/2021\/11\/web_logo-01.jpg\" \/>\n\t<meta property=\"og:image:width\" content=\"1250\" \/>\n\t<meta property=\"og:image:height\" content=\"833\" \/>\n\t<meta property=\"og:image:type\" content=\"image\/jpeg\" \/>\n<meta name=\"twitter:card\" content=\"summary_large_image\" \/>\n<meta name=\"twitter:site\" content=\"@ticaretedutr\" \/>\n<meta name=\"twitter:label1\" content=\"Tahmini okuma s\u00fcresi\" \/>\n\t<meta name=\"twitter:data1\" content=\"1 dakika\" \/>\n<script type=\"application\/ld+json\" class=\"yoast-schema-graph\">{\"@context\":\"https:\/\/schema.org\",\"@graph\":[{\"@type\":\"WebPage\",\"@id\":\"http:\/\/ticaret.edu.tr\/endustri-muhendisligi\/ogrenci-topluluklari\/\",\"url\":\"http:\/\/ticaret.edu.tr\/endustri-muhendisligi\/ogrenci-topluluklari\/\",\"name\":\"\u00d6\u011eRENC\u0130 TOPLULUKLARI - End\u00fcstri M\u00fchendisli\u011fi\",\"isPartOf\":{\"@id\":\"https:\/\/ticaret.edu.tr\/endustri-muhendisligi\/en\/#website\"},\"datePublished\":\"2022-10-13T10:46:37+00:00\",\"dateModified\":\"2025-02-17T07:27:23+00:00\",\"breadcrumb\":{\"@id\":\"http:\/\/ticaret.edu.tr\/endustri-muhendisligi\/ogrenci-topluluklari\/#breadcrumb\"},\"inLanguage\":\"tr\",\"potentialAction\":[{\"@type\":\"ReadAction\",\"target\":[\"http:\/\/ticaret.edu.tr\/endustri-muhendisligi\/ogrenci-topluluklari\/\"]}]},{\"@type\":\"BreadcrumbList\",\"@id\":\"http:\/\/ticaret.edu.tr\/endustri-muhendisligi\/ogrenci-topluluklari\/#breadcrumb\",\"itemListElement\":[{\"@type\":\"ListItem\",\"position\":1,\"name\":\"Ana sayfa\",\"item\":\"http:\/\/ticaret.edu.tr\/endustri-muhendisligi\/\"},{\"@type\":\"ListItem\",\"position\":2,\"name\":\"\u00d6\u011eRENC\u0130 TOPLULUKLARI\"}]},{\"@type\":\"WebSite\",\"@id\":\"https:\/\/ticaret.edu.tr\/endustri-muhendisligi\/en\/#website\",\"url\":\"https:\/\/ticaret.edu.tr\/endustri-muhendisligi\/en\/\",\"name\":\"End\u00fcstri M\u00fchendisli\u011fi\",\"description\":\"\",\"potentialAction\":[{\"@type\":\"SearchAction\",\"target\":{\"@type\":\"EntryPoint\",\"urlTemplate\":\"https:\/\/ticaret.edu.tr\/endustri-muhendisligi\/en\/?s={search_term_string}\"},\"query-input\":\"required name=search_term_string\"}],\"inLanguage\":\"tr\"}]}<\/script>\n<!-- \/ Yoast SEO Premium plugin. -->","yoast_head_json":{"title":"\u00d6\u011eRENC\u0130 TOPLULUKLARI - End\u00fcstri M\u00fchendisli\u011fi","robots":{"index":"index","follow":"follow","max-snippet":"max-snippet:-1","max-image-preview":"max-image-preview:large","max-video-preview":"max-video-preview:-1"},"canonical":"http:\/\/ticaret.edu.tr\/endustri-muhendisligi\/ogrenci-topluluklari\/","og_locale":"tr_TR","og_type":"article","og_title":"\u00d6\u011eRENC\u0130 TOPLULUKLARI","og_description":"\u0130stanbul Ticaret \u00dcniversitesi, End\u00fcstri M\u00fchendisli\u011fi B\u00f6l\u00fcm\u00fcnde \u0130stanbul Ticaret \u00dcniversitesi End\u00fcstri M\u00fchendisli\u011fi Kul\u00fcb\u00fc (EMK)taraf\u0131ndan aktif olarak e\u011fitim ve seminerler d\u00fczenlenmektedir. EMK, end\u00fcstri m\u00fchendisli\u011fine y\u00f6nelik d\u00fczenledi\u011fi aktiviteleri https:\/\/www.instagram.com\/ticaret.emk\/ adresinden duyurmaktad\u0131r. IEEE \u0130stanbul Ticaret \u00dcniversitesi \u00d6\u011frenci Kolu Toplulu\u011fu IEEE kendisini teknolojiyi insanl\u0131k yarar\u0131na geli\u015ftirmek i\u00e7in adam\u0131\u015f, b\u00fcnyesindeki 39 teknik topluluk, 160\u2019tan fazla \u00fclkedeki 430.000 \u00fczerinde \u00fcyesi ile d\u00fcnyan\u0131n [&hellip;]","og_url":"http:\/\/ticaret.edu.tr\/endustri-muhendisligi\/ogrenci-topluluklari\/","og_site_name":"End\u00fcstri M\u00fchendisli\u011fi","article_publisher":"https:\/\/www.facebook.com\/ticaretedutr","article_modified_time":"2025-02-17T07:27:23+00:00","og_image":[{"width":1250,"height":833,"url":"http:\/\/ticaret.edu.tr\/endustri-muhendisligi\/wp-content\/uploads\/sites\/21\/2021\/11\/web_logo-01.jpg","type":"image\/jpeg"}],"twitter_card":"summary_large_image","twitter_site":"@ticaretedutr","twitter_misc":{"Tahmini okuma s\u00fcresi":"1 dakika"},"schema":{"@context":"https:\/\/schema.org","@graph":[{"@type":"WebPage","@id":"http:\/\/ticaret.edu.tr\/endustri-muhendisligi\/ogrenci-topluluklari\/","url":"http:\/\/ticaret.edu.tr\/endustri-muhendisligi\/ogrenci-topluluklari\/","name":"\u00d6\u011eRENC\u0130 TOPLULUKLARI - End\u00fcstri M\u00fchendisli\u011fi","isPartOf":{"@id":"https:\/\/ticaret.edu.tr\/endustri-muhendisligi\/en\/#website"},"datePublished":"2022-10-13T10:46:37+00:00","dateModified":"2025-02-17T07:27:23+00:00","breadcrumb":{"@id":"http:\/\/ticaret.edu.tr\/endustri-muhendisligi\/ogrenci-topluluklari\/#breadcrumb"},"inLanguage":"tr","potentialAction":[{"@type":"ReadAction","target":["http:\/\/ticaret.edu.tr\/endustri-muhendisligi\/ogrenci-topluluklari\/"]}]},{"@type":"BreadcrumbList","@id":"http:\/\/ticaret.edu.tr\/endustri-muhendisligi\/ogrenci-topluluklari\/#breadcrumb","itemListElement":[{"@type":"ListItem","position":1,"name":"Ana sayfa","item":"http:\/\/ticaret.edu.tr\/endustri-muhendisligi\/"},{"@type":"ListItem","position":2,"name":"\u00d6\u011eRENC\u0130 TOPLULUKLARI"}]},{"@type":"WebSite","@id":"https:\/\/ticaret.edu.tr\/endustri-muhendisligi\/en\/#website","url":"https:\/\/ticaret.edu.tr\/endustri-muhendisligi\/en\/","name":"End\u00fcstri M\u00fchendisli\u011fi","description":"","potentialAction":[{"@type":"SearchAction","target":{"@type":"EntryPoint","urlTemplate":"https:\/\/ticaret.edu.tr\/endustri-muhendisligi\/en\/?s={search_term_string}"},"query-input":"required name=search_term_string"}],"inLanguage":"tr"}]}},"lang":"tr","translations":{"tr":586,"en":1118},"pll_sync_post":[],"_links":{"self":[{"href":"http:\/\/ticaret.edu.tr\/endustri-muhendisligi\/wp-json\/wp\/v2\/pages\/586"}],"collection":[{"href":"http:\/\/ticaret.edu.tr\/endustri-muhendisligi\/wp-json\/wp\/v2\/pages"}],"about":[{"href":"http:\/\/ticaret.edu.tr\/endustri-muhendisligi\/wp-json\/wp\/v2\/types\/page"}],"author":[{"embeddable":true,"href":"http:\/\/ticaret.edu.tr\/endustri-muhendisligi\/wp-json\/wp\/v2\/users\/149"}],"replies":[{"embeddable":true,"href":"http:\/\/ticaret.edu.tr\/endustri-muhendisligi\/wp-json\/wp\/v2\/comments?post=586"}],"version-history":[{"count":1,"href":"http:\/\/ticaret.edu.tr\/endustri-muhendisligi\/wp-json\/wp\/v2\/pages\/586\/revisions"}],"predecessor-version":[{"id":587,"href":"http:\/\/ticaret.edu.tr\/endustri-muhendisligi\/wp-json\/wp\/v2\/pages\/586\/revisions\/587"}],"wp:attachment":[{"href":"http:\/\/ticaret.edu.tr\/endustri-muhendisligi\/wp-json\/wp\/v2\/media?parent=586"}],"curies":[{"name":"wp","href":"https:\/\/api.w.org\/{rel}","templated":true}]}}