{"id":618,"date":"2022-10-13T14:02:43","date_gmt":"2022-10-13T11:02:43","guid":{"rendered":"https:\/\/ticaret.edu.tr\/endustri-muhendisligi\/?page_id=618"},"modified":"2025-04-05T16:39:03","modified_gmt":"2025-04-05T13:39:03","slug":"staj","status":"publish","type":"page","link":"http:\/\/ticaret.edu.tr\/endustri-muhendisligi\/staj\/","title":{"rendered":"STAJ"},"content":{"rendered":"<p>End\u00fcstri M\u00fchendisli\u011fi Lisans Program\u0131nda, Akademik E\u011fitim ve \u00d6\u011fretim y\u0131l\u0131 boyunca tamamlanmas\u0131 gereken iki zorunlu staj bulunmaktad\u0131r.<\/p>\n<ul>\n<li><strong>Staj 1,<\/strong> \u00fcretim staj\u0131d\u0131r ve 20 g\u00fcn olmak \u00fczere \u00fcretim faaliyeti g\u00f6steren bir firmada yap\u0131lmas\u0131 gerekir.<\/li>\n<li><strong>Staj 2,<\/strong> y\u00f6netim staj\u0131d\u0131r ve 20 g\u00fcn olmak \u00fczere b\u00fcy\u00fck \u00f6l\u00e7ekli bir firmada yap\u0131lmal\u0131d\u0131r. \u00d6\u011frenciler;<\/li>\n<\/ul>\n<p>Staj i\u015flemlerine ili\u015fkin gerekli belgelere<span style=\"color: #333399\"> <a style=\"color: #333399\" href=\"https:\/\/kariyer.ticaret.edu.tr\/ogrenciler\/staj-belgeleri\/staj-formlari\">https:\/\/kariyer.ticaret.edu.tr\/ogrenciler\/staj-belgeleri\/staj-formlari<\/a><\/span> adresinden ula\u015f\u0131labilirler.<\/p>\n<ul>\n<li>Staj sonunda teslim edilmesi gereken <strong>staj defteri<\/strong>ne ula\u015fmak i\u00e7in<span style=\"color: #333399\"> <a style=\"color: #333399\" href=\"http:\/\/kariyer.ticaret.edu.tr\/uploads\/staj-belgeleri\/staj-defterleri\/END%C3%9CSTR%C4%B0%20M%C3%9CHEND%C4%B0SL%C4%B0%C4%9E%C4%B0%20B%C3%96L%C3%9CM%C3%9C%20STAJ%20DEFTER%C4%B0.pdf\">t\u0131klay\u0131n\u0131z.<\/a><\/span><\/li>\n<li>Staj s\u00fcrecinde yan\u0131tlanmas\u0131 gereken sorular\u0131n bulundu\u011fu <strong>staj k\u0131lavuzu<\/strong>na ula\u015fmak i\u00e7in <span style=\"color: #333399\"><a style=\"color: #333399\" href=\"http:\/\/ticaret.edu.tr\/endustri-muhendisligi\/wp-content\/uploads\/sites\/21\/2023\/07\/ENDUSTRI-MUHENDISLIGI-BOLUMU-STAJ-KILAVUZU.pdf\">t\u0131klay\u0131n\u0131z.<\/a><\/span><\/li>\n<li>\u00d6\u011frencilerin staj ba\u015fvuru, onay ve defter teslimi ve onay s\u00fcrecine y\u00f6nelik ad\u0131mlar\u0131n tan\u0131mland\u0131\u011f\u0131 <strong>ak\u0131\u015f \u015femas\u0131<\/strong> i\u00e7in <span style=\"color: #333399\"><a style=\"color: #333399\" href=\"http:\/\/ticaret.edu.tr\/endustri-muhendisligi\/wp-content\/uploads\/sites\/21\/2022\/10\/EK-3.-Staj-Surecleri-Is-Akis-Semasi.pdf\">t\u0131klay\u0131n\u0131z.<\/a><\/span><\/li>\n<li><strong>Staj Y\u00f6nergesi<\/strong> i\u00e7in <a href=\"http:\/\/ticaret.edu.tr\/endustri-muhendisligi\/wp-content\/uploads\/sites\/21\/2025\/04\/Staj-Yonergesi.pdf\"><span style=\"color: #333399\">t\u0131klay\u0131n\u0131z.<\/span><\/a><\/li>\n<\/ul>\n","protected":false},"excerpt":{"rendered":"<p>End\u00fcstri M\u00fchendisli\u011fi Lisans Program\u0131nda, Akademik E\u011fitim ve \u00d6\u011fretim y\u0131l\u0131 boyunca tamamlanmas\u0131 gereken iki zorunlu staj bulunmaktad\u0131r. Staj 1, \u00fcretim staj\u0131d\u0131r ve 20 g\u00fcn olmak \u00fczere \u00fcretim faaliyeti g\u00f6steren bir firmada yap\u0131lmas\u0131 gerekir. Staj 2, y\u00f6netim staj\u0131d\u0131r ve 20 g\u00fcn olmak \u00fczere b\u00fcy\u00fck \u00f6l\u00e7ekli bir firmada yap\u0131lmal\u0131d\u0131r. \u00d6\u011frenciler; Staj i\u015flemlerine ili\u015fkin gerekli belgelere https:\/\/kariyer.ticaret.edu.tr\/ogrenciler\/staj-belgeleri\/staj-formlari adresinden ula\u015f\u0131labilirler. [&hellip;]<\/p>\n","protected":false},"author":149,"featured_media":0,"parent":0,"menu_order":0,"comment_status":"closed","ping_status":"closed","template":"genel_sayfa.php","meta":{"footnotes":""},"yoast_head":"<!-- This site is optimized with the Yoast SEO Premium plugin v22.1 (Yoast SEO v22.1) - https:\/\/yoast.com\/wordpress\/plugins\/seo\/ -->\n<title>STAJ - End\u00fcstri M\u00fchendisli\u011fi<\/title>\n<meta name=\"robots\" content=\"index, follow, max-snippet:-1, max-image-preview:large, max-video-preview:-1\" \/>\n<link rel=\"canonical\" href=\"https:\/\/ticaret.edu.tr\/endustri-muhendisligi\/staj\/\" \/>\n<meta property=\"og:locale\" content=\"tr_TR\" \/>\n<meta property=\"og:type\" content=\"article\" \/>\n<meta property=\"og:title\" content=\"STAJ\" \/>\n<meta property=\"og:description\" content=\"End\u00fcstri M\u00fchendisli\u011fi Lisans Program\u0131nda, Akademik E\u011fitim ve \u00d6\u011fretim y\u0131l\u0131 boyunca tamamlanmas\u0131 gereken iki zorunlu staj bulunmaktad\u0131r. Staj 1, \u00fcretim staj\u0131d\u0131r ve 20 g\u00fcn olmak \u00fczere \u00fcretim faaliyeti g\u00f6steren bir firmada yap\u0131lmas\u0131 gerekir. Staj 2, y\u00f6netim staj\u0131d\u0131r ve 20 g\u00fcn olmak \u00fczere b\u00fcy\u00fck \u00f6l\u00e7ekli bir firmada yap\u0131lmal\u0131d\u0131r. \u00d6\u011frenciler; Staj i\u015flemlerine ili\u015fkin gerekli belgelere https:\/\/kariyer.ticaret.edu.tr\/ogrenciler\/staj-belgeleri\/staj-formlari adresinden ula\u015f\u0131labilirler. [&hellip;]\" \/>\n<meta property=\"og:url\" content=\"https:\/\/ticaret.edu.tr\/endustri-muhendisligi\/staj\/\" \/>\n<meta property=\"og:site_name\" content=\"End\u00fcstri M\u00fchendisli\u011fi\" \/>\n<meta property=\"article:publisher\" content=\"https:\/\/www.facebook.com\/ticaretedutr\" \/>\n<meta property=\"article:modified_time\" content=\"2025-04-05T13:39:03+00:00\" \/>\n<meta property=\"og:image\" content=\"http:\/\/ticaret.edu.tr\/endustri-muhendisligi\/wp-content\/uploads\/sites\/21\/2021\/11\/web_logo-01.jpg\" \/>\n\t<meta property=\"og:image:width\" content=\"1250\" \/>\n\t<meta property=\"og:image:height\" content=\"833\" \/>\n\t<meta property=\"og:image:type\" content=\"image\/jpeg\" \/>\n<meta name=\"twitter:card\" content=\"summary_large_image\" \/>\n<meta name=\"twitter:site\" content=\"@ticaretedutr\" \/>\n<meta name=\"twitter:label1\" content=\"Tahmini okuma s\u00fcresi\" \/>\n\t<meta name=\"twitter:data1\" content=\"1 dakika\" \/>\n<script type=\"application\/ld+json\" class=\"yoast-schema-graph\">{\"@context\":\"https:\/\/schema.org\",\"@graph\":[{\"@type\":\"WebPage\",\"@id\":\"https:\/\/ticaret.edu.tr\/endustri-muhendisligi\/staj\/\",\"url\":\"https:\/\/ticaret.edu.tr\/endustri-muhendisligi\/staj\/\",\"name\":\"STAJ - End\u00fcstri M\u00fchendisli\u011fi\",\"isPartOf\":{\"@id\":\"https:\/\/ticaret.edu.tr\/endustri-muhendisligi\/#website\"},\"datePublished\":\"2022-10-13T11:02:43+00:00\",\"dateModified\":\"2025-04-05T13:39:03+00:00\",\"breadcrumb\":{\"@id\":\"https:\/\/ticaret.edu.tr\/endustri-muhendisligi\/staj\/#breadcrumb\"},\"inLanguage\":\"tr\",\"potentialAction\":[{\"@type\":\"ReadAction\",\"target\":[\"https:\/\/ticaret.edu.tr\/endustri-muhendisligi\/staj\/\"]}]},{\"@type\":\"BreadcrumbList\",\"@id\":\"https:\/\/ticaret.edu.tr\/endustri-muhendisligi\/staj\/#breadcrumb\",\"itemListElement\":[{\"@type\":\"ListItem\",\"position\":1,\"name\":\"Ana sayfa\",\"item\":\"https:\/\/ticaret.edu.tr\/endustri-muhendisligi\/\"},{\"@type\":\"ListItem\",\"position\":2,\"name\":\"STAJ\"}]},{\"@type\":\"WebSite\",\"@id\":\"https:\/\/ticaret.edu.tr\/endustri-muhendisligi\/#website\",\"url\":\"https:\/\/ticaret.edu.tr\/endustri-muhendisligi\/\",\"name\":\"End\u00fcstri M\u00fchendisli\u011fi\",\"description\":\"\",\"potentialAction\":[{\"@type\":\"SearchAction\",\"target\":{\"@type\":\"EntryPoint\",\"urlTemplate\":\"https:\/\/ticaret.edu.tr\/endustri-muhendisligi\/?s={search_term_string}\"},\"query-input\":\"required name=search_term_string\"}],\"inLanguage\":\"tr\"}]}<\/script>\n<!-- \/ Yoast SEO Premium plugin. -->","yoast_head_json":{"title":"STAJ - End\u00fcstri M\u00fchendisli\u011fi","robots":{"index":"index","follow":"follow","max-snippet":"max-snippet:-1","max-image-preview":"max-image-preview:large","max-video-preview":"max-video-preview:-1"},"canonical":"https:\/\/ticaret.edu.tr\/endustri-muhendisligi\/staj\/","og_locale":"tr_TR","og_type":"article","og_title":"STAJ","og_description":"End\u00fcstri M\u00fchendisli\u011fi Lisans Program\u0131nda, Akademik E\u011fitim ve \u00d6\u011fretim y\u0131l\u0131 boyunca tamamlanmas\u0131 gereken iki zorunlu staj bulunmaktad\u0131r. Staj 1, \u00fcretim staj\u0131d\u0131r ve 20 g\u00fcn olmak \u00fczere \u00fcretim faaliyeti g\u00f6steren bir firmada yap\u0131lmas\u0131 gerekir. Staj 2, y\u00f6netim staj\u0131d\u0131r ve 20 g\u00fcn olmak \u00fczere b\u00fcy\u00fck \u00f6l\u00e7ekli bir firmada yap\u0131lmal\u0131d\u0131r. \u00d6\u011frenciler; Staj i\u015flemlerine ili\u015fkin gerekli belgelere https:\/\/kariyer.ticaret.edu.tr\/ogrenciler\/staj-belgeleri\/staj-formlari adresinden ula\u015f\u0131labilirler. [&hellip;]","og_url":"https:\/\/ticaret.edu.tr\/endustri-muhendisligi\/staj\/","og_site_name":"End\u00fcstri M\u00fchendisli\u011fi","article_publisher":"https:\/\/www.facebook.com\/ticaretedutr","article_modified_time":"2025-04-05T13:39:03+00:00","og_image":[{"width":1250,"height":833,"url":"http:\/\/ticaret.edu.tr\/endustri-muhendisligi\/wp-content\/uploads\/sites\/21\/2021\/11\/web_logo-01.jpg","type":"image\/jpeg"}],"twitter_card":"summary_large_image","twitter_site":"@ticaretedutr","twitter_misc":{"Tahmini okuma s\u00fcresi":"1 dakika"},"schema":{"@context":"https:\/\/schema.org","@graph":[{"@type":"WebPage","@id":"https:\/\/ticaret.edu.tr\/endustri-muhendisligi\/staj\/","url":"https:\/\/ticaret.edu.tr\/endustri-muhendisligi\/staj\/","name":"STAJ - End\u00fcstri M\u00fchendisli\u011fi","isPartOf":{"@id":"https:\/\/ticaret.edu.tr\/endustri-muhendisligi\/#website"},"datePublished":"2022-10-13T11:02:43+00:00","dateModified":"2025-04-05T13:39:03+00:00","breadcrumb":{"@id":"https:\/\/ticaret.edu.tr\/endustri-muhendisligi\/staj\/#breadcrumb"},"inLanguage":"tr","potentialAction":[{"@type":"ReadAction","target":["https:\/\/ticaret.edu.tr\/endustri-muhendisligi\/staj\/"]}]},{"@type":"BreadcrumbList","@id":"https:\/\/ticaret.edu.tr\/endustri-muhendisligi\/staj\/#breadcrumb","itemListElement":[{"@type":"ListItem","position":1,"name":"Ana sayfa","item":"https:\/\/ticaret.edu.tr\/endustri-muhendisligi\/"},{"@type":"ListItem","position":2,"name":"STAJ"}]},{"@type":"WebSite","@id":"https:\/\/ticaret.edu.tr\/endustri-muhendisligi\/#website","url":"https:\/\/ticaret.edu.tr\/endustri-muhendisligi\/","name":"End\u00fcstri M\u00fchendisli\u011fi","description":"","potentialAction":[{"@type":"SearchAction","target":{"@type":"EntryPoint","urlTemplate":"https:\/\/ticaret.edu.tr\/endustri-muhendisligi\/?s={search_term_string}"},"query-input":"required name=search_term_string"}],"inLanguage":"tr"}]}},"lang":"tr","translations":{"tr":618,"en":1189},"pll_sync_post":[],"_links":{"self":[{"href":"http:\/\/ticaret.edu.tr\/endustri-muhendisligi\/wp-json\/wp\/v2\/pages\/618"}],"collection":[{"href":"http:\/\/ticaret.edu.tr\/endustri-muhendisligi\/wp-json\/wp\/v2\/pages"}],"about":[{"href":"http:\/\/ticaret.edu.tr\/endustri-muhendisligi\/wp-json\/wp\/v2\/types\/page"}],"author":[{"embeddable":true,"href":"http:\/\/ticaret.edu.tr\/endustri-muhendisligi\/wp-json\/wp\/v2\/users\/149"}],"replies":[{"embeddable":true,"href":"http:\/\/ticaret.edu.tr\/endustri-muhendisligi\/wp-json\/wp\/v2\/comments?post=618"}],"version-history":[{"count":8,"href":"http:\/\/ticaret.edu.tr\/endustri-muhendisligi\/wp-json\/wp\/v2\/pages\/618\/revisions"}],"predecessor-version":[{"id":1427,"href":"http:\/\/ticaret.edu.tr\/endustri-muhendisligi\/wp-json\/wp\/v2\/pages\/618\/revisions\/1427"}],"wp:attachment":[{"href":"http:\/\/ticaret.edu.tr\/endustri-muhendisligi\/wp-json\/wp\/v2\/media?parent=618"}],"curies":[{"name":"wp","href":"https:\/\/api.w.org\/{rel}","templated":true}]}}