{"id":621,"date":"2022-10-13T14:03:13","date_gmt":"2022-10-13T11:03:13","guid":{"rendered":"https:\/\/ticaret.edu.tr\/endustri-muhendisligi\/?page_id=621"},"modified":"2025-02-17T10:41:57","modified_gmt":"2025-02-17T07:41:57","slug":"mezunlar","status":"publish","type":"page","link":"http:\/\/ticaret.edu.tr\/endustri-muhendisligi\/mezunlar\/","title":{"rendered":"MEZUNLAR"},"content":{"rendered":"<div class=\"col-3\">\n<p><img decoding=\"async\" src=\"https:\/\/ticaret.edu.tr\/endustri-muhendisligi\/wp-content\/uploads\/2022\/03\/SELIN-ALTUNCU-FOTO.jpg\" alt=\"\" \/><\/p>\n<p>Selin Altuncu<\/p>\n<\/div>\n<div class=\"col-9\">\n<h6>End\u00fcstri M\u00fchendisli\u011fi Lisans Program\u0131 (2021), Sultanbeyli Belediyesi &#8211; End\u00fcstri M\u00fchendisi<\/h6>\n<p>End\u00fcstri M\u00fchendisli\u011fi 2021 y\u0131l\u0131 mezunuyum. \u00dcniversite tercih zaman\u0131mda kapsaml\u0131 bir ara\u015ft\u0131rma sonucunda se\u00e7imimi yapt\u0131m ve sonra hep iyi ki dedim. \u00dcniversitem, \u00e7ok k\u0131ymetli akademik kadrosu, e\u011fitim kalitesi, de\u011ferli kurulu\u015flarla yapt\u0131\u011f\u0131 i\u015f birlikleri ve insanlar\u0131n g\u00f6z\u00fcndeki itibar\u0131 ile g\u00f6nl\u00fcmde \u00f6nemli bir yere sahip. End\u00fcstri M\u00fchendisli\u011fi b\u00f6l\u00fcm\u00fc zaten \u00f6n\u00fc a\u00e7\u0131k, herkesin g\u00f6z\u00fcnde \u00e7ok sayg\u0131n bir konumda olan k\u0131ymetli bir b\u00f6l\u00fcm. E\u011fitim hayat\u0131m boyunca her biri alan\u0131nda \u00e7ok ba\u015far\u0131l\u0131, bizleri gelecekteki meslekta\u015flar\u0131 olarak g\u00f6ren sayg\u0131de\u011fer hocalar\u0131m sayesinde mesle\u011fime, i\u015f hayat\u0131na dair \u00e7ok de\u011ferli bilgiler edindim. Okulumuz kul\u00fcplerinden Gen\u00e7 G\u00f6n\u00fcll\u00fcler Toplulu\u011fu&#8217;nun y\u00f6netim kadrosunda yer alma imkan\u0131m oldu ve ekip arkada\u015flar\u0131mla birlikte d\u00fczenledi\u011fimiz etkinliklerle insanlar\u0131n hayatlar\u0131na dokunup manevi tatmini ya\u015fad\u0131k. \u00dcniversite hayat\u0131m boyunca bir\u00e7ok g\u00fczel an\u0131 biriktirdim. \u0130\u015fini \u00f6zveriyle yapan de\u011ferli Kariyer Merkezi ekibi sayesinde mezuniyetimden \u00fc\u00e7 ay kadar sonra bir kamu kurumunun Strateji Geli\u015ftirme Departman\u0131&#8217;nda i\u015fe ba\u015flad\u0131m. Sevgili \u00f6\u011frenciler, sizlere; dersler haricinde de hocalar\u0131m\u0131z\u0131n yan\u0131na giderek onlar\u0131n her t\u00fcrl\u00fc bilgi ve tecr\u00fcbelerinden faydalanman\u0131z\u0131; kul\u00fcp, seminer, e\u011fitim vb. gibi etkinliklere kat\u0131l\u0131p sosyal ve mesleki y\u00f6nde becerilerinizi geli\u015ftirmeyi, stajlar\u0131n\u0131za gereken \u00f6zeni g\u00f6sterip m\u00fcmk\u00fcn oldu\u011funca bir\u00e7ok alan\u0131 deneyimlemenizi ve e\u011fer imkan\u0131n\u0131z varsa erasmus programlar\u0131na kat\u0131lman\u0131z\u0131 tavsiye ediyorum. Hepinize ba\u015far\u0131l\u0131 bir \u00fcniversite hayat\u0131 ve akabinde i\u015f hayat\u0131 dilerim.<\/p>\n<\/div>\n<div>\n<hr \/>\n<div class=\"col-3\">\n<p><img decoding=\"async\" src=\"https:\/\/ticaret.edu.tr\/endustri-muhendisligi\/wp-content\/uploads\/2022\/03\/logo-600-400-01.jpg\" alt=\"\" \/><\/p>\n<p>P\u0131nar Aysal<\/p>\n<\/div>\n<div class=\"col-9\">\n<h6>End\u00fcstri M\u00fchendisli\u011fi Lisans Program\u0131 (2021)<\/h6>\n<p>\u0130stanbul Ticaret \u00dcniversitesi End\u00fcstri M\u00fchendisli\u011fi lisans program\u0131ndan 2021 y\u0131l\u0131nda mezun oldum. E\u011fitim hayat\u0131m boyunca \u00e7e\u015fitli firmalarda staj imkan\u0131 bularak alm\u0131\u015f oldu\u011fum teorik dersleri, pratik uygulamalarla peki\u015ftirdim. Yaln\u0131zca teorik bilgiyle yetinmeyip, i\u015f hayat\u0131ndan da \u00f6rnekler verilerek i\u015flenen derslerle profesyonel hayata kendimizi haz\u0131r hissetmemiz sa\u011fland\u0131. G\u00fc\u00e7l\u00fc akademik kadromuzun da deste\u011fiyle e\u011fitim hayat\u0131m\u0131zda kariyer hedeflerimiz do\u011frultusunda y\u00f6nlendirmeler yap\u0131ld\u0131. Kendini geli\u015ftirmeyi ve \u00f6\u011frenmeyi seven bireylere \u00e7ok faydal\u0131 olaca\u011f\u0131n\u0131 d\u00fc\u015f\u00fcnd\u00fc\u011f\u00fcm e\u011fitim i\u00e7eri\u011fi ve akademik kadrosuyla \u00dcniversitemizi \u00f6\u011frencilere tavsiye ederim.<\/p>\n<hr \/>\n<div class=\"col-3\">\n<p><img decoding=\"async\" src=\"https:\/\/ticaret.edu.tr\/endustri-muhendisligi\/wp-content\/uploads\/2022\/03\/GIZEM-KUNDUR-FOTO.jpg\" alt=\"\" \/><\/p>\n<p>Gizem K\u00fcnd\u00fcr<\/p>\n<\/div>\n<div class=\"col-9\">\n<h6>End\u00fcstri M\u00fchendisli\u011fi Lisans Program\u0131 (2020), Vak\u0131fbank &#8211; \u0130\u015f Analisti<\/h6>\n<p>\u0130stanbul Ticaret \u00dcniversitesi End\u00fcstri M\u00fchendisli\u011fi b\u00f6l\u00fcm\u00fc 2020 mezunuyum. Mezun olduktan sonra bankada i\u015f analisti olarak meslek hayat\u0131ma ba\u015flad\u0131m. \u00dcniversite d\u00f6nemimde b\u00f6l\u00fcm\u00fcm\u00fcz\u00fcn zorunlu stajlar\u0131n\u0131n yan\u0131nda bir\u00e7ok g\u00f6n\u00fcll\u00fc staj tecr\u00fcbem oldu. Kariyer Merkezi, zorunlu ve g\u00f6n\u00fcll\u00fc stajlar\u0131m\u0131 bulma s\u00fcrecimde \u00e7ok b\u00fcy\u00fck destek verdi. \u00c7e\u015fitli kurumlarla imzalanan protokoller ile d\u00f6nem i\u00e7erisinde de uzun d\u00f6nem staj yapabilme f\u0131rsat\u0131 yakalayabilmi\u015ftim. Yapt\u0131\u011f\u0131m stajlar ve edindi\u011fim tecr\u00fcbeler, i\u015f ba\u015fvurular\u0131nda \u00f6ne \u00e7\u0131kmama fayda sa\u011flad\u0131. B\u00f6l\u00fcm\u00fcm\u00fcz\u00fcn g\u00fc\u00e7l\u00fc akademik kadrosu ile teorik ve pratik anlamda kaliteli bir e\u011fitim ald\u0131\u011f\u0131m\u0131z\u0131 d\u00fc\u015f\u00fcn\u00fcyorum. Hocalar\u0131m\u0131z\u0131n sekt\u00f6rdeki g\u00fcncel duruma g\u00f6re y\u00f6nlendirmeleri benim i\u00e7in \u00e7ok faydal\u0131 oldu, bili\u015fim sekt\u00f6r\u00fcnde ilerleme karar\u0131m\u0131 bu sayede alabilmi\u015ftim. \u00dcniversitemizin End\u00fcstri M\u00fchendisli\u011fi b\u00f6l\u00fcm\u00fcnde okuyan arkada\u015flar\u0131ma Kariyer Merkezimizin sundu\u011fu olanaklardan faydalanmalar\u0131n\u0131 ve b\u00f6l\u00fcm derslerinde verilen projelerle kendilerini geli\u015ftirmelerini tavsiye edebilirim. B\u00f6l\u00fcm\u00fcm\u00fczde okuyan veya tercih edecek t\u00fcm arkada\u015flar\u0131ma ba\u015far\u0131lar dilerim.<\/p>\n<\/div>\n<div>\n<hr \/>\n<div class=\"col-3\">\n<p><img decoding=\"async\" src=\"https:\/\/ticaret.edu.tr\/endustri-muhendisligi\/wp-content\/uploads\/2022\/03\/OMER-YALAP-FOTO.jpeg\" alt=\"\" \/><\/p>\n<p>\u00d6mer Yalap<\/p>\n<\/div>\n<div class=\"col-9\">\n<h6>Bilgisayar M\u00fchendisli\u011fi Lisans Program\u0131 (2021), \u0130stanbul Ticaret \u00dcniversitesi &#8211; Bilgi \u0130\u015flem<\/h6>\n<p>\u0130stanbul Ticaret \u00dcniversitesi Bilgisayar m\u00fchendisli\u011fi b\u00f6l\u00fcm\u00fcnden mezunum. M\u00fchendislik fak\u00fcltesinin kaliteli e\u011fitimi sonucunda problemlere kar\u015f\u0131 etkili \u00e7\u00f6z\u00fcm \u00fcretme becerisi elde ediliyor. Bunun\u00a0 yan\u0131nda verilen e\u011fitimlerin realitede bir kar\u015f\u0131l\u0131\u011f\u0131 var. Zaten reel sekt\u00f6re haz\u0131rl\u0131k i\u00e7in gerek yap\u0131lan laboratuvar dersleri gerek yap\u0131lan projelerden dolay\u0131 donan\u0131ml\u0131 bir \u015fekilde mezun olmaktay\u0131z. Bu bak\u0131\u015f a\u00e7\u0131s\u0131ndan dolay\u0131 i\u015f hayat\u0131na h\u0131zl\u0131 bir \u015fekilde adapte olabilmekteyiz. \u0130stanbul Ticaret \u00dcniversitesi\u2019nin di\u011fer iyi yanlar\u0131ndan bir tanesi ise Kariyer Merkezi ekibi gerek staj i\u00e7in gerek i\u015f arama s\u00fcreci i\u00e7erisinde her zaman yan\u0131n\u0131zda oluyor. Bundan dolay\u0131 da bu s\u00fcre\u00e7lerde hi\u00e7bir zaman kendinizi yaln\u0131z hissetmiyorsunuz.<\/p>\n<hr \/>\n<div class=\"col-3\">\n<p><img decoding=\"async\" src=\"https:\/\/ticaret.edu.tr\/endustri-muhendisligi\/wp-content\/uploads\/2022\/03\/EZGI-CIFCI-FOTO.jpg\" alt=\"\" \/><\/p>\n<p>Ezgi \u00c7if\u00e7i<\/p>\n<\/div>\n<div class=\"col-9\">\n<h6>Bilgisayar M\u00fchendisli\u011fi Lisans Program\u0131 (2017), Madame Coco &#8211; \u0130\u015f Analisti<\/h6>\n<p>2013-2017 y\u0131llar\u0131 aras\u0131nda \u0130stanbul Ticaret \u00dcniversitesi Bilgisayar M\u00fchendisli\u011fi b\u00f6l\u00fcm\u00fcnde lisans e\u011fitimimi ald\u0131m. Yine 2017- 2021 y\u0131llar\u0131 aras\u0131nda \u0130stanbul Ticaret \u00dcniversitesinde End\u00fcstri M\u00fchendisli\u011fi B\u00f6l\u00fcm\u00fcnde Y\u00fcksek Lisans\u0131m\u0131 Tezli olarak bitirdim. \u0130kiside beni hayata haz\u0131rlayan, ileride ne yapaca\u011f\u0131ma karar vermemde \u00f6nemli yeri olan iki g\u00fczel b\u00f6l\u00fcm oldu. Bilgisayar m\u00fchendisli\u011fi 2. S\u0131n\u0131f \u00f6\u011frencisi iken \u015fu an yapmakta oldu\u011fum i\u015f analisti g\u00f6revine karar vermi\u015ftim. Ald\u0131\u011f\u0131m\u0131z e\u011fitim ile mesle\u011fin i\u00e7inden gelen donan\u0131ml\u0131 hocalar\u0131m\u0131z ile karar vermem \u00e7ok da zor olmad\u0131. Ald\u0131\u011f\u0131m kariyer plan\u0131 karar\u0131mdan sonra hocalar\u0131m Bilgisayar M\u00fchendisli\u011fi e\u011fitimim \u00fczerine End\u00fcstri M\u00fchendisli\u011fi Y\u00fcksek lisans\u0131 yapmam\u0131 tavsiye ettiler. \u015eu anda hala bu tavsiyenin ve do\u011fru y\u00f6nlendirmelerin ekme\u011fini yemekteyim. Mezuniyet t\u00f6renim daha ger\u00e7ekle\u015fmeden i\u015f hayat\u0131na girmi\u015f bulunmaktayd\u0131m. Bizleri \u00f6\u011frenciyken staj yapmaya y\u00f6nlendiren okulumuzun faydas\u0131n\u0131 g\u00f6rm\u00fc\u015f oldum. Ac\u0131badem Sa\u011fl\u0131k Grubunda \u0130\u015f analisti olarak kariyer hayat\u0131ma ba\u015flad\u0131m. Nuevo Yaz\u0131l\u0131m \u00c7\u00f6z\u00fcmlerinde Proje ekibinde Proje Y\u00f6neticisi olarak \u00e7al\u0131\u015ft\u0131m. \u015eu an da Madame Coco firmas\u0131nda \u0130\u015f analisti olarak kariyerime devam etmekteyim. \u0130stanbul Ticaret \u00dcniversitesinde okurken hayatta ne yapman\u0131z gerekti\u011fini \u00e7ok net g\u00f6r\u00fcp buna y\u00f6nelme \u015fans\u0131n\u0131z oluyor. Mesle\u011fin i\u00e7indeki akademisyen kadrosu da bir\u00e7ok yerde bulamayaca\u011f\u0131n\u0131z kadar de\u011ferli e\u011fitimciler oluyor. B\u00f6l\u00fcm se\u00e7imi ki\u015fili\u011finizi tan\u0131man\u0131z ve ben ne yapmak istiyorumu bulman\u0131z ad\u0131na \u00e7ok \u00f6nemli. Sevdi\u011finiz i\u015finiz do\u011fru b\u00f6l\u00fcm se\u00e7iminden ge\u00e7mektedir. Do\u011fru kariyer planlamas\u0131 ise hayatta ne kadar mutlu olaca\u011f\u0131n\u0131zla direk paralel ilerleyen bir s\u00fcre\u00e7tir. Sevdi\u011finiz b\u00f6l\u00fcm\u00fc se\u00e7ip do\u011fru ad\u0131mlarla hayat\u0131n\u0131z\u0131 planlay\u0131n. \u0130nsanlara imrenen de\u011fil \u00e7evresine bakamayacak kadar yo\u011fun ama kendi i\u00e7inde inan\u0131lmaz mutlu bir insan olarak hayat\u0131n\u0131za devam edin.<\/p>\n<\/div>\n<div>\n<hr \/>\n<\/div>\n<\/div>\n<\/div>\n<\/div>\n<\/div>\n","protected":false},"excerpt":{"rendered":"<p>Selin Altuncu End\u00fcstri M\u00fchendisli\u011fi Lisans Program\u0131 (2021), Sultanbeyli Belediyesi &#8211; End\u00fcstri M\u00fchendisi End\u00fcstri M\u00fchendisli\u011fi 2021 y\u0131l\u0131 mezunuyum. \u00dcniversite tercih zaman\u0131mda kapsaml\u0131 bir ara\u015ft\u0131rma sonucunda se\u00e7imimi yapt\u0131m ve sonra hep iyi ki dedim. \u00dcniversitem, \u00e7ok k\u0131ymetli akademik kadrosu, e\u011fitim kalitesi, de\u011ferli kurulu\u015flarla yapt\u0131\u011f\u0131 i\u015f birlikleri ve insanlar\u0131n g\u00f6z\u00fcndeki itibar\u0131 ile g\u00f6nl\u00fcmde \u00f6nemli bir yere sahip. End\u00fcstri [&hellip;]<\/p>\n","protected":false},"author":149,"featured_media":0,"parent":0,"menu_order":0,"comment_status":"closed","ping_status":"closed","template":"genel_sayfa.php","meta":{"footnotes":""},"yoast_head":"<!-- This site is optimized with the Yoast SEO Premium plugin v22.1 (Yoast SEO v22.1) - https:\/\/yoast.com\/wordpress\/plugins\/seo\/ -->\n<title>MEZUNLAR - End\u00fcstri M\u00fchendisli\u011fi<\/title>\n<meta name=\"robots\" content=\"index, follow, max-snippet:-1, max-image-preview:large, max-video-preview:-1\" \/>\n<link rel=\"canonical\" href=\"http:\/\/ticaret.edu.tr\/endustri-muhendisligi\/mezunlar\/\" \/>\n<meta property=\"og:locale\" content=\"tr_TR\" \/>\n<meta property=\"og:type\" content=\"article\" \/>\n<meta property=\"og:title\" content=\"MEZUNLAR\" \/>\n<meta property=\"og:description\" content=\"Selin Altuncu End\u00fcstri M\u00fchendisli\u011fi Lisans Program\u0131 (2021), Sultanbeyli Belediyesi &#8211; End\u00fcstri M\u00fchendisi End\u00fcstri M\u00fchendisli\u011fi 2021 y\u0131l\u0131 mezunuyum. \u00dcniversite tercih zaman\u0131mda kapsaml\u0131 bir ara\u015ft\u0131rma sonucunda se\u00e7imimi yapt\u0131m ve sonra hep iyi ki dedim. \u00dcniversitem, \u00e7ok k\u0131ymetli akademik kadrosu, e\u011fitim kalitesi, de\u011ferli kurulu\u015flarla yapt\u0131\u011f\u0131 i\u015f birlikleri ve insanlar\u0131n g\u00f6z\u00fcndeki itibar\u0131 ile g\u00f6nl\u00fcmde \u00f6nemli bir yere sahip. End\u00fcstri [&hellip;]\" \/>\n<meta property=\"og:url\" content=\"http:\/\/ticaret.edu.tr\/endustri-muhendisligi\/mezunlar\/\" \/>\n<meta property=\"og:site_name\" content=\"End\u00fcstri M\u00fchendisli\u011fi\" \/>\n<meta property=\"article:publisher\" content=\"https:\/\/www.facebook.com\/ticaretedutr\" \/>\n<meta property=\"article:modified_time\" content=\"2025-02-17T07:41:57+00:00\" \/>\n<meta property=\"og:image\" content=\"https:\/\/ticaret.edu.tr\/endustri-muhendisligi\/wp-content\/uploads\/2022\/03\/SELIN-ALTUNCU-FOTO.jpg\" \/>\n<meta name=\"twitter:card\" content=\"summary_large_image\" \/>\n<meta name=\"twitter:site\" content=\"@ticaretedutr\" \/>\n<meta name=\"twitter:label1\" content=\"Tahmini okuma s\u00fcresi\" \/>\n\t<meta name=\"twitter:data1\" content=\"6 dakika\" \/>\n<script type=\"application\/ld+json\" class=\"yoast-schema-graph\">{\"@context\":\"https:\/\/schema.org\",\"@graph\":[{\"@type\":\"WebPage\",\"@id\":\"http:\/\/ticaret.edu.tr\/endustri-muhendisligi\/mezunlar\/\",\"url\":\"http:\/\/ticaret.edu.tr\/endustri-muhendisligi\/mezunlar\/\",\"name\":\"MEZUNLAR - End\u00fcstri M\u00fchendisli\u011fi\",\"isPartOf\":{\"@id\":\"https:\/\/ticaret.edu.tr\/endustri-muhendisligi\/en\/#website\"},\"datePublished\":\"2022-10-13T11:03:13+00:00\",\"dateModified\":\"2025-02-17T07:41:57+00:00\",\"breadcrumb\":{\"@id\":\"http:\/\/ticaret.edu.tr\/endustri-muhendisligi\/mezunlar\/#breadcrumb\"},\"inLanguage\":\"tr\",\"potentialAction\":[{\"@type\":\"ReadAction\",\"target\":[\"http:\/\/ticaret.edu.tr\/endustri-muhendisligi\/mezunlar\/\"]}]},{\"@type\":\"BreadcrumbList\",\"@id\":\"http:\/\/ticaret.edu.tr\/endustri-muhendisligi\/mezunlar\/#breadcrumb\",\"itemListElement\":[{\"@type\":\"ListItem\",\"position\":1,\"name\":\"Ana sayfa\",\"item\":\"http:\/\/ticaret.edu.tr\/endustri-muhendisligi\/\"},{\"@type\":\"ListItem\",\"position\":2,\"name\":\"MEZUNLAR\"}]},{\"@type\":\"WebSite\",\"@id\":\"https:\/\/ticaret.edu.tr\/endustri-muhendisligi\/en\/#website\",\"url\":\"https:\/\/ticaret.edu.tr\/endustri-muhendisligi\/en\/\",\"name\":\"End\u00fcstri M\u00fchendisli\u011fi\",\"description\":\"\",\"potentialAction\":[{\"@type\":\"SearchAction\",\"target\":{\"@type\":\"EntryPoint\",\"urlTemplate\":\"https:\/\/ticaret.edu.tr\/endustri-muhendisligi\/en\/?s={search_term_string}\"},\"query-input\":\"required name=search_term_string\"}],\"inLanguage\":\"tr\"}]}<\/script>\n<!-- \/ Yoast SEO Premium plugin. -->","yoast_head_json":{"title":"MEZUNLAR - End\u00fcstri M\u00fchendisli\u011fi","robots":{"index":"index","follow":"follow","max-snippet":"max-snippet:-1","max-image-preview":"max-image-preview:large","max-video-preview":"max-video-preview:-1"},"canonical":"http:\/\/ticaret.edu.tr\/endustri-muhendisligi\/mezunlar\/","og_locale":"tr_TR","og_type":"article","og_title":"MEZUNLAR","og_description":"Selin Altuncu End\u00fcstri M\u00fchendisli\u011fi Lisans Program\u0131 (2021), Sultanbeyli Belediyesi &#8211; End\u00fcstri M\u00fchendisi End\u00fcstri M\u00fchendisli\u011fi 2021 y\u0131l\u0131 mezunuyum. \u00dcniversite tercih zaman\u0131mda kapsaml\u0131 bir ara\u015ft\u0131rma sonucunda se\u00e7imimi yapt\u0131m ve sonra hep iyi ki dedim. \u00dcniversitem, \u00e7ok k\u0131ymetli akademik kadrosu, e\u011fitim kalitesi, de\u011ferli kurulu\u015flarla yapt\u0131\u011f\u0131 i\u015f birlikleri ve insanlar\u0131n g\u00f6z\u00fcndeki itibar\u0131 ile g\u00f6nl\u00fcmde \u00f6nemli bir yere sahip. End\u00fcstri [&hellip;]","og_url":"http:\/\/ticaret.edu.tr\/endustri-muhendisligi\/mezunlar\/","og_site_name":"End\u00fcstri M\u00fchendisli\u011fi","article_publisher":"https:\/\/www.facebook.com\/ticaretedutr","article_modified_time":"2025-02-17T07:41:57+00:00","og_image":[{"url":"https:\/\/ticaret.edu.tr\/endustri-muhendisligi\/wp-content\/uploads\/2022\/03\/SELIN-ALTUNCU-FOTO.jpg"}],"twitter_card":"summary_large_image","twitter_site":"@ticaretedutr","twitter_misc":{"Tahmini okuma s\u00fcresi":"6 dakika"},"schema":{"@context":"https:\/\/schema.org","@graph":[{"@type":"WebPage","@id":"http:\/\/ticaret.edu.tr\/endustri-muhendisligi\/mezunlar\/","url":"http:\/\/ticaret.edu.tr\/endustri-muhendisligi\/mezunlar\/","name":"MEZUNLAR - End\u00fcstri M\u00fchendisli\u011fi","isPartOf":{"@id":"https:\/\/ticaret.edu.tr\/endustri-muhendisligi\/en\/#website"},"datePublished":"2022-10-13T11:03:13+00:00","dateModified":"2025-02-17T07:41:57+00:00","breadcrumb":{"@id":"http:\/\/ticaret.edu.tr\/endustri-muhendisligi\/mezunlar\/#breadcrumb"},"inLanguage":"tr","potentialAction":[{"@type":"ReadAction","target":["http:\/\/ticaret.edu.tr\/endustri-muhendisligi\/mezunlar\/"]}]},{"@type":"BreadcrumbList","@id":"http:\/\/ticaret.edu.tr\/endustri-muhendisligi\/mezunlar\/#breadcrumb","itemListElement":[{"@type":"ListItem","position":1,"name":"Ana sayfa","item":"http:\/\/ticaret.edu.tr\/endustri-muhendisligi\/"},{"@type":"ListItem","position":2,"name":"MEZUNLAR"}]},{"@type":"WebSite","@id":"https:\/\/ticaret.edu.tr\/endustri-muhendisligi\/en\/#website","url":"https:\/\/ticaret.edu.tr\/endustri-muhendisligi\/en\/","name":"End\u00fcstri M\u00fchendisli\u011fi","description":"","potentialAction":[{"@type":"SearchAction","target":{"@type":"EntryPoint","urlTemplate":"https:\/\/ticaret.edu.tr\/endustri-muhendisligi\/en\/?s={search_term_string}"},"query-input":"required name=search_term_string"}],"inLanguage":"tr"}]}},"lang":"tr","translations":{"tr":621,"en":1191},"pll_sync_post":[],"_links":{"self":[{"href":"http:\/\/ticaret.edu.tr\/endustri-muhendisligi\/wp-json\/wp\/v2\/pages\/621"}],"collection":[{"href":"http:\/\/ticaret.edu.tr\/endustri-muhendisligi\/wp-json\/wp\/v2\/pages"}],"about":[{"href":"http:\/\/ticaret.edu.tr\/endustri-muhendisligi\/wp-json\/wp\/v2\/types\/page"}],"author":[{"embeddable":true,"href":"http:\/\/ticaret.edu.tr\/endustri-muhendisligi\/wp-json\/wp\/v2\/users\/149"}],"replies":[{"embeddable":true,"href":"http:\/\/ticaret.edu.tr\/endustri-muhendisligi\/wp-json\/wp\/v2\/comments?post=621"}],"version-history":[{"count":4,"href":"http:\/\/ticaret.edu.tr\/endustri-muhendisligi\/wp-json\/wp\/v2\/pages\/621\/revisions"}],"predecessor-version":[{"id":1040,"href":"http:\/\/ticaret.edu.tr\/endustri-muhendisligi\/wp-json\/wp\/v2\/pages\/621\/revisions\/1040"}],"wp:attachment":[{"href":"http:\/\/ticaret.edu.tr\/endustri-muhendisligi\/wp-json\/wp\/v2\/media?parent=621"}],"curies":[{"name":"wp","href":"https:\/\/api.w.org\/{rel}","templated":true}]}}