{"id":626,"date":"2022-10-13T14:08:47","date_gmt":"2022-10-13T11:08:47","guid":{"rendered":"https:\/\/ticaret.edu.tr\/endustri-muhendisligi\/?page_id=626"},"modified":"2025-02-17T10:30:25","modified_gmt":"2025-02-17T07:30:25","slug":"lisans-genel-bilgi","status":"publish","type":"page","link":"http:\/\/ticaret.edu.tr\/endustri-muhendisligi\/lisans-genel-bilgi\/","title":{"rendered":"GENEL B\u0130LG\u0130"},"content":{"rendered":"<p>End\u00fcstriyel alandaki ba\u015far\u0131lar\u0131n; bilgi, insan g\u00fcc\u00fc, malzeme, sermaye ve \u00fcretim tesisinin etkin bir \u015fekilde koordinasyonundan do\u011fdu\u011fu bilinen bir ger\u00e7ektir. \u00dcretim ile ilgili etkinlik alanlar\u0131nda ortaya \u00e7\u0131kan problemlerin optimal \u00e7\u00f6z\u00fcmlerini ara\u015ft\u0131rmak ve sonu\u00e7lar\u0131 do\u011fru analiz etmek, i\u015fletmenin ya\u015fam\u0131n\u0131 s\u00fcrd\u00fcrebilmesi i\u00e7in yeterli esnekli\u011fi kazand\u0131racakt\u0131r.<\/p>\n<p>End\u00fcstri m\u00fchendisli\u011fi g\u00f6rev ve sorumluluk alan\u0131na giren bu \u00e7\u00f6z\u00fcmler ve de\u011ferlendirmeler sistem analizi ve tasar\u0131m\u0131 ile karar verme konular\u0131nda analitik ara\u00e7lar\u0131 kullanan m\u00fchendisleri yetkin k\u0131lacakt\u0131r.<\/p>\n<p>End\u00fcstri M\u00fchendisli\u011fi disiplini i\u00e7erisindeki yakla\u015f\u0131m, ilke, model ve tekniklerin y\u00fcksek lisans seviyesinde \u00f6\u011frenilmesi, t\u00fcm m\u00fchendislere imalat ve hizmet i\u015fletmelerinde a\u00e7\u0131\u011f\u0131 saptanan beceriler kazand\u0131racakt\u0131r.<\/p>\n<p>\u00dcniversitemiz b\u00fcnyesinde y\u00fcr\u00fct\u00fclmekte olan; \u00fcretim, kalite, proje, lojistik ve y\u00f6netim konular\u0131n\u0131 kapsayan end\u00fcstri m\u00fchendisli\u011fi y\u00fcksek lisans program\u0131, mevcut gereksinimlere yan\u0131t verebilecek, teorik ve pratik a\u00e7\u0131dan g\u00fc\u00e7l\u00fc m\u00fchendisler yeti\u015ftirmeyi ama\u00e7lamaktad\u0131r.\u200b<\/p>\n","protected":false},"excerpt":{"rendered":"<p>End\u00fcstriyel alandaki ba\u015far\u0131lar\u0131n; bilgi, insan g\u00fcc\u00fc, malzeme, sermaye ve \u00fcretim tesisinin etkin bir \u015fekilde koordinasyonundan do\u011fdu\u011fu bilinen bir ger\u00e7ektir. \u00dcretim ile ilgili etkinlik alanlar\u0131nda ortaya \u00e7\u0131kan problemlerin optimal \u00e7\u00f6z\u00fcmlerini ara\u015ft\u0131rmak ve sonu\u00e7lar\u0131 do\u011fru analiz etmek, i\u015fletmenin ya\u015fam\u0131n\u0131 s\u00fcrd\u00fcrebilmesi i\u00e7in yeterli esnekli\u011fi kazand\u0131racakt\u0131r. End\u00fcstri m\u00fchendisli\u011fi g\u00f6rev ve sorumluluk alan\u0131na giren bu \u00e7\u00f6z\u00fcmler ve de\u011ferlendirmeler sistem analizi [&hellip;]<\/p>\n","protected":false},"author":149,"featured_media":0,"parent":0,"menu_order":0,"comment_status":"closed","ping_status":"closed","template":"genel_sayfa.php","meta":{"footnotes":""},"yoast_head":"<!-- This site is optimized with the Yoast SEO Premium plugin v22.1 (Yoast SEO v22.1) - https:\/\/yoast.com\/wordpress\/plugins\/seo\/ -->\n<title>GENEL B\u0130LG\u0130 - End\u00fcstri M\u00fchendisli\u011fi<\/title>\n<meta name=\"robots\" content=\"index, follow, max-snippet:-1, max-image-preview:large, max-video-preview:-1\" \/>\n<link rel=\"canonical\" href=\"http:\/\/ticaret.edu.tr\/endustri-muhendisligi\/lisans-genel-bilgi\/\" \/>\n<meta property=\"og:locale\" content=\"tr_TR\" \/>\n<meta property=\"og:type\" content=\"article\" \/>\n<meta property=\"og:title\" content=\"GENEL B\u0130LG\u0130\" \/>\n<meta property=\"og:description\" content=\"End\u00fcstriyel alandaki ba\u015far\u0131lar\u0131n; bilgi, insan g\u00fcc\u00fc, malzeme, sermaye ve \u00fcretim tesisinin etkin bir \u015fekilde koordinasyonundan do\u011fdu\u011fu bilinen bir ger\u00e7ektir. \u00dcretim ile ilgili etkinlik alanlar\u0131nda ortaya \u00e7\u0131kan problemlerin optimal \u00e7\u00f6z\u00fcmlerini ara\u015ft\u0131rmak ve sonu\u00e7lar\u0131 do\u011fru analiz etmek, i\u015fletmenin ya\u015fam\u0131n\u0131 s\u00fcrd\u00fcrebilmesi i\u00e7in yeterli esnekli\u011fi kazand\u0131racakt\u0131r. End\u00fcstri m\u00fchendisli\u011fi g\u00f6rev ve sorumluluk alan\u0131na giren bu \u00e7\u00f6z\u00fcmler ve de\u011ferlendirmeler sistem analizi [&hellip;]\" \/>\n<meta property=\"og:url\" content=\"http:\/\/ticaret.edu.tr\/endustri-muhendisligi\/lisans-genel-bilgi\/\" \/>\n<meta property=\"og:site_name\" content=\"End\u00fcstri M\u00fchendisli\u011fi\" \/>\n<meta property=\"article:publisher\" content=\"https:\/\/www.facebook.com\/ticaretedutr\" \/>\n<meta property=\"article:modified_time\" content=\"2025-02-17T07:30:25+00:00\" \/>\n<meta property=\"og:image\" content=\"http:\/\/ticaret.edu.tr\/endustri-muhendisligi\/wp-content\/uploads\/sites\/21\/2021\/11\/web_logo-01.jpg\" \/>\n\t<meta property=\"og:image:width\" content=\"1250\" \/>\n\t<meta property=\"og:image:height\" content=\"833\" \/>\n\t<meta property=\"og:image:type\" content=\"image\/jpeg\" \/>\n<meta name=\"twitter:card\" content=\"summary_large_image\" \/>\n<meta name=\"twitter:site\" content=\"@ticaretedutr\" \/>\n<meta name=\"twitter:label1\" content=\"Tahmini okuma s\u00fcresi\" \/>\n\t<meta name=\"twitter:data1\" content=\"1 dakika\" \/>\n<script type=\"application\/ld+json\" class=\"yoast-schema-graph\">{\"@context\":\"https:\/\/schema.org\",\"@graph\":[{\"@type\":\"WebPage\",\"@id\":\"http:\/\/ticaret.edu.tr\/endustri-muhendisligi\/lisans-genel-bilgi\/\",\"url\":\"http:\/\/ticaret.edu.tr\/endustri-muhendisligi\/lisans-genel-bilgi\/\",\"name\":\"GENEL B\u0130LG\u0130 - End\u00fcstri M\u00fchendisli\u011fi\",\"isPartOf\":{\"@id\":\"https:\/\/ticaret.edu.tr\/endustri-muhendisligi\/en\/#website\"},\"datePublished\":\"2022-10-13T11:08:47+00:00\",\"dateModified\":\"2025-02-17T07:30:25+00:00\",\"breadcrumb\":{\"@id\":\"http:\/\/ticaret.edu.tr\/endustri-muhendisligi\/lisans-genel-bilgi\/#breadcrumb\"},\"inLanguage\":\"tr\",\"potentialAction\":[{\"@type\":\"ReadAction\",\"target\":[\"http:\/\/ticaret.edu.tr\/endustri-muhendisligi\/lisans-genel-bilgi\/\"]}]},{\"@type\":\"BreadcrumbList\",\"@id\":\"http:\/\/ticaret.edu.tr\/endustri-muhendisligi\/lisans-genel-bilgi\/#breadcrumb\",\"itemListElement\":[{\"@type\":\"ListItem\",\"position\":1,\"name\":\"Ana sayfa\",\"item\":\"http:\/\/ticaret.edu.tr\/endustri-muhendisligi\/\"},{\"@type\":\"ListItem\",\"position\":2,\"name\":\"GENEL B\u0130LG\u0130\"}]},{\"@type\":\"WebSite\",\"@id\":\"https:\/\/ticaret.edu.tr\/endustri-muhendisligi\/en\/#website\",\"url\":\"https:\/\/ticaret.edu.tr\/endustri-muhendisligi\/en\/\",\"name\":\"End\u00fcstri M\u00fchendisli\u011fi\",\"description\":\"\",\"potentialAction\":[{\"@type\":\"SearchAction\",\"target\":{\"@type\":\"EntryPoint\",\"urlTemplate\":\"https:\/\/ticaret.edu.tr\/endustri-muhendisligi\/en\/?s={search_term_string}\"},\"query-input\":\"required name=search_term_string\"}],\"inLanguage\":\"tr\"}]}<\/script>\n<!-- \/ Yoast SEO Premium plugin. -->","yoast_head_json":{"title":"GENEL B\u0130LG\u0130 - End\u00fcstri M\u00fchendisli\u011fi","robots":{"index":"index","follow":"follow","max-snippet":"max-snippet:-1","max-image-preview":"max-image-preview:large","max-video-preview":"max-video-preview:-1"},"canonical":"http:\/\/ticaret.edu.tr\/endustri-muhendisligi\/lisans-genel-bilgi\/","og_locale":"tr_TR","og_type":"article","og_title":"GENEL B\u0130LG\u0130","og_description":"End\u00fcstriyel alandaki ba\u015far\u0131lar\u0131n; bilgi, insan g\u00fcc\u00fc, malzeme, sermaye ve \u00fcretim tesisinin etkin bir \u015fekilde koordinasyonundan do\u011fdu\u011fu bilinen bir ger\u00e7ektir. \u00dcretim ile ilgili etkinlik alanlar\u0131nda ortaya \u00e7\u0131kan problemlerin optimal \u00e7\u00f6z\u00fcmlerini ara\u015ft\u0131rmak ve sonu\u00e7lar\u0131 do\u011fru analiz etmek, i\u015fletmenin ya\u015fam\u0131n\u0131 s\u00fcrd\u00fcrebilmesi i\u00e7in yeterli esnekli\u011fi kazand\u0131racakt\u0131r. End\u00fcstri m\u00fchendisli\u011fi g\u00f6rev ve sorumluluk alan\u0131na giren bu \u00e7\u00f6z\u00fcmler ve de\u011ferlendirmeler sistem analizi [&hellip;]","og_url":"http:\/\/ticaret.edu.tr\/endustri-muhendisligi\/lisans-genel-bilgi\/","og_site_name":"End\u00fcstri M\u00fchendisli\u011fi","article_publisher":"https:\/\/www.facebook.com\/ticaretedutr","article_modified_time":"2025-02-17T07:30:25+00:00","og_image":[{"width":1250,"height":833,"url":"http:\/\/ticaret.edu.tr\/endustri-muhendisligi\/wp-content\/uploads\/sites\/21\/2021\/11\/web_logo-01.jpg","type":"image\/jpeg"}],"twitter_card":"summary_large_image","twitter_site":"@ticaretedutr","twitter_misc":{"Tahmini okuma s\u00fcresi":"1 dakika"},"schema":{"@context":"https:\/\/schema.org","@graph":[{"@type":"WebPage","@id":"http:\/\/ticaret.edu.tr\/endustri-muhendisligi\/lisans-genel-bilgi\/","url":"http:\/\/ticaret.edu.tr\/endustri-muhendisligi\/lisans-genel-bilgi\/","name":"GENEL B\u0130LG\u0130 - End\u00fcstri M\u00fchendisli\u011fi","isPartOf":{"@id":"https:\/\/ticaret.edu.tr\/endustri-muhendisligi\/en\/#website"},"datePublished":"2022-10-13T11:08:47+00:00","dateModified":"2025-02-17T07:30:25+00:00","breadcrumb":{"@id":"http:\/\/ticaret.edu.tr\/endustri-muhendisligi\/lisans-genel-bilgi\/#breadcrumb"},"inLanguage":"tr","potentialAction":[{"@type":"ReadAction","target":["http:\/\/ticaret.edu.tr\/endustri-muhendisligi\/lisans-genel-bilgi\/"]}]},{"@type":"BreadcrumbList","@id":"http:\/\/ticaret.edu.tr\/endustri-muhendisligi\/lisans-genel-bilgi\/#breadcrumb","itemListElement":[{"@type":"ListItem","position":1,"name":"Ana sayfa","item":"http:\/\/ticaret.edu.tr\/endustri-muhendisligi\/"},{"@type":"ListItem","position":2,"name":"GENEL B\u0130LG\u0130"}]},{"@type":"WebSite","@id":"https:\/\/ticaret.edu.tr\/endustri-muhendisligi\/en\/#website","url":"https:\/\/ticaret.edu.tr\/endustri-muhendisligi\/en\/","name":"End\u00fcstri M\u00fchendisli\u011fi","description":"","potentialAction":[{"@type":"SearchAction","target":{"@type":"EntryPoint","urlTemplate":"https:\/\/ticaret.edu.tr\/endustri-muhendisligi\/en\/?s={search_term_string}"},"query-input":"required name=search_term_string"}],"inLanguage":"tr"}]}},"lang":"tr","translations":{"tr":626,"en":1137},"pll_sync_post":[],"_links":{"self":[{"href":"http:\/\/ticaret.edu.tr\/endustri-muhendisligi\/wp-json\/wp\/v2\/pages\/626"}],"collection":[{"href":"http:\/\/ticaret.edu.tr\/endustri-muhendisligi\/wp-json\/wp\/v2\/pages"}],"about":[{"href":"http:\/\/ticaret.edu.tr\/endustri-muhendisligi\/wp-json\/wp\/v2\/types\/page"}],"author":[{"embeddable":true,"href":"http:\/\/ticaret.edu.tr\/endustri-muhendisligi\/wp-json\/wp\/v2\/users\/149"}],"replies":[{"embeddable":true,"href":"http:\/\/ticaret.edu.tr\/endustri-muhendisligi\/wp-json\/wp\/v2\/comments?post=626"}],"version-history":[{"count":3,"href":"http:\/\/ticaret.edu.tr\/endustri-muhendisligi\/wp-json\/wp\/v2\/pages\/626\/revisions"}],"predecessor-version":[{"id":1297,"href":"http:\/\/ticaret.edu.tr\/endustri-muhendisligi\/wp-json\/wp\/v2\/pages\/626\/revisions\/1297"}],"wp:attachment":[{"href":"http:\/\/ticaret.edu.tr\/endustri-muhendisligi\/wp-json\/wp\/v2\/media?parent=626"}],"curies":[{"name":"wp","href":"https:\/\/api.w.org\/{rel}","templated":true}]}}