{"id":653,"date":"2022-10-13T14:34:18","date_gmt":"2022-10-13T11:34:18","guid":{"rendered":"https:\/\/ticaret.edu.tr\/endustri-muhendisligi\/?page_id=653"},"modified":"2026-03-17T19:03:58","modified_gmt":"2026-03-17T16:03:58","slug":"cap-yandal-yatay-gecis","status":"publish","type":"page","link":"http:\/\/ticaret.edu.tr\/endustri-muhendisligi\/cap-yandal-yatay-gecis\/","title":{"rendered":"\u00c7AP-YANDAL \/ YATAY GE\u00c7\u0130\u015e"},"content":{"rendered":"<p><strong>L\u0130SANS \u00c7AP-YANDAL<\/strong><\/p>\n<p><span style=\"font-weight: 400\">B\u00f6l\u00fcm\u00fcm\u00fcz \u00e7ift anadal ve yan dal programlar\u0131n\u0131n uygulanmas\u0131 <\/span><b><i>\u201c \u0130stanbul Ticaret \u00dcniversitesi \u00c7ift Anadal ve Yan Dal Programlar\u0131 Y\u00f6netmeli\u011fi\u201d<\/i><\/b><span style=\"font-weight: 400\"> kapsam\u0131nda y\u00fcr\u00fct\u00fcl\u00fcr (Bkz. <\/span><span style=\"color: #333399\"><a style=\"color: #333399\" href=\"https:\/\/www.mevzuat.gov.tr\/mevzuat?MevzuatNo=7266&amp;MevzuatTur=8&amp;MevzuatTertip=5\"><span style=\"font-weight: 400\">https:\/\/www.mevzuat.gov.tr\/mevzuat?MevzuatNo=7266&amp;MevzuatTur=8&amp;MevzuatTertip=5<\/span><\/a><\/span><span style=\"font-weight: 400\"> ). \u00c7ap ve Yan Dal Ba\u015fvuru ve Kay\u0131t i\u015flemlerine y\u00f6nelik ak\u0131\u015f \u015femas\u0131 i\u00e7in<span style=\"color: #333399\"> <a style=\"color: #333399\" href=\"http:\/\/ticaret.edu.tr\/endustri-muhendisligi\/wp-content\/uploads\/sites\/21\/2022\/10\/EK-1.-Cap-ve-Yan-Dal-Basvuru-ve-Kayit-Is-Akis-Semasi.pdf\">t\u0131klay\u0131n\u0131z.<\/a><\/span><\/span><\/p>\n<p><span style=\"color: #3366ff\"><a style=\"color: #3366ff\" href=\"http:\/\/ticaret.edu.tr\/endustri-muhendisligi\/wp-content\/uploads\/sites\/21\/2026\/03\/endustri_cap.pdf\">\u00c7AP M\u00fcfredat Belgesi<\/a><\/span><\/p>\n<p><span style=\"font-weight: 400\">\u00c7ift anadal ve yandal programlar\u0131m\u0131za ba\u015fvuru yapabilecek b\u00f6l\u00fcmlerin listesi ve \u00f6\u011frencilerimizin ba\u015fvuru yapabilecekleri programlar\u0131n listesi Tabloda verilmi\u015ftir.<\/span><\/p>\n<table style=\"height: 257px\" width=\"789\">\n<tbody>\n<tr>\n<td><b>End\u00fcstri M\u00fchendisli\u011fi \u00c7ift Anadal program\u0131na Ba\u015fvuru Yapabilen Programlar<\/b><\/td>\n<td><b>End\u00fcstri M\u00fchendisli\u011fi YanDal program\u0131na Ba\u015fvuru Yapabilen Programlar<\/b><\/td>\n<td><b>End\u00fcstri M\u00fchendisli\u011fi \u00d6\u011frencilerinin Ba\u015fvuru Yapabilecekleri \u00c7ift Anadal Programlar\u0131<\/b><\/td>\n<td><b>End\u00fcstri M\u00fchendisli\u011fi \u00d6\u011frencilerinin Ba\u015fvuru Yapabilecekleri Yan Dal Programlar\u0131<\/b><\/td>\n<\/tr>\n<tr>\n<td><span style=\"font-weight: 400\">Elektrik Elektronik M\u00fchendisli\u011fi<\/span><\/p>\n<p><span style=\"font-weight: 400\">Bilgisayar M\u00fchendisli\u011fi<\/span><\/p>\n<p><span style=\"font-weight: 400\">Mekatronik M\u00fchendisli\u011fi\u00a0<\/span><\/td>\n<td><span style=\"font-weight: 400\">Elektrik Elektronik M\u00fchendisli\u011fi<\/span><\/p>\n<p><span style=\"font-weight: 400\">Bilgisayar M\u00fchendisli\u011fi<\/span><\/p>\n<p><span style=\"font-weight: 400\">Mekatronik M\u00fchendisli\u011fi\u00a0<\/span><\/td>\n<td><span style=\"font-weight: 400\">Bilgisayar M\u00fchendisli\u011fi<\/span><\/p>\n<p><span style=\"font-weight: 400\">Mekatronik M\u00fchendisli\u011fi\u00a0<\/span><\/td>\n<td><span style=\"font-weight: 400\">Bilgisayar M\u00fchendisli\u011fi<\/span><\/p>\n<p><span style=\"font-weight: 400\">Mekatronik M\u00fchendisli\u011fi\u00a0<\/span><\/td>\n<\/tr>\n<\/tbody>\n<\/table>\n<p>&nbsp;<\/p>\n","protected":false},"excerpt":{"rendered":"<p>L\u0130SANS \u00c7AP-YANDAL B\u00f6l\u00fcm\u00fcm\u00fcz \u00e7ift anadal ve yan dal programlar\u0131n\u0131n uygulanmas\u0131 \u201c \u0130stanbul Ticaret \u00dcniversitesi \u00c7ift Anadal ve Yan Dal Programlar\u0131 Y\u00f6netmeli\u011fi\u201d kapsam\u0131nda y\u00fcr\u00fct\u00fcl\u00fcr (Bkz. https:\/\/www.mevzuat.gov.tr\/mevzuat?MevzuatNo=7266&amp;MevzuatTur=8&amp;MevzuatTertip=5 ). \u00c7ap ve Yan Dal Ba\u015fvuru ve Kay\u0131t i\u015flemlerine y\u00f6nelik ak\u0131\u015f \u015femas\u0131 i\u00e7in t\u0131klay\u0131n\u0131z. \u00c7AP M\u00fcfredat Belgesi \u00c7ift anadal ve yandal programlar\u0131m\u0131za ba\u015fvuru yapabilecek b\u00f6l\u00fcmlerin listesi ve \u00f6\u011frencilerimizin ba\u015fvuru yapabilecekleri [&hellip;]<\/p>\n","protected":false},"author":149,"featured_media":0,"parent":0,"menu_order":0,"comment_status":"closed","ping_status":"closed","template":"genel_sayfa.php","meta":{"footnotes":""},"yoast_head":"<!-- This site is optimized with the Yoast SEO Premium plugin v22.1 (Yoast SEO v22.1) - https:\/\/yoast.com\/wordpress\/plugins\/seo\/ -->\n<title>\u00c7AP-YANDAL \/ YATAY GE\u00c7\u0130\u015e - End\u00fcstri M\u00fchendisli\u011fi<\/title>\n<meta name=\"robots\" content=\"index, follow, max-snippet:-1, max-image-preview:large, max-video-preview:-1\" \/>\n<link rel=\"canonical\" href=\"http:\/\/ticaret.edu.tr\/endustri-muhendisligi\/cap-yandal-yatay-gecis\/\" \/>\n<meta property=\"og:locale\" content=\"tr_TR\" \/>\n<meta property=\"og:type\" content=\"article\" \/>\n<meta property=\"og:title\" content=\"\u00c7AP-YANDAL \/ YATAY GE\u00c7\u0130\u015e\" \/>\n<meta property=\"og:description\" content=\"L\u0130SANS \u00c7AP-YANDAL B\u00f6l\u00fcm\u00fcm\u00fcz \u00e7ift anadal ve yan dal programlar\u0131n\u0131n uygulanmas\u0131 \u201c \u0130stanbul Ticaret \u00dcniversitesi \u00c7ift Anadal ve Yan Dal Programlar\u0131 Y\u00f6netmeli\u011fi\u201d kapsam\u0131nda y\u00fcr\u00fct\u00fcl\u00fcr (Bkz. https:\/\/www.mevzuat.gov.tr\/mevzuat?MevzuatNo=7266&amp;MevzuatTur=8&amp;MevzuatTertip=5 ). \u00c7ap ve Yan Dal Ba\u015fvuru ve Kay\u0131t i\u015flemlerine y\u00f6nelik ak\u0131\u015f \u015femas\u0131 i\u00e7in t\u0131klay\u0131n\u0131z. \u00c7AP M\u00fcfredat Belgesi \u00c7ift anadal ve yandal programlar\u0131m\u0131za ba\u015fvuru yapabilecek b\u00f6l\u00fcmlerin listesi ve \u00f6\u011frencilerimizin ba\u015fvuru yapabilecekleri [&hellip;]\" \/>\n<meta property=\"og:url\" content=\"http:\/\/ticaret.edu.tr\/endustri-muhendisligi\/cap-yandal-yatay-gecis\/\" \/>\n<meta property=\"og:site_name\" content=\"End\u00fcstri M\u00fchendisli\u011fi\" \/>\n<meta property=\"article:publisher\" content=\"https:\/\/www.facebook.com\/ticaretedutr\" \/>\n<meta property=\"article:modified_time\" content=\"2026-03-17T16:03:58+00:00\" \/>\n<meta property=\"og:image\" content=\"http:\/\/ticaret.edu.tr\/endustri-muhendisligi\/wp-content\/uploads\/sites\/21\/2021\/11\/web_logo-01.jpg\" \/>\n\t<meta property=\"og:image:width\" content=\"1250\" \/>\n\t<meta property=\"og:image:height\" content=\"833\" \/>\n\t<meta property=\"og:image:type\" content=\"image\/jpeg\" \/>\n<meta name=\"twitter:card\" content=\"summary_large_image\" \/>\n<meta name=\"twitter:site\" content=\"@ticaretedutr\" \/>\n<meta name=\"twitter:label1\" content=\"Tahmini okuma s\u00fcresi\" \/>\n\t<meta name=\"twitter:data1\" content=\"1 dakika\" \/>\n<script type=\"application\/ld+json\" class=\"yoast-schema-graph\">{\"@context\":\"https:\/\/schema.org\",\"@graph\":[{\"@type\":\"WebPage\",\"@id\":\"http:\/\/ticaret.edu.tr\/endustri-muhendisligi\/cap-yandal-yatay-gecis\/\",\"url\":\"http:\/\/ticaret.edu.tr\/endustri-muhendisligi\/cap-yandal-yatay-gecis\/\",\"name\":\"\u00c7AP-YANDAL \/ YATAY GE\u00c7\u0130\u015e - End\u00fcstri M\u00fchendisli\u011fi\",\"isPartOf\":{\"@id\":\"https:\/\/ticaret.edu.tr\/endustri-muhendisligi\/en\/#website\"},\"datePublished\":\"2022-10-13T11:34:18+00:00\",\"dateModified\":\"2026-03-17T16:03:58+00:00\",\"breadcrumb\":{\"@id\":\"http:\/\/ticaret.edu.tr\/endustri-muhendisligi\/cap-yandal-yatay-gecis\/#breadcrumb\"},\"inLanguage\":\"tr\",\"potentialAction\":[{\"@type\":\"ReadAction\",\"target\":[\"http:\/\/ticaret.edu.tr\/endustri-muhendisligi\/cap-yandal-yatay-gecis\/\"]}]},{\"@type\":\"BreadcrumbList\",\"@id\":\"http:\/\/ticaret.edu.tr\/endustri-muhendisligi\/cap-yandal-yatay-gecis\/#breadcrumb\",\"itemListElement\":[{\"@type\":\"ListItem\",\"position\":1,\"name\":\"Ana sayfa\",\"item\":\"http:\/\/ticaret.edu.tr\/endustri-muhendisligi\/\"},{\"@type\":\"ListItem\",\"position\":2,\"name\":\"\u00c7AP-YANDAL \/ YATAY GE\u00c7\u0130\u015e\"}]},{\"@type\":\"WebSite\",\"@id\":\"https:\/\/ticaret.edu.tr\/endustri-muhendisligi\/en\/#website\",\"url\":\"https:\/\/ticaret.edu.tr\/endustri-muhendisligi\/en\/\",\"name\":\"End\u00fcstri M\u00fchendisli\u011fi\",\"description\":\"\",\"potentialAction\":[{\"@type\":\"SearchAction\",\"target\":{\"@type\":\"EntryPoint\",\"urlTemplate\":\"https:\/\/ticaret.edu.tr\/endustri-muhendisligi\/en\/?s={search_term_string}\"},\"query-input\":\"required name=search_term_string\"}],\"inLanguage\":\"tr\"}]}<\/script>\n<!-- \/ Yoast SEO Premium plugin. -->","yoast_head_json":{"title":"\u00c7AP-YANDAL \/ YATAY GE\u00c7\u0130\u015e - End\u00fcstri M\u00fchendisli\u011fi","robots":{"index":"index","follow":"follow","max-snippet":"max-snippet:-1","max-image-preview":"max-image-preview:large","max-video-preview":"max-video-preview:-1"},"canonical":"http:\/\/ticaret.edu.tr\/endustri-muhendisligi\/cap-yandal-yatay-gecis\/","og_locale":"tr_TR","og_type":"article","og_title":"\u00c7AP-YANDAL \/ YATAY GE\u00c7\u0130\u015e","og_description":"L\u0130SANS \u00c7AP-YANDAL B\u00f6l\u00fcm\u00fcm\u00fcz \u00e7ift anadal ve yan dal programlar\u0131n\u0131n uygulanmas\u0131 \u201c \u0130stanbul Ticaret \u00dcniversitesi \u00c7ift Anadal ve Yan Dal Programlar\u0131 Y\u00f6netmeli\u011fi\u201d kapsam\u0131nda y\u00fcr\u00fct\u00fcl\u00fcr (Bkz. https:\/\/www.mevzuat.gov.tr\/mevzuat?MevzuatNo=7266&amp;MevzuatTur=8&amp;MevzuatTertip=5 ). \u00c7ap ve Yan Dal Ba\u015fvuru ve Kay\u0131t i\u015flemlerine y\u00f6nelik ak\u0131\u015f \u015femas\u0131 i\u00e7in t\u0131klay\u0131n\u0131z. \u00c7AP M\u00fcfredat Belgesi \u00c7ift anadal ve yandal programlar\u0131m\u0131za ba\u015fvuru yapabilecek b\u00f6l\u00fcmlerin listesi ve \u00f6\u011frencilerimizin ba\u015fvuru yapabilecekleri [&hellip;]","og_url":"http:\/\/ticaret.edu.tr\/endustri-muhendisligi\/cap-yandal-yatay-gecis\/","og_site_name":"End\u00fcstri M\u00fchendisli\u011fi","article_publisher":"https:\/\/www.facebook.com\/ticaretedutr","article_modified_time":"2026-03-17T16:03:58+00:00","og_image":[{"width":1250,"height":833,"url":"http:\/\/ticaret.edu.tr\/endustri-muhendisligi\/wp-content\/uploads\/sites\/21\/2021\/11\/web_logo-01.jpg","type":"image\/jpeg"}],"twitter_card":"summary_large_image","twitter_site":"@ticaretedutr","twitter_misc":{"Tahmini okuma s\u00fcresi":"1 dakika"},"schema":{"@context":"https:\/\/schema.org","@graph":[{"@type":"WebPage","@id":"http:\/\/ticaret.edu.tr\/endustri-muhendisligi\/cap-yandal-yatay-gecis\/","url":"http:\/\/ticaret.edu.tr\/endustri-muhendisligi\/cap-yandal-yatay-gecis\/","name":"\u00c7AP-YANDAL \/ YATAY GE\u00c7\u0130\u015e - End\u00fcstri M\u00fchendisli\u011fi","isPartOf":{"@id":"https:\/\/ticaret.edu.tr\/endustri-muhendisligi\/en\/#website"},"datePublished":"2022-10-13T11:34:18+00:00","dateModified":"2026-03-17T16:03:58+00:00","breadcrumb":{"@id":"http:\/\/ticaret.edu.tr\/endustri-muhendisligi\/cap-yandal-yatay-gecis\/#breadcrumb"},"inLanguage":"tr","potentialAction":[{"@type":"ReadAction","target":["http:\/\/ticaret.edu.tr\/endustri-muhendisligi\/cap-yandal-yatay-gecis\/"]}]},{"@type":"BreadcrumbList","@id":"http:\/\/ticaret.edu.tr\/endustri-muhendisligi\/cap-yandal-yatay-gecis\/#breadcrumb","itemListElement":[{"@type":"ListItem","position":1,"name":"Ana sayfa","item":"http:\/\/ticaret.edu.tr\/endustri-muhendisligi\/"},{"@type":"ListItem","position":2,"name":"\u00c7AP-YANDAL \/ YATAY GE\u00c7\u0130\u015e"}]},{"@type":"WebSite","@id":"https:\/\/ticaret.edu.tr\/endustri-muhendisligi\/en\/#website","url":"https:\/\/ticaret.edu.tr\/endustri-muhendisligi\/en\/","name":"End\u00fcstri M\u00fchendisli\u011fi","description":"","potentialAction":[{"@type":"SearchAction","target":{"@type":"EntryPoint","urlTemplate":"https:\/\/ticaret.edu.tr\/endustri-muhendisligi\/en\/?s={search_term_string}"},"query-input":"required name=search_term_string"}],"inLanguage":"tr"}]}},"lang":"tr","translations":{"tr":653,"en":1183},"pll_sync_post":[],"_links":{"self":[{"href":"http:\/\/ticaret.edu.tr\/endustri-muhendisligi\/wp-json\/wp\/v2\/pages\/653"}],"collection":[{"href":"http:\/\/ticaret.edu.tr\/endustri-muhendisligi\/wp-json\/wp\/v2\/pages"}],"about":[{"href":"http:\/\/ticaret.edu.tr\/endustri-muhendisligi\/wp-json\/wp\/v2\/types\/page"}],"author":[{"embeddable":true,"href":"http:\/\/ticaret.edu.tr\/endustri-muhendisligi\/wp-json\/wp\/v2\/users\/149"}],"replies":[{"embeddable":true,"href":"http:\/\/ticaret.edu.tr\/endustri-muhendisligi\/wp-json\/wp\/v2\/comments?post=653"}],"version-history":[{"count":11,"href":"http:\/\/ticaret.edu.tr\/endustri-muhendisligi\/wp-json\/wp\/v2\/pages\/653\/revisions"}],"predecessor-version":[{"id":1665,"href":"http:\/\/ticaret.edu.tr\/endustri-muhendisligi\/wp-json\/wp\/v2\/pages\/653\/revisions\/1665"}],"wp:attachment":[{"href":"http:\/\/ticaret.edu.tr\/endustri-muhendisligi\/wp-json\/wp\/v2\/media?parent=653"}],"curies":[{"name":"wp","href":"https:\/\/api.w.org\/{rel}","templated":true}]}}