{"id":655,"date":"2022-10-13T14:34:37","date_gmt":"2022-10-13T11:34:37","guid":{"rendered":"https:\/\/ticaret.edu.tr\/endustri-muhendisligi\/?page_id=655"},"modified":"2025-03-10T12:04:08","modified_gmt":"2025-03-10T09:04:08","slug":"lisans-ogrenci-degisim-programlari-erasmus","status":"publish","type":"page","link":"http:\/\/ticaret.edu.tr\/endustri-muhendisligi\/lisans-ogrenci-degisim-programlari-erasmus\/","title":{"rendered":"\u00d6\u011eRENC\u0130 DE\u011e\u0130\u015e\u0130M PROGRAMLARI \/ ERASMUS"},"content":{"rendered":"<p><span style=\"font-weight: 400;\">End\u00fcstri M\u00fchendisli\u011fi B\u00f6l\u00fcm\u00fc taraf\u0131ndan ikili anla\u015fma yap\u0131lan kurumlar\u0131n listesi a\u015fa\u011f\u0131da verilmi\u015ftir. Ayr\u0131ca bu liste <\/span><a href=\"https:\/\/app.erasmus.ticaret.edu.tr\/tr\/euc-agreements\/list\"><span style=\"font-weight: 400;\">https:\/\/app.erasmus.ticaret.edu.tr\/tr\/euc-agreements\/list<\/span><\/a><span style=\"font-weight: 400;\"> adresinde ilan edilmi\u015ftir. <\/span><span style=\"font-weight: 400;\">\u00a0<\/span><a href=\"https:\/\/erasmusoffice.ticaret.edu.tr\/?page_id=863\"><span style=\"font-weight: 400;\">https:\/\/erasmusoffice.ticaret.edu.tr\/?page_id=863<\/span><\/a><span style=\"font-weight: 400;\"> Erasmus S\u00fcrecine ili\u015fkin ak\u0131\u015f \u015femas\u0131 i\u00e7in <a href=\"http:\/\/ticaret.edu.tr\/endustri-muhendisligi\/wp-content\/uploads\/sites\/21\/2022\/10\/EK-2.-ERASMUS-sureci-is-akis-semasi.pdf\">t\u0131klay\u0131n\u0131z.<\/a><\/span><\/p>\n<table style=\"height: 97px;\" width=\"628\">\n<tbody>\n<tr>\n<td><b>Ba\u015flang\u0131\u00e7 Y\u0131l\u0131<\/b><\/td>\n<td><b>Biti\u015f Y\u0131l\u0131<\/b><\/td>\n<td><b>\u00dclke<\/b><\/td>\n<td><b>\u015eehir<\/b><\/td>\n<td><b>\u00dcniversite<\/b><\/td>\n<\/tr>\n<tr>\n<td><span style=\"font-weight: 400;\">2014<\/span><\/td>\n<td><span style=\"font-weight: 400;\">2023<\/span><\/td>\n<td><span style=\"font-weight: 400;\">Almanya<\/span><\/td>\n<td><span style=\"font-weight: 400;\">Anhalt<\/span><\/td>\n<td><span style=\"font-weight: 400;\">Anhalt University of Applied Sciences<\/span><\/td>\n<\/tr>\n<tr>\n<td><span style=\"font-weight: 400;\">2014<\/span><\/td>\n<td><span style=\"font-weight: 400;\">2023<\/span><\/td>\n<td><span style=\"font-weight: 400;\">Portekiz<\/span><\/td>\n<td><span style=\"font-weight: 400;\">Aveiro<\/span><\/td>\n<td><span style=\"font-weight: 400;\">UNIVERSIDADE DE AVEIRO<\/span><\/td>\n<\/tr>\n<\/tbody>\n<\/table>\n<p>&nbsp;<\/p>\n","protected":false},"excerpt":{"rendered":"<p>End\u00fcstri M\u00fchendisli\u011fi B\u00f6l\u00fcm\u00fc taraf\u0131ndan ikili anla\u015fma yap\u0131lan kurumlar\u0131n listesi a\u015fa\u011f\u0131da verilmi\u015ftir. Ayr\u0131ca bu liste https:\/\/app.erasmus.ticaret.edu.tr\/tr\/euc-agreements\/list adresinde ilan edilmi\u015ftir. \u00a0https:\/\/erasmusoffice.ticaret.edu.tr\/?page_id=863 Erasmus S\u00fcrecine ili\u015fkin ak\u0131\u015f \u015femas\u0131 i\u00e7in t\u0131klay\u0131n\u0131z. Ba\u015flang\u0131\u00e7 Y\u0131l\u0131 Biti\u015f Y\u0131l\u0131 \u00dclke \u015eehir \u00dcniversite 2014 2023 Almanya Anhalt Anhalt University of Applied Sciences 2014 2023 Portekiz Aveiro UNIVERSIDADE DE AVEIRO &nbsp;<\/p>\n","protected":false},"author":149,"featured_media":0,"parent":0,"menu_order":0,"comment_status":"closed","ping_status":"closed","template":"genel_sayfa.php","meta":{"footnotes":""},"yoast_head":"<!-- This site is optimized with the Yoast SEO Premium plugin v22.1 (Yoast SEO v22.1) - https:\/\/yoast.com\/wordpress\/plugins\/seo\/ -->\n<title>\u00d6\u011eRENC\u0130 DE\u011e\u0130\u015e\u0130M PROGRAMLARI \/ ERASMUS - End\u00fcstri M\u00fchendisli\u011fi<\/title>\n<meta name=\"robots\" content=\"index, follow, max-snippet:-1, max-image-preview:large, max-video-preview:-1\" \/>\n<link rel=\"canonical\" href=\"http:\/\/ticaret.edu.tr\/endustri-muhendisligi\/lisans-ogrenci-degisim-programlari-erasmus\/\" \/>\n<meta property=\"og:locale\" content=\"tr_TR\" \/>\n<meta property=\"og:type\" content=\"article\" \/>\n<meta property=\"og:title\" content=\"\u00d6\u011eRENC\u0130 DE\u011e\u0130\u015e\u0130M PROGRAMLARI \/ ERASMUS\" \/>\n<meta property=\"og:description\" content=\"End\u00fcstri M\u00fchendisli\u011fi B\u00f6l\u00fcm\u00fc taraf\u0131ndan ikili anla\u015fma yap\u0131lan kurumlar\u0131n listesi a\u015fa\u011f\u0131da verilmi\u015ftir. Ayr\u0131ca bu liste https:\/\/app.erasmus.ticaret.edu.tr\/tr\/euc-agreements\/list adresinde ilan edilmi\u015ftir. \u00a0https:\/\/erasmusoffice.ticaret.edu.tr\/?page_id=863 Erasmus S\u00fcrecine ili\u015fkin ak\u0131\u015f \u015femas\u0131 i\u00e7in t\u0131klay\u0131n\u0131z. Ba\u015flang\u0131\u00e7 Y\u0131l\u0131 Biti\u015f Y\u0131l\u0131 \u00dclke \u015eehir \u00dcniversite 2014 2023 Almanya Anhalt Anhalt University of Applied Sciences 2014 2023 Portekiz Aveiro UNIVERSIDADE DE AVEIRO &nbsp;\" \/>\n<meta property=\"og:url\" content=\"http:\/\/ticaret.edu.tr\/endustri-muhendisligi\/lisans-ogrenci-degisim-programlari-erasmus\/\" \/>\n<meta property=\"og:site_name\" content=\"End\u00fcstri M\u00fchendisli\u011fi\" \/>\n<meta property=\"article:publisher\" content=\"https:\/\/www.facebook.com\/ticaretedutr\" \/>\n<meta property=\"article:modified_time\" content=\"2025-03-10T09:04:08+00:00\" \/>\n<meta property=\"og:image\" content=\"http:\/\/ticaret.edu.tr\/endustri-muhendisligi\/wp-content\/uploads\/sites\/21\/2021\/11\/web_logo-01.jpg\" \/>\n\t<meta property=\"og:image:width\" content=\"1250\" \/>\n\t<meta property=\"og:image:height\" content=\"833\" \/>\n\t<meta property=\"og:image:type\" content=\"image\/jpeg\" \/>\n<meta name=\"twitter:card\" content=\"summary_large_image\" \/>\n<meta name=\"twitter:site\" content=\"@ticaretedutr\" \/>\n<meta name=\"twitter:label1\" content=\"Tahmini okuma s\u00fcresi\" \/>\n\t<meta name=\"twitter:data1\" content=\"1 dakika\" \/>\n<script type=\"application\/ld+json\" class=\"yoast-schema-graph\">{\"@context\":\"https:\/\/schema.org\",\"@graph\":[{\"@type\":\"WebPage\",\"@id\":\"http:\/\/ticaret.edu.tr\/endustri-muhendisligi\/lisans-ogrenci-degisim-programlari-erasmus\/\",\"url\":\"http:\/\/ticaret.edu.tr\/endustri-muhendisligi\/lisans-ogrenci-degisim-programlari-erasmus\/\",\"name\":\"\u00d6\u011eRENC\u0130 DE\u011e\u0130\u015e\u0130M PROGRAMLARI \/ ERASMUS - End\u00fcstri M\u00fchendisli\u011fi\",\"isPartOf\":{\"@id\":\"https:\/\/ticaret.edu.tr\/endustri-muhendisligi\/en\/#website\"},\"datePublished\":\"2022-10-13T11:34:37+00:00\",\"dateModified\":\"2025-03-10T09:04:08+00:00\",\"breadcrumb\":{\"@id\":\"http:\/\/ticaret.edu.tr\/endustri-muhendisligi\/lisans-ogrenci-degisim-programlari-erasmus\/#breadcrumb\"},\"inLanguage\":\"tr\",\"potentialAction\":[{\"@type\":\"ReadAction\",\"target\":[\"http:\/\/ticaret.edu.tr\/endustri-muhendisligi\/lisans-ogrenci-degisim-programlari-erasmus\/\"]}]},{\"@type\":\"BreadcrumbList\",\"@id\":\"http:\/\/ticaret.edu.tr\/endustri-muhendisligi\/lisans-ogrenci-degisim-programlari-erasmus\/#breadcrumb\",\"itemListElement\":[{\"@type\":\"ListItem\",\"position\":1,\"name\":\"Ana sayfa\",\"item\":\"http:\/\/ticaret.edu.tr\/endustri-muhendisligi\/\"},{\"@type\":\"ListItem\",\"position\":2,\"name\":\"\u00d6\u011eRENC\u0130 DE\u011e\u0130\u015e\u0130M PROGRAMLARI \/ ERASMUS\"}]},{\"@type\":\"WebSite\",\"@id\":\"https:\/\/ticaret.edu.tr\/endustri-muhendisligi\/en\/#website\",\"url\":\"https:\/\/ticaret.edu.tr\/endustri-muhendisligi\/en\/\",\"name\":\"End\u00fcstri M\u00fchendisli\u011fi\",\"description\":\"\",\"potentialAction\":[{\"@type\":\"SearchAction\",\"target\":{\"@type\":\"EntryPoint\",\"urlTemplate\":\"https:\/\/ticaret.edu.tr\/endustri-muhendisligi\/en\/?s={search_term_string}\"},\"query-input\":\"required name=search_term_string\"}],\"inLanguage\":\"tr\"}]}<\/script>\n<!-- \/ Yoast SEO Premium plugin. -->","yoast_head_json":{"title":"\u00d6\u011eRENC\u0130 DE\u011e\u0130\u015e\u0130M PROGRAMLARI \/ ERASMUS - End\u00fcstri M\u00fchendisli\u011fi","robots":{"index":"index","follow":"follow","max-snippet":"max-snippet:-1","max-image-preview":"max-image-preview:large","max-video-preview":"max-video-preview:-1"},"canonical":"http:\/\/ticaret.edu.tr\/endustri-muhendisligi\/lisans-ogrenci-degisim-programlari-erasmus\/","og_locale":"tr_TR","og_type":"article","og_title":"\u00d6\u011eRENC\u0130 DE\u011e\u0130\u015e\u0130M PROGRAMLARI \/ ERASMUS","og_description":"End\u00fcstri M\u00fchendisli\u011fi B\u00f6l\u00fcm\u00fc taraf\u0131ndan ikili anla\u015fma yap\u0131lan kurumlar\u0131n listesi a\u015fa\u011f\u0131da verilmi\u015ftir. Ayr\u0131ca bu liste https:\/\/app.erasmus.ticaret.edu.tr\/tr\/euc-agreements\/list adresinde ilan edilmi\u015ftir. \u00a0https:\/\/erasmusoffice.ticaret.edu.tr\/?page_id=863 Erasmus S\u00fcrecine ili\u015fkin ak\u0131\u015f \u015femas\u0131 i\u00e7in t\u0131klay\u0131n\u0131z. Ba\u015flang\u0131\u00e7 Y\u0131l\u0131 Biti\u015f Y\u0131l\u0131 \u00dclke \u015eehir \u00dcniversite 2014 2023 Almanya Anhalt Anhalt University of Applied Sciences 2014 2023 Portekiz Aveiro UNIVERSIDADE DE AVEIRO &nbsp;","og_url":"http:\/\/ticaret.edu.tr\/endustri-muhendisligi\/lisans-ogrenci-degisim-programlari-erasmus\/","og_site_name":"End\u00fcstri M\u00fchendisli\u011fi","article_publisher":"https:\/\/www.facebook.com\/ticaretedutr","article_modified_time":"2025-03-10T09:04:08+00:00","og_image":[{"width":1250,"height":833,"url":"http:\/\/ticaret.edu.tr\/endustri-muhendisligi\/wp-content\/uploads\/sites\/21\/2021\/11\/web_logo-01.jpg","type":"image\/jpeg"}],"twitter_card":"summary_large_image","twitter_site":"@ticaretedutr","twitter_misc":{"Tahmini okuma s\u00fcresi":"1 dakika"},"schema":{"@context":"https:\/\/schema.org","@graph":[{"@type":"WebPage","@id":"http:\/\/ticaret.edu.tr\/endustri-muhendisligi\/lisans-ogrenci-degisim-programlari-erasmus\/","url":"http:\/\/ticaret.edu.tr\/endustri-muhendisligi\/lisans-ogrenci-degisim-programlari-erasmus\/","name":"\u00d6\u011eRENC\u0130 DE\u011e\u0130\u015e\u0130M PROGRAMLARI \/ ERASMUS - End\u00fcstri M\u00fchendisli\u011fi","isPartOf":{"@id":"https:\/\/ticaret.edu.tr\/endustri-muhendisligi\/en\/#website"},"datePublished":"2022-10-13T11:34:37+00:00","dateModified":"2025-03-10T09:04:08+00:00","breadcrumb":{"@id":"http:\/\/ticaret.edu.tr\/endustri-muhendisligi\/lisans-ogrenci-degisim-programlari-erasmus\/#breadcrumb"},"inLanguage":"tr","potentialAction":[{"@type":"ReadAction","target":["http:\/\/ticaret.edu.tr\/endustri-muhendisligi\/lisans-ogrenci-degisim-programlari-erasmus\/"]}]},{"@type":"BreadcrumbList","@id":"http:\/\/ticaret.edu.tr\/endustri-muhendisligi\/lisans-ogrenci-degisim-programlari-erasmus\/#breadcrumb","itemListElement":[{"@type":"ListItem","position":1,"name":"Ana sayfa","item":"http:\/\/ticaret.edu.tr\/endustri-muhendisligi\/"},{"@type":"ListItem","position":2,"name":"\u00d6\u011eRENC\u0130 DE\u011e\u0130\u015e\u0130M PROGRAMLARI \/ ERASMUS"}]},{"@type":"WebSite","@id":"https:\/\/ticaret.edu.tr\/endustri-muhendisligi\/en\/#website","url":"https:\/\/ticaret.edu.tr\/endustri-muhendisligi\/en\/","name":"End\u00fcstri M\u00fchendisli\u011fi","description":"","potentialAction":[{"@type":"SearchAction","target":{"@type":"EntryPoint","urlTemplate":"https:\/\/ticaret.edu.tr\/endustri-muhendisligi\/en\/?s={search_term_string}"},"query-input":"required name=search_term_string"}],"inLanguage":"tr"}]}},"lang":"tr","translations":{"tr":655,"en":1213},"pll_sync_post":[],"_links":{"self":[{"href":"http:\/\/ticaret.edu.tr\/endustri-muhendisligi\/wp-json\/wp\/v2\/pages\/655"}],"collection":[{"href":"http:\/\/ticaret.edu.tr\/endustri-muhendisligi\/wp-json\/wp\/v2\/pages"}],"about":[{"href":"http:\/\/ticaret.edu.tr\/endustri-muhendisligi\/wp-json\/wp\/v2\/types\/page"}],"author":[{"embeddable":true,"href":"http:\/\/ticaret.edu.tr\/endustri-muhendisligi\/wp-json\/wp\/v2\/users\/149"}],"replies":[{"embeddable":true,"href":"http:\/\/ticaret.edu.tr\/endustri-muhendisligi\/wp-json\/wp\/v2\/comments?post=655"}],"version-history":[{"count":13,"href":"http:\/\/ticaret.edu.tr\/endustri-muhendisligi\/wp-json\/wp\/v2\/pages\/655\/revisions"}],"predecessor-version":[{"id":1389,"href":"http:\/\/ticaret.edu.tr\/endustri-muhendisligi\/wp-json\/wp\/v2\/pages\/655\/revisions\/1389"}],"wp:attachment":[{"href":"http:\/\/ticaret.edu.tr\/endustri-muhendisligi\/wp-json\/wp\/v2\/media?parent=655"}],"curies":[{"name":"wp","href":"https:\/\/api.w.org\/{rel}","templated":true}]}}