{"id":686,"date":"2022-10-13T14:51:33","date_gmt":"2022-10-13T11:51:33","guid":{"rendered":"https:\/\/ticaret.edu.tr\/endustri-muhendisligi\/?page_id=686"},"modified":"2025-02-17T10:57:05","modified_gmt":"2025-02-17T07:57:05","slug":"laboratuvarlar","status":"publish","type":"page","link":"http:\/\/ticaret.edu.tr\/endustri-muhendisligi\/laboratuvarlar\/","title":{"rendered":"LABORATUVARLAR"},"content":{"rendered":"<div class=\"table-responsive\">\n<table class=\"table\">\n<tbody>\n<tr>\n<td colspan=\"10\" width=\"593\">\n<p style=\"text-align: center;\"><strong>K\u00dc\u00c7\u00dcKYALI YERLE\u015eKES\u0130 B\u0130LG\u0130SAYAR LABORATUVARLARI<\/strong><\/p>\n<p><strong>\u00a0<\/strong><\/td>\n<\/tr>\n<tr>\n<td width=\"35\"><strong>Blok<\/strong><\/td>\n<td width=\"53\"><strong>S\u0131n\u0131f<\/strong><\/td>\n<td width=\"42\"><strong>Pc Say\u0131s\u0131<\/strong><\/td>\n<td width=\"59\"><strong>Pc Model<\/strong><\/td>\n<td width=\"62\"><strong>\u0130\u015flemci<\/strong><\/td>\n<td width=\"40\"><strong>HDD<\/strong><\/td>\n<td width=\"54\"><strong>Ekran Kart\u0131<\/strong><\/td>\n<td width=\"47\"><strong>Ram Bellek<\/strong><\/td>\n<td width=\"84\"><strong>A\u00e7\u0131klama<\/strong><\/td>\n<td width=\"117\"><strong>Kullan\u0131lan Programlar<\/strong><\/td>\n<\/tr>\n<tr>\n<td width=\"35\"><strong>A<\/strong><\/td>\n<td width=\"53\"><strong>LAB223<\/strong><\/td>\n<td width=\"42\"><strong>9<\/strong><\/td>\n<td width=\"59\"><strong>9 Hp elite 8100\u00a0 <\/strong><\/td>\n<td width=\"62\"><strong>\u0130ntel Core i5 CPU 3.20GHz<\/strong><\/td>\n<td width=\"40\"><strong>320 GB HDD<\/strong><\/td>\n<td width=\"54\"><strong>9 adet 1 GB DDR3<\/strong><\/td>\n<td width=\"47\"><strong>8GB DDR3 RAM<\/strong><\/td>\n<td width=\"84\"><strong>\u0130nternet Lab.<\/strong><\/td>\n<td width=\"117\"><strong>\u0130nternet i\u00e7in kullan\u0131lan laboratuvar<\/strong><\/td>\n<\/tr>\n<tr>\n<td width=\"35\"><strong>A<\/strong><\/td>\n<td width=\"53\"><strong>LAB128<\/strong><\/td>\n<td width=\"42\"><strong>20<\/strong><\/td>\n<td width=\"59\"><strong>20 Hp elite 8100\u00a0 <\/strong><\/td>\n<td width=\"62\"><strong>\u0130ntel Core i5 CPU 3.20GHz<\/strong><\/td>\n<td width=\"40\"><strong>320 GB HDD<\/strong><\/td>\n<td width=\"54\"><strong>20 adet 1 GB DDR3<\/strong><\/td>\n<td width=\"47\"><strong>8GB DDR3 RAM<\/strong><\/td>\n<td width=\"84\"><strong>Language Lab. ( \u0130ngilizce Haz\u0131rl\u0131k )<\/strong><\/td>\n<td width=\"117\"><strong>\u0130nternet i\u00e7in kullan\u0131lan laboratuvar<\/strong><\/td>\n<\/tr>\n<tr>\n<td width=\"35\"><strong>A<\/strong><\/td>\n<td width=\"53\"><strong>LAB224<\/strong><\/td>\n<td width=\"42\"><strong>26<\/strong><\/td>\n<td width=\"59\"><strong>Hp elite 8100 <\/strong><\/td>\n<td width=\"62\"><strong>\u0130ntel Core i5 CPU 3.20GHz<\/strong><\/td>\n<td width=\"40\"><strong>250 GB SSD<\/strong><\/td>\n<td width=\"54\"><strong>2 GB DDR3<\/strong><\/td>\n<td width=\"47\"><strong>8GB DDR3 RAM<\/strong><\/td>\n<td width=\"84\"><strong>Ortak laboratuvarlar<\/strong><\/td>\n<td width=\"117\"><strong>\u00a0Visual Studio, Android Studio, Matlab, Spss, Python, Jetbrains, NetBeans, Eclipse, R, <\/strong><\/td>\n<\/tr>\n<tr>\n<td width=\"35\"><strong>A<\/strong><\/td>\n<td width=\"53\"><strong>LAB234<\/strong><\/td>\n<td width=\"42\"><strong>19<\/strong><\/td>\n<td width=\"59\"><strong>Casper Pro<\/strong><\/td>\n<td width=\"62\"><strong>\u0130ntel Core i5 CPU 3.20 GHz<\/strong><\/td>\n<td width=\"40\"><strong>250 GB SSD<\/strong><\/td>\n<td width=\"54\"><strong>4 GB DDR3<\/strong><\/td>\n<td width=\"47\"><strong>\u00a016GB DDR3 RAM<\/strong><\/td>\n<td width=\"84\"><strong>Ortak laboratuvarlar<\/strong><\/td>\n<td width=\"117\"><strong>Ned Graphics, Photoshop, In Desing, Illistrator, Penolope<\/strong><\/td>\n<\/tr>\n<tr>\n<td width=\"35\"><strong>C<\/strong><\/td>\n<td width=\"53\"><strong>LAB206<\/strong><\/td>\n<td width=\"42\"><strong>20<\/strong><\/td>\n<td width=\"59\"><strong>Hp elite 8100 <\/strong><\/td>\n<td width=\"62\"><strong>\u0130ntel Core i5 CPU 3.20GHz<\/strong><\/td>\n<td width=\"40\"><strong>250 GB SSD<\/strong><\/td>\n<td width=\"54\"><strong>2 GB DDR3<\/strong><\/td>\n<td width=\"47\"><strong>8GB DDR3 RAM<\/strong><\/td>\n<td width=\"84\"><strong>Ortak laboratuvarlar<\/strong><\/td>\n<td width=\"117\"><strong>ProModel, Arena, Dev C++, Spss, Matlab, AutoCad, 3D Max, SolidWorks, Enterprise Model, Gams, \u00a0Revit<\/strong><\/td>\n<\/tr>\n<tr>\n<td width=\"35\"><strong>A<\/strong><\/td>\n<td width=\"53\"><strong>LAB229<\/strong><\/td>\n<td width=\"42\"><strong>17<\/strong><\/td>\n<td width=\"59\"><strong>Hp elite 8100 <\/strong><\/td>\n<td width=\"62\"><strong>\u0130ntel Core i5 CPU 3.20GHz<\/strong><\/td>\n<td width=\"40\"><strong>320 GB HDD<\/strong><\/td>\n<td width=\"54\"><strong>1 GB DDR3<\/strong><\/td>\n<td width=\"47\"><strong>8GB DDR3 RAM<\/strong><\/td>\n<td width=\"84\"><strong>C\u0130M Lab. Ve Fizik Lab.<\/strong><\/td>\n<td width=\"117\"><strong>Fizik derslerinin i\u015flendi\u011fi laboratuvar<\/strong><\/td>\n<\/tr>\n<tr>\n<td width=\"35\"><strong>A<\/strong><\/td>\n<td width=\"53\"><strong>LAB233<\/strong><\/td>\n<td width=\"42\"><strong>31<\/strong><\/td>\n<td width=\"59\"><strong>Hp elite 8100 <\/strong><\/td>\n<td width=\"62\"><strong>\u0130ntel Core i5 CPU 3.20GHz<\/strong><\/td>\n<td width=\"40\"><strong>250 GB SSD<\/strong><\/td>\n<td width=\"54\"><strong>17 adet 2 GB DDR3 , 14 adet 1GB DDR3<\/strong><\/td>\n<td width=\"47\"><strong>8GB DDR3 RAM<\/strong><\/td>\n<td width=\"84\"><strong>Ortak laboratuvarlar<\/strong><\/td>\n<td width=\"117\"><strong>Autocad, 3D Max, Revit, Visual Studio, Android Studio, Matlab, Spss, Python, Jetbrains, NetBeans, ProModel, Unity, Arena, Dev C++, Photoshop, In Desing, Illistrator<\/strong><\/td>\n<\/tr>\n<tr>\n<td width=\"35\"><strong>C<\/strong><\/td>\n<td width=\"53\"><strong>TTO<\/strong><\/td>\n<td width=\"42\"><strong>20<\/strong><\/td>\n<td width=\"59\"><strong>Hp EliteOne 800 G4 23.8&#8243;<\/strong><\/td>\n<td width=\"62\"><strong>\u0130ntel Core i7 8700 CPU 3.20 GHz<\/strong><\/td>\n<td width=\"40\"><strong>1 TB SSD<\/strong><\/td>\n<td width=\"54\"><strong>Intel\u00ae UHD 630<\/strong><\/td>\n<td width=\"47\"><strong>16 GB DDR5 RAM<\/strong><\/td>\n<td width=\"84\"><strong>Teknoloji Transfer Ofisi Lab.<\/strong><\/td>\n<td width=\"117\"><strong>Revit, Autocad, 3D Max<\/strong><\/td>\n<\/tr>\n<\/tbody>\n<\/table>\n<\/div>\n","protected":false},"excerpt":{"rendered":"<p>K\u00dc\u00c7\u00dcKYALI YERLE\u015eKES\u0130 B\u0130LG\u0130SAYAR LABORATUVARLARI \u00a0 Blok S\u0131n\u0131f Pc Say\u0131s\u0131 Pc Model \u0130\u015flemci HDD Ekran Kart\u0131 Ram Bellek A\u00e7\u0131klama Kullan\u0131lan Programlar A LAB223 9 9 Hp elite 8100\u00a0 \u0130ntel Core i5 CPU 3.20GHz 320 GB HDD 9 adet 1 GB DDR3 8GB DDR3 RAM \u0130nternet Lab. \u0130nternet i\u00e7in kullan\u0131lan laboratuvar A LAB128 20 20 Hp elite [&hellip;]<\/p>\n","protected":false},"author":149,"featured_media":0,"parent":0,"menu_order":0,"comment_status":"closed","ping_status":"closed","template":"genel_sayfa.php","meta":{"footnotes":""},"yoast_head":"<!-- This site is optimized with the Yoast SEO Premium plugin v22.1 (Yoast SEO v22.1) - https:\/\/yoast.com\/wordpress\/plugins\/seo\/ -->\n<title>LABORATUVARLAR - End\u00fcstri M\u00fchendisli\u011fi<\/title>\n<meta name=\"robots\" content=\"index, follow, max-snippet:-1, max-image-preview:large, max-video-preview:-1\" \/>\n<link rel=\"canonical\" href=\"http:\/\/ticaret.edu.tr\/endustri-muhendisligi\/laboratuvarlar\/\" \/>\n<meta property=\"og:locale\" content=\"tr_TR\" \/>\n<meta property=\"og:type\" content=\"article\" \/>\n<meta property=\"og:title\" content=\"LABORATUVARLAR\" \/>\n<meta property=\"og:description\" content=\"K\u00dc\u00c7\u00dcKYALI YERLE\u015eKES\u0130 B\u0130LG\u0130SAYAR LABORATUVARLARI \u00a0 Blok S\u0131n\u0131f Pc Say\u0131s\u0131 Pc Model \u0130\u015flemci HDD Ekran Kart\u0131 Ram Bellek A\u00e7\u0131klama Kullan\u0131lan Programlar A LAB223 9 9 Hp elite 8100\u00a0 \u0130ntel Core i5 CPU 3.20GHz 320 GB HDD 9 adet 1 GB DDR3 8GB DDR3 RAM \u0130nternet Lab. \u0130nternet i\u00e7in kullan\u0131lan laboratuvar A LAB128 20 20 Hp elite [&hellip;]\" \/>\n<meta property=\"og:url\" content=\"http:\/\/ticaret.edu.tr\/endustri-muhendisligi\/laboratuvarlar\/\" \/>\n<meta property=\"og:site_name\" content=\"End\u00fcstri M\u00fchendisli\u011fi\" \/>\n<meta property=\"article:publisher\" content=\"https:\/\/www.facebook.com\/ticaretedutr\" \/>\n<meta property=\"article:modified_time\" content=\"2025-02-17T07:57:05+00:00\" \/>\n<meta property=\"og:image\" content=\"http:\/\/ticaret.edu.tr\/endustri-muhendisligi\/wp-content\/uploads\/sites\/21\/2021\/11\/web_logo-01.jpg\" \/>\n\t<meta property=\"og:image:width\" content=\"1250\" \/>\n\t<meta property=\"og:image:height\" content=\"833\" \/>\n\t<meta property=\"og:image:type\" content=\"image\/jpeg\" \/>\n<meta name=\"twitter:card\" content=\"summary_large_image\" \/>\n<meta name=\"twitter:site\" content=\"@ticaretedutr\" \/>\n<meta name=\"twitter:label1\" content=\"Tahmini okuma s\u00fcresi\" \/>\n\t<meta name=\"twitter:data1\" content=\"2 dakika\" \/>\n<script type=\"application\/ld+json\" class=\"yoast-schema-graph\">{\"@context\":\"https:\/\/schema.org\",\"@graph\":[{\"@type\":\"WebPage\",\"@id\":\"http:\/\/ticaret.edu.tr\/endustri-muhendisligi\/laboratuvarlar\/\",\"url\":\"http:\/\/ticaret.edu.tr\/endustri-muhendisligi\/laboratuvarlar\/\",\"name\":\"LABORATUVARLAR - End\u00fcstri M\u00fchendisli\u011fi\",\"isPartOf\":{\"@id\":\"https:\/\/ticaret.edu.tr\/endustri-muhendisligi\/en\/#website\"},\"datePublished\":\"2022-10-13T11:51:33+00:00\",\"dateModified\":\"2025-02-17T07:57:05+00:00\",\"breadcrumb\":{\"@id\":\"http:\/\/ticaret.edu.tr\/endustri-muhendisligi\/laboratuvarlar\/#breadcrumb\"},\"inLanguage\":\"tr\",\"potentialAction\":[{\"@type\":\"ReadAction\",\"target\":[\"http:\/\/ticaret.edu.tr\/endustri-muhendisligi\/laboratuvarlar\/\"]}]},{\"@type\":\"BreadcrumbList\",\"@id\":\"http:\/\/ticaret.edu.tr\/endustri-muhendisligi\/laboratuvarlar\/#breadcrumb\",\"itemListElement\":[{\"@type\":\"ListItem\",\"position\":1,\"name\":\"Ana sayfa\",\"item\":\"http:\/\/ticaret.edu.tr\/endustri-muhendisligi\/\"},{\"@type\":\"ListItem\",\"position\":2,\"name\":\"LABORATUVARLAR\"}]},{\"@type\":\"WebSite\",\"@id\":\"https:\/\/ticaret.edu.tr\/endustri-muhendisligi\/en\/#website\",\"url\":\"https:\/\/ticaret.edu.tr\/endustri-muhendisligi\/en\/\",\"name\":\"End\u00fcstri M\u00fchendisli\u011fi\",\"description\":\"\",\"potentialAction\":[{\"@type\":\"SearchAction\",\"target\":{\"@type\":\"EntryPoint\",\"urlTemplate\":\"https:\/\/ticaret.edu.tr\/endustri-muhendisligi\/en\/?s={search_term_string}\"},\"query-input\":\"required name=search_term_string\"}],\"inLanguage\":\"tr\"}]}<\/script>\n<!-- \/ Yoast SEO Premium plugin. -->","yoast_head_json":{"title":"LABORATUVARLAR - End\u00fcstri M\u00fchendisli\u011fi","robots":{"index":"index","follow":"follow","max-snippet":"max-snippet:-1","max-image-preview":"max-image-preview:large","max-video-preview":"max-video-preview:-1"},"canonical":"http:\/\/ticaret.edu.tr\/endustri-muhendisligi\/laboratuvarlar\/","og_locale":"tr_TR","og_type":"article","og_title":"LABORATUVARLAR","og_description":"K\u00dc\u00c7\u00dcKYALI YERLE\u015eKES\u0130 B\u0130LG\u0130SAYAR LABORATUVARLARI \u00a0 Blok S\u0131n\u0131f Pc Say\u0131s\u0131 Pc Model \u0130\u015flemci HDD Ekran Kart\u0131 Ram Bellek A\u00e7\u0131klama Kullan\u0131lan Programlar A LAB223 9 9 Hp elite 8100\u00a0 \u0130ntel Core i5 CPU 3.20GHz 320 GB HDD 9 adet 1 GB DDR3 8GB DDR3 RAM \u0130nternet Lab. \u0130nternet i\u00e7in kullan\u0131lan laboratuvar A LAB128 20 20 Hp elite [&hellip;]","og_url":"http:\/\/ticaret.edu.tr\/endustri-muhendisligi\/laboratuvarlar\/","og_site_name":"End\u00fcstri M\u00fchendisli\u011fi","article_publisher":"https:\/\/www.facebook.com\/ticaretedutr","article_modified_time":"2025-02-17T07:57:05+00:00","og_image":[{"width":1250,"height":833,"url":"http:\/\/ticaret.edu.tr\/endustri-muhendisligi\/wp-content\/uploads\/sites\/21\/2021\/11\/web_logo-01.jpg","type":"image\/jpeg"}],"twitter_card":"summary_large_image","twitter_site":"@ticaretedutr","twitter_misc":{"Tahmini okuma s\u00fcresi":"2 dakika"},"schema":{"@context":"https:\/\/schema.org","@graph":[{"@type":"WebPage","@id":"http:\/\/ticaret.edu.tr\/endustri-muhendisligi\/laboratuvarlar\/","url":"http:\/\/ticaret.edu.tr\/endustri-muhendisligi\/laboratuvarlar\/","name":"LABORATUVARLAR - End\u00fcstri M\u00fchendisli\u011fi","isPartOf":{"@id":"https:\/\/ticaret.edu.tr\/endustri-muhendisligi\/en\/#website"},"datePublished":"2022-10-13T11:51:33+00:00","dateModified":"2025-02-17T07:57:05+00:00","breadcrumb":{"@id":"http:\/\/ticaret.edu.tr\/endustri-muhendisligi\/laboratuvarlar\/#breadcrumb"},"inLanguage":"tr","potentialAction":[{"@type":"ReadAction","target":["http:\/\/ticaret.edu.tr\/endustri-muhendisligi\/laboratuvarlar\/"]}]},{"@type":"BreadcrumbList","@id":"http:\/\/ticaret.edu.tr\/endustri-muhendisligi\/laboratuvarlar\/#breadcrumb","itemListElement":[{"@type":"ListItem","position":1,"name":"Ana sayfa","item":"http:\/\/ticaret.edu.tr\/endustri-muhendisligi\/"},{"@type":"ListItem","position":2,"name":"LABORATUVARLAR"}]},{"@type":"WebSite","@id":"https:\/\/ticaret.edu.tr\/endustri-muhendisligi\/en\/#website","url":"https:\/\/ticaret.edu.tr\/endustri-muhendisligi\/en\/","name":"End\u00fcstri M\u00fchendisli\u011fi","description":"","potentialAction":[{"@type":"SearchAction","target":{"@type":"EntryPoint","urlTemplate":"https:\/\/ticaret.edu.tr\/endustri-muhendisligi\/en\/?s={search_term_string}"},"query-input":"required name=search_term_string"}],"inLanguage":"tr"}]}},"lang":"tr","translations":{"tr":686,"en":1236},"pll_sync_post":[],"_links":{"self":[{"href":"http:\/\/ticaret.edu.tr\/endustri-muhendisligi\/wp-json\/wp\/v2\/pages\/686"}],"collection":[{"href":"http:\/\/ticaret.edu.tr\/endustri-muhendisligi\/wp-json\/wp\/v2\/pages"}],"about":[{"href":"http:\/\/ticaret.edu.tr\/endustri-muhendisligi\/wp-json\/wp\/v2\/types\/page"}],"author":[{"embeddable":true,"href":"http:\/\/ticaret.edu.tr\/endustri-muhendisligi\/wp-json\/wp\/v2\/users\/149"}],"replies":[{"embeddable":true,"href":"http:\/\/ticaret.edu.tr\/endustri-muhendisligi\/wp-json\/wp\/v2\/comments?post=686"}],"version-history":[{"count":1,"href":"http:\/\/ticaret.edu.tr\/endustri-muhendisligi\/wp-json\/wp\/v2\/pages\/686\/revisions"}],"predecessor-version":[{"id":687,"href":"http:\/\/ticaret.edu.tr\/endustri-muhendisligi\/wp-json\/wp\/v2\/pages\/686\/revisions\/687"}],"wp:attachment":[{"href":"http:\/\/ticaret.edu.tr\/endustri-muhendisligi\/wp-json\/wp\/v2\/media?parent=686"}],"curies":[{"name":"wp","href":"https:\/\/api.w.org\/{rel}","templated":true}]}}