{"id":690,"date":"2022-10-13T14:53:16","date_gmt":"2022-10-13T11:53:16","guid":{"rendered":"https:\/\/ticaret.edu.tr\/endustri-muhendisligi\/?page_id=690"},"modified":"2025-10-16T13:46:01","modified_gmt":"2025-10-16T10:46:01","slug":"arastirma-alanlari","status":"publish","type":"page","link":"http:\/\/ticaret.edu.tr\/endustri-muhendisligi\/arastirma-alanlari\/","title":{"rendered":"ARA\u015eTIRMA ALANLARI"},"content":{"rendered":"<p>End\u00fcstri M\u00fchendisli\u011fi Ara\u015ft\u0131rma Alanlar\u0131:<\/p>\n<ul>\n<li data-start=\"2927\" data-end=\"2972\">\n<p data-start=\"313\" data-end=\"354\"><strong>1. \u00dcretim ve Operasyon Sistemleri<\/strong><\/p>\n<ul data-start=\"355\" data-end=\"520\">\n<li data-start=\"355\" data-end=\"406\">\n<p data-start=\"357\" data-end=\"406\">\u00dcretim planlama, \u00e7izelgeleme, kapasite y\u00f6netimi<\/p>\n<\/li>\n<li data-start=\"407\" data-end=\"457\">\n<p data-start=\"409\" data-end=\"457\">Tesis yerle\u015fimi, hat dengeleme, kaynak tahsisi<\/p>\n<\/li>\n<li data-start=\"458\" data-end=\"520\">\n<p data-start=\"460\" data-end=\"520\">End\u00fcstri 4.0, dijital \u00fcretim sistemleri, ak\u0131ll\u0131 fabrikalar<\/p>\n<\/li>\n<\/ul>\n<hr data-start=\"522\" data-end=\"525\" \/>\n<p data-start=\"527\" data-end=\"574\"><strong>2.<\/strong> <strong>Y\u00f6neylem Ara\u015ft\u0131rmas\u0131 ve Optimizasyon<\/strong><\/p>\n<ul data-start=\"575\" data-end=\"753\">\n<li data-start=\"575\" data-end=\"625\">\n<p data-start=\"577\" data-end=\"625\">Do\u011frusal \/ tamsay\u0131l\u0131 programlama, a\u011f modelleri<\/p>\n<\/li>\n<li data-start=\"626\" data-end=\"690\">\n<p data-start=\"628\" data-end=\"690\">Heuristik ve meta-sezgisel algoritmalar (genetik, tabu, vb.)<\/p>\n<\/li>\n<li data-start=\"691\" data-end=\"753\">\n<p data-start=\"693\" data-end=\"753\">Karar destek sistemleri ve \u00e7ok kriterli karar verme (MCDM)<\/p>\n<\/li>\n<\/ul>\n<hr data-start=\"755\" data-end=\"758\" \/>\n<p data-start=\"760\" data-end=\"807\"><strong>3.<\/strong> <strong data-start=\"767\" data-end=\"807\">Tedarik Zinciri ve Lojistik Y\u00f6netimi<\/strong><\/p>\n<ul data-start=\"808\" data-end=\"955\">\n<li data-start=\"808\" data-end=\"852\">\n<p data-start=\"810\" data-end=\"852\">Tedarik zinciri tasar\u0131m\u0131 ve entegrasyonu<\/p>\n<\/li>\n<li data-start=\"853\" data-end=\"906\">\n<p data-start=\"855\" data-end=\"906\">Stok y\u00f6netimi, talep tahmini, da\u011f\u0131t\u0131m ve rotalama<\/p>\n<\/li>\n<li data-start=\"907\" data-end=\"955\">\n<p data-start=\"909\" data-end=\"955\">Ye\u015fil lojistik ve s\u00fcrd\u00fcr\u00fclebilir ta\u015f\u0131mac\u0131l\u0131k<\/p>\n<\/li>\n<\/ul>\n<hr data-start=\"957\" data-end=\"960\" \/>\n<p data-start=\"962\" data-end=\"1001\"><strong>4.<\/strong> <strong data-start=\"969\" data-end=\"1001\">Veri Analiti\u011fi ve Sim\u00fclasyon<\/strong><\/p>\n<ul data-start=\"1002\" data-end=\"1137\">\n<li data-start=\"1002\" data-end=\"1054\">\n<p data-start=\"1004\" data-end=\"1054\">Veri madencili\u011fi, tahminleme ve makine \u00f6\u011frenmesi<\/p>\n<\/li>\n<li data-start=\"1055\" data-end=\"1095\">\n<p data-start=\"1057\" data-end=\"1095\">S\u00fcre\u00e7 sim\u00fclasyonu ve senaryo analizi<\/p>\n<\/li>\n<li data-start=\"1096\" data-end=\"1137\">\n<p data-start=\"1098\" data-end=\"1137\">B\u00fcy\u00fck veriyle operasyon optimizasyonu<\/p>\n<\/li>\n<\/ul>\n<hr data-start=\"1139\" data-end=\"1142\" \/>\n<p data-start=\"1144\" data-end=\"1182\"><strong>5.<\/strong> <strong data-start=\"1151\" data-end=\"1182\">Kalite ve S\u00fcre\u00e7 \u0130yile\u015ftirme<\/strong><\/p>\n<ul data-start=\"1183\" data-end=\"1327\">\n<li data-start=\"1183\" data-end=\"1239\">\n<p data-start=\"1185\" data-end=\"1239\">\u0130statistiksel s\u00fcre\u00e7 kontrol\u00fc, Alt\u0131 Sigma (Six Sigma)<\/p>\n<\/li>\n<li data-start=\"1240\" data-end=\"1272\">\n<p data-start=\"1242\" data-end=\"1272\">Toplam kalite y\u00f6netimi (TQM)<\/p>\n<\/li>\n<li data-start=\"1273\" data-end=\"1327\">\n<p data-start=\"1275\" data-end=\"1327\">S\u00fcre\u00e7 modelleme, yal\u0131n \u00fcretim (Lean Manufacturing)<\/p>\n<\/li>\n<\/ul>\n<hr data-start=\"1329\" data-end=\"1332\" \/>\n<p data-start=\"1334\" data-end=\"1373\"><strong>6.<\/strong> <strong data-start=\"1341\" data-end=\"1373\">\u0130nsan Fakt\u00f6rleri ve Ergonomi<\/strong><\/p>\n<ul data-start=\"1374\" data-end=\"1507\">\n<li data-start=\"1374\" data-end=\"1417\">\n<p data-start=\"1376\" data-end=\"1417\">\u0130nsan-makine etkile\u015fimi ve i\u015f g\u00fcvenli\u011fi<\/p>\n<\/li>\n<li data-start=\"1418\" data-end=\"1464\">\n<p data-start=\"1420\" data-end=\"1464\">Ergonomik sistem tasar\u0131m\u0131, i\u015f y\u00fck\u00fc analizi<\/p>\n<\/li>\n<li data-start=\"1465\" data-end=\"1507\">\n<p data-start=\"1467\" data-end=\"1507\">Bili\u015fsel ergonomi ve performans \u00f6l\u00e7\u00fcm\u00fc<\/p>\n<\/li>\n<\/ul>\n<hr data-start=\"1509\" data-end=\"1512\" \/>\n<p data-start=\"1514\" data-end=\"1563\"><strong>7. S\u00fcrd\u00fcr\u00fclebilirlik ve Enerji Sistemleri<\/strong><\/p>\n<ul data-start=\"1564\" data-end=\"1719\">\n<li data-start=\"1564\" data-end=\"1611\">\n<p data-start=\"1566\" data-end=\"1611\">Enerji verimlili\u011fi, karbon ayak izi analizi<\/p>\n<\/li>\n<li data-start=\"1612\" data-end=\"1661\">\n<p data-start=\"1614\" data-end=\"1661\">Yenilenebilir enerji planlama ve ye\u015fil \u00fcretim<\/p>\n<\/li>\n<li data-start=\"1662\" data-end=\"1719\">\n<p data-start=\"1664\" data-end=\"1719\">D\u00f6ng\u00fcsel ekonomi ve s\u00fcrd\u00fcr\u00fclebilir tedarik zincirleri<\/p>\n<\/li>\n<\/ul>\n<\/li>\n<\/ul>\n","protected":false},"excerpt":{"rendered":"<p>End\u00fcstri M\u00fchendisli\u011fi Ara\u015ft\u0131rma Alanlar\u0131: 1. \u00dcretim ve Operasyon Sistemleri \u00dcretim planlama, \u00e7izelgeleme, kapasite y\u00f6netimi Tesis yerle\u015fimi, hat dengeleme, kaynak tahsisi End\u00fcstri 4.0, dijital \u00fcretim sistemleri, ak\u0131ll\u0131 fabrikalar 2. Y\u00f6neylem Ara\u015ft\u0131rmas\u0131 ve Optimizasyon Do\u011frusal \/ tamsay\u0131l\u0131 programlama, a\u011f modelleri Heuristik ve meta-sezgisel algoritmalar (genetik, tabu, vb.) Karar destek sistemleri ve \u00e7ok kriterli karar verme (MCDM) 3. [&hellip;]<\/p>\n","protected":false},"author":149,"featured_media":0,"parent":0,"menu_order":0,"comment_status":"closed","ping_status":"closed","template":"genel_sayfa.php","meta":{"footnotes":""},"yoast_head":"<!-- This site is optimized with the Yoast SEO Premium plugin v22.1 (Yoast SEO v22.1) - https:\/\/yoast.com\/wordpress\/plugins\/seo\/ -->\n<title>ARA\u015eTIRMA ALANLARI - End\u00fcstri M\u00fchendisli\u011fi<\/title>\n<meta name=\"robots\" content=\"index, follow, max-snippet:-1, max-image-preview:large, max-video-preview:-1\" \/>\n<link rel=\"canonical\" href=\"http:\/\/ticaret.edu.tr\/endustri-muhendisligi\/arastirma-alanlari\/\" \/>\n<meta property=\"og:locale\" content=\"tr_TR\" \/>\n<meta property=\"og:type\" content=\"article\" \/>\n<meta property=\"og:title\" content=\"ARA\u015eTIRMA ALANLARI\" \/>\n<meta property=\"og:description\" content=\"End\u00fcstri M\u00fchendisli\u011fi Ara\u015ft\u0131rma Alanlar\u0131: 1. \u00dcretim ve Operasyon Sistemleri \u00dcretim planlama, \u00e7izelgeleme, kapasite y\u00f6netimi Tesis yerle\u015fimi, hat dengeleme, kaynak tahsisi End\u00fcstri 4.0, dijital \u00fcretim sistemleri, ak\u0131ll\u0131 fabrikalar 2. Y\u00f6neylem Ara\u015ft\u0131rmas\u0131 ve Optimizasyon Do\u011frusal \/ tamsay\u0131l\u0131 programlama, a\u011f modelleri Heuristik ve meta-sezgisel algoritmalar (genetik, tabu, vb.) Karar destek sistemleri ve \u00e7ok kriterli karar verme (MCDM) 3. [&hellip;]\" \/>\n<meta property=\"og:url\" content=\"http:\/\/ticaret.edu.tr\/endustri-muhendisligi\/arastirma-alanlari\/\" \/>\n<meta property=\"og:site_name\" content=\"End\u00fcstri M\u00fchendisli\u011fi\" \/>\n<meta property=\"article:publisher\" content=\"https:\/\/www.facebook.com\/ticaretedutr\" \/>\n<meta property=\"article:modified_time\" content=\"2025-10-16T10:46:01+00:00\" \/>\n<meta property=\"og:image\" content=\"http:\/\/ticaret.edu.tr\/endustri-muhendisligi\/wp-content\/uploads\/sites\/21\/2021\/11\/web_logo-01.jpg\" \/>\n\t<meta property=\"og:image:width\" content=\"1250\" \/>\n\t<meta property=\"og:image:height\" content=\"833\" \/>\n\t<meta property=\"og:image:type\" content=\"image\/jpeg\" \/>\n<meta name=\"twitter:card\" content=\"summary_large_image\" \/>\n<meta name=\"twitter:site\" content=\"@ticaretedutr\" \/>\n<meta name=\"twitter:label1\" content=\"Tahmini okuma s\u00fcresi\" \/>\n\t<meta name=\"twitter:data1\" content=\"1 dakika\" \/>\n<script type=\"application\/ld+json\" class=\"yoast-schema-graph\">{\"@context\":\"https:\/\/schema.org\",\"@graph\":[{\"@type\":\"WebPage\",\"@id\":\"http:\/\/ticaret.edu.tr\/endustri-muhendisligi\/arastirma-alanlari\/\",\"url\":\"http:\/\/ticaret.edu.tr\/endustri-muhendisligi\/arastirma-alanlari\/\",\"name\":\"ARA\u015eTIRMA ALANLARI - End\u00fcstri M\u00fchendisli\u011fi\",\"isPartOf\":{\"@id\":\"https:\/\/ticaret.edu.tr\/endustri-muhendisligi\/en\/#website\"},\"datePublished\":\"2022-10-13T11:53:16+00:00\",\"dateModified\":\"2025-10-16T10:46:01+00:00\",\"breadcrumb\":{\"@id\":\"http:\/\/ticaret.edu.tr\/endustri-muhendisligi\/arastirma-alanlari\/#breadcrumb\"},\"inLanguage\":\"tr\",\"potentialAction\":[{\"@type\":\"ReadAction\",\"target\":[\"http:\/\/ticaret.edu.tr\/endustri-muhendisligi\/arastirma-alanlari\/\"]}]},{\"@type\":\"BreadcrumbList\",\"@id\":\"http:\/\/ticaret.edu.tr\/endustri-muhendisligi\/arastirma-alanlari\/#breadcrumb\",\"itemListElement\":[{\"@type\":\"ListItem\",\"position\":1,\"name\":\"Ana sayfa\",\"item\":\"http:\/\/ticaret.edu.tr\/endustri-muhendisligi\/\"},{\"@type\":\"ListItem\",\"position\":2,\"name\":\"ARA\u015eTIRMA ALANLARI\"}]},{\"@type\":\"WebSite\",\"@id\":\"https:\/\/ticaret.edu.tr\/endustri-muhendisligi\/en\/#website\",\"url\":\"https:\/\/ticaret.edu.tr\/endustri-muhendisligi\/en\/\",\"name\":\"End\u00fcstri M\u00fchendisli\u011fi\",\"description\":\"\",\"potentialAction\":[{\"@type\":\"SearchAction\",\"target\":{\"@type\":\"EntryPoint\",\"urlTemplate\":\"https:\/\/ticaret.edu.tr\/endustri-muhendisligi\/en\/?s={search_term_string}\"},\"query-input\":\"required name=search_term_string\"}],\"inLanguage\":\"tr\"}]}<\/script>\n<!-- \/ Yoast SEO Premium plugin. -->","yoast_head_json":{"title":"ARA\u015eTIRMA ALANLARI - End\u00fcstri M\u00fchendisli\u011fi","robots":{"index":"index","follow":"follow","max-snippet":"max-snippet:-1","max-image-preview":"max-image-preview:large","max-video-preview":"max-video-preview:-1"},"canonical":"http:\/\/ticaret.edu.tr\/endustri-muhendisligi\/arastirma-alanlari\/","og_locale":"tr_TR","og_type":"article","og_title":"ARA\u015eTIRMA ALANLARI","og_description":"End\u00fcstri M\u00fchendisli\u011fi Ara\u015ft\u0131rma Alanlar\u0131: 1. \u00dcretim ve Operasyon Sistemleri \u00dcretim planlama, \u00e7izelgeleme, kapasite y\u00f6netimi Tesis yerle\u015fimi, hat dengeleme, kaynak tahsisi End\u00fcstri 4.0, dijital \u00fcretim sistemleri, ak\u0131ll\u0131 fabrikalar 2. Y\u00f6neylem Ara\u015ft\u0131rmas\u0131 ve Optimizasyon Do\u011frusal \/ tamsay\u0131l\u0131 programlama, a\u011f modelleri Heuristik ve meta-sezgisel algoritmalar (genetik, tabu, vb.) Karar destek sistemleri ve \u00e7ok kriterli karar verme (MCDM) 3. [&hellip;]","og_url":"http:\/\/ticaret.edu.tr\/endustri-muhendisligi\/arastirma-alanlari\/","og_site_name":"End\u00fcstri M\u00fchendisli\u011fi","article_publisher":"https:\/\/www.facebook.com\/ticaretedutr","article_modified_time":"2025-10-16T10:46:01+00:00","og_image":[{"width":1250,"height":833,"url":"http:\/\/ticaret.edu.tr\/endustri-muhendisligi\/wp-content\/uploads\/sites\/21\/2021\/11\/web_logo-01.jpg","type":"image\/jpeg"}],"twitter_card":"summary_large_image","twitter_site":"@ticaretedutr","twitter_misc":{"Tahmini okuma s\u00fcresi":"1 dakika"},"schema":{"@context":"https:\/\/schema.org","@graph":[{"@type":"WebPage","@id":"http:\/\/ticaret.edu.tr\/endustri-muhendisligi\/arastirma-alanlari\/","url":"http:\/\/ticaret.edu.tr\/endustri-muhendisligi\/arastirma-alanlari\/","name":"ARA\u015eTIRMA ALANLARI - End\u00fcstri M\u00fchendisli\u011fi","isPartOf":{"@id":"https:\/\/ticaret.edu.tr\/endustri-muhendisligi\/en\/#website"},"datePublished":"2022-10-13T11:53:16+00:00","dateModified":"2025-10-16T10:46:01+00:00","breadcrumb":{"@id":"http:\/\/ticaret.edu.tr\/endustri-muhendisligi\/arastirma-alanlari\/#breadcrumb"},"inLanguage":"tr","potentialAction":[{"@type":"ReadAction","target":["http:\/\/ticaret.edu.tr\/endustri-muhendisligi\/arastirma-alanlari\/"]}]},{"@type":"BreadcrumbList","@id":"http:\/\/ticaret.edu.tr\/endustri-muhendisligi\/arastirma-alanlari\/#breadcrumb","itemListElement":[{"@type":"ListItem","position":1,"name":"Ana sayfa","item":"http:\/\/ticaret.edu.tr\/endustri-muhendisligi\/"},{"@type":"ListItem","position":2,"name":"ARA\u015eTIRMA ALANLARI"}]},{"@type":"WebSite","@id":"https:\/\/ticaret.edu.tr\/endustri-muhendisligi\/en\/#website","url":"https:\/\/ticaret.edu.tr\/endustri-muhendisligi\/en\/","name":"End\u00fcstri M\u00fchendisli\u011fi","description":"","potentialAction":[{"@type":"SearchAction","target":{"@type":"EntryPoint","urlTemplate":"https:\/\/ticaret.edu.tr\/endustri-muhendisligi\/en\/?s={search_term_string}"},"query-input":"required name=search_term_string"}],"inLanguage":"tr"}]}},"lang":"tr","translations":{"tr":690,"en":1240},"pll_sync_post":[],"_links":{"self":[{"href":"http:\/\/ticaret.edu.tr\/endustri-muhendisligi\/wp-json\/wp\/v2\/pages\/690"}],"collection":[{"href":"http:\/\/ticaret.edu.tr\/endustri-muhendisligi\/wp-json\/wp\/v2\/pages"}],"about":[{"href":"http:\/\/ticaret.edu.tr\/endustri-muhendisligi\/wp-json\/wp\/v2\/types\/page"}],"author":[{"embeddable":true,"href":"http:\/\/ticaret.edu.tr\/endustri-muhendisligi\/wp-json\/wp\/v2\/users\/149"}],"replies":[{"embeddable":true,"href":"http:\/\/ticaret.edu.tr\/endustri-muhendisligi\/wp-json\/wp\/v2\/comments?post=690"}],"version-history":[{"count":5,"href":"http:\/\/ticaret.edu.tr\/endustri-muhendisligi\/wp-json\/wp\/v2\/pages\/690\/revisions"}],"predecessor-version":[{"id":1612,"href":"http:\/\/ticaret.edu.tr\/endustri-muhendisligi\/wp-json\/wp\/v2\/pages\/690\/revisions\/1612"}],"wp:attachment":[{"href":"http:\/\/ticaret.edu.tr\/endustri-muhendisligi\/wp-json\/wp\/v2\/media?parent=690"}],"curies":[{"name":"wp","href":"https:\/\/api.w.org\/{rel}","templated":true}]}}