{"id":694,"date":"2022-10-13T14:54:19","date_gmt":"2022-10-13T11:54:19","guid":{"rendered":"https:\/\/ticaret.edu.tr\/endustri-muhendisligi\/?page_id=694"},"modified":"2025-02-17T10:59:43","modified_gmt":"2025-02-17T07:59:43","slug":"bilimsel-etkinlikler","status":"publish","type":"page","link":"http:\/\/ticaret.edu.tr\/endustri-muhendisligi\/bilimsel-etkinlikler\/","title":{"rendered":"B\u0130L\u0130MSEL ETK\u0130NL\u0130KLER"},"content":{"rendered":"<p>\u00c7\u0130KUREL, N. A., EKMEKC\u0130, \u0130., (2022), Improving Ventilation\/Energy Efficiency: UVGI, Upper Room and AHU-UVGI Cassette Applications, the International Symposium on Energy Management and Sustainability (ISEMAS-22, \u0130STANBUL, Nisan<\/p>\n<p>EKMEKC\u0130, \u0130., (2022), ENERGY AUDIT AND SAVING STUDY FOR A UNIVERSITY BUILDING, Sixth International Conference on Fossil &amp; Renewable Energy, F&amp;R Energy-2022, texas, \u015eubat<\/p>\n<p>EKMEKC\u0130, \u0130., \u00c7ET\u0130N, S. S., \u00c7\u0130KUREL, N. A., (2022), UV APPLICATIONS AND LITERATURE SEARCH STUDY FOR AIR CONDITIONING SYSTEMS, the International Symposium on Energy Management and Sustainability (ISEMAS-22), \u0130STANBUL, Nisan<\/p>\n<p>\u00c7ET\u0130N, S. S., EKMEKC\u0130, I., (2021), Klima Sistemleri \u0130\u00e7in UVGI Uygulamalar\u0131, Uluslararas\u0131 23. Is\u0131 Bilimi ve Teknigi Kongresi, GAZ\u0130ANTEP, Eyl\u00fcl<\/p>\n<p>EKMEKC\u0130, I., (2021), B\u0130R B\u00d6LGEN\u0130N MAKS\u0130MUM ISI Y\u00dcK\u00dcN\u00dcN BEL\u0130RLENMES\u0130NDE Y\u00dcK-DA\u011eILIM E\u011eR\u0130LER\u0130 KULLANILMASI , Uluslararas\u0131 23. Is\u0131 Bilimi ve Teknigi Kongresi, GAZ\u0130ANTEP, Eyl\u00fcl<\/p>\n<p>EKMEKC\u0130, I., (2021), B\u0130R \u00dcN\u0130VERS\u0130TE B\u0130NASI \u0130\u00c7\u0130N ENERJ\u0130 ET\u00dcD\u00dcN\u00dcN F\u0130NANSAL ANAL\u0130Z\u0130 VE YATIRIM KARAR S\u00dcREC\u0130 , Uluslararas\u0131 23. Is\u0131 Bilimi ve Teknigi Kongresi, GAZ\u0130ANTEP, Eyl\u00fcl<\/p>\n<p>YET\u0130\u015eKEN, Y., ARSLANEL, E., EKMEKC\u0130, \u0130., TEMUR, M., \u015eADO\u011eLU, N., (2021), Biyogaz Tesisi i\u00e7in Orta Karadeniz\u2019de Hayvansal At\u0131k \u00dczerine Bir Et\u00fct, Uluslararas\u0131 Entegre Kirlilik \u00d6nleme ve Kontrol Sempozyumu, KARAB\u00dcK, Nisan<\/p>\n<p>BAC, N., EKMEKC\u0130, \u0130., (2020), Psychosocial Risk Assessment by Fine Kinney and ANFIS Method: a case study in a metal processing plant , 11th International Conference on Applied Human Factors and Ergonomics (AHFE 2020) , California Sab Diego, Temmuz<\/p>\n<p>CERC\u0130, A., EKMEKC\u0130, I., (2020), Distribution of Occupational Accidents in Coal Fired Thermal Power Plant Using HFACS Technique, 11th International Conference on Applied Human Factors and Ergonomics (AHFE 2020), California SanDiego, Temmuz<\/p>\n<p>\u00c7ERC\u0130, A., EKMEKC\u0130, \u0130., (2020), Examining the Distribution of Primary Energy Resources in the World , International Conference on Sustainable Energy and Energy Calculations (ICSEEC2020), BALIKES\u0130R, Eyl\u00fcl<\/p>\n<p>EKMEKC\u0130, \u0130., (2020), A Study on Energy Audit and Project to Increase Energy Efficieny for A University Campus Buildings, International Conference on Sustainable Energy and Energy Calculations (ICSEEC2020), BALIKES\u0130R, Eyl\u00fcl<\/p>\n<p>ONUR, A., EKMEKC\u0130, I., (2020), The Impact Of Agile Project Management Model On The Performance Of Technology Teams , 11th International Conference on Applied Human Factors and Ergonomics (AHFE 2020), California San Diego, Temmuz<\/p>\n<p>YAZICIO\u011eLU, O., BORAT, O., (2019), Risk Assessment and Mitigation for Unmanned Aerial Vehicles. , 5th International Conference on Advances in Mechanical Engineering Istanbul , \u0130stanbul, Aral\u0131k<\/p>\n<p>YAZICIO\u011eLU, O., CANER, A., (2022), U\u00c7AK MOTORU BAKIMI H\u0130ZMET\u0130 VEREN B\u0130R TES\u0130S \u0130\u00c7\u0130N TEDAR\u0130K\u00c7\u0130 SE\u00c7\u0130M\u0130 , 3rd INTERNATIONAL 5 OCAK CONGRESS ON APPLIED SCIENCES January 4-5, 2022 Adana, TURKEY , ADANA, Ocak<\/p>\n<p>YAZICIO\u011eLU, O., BORAT, O., (2021), CEPHE M\u00dcHEND\u0130SL\u0130\u011e\u0130NDE CAM MALZEMELER\u0130N SE\u00c7\u0130M\u0130, INTERNATIONAL AFGHANISTAN INTERDISCIPLINARY RESEARCH CONFERENCE, , A\u011fustos<\/p>\n<p>YAZICIO\u011eLU, O., BORAT, O., (2021), Investigation of Robotic Surgery Applications, MAS 15th INTERNATIONAL EUROPEAN CONFERENCE ON MATHEMATICS, ENGINEERING, NATURAL &amp; MEDICAL SCIENCES September 7-8, 2021 \/ Adana, Turkey, , Eyl\u00fcl<\/p>\n<p>EKEN, S., KAPANO\u011eLU, M., (2022), HEM\u015e\u0130RE \u00c7\u0130ZELGELEME PROBLEM\u0130 \u0130\u00c7\u0130N HEDEF PROGRAMLAMA \u0130LE TAMSAYILI B\u0130R MODEL \u00d6NER\u0130S\u0130, 9. ANADOLU ULUSLARARASI UYGULAMALI B\u0130L\u0130MLER KONGRES\u0130, , Haziran<\/p>\n<p>EKEN, S., KAPANO\u011eLU, M., (2021), SA\u011eLIK BAKIM ERGONOM\u0130S\u0130 A\u00c7ISINDAN HEM\u015e\u0130RE \u00c7\u0130ZELGELEME PROBLEM\u0130: TERC\u0130H- Y\u00d6NEL\u0130ML\u0130 B\u0130R MATEMAT\u0130KSEL MODEL, 26. Ulusal Ergonomi Kongresi, KIRIKKALE, Ekim<\/p>\n<p>ALPTEK\u0130N, B., TUNABOYLU, B., PERLO, P., ZA\u0130M, S., (2022), Smart Manufacturing of Electric Vehicles, ISPR 2020: Digital Conversion on the Way to Industry 4.0, , Temmuz<\/p>\n<p>DURSUN, T., B\u0130R\u0130NC\u0130, F., ALPTEK\u0130N, B., SERTKAYA, \u0130., HASEK\u0130O\u011eLU, O., TUNABOYLU, B., ZA\u0130M, S., (2020), Blockchain Technology for Supply Chain Management, GJCIE 2020: Industrial Engineering in the Internet-of-Things World, , A\u011fustos<\/p>\n","protected":false},"excerpt":{"rendered":"<p>\u00c7\u0130KUREL, N. A., EKMEKC\u0130, \u0130., (2022), Improving Ventilation\/Energy Efficiency: UVGI, Upper Room and AHU-UVGI Cassette Applications, the International Symposium on Energy Management and Sustainability (ISEMAS-22, \u0130STANBUL, Nisan EKMEKC\u0130, \u0130., (2022), ENERGY AUDIT AND SAVING STUDY FOR A UNIVERSITY BUILDING, Sixth International Conference on Fossil &amp; Renewable Energy, F&amp;R Energy-2022, texas, \u015eubat EKMEKC\u0130, \u0130., \u00c7ET\u0130N, S. [&hellip;]<\/p>\n","protected":false},"author":149,"featured_media":0,"parent":0,"menu_order":0,"comment_status":"closed","ping_status":"closed","template":"genel_sayfa.php","meta":{"footnotes":""},"yoast_head":"<!-- This site is optimized with the Yoast SEO Premium plugin v22.1 (Yoast SEO v22.1) - https:\/\/yoast.com\/wordpress\/plugins\/seo\/ -->\n<title>B\u0130L\u0130MSEL ETK\u0130NL\u0130KLER - End\u00fcstri M\u00fchendisli\u011fi<\/title>\n<meta name=\"robots\" content=\"index, follow, max-snippet:-1, max-image-preview:large, max-video-preview:-1\" \/>\n<link rel=\"canonical\" href=\"http:\/\/ticaret.edu.tr\/endustri-muhendisligi\/bilimsel-etkinlikler\/\" \/>\n<meta property=\"og:locale\" content=\"tr_TR\" \/>\n<meta property=\"og:type\" content=\"article\" \/>\n<meta property=\"og:title\" content=\"B\u0130L\u0130MSEL ETK\u0130NL\u0130KLER\" \/>\n<meta property=\"og:description\" content=\"\u00c7\u0130KUREL, N. A., EKMEKC\u0130, \u0130., (2022), Improving Ventilation\/Energy Efficiency: UVGI, Upper Room and AHU-UVGI Cassette Applications, the International Symposium on Energy Management and Sustainability (ISEMAS-22, \u0130STANBUL, Nisan EKMEKC\u0130, \u0130., (2022), ENERGY AUDIT AND SAVING STUDY FOR A UNIVERSITY BUILDING, Sixth International Conference on Fossil &amp; Renewable Energy, F&amp;R Energy-2022, texas, \u015eubat EKMEKC\u0130, \u0130., \u00c7ET\u0130N, S. [&hellip;]\" \/>\n<meta property=\"og:url\" content=\"http:\/\/ticaret.edu.tr\/endustri-muhendisligi\/bilimsel-etkinlikler\/\" \/>\n<meta property=\"og:site_name\" content=\"End\u00fcstri M\u00fchendisli\u011fi\" \/>\n<meta property=\"article:publisher\" content=\"https:\/\/www.facebook.com\/ticaretedutr\" \/>\n<meta property=\"article:modified_time\" content=\"2025-02-17T07:59:43+00:00\" \/>\n<meta property=\"og:image\" content=\"http:\/\/ticaret.edu.tr\/endustri-muhendisligi\/wp-content\/uploads\/sites\/21\/2021\/11\/web_logo-01.jpg\" \/>\n\t<meta property=\"og:image:width\" content=\"1250\" \/>\n\t<meta property=\"og:image:height\" content=\"833\" \/>\n\t<meta property=\"og:image:type\" content=\"image\/jpeg\" \/>\n<meta name=\"twitter:card\" content=\"summary_large_image\" \/>\n<meta name=\"twitter:site\" content=\"@ticaretedutr\" \/>\n<meta name=\"twitter:label1\" content=\"Tahmini okuma s\u00fcresi\" \/>\n\t<meta name=\"twitter:data1\" content=\"4 dakika\" \/>\n<script type=\"application\/ld+json\" class=\"yoast-schema-graph\">{\"@context\":\"https:\/\/schema.org\",\"@graph\":[{\"@type\":\"WebPage\",\"@id\":\"http:\/\/ticaret.edu.tr\/endustri-muhendisligi\/bilimsel-etkinlikler\/\",\"url\":\"http:\/\/ticaret.edu.tr\/endustri-muhendisligi\/bilimsel-etkinlikler\/\",\"name\":\"B\u0130L\u0130MSEL ETK\u0130NL\u0130KLER - End\u00fcstri M\u00fchendisli\u011fi\",\"isPartOf\":{\"@id\":\"https:\/\/ticaret.edu.tr\/endustri-muhendisligi\/en\/#website\"},\"datePublished\":\"2022-10-13T11:54:19+00:00\",\"dateModified\":\"2025-02-17T07:59:43+00:00\",\"breadcrumb\":{\"@id\":\"http:\/\/ticaret.edu.tr\/endustri-muhendisligi\/bilimsel-etkinlikler\/#breadcrumb\"},\"inLanguage\":\"tr\",\"potentialAction\":[{\"@type\":\"ReadAction\",\"target\":[\"http:\/\/ticaret.edu.tr\/endustri-muhendisligi\/bilimsel-etkinlikler\/\"]}]},{\"@type\":\"BreadcrumbList\",\"@id\":\"http:\/\/ticaret.edu.tr\/endustri-muhendisligi\/bilimsel-etkinlikler\/#breadcrumb\",\"itemListElement\":[{\"@type\":\"ListItem\",\"position\":1,\"name\":\"Ana sayfa\",\"item\":\"http:\/\/ticaret.edu.tr\/endustri-muhendisligi\/\"},{\"@type\":\"ListItem\",\"position\":2,\"name\":\"B\u0130L\u0130MSEL ETK\u0130NL\u0130KLER\"}]},{\"@type\":\"WebSite\",\"@id\":\"https:\/\/ticaret.edu.tr\/endustri-muhendisligi\/en\/#website\",\"url\":\"https:\/\/ticaret.edu.tr\/endustri-muhendisligi\/en\/\",\"name\":\"End\u00fcstri M\u00fchendisli\u011fi\",\"description\":\"\",\"potentialAction\":[{\"@type\":\"SearchAction\",\"target\":{\"@type\":\"EntryPoint\",\"urlTemplate\":\"https:\/\/ticaret.edu.tr\/endustri-muhendisligi\/en\/?s={search_term_string}\"},\"query-input\":\"required name=search_term_string\"}],\"inLanguage\":\"tr\"}]}<\/script>\n<!-- \/ Yoast SEO Premium plugin. -->","yoast_head_json":{"title":"B\u0130L\u0130MSEL ETK\u0130NL\u0130KLER - End\u00fcstri M\u00fchendisli\u011fi","robots":{"index":"index","follow":"follow","max-snippet":"max-snippet:-1","max-image-preview":"max-image-preview:large","max-video-preview":"max-video-preview:-1"},"canonical":"http:\/\/ticaret.edu.tr\/endustri-muhendisligi\/bilimsel-etkinlikler\/","og_locale":"tr_TR","og_type":"article","og_title":"B\u0130L\u0130MSEL ETK\u0130NL\u0130KLER","og_description":"\u00c7\u0130KUREL, N. A., EKMEKC\u0130, \u0130., (2022), Improving Ventilation\/Energy Efficiency: UVGI, Upper Room and AHU-UVGI Cassette Applications, the International Symposium on Energy Management and Sustainability (ISEMAS-22, \u0130STANBUL, Nisan EKMEKC\u0130, \u0130., (2022), ENERGY AUDIT AND SAVING STUDY FOR A UNIVERSITY BUILDING, Sixth International Conference on Fossil &amp; Renewable Energy, F&amp;R Energy-2022, texas, \u015eubat EKMEKC\u0130, \u0130., \u00c7ET\u0130N, S. [&hellip;]","og_url":"http:\/\/ticaret.edu.tr\/endustri-muhendisligi\/bilimsel-etkinlikler\/","og_site_name":"End\u00fcstri M\u00fchendisli\u011fi","article_publisher":"https:\/\/www.facebook.com\/ticaretedutr","article_modified_time":"2025-02-17T07:59:43+00:00","og_image":[{"width":1250,"height":833,"url":"http:\/\/ticaret.edu.tr\/endustri-muhendisligi\/wp-content\/uploads\/sites\/21\/2021\/11\/web_logo-01.jpg","type":"image\/jpeg"}],"twitter_card":"summary_large_image","twitter_site":"@ticaretedutr","twitter_misc":{"Tahmini okuma s\u00fcresi":"4 dakika"},"schema":{"@context":"https:\/\/schema.org","@graph":[{"@type":"WebPage","@id":"http:\/\/ticaret.edu.tr\/endustri-muhendisligi\/bilimsel-etkinlikler\/","url":"http:\/\/ticaret.edu.tr\/endustri-muhendisligi\/bilimsel-etkinlikler\/","name":"B\u0130L\u0130MSEL ETK\u0130NL\u0130KLER - End\u00fcstri M\u00fchendisli\u011fi","isPartOf":{"@id":"https:\/\/ticaret.edu.tr\/endustri-muhendisligi\/en\/#website"},"datePublished":"2022-10-13T11:54:19+00:00","dateModified":"2025-02-17T07:59:43+00:00","breadcrumb":{"@id":"http:\/\/ticaret.edu.tr\/endustri-muhendisligi\/bilimsel-etkinlikler\/#breadcrumb"},"inLanguage":"tr","potentialAction":[{"@type":"ReadAction","target":["http:\/\/ticaret.edu.tr\/endustri-muhendisligi\/bilimsel-etkinlikler\/"]}]},{"@type":"BreadcrumbList","@id":"http:\/\/ticaret.edu.tr\/endustri-muhendisligi\/bilimsel-etkinlikler\/#breadcrumb","itemListElement":[{"@type":"ListItem","position":1,"name":"Ana sayfa","item":"http:\/\/ticaret.edu.tr\/endustri-muhendisligi\/"},{"@type":"ListItem","position":2,"name":"B\u0130L\u0130MSEL ETK\u0130NL\u0130KLER"}]},{"@type":"WebSite","@id":"https:\/\/ticaret.edu.tr\/endustri-muhendisligi\/en\/#website","url":"https:\/\/ticaret.edu.tr\/endustri-muhendisligi\/en\/","name":"End\u00fcstri M\u00fchendisli\u011fi","description":"","potentialAction":[{"@type":"SearchAction","target":{"@type":"EntryPoint","urlTemplate":"https:\/\/ticaret.edu.tr\/endustri-muhendisligi\/en\/?s={search_term_string}"},"query-input":"required name=search_term_string"}],"inLanguage":"tr"}]}},"lang":"tr","translations":{"tr":694,"en":1244},"pll_sync_post":[],"_links":{"self":[{"href":"http:\/\/ticaret.edu.tr\/endustri-muhendisligi\/wp-json\/wp\/v2\/pages\/694"}],"collection":[{"href":"http:\/\/ticaret.edu.tr\/endustri-muhendisligi\/wp-json\/wp\/v2\/pages"}],"about":[{"href":"http:\/\/ticaret.edu.tr\/endustri-muhendisligi\/wp-json\/wp\/v2\/types\/page"}],"author":[{"embeddable":true,"href":"http:\/\/ticaret.edu.tr\/endustri-muhendisligi\/wp-json\/wp\/v2\/users\/149"}],"replies":[{"embeddable":true,"href":"http:\/\/ticaret.edu.tr\/endustri-muhendisligi\/wp-json\/wp\/v2\/comments?post=694"}],"version-history":[{"count":1,"href":"http:\/\/ticaret.edu.tr\/endustri-muhendisligi\/wp-json\/wp\/v2\/pages\/694\/revisions"}],"predecessor-version":[{"id":695,"href":"http:\/\/ticaret.edu.tr\/endustri-muhendisligi\/wp-json\/wp\/v2\/pages\/694\/revisions\/695"}],"wp:attachment":[{"href":"http:\/\/ticaret.edu.tr\/endustri-muhendisligi\/wp-json\/wp\/v2\/media?parent=694"}],"curies":[{"name":"wp","href":"https:\/\/api.w.org\/{rel}","templated":true}]}}