{"id":1021,"date":"2025-01-27T10:24:40","date_gmt":"2025-01-27T07:24:40","guid":{"rendered":"https:\/\/ticaret.edu.tr\/endustriyel-tasarim\/?page_id=1021"},"modified":"2025-10-20T19:27:08","modified_gmt":"2025-10-20T16:27:08","slug":"lisansustu-ders-ve-sinav-programi","status":"publish","type":"page","link":"http:\/\/ticaret.edu.tr\/endustriyel-tasarim\/lisansustu-ders-ve-sinav-programi\/","title":{"rendered":"Ders ve S\u0131nav Program\u0131"},"content":{"rendered":"<p>Ders programlar\u0131 i\u00e7in a\u015fa\u011f\u0131daki linke t\u0131klayabilirsiniz:\u00a0<strong><a href=\"https:\/\/istanbulticaretuniversitesi.edupage.org\/timetable\/view.php?num=81&amp;class=*1\" target=\"_blank\" rel=\"noopener\">Ders Programlar\u0131<\/a><\/strong><\/p>\n<p>S\u0131nav programlar\u0131 ilgili e\u011fitim \u00f6\u011fretim y\u0131l\u0131 d\u00f6neminde duyurularda ilan edilmektedir.<\/p>\n","protected":false},"excerpt":{"rendered":"<p>Ders programlar\u0131 i\u00e7in a\u015fa\u011f\u0131daki linke t\u0131klayabilirsiniz:\u00a0Ders Programlar\u0131 S\u0131nav programlar\u0131 ilgili e\u011fitim \u00f6\u011fretim y\u0131l\u0131 d\u00f6neminde duyurularda ilan edilmektedir.<\/p>\n","protected":false},"author":139,"featured_media":0,"parent":0,"menu_order":0,"comment_status":"closed","ping_status":"closed","template":"genel_sayfa.php","meta":{"footnotes":""},"yoast_head":"<!-- This site is optimized with the Yoast SEO Premium plugin v22.1 (Yoast SEO v22.1) - https:\/\/yoast.com\/wordpress\/plugins\/seo\/ -->\n<title>Ders ve S\u0131nav Program\u0131 - End\u00fcstriyel Tasar\u0131m<\/title>\n<meta name=\"robots\" content=\"index, follow, max-snippet:-1, max-image-preview:large, max-video-preview:-1\" \/>\n<link rel=\"canonical\" href=\"http:\/\/ticaret.edu.tr\/endustriyel-tasarim\/lisansustu-ders-ve-sinav-programi\/\" \/>\n<meta property=\"og:locale\" content=\"tr_TR\" \/>\n<meta property=\"og:type\" content=\"article\" \/>\n<meta property=\"og:title\" content=\"Ders ve S\u0131nav Program\u0131\" \/>\n<meta property=\"og:description\" content=\"Ders programlar\u0131 i\u00e7in a\u015fa\u011f\u0131daki linke t\u0131klayabilirsiniz:\u00a0Ders Programlar\u0131 S\u0131nav programlar\u0131 ilgili e\u011fitim \u00f6\u011fretim y\u0131l\u0131 d\u00f6neminde duyurularda ilan edilmektedir.\" \/>\n<meta property=\"og:url\" content=\"http:\/\/ticaret.edu.tr\/endustriyel-tasarim\/lisansustu-ders-ve-sinav-programi\/\" \/>\n<meta property=\"og:site_name\" content=\"End\u00fcstriyel Tasar\u0131m\" \/>\n<meta property=\"article:publisher\" content=\"https:\/\/www.facebook.com\/ticaretedutr\" \/>\n<meta property=\"article:modified_time\" content=\"2025-10-20T16:27:08+00:00\" \/>\n<meta property=\"og:image\" content=\"http:\/\/ticaret.edu.tr\/endustriyel-tasarim\/wp-content\/uploads\/sites\/23\/2021\/11\/web_logo-01.jpg\" \/>\n\t<meta property=\"og:image:width\" content=\"1250\" \/>\n\t<meta property=\"og:image:height\" content=\"833\" \/>\n\t<meta property=\"og:image:type\" content=\"image\/jpeg\" \/>\n<meta name=\"twitter:card\" content=\"summary_large_image\" \/>\n<meta name=\"twitter:site\" content=\"@ticaretedutr\" \/>\n<meta name=\"twitter:label1\" content=\"Tahmini okuma s\u00fcresi\" \/>\n\t<meta name=\"twitter:data1\" content=\"1 dakika\" \/>\n<script type=\"application\/ld+json\" class=\"yoast-schema-graph\">{\"@context\":\"https:\/\/schema.org\",\"@graph\":[{\"@type\":\"WebPage\",\"@id\":\"http:\/\/ticaret.edu.tr\/endustriyel-tasarim\/lisansustu-ders-ve-sinav-programi\/\",\"url\":\"http:\/\/ticaret.edu.tr\/endustriyel-tasarim\/lisansustu-ders-ve-sinav-programi\/\",\"name\":\"Ders ve S\u0131nav Program\u0131 - End\u00fcstriyel Tasar\u0131m\",\"isPartOf\":{\"@id\":\"https:\/\/ticaret.edu.tr\/endustriyel-tasarim\/#website\"},\"datePublished\":\"2025-01-27T07:24:40+00:00\",\"dateModified\":\"2025-10-20T16:27:08+00:00\",\"breadcrumb\":{\"@id\":\"http:\/\/ticaret.edu.tr\/endustriyel-tasarim\/lisansustu-ders-ve-sinav-programi\/#breadcrumb\"},\"inLanguage\":\"tr\",\"potentialAction\":[{\"@type\":\"ReadAction\",\"target\":[\"http:\/\/ticaret.edu.tr\/endustriyel-tasarim\/lisansustu-ders-ve-sinav-programi\/\"]}]},{\"@type\":\"BreadcrumbList\",\"@id\":\"http:\/\/ticaret.edu.tr\/endustriyel-tasarim\/lisansustu-ders-ve-sinav-programi\/#breadcrumb\",\"itemListElement\":[{\"@type\":\"ListItem\",\"position\":1,\"name\":\"Ana sayfa\",\"item\":\"https:\/\/ticaret.edu.tr\/endustriyel-tasarim\/\"},{\"@type\":\"ListItem\",\"position\":2,\"name\":\"Ders ve S\u0131nav Program\u0131\"}]},{\"@type\":\"WebSite\",\"@id\":\"https:\/\/ticaret.edu.tr\/endustriyel-tasarim\/#website\",\"url\":\"https:\/\/ticaret.edu.tr\/endustriyel-tasarim\/\",\"name\":\"End\u00fcstriyel Tasar\u0131m\",\"description\":\"\",\"potentialAction\":[{\"@type\":\"SearchAction\",\"target\":{\"@type\":\"EntryPoint\",\"urlTemplate\":\"https:\/\/ticaret.edu.tr\/endustriyel-tasarim\/?s={search_term_string}\"},\"query-input\":\"required name=search_term_string\"}],\"inLanguage\":\"tr\"}]}<\/script>\n<!-- \/ Yoast SEO Premium plugin. -->","yoast_head_json":{"title":"Ders ve S\u0131nav Program\u0131 - End\u00fcstriyel Tasar\u0131m","robots":{"index":"index","follow":"follow","max-snippet":"max-snippet:-1","max-image-preview":"max-image-preview:large","max-video-preview":"max-video-preview:-1"},"canonical":"http:\/\/ticaret.edu.tr\/endustriyel-tasarim\/lisansustu-ders-ve-sinav-programi\/","og_locale":"tr_TR","og_type":"article","og_title":"Ders ve S\u0131nav Program\u0131","og_description":"Ders programlar\u0131 i\u00e7in a\u015fa\u011f\u0131daki linke t\u0131klayabilirsiniz:\u00a0Ders Programlar\u0131 S\u0131nav programlar\u0131 ilgili e\u011fitim \u00f6\u011fretim y\u0131l\u0131 d\u00f6neminde duyurularda ilan edilmektedir.","og_url":"http:\/\/ticaret.edu.tr\/endustriyel-tasarim\/lisansustu-ders-ve-sinav-programi\/","og_site_name":"End\u00fcstriyel Tasar\u0131m","article_publisher":"https:\/\/www.facebook.com\/ticaretedutr","article_modified_time":"2025-10-20T16:27:08+00:00","og_image":[{"width":1250,"height":833,"url":"http:\/\/ticaret.edu.tr\/endustriyel-tasarim\/wp-content\/uploads\/sites\/23\/2021\/11\/web_logo-01.jpg","type":"image\/jpeg"}],"twitter_card":"summary_large_image","twitter_site":"@ticaretedutr","twitter_misc":{"Tahmini okuma s\u00fcresi":"1 dakika"},"schema":{"@context":"https:\/\/schema.org","@graph":[{"@type":"WebPage","@id":"http:\/\/ticaret.edu.tr\/endustriyel-tasarim\/lisansustu-ders-ve-sinav-programi\/","url":"http:\/\/ticaret.edu.tr\/endustriyel-tasarim\/lisansustu-ders-ve-sinav-programi\/","name":"Ders ve S\u0131nav Program\u0131 - End\u00fcstriyel Tasar\u0131m","isPartOf":{"@id":"https:\/\/ticaret.edu.tr\/endustriyel-tasarim\/#website"},"datePublished":"2025-01-27T07:24:40+00:00","dateModified":"2025-10-20T16:27:08+00:00","breadcrumb":{"@id":"http:\/\/ticaret.edu.tr\/endustriyel-tasarim\/lisansustu-ders-ve-sinav-programi\/#breadcrumb"},"inLanguage":"tr","potentialAction":[{"@type":"ReadAction","target":["http:\/\/ticaret.edu.tr\/endustriyel-tasarim\/lisansustu-ders-ve-sinav-programi\/"]}]},{"@type":"BreadcrumbList","@id":"http:\/\/ticaret.edu.tr\/endustriyel-tasarim\/lisansustu-ders-ve-sinav-programi\/#breadcrumb","itemListElement":[{"@type":"ListItem","position":1,"name":"Ana sayfa","item":"https:\/\/ticaret.edu.tr\/endustriyel-tasarim\/"},{"@type":"ListItem","position":2,"name":"Ders ve S\u0131nav Program\u0131"}]},{"@type":"WebSite","@id":"https:\/\/ticaret.edu.tr\/endustriyel-tasarim\/#website","url":"https:\/\/ticaret.edu.tr\/endustriyel-tasarim\/","name":"End\u00fcstriyel Tasar\u0131m","description":"","potentialAction":[{"@type":"SearchAction","target":{"@type":"EntryPoint","urlTemplate":"https:\/\/ticaret.edu.tr\/endustriyel-tasarim\/?s={search_term_string}"},"query-input":"required name=search_term_string"}],"inLanguage":"tr"}]}},"lang":"tr","translations":{"en":1024,"tr":1021},"pll_sync_post":[],"_links":{"self":[{"href":"http:\/\/ticaret.edu.tr\/endustriyel-tasarim\/wp-json\/wp\/v2\/pages\/1021"}],"collection":[{"href":"http:\/\/ticaret.edu.tr\/endustriyel-tasarim\/wp-json\/wp\/v2\/pages"}],"about":[{"href":"http:\/\/ticaret.edu.tr\/endustriyel-tasarim\/wp-json\/wp\/v2\/types\/page"}],"author":[{"embeddable":true,"href":"http:\/\/ticaret.edu.tr\/endustriyel-tasarim\/wp-json\/wp\/v2\/users\/139"}],"replies":[{"embeddable":true,"href":"http:\/\/ticaret.edu.tr\/endustriyel-tasarim\/wp-json\/wp\/v2\/comments?post=1021"}],"version-history":[{"count":2,"href":"http:\/\/ticaret.edu.tr\/endustriyel-tasarim\/wp-json\/wp\/v2\/pages\/1021\/revisions"}],"predecessor-version":[{"id":1395,"href":"http:\/\/ticaret.edu.tr\/endustriyel-tasarim\/wp-json\/wp\/v2\/pages\/1021\/revisions\/1395"}],"wp:attachment":[{"href":"http:\/\/ticaret.edu.tr\/endustriyel-tasarim\/wp-json\/wp\/v2\/media?parent=1021"}],"curies":[{"name":"wp","href":"https:\/\/api.w.org\/{rel}","templated":true}]}}