{"id":1050,"date":"2025-01-27T10:42:27","date_gmt":"2025-01-27T07:42:27","guid":{"rendered":"https:\/\/ticaret.edu.tr\/endustriyel-tasarim\/?page_id=1050"},"modified":"2026-02-11T14:19:58","modified_gmt":"2026-02-11T11:19:58","slug":"arastirma-alanlari","status":"publish","type":"page","link":"http:\/\/ticaret.edu.tr\/endustriyel-tasarim\/arastirma-alanlari\/","title":{"rendered":"Ara\u015ft\u0131rma Alanlar\u0131"},"content":{"rendered":"<table width=\"986\">\n<tbody>\n<tr>\n<td width=\"247\"><strong>AKADEM\u0130K KADRO<\/strong><\/td>\n<td width=\"391\"><strong>PROJELER VE DESTEKLER<\/strong><\/td>\n<\/tr>\n<tr>\n<td><strong>Dr. \u00d6\u011fr. \u00dcyesi P\u0131nar \u00d6zt\u00fcrk Demirta\u015f<\/strong><\/td>\n<td><span class=\"a_GcMg font-feature-liga-off font-feature-clig-off font-feature-calt-off text-decoration-none text-strikethrough-none\">\u00dcr\u00fcn Tasar\u0131m\u0131, Marka ve Tasar\u0131m Etkile\u015fimi, Herkes i\u00e7in Tasar\u0131m \/ Evrensel Tasar\u0131m, Tasar\u0131mda Kullan\u0131labilirlik, Tasar\u0131mda S\u00fcrd\u00fcr\u00fclebilirlik<\/span><\/td>\n<\/tr>\n<tr>\n<td><strong>Dr. \u00d6\u011fr. \u00dcyesi \u00c7\u0131nar Narter<\/strong><\/td>\n<td><span class=\"a_GcMg font-feature-liga-off font-feature-clig-off font-feature-calt-off text-decoration-none text-strikethrough-none\">\u00dcr\u00fcn Tasar\u0131m\u0131, Anlambilim, Maket ve Model Yap\u0131m\u0131, Kullan\u0131c\u0131 Deneyimi, Tasar\u0131m Kuramlar\u0131, Ergonomi<\/span><\/td>\n<\/tr>\n<tr>\n<td><strong>\u00d6\u011fr. G\u00f6r. Dr. Burcu Torum<\/strong><\/td>\n<td><span class=\"a_GcMg font-feature-liga-off font-feature-clig-off font-feature-calt-off text-decoration-none text-strikethrough-none\">\u00dcr\u00fcn tasar\u0131m\u0131, G\u0131da tasar\u0131m\u0131, Tasar\u0131m Y\u00f6netimi, Teknik \u00c7izim, Sergileme Sistemleri ve Stand Tasar\u0131m\u0131, Yeni \u00dcr\u00fcn Geli\u015ftirme<\/span><\/td>\n<\/tr>\n<tr>\n<td><strong>\u00d6\u011fr. G\u00f6r. Dr. Ceylan \u015eahin<\/strong><\/td>\n<td><span class=\"a_GcMg font-feature-liga-off font-feature-clig-off font-feature-calt-off text-decoration-none text-strikethrough-none\">Sosyal Tasar\u0131m, Tasar\u0131mda Davran\u0131\u015f De\u011fi\u015fimi, Tasar\u0131m Y\u00f6netimi Tasar\u0131m E\u011fitimi, Temel Tasar\u0131m D\u00f6n\u00fc\u015f\u00fcmleri, Tasar\u0131m Tarihi, Mobilya Tasar\u0131m\u0131, Tasar\u0131mda Ara\u015ft\u0131rma Y\u00f6ntemleri<\/span><\/td>\n<\/tr>\n<tr>\n<td><strong>\u00d6\u011fr. G\u00f6r. Aybike Eser<\/strong><\/td>\n<td><span class=\"a_GcMg font-feature-liga-off font-feature-clig-off font-feature-calt-off text-decoration-none text-strikethrough-none\">\u00dcr\u00fcn tasar\u0131m\u0131, Kullan\u0131c\u0131 Deneyimi, Tasar\u0131m E\u011fitimi, Yapay Zeka, Tasar\u0131m Pedagojisi, Seramik, Tasar\u0131mda G\u00f6rselle\u015ftirme<\/span><\/td>\n<\/tr>\n<tr>\n<td><strong>\u00d6\u011fr. G\u00f6r. Elif G\u00f6kaltay<\/strong><\/td>\n<td><span class=\"a_GcMg font-feature-liga-off font-feature-clig-off font-feature-calt-off text-decoration-none text-strikethrough-none\">\u00dcr\u00fcn-kullan\u0131c\u0131 ili\u015fkileri, \u00dcr\u00fcn Kullan\u0131m \u00d6mr\u00fc, Tasar\u0131m Pedagojisi, Tasar\u0131m Ara\u015ft\u0131rmalar\u0131nda Etnografik Y\u00f6ntemler<\/span><\/td>\n<\/tr>\n<tr>\n<td><strong>Ar\u015f. G\u00f6r. Elif \u0130lbay<\/strong><\/td>\n<td><span class=\"a_GcMg font-feature-liga-off font-feature-clig-off font-feature-calt-off text-decoration-none text-strikethrough-none\">K\u00fclt\u00fcrel Miras ve Tasar\u0131m, \u00dcr\u00fcn Tasar\u0131m\u0131, Tasar\u0131m Pedagojisi, Sosyal Fayda Odakl\u0131 Tasar\u0131m<\/span><\/td>\n<\/tr>\n<\/tbody>\n<\/table>\n","protected":false},"excerpt":{"rendered":"<p>AKADEM\u0130K KADRO PROJELER VE DESTEKLER Dr. \u00d6\u011fr. \u00dcyesi P\u0131nar \u00d6zt\u00fcrk Demirta\u015f \u00dcr\u00fcn Tasar\u0131m\u0131, Marka ve Tasar\u0131m Etkile\u015fimi, Herkes i\u00e7in Tasar\u0131m \/ Evrensel Tasar\u0131m, Tasar\u0131mda Kullan\u0131labilirlik, Tasar\u0131mda S\u00fcrd\u00fcr\u00fclebilirlik Dr. \u00d6\u011fr. \u00dcyesi \u00c7\u0131nar Narter \u00dcr\u00fcn Tasar\u0131m\u0131, Anlambilim, Maket ve Model Yap\u0131m\u0131, Kullan\u0131c\u0131 Deneyimi, Tasar\u0131m Kuramlar\u0131, Ergonomi \u00d6\u011fr. G\u00f6r. Dr. Burcu Torum \u00dcr\u00fcn tasar\u0131m\u0131, G\u0131da tasar\u0131m\u0131, Tasar\u0131m Y\u00f6netimi, [&hellip;]<\/p>\n","protected":false},"author":139,"featured_media":0,"parent":0,"menu_order":0,"comment_status":"closed","ping_status":"closed","template":"genel_sayfa.php","meta":{"footnotes":""},"yoast_head":"<!-- This site is optimized with the Yoast SEO Premium plugin v22.1 (Yoast SEO v22.1) - https:\/\/yoast.com\/wordpress\/plugins\/seo\/ -->\n<title>Ara\u015ft\u0131rma Alanlar\u0131 - End\u00fcstriyel Tasar\u0131m<\/title>\n<meta name=\"robots\" content=\"index, follow, max-snippet:-1, max-image-preview:large, max-video-preview:-1\" \/>\n<link rel=\"canonical\" href=\"http:\/\/ticaret.edu.tr\/endustriyel-tasarim\/arastirma-alanlari\/\" \/>\n<meta property=\"og:locale\" content=\"tr_TR\" \/>\n<meta property=\"og:type\" content=\"article\" \/>\n<meta property=\"og:title\" content=\"Ara\u015ft\u0131rma Alanlar\u0131\" \/>\n<meta property=\"og:description\" content=\"AKADEM\u0130K KADRO PROJELER VE DESTEKLER Dr. \u00d6\u011fr. \u00dcyesi P\u0131nar \u00d6zt\u00fcrk Demirta\u015f \u00dcr\u00fcn Tasar\u0131m\u0131, Marka ve Tasar\u0131m Etkile\u015fimi, Herkes i\u00e7in Tasar\u0131m \/ Evrensel Tasar\u0131m, Tasar\u0131mda Kullan\u0131labilirlik, Tasar\u0131mda S\u00fcrd\u00fcr\u00fclebilirlik Dr. \u00d6\u011fr. \u00dcyesi \u00c7\u0131nar Narter \u00dcr\u00fcn Tasar\u0131m\u0131, Anlambilim, Maket ve Model Yap\u0131m\u0131, Kullan\u0131c\u0131 Deneyimi, Tasar\u0131m Kuramlar\u0131, Ergonomi \u00d6\u011fr. G\u00f6r. Dr. Burcu Torum \u00dcr\u00fcn tasar\u0131m\u0131, G\u0131da tasar\u0131m\u0131, Tasar\u0131m Y\u00f6netimi, [&hellip;]\" \/>\n<meta property=\"og:url\" content=\"http:\/\/ticaret.edu.tr\/endustriyel-tasarim\/arastirma-alanlari\/\" \/>\n<meta property=\"og:site_name\" content=\"End\u00fcstriyel Tasar\u0131m\" \/>\n<meta property=\"article:publisher\" content=\"https:\/\/www.facebook.com\/ticaretedutr\" \/>\n<meta property=\"article:modified_time\" content=\"2026-02-11T11:19:58+00:00\" \/>\n<meta property=\"og:image\" content=\"http:\/\/ticaret.edu.tr\/endustriyel-tasarim\/wp-content\/uploads\/sites\/23\/2021\/11\/web_logo-01.jpg\" \/>\n\t<meta property=\"og:image:width\" content=\"1250\" \/>\n\t<meta property=\"og:image:height\" content=\"833\" \/>\n\t<meta property=\"og:image:type\" content=\"image\/jpeg\" \/>\n<meta name=\"twitter:card\" content=\"summary_large_image\" \/>\n<meta name=\"twitter:site\" content=\"@ticaretedutr\" \/>\n<meta name=\"twitter:label1\" content=\"Tahmini okuma s\u00fcresi\" \/>\n\t<meta name=\"twitter:data1\" content=\"1 dakika\" \/>\n<script type=\"application\/ld+json\" class=\"yoast-schema-graph\">{\"@context\":\"https:\/\/schema.org\",\"@graph\":[{\"@type\":\"WebPage\",\"@id\":\"http:\/\/ticaret.edu.tr\/endustriyel-tasarim\/arastirma-alanlari\/\",\"url\":\"http:\/\/ticaret.edu.tr\/endustriyel-tasarim\/arastirma-alanlari\/\",\"name\":\"Ara\u015ft\u0131rma Alanlar\u0131 - End\u00fcstriyel Tasar\u0131m\",\"isPartOf\":{\"@id\":\"https:\/\/ticaret.edu.tr\/endustriyel-tasarim\/#website\"},\"datePublished\":\"2025-01-27T07:42:27+00:00\",\"dateModified\":\"2026-02-11T11:19:58+00:00\",\"breadcrumb\":{\"@id\":\"http:\/\/ticaret.edu.tr\/endustriyel-tasarim\/arastirma-alanlari\/#breadcrumb\"},\"inLanguage\":\"tr\",\"potentialAction\":[{\"@type\":\"ReadAction\",\"target\":[\"http:\/\/ticaret.edu.tr\/endustriyel-tasarim\/arastirma-alanlari\/\"]}]},{\"@type\":\"BreadcrumbList\",\"@id\":\"http:\/\/ticaret.edu.tr\/endustriyel-tasarim\/arastirma-alanlari\/#breadcrumb\",\"itemListElement\":[{\"@type\":\"ListItem\",\"position\":1,\"name\":\"Ana sayfa\",\"item\":\"https:\/\/ticaret.edu.tr\/endustriyel-tasarim\/\"},{\"@type\":\"ListItem\",\"position\":2,\"name\":\"Ara\u015ft\u0131rma Alanlar\u0131\"}]},{\"@type\":\"WebSite\",\"@id\":\"https:\/\/ticaret.edu.tr\/endustriyel-tasarim\/#website\",\"url\":\"https:\/\/ticaret.edu.tr\/endustriyel-tasarim\/\",\"name\":\"End\u00fcstriyel Tasar\u0131m\",\"description\":\"\",\"potentialAction\":[{\"@type\":\"SearchAction\",\"target\":{\"@type\":\"EntryPoint\",\"urlTemplate\":\"https:\/\/ticaret.edu.tr\/endustriyel-tasarim\/?s={search_term_string}\"},\"query-input\":\"required name=search_term_string\"}],\"inLanguage\":\"tr\"}]}<\/script>\n<!-- \/ Yoast SEO Premium plugin. -->","yoast_head_json":{"title":"Ara\u015ft\u0131rma Alanlar\u0131 - End\u00fcstriyel Tasar\u0131m","robots":{"index":"index","follow":"follow","max-snippet":"max-snippet:-1","max-image-preview":"max-image-preview:large","max-video-preview":"max-video-preview:-1"},"canonical":"http:\/\/ticaret.edu.tr\/endustriyel-tasarim\/arastirma-alanlari\/","og_locale":"tr_TR","og_type":"article","og_title":"Ara\u015ft\u0131rma Alanlar\u0131","og_description":"AKADEM\u0130K KADRO PROJELER VE DESTEKLER Dr. \u00d6\u011fr. \u00dcyesi P\u0131nar \u00d6zt\u00fcrk Demirta\u015f \u00dcr\u00fcn Tasar\u0131m\u0131, Marka ve Tasar\u0131m Etkile\u015fimi, Herkes i\u00e7in Tasar\u0131m \/ Evrensel Tasar\u0131m, Tasar\u0131mda Kullan\u0131labilirlik, Tasar\u0131mda S\u00fcrd\u00fcr\u00fclebilirlik Dr. \u00d6\u011fr. \u00dcyesi \u00c7\u0131nar Narter \u00dcr\u00fcn Tasar\u0131m\u0131, Anlambilim, Maket ve Model Yap\u0131m\u0131, Kullan\u0131c\u0131 Deneyimi, Tasar\u0131m Kuramlar\u0131, Ergonomi \u00d6\u011fr. G\u00f6r. Dr. Burcu Torum \u00dcr\u00fcn tasar\u0131m\u0131, G\u0131da tasar\u0131m\u0131, Tasar\u0131m Y\u00f6netimi, [&hellip;]","og_url":"http:\/\/ticaret.edu.tr\/endustriyel-tasarim\/arastirma-alanlari\/","og_site_name":"End\u00fcstriyel Tasar\u0131m","article_publisher":"https:\/\/www.facebook.com\/ticaretedutr","article_modified_time":"2026-02-11T11:19:58+00:00","og_image":[{"width":1250,"height":833,"url":"http:\/\/ticaret.edu.tr\/endustriyel-tasarim\/wp-content\/uploads\/sites\/23\/2021\/11\/web_logo-01.jpg","type":"image\/jpeg"}],"twitter_card":"summary_large_image","twitter_site":"@ticaretedutr","twitter_misc":{"Tahmini okuma s\u00fcresi":"1 dakika"},"schema":{"@context":"https:\/\/schema.org","@graph":[{"@type":"WebPage","@id":"http:\/\/ticaret.edu.tr\/endustriyel-tasarim\/arastirma-alanlari\/","url":"http:\/\/ticaret.edu.tr\/endustriyel-tasarim\/arastirma-alanlari\/","name":"Ara\u015ft\u0131rma Alanlar\u0131 - End\u00fcstriyel Tasar\u0131m","isPartOf":{"@id":"https:\/\/ticaret.edu.tr\/endustriyel-tasarim\/#website"},"datePublished":"2025-01-27T07:42:27+00:00","dateModified":"2026-02-11T11:19:58+00:00","breadcrumb":{"@id":"http:\/\/ticaret.edu.tr\/endustriyel-tasarim\/arastirma-alanlari\/#breadcrumb"},"inLanguage":"tr","potentialAction":[{"@type":"ReadAction","target":["http:\/\/ticaret.edu.tr\/endustriyel-tasarim\/arastirma-alanlari\/"]}]},{"@type":"BreadcrumbList","@id":"http:\/\/ticaret.edu.tr\/endustriyel-tasarim\/arastirma-alanlari\/#breadcrumb","itemListElement":[{"@type":"ListItem","position":1,"name":"Ana sayfa","item":"https:\/\/ticaret.edu.tr\/endustriyel-tasarim\/"},{"@type":"ListItem","position":2,"name":"Ara\u015ft\u0131rma Alanlar\u0131"}]},{"@type":"WebSite","@id":"https:\/\/ticaret.edu.tr\/endustriyel-tasarim\/#website","url":"https:\/\/ticaret.edu.tr\/endustriyel-tasarim\/","name":"End\u00fcstriyel Tasar\u0131m","description":"","potentialAction":[{"@type":"SearchAction","target":{"@type":"EntryPoint","urlTemplate":"https:\/\/ticaret.edu.tr\/endustriyel-tasarim\/?s={search_term_string}"},"query-input":"required name=search_term_string"}],"inLanguage":"tr"}]}},"lang":"tr","translations":{"en":1052,"tr":1050},"pll_sync_post":[],"_links":{"self":[{"href":"http:\/\/ticaret.edu.tr\/endustriyel-tasarim\/wp-json\/wp\/v2\/pages\/1050"}],"collection":[{"href":"http:\/\/ticaret.edu.tr\/endustriyel-tasarim\/wp-json\/wp\/v2\/pages"}],"about":[{"href":"http:\/\/ticaret.edu.tr\/endustriyel-tasarim\/wp-json\/wp\/v2\/types\/page"}],"author":[{"embeddable":true,"href":"http:\/\/ticaret.edu.tr\/endustriyel-tasarim\/wp-json\/wp\/v2\/users\/139"}],"replies":[{"embeddable":true,"href":"http:\/\/ticaret.edu.tr\/endustriyel-tasarim\/wp-json\/wp\/v2\/comments?post=1050"}],"version-history":[{"count":3,"href":"http:\/\/ticaret.edu.tr\/endustriyel-tasarim\/wp-json\/wp\/v2\/pages\/1050\/revisions"}],"predecessor-version":[{"id":1655,"href":"http:\/\/ticaret.edu.tr\/endustriyel-tasarim\/wp-json\/wp\/v2\/pages\/1050\/revisions\/1655"}],"wp:attachment":[{"href":"http:\/\/ticaret.edu.tr\/endustriyel-tasarim\/wp-json\/wp\/v2\/media?parent=1050"}],"curies":[{"name":"wp","href":"https:\/\/api.w.org\/{rel}","templated":true}]}}