{"id":1054,"date":"2025-01-27T10:43:06","date_gmt":"2025-01-27T07:43:06","guid":{"rendered":"https:\/\/ticaret.edu.tr\/endustriyel-tasarim\/?page_id=1054"},"modified":"2026-03-26T15:50:53","modified_gmt":"2026-03-26T12:50:53","slug":"yayinlar","status":"publish","type":"page","link":"http:\/\/ticaret.edu.tr\/endustriyel-tasarim\/yayinlar\/","title":{"rendered":"Yay\u0131nlar"},"content":{"rendered":"<table style=\"height: 241px\" width=\"822\">\n<tbody>\n<tr>\n<td width=\"247\"><strong>AKADEM\u0130K KADRO<\/strong><\/td>\n<td width=\"391\"><strong>PROJELER VE DESTEKLER<\/strong><\/td>\n<\/tr>\n<tr>\n<td><strong>Do\u00e7. Dr. P\u0131nar \u00d6zt\u00fcrk Demirta\u015f<\/strong><\/td>\n<td>https:\/\/avesis.ticaret.edu.tr\/podemirtas\/yayinlar<\/td>\n<\/tr>\n<tr>\n<td><strong>Do\u00e7. Dr. \u00c7\u0131nar Narter<\/strong><\/td>\n<td>https:\/\/avesis.ticaret.edu.tr\/cnarter\/yayinlar<\/td>\n<\/tr>\n<tr>\n<td><strong>\u00d6\u011fr. G\u00f6r. Dr. Burcu Torum<\/strong><\/td>\n<td>https:\/\/avesis.ticaret.edu.tr\/btorum\/yayinlar<\/td>\n<\/tr>\n<tr>\n<td><strong>\u00d6\u011fr. G\u00f6r. Dr. Ceylan \u015eahin<\/strong><\/td>\n<td>https:\/\/avesis.ticaret.edu.tr\/csitembolukbasi\/yayinlar<\/td>\n<\/tr>\n<tr>\n<td><strong>\u00d6\u011fr. G\u00f6r. Aybike Eser<\/strong><\/td>\n<td>https:\/\/avesis.ticaret.edu.tr\/aeser\/yayinlar<\/td>\n<\/tr>\n<tr>\n<td><strong>\u00d6\u011fr. G\u00f6r. Elif G\u00f6kaltay<\/strong><\/td>\n<td>https:\/\/avesis.ticaret.edu.tr\/egokaltay\/yayinlar<\/td>\n<\/tr>\n<tr>\n<td><strong>Ar\u015f. G\u00f6r. Elif \u0130lbay<\/strong><\/td>\n<td>https:\/\/avesis.ticaret.edu.tr\/eilbay\/yayinlar<\/td>\n<\/tr>\n<\/tbody>\n<\/table>\n","protected":false},"excerpt":{"rendered":"<p>AKADEM\u0130K KADRO PROJELER VE DESTEKLER Do\u00e7. Dr. P\u0131nar \u00d6zt\u00fcrk Demirta\u015f https:\/\/avesis.ticaret.edu.tr\/podemirtas\/yayinlar Do\u00e7. Dr. \u00c7\u0131nar Narter https:\/\/avesis.ticaret.edu.tr\/cnarter\/yayinlar \u00d6\u011fr. G\u00f6r. Dr. Burcu Torum https:\/\/avesis.ticaret.edu.tr\/btorum\/yayinlar \u00d6\u011fr. G\u00f6r. Dr. Ceylan \u015eahin https:\/\/avesis.ticaret.edu.tr\/csitembolukbasi\/yayinlar \u00d6\u011fr. G\u00f6r. Aybike Eser https:\/\/avesis.ticaret.edu.tr\/aeser\/yayinlar \u00d6\u011fr. G\u00f6r. Elif G\u00f6kaltay https:\/\/avesis.ticaret.edu.tr\/egokaltay\/yayinlar Ar\u015f. G\u00f6r. Elif \u0130lbay https:\/\/avesis.ticaret.edu.tr\/eilbay\/yayinlar<\/p>\n","protected":false},"author":139,"featured_media":0,"parent":0,"menu_order":0,"comment_status":"closed","ping_status":"closed","template":"genel_sayfa.php","meta":{"footnotes":""},"yoast_head":"<!-- This site is optimized with the Yoast SEO Premium plugin v22.1 (Yoast SEO v22.1) - https:\/\/yoast.com\/wordpress\/plugins\/seo\/ -->\n<title>Yay\u0131nlar - End\u00fcstriyel Tasar\u0131m<\/title>\n<meta name=\"robots\" content=\"index, follow, max-snippet:-1, max-image-preview:large, max-video-preview:-1\" \/>\n<link rel=\"canonical\" href=\"https:\/\/ticaret.edu.tr\/endustriyel-tasarim\/yayinlar\/\" \/>\n<meta property=\"og:locale\" content=\"tr_TR\" \/>\n<meta property=\"og:type\" content=\"article\" \/>\n<meta property=\"og:title\" content=\"Yay\u0131nlar\" \/>\n<meta property=\"og:description\" content=\"AKADEM\u0130K KADRO PROJELER VE DESTEKLER Do\u00e7. Dr. P\u0131nar \u00d6zt\u00fcrk Demirta\u015f https:\/\/avesis.ticaret.edu.tr\/podemirtas\/yayinlar Do\u00e7. Dr. \u00c7\u0131nar Narter https:\/\/avesis.ticaret.edu.tr\/cnarter\/yayinlar \u00d6\u011fr. G\u00f6r. Dr. Burcu Torum https:\/\/avesis.ticaret.edu.tr\/btorum\/yayinlar \u00d6\u011fr. G\u00f6r. Dr. Ceylan \u015eahin https:\/\/avesis.ticaret.edu.tr\/csitembolukbasi\/yayinlar \u00d6\u011fr. G\u00f6r. Aybike Eser https:\/\/avesis.ticaret.edu.tr\/aeser\/yayinlar \u00d6\u011fr. G\u00f6r. Elif G\u00f6kaltay https:\/\/avesis.ticaret.edu.tr\/egokaltay\/yayinlar Ar\u015f. G\u00f6r. Elif \u0130lbay https:\/\/avesis.ticaret.edu.tr\/eilbay\/yayinlar\" \/>\n<meta property=\"og:url\" content=\"https:\/\/ticaret.edu.tr\/endustriyel-tasarim\/yayinlar\/\" \/>\n<meta property=\"og:site_name\" content=\"End\u00fcstriyel Tasar\u0131m\" \/>\n<meta property=\"article:publisher\" content=\"https:\/\/www.facebook.com\/ticaretedutr\" \/>\n<meta property=\"article:modified_time\" content=\"2026-03-26T12:50:53+00:00\" \/>\n<meta property=\"og:image\" content=\"http:\/\/ticaret.edu.tr\/endustriyel-tasarim\/wp-content\/uploads\/sites\/23\/2021\/11\/web_logo-01.jpg\" \/>\n\t<meta property=\"og:image:width\" content=\"1250\" \/>\n\t<meta property=\"og:image:height\" content=\"833\" \/>\n\t<meta property=\"og:image:type\" content=\"image\/jpeg\" \/>\n<meta name=\"twitter:card\" content=\"summary_large_image\" \/>\n<meta name=\"twitter:site\" content=\"@ticaretedutr\" \/>\n<meta name=\"twitter:label1\" content=\"Tahmini okuma s\u00fcresi\" \/>\n\t<meta name=\"twitter:data1\" content=\"1 dakika\" \/>\n<script type=\"application\/ld+json\" class=\"yoast-schema-graph\">{\"@context\":\"https:\/\/schema.org\",\"@graph\":[{\"@type\":\"WebPage\",\"@id\":\"https:\/\/ticaret.edu.tr\/endustriyel-tasarim\/yayinlar\/\",\"url\":\"https:\/\/ticaret.edu.tr\/endustriyel-tasarim\/yayinlar\/\",\"name\":\"Yay\u0131nlar - End\u00fcstriyel Tasar\u0131m\",\"isPartOf\":{\"@id\":\"https:\/\/ticaret.edu.tr\/endustriyel-tasarim\/#website\"},\"datePublished\":\"2025-01-27T07:43:06+00:00\",\"dateModified\":\"2026-03-26T12:50:53+00:00\",\"breadcrumb\":{\"@id\":\"https:\/\/ticaret.edu.tr\/endustriyel-tasarim\/yayinlar\/#breadcrumb\"},\"inLanguage\":\"tr\",\"potentialAction\":[{\"@type\":\"ReadAction\",\"target\":[\"https:\/\/ticaret.edu.tr\/endustriyel-tasarim\/yayinlar\/\"]}]},{\"@type\":\"BreadcrumbList\",\"@id\":\"https:\/\/ticaret.edu.tr\/endustriyel-tasarim\/yayinlar\/#breadcrumb\",\"itemListElement\":[{\"@type\":\"ListItem\",\"position\":1,\"name\":\"Ana sayfa\",\"item\":\"https:\/\/ticaret.edu.tr\/endustriyel-tasarim\/\"},{\"@type\":\"ListItem\",\"position\":2,\"name\":\"Yay\u0131nlar\"}]},{\"@type\":\"WebSite\",\"@id\":\"https:\/\/ticaret.edu.tr\/endustriyel-tasarim\/#website\",\"url\":\"https:\/\/ticaret.edu.tr\/endustriyel-tasarim\/\",\"name\":\"End\u00fcstriyel Tasar\u0131m\",\"description\":\"\",\"potentialAction\":[{\"@type\":\"SearchAction\",\"target\":{\"@type\":\"EntryPoint\",\"urlTemplate\":\"https:\/\/ticaret.edu.tr\/endustriyel-tasarim\/?s={search_term_string}\"},\"query-input\":\"required name=search_term_string\"}],\"inLanguage\":\"tr\"}]}<\/script>\n<!-- \/ Yoast SEO Premium plugin. -->","yoast_head_json":{"title":"Yay\u0131nlar - End\u00fcstriyel Tasar\u0131m","robots":{"index":"index","follow":"follow","max-snippet":"max-snippet:-1","max-image-preview":"max-image-preview:large","max-video-preview":"max-video-preview:-1"},"canonical":"https:\/\/ticaret.edu.tr\/endustriyel-tasarim\/yayinlar\/","og_locale":"tr_TR","og_type":"article","og_title":"Yay\u0131nlar","og_description":"AKADEM\u0130K KADRO PROJELER VE DESTEKLER Do\u00e7. Dr. P\u0131nar \u00d6zt\u00fcrk Demirta\u015f https:\/\/avesis.ticaret.edu.tr\/podemirtas\/yayinlar Do\u00e7. Dr. \u00c7\u0131nar Narter https:\/\/avesis.ticaret.edu.tr\/cnarter\/yayinlar \u00d6\u011fr. G\u00f6r. Dr. Burcu Torum https:\/\/avesis.ticaret.edu.tr\/btorum\/yayinlar \u00d6\u011fr. G\u00f6r. Dr. Ceylan \u015eahin https:\/\/avesis.ticaret.edu.tr\/csitembolukbasi\/yayinlar \u00d6\u011fr. G\u00f6r. Aybike Eser https:\/\/avesis.ticaret.edu.tr\/aeser\/yayinlar \u00d6\u011fr. G\u00f6r. Elif G\u00f6kaltay https:\/\/avesis.ticaret.edu.tr\/egokaltay\/yayinlar Ar\u015f. G\u00f6r. Elif \u0130lbay https:\/\/avesis.ticaret.edu.tr\/eilbay\/yayinlar","og_url":"https:\/\/ticaret.edu.tr\/endustriyel-tasarim\/yayinlar\/","og_site_name":"End\u00fcstriyel Tasar\u0131m","article_publisher":"https:\/\/www.facebook.com\/ticaretedutr","article_modified_time":"2026-03-26T12:50:53+00:00","og_image":[{"width":1250,"height":833,"url":"http:\/\/ticaret.edu.tr\/endustriyel-tasarim\/wp-content\/uploads\/sites\/23\/2021\/11\/web_logo-01.jpg","type":"image\/jpeg"}],"twitter_card":"summary_large_image","twitter_site":"@ticaretedutr","twitter_misc":{"Tahmini okuma s\u00fcresi":"1 dakika"},"schema":{"@context":"https:\/\/schema.org","@graph":[{"@type":"WebPage","@id":"https:\/\/ticaret.edu.tr\/endustriyel-tasarim\/yayinlar\/","url":"https:\/\/ticaret.edu.tr\/endustriyel-tasarim\/yayinlar\/","name":"Yay\u0131nlar - End\u00fcstriyel Tasar\u0131m","isPartOf":{"@id":"https:\/\/ticaret.edu.tr\/endustriyel-tasarim\/#website"},"datePublished":"2025-01-27T07:43:06+00:00","dateModified":"2026-03-26T12:50:53+00:00","breadcrumb":{"@id":"https:\/\/ticaret.edu.tr\/endustriyel-tasarim\/yayinlar\/#breadcrumb"},"inLanguage":"tr","potentialAction":[{"@type":"ReadAction","target":["https:\/\/ticaret.edu.tr\/endustriyel-tasarim\/yayinlar\/"]}]},{"@type":"BreadcrumbList","@id":"https:\/\/ticaret.edu.tr\/endustriyel-tasarim\/yayinlar\/#breadcrumb","itemListElement":[{"@type":"ListItem","position":1,"name":"Ana sayfa","item":"https:\/\/ticaret.edu.tr\/endustriyel-tasarim\/"},{"@type":"ListItem","position":2,"name":"Yay\u0131nlar"}]},{"@type":"WebSite","@id":"https:\/\/ticaret.edu.tr\/endustriyel-tasarim\/#website","url":"https:\/\/ticaret.edu.tr\/endustriyel-tasarim\/","name":"End\u00fcstriyel Tasar\u0131m","description":"","potentialAction":[{"@type":"SearchAction","target":{"@type":"EntryPoint","urlTemplate":"https:\/\/ticaret.edu.tr\/endustriyel-tasarim\/?s={search_term_string}"},"query-input":"required name=search_term_string"}],"inLanguage":"tr"}]}},"lang":"tr","translations":{"en":1062,"tr":1054},"pll_sync_post":[],"_links":{"self":[{"href":"http:\/\/ticaret.edu.tr\/endustriyel-tasarim\/wp-json\/wp\/v2\/pages\/1054"}],"collection":[{"href":"http:\/\/ticaret.edu.tr\/endustriyel-tasarim\/wp-json\/wp\/v2\/pages"}],"about":[{"href":"http:\/\/ticaret.edu.tr\/endustriyel-tasarim\/wp-json\/wp\/v2\/types\/page"}],"author":[{"embeddable":true,"href":"http:\/\/ticaret.edu.tr\/endustriyel-tasarim\/wp-json\/wp\/v2\/users\/139"}],"replies":[{"embeddable":true,"href":"http:\/\/ticaret.edu.tr\/endustriyel-tasarim\/wp-json\/wp\/v2\/comments?post=1054"}],"version-history":[{"count":5,"href":"http:\/\/ticaret.edu.tr\/endustriyel-tasarim\/wp-json\/wp\/v2\/pages\/1054\/revisions"}],"predecessor-version":[{"id":1690,"href":"http:\/\/ticaret.edu.tr\/endustriyel-tasarim\/wp-json\/wp\/v2\/pages\/1054\/revisions\/1690"}],"wp:attachment":[{"href":"http:\/\/ticaret.edu.tr\/endustriyel-tasarim\/wp-json\/wp\/v2\/media?parent=1054"}],"curies":[{"name":"wp","href":"https:\/\/api.w.org\/{rel}","templated":true}]}}