{"id":1064,"date":"2025-01-27T10:44:51","date_gmt":"2025-01-27T07:44:51","guid":{"rendered":"https:\/\/ticaret.edu.tr\/endustriyel-tasarim\/?page_id=1064"},"modified":"2025-10-20T19:55:50","modified_gmt":"2025-10-20T16:55:50","slug":"akreditasyon","status":"publish","type":"page","link":"http:\/\/ticaret.edu.tr\/endustriyel-tasarim\/akreditasyon\/","title":{"rendered":"Akreditasyon"},"content":{"rendered":"<p>End\u00fcstriyel Tasar\u0131m B\u00f6l\u00fcm\u00fc olarak ENTAK Akreditasyonuna ba\u015fvurulmas\u0131 planlanmaktad\u0131r.<\/p>\n<p><strong>\u0130leti\u015fim adresi: <a href=\"https:\/\/entak.etmk.org.tr\/\" target=\"_blank\" rel=\"noopener\">ENTAK Aktredistayon Bilgisi \u0130\u00e7in T\u0131klay\u0131n\u0131z<\/a><\/strong><\/p>\n<p>Kalite g\u00fcvencesi \u00e7al\u0131\u015fmalar\u0131 kapsam\u0131nda, End\u00fcstriyel Tasar\u0131m B\u00f6l\u00fcm\u00fc Dan\u0131\u015fma Kurulu i\u00e7 payda\u015flar\u0131 (B\u00f6l\u00fcm Ba\u015fkan\u0131, B\u00f6l\u00fcm \u00d6\u011fretim \u00dcyeleri, B\u00f6l\u00fcm Kalite El\u00e7isi, B\u00f6l\u00fcm \u00d6\u011frenci Temsilcisi) \u00a0ile akreditasyon \u00e7al\u0131\u015fmalar\u0131 kapsam\u0131nda \u00f6n \u00e7al\u0131\u015fmalara ba\u015flanm\u0131\u015ft\u0131r.<\/p>\n<p><strong>Ger\u00e7ekle\u015ftirilmi\u015f ENTAK Akreditasyon Toplant\u0131lar\u0131:<\/strong><\/p>\n<ul>\n<li><strong>Toplant\u0131 1:<\/strong> 07.04.2025, 10:00-15:30 (ger\u00e7ekle\u015ftirilmi\u015f ve kay\u0131t alt\u0131na al\u0131nm\u0131\u015ft\u0131r).<\/li>\n<li><strong>Toplant\u0131 2:<\/strong>\u00a016.06.2025, 12:00-13:00 (ger\u00e7ekle\u015ftirilmi\u015f ve kay\u0131t alt\u0131na al\u0131nm\u0131\u015ft\u0131r).<\/li>\n<li><strong>Toplant\u0131 3:<\/strong> 14.12.2025 tarihinde ger\u00e7ekle\u015fmesi planlanmaktad\u0131r.<\/li>\n<\/ul>\n","protected":false},"excerpt":{"rendered":"<p>End\u00fcstriyel Tasar\u0131m B\u00f6l\u00fcm\u00fc olarak ENTAK Akreditasyonuna ba\u015fvurulmas\u0131 planlanmaktad\u0131r. \u0130leti\u015fim adresi: ENTAK Aktredistayon Bilgisi \u0130\u00e7in T\u0131klay\u0131n\u0131z Kalite g\u00fcvencesi \u00e7al\u0131\u015fmalar\u0131 kapsam\u0131nda, End\u00fcstriyel Tasar\u0131m B\u00f6l\u00fcm\u00fc Dan\u0131\u015fma Kurulu i\u00e7 payda\u015flar\u0131 (B\u00f6l\u00fcm Ba\u015fkan\u0131, B\u00f6l\u00fcm \u00d6\u011fretim \u00dcyeleri, B\u00f6l\u00fcm Kalite El\u00e7isi, B\u00f6l\u00fcm \u00d6\u011frenci Temsilcisi) \u00a0ile akreditasyon \u00e7al\u0131\u015fmalar\u0131 kapsam\u0131nda \u00f6n \u00e7al\u0131\u015fmalara ba\u015flanm\u0131\u015ft\u0131r. Ger\u00e7ekle\u015ftirilmi\u015f ENTAK Akreditasyon Toplant\u0131lar\u0131: Toplant\u0131 1: 07.04.2025, 10:00-15:30 (ger\u00e7ekle\u015ftirilmi\u015f ve kay\u0131t [&hellip;]<\/p>\n","protected":false},"author":139,"featured_media":0,"parent":0,"menu_order":0,"comment_status":"closed","ping_status":"closed","template":"genel_sayfa.php","meta":{"footnotes":""},"yoast_head":"<!-- This site is optimized with the Yoast SEO Premium plugin v22.1 (Yoast SEO v22.1) - https:\/\/yoast.com\/wordpress\/plugins\/seo\/ -->\n<title>Akreditasyon - End\u00fcstriyel Tasar\u0131m<\/title>\n<meta name=\"robots\" content=\"index, follow, max-snippet:-1, max-image-preview:large, max-video-preview:-1\" \/>\n<link rel=\"canonical\" href=\"https:\/\/ticaret.edu.tr\/endustriyel-tasarim\/akreditasyon\/\" \/>\n<meta property=\"og:locale\" content=\"tr_TR\" \/>\n<meta property=\"og:type\" content=\"article\" \/>\n<meta property=\"og:title\" content=\"Akreditasyon\" \/>\n<meta property=\"og:description\" content=\"End\u00fcstriyel Tasar\u0131m B\u00f6l\u00fcm\u00fc olarak ENTAK Akreditasyonuna ba\u015fvurulmas\u0131 planlanmaktad\u0131r. \u0130leti\u015fim adresi: ENTAK Aktredistayon Bilgisi \u0130\u00e7in T\u0131klay\u0131n\u0131z Kalite g\u00fcvencesi \u00e7al\u0131\u015fmalar\u0131 kapsam\u0131nda, End\u00fcstriyel Tasar\u0131m B\u00f6l\u00fcm\u00fc Dan\u0131\u015fma Kurulu i\u00e7 payda\u015flar\u0131 (B\u00f6l\u00fcm Ba\u015fkan\u0131, B\u00f6l\u00fcm \u00d6\u011fretim \u00dcyeleri, B\u00f6l\u00fcm Kalite El\u00e7isi, B\u00f6l\u00fcm \u00d6\u011frenci Temsilcisi) \u00a0ile akreditasyon \u00e7al\u0131\u015fmalar\u0131 kapsam\u0131nda \u00f6n \u00e7al\u0131\u015fmalara ba\u015flanm\u0131\u015ft\u0131r. Ger\u00e7ekle\u015ftirilmi\u015f ENTAK Akreditasyon Toplant\u0131lar\u0131: Toplant\u0131 1: 07.04.2025, 10:00-15:30 (ger\u00e7ekle\u015ftirilmi\u015f ve kay\u0131t [&hellip;]\" \/>\n<meta property=\"og:url\" content=\"https:\/\/ticaret.edu.tr\/endustriyel-tasarim\/akreditasyon\/\" \/>\n<meta property=\"og:site_name\" content=\"End\u00fcstriyel Tasar\u0131m\" \/>\n<meta property=\"article:publisher\" content=\"https:\/\/www.facebook.com\/ticaretedutr\" \/>\n<meta property=\"article:modified_time\" content=\"2025-10-20T16:55:50+00:00\" \/>\n<meta property=\"og:image\" content=\"http:\/\/ticaret.edu.tr\/endustriyel-tasarim\/wp-content\/uploads\/sites\/23\/2021\/11\/web_logo-01.jpg\" \/>\n\t<meta property=\"og:image:width\" content=\"1250\" \/>\n\t<meta property=\"og:image:height\" content=\"833\" \/>\n\t<meta property=\"og:image:type\" content=\"image\/jpeg\" \/>\n<meta name=\"twitter:card\" content=\"summary_large_image\" \/>\n<meta name=\"twitter:site\" content=\"@ticaretedutr\" \/>\n<meta name=\"twitter:label1\" content=\"Tahmini okuma s\u00fcresi\" \/>\n\t<meta name=\"twitter:data1\" content=\"1 dakika\" \/>\n<script type=\"application\/ld+json\" class=\"yoast-schema-graph\">{\"@context\":\"https:\/\/schema.org\",\"@graph\":[{\"@type\":\"WebPage\",\"@id\":\"https:\/\/ticaret.edu.tr\/endustriyel-tasarim\/akreditasyon\/\",\"url\":\"https:\/\/ticaret.edu.tr\/endustriyel-tasarim\/akreditasyon\/\",\"name\":\"Akreditasyon - End\u00fcstriyel Tasar\u0131m\",\"isPartOf\":{\"@id\":\"https:\/\/ticaret.edu.tr\/endustriyel-tasarim\/#website\"},\"datePublished\":\"2025-01-27T07:44:51+00:00\",\"dateModified\":\"2025-10-20T16:55:50+00:00\",\"breadcrumb\":{\"@id\":\"https:\/\/ticaret.edu.tr\/endustriyel-tasarim\/akreditasyon\/#breadcrumb\"},\"inLanguage\":\"tr\",\"potentialAction\":[{\"@type\":\"ReadAction\",\"target\":[\"https:\/\/ticaret.edu.tr\/endustriyel-tasarim\/akreditasyon\/\"]}]},{\"@type\":\"BreadcrumbList\",\"@id\":\"https:\/\/ticaret.edu.tr\/endustriyel-tasarim\/akreditasyon\/#breadcrumb\",\"itemListElement\":[{\"@type\":\"ListItem\",\"position\":1,\"name\":\"Ana sayfa\",\"item\":\"https:\/\/ticaret.edu.tr\/endustriyel-tasarim\/\"},{\"@type\":\"ListItem\",\"position\":2,\"name\":\"Akreditasyon\"}]},{\"@type\":\"WebSite\",\"@id\":\"https:\/\/ticaret.edu.tr\/endustriyel-tasarim\/#website\",\"url\":\"https:\/\/ticaret.edu.tr\/endustriyel-tasarim\/\",\"name\":\"End\u00fcstriyel Tasar\u0131m\",\"description\":\"\",\"potentialAction\":[{\"@type\":\"SearchAction\",\"target\":{\"@type\":\"EntryPoint\",\"urlTemplate\":\"https:\/\/ticaret.edu.tr\/endustriyel-tasarim\/?s={search_term_string}\"},\"query-input\":\"required name=search_term_string\"}],\"inLanguage\":\"tr\"}]}<\/script>\n<!-- \/ Yoast SEO Premium plugin. -->","yoast_head_json":{"title":"Akreditasyon - End\u00fcstriyel Tasar\u0131m","robots":{"index":"index","follow":"follow","max-snippet":"max-snippet:-1","max-image-preview":"max-image-preview:large","max-video-preview":"max-video-preview:-1"},"canonical":"https:\/\/ticaret.edu.tr\/endustriyel-tasarim\/akreditasyon\/","og_locale":"tr_TR","og_type":"article","og_title":"Akreditasyon","og_description":"End\u00fcstriyel Tasar\u0131m B\u00f6l\u00fcm\u00fc olarak ENTAK Akreditasyonuna ba\u015fvurulmas\u0131 planlanmaktad\u0131r. \u0130leti\u015fim adresi: ENTAK Aktredistayon Bilgisi \u0130\u00e7in T\u0131klay\u0131n\u0131z Kalite g\u00fcvencesi \u00e7al\u0131\u015fmalar\u0131 kapsam\u0131nda, End\u00fcstriyel Tasar\u0131m B\u00f6l\u00fcm\u00fc Dan\u0131\u015fma Kurulu i\u00e7 payda\u015flar\u0131 (B\u00f6l\u00fcm Ba\u015fkan\u0131, B\u00f6l\u00fcm \u00d6\u011fretim \u00dcyeleri, B\u00f6l\u00fcm Kalite El\u00e7isi, B\u00f6l\u00fcm \u00d6\u011frenci Temsilcisi) \u00a0ile akreditasyon \u00e7al\u0131\u015fmalar\u0131 kapsam\u0131nda \u00f6n \u00e7al\u0131\u015fmalara ba\u015flanm\u0131\u015ft\u0131r. Ger\u00e7ekle\u015ftirilmi\u015f ENTAK Akreditasyon Toplant\u0131lar\u0131: Toplant\u0131 1: 07.04.2025, 10:00-15:30 (ger\u00e7ekle\u015ftirilmi\u015f ve kay\u0131t [&hellip;]","og_url":"https:\/\/ticaret.edu.tr\/endustriyel-tasarim\/akreditasyon\/","og_site_name":"End\u00fcstriyel Tasar\u0131m","article_publisher":"https:\/\/www.facebook.com\/ticaretedutr","article_modified_time":"2025-10-20T16:55:50+00:00","og_image":[{"width":1250,"height":833,"url":"http:\/\/ticaret.edu.tr\/endustriyel-tasarim\/wp-content\/uploads\/sites\/23\/2021\/11\/web_logo-01.jpg","type":"image\/jpeg"}],"twitter_card":"summary_large_image","twitter_site":"@ticaretedutr","twitter_misc":{"Tahmini okuma s\u00fcresi":"1 dakika"},"schema":{"@context":"https:\/\/schema.org","@graph":[{"@type":"WebPage","@id":"https:\/\/ticaret.edu.tr\/endustriyel-tasarim\/akreditasyon\/","url":"https:\/\/ticaret.edu.tr\/endustriyel-tasarim\/akreditasyon\/","name":"Akreditasyon - End\u00fcstriyel Tasar\u0131m","isPartOf":{"@id":"https:\/\/ticaret.edu.tr\/endustriyel-tasarim\/#website"},"datePublished":"2025-01-27T07:44:51+00:00","dateModified":"2025-10-20T16:55:50+00:00","breadcrumb":{"@id":"https:\/\/ticaret.edu.tr\/endustriyel-tasarim\/akreditasyon\/#breadcrumb"},"inLanguage":"tr","potentialAction":[{"@type":"ReadAction","target":["https:\/\/ticaret.edu.tr\/endustriyel-tasarim\/akreditasyon\/"]}]},{"@type":"BreadcrumbList","@id":"https:\/\/ticaret.edu.tr\/endustriyel-tasarim\/akreditasyon\/#breadcrumb","itemListElement":[{"@type":"ListItem","position":1,"name":"Ana sayfa","item":"https:\/\/ticaret.edu.tr\/endustriyel-tasarim\/"},{"@type":"ListItem","position":2,"name":"Akreditasyon"}]},{"@type":"WebSite","@id":"https:\/\/ticaret.edu.tr\/endustriyel-tasarim\/#website","url":"https:\/\/ticaret.edu.tr\/endustriyel-tasarim\/","name":"End\u00fcstriyel Tasar\u0131m","description":"","potentialAction":[{"@type":"SearchAction","target":{"@type":"EntryPoint","urlTemplate":"https:\/\/ticaret.edu.tr\/endustriyel-tasarim\/?s={search_term_string}"},"query-input":"required name=search_term_string"}],"inLanguage":"tr"}]}},"lang":"tr","translations":{"en":1066,"tr":1064},"pll_sync_post":[],"_links":{"self":[{"href":"http:\/\/ticaret.edu.tr\/endustriyel-tasarim\/wp-json\/wp\/v2\/pages\/1064"}],"collection":[{"href":"http:\/\/ticaret.edu.tr\/endustriyel-tasarim\/wp-json\/wp\/v2\/pages"}],"about":[{"href":"http:\/\/ticaret.edu.tr\/endustriyel-tasarim\/wp-json\/wp\/v2\/types\/page"}],"author":[{"embeddable":true,"href":"http:\/\/ticaret.edu.tr\/endustriyel-tasarim\/wp-json\/wp\/v2\/users\/139"}],"replies":[{"embeddable":true,"href":"http:\/\/ticaret.edu.tr\/endustriyel-tasarim\/wp-json\/wp\/v2\/comments?post=1064"}],"version-history":[{"count":3,"href":"http:\/\/ticaret.edu.tr\/endustriyel-tasarim\/wp-json\/wp\/v2\/pages\/1064\/revisions"}],"predecessor-version":[{"id":1412,"href":"http:\/\/ticaret.edu.tr\/endustriyel-tasarim\/wp-json\/wp\/v2\/pages\/1064\/revisions\/1412"}],"wp:attachment":[{"href":"http:\/\/ticaret.edu.tr\/endustriyel-tasarim\/wp-json\/wp\/v2\/media?parent=1064"}],"curies":[{"name":"wp","href":"https:\/\/api.w.org\/{rel}","templated":true}]}}