{"id":1078,"date":"2025-01-27T10:46:29","date_gmt":"2025-01-27T07:46:29","guid":{"rendered":"https:\/\/ticaret.edu.tr\/endustriyel-tasarim\/?page_id=1078"},"modified":"2026-02-25T10:22:23","modified_gmt":"2026-02-25T07:22:23","slug":"bolum-danisma-kurulu","status":"publish","type":"page","link":"http:\/\/ticaret.edu.tr\/endustriyel-tasarim\/bolum-danisma-kurulu\/","title":{"rendered":"B\u00f6l\u00fcm Dan\u0131\u015fma Kurulu"},"content":{"rendered":"<table style=\"height: 611px\" border=\"0\" width=\"795\" cellspacing=\"0\" cellpadding=\"0\">\n<colgroup>\n<col width=\"235\" \/>\n<col width=\"308\" \/>\n<col width=\"352\" \/><\/colgroup>\n<tbody>\n<tr>\n<td class=\"xl86\" style=\"text-align: center\" colspan=\"3\" width=\"895\" height=\"28\"><strong>B\u00f6l\u00fcm Dan\u0131\u015fma Kurulu \u00dcyeleri<\/strong><\/td>\n<\/tr>\n<tr>\n<td class=\"xl77\" style=\"text-align: center\" colspan=\"3\" width=\"895\" height=\"27\">B\u00f6l\u00fcm Ba\u015fkan\u0131: Do\u00e7. Dr. P\u0131nar \u00d6ZT\u00dcRK DEM\u0130RTA\u015e<\/td>\n<\/tr>\n<tr>\n<td class=\"xl77\" style=\"text-align: center\" colspan=\"3\" width=\"895\" height=\"27\">B\u00f6l\u00fcm \u00d6\u011fretim \u00dcyeleri: Do\u00e7. Dr. \u00c7\u0131nar NARTER<\/td>\n<\/tr>\n<tr>\n<td class=\"xl77\" style=\"text-align: center\" colspan=\"3\" width=\"895\" height=\"27\">B\u00f6l\u00fcm Kalite El\u00e7isi: Ar\u015f. G\u00f6r. Elif \u0130LBAY<\/td>\n<\/tr>\n<tr>\n<td class=\"xl80\" style=\"text-align: center\" colspan=\"3\" width=\"895\" height=\"27\">B\u00f6l\u00fcm \u00d6\u011frenci Temsilcisi: Fakih DEM\u0130R<\/td>\n<\/tr>\n<tr>\n<td class=\"xl83\" style=\"text-align: center\" colspan=\"3\" width=\"895\" height=\"31\"><strong>B\u00f6l\u00fcm Dan\u0131\u015fma Kurulu \u00dcyeleri (Kurum D\u0131\u015f\u0131 \u00dcyeler)<\/strong><\/td>\n<\/tr>\n<tr>\n<td class=\"xl69\" width=\"235\" height=\"28\"><strong>Ad\u0131-Soyad\u0131<\/strong><\/td>\n<td class=\"xl69\" width=\"308\"><strong>Kurumu<\/strong><\/td>\n<td class=\"xl69\" width=\"352\"><strong>G\u00f6revi<\/strong><\/td>\n<\/tr>\n<tr>\n<td class=\"xl67\" width=\"235\" height=\"52\">Prof. Dr. Meltem \u00d6ZKARAMAN \u015eEN<\/td>\n<td class=\"xl72\">Mimar Sinan G\u00fczel Sanatlar \u00dcniversitesi<\/td>\n<td class=\"xl73\">End\u00fcstriyel Tasar\u0131m B\u00f6l\u00fcm Ba\u015fkan\u0131<\/td>\n<\/tr>\n<tr>\n<td class=\"xl74\" height=\"52\">Dr. \u00d6\u011fr. \u00dcyesi Hakan ERTEM<\/td>\n<td class=\"xl65\" width=\"308\">Marmara \u00dcniversitesi,<br \/>\nEnd\u00fcstriyel Tasar\u0131m B\u00f6l\u00fcm\u00fc<\/td>\n<td class=\"xl75\">\u00d6\u011fretim \u00dcyesi<\/td>\n<\/tr>\n<tr>\n<td class=\"xl74\" height=\"52\">Dr. \u00d6\u011fr. \u00dcyesi Ersin ALACA<\/td>\n<td class=\"xl65\" width=\"308\">Medipol \u00dcniversitesi,<br \/>\nEnd\u00fcstriyel Tasar\u0131m B\u00f6l\u00fcm\u00fc<\/td>\n<td class=\"xl75\">\u00d6\u011fretim \u00dcyesi<\/td>\n<\/tr>\n<tr>\n<td class=\"xl64\" width=\"235\" height=\"52\">Kunter \u015eEKERC\u0130O\u011eLU<\/td>\n<td class=\"xl70\">Kilit Ta\u015f\u0131 Tasar\u0131m<\/td>\n<td class=\"xl66\" width=\"352\">Firma Sahibi<br \/>\nEnd\u00fcstriyel Tasar\u0131mc\u0131<\/td>\n<\/tr>\n<tr>\n<td class=\"xl64\" width=\"235\" height=\"52\">Serhan G\u00dcZELDEREN<\/td>\n<td class=\"xl70\">DesignVENA<\/td>\n<td class=\"xl66\" width=\"352\">Firma Sahibi<br \/>\nEnd\u00fcstriyel Tasar\u0131mc\u0131<\/td>\n<\/tr>\n<tr>\n<td class=\"xl64\" width=\"235\" height=\"52\">\u00dcmit ALTUN<\/td>\n<td class=\"xl70\">DesignUM<\/td>\n<td class=\"xl66\" width=\"352\">Firma Sahibi<br \/>\nEnd\u00fcstriyel Tasar\u0131mc\u0131 (Yedek \u00dcye)<\/td>\n<\/tr>\n<tr>\n<td class=\"xl68\" width=\"235\" height=\"52\">Dr. \u00d6\u011fr. \u00dcyesi Yener<br \/>\nALTIPARMAKO\u011eULLARI<\/td>\n<td class=\"xl71\" width=\"308\">Mimar Sinan G\u00fczel Sanatlar \u00dcniversitesi,<br \/>\nEnd\u00fcstriyel Tasar\u0131m B\u00f6l\u00fcm\u00fc<\/td>\n<td class=\"xl76\">\u00d6\u011fretim \u00dcyesi (Yedek \u00dcye)<\/td>\n<\/tr>\n<\/tbody>\n<\/table>\n<p><a href=\"http:\/\/ticaret.edu.tr\/endustriyel-tasarim\/wp-content\/uploads\/sites\/23\/2025\/12\/Danisma-Kurulu-Toplanti-Tutanagi.pdf\">28 Temmuz 2025 Dan\u0131\u015fma Kurulu Toplant\u0131 Raporu<\/a><\/p>\n","protected":false},"excerpt":{"rendered":"<p>B\u00f6l\u00fcm Dan\u0131\u015fma Kurulu \u00dcyeleri B\u00f6l\u00fcm Ba\u015fkan\u0131: Do\u00e7. Dr. P\u0131nar \u00d6ZT\u00dcRK DEM\u0130RTA\u015e B\u00f6l\u00fcm \u00d6\u011fretim \u00dcyeleri: Do\u00e7. Dr. \u00c7\u0131nar NARTER B\u00f6l\u00fcm Kalite El\u00e7isi: Ar\u015f. G\u00f6r. Elif \u0130LBAY B\u00f6l\u00fcm \u00d6\u011frenci Temsilcisi: Fakih DEM\u0130R B\u00f6l\u00fcm Dan\u0131\u015fma Kurulu \u00dcyeleri (Kurum D\u0131\u015f\u0131 \u00dcyeler) Ad\u0131-Soyad\u0131 Kurumu G\u00f6revi Prof. Dr. Meltem \u00d6ZKARAMAN \u015eEN Mimar Sinan G\u00fczel Sanatlar \u00dcniversitesi End\u00fcstriyel Tasar\u0131m B\u00f6l\u00fcm Ba\u015fkan\u0131 Dr. [&hellip;]<\/p>\n","protected":false},"author":139,"featured_media":0,"parent":0,"menu_order":0,"comment_status":"closed","ping_status":"closed","template":"genel_sayfa.php","meta":{"footnotes":""},"yoast_head":"<!-- This site is optimized with the Yoast SEO Premium plugin v22.1 (Yoast SEO v22.1) - https:\/\/yoast.com\/wordpress\/plugins\/seo\/ -->\n<title>B\u00f6l\u00fcm Dan\u0131\u015fma Kurulu - End\u00fcstriyel Tasar\u0131m<\/title>\n<meta name=\"robots\" content=\"index, follow, max-snippet:-1, max-image-preview:large, max-video-preview:-1\" \/>\n<link rel=\"canonical\" href=\"http:\/\/ticaret.edu.tr\/endustriyel-tasarim\/bolum-danisma-kurulu\/\" \/>\n<meta property=\"og:locale\" content=\"tr_TR\" \/>\n<meta property=\"og:type\" content=\"article\" \/>\n<meta property=\"og:title\" content=\"B\u00f6l\u00fcm Dan\u0131\u015fma Kurulu\" \/>\n<meta property=\"og:description\" content=\"B\u00f6l\u00fcm Dan\u0131\u015fma Kurulu \u00dcyeleri B\u00f6l\u00fcm Ba\u015fkan\u0131: Do\u00e7. Dr. P\u0131nar \u00d6ZT\u00dcRK DEM\u0130RTA\u015e B\u00f6l\u00fcm \u00d6\u011fretim \u00dcyeleri: Do\u00e7. Dr. \u00c7\u0131nar NARTER B\u00f6l\u00fcm Kalite El\u00e7isi: Ar\u015f. G\u00f6r. Elif \u0130LBAY B\u00f6l\u00fcm \u00d6\u011frenci Temsilcisi: Fakih DEM\u0130R B\u00f6l\u00fcm Dan\u0131\u015fma Kurulu \u00dcyeleri (Kurum D\u0131\u015f\u0131 \u00dcyeler) Ad\u0131-Soyad\u0131 Kurumu G\u00f6revi Prof. Dr. Meltem \u00d6ZKARAMAN \u015eEN Mimar Sinan G\u00fczel Sanatlar \u00dcniversitesi End\u00fcstriyel Tasar\u0131m B\u00f6l\u00fcm Ba\u015fkan\u0131 Dr. [&hellip;]\" \/>\n<meta property=\"og:url\" content=\"http:\/\/ticaret.edu.tr\/endustriyel-tasarim\/bolum-danisma-kurulu\/\" \/>\n<meta property=\"og:site_name\" content=\"End\u00fcstriyel Tasar\u0131m\" \/>\n<meta property=\"article:publisher\" content=\"https:\/\/www.facebook.com\/ticaretedutr\" \/>\n<meta property=\"article:modified_time\" content=\"2026-02-25T07:22:23+00:00\" \/>\n<meta property=\"og:image\" content=\"http:\/\/ticaret.edu.tr\/endustriyel-tasarim\/wp-content\/uploads\/sites\/23\/2021\/11\/web_logo-01.jpg\" \/>\n\t<meta property=\"og:image:width\" content=\"1250\" \/>\n\t<meta property=\"og:image:height\" content=\"833\" \/>\n\t<meta property=\"og:image:type\" content=\"image\/jpeg\" \/>\n<meta name=\"twitter:card\" content=\"summary_large_image\" \/>\n<meta name=\"twitter:site\" content=\"@ticaretedutr\" \/>\n<meta name=\"twitter:label1\" content=\"Tahmini okuma s\u00fcresi\" \/>\n\t<meta name=\"twitter:data1\" content=\"1 dakika\" \/>\n<script type=\"application\/ld+json\" class=\"yoast-schema-graph\">{\"@context\":\"https:\/\/schema.org\",\"@graph\":[{\"@type\":\"WebPage\",\"@id\":\"http:\/\/ticaret.edu.tr\/endustriyel-tasarim\/bolum-danisma-kurulu\/\",\"url\":\"http:\/\/ticaret.edu.tr\/endustriyel-tasarim\/bolum-danisma-kurulu\/\",\"name\":\"B\u00f6l\u00fcm Dan\u0131\u015fma Kurulu - End\u00fcstriyel Tasar\u0131m\",\"isPartOf\":{\"@id\":\"https:\/\/ticaret.edu.tr\/endustriyel-tasarim\/#website\"},\"datePublished\":\"2025-01-27T07:46:29+00:00\",\"dateModified\":\"2026-02-25T07:22:23+00:00\",\"breadcrumb\":{\"@id\":\"http:\/\/ticaret.edu.tr\/endustriyel-tasarim\/bolum-danisma-kurulu\/#breadcrumb\"},\"inLanguage\":\"tr\",\"potentialAction\":[{\"@type\":\"ReadAction\",\"target\":[\"http:\/\/ticaret.edu.tr\/endustriyel-tasarim\/bolum-danisma-kurulu\/\"]}]},{\"@type\":\"BreadcrumbList\",\"@id\":\"http:\/\/ticaret.edu.tr\/endustriyel-tasarim\/bolum-danisma-kurulu\/#breadcrumb\",\"itemListElement\":[{\"@type\":\"ListItem\",\"position\":1,\"name\":\"Ana sayfa\",\"item\":\"https:\/\/ticaret.edu.tr\/endustriyel-tasarim\/\"},{\"@type\":\"ListItem\",\"position\":2,\"name\":\"B\u00f6l\u00fcm Dan\u0131\u015fma Kurulu\"}]},{\"@type\":\"WebSite\",\"@id\":\"https:\/\/ticaret.edu.tr\/endustriyel-tasarim\/#website\",\"url\":\"https:\/\/ticaret.edu.tr\/endustriyel-tasarim\/\",\"name\":\"End\u00fcstriyel Tasar\u0131m\",\"description\":\"\",\"potentialAction\":[{\"@type\":\"SearchAction\",\"target\":{\"@type\":\"EntryPoint\",\"urlTemplate\":\"https:\/\/ticaret.edu.tr\/endustriyel-tasarim\/?s={search_term_string}\"},\"query-input\":\"required name=search_term_string\"}],\"inLanguage\":\"tr\"}]}<\/script>\n<!-- \/ Yoast SEO Premium plugin. -->","yoast_head_json":{"title":"B\u00f6l\u00fcm Dan\u0131\u015fma Kurulu - End\u00fcstriyel Tasar\u0131m","robots":{"index":"index","follow":"follow","max-snippet":"max-snippet:-1","max-image-preview":"max-image-preview:large","max-video-preview":"max-video-preview:-1"},"canonical":"http:\/\/ticaret.edu.tr\/endustriyel-tasarim\/bolum-danisma-kurulu\/","og_locale":"tr_TR","og_type":"article","og_title":"B\u00f6l\u00fcm Dan\u0131\u015fma Kurulu","og_description":"B\u00f6l\u00fcm Dan\u0131\u015fma Kurulu \u00dcyeleri B\u00f6l\u00fcm Ba\u015fkan\u0131: Do\u00e7. Dr. P\u0131nar \u00d6ZT\u00dcRK DEM\u0130RTA\u015e B\u00f6l\u00fcm \u00d6\u011fretim \u00dcyeleri: Do\u00e7. Dr. \u00c7\u0131nar NARTER B\u00f6l\u00fcm Kalite El\u00e7isi: Ar\u015f. G\u00f6r. Elif \u0130LBAY B\u00f6l\u00fcm \u00d6\u011frenci Temsilcisi: Fakih DEM\u0130R B\u00f6l\u00fcm Dan\u0131\u015fma Kurulu \u00dcyeleri (Kurum D\u0131\u015f\u0131 \u00dcyeler) Ad\u0131-Soyad\u0131 Kurumu G\u00f6revi Prof. Dr. Meltem \u00d6ZKARAMAN \u015eEN Mimar Sinan G\u00fczel Sanatlar \u00dcniversitesi End\u00fcstriyel Tasar\u0131m B\u00f6l\u00fcm Ba\u015fkan\u0131 Dr. [&hellip;]","og_url":"http:\/\/ticaret.edu.tr\/endustriyel-tasarim\/bolum-danisma-kurulu\/","og_site_name":"End\u00fcstriyel Tasar\u0131m","article_publisher":"https:\/\/www.facebook.com\/ticaretedutr","article_modified_time":"2026-02-25T07:22:23+00:00","og_image":[{"width":1250,"height":833,"url":"http:\/\/ticaret.edu.tr\/endustriyel-tasarim\/wp-content\/uploads\/sites\/23\/2021\/11\/web_logo-01.jpg","type":"image\/jpeg"}],"twitter_card":"summary_large_image","twitter_site":"@ticaretedutr","twitter_misc":{"Tahmini okuma s\u00fcresi":"1 dakika"},"schema":{"@context":"https:\/\/schema.org","@graph":[{"@type":"WebPage","@id":"http:\/\/ticaret.edu.tr\/endustriyel-tasarim\/bolum-danisma-kurulu\/","url":"http:\/\/ticaret.edu.tr\/endustriyel-tasarim\/bolum-danisma-kurulu\/","name":"B\u00f6l\u00fcm Dan\u0131\u015fma Kurulu - End\u00fcstriyel Tasar\u0131m","isPartOf":{"@id":"https:\/\/ticaret.edu.tr\/endustriyel-tasarim\/#website"},"datePublished":"2025-01-27T07:46:29+00:00","dateModified":"2026-02-25T07:22:23+00:00","breadcrumb":{"@id":"http:\/\/ticaret.edu.tr\/endustriyel-tasarim\/bolum-danisma-kurulu\/#breadcrumb"},"inLanguage":"tr","potentialAction":[{"@type":"ReadAction","target":["http:\/\/ticaret.edu.tr\/endustriyel-tasarim\/bolum-danisma-kurulu\/"]}]},{"@type":"BreadcrumbList","@id":"http:\/\/ticaret.edu.tr\/endustriyel-tasarim\/bolum-danisma-kurulu\/#breadcrumb","itemListElement":[{"@type":"ListItem","position":1,"name":"Ana sayfa","item":"https:\/\/ticaret.edu.tr\/endustriyel-tasarim\/"},{"@type":"ListItem","position":2,"name":"B\u00f6l\u00fcm Dan\u0131\u015fma Kurulu"}]},{"@type":"WebSite","@id":"https:\/\/ticaret.edu.tr\/endustriyel-tasarim\/#website","url":"https:\/\/ticaret.edu.tr\/endustriyel-tasarim\/","name":"End\u00fcstriyel Tasar\u0131m","description":"","potentialAction":[{"@type":"SearchAction","target":{"@type":"EntryPoint","urlTemplate":"https:\/\/ticaret.edu.tr\/endustriyel-tasarim\/?s={search_term_string}"},"query-input":"required name=search_term_string"}],"inLanguage":"tr"}]}},"lang":"tr","translations":{"en":1080,"tr":1078},"pll_sync_post":[],"_links":{"self":[{"href":"http:\/\/ticaret.edu.tr\/endustriyel-tasarim\/wp-json\/wp\/v2\/pages\/1078"}],"collection":[{"href":"http:\/\/ticaret.edu.tr\/endustriyel-tasarim\/wp-json\/wp\/v2\/pages"}],"about":[{"href":"http:\/\/ticaret.edu.tr\/endustriyel-tasarim\/wp-json\/wp\/v2\/types\/page"}],"author":[{"embeddable":true,"href":"http:\/\/ticaret.edu.tr\/endustriyel-tasarim\/wp-json\/wp\/v2\/users\/139"}],"replies":[{"embeddable":true,"href":"http:\/\/ticaret.edu.tr\/endustriyel-tasarim\/wp-json\/wp\/v2\/comments?post=1078"}],"version-history":[{"count":8,"href":"http:\/\/ticaret.edu.tr\/endustriyel-tasarim\/wp-json\/wp\/v2\/pages\/1078\/revisions"}],"predecessor-version":[{"id":1679,"href":"http:\/\/ticaret.edu.tr\/endustriyel-tasarim\/wp-json\/wp\/v2\/pages\/1078\/revisions\/1679"}],"wp:attachment":[{"href":"http:\/\/ticaret.edu.tr\/endustriyel-tasarim\/wp-json\/wp\/v2\/media?parent=1078"}],"curies":[{"name":"wp","href":"https:\/\/api.w.org\/{rel}","templated":true}]}}