{"id":11,"date":"2020-05-03T18:48:31","date_gmt":"2020-05-03T15:48:31","guid":{"rendered":"http:\/\/ticaret.edu.tr\/endustriyel\/?page_id=11"},"modified":"2025-02-11T16:20:02","modified_gmt":"2025-02-11T13:20:02","slug":"akademik-kadro","status":"publish","type":"page","link":"http:\/\/ticaret.edu.tr\/endustriyel-tasarim\/akademik-kadro\/","title":{"rendered":"Akademik Kadro"},"content":{"rendered":"<style media=\"screen\">\r\n  \/* .akademikkadro_list { list-style: none; padding: 0; margin: 0;}\r\n  .akademikkadro_list li { float:left; width: 50%; margin-bottom: 8px; border-bottom: 1px solid rgba(0,0,0, 0.2); transition: all 0.3s ease-in-out; background-color: #fff;}\r\n  .akademikkadro_list li:first-child { width: 100%; }\r\n  .akademikkadro_list li:first-child .akademik_left { height: 220px;}\r\n  .akademikkadro_list li:hover { background-color: rgba(0,0,0, 0.05); cursor: pointer; }\r\n  .akademik_left { float:left; width: 35%; height: 150px; padding: 10px; border-bottom: 4px solid #0d1554; }\r\n  .akademik_cover { width: 100%; background-size: cover; background-position: center center; height: 100%; border: 1px solid #0d1554;  }\r\n  .akademik_content { float:left; width: 65%; padding: 15px 0px; font-size: 13px; }\r\n  .akademik_content h4 { font-size: 14px; font-weight: 600; }\r\n  .kenar { padding-left: 0; padding-right: 0; } *\/\r\n  @media (max-width: 460px) {\r\n    .akademikkadro_list li { width: 100%!important; }\r\n    .akademikkadro_list li:first-child .akademik_left { height: 120px!important; width: 27%!important;}\r\n    .dropdown-menu .dropdown-menu .dropdown-menu { left: 0px!important; }\r\n    .akademik_content { width: 73%!important; }\r\n\r\n  }\r\n  .akademikkadro_list { list-style: none; padding: 0; margin: 0;}\r\n  .akademikkadro_list li { float:left; width: 50%; margin-bottom: 8px; border-bottom: 1px solid rgba(0,0,0, 0.2); transition: all 0.3s ease-in-out; background-color: #fff;}\r\n  .akademikkadro_list li:first-child { width: 100%; }\r\n  .akademikkadro_list li:first-child .akademik_left { height: 140px; width: 15%;}\r\n  .akademikkadro_list li:hover { background-color: rgba(0,0,0, 0.05); cursor: pointer; }\r\n  .akademik_left { float:left; width: 24%; height: 120px; padding: 10px; border-bottom: 4px solid #0d1554; }\r\n  .akademik_cover { width: 100%; background-size: cover; background-position: top center; height: 100%; border: 2px solid #0d1554; border-radius: 8px; }\r\n  .akademik_content { float:left; width: 76%; padding: 15px 0px; font-size: 13px; position: relative; }\r\n  .akademik_content h4 { font-size: 14px; font-weight: 600; }\r\n  .akademik-line { position: relative; \/*z-index: 9999999;*\/ }\r\n  .akademik_content:after { position: absolute; right: 20px; font-size: 50px; font-family: \"Font Awesome 5 Free\"; content:\"\\f2c2\"; top: 20%; color:#fff; z-index: 1; }\r\n  .kenar { padding-left: 0; padding-right: 0; }\r\n<\/style>\r\n\r\n      <ul class=\"akademikkadro_list\">\r\n                            <li class=\"akademiklist_li\" cv_target=\"https:\/\/avesis.ticaret.edu.tr\/podemirtas\">\r\n            <div class=\"akademik_left\">\r\n              <div class=\"akademik_cover\" style=\"background-image: url('https:\/\/ticaret.edu.tr\/wp-content\/uploads\/2025\/05\/MEITU_20250421_175259710-scaled.jpg');\"><\/div>\r\n            <\/div>\r\n            <div class=\"akademik_content\">\r\n              <a href=\"https:\/\/avesis.ticaret.edu.tr\/podemirtas\" target=\"_blank\"><h4>Assoc. Prof. Dr.\u00a0 P\u0131nar \u00d6ZT\u00dcRK DEM\u0130RTA\u015e<\/h4><\/a>\r\n              <div class=\"akademik-line\">Faculty of Architecture and Design<\/div>\r\n              <div class=\"akademik-line\">Industrial Design<\/div>\r\n              <div class=\"akademik-line\">Head of Department<\/div>\r\n            <\/div>\r\n          <\/li>\r\n                            <li class=\"akademiklist_li\" cv_target=\"https:\/\/avesis.ticaret.edu.tr\/caltiparmakogullari\">\r\n            <div class=\"akademik_left\">\r\n              <div class=\"akademik_cover\" style=\"background-image: url('https:\/\/ticaret.edu.tr\/wp-content\/uploads\/2026\/02\/Ceyda-Altiparmakogullari.jpg');\"><\/div>\r\n            <\/div>\r\n            <div class=\"akademik_content\">\r\n              <a href=\"https:\/\/avesis.ticaret.edu.tr\/caltiparmakogullari\" target=\"_blank\"><h4>FM Dr. Ceyda ALTIPARMAKO\u011eULLARI<\/h4><\/a>\r\n              <div class=\"akademik-line\">Faculty of Architecture and Design<\/div>\r\n              <div class=\"akademik-line\">Industrial Design<\/div>\r\n              <div class=\"akademik-line\">Faculty Member<\/div>\r\n            <\/div>\r\n          <\/li>\r\n                            <li class=\"akademiklist_li\" cv_target=\"https:\/\/avesis.ticaret.edu.tr\/cnarter\">\r\n            <div class=\"akademik_left\">\r\n              <div class=\"akademik_cover\" style=\"background-image: url('https:\/\/ticaret.edu.tr\/wp-content\/uploads\/2023\/03\/cinar-scaled.jpg');\"><\/div>\r\n            <\/div>\r\n            <div class=\"akademik_content\">\r\n              <a href=\"https:\/\/avesis.ticaret.edu.tr\/cnarter\" target=\"_blank\"><h4>Assoc. Prof. Dr.\u00a0 \u00c7\u0131nar NARTER<\/h4><\/a>\r\n              <div class=\"akademik-line\">Faculty of Architecture and Design<\/div>\r\n              <div class=\"akademik-line\">Industrial Design<\/div>\r\n              <div class=\"akademik-line\">Faculty Member<\/div>\r\n            <\/div>\r\n          <\/li>\r\n                            <li class=\"akademiklist_li\" cv_target=\"https:\/\/avesis.ticaret.edu.tr\/aeser\">\r\n            <div class=\"akademik_left\">\r\n              <div class=\"akademik_cover\" style=\"background-image: url('https:\/\/ticaret.edu.tr\/wp-content\/uploads\/2025\/05\/yeni-DSCF75211-scaled.jpg');\"><\/div>\r\n            <\/div>\r\n            <div class=\"akademik_content\">\r\n              <a href=\"https:\/\/avesis.ticaret.edu.tr\/aeser\" target=\"_blank\"><h4>Lect. Aybike ESER<\/h4><\/a>\r\n              <div class=\"akademik-line\">Faculty of Architecture and Design<\/div>\r\n              <div class=\"akademik-line\">Industrial Design<\/div>\r\n              <div class=\"akademik-line\">Lecturer<\/div>\r\n            <\/div>\r\n          <\/li>\r\n                            <li class=\"akademiklist_li\" cv_target=\"https:\/\/avesis.ticaret.edu.tr\/btorum\">\r\n            <div class=\"akademik_left\">\r\n              <div class=\"akademik_cover\" style=\"background-image: url('https:\/\/ticaret.edu.tr\/wp-content\/uploads\/2025\/05\/DSCF2892-scaled.jpg');\"><\/div>\r\n            <\/div>\r\n            <div class=\"akademik_content\">\r\n              <a href=\"https:\/\/avesis.ticaret.edu.tr\/btorum\" target=\"_blank\"><h4>Lect. Burcu TORUM<\/h4><\/a>\r\n              <div class=\"akademik-line\">Faculty of Architecture and Design<\/div>\r\n              <div class=\"akademik-line\">Industrial Design<\/div>\r\n              <div class=\"akademik-line\">Lecturer<\/div>\r\n            <\/div>\r\n          <\/li>\r\n                            <li class=\"akademiklist_li\" cv_target=\"https:\/\/avesis.ticaret.edu.tr\/csitembolukbasi\">\r\n            <div class=\"akademik_left\">\r\n              <div class=\"akademik_cover\" style=\"background-image: url('https:\/\/ticaret.edu.tr\/wp-content\/uploads\/2025\/05\/DSCF2542-scaled.jpg');\"><\/div>\r\n            <\/div>\r\n            <div class=\"akademik_content\">\r\n              <a href=\"https:\/\/avesis.ticaret.edu.tr\/csitembolukbasi\" target=\"_blank\"><h4>Lect. Ceylan \u015eAH\u0130N<\/h4><\/a>\r\n              <div class=\"akademik-line\">Faculty of Architecture and Design<\/div>\r\n              <div class=\"akademik-line\">Industrial Design<\/div>\r\n              <div class=\"akademik-line\">Lecturer<\/div>\r\n            <\/div>\r\n          <\/li>\r\n                            <li class=\"akademiklist_li\" cv_target=\"https:\/\/avesis.ticaret.edu.tr\/egokaltay\">\r\n            <div class=\"akademik_left\">\r\n              <div class=\"akademik_cover\" style=\"background-image: url('https:\/\/ticaret.edu.tr\/wp-content\/uploads\/2025\/05\/yeni-DSCF75444-scaled.jpg');\"><\/div>\r\n            <\/div>\r\n            <div class=\"akademik_content\">\r\n              <a href=\"https:\/\/avesis.ticaret.edu.tr\/egokaltay\" target=\"_blank\"><h4>Instructor Elif G\u00d6KALTAY<\/h4><\/a>\r\n              <div class=\"akademik-line\">Faculty of Architecture and Design<\/div>\r\n              <div class=\"akademik-line\">Industrial Design<\/div>\r\n              <div class=\"akademik-line\">Lecturer<\/div>\r\n            <\/div>\r\n          <\/li>\r\n                            <li class=\"akademiklist_li\" cv_target=\"https:\/\/avesis.ticaret.edu.tr\/eilbay\">\r\n            <div class=\"akademik_left\">\r\n              <div class=\"akademik_cover\" style=\"background-image: url('https:\/\/ticaret.edu.tr\/wp-content\/uploads\/2025\/05\/DSCF7534-scaled.jpg');\"><\/div>\r\n            <\/div>\r\n            <div class=\"akademik_content\">\r\n              <a href=\"https:\/\/avesis.ticaret.edu.tr\/eilbay\" target=\"_blank\"><h4>RA Elif \u0130LBAY<\/h4><\/a>\r\n              <div class=\"akademik-line\">Faculty of Architecture and Design<\/div>\r\n              <div class=\"akademik-line\">Industrial Design<\/div>\r\n              <div class=\"akademik-line\">Research Assistant<\/div>\r\n            <\/div>\r\n          <\/li>\r\n                            <li class=\"akademiklist_li\" cv_target=\"https:\/\/avesis.ticaret.edu.tr\/\">\r\n            <div class=\"akademik_left\">\r\n              <div class=\"akademik_cover\" style=\"background-image: url('http:\/\/ticaret.edu.tr\/wp-content\/uploads\/2022\/07\/akademik-boyut1.png');\"><\/div>\r\n            <\/div>\r\n            <div class=\"akademik_content\">\r\n              <a href=\"https:\/\/avesis.ticaret.edu.tr\/\" target=\"_blank\"><h4>**Lect. Nilg\u00fcn Ak\u00fcz\u00fcm PR\u0130NS<\/h4><\/a>\r\n              <div class=\"akademik-line\">Faculty of Architecture and Design<\/div>\r\n              <div class=\"akademik-line\">Industrial Design<\/div>\r\n              <div class=\"akademik-line\">Lecturer<\/div>\r\n            <\/div>\r\n          <\/li>\r\n                            <li class=\"akademiklist_li\" cv_target=\"https:\/\/avesis.ticaret.edu.tr\/\">\r\n            <div class=\"akademik_left\">\r\n              <div class=\"akademik_cover\" style=\"background-image: url('http:\/\/ticaret.edu.tr\/wp-content\/uploads\/2022\/07\/akademik-boyut1.png');\"><\/div>\r\n            <\/div>\r\n            <div class=\"akademik_content\">\r\n              <a href=\"https:\/\/avesis.ticaret.edu.tr\/\" target=\"_blank\"><h4>*Assistant Professor Hakan ERTEM<\/h4><\/a>\r\n              <div class=\"akademik-line\">Faculty of Architecture and Design<\/div>\r\n              <div class=\"akademik-line\">Industrial design<\/div>\r\n              <div class=\"akademik-line\">Visiting Faculty Member<\/div>\r\n            <\/div>\r\n          <\/li>\r\n              <\/ul>\r\n\r\n      \n<div class=\"table-responsive\">\u201c**\u201d 2547 say\u0131l\u0131 kanunun 31. maddesi uyar\u0131nca g\u00f6revlendirilmi\u015ftir.<\/div>\n","protected":false},"excerpt":{"rendered":"<p>\u201c**\u201d 2547 say\u0131l\u0131 kanunun 31. maddesi uyar\u0131nca g\u00f6revlendirilmi\u015ftir.<\/p>\n","protected":false},"author":1,"featured_media":0,"parent":0,"menu_order":0,"comment_status":"closed","ping_status":"closed","template":"genel_sayfa.php","meta":{"footnotes":""},"yoast_head":"<!-- This site is optimized with the Yoast SEO Premium plugin v22.1 (Yoast SEO v22.1) - https:\/\/yoast.com\/wordpress\/plugins\/seo\/ -->\n<title>Akademik Kadro - End\u00fcstriyel Tasar\u0131m<\/title>\n<meta name=\"description\" content=\"End\u00fcstriyel tasar\u0131m b\u00f6l\u00fcm\u00fc akademik kadro.\" \/>\n<meta name=\"robots\" content=\"index, follow, max-snippet:-1, max-image-preview:large, max-video-preview:-1\" \/>\n<link rel=\"canonical\" href=\"https:\/\/ticaret.edu.tr\/endustriyel-tasarim\/akademik-kadro\/\" \/>\n<meta property=\"og:locale\" content=\"tr_TR\" \/>\n<meta property=\"og:type\" content=\"article\" \/>\n<meta property=\"og:title\" content=\"Akademik Kadro\" \/>\n<meta property=\"og:description\" content=\"End\u00fcstriyel tasar\u0131m b\u00f6l\u00fcm\u00fc akademik kadro.\" \/>\n<meta property=\"og:url\" content=\"https:\/\/ticaret.edu.tr\/endustriyel-tasarim\/akademik-kadro\/\" \/>\n<meta property=\"og:site_name\" content=\"End\u00fcstriyel Tasar\u0131m\" \/>\n<meta property=\"article:publisher\" content=\"https:\/\/www.facebook.com\/ticaretedutr\" \/>\n<meta property=\"article:modified_time\" content=\"2025-02-11T13:20:02+00:00\" \/>\n<meta property=\"og:image\" content=\"http:\/\/ticaret.edu.tr\/endustriyel-tasarim\/wp-content\/uploads\/sites\/23\/2021\/11\/web_logo-01.jpg\" \/>\n\t<meta property=\"og:image:width\" content=\"1250\" \/>\n\t<meta property=\"og:image:height\" content=\"833\" \/>\n\t<meta property=\"og:image:type\" content=\"image\/jpeg\" \/>\n<meta name=\"twitter:card\" content=\"summary_large_image\" \/>\n<meta name=\"twitter:site\" content=\"@ticaretedutr\" \/>\n<script type=\"application\/ld+json\" class=\"yoast-schema-graph\">{\"@context\":\"https:\/\/schema.org\",\"@graph\":[{\"@type\":\"WebPage\",\"@id\":\"https:\/\/ticaret.edu.tr\/endustriyel-tasarim\/akademik-kadro\/\",\"url\":\"https:\/\/ticaret.edu.tr\/endustriyel-tasarim\/akademik-kadro\/\",\"name\":\"Akademik Kadro - End\u00fcstriyel Tasar\u0131m\",\"isPartOf\":{\"@id\":\"https:\/\/ticaret.edu.tr\/endustriyel-tasarim\/#website\"},\"datePublished\":\"2020-05-03T15:48:31+00:00\",\"dateModified\":\"2025-02-11T13:20:02+00:00\",\"description\":\"End\u00fcstriyel tasar\u0131m b\u00f6l\u00fcm\u00fc akademik kadro.\",\"breadcrumb\":{\"@id\":\"https:\/\/ticaret.edu.tr\/endustriyel-tasarim\/akademik-kadro\/#breadcrumb\"},\"inLanguage\":\"tr\",\"potentialAction\":[{\"@type\":\"ReadAction\",\"target\":[\"https:\/\/ticaret.edu.tr\/endustriyel-tasarim\/akademik-kadro\/\"]}]},{\"@type\":\"BreadcrumbList\",\"@id\":\"https:\/\/ticaret.edu.tr\/endustriyel-tasarim\/akademik-kadro\/#breadcrumb\",\"itemListElement\":[{\"@type\":\"ListItem\",\"position\":1,\"name\":\"Ana sayfa\",\"item\":\"https:\/\/ticaret.edu.tr\/endustriyel-tasarim\/\"},{\"@type\":\"ListItem\",\"position\":2,\"name\":\"Akademik Kadro\"}]},{\"@type\":\"WebSite\",\"@id\":\"https:\/\/ticaret.edu.tr\/endustriyel-tasarim\/#website\",\"url\":\"https:\/\/ticaret.edu.tr\/endustriyel-tasarim\/\",\"name\":\"End\u00fcstriyel Tasar\u0131m\",\"description\":\"\",\"potentialAction\":[{\"@type\":\"SearchAction\",\"target\":{\"@type\":\"EntryPoint\",\"urlTemplate\":\"https:\/\/ticaret.edu.tr\/endustriyel-tasarim\/?s={search_term_string}\"},\"query-input\":\"required name=search_term_string\"}],\"inLanguage\":\"tr\"}]}<\/script>\n<!-- \/ Yoast SEO Premium plugin. -->","yoast_head_json":{"title":"Akademik Kadro - End\u00fcstriyel Tasar\u0131m","description":"End\u00fcstriyel tasar\u0131m b\u00f6l\u00fcm\u00fc akademik kadro.","robots":{"index":"index","follow":"follow","max-snippet":"max-snippet:-1","max-image-preview":"max-image-preview:large","max-video-preview":"max-video-preview:-1"},"canonical":"https:\/\/ticaret.edu.tr\/endustriyel-tasarim\/akademik-kadro\/","og_locale":"tr_TR","og_type":"article","og_title":"Akademik Kadro","og_description":"End\u00fcstriyel tasar\u0131m b\u00f6l\u00fcm\u00fc akademik kadro.","og_url":"https:\/\/ticaret.edu.tr\/endustriyel-tasarim\/akademik-kadro\/","og_site_name":"End\u00fcstriyel Tasar\u0131m","article_publisher":"https:\/\/www.facebook.com\/ticaretedutr","article_modified_time":"2025-02-11T13:20:02+00:00","og_image":[{"width":1250,"height":833,"url":"http:\/\/ticaret.edu.tr\/endustriyel-tasarim\/wp-content\/uploads\/sites\/23\/2021\/11\/web_logo-01.jpg","type":"image\/jpeg"}],"twitter_card":"summary_large_image","twitter_site":"@ticaretedutr","schema":{"@context":"https:\/\/schema.org","@graph":[{"@type":"WebPage","@id":"https:\/\/ticaret.edu.tr\/endustriyel-tasarim\/akademik-kadro\/","url":"https:\/\/ticaret.edu.tr\/endustriyel-tasarim\/akademik-kadro\/","name":"Akademik Kadro - End\u00fcstriyel Tasar\u0131m","isPartOf":{"@id":"https:\/\/ticaret.edu.tr\/endustriyel-tasarim\/#website"},"datePublished":"2020-05-03T15:48:31+00:00","dateModified":"2025-02-11T13:20:02+00:00","description":"End\u00fcstriyel tasar\u0131m b\u00f6l\u00fcm\u00fc akademik kadro.","breadcrumb":{"@id":"https:\/\/ticaret.edu.tr\/endustriyel-tasarim\/akademik-kadro\/#breadcrumb"},"inLanguage":"tr","potentialAction":[{"@type":"ReadAction","target":["https:\/\/ticaret.edu.tr\/endustriyel-tasarim\/akademik-kadro\/"]}]},{"@type":"BreadcrumbList","@id":"https:\/\/ticaret.edu.tr\/endustriyel-tasarim\/akademik-kadro\/#breadcrumb","itemListElement":[{"@type":"ListItem","position":1,"name":"Ana sayfa","item":"https:\/\/ticaret.edu.tr\/endustriyel-tasarim\/"},{"@type":"ListItem","position":2,"name":"Akademik Kadro"}]},{"@type":"WebSite","@id":"https:\/\/ticaret.edu.tr\/endustriyel-tasarim\/#website","url":"https:\/\/ticaret.edu.tr\/endustriyel-tasarim\/","name":"End\u00fcstriyel Tasar\u0131m","description":"","potentialAction":[{"@type":"SearchAction","target":{"@type":"EntryPoint","urlTemplate":"https:\/\/ticaret.edu.tr\/endustriyel-tasarim\/?s={search_term_string}"},"query-input":"required name=search_term_string"}],"inLanguage":"tr"}]}},"lang":"tr","translations":{"en":335,"tr":11},"pll_sync_post":[],"_links":{"self":[{"href":"http:\/\/ticaret.edu.tr\/endustriyel-tasarim\/wp-json\/wp\/v2\/pages\/11"}],"collection":[{"href":"http:\/\/ticaret.edu.tr\/endustriyel-tasarim\/wp-json\/wp\/v2\/pages"}],"about":[{"href":"http:\/\/ticaret.edu.tr\/endustriyel-tasarim\/wp-json\/wp\/v2\/types\/page"}],"author":[{"embeddable":true,"href":"http:\/\/ticaret.edu.tr\/endustriyel-tasarim\/wp-json\/wp\/v2\/users\/1"}],"replies":[{"embeddable":true,"href":"http:\/\/ticaret.edu.tr\/endustriyel-tasarim\/wp-json\/wp\/v2\/comments?post=11"}],"version-history":[{"count":17,"href":"http:\/\/ticaret.edu.tr\/endustriyel-tasarim\/wp-json\/wp\/v2\/pages\/11\/revisions"}],"predecessor-version":[{"id":441,"href":"http:\/\/ticaret.edu.tr\/endustriyel-tasarim\/wp-json\/wp\/v2\/pages\/11\/revisions\/441"}],"wp:attachment":[{"href":"http:\/\/ticaret.edu.tr\/endustriyel-tasarim\/wp-json\/wp\/v2\/media?parent=11"}],"curies":[{"name":"wp","href":"https:\/\/api.w.org\/{rel}","templated":true}]}}