{"id":5,"date":"2020-05-03T18:46:47","date_gmt":"2020-05-03T15:46:47","guid":{"rendered":"http:\/\/ticaret.edu.tr\/endustriyel\/?page_id=5"},"modified":"2026-02-11T14:18:20","modified_gmt":"2026-02-11T11:18:20","slug":"mufredat","status":"publish","type":"page","link":"http:\/\/ticaret.edu.tr\/endustriyel-tasarim\/mufredat\/","title":{"rendered":"M\u00fcfredat"},"content":{"rendered":"<p><a href=\"http:\/\/ticaret.edu.tr\/endustriyel-tasarim\/wp-content\/uploads\/sites\/23\/2025\/12\/2025-2026-Egitim-Ogretim-Yili-Mufredat-Endustriyel-Tasarim-Bolumu_Ek_2025-2026-ENT-Mufredat-Programi.pdf\">2025-2026 E\u011fitim Y\u0131l\u0131 <\/a><a href=\"http:\/\/ticaret.edu.tr\/endustriyel-tasarim\/wp-content\/uploads\/sites\/23\/2025\/12\/2025-2026-Egitim-Ogretim-Yili-Mufredat-Endustriyel-Tasarim-Bolumu_Ek_2025-2026-ENT-Mufredat-Programi.pdf\">End\u00fcstriyel Tasar\u0131m B\u00f6l\u00fcm\u00fc M\u00fcfredat Program\u0131 i\u00e7in <strong>t\u0131klay\u0131n\u0131z.<\/strong><\/a><\/p>\n<p><a href=\"http:\/\/ticaret.edu.tr\/endustriyel-tasarim\/wp-content\/uploads\/sites\/23\/2026\/02\/2024-2025-ENT-Mufredat-Programi-3.pdf\">2024-2025 E\u011fitim Y\u0131l\u0131 End\u00fcstriyel Tasar\u0131m B\u00f6l\u00fcm\u00fc M\u00fcfredat Program\u0131 i\u00e7in <strong>t\u0131klay\u0131n\u0131z.<\/strong><\/a><\/p>\n<p><a href=\"http:\/\/ticaret.edu.tr\/endustriyel-tasarim\/wp-content\/uploads\/sites\/23\/2024\/02\/2023-2024-ENT-Mufredat-Programi.pdf\">2023-2024 E\u011fitim Y\u0131l\u0131 End\u00fcstriyel Tasar\u0131m B\u00f6l\u00fcm\u00fc M\u00fcfredat Program\u0131 i\u00e7in <strong>t\u0131klay\u0131n\u0131z.<\/strong><\/a><\/p>\n","protected":false},"excerpt":{"rendered":"<p>2025-2026 E\u011fitim Y\u0131l\u0131 End\u00fcstriyel Tasar\u0131m B\u00f6l\u00fcm\u00fc M\u00fcfredat Program\u0131 i\u00e7in t\u0131klay\u0131n\u0131z. 2024-2025 E\u011fitim Y\u0131l\u0131 End\u00fcstriyel Tasar\u0131m B\u00f6l\u00fcm\u00fc M\u00fcfredat Program\u0131 i\u00e7in t\u0131klay\u0131n\u0131z. 2023-2024 E\u011fitim Y\u0131l\u0131 End\u00fcstriyel Tasar\u0131m B\u00f6l\u00fcm\u00fc M\u00fcfredat Program\u0131 i\u00e7in t\u0131klay\u0131n\u0131z.<\/p>\n","protected":false},"author":1,"featured_media":0,"parent":0,"menu_order":0,"comment_status":"closed","ping_status":"closed","template":"genel_sayfa.php","meta":{"footnotes":""},"yoast_head":"<!-- This site is optimized with the Yoast SEO Premium plugin v22.1 (Yoast SEO v22.1) - https:\/\/yoast.com\/wordpress\/plugins\/seo\/ -->\n<title>M\u00fcfredat - End\u00fcstriyel Tasar\u0131m<\/title>\n<meta name=\"description\" content=\"End\u00fcstriyel Tasar\u0131m B\u00f6l\u00fcm\u00fc M\u00fcfredat\" \/>\n<meta name=\"robots\" content=\"index, follow, max-snippet:-1, max-image-preview:large, max-video-preview:-1\" \/>\n<link rel=\"canonical\" href=\"http:\/\/ticaret.edu.tr\/endustriyel-tasarim\/mufredat\/\" \/>\n<meta property=\"og:locale\" content=\"tr_TR\" \/>\n<meta property=\"og:type\" content=\"article\" \/>\n<meta property=\"og:title\" content=\"M\u00fcfredat\" \/>\n<meta property=\"og:description\" content=\"End\u00fcstriyel Tasar\u0131m B\u00f6l\u00fcm\u00fc M\u00fcfredat\" \/>\n<meta property=\"og:url\" content=\"http:\/\/ticaret.edu.tr\/endustriyel-tasarim\/mufredat\/\" \/>\n<meta property=\"og:site_name\" content=\"End\u00fcstriyel Tasar\u0131m\" \/>\n<meta property=\"article:publisher\" content=\"https:\/\/www.facebook.com\/ticaretedutr\" \/>\n<meta property=\"article:modified_time\" content=\"2026-02-11T11:18:20+00:00\" \/>\n<meta property=\"og:image\" content=\"http:\/\/ticaret.edu.tr\/endustriyel-tasarim\/wp-content\/uploads\/sites\/23\/2021\/11\/web_logo-01.jpg\" \/>\n\t<meta property=\"og:image:width\" content=\"1250\" \/>\n\t<meta property=\"og:image:height\" content=\"833\" \/>\n\t<meta property=\"og:image:type\" content=\"image\/jpeg\" \/>\n<meta name=\"twitter:card\" content=\"summary_large_image\" \/>\n<meta name=\"twitter:site\" content=\"@ticaretedutr\" \/>\n<meta name=\"twitter:label1\" content=\"Tahmini okuma s\u00fcresi\" \/>\n\t<meta name=\"twitter:data1\" content=\"1 dakika\" \/>\n<script type=\"application\/ld+json\" class=\"yoast-schema-graph\">{\"@context\":\"https:\/\/schema.org\",\"@graph\":[{\"@type\":\"WebPage\",\"@id\":\"http:\/\/ticaret.edu.tr\/endustriyel-tasarim\/mufredat\/\",\"url\":\"http:\/\/ticaret.edu.tr\/endustriyel-tasarim\/mufredat\/\",\"name\":\"M\u00fcfredat - End\u00fcstriyel Tasar\u0131m\",\"isPartOf\":{\"@id\":\"https:\/\/ticaret.edu.tr\/endustriyel-tasarim\/#website\"},\"datePublished\":\"2020-05-03T15:46:47+00:00\",\"dateModified\":\"2026-02-11T11:18:20+00:00\",\"description\":\"End\u00fcstriyel Tasar\u0131m B\u00f6l\u00fcm\u00fc M\u00fcfredat\",\"breadcrumb\":{\"@id\":\"http:\/\/ticaret.edu.tr\/endustriyel-tasarim\/mufredat\/#breadcrumb\"},\"inLanguage\":\"tr\",\"potentialAction\":[{\"@type\":\"ReadAction\",\"target\":[\"http:\/\/ticaret.edu.tr\/endustriyel-tasarim\/mufredat\/\"]}]},{\"@type\":\"BreadcrumbList\",\"@id\":\"http:\/\/ticaret.edu.tr\/endustriyel-tasarim\/mufredat\/#breadcrumb\",\"itemListElement\":[{\"@type\":\"ListItem\",\"position\":1,\"name\":\"Ana sayfa\",\"item\":\"https:\/\/ticaret.edu.tr\/endustriyel-tasarim\/\"},{\"@type\":\"ListItem\",\"position\":2,\"name\":\"M\u00fcfredat\"}]},{\"@type\":\"WebSite\",\"@id\":\"https:\/\/ticaret.edu.tr\/endustriyel-tasarim\/#website\",\"url\":\"https:\/\/ticaret.edu.tr\/endustriyel-tasarim\/\",\"name\":\"End\u00fcstriyel Tasar\u0131m\",\"description\":\"\",\"potentialAction\":[{\"@type\":\"SearchAction\",\"target\":{\"@type\":\"EntryPoint\",\"urlTemplate\":\"https:\/\/ticaret.edu.tr\/endustriyel-tasarim\/?s={search_term_string}\"},\"query-input\":\"required name=search_term_string\"}],\"inLanguage\":\"tr\"}]}<\/script>\n<!-- \/ Yoast SEO Premium plugin. -->","yoast_head_json":{"title":"M\u00fcfredat - End\u00fcstriyel Tasar\u0131m","description":"End\u00fcstriyel Tasar\u0131m B\u00f6l\u00fcm\u00fc M\u00fcfredat","robots":{"index":"index","follow":"follow","max-snippet":"max-snippet:-1","max-image-preview":"max-image-preview:large","max-video-preview":"max-video-preview:-1"},"canonical":"http:\/\/ticaret.edu.tr\/endustriyel-tasarim\/mufredat\/","og_locale":"tr_TR","og_type":"article","og_title":"M\u00fcfredat","og_description":"End\u00fcstriyel Tasar\u0131m B\u00f6l\u00fcm\u00fc M\u00fcfredat","og_url":"http:\/\/ticaret.edu.tr\/endustriyel-tasarim\/mufredat\/","og_site_name":"End\u00fcstriyel Tasar\u0131m","article_publisher":"https:\/\/www.facebook.com\/ticaretedutr","article_modified_time":"2026-02-11T11:18:20+00:00","og_image":[{"width":1250,"height":833,"url":"http:\/\/ticaret.edu.tr\/endustriyel-tasarim\/wp-content\/uploads\/sites\/23\/2021\/11\/web_logo-01.jpg","type":"image\/jpeg"}],"twitter_card":"summary_large_image","twitter_site":"@ticaretedutr","twitter_misc":{"Tahmini okuma s\u00fcresi":"1 dakika"},"schema":{"@context":"https:\/\/schema.org","@graph":[{"@type":"WebPage","@id":"http:\/\/ticaret.edu.tr\/endustriyel-tasarim\/mufredat\/","url":"http:\/\/ticaret.edu.tr\/endustriyel-tasarim\/mufredat\/","name":"M\u00fcfredat - End\u00fcstriyel Tasar\u0131m","isPartOf":{"@id":"https:\/\/ticaret.edu.tr\/endustriyel-tasarim\/#website"},"datePublished":"2020-05-03T15:46:47+00:00","dateModified":"2026-02-11T11:18:20+00:00","description":"End\u00fcstriyel Tasar\u0131m B\u00f6l\u00fcm\u00fc M\u00fcfredat","breadcrumb":{"@id":"http:\/\/ticaret.edu.tr\/endustriyel-tasarim\/mufredat\/#breadcrumb"},"inLanguage":"tr","potentialAction":[{"@type":"ReadAction","target":["http:\/\/ticaret.edu.tr\/endustriyel-tasarim\/mufredat\/"]}]},{"@type":"BreadcrumbList","@id":"http:\/\/ticaret.edu.tr\/endustriyel-tasarim\/mufredat\/#breadcrumb","itemListElement":[{"@type":"ListItem","position":1,"name":"Ana sayfa","item":"https:\/\/ticaret.edu.tr\/endustriyel-tasarim\/"},{"@type":"ListItem","position":2,"name":"M\u00fcfredat"}]},{"@type":"WebSite","@id":"https:\/\/ticaret.edu.tr\/endustriyel-tasarim\/#website","url":"https:\/\/ticaret.edu.tr\/endustriyel-tasarim\/","name":"End\u00fcstriyel Tasar\u0131m","description":"","potentialAction":[{"@type":"SearchAction","target":{"@type":"EntryPoint","urlTemplate":"https:\/\/ticaret.edu.tr\/endustriyel-tasarim\/?s={search_term_string}"},"query-input":"required name=search_term_string"}],"inLanguage":"tr"}]}},"lang":"tr","translations":{"en":339,"tr":5},"pll_sync_post":[],"_links":{"self":[{"href":"http:\/\/ticaret.edu.tr\/endustriyel-tasarim\/wp-json\/wp\/v2\/pages\/5"}],"collection":[{"href":"http:\/\/ticaret.edu.tr\/endustriyel-tasarim\/wp-json\/wp\/v2\/pages"}],"about":[{"href":"http:\/\/ticaret.edu.tr\/endustriyel-tasarim\/wp-json\/wp\/v2\/types\/page"}],"author":[{"embeddable":true,"href":"http:\/\/ticaret.edu.tr\/endustriyel-tasarim\/wp-json\/wp\/v2\/users\/1"}],"replies":[{"embeddable":true,"href":"http:\/\/ticaret.edu.tr\/endustriyel-tasarim\/wp-json\/wp\/v2\/comments?post=5"}],"version-history":[{"count":13,"href":"http:\/\/ticaret.edu.tr\/endustriyel-tasarim\/wp-json\/wp\/v2\/pages\/5\/revisions"}],"predecessor-version":[{"id":1652,"href":"http:\/\/ticaret.edu.tr\/endustriyel-tasarim\/wp-json\/wp\/v2\/pages\/5\/revisions\/1652"}],"wp:attachment":[{"href":"http:\/\/ticaret.edu.tr\/endustriyel-tasarim\/wp-json\/wp\/v2\/media?parent=5"}],"curies":[{"name":"wp","href":"https:\/\/api.w.org\/{rel}","templated":true}]}}