{"id":7,"date":"2020-05-03T18:47:27","date_gmt":"2020-05-03T15:47:27","guid":{"rendered":"http:\/\/ticaret.edu.tr\/endustriyel\/?page_id=7"},"modified":"2025-02-10T13:41:08","modified_gmt":"2025-02-10T10:41:08","slug":"ana-sayfa","status":"publish","type":"page","link":"http:\/\/ticaret.edu.tr\/endustriyel-tasarim\/","title":{"rendered":"Ana Sayfa"},"content":{"rendered":"<p style=\"text-align: left;\">\u0130stanbul Ticaret \u00dcniversitesi Mimarl\u0131k ve Tasar\u0131m Fak\u00fcltesi End\u00fcstriyel Tasar\u0131m B\u00f6l\u00fcm\u00fc Lisans Program\u0131, de\u011fi\u015fen ve geli\u015fen insan ya\u015fam\u0131na katk\u0131 sa\u011flayan ve y\u00f6n veren \u00fcr\u00fcn tasar\u0131mlar\u0131 geli\u015ftirmek \u00fczere, insan\u0131n ve toplumun ihtiya\u00e7lar\u0131n\u0131 do\u011fru analiz edebilen, \u00e7evreye duyarl\u0131, meslekteki ve teknolojideki yeni geli\u015fmeleri takip eden, estetik ve bilgiyi b\u00fct\u00fcnle\u015ftiren, ak\u0131ll\u0131 teknolojileri kullanabilen, ekonomik \u00e7\u00f6z\u00fcmler \u00fcretebilen, se\u00e7kin, profesyonel, kendi konusunda uzman, ulusal ve uluslararas\u0131 d\u00fczeyde etkin, ara\u015ft\u0131rmac\u0131 ve yarat\u0131c\u0131 tasar\u0131mc\u0131lar yeti\u015ftirmeyi hedeflemektedir. B\u00f6l\u00fcm mesleki e\u011fitimin yan\u0131 s\u0131ra, teknoloji, \u00fcretim, y\u00f6netim, pazarlama ve organizasyon konular\u0131nda da bilgi ve beceri kazand\u0131rmay\u0131 ama\u00e7lamaktad\u0131r.<\/p>\n<p style=\"text-align: left;\">End\u00fcstriyel tasar\u0131m b\u00f6l\u00fcm\u00fcm\u00fcz akademik uygulama odakl\u0131 e\u011fitim \u00f6zelliklerine sahiptir. Ama\u00e7lar\u0131m\u0131zdan birisi de \u00f6\u011frencilerin edindi\u011fi t\u00fcm bilgi ve becerileri uygun alanda uygulamaya d\u00f6n\u00fc\u015ft\u00fcrmek i\u00e7in i\u00e7 ve d\u0131\u015f motivasyonu kullanmakt\u0131r. \u0130stanbul Ticaret Odas\u0131&#8217;n\u0131n destekledi\u011fi e\u011fitim program\u0131n\u0131n, de\u011fi\u015fen d\u00fcnya ko\u015fullar\u0131na uyum sa\u011flayabilece\u011fi gibi geli\u015fen teknoloji ve konseptlere adapte olan bir e\u011fitim yakla\u015f\u0131m\u0131 sergilemektedir.<\/p>\n<p>B\u00f6l\u00fcm\u00fcm\u00fczde teorik ve uygulamal\u0131 olarak y\u00fcr\u00fct\u00fclen zorunlu ve se\u00e7meli dersler ile proje bazl\u0131 dersler \u00e7a\u011f\u0131n gereksinimlerine uygun olarak verilmekte ve yeni teknolojilerinden yararlan\u0131lmaktad\u0131r. \u00d6\u011frenciler fabrika ve b\u00fcro stajlar\u0131 ile derslerde edindikleri bilgi ve becerileri meslekleri aras\u0131nda ba\u011f kurma ve mesleklerini daha iyi uygulama olana\u011f\u0131n\u0131 elde etmeleri m\u00fcmk\u00fcn olmaktad\u0131r.<\/p>\n","protected":false},"excerpt":{"rendered":"<p>\u0130stanbul Ticaret \u00dcniversitesi Mimarl\u0131k ve Tasar\u0131m Fak\u00fcltesi End\u00fcstriyel Tasar\u0131m B\u00f6l\u00fcm\u00fc Lisans Program\u0131, de\u011fi\u015fen ve geli\u015fen insan ya\u015fam\u0131na katk\u0131 sa\u011flayan ve y\u00f6n veren \u00fcr\u00fcn tasar\u0131mlar\u0131 geli\u015ftirmek \u00fczere, insan\u0131n ve toplumun ihtiya\u00e7lar\u0131n\u0131 do\u011fru analiz edebilen, \u00e7evreye duyarl\u0131, meslekteki ve teknolojideki yeni geli\u015fmeleri takip eden, estetik ve bilgiyi b\u00fct\u00fcnle\u015ftiren, ak\u0131ll\u0131 teknolojileri kullanabilen, ekonomik \u00e7\u00f6z\u00fcmler \u00fcretebilen, se\u00e7kin, profesyonel, kendi [&hellip;]<\/p>\n","protected":false},"author":1,"featured_media":0,"parent":0,"menu_order":0,"comment_status":"closed","ping_status":"closed","template":"pages\/homepage.php","meta":{"footnotes":""},"yoast_head":"<!-- This site is optimized with the Yoast SEO Premium plugin v22.1 (Yoast SEO v22.1) - https:\/\/yoast.com\/wordpress\/plugins\/seo\/ -->\n<title>Ana Sayfa - End\u00fcstriyel Tasar\u0131m<\/title>\n<meta name=\"robots\" content=\"index, follow, max-snippet:-1, max-image-preview:large, max-video-preview:-1\" \/>\n<link rel=\"canonical\" href=\"http:\/\/ticaret.edu.tr\/endustriyel-tasarim\/\" \/>\n<meta property=\"og:locale\" content=\"tr_TR\" \/>\n<meta property=\"og:type\" content=\"article\" \/>\n<meta property=\"og:title\" content=\"Ana Sayfa\" \/>\n<meta property=\"og:description\" content=\"\u0130stanbul Ticaret \u00dcniversitesi Mimarl\u0131k ve Tasar\u0131m Fak\u00fcltesi End\u00fcstriyel Tasar\u0131m B\u00f6l\u00fcm\u00fc Lisans Program\u0131, de\u011fi\u015fen ve geli\u015fen insan ya\u015fam\u0131na katk\u0131 sa\u011flayan ve y\u00f6n veren \u00fcr\u00fcn tasar\u0131mlar\u0131 geli\u015ftirmek \u00fczere, insan\u0131n ve toplumun ihtiya\u00e7lar\u0131n\u0131 do\u011fru analiz edebilen, \u00e7evreye duyarl\u0131, meslekteki ve teknolojideki yeni geli\u015fmeleri takip eden, estetik ve bilgiyi b\u00fct\u00fcnle\u015ftiren, ak\u0131ll\u0131 teknolojileri kullanabilen, ekonomik \u00e7\u00f6z\u00fcmler \u00fcretebilen, se\u00e7kin, profesyonel, kendi [&hellip;]\" \/>\n<meta property=\"og:url\" content=\"http:\/\/ticaret.edu.tr\/endustriyel-tasarim\/\" \/>\n<meta property=\"og:site_name\" content=\"End\u00fcstriyel Tasar\u0131m\" \/>\n<meta property=\"article:publisher\" content=\"https:\/\/www.facebook.com\/ticaretedutr\" \/>\n<meta property=\"article:modified_time\" content=\"2025-02-10T10:41:08+00:00\" \/>\n<meta property=\"og:image\" content=\"http:\/\/ticaret.edu.tr\/endustriyel-tasarim\/wp-content\/uploads\/sites\/23\/2021\/11\/web_logo-01.jpg\" \/>\n\t<meta property=\"og:image:width\" content=\"1250\" \/>\n\t<meta property=\"og:image:height\" content=\"833\" \/>\n\t<meta property=\"og:image:type\" content=\"image\/jpeg\" \/>\n<meta name=\"twitter:card\" content=\"summary_large_image\" \/>\n<meta name=\"twitter:site\" content=\"@ticaretedutr\" \/>\n<meta name=\"twitter:label1\" content=\"Tahmini okuma s\u00fcresi\" \/>\n\t<meta name=\"twitter:data1\" content=\"1 dakika\" \/>\n<script type=\"application\/ld+json\" class=\"yoast-schema-graph\">{\"@context\":\"https:\/\/schema.org\",\"@graph\":[{\"@type\":\"WebPage\",\"@id\":\"http:\/\/ticaret.edu.tr\/endustriyel-tasarim\/\",\"url\":\"http:\/\/ticaret.edu.tr\/endustriyel-tasarim\/\",\"name\":\"Ana Sayfa - End\u00fcstriyel Tasar\u0131m\",\"isPartOf\":{\"@id\":\"http:\/\/ticaret.edu.tr\/endustriyel-tasarim\/#website\"},\"datePublished\":\"2020-05-03T15:47:27+00:00\",\"dateModified\":\"2025-02-10T10:41:08+00:00\",\"breadcrumb\":{\"@id\":\"http:\/\/ticaret.edu.tr\/endustriyel-tasarim\/#breadcrumb\"},\"inLanguage\":\"tr\",\"potentialAction\":[{\"@type\":\"ReadAction\",\"target\":[\"http:\/\/ticaret.edu.tr\/endustriyel-tasarim\/\"]}]},{\"@type\":\"BreadcrumbList\",\"@id\":\"http:\/\/ticaret.edu.tr\/endustriyel-tasarim\/#breadcrumb\",\"itemListElement\":[{\"@type\":\"ListItem\",\"position\":1,\"name\":\"Ana sayfa\",\"item\":\"http:\/\/ticaret.edu.tr\/endustriyel-tasarim\/\"},{\"@type\":\"ListItem\",\"position\":2,\"name\":\"Ana Sayfa\"}]},{\"@type\":\"WebSite\",\"@id\":\"http:\/\/ticaret.edu.tr\/endustriyel-tasarim\/#website\",\"url\":\"http:\/\/ticaret.edu.tr\/endustriyel-tasarim\/\",\"name\":\"End\u00fcstriyel Tasar\u0131m\",\"description\":\"\",\"potentialAction\":[{\"@type\":\"SearchAction\",\"target\":{\"@type\":\"EntryPoint\",\"urlTemplate\":\"http:\/\/ticaret.edu.tr\/endustriyel-tasarim\/?s={search_term_string}\"},\"query-input\":\"required name=search_term_string\"}],\"inLanguage\":\"tr\"}]}<\/script>\n<!-- \/ Yoast SEO Premium plugin. -->","yoast_head_json":{"title":"Ana Sayfa - End\u00fcstriyel Tasar\u0131m","robots":{"index":"index","follow":"follow","max-snippet":"max-snippet:-1","max-image-preview":"max-image-preview:large","max-video-preview":"max-video-preview:-1"},"canonical":"http:\/\/ticaret.edu.tr\/endustriyel-tasarim\/","og_locale":"tr_TR","og_type":"article","og_title":"Ana Sayfa","og_description":"\u0130stanbul Ticaret \u00dcniversitesi Mimarl\u0131k ve Tasar\u0131m Fak\u00fcltesi End\u00fcstriyel Tasar\u0131m B\u00f6l\u00fcm\u00fc Lisans Program\u0131, de\u011fi\u015fen ve geli\u015fen insan ya\u015fam\u0131na katk\u0131 sa\u011flayan ve y\u00f6n veren \u00fcr\u00fcn tasar\u0131mlar\u0131 geli\u015ftirmek \u00fczere, insan\u0131n ve toplumun ihtiya\u00e7lar\u0131n\u0131 do\u011fru analiz edebilen, \u00e7evreye duyarl\u0131, meslekteki ve teknolojideki yeni geli\u015fmeleri takip eden, estetik ve bilgiyi b\u00fct\u00fcnle\u015ftiren, ak\u0131ll\u0131 teknolojileri kullanabilen, ekonomik \u00e7\u00f6z\u00fcmler \u00fcretebilen, se\u00e7kin, profesyonel, kendi [&hellip;]","og_url":"http:\/\/ticaret.edu.tr\/endustriyel-tasarim\/","og_site_name":"End\u00fcstriyel Tasar\u0131m","article_publisher":"https:\/\/www.facebook.com\/ticaretedutr","article_modified_time":"2025-02-10T10:41:08+00:00","og_image":[{"width":1250,"height":833,"url":"http:\/\/ticaret.edu.tr\/endustriyel-tasarim\/wp-content\/uploads\/sites\/23\/2021\/11\/web_logo-01.jpg","type":"image\/jpeg"}],"twitter_card":"summary_large_image","twitter_site":"@ticaretedutr","twitter_misc":{"Tahmini okuma s\u00fcresi":"1 dakika"},"schema":{"@context":"https:\/\/schema.org","@graph":[{"@type":"WebPage","@id":"http:\/\/ticaret.edu.tr\/endustriyel-tasarim\/","url":"http:\/\/ticaret.edu.tr\/endustriyel-tasarim\/","name":"Ana Sayfa - End\u00fcstriyel Tasar\u0131m","isPartOf":{"@id":"http:\/\/ticaret.edu.tr\/endustriyel-tasarim\/#website"},"datePublished":"2020-05-03T15:47:27+00:00","dateModified":"2025-02-10T10:41:08+00:00","breadcrumb":{"@id":"http:\/\/ticaret.edu.tr\/endustriyel-tasarim\/#breadcrumb"},"inLanguage":"tr","potentialAction":[{"@type":"ReadAction","target":["http:\/\/ticaret.edu.tr\/endustriyel-tasarim\/"]}]},{"@type":"BreadcrumbList","@id":"http:\/\/ticaret.edu.tr\/endustriyel-tasarim\/#breadcrumb","itemListElement":[{"@type":"ListItem","position":1,"name":"Ana sayfa","item":"http:\/\/ticaret.edu.tr\/endustriyel-tasarim\/"},{"@type":"ListItem","position":2,"name":"Ana Sayfa"}]},{"@type":"WebSite","@id":"http:\/\/ticaret.edu.tr\/endustriyel-tasarim\/#website","url":"http:\/\/ticaret.edu.tr\/endustriyel-tasarim\/","name":"End\u00fcstriyel Tasar\u0131m","description":"","potentialAction":[{"@type":"SearchAction","target":{"@type":"EntryPoint","urlTemplate":"http:\/\/ticaret.edu.tr\/endustriyel-tasarim\/?s={search_term_string}"},"query-input":"required name=search_term_string"}],"inLanguage":"tr"}]}},"lang":"tr","translations":{"en":204,"tr":7},"pll_sync_post":[],"_links":{"self":[{"href":"http:\/\/ticaret.edu.tr\/endustriyel-tasarim\/wp-json\/wp\/v2\/pages\/7"}],"collection":[{"href":"http:\/\/ticaret.edu.tr\/endustriyel-tasarim\/wp-json\/wp\/v2\/pages"}],"about":[{"href":"http:\/\/ticaret.edu.tr\/endustriyel-tasarim\/wp-json\/wp\/v2\/types\/page"}],"author":[{"embeddable":true,"href":"http:\/\/ticaret.edu.tr\/endustriyel-tasarim\/wp-json\/wp\/v2\/users\/1"}],"replies":[{"embeddable":true,"href":"http:\/\/ticaret.edu.tr\/endustriyel-tasarim\/wp-json\/wp\/v2\/comments?post=7"}],"version-history":[{"count":8,"href":"http:\/\/ticaret.edu.tr\/endustriyel-tasarim\/wp-json\/wp\/v2\/pages\/7\/revisions"}],"predecessor-version":[{"id":1229,"href":"http:\/\/ticaret.edu.tr\/endustriyel-tasarim\/wp-json\/wp\/v2\/pages\/7\/revisions\/1229"}],"wp:attachment":[{"href":"http:\/\/ticaret.edu.tr\/endustriyel-tasarim\/wp-json\/wp\/v2\/media?parent=7"}],"curies":[{"name":"wp","href":"https:\/\/api.w.org\/{rel}","templated":true}]}}