{"id":884,"date":"2025-01-27T10:05:53","date_gmt":"2025-01-27T07:05:53","guid":{"rendered":"https:\/\/ticaret.edu.tr\/endustriyel-tasarim\/?page_id=884"},"modified":"2025-07-29T14:35:22","modified_gmt":"2025-07-29T11:35:22","slug":"giris-yazisi","status":"publish","type":"page","link":"http:\/\/ticaret.edu.tr\/endustriyel-tasarim\/giris-yazisi\/","title":{"rendered":"Giri\u015f Yaz\u0131s\u0131"},"content":{"rendered":"<p><img loading=\"lazy\" decoding=\"async\" class=\"alignnone wp-image-853\" src=\"http:\/\/ticaret.edu.tr\/endustriyel-tasarim\/wp-content\/uploads\/sites\/23\/2024\/07\/Endustriyel-Tasarim-Doc.-Dr.-Pinar-Ozturk-Demirtas-1536x864-1-300x196.jpg\" alt=\"\" width=\"677\" height=\"442\" srcset=\"http:\/\/ticaret.edu.tr\/endustriyel-tasarim\/wp-content\/uploads\/sites\/23\/2024\/07\/Endustriyel-Tasarim-Doc.-Dr.-Pinar-Ozturk-Demirtas-1536x864-1-300x196.jpg 300w, http:\/\/ticaret.edu.tr\/endustriyel-tasarim\/wp-content\/uploads\/sites\/23\/2024\/07\/Endustriyel-Tasarim-Doc.-Dr.-Pinar-Ozturk-Demirtas-1536x864-1-1024x668.jpg 1024w, http:\/\/ticaret.edu.tr\/endustriyel-tasarim\/wp-content\/uploads\/sites\/23\/2024\/07\/Endustriyel-Tasarim-Doc.-Dr.-Pinar-Ozturk-Demirtas-1536x864-1-768x501.jpg 768w, http:\/\/ticaret.edu.tr\/endustriyel-tasarim\/wp-content\/uploads\/sites\/23\/2024\/07\/Endustriyel-Tasarim-Doc.-Dr.-Pinar-Ozturk-Demirtas-1536x864-1.jpg 1317w\" sizes=\"(max-width: 677px) 100vw, 677px\" \/><\/p>\n<p>End\u00fcstriyel Tasar\u0131m B\u00f6l\u00fcm Ba\u015fkan\u0131 Do\u00e7. Dr. P\u0131nar \u00d6zt\u00fcrk Demirta\u015f<\/p>\n<p>End\u00fcstriyel Tasar\u0131m, yenilik\u00e7i \u00fcr\u00fcn, sistem, hizmet ve deneyimler arac\u0131l\u0131\u011f\u0131yla ya\u015fam kalitesini art\u0131rmay\u0131 hedefleyen stratejik bir problem \u00e7\u00f6zme s\u00fcrecidir. World Design Organization\u2019a g\u00f6re bu disiplin, yenili\u011fi te\u015fvik eden ve i\u015f ba\u015far\u0131s\u0131n\u0131 art\u0131ran bir yakla\u015f\u0131m olarak tan\u0131mlan\u0131r. T\u00fcrkiye\u2019de ise End\u00fcstriyel Tasar\u0131m mesle\u011fi, \u201cend\u00fcstride \u00fcretilen, nihai kullan\u0131c\u0131ya y\u00f6nelik \u00fcr\u00fcnlerin; i\u015flevsellik, kullan\u0131c\u0131 gereksinimleri ve estetik beklentiler do\u011frultusunda tasarlanmas\u0131 ve \u00fcretime uygun \u015fekilde projelendirilmesi\u201d olarak tan\u0131mlanmaktad\u0131r.<span class=\"Apple-converted-space\">\u00a0<\/span><\/p>\n<p>End\u00fcstriyel Tasar\u0131m B\u00f6l\u00fcm\u00fc, seri \u00fcretime uygun her t\u00fcrl\u00fc \u00fcr\u00fcn ve kullan\u0131c\u0131 etkile\u015fimini, hedef kitlenin ihtiya\u00e7lar\u0131 do\u011frultusunda tasarlamaya odaklan\u0131r. Yarat\u0131c\u0131l\u0131\u011f\u0131 temel alan bu disiplinler aras\u0131 alan; \u00fcr\u00fcn, sistem, hizmet veya deneyimi daha iyi h\u00e2le getirmek amac\u0131yla problem \u00e7\u00f6zmeyi ve kullan\u0131c\u0131larla birlikte \u00e7\u00f6z\u00fcm geli\u015ftirmeyi ama\u00e7lar.<span class=\"Apple-converted-space\">\u00a0<\/span><\/p>\n<p>B\u00f6l\u00fcm\u00fcn temel amac\u0131; kullan\u0131labilirlik, ergonomi, malzeme bilgisi, \u00fcretim y\u00f6ntemleri ve estetik gibi pek \u00e7ok boyutu dikkate alarak yenilik\u00e7i \u00e7\u00f6z\u00fcm \u00f6nerileri sunabilen; teknik bilgiye sahip; farkl\u0131 disiplinlerle etkili ileti\u015fim kurabilen ve bu s\u00fcreci y\u00f6netebilen nitelikli end\u00fcstriyel tasar\u0131mc\u0131lar yeti\u015ftirmektir. Tasar\u0131mc\u0131, geli\u015ftirdi\u011fi \u00fcr\u00fcnlerle yeni kullan\u0131m bi\u00e7imleri \u00f6nererek toplumun ya\u015fam tarz\u0131n\u0131 \u015fekillendiren, d\u00f6n\u00fc\u015ft\u00fcren ya da bu ya\u015fama alternatifler sunan bir akt\u00f6r h\u00e2line gelir.<span class=\"Apple-converted-space\">\u00a0<\/span><\/p>\n<p>Bu b\u00f6l\u00fcmden mezun olan \u00f6\u011frenciler; elektronik ve ileti\u015fim, mobilya, beyaz e\u015fya, otomotiv, ayd\u0131nlatma, ambalaj, tak\u0131, sergileme ve te\u015fhir gibi bir\u00e7ok sekt\u00f6rde tasar\u0131mc\u0131 olarak g\u00f6rev alabilmekte; firmalar\u0131n Ar-Ge ve tasar\u0131m departmanlar\u0131nda \u00e7al\u0131\u015fabilmektedirler. Ayn\u0131 zamanda serbest tasar\u0131mc\u0131 olarak dan\u0131\u015fmanl\u0131k hizmeti sunabilir ya da giri\u015fimcilik yoluyla kendi projelerini hayata ge\u00e7irme f\u0131rsat\u0131na sahip olabilirler.<span class=\"Apple-converted-space\">\u00a0<\/span><\/p>\n<p>End\u00fcstriyel Tasar\u0131m e\u011fitimi, sanat, teknoloji, m\u00fchendislik, psikoloji, sosyoloji, ekonomi ve hukuk gibi \u00e7ok disiplinli bir yap\u0131ya sahiptir. E\u011fitim s\u00fcrecinde kuramsal bilgi ile uygulama bir arada sunularak; tak\u0131m \u00e7al\u0131\u015fmas\u0131na yatk\u0131n, yarat\u0131c\u0131 d\u00fc\u015f\u00fcnebilen, g\u00f6rsel ileti\u015fim becerileri geli\u015fmi\u015f, karma\u015f\u0131k problemleri analiz edip \u00e7\u00f6zebilen ve ara\u015ft\u0131rma temelli \u00e7al\u0131\u015fmalarda yetkin tasar\u0131mc\u0131lar yeti\u015ftirmek hedeflenmektedir.<span class=\"Apple-converted-space\">\u00a0<\/span><\/p>\n<p>\u0130stanbul Ticaret \u00dcniversitesi End\u00fcstriyel Tasar\u0131m B\u00f6l\u00fcm\u00fc, 2014 y\u0131l\u0131nda M\u00fchendislik ve Mimarl\u0131k Fak\u00fcltesi b\u00fcnyesinde kurulmu\u015f, daha sonra Mimarl\u0131k ve Tasar\u0131m Fak\u00fcltesi \u00e7at\u0131s\u0131 alt\u0131nda faaliyetlerine devam etmi\u015ftir. Ayn\u0131 y\u0131l merkezi yerle\u015ftirme sistemiyle lisans d\u00fczeyinde \u00f6\u011frenci kabul\u00fcne ba\u015flam\u0131\u015ft\u0131r. B\u00f6l\u00fcm, \u0130stanbul K\u00fc\u00e7\u00fckyal\u0131 Yerle\u015fkesi\u2019nde e\u011fitim-\u00f6\u011fretim faaliyetlerini s\u00fcrd\u00fcrmektedir.<span class=\"Apple-converted-space\">\u00a0<\/span><\/p>\n","protected":false},"excerpt":{"rendered":"<p>End\u00fcstriyel Tasar\u0131m B\u00f6l\u00fcm Ba\u015fkan\u0131 Do\u00e7. Dr. P\u0131nar \u00d6zt\u00fcrk Demirta\u015f End\u00fcstriyel Tasar\u0131m, yenilik\u00e7i \u00fcr\u00fcn, sistem, hizmet ve deneyimler arac\u0131l\u0131\u011f\u0131yla ya\u015fam kalitesini art\u0131rmay\u0131 hedefleyen stratejik bir problem \u00e7\u00f6zme s\u00fcrecidir. World Design Organization\u2019a g\u00f6re bu disiplin, yenili\u011fi te\u015fvik eden ve i\u015f ba\u015far\u0131s\u0131n\u0131 art\u0131ran bir yakla\u015f\u0131m olarak tan\u0131mlan\u0131r. T\u00fcrkiye\u2019de ise End\u00fcstriyel Tasar\u0131m mesle\u011fi, \u201cend\u00fcstride \u00fcretilen, nihai kullan\u0131c\u0131ya y\u00f6nelik \u00fcr\u00fcnlerin; [&hellip;]<\/p>\n","protected":false},"author":139,"featured_media":0,"parent":0,"menu_order":0,"comment_status":"closed","ping_status":"closed","template":"genel_sayfa.php","meta":{"footnotes":""},"yoast_head":"<!-- This site is optimized with the Yoast SEO Premium plugin v22.1 (Yoast SEO v22.1) - https:\/\/yoast.com\/wordpress\/plugins\/seo\/ -->\n<title>Giri\u015f Yaz\u0131s\u0131 - End\u00fcstriyel Tasar\u0131m<\/title>\n<meta name=\"description\" content=\"End\u00fcstriyel Tasar\u0131m, yenilik\u00e7i \u00fcr\u00fcn, sistem, hizmet ve deneyimler arac\u0131l\u0131\u011f\u0131yla ya\u015fam kalitesini art\u0131rmay\u0131 hedefleyen stratejik bir problem \u00e7\u00f6zme s\u00fcrecidir.\" \/>\n<meta name=\"robots\" content=\"index, follow, max-snippet:-1, max-image-preview:large, max-video-preview:-1\" \/>\n<link rel=\"canonical\" href=\"http:\/\/ticaret.edu.tr\/endustriyel-tasarim\/giris-yazisi\/\" \/>\n<meta property=\"og:locale\" content=\"tr_TR\" \/>\n<meta property=\"og:type\" content=\"article\" \/>\n<meta property=\"og:title\" content=\"Giri\u015f Yaz\u0131s\u0131\" \/>\n<meta property=\"og:description\" content=\"End\u00fcstriyel Tasar\u0131m, yenilik\u00e7i \u00fcr\u00fcn, sistem, hizmet ve deneyimler arac\u0131l\u0131\u011f\u0131yla ya\u015fam kalitesini art\u0131rmay\u0131 hedefleyen stratejik bir problem \u00e7\u00f6zme s\u00fcrecidir.\" \/>\n<meta property=\"og:url\" content=\"http:\/\/ticaret.edu.tr\/endustriyel-tasarim\/giris-yazisi\/\" \/>\n<meta property=\"og:site_name\" content=\"End\u00fcstriyel Tasar\u0131m\" \/>\n<meta property=\"article:publisher\" content=\"https:\/\/www.facebook.com\/ticaretedutr\" \/>\n<meta property=\"article:modified_time\" content=\"2025-07-29T11:35:22+00:00\" \/>\n<meta property=\"og:image\" content=\"http:\/\/ticaret.edu.tr\/endustriyel-tasarim\/wp-content\/uploads\/sites\/23\/2024\/07\/Endustriyel-Tasarim-Doc.-Dr.-Pinar-Ozturk-Demirtas-1536x864-1-300x196.jpg\" \/>\n<meta name=\"twitter:card\" content=\"summary_large_image\" \/>\n<meta name=\"twitter:site\" content=\"@ticaretedutr\" \/>\n<meta name=\"twitter:label1\" content=\"Tahmini okuma s\u00fcresi\" \/>\n\t<meta name=\"twitter:data1\" content=\"3 dakika\" \/>\n<script type=\"application\/ld+json\" class=\"yoast-schema-graph\">{\"@context\":\"https:\/\/schema.org\",\"@graph\":[{\"@type\":\"WebPage\",\"@id\":\"http:\/\/ticaret.edu.tr\/endustriyel-tasarim\/giris-yazisi\/\",\"url\":\"http:\/\/ticaret.edu.tr\/endustriyel-tasarim\/giris-yazisi\/\",\"name\":\"Giri\u015f Yaz\u0131s\u0131 - End\u00fcstriyel Tasar\u0131m\",\"isPartOf\":{\"@id\":\"https:\/\/ticaret.edu.tr\/endustriyel-tasarim\/#website\"},\"datePublished\":\"2025-01-27T07:05:53+00:00\",\"dateModified\":\"2025-07-29T11:35:22+00:00\",\"description\":\"End\u00fcstriyel Tasar\u0131m, yenilik\u00e7i \u00fcr\u00fcn, sistem, hizmet ve deneyimler arac\u0131l\u0131\u011f\u0131yla ya\u015fam kalitesini art\u0131rmay\u0131 hedefleyen stratejik bir problem \u00e7\u00f6zme s\u00fcrecidir.\",\"breadcrumb\":{\"@id\":\"http:\/\/ticaret.edu.tr\/endustriyel-tasarim\/giris-yazisi\/#breadcrumb\"},\"inLanguage\":\"tr\",\"potentialAction\":[{\"@type\":\"ReadAction\",\"target\":[\"http:\/\/ticaret.edu.tr\/endustriyel-tasarim\/giris-yazisi\/\"]}]},{\"@type\":\"BreadcrumbList\",\"@id\":\"http:\/\/ticaret.edu.tr\/endustriyel-tasarim\/giris-yazisi\/#breadcrumb\",\"itemListElement\":[{\"@type\":\"ListItem\",\"position\":1,\"name\":\"Ana sayfa\",\"item\":\"https:\/\/ticaret.edu.tr\/endustriyel-tasarim\/\"},{\"@type\":\"ListItem\",\"position\":2,\"name\":\"Giri\u015f Yaz\u0131s\u0131\"}]},{\"@type\":\"WebSite\",\"@id\":\"https:\/\/ticaret.edu.tr\/endustriyel-tasarim\/#website\",\"url\":\"https:\/\/ticaret.edu.tr\/endustriyel-tasarim\/\",\"name\":\"End\u00fcstriyel Tasar\u0131m\",\"description\":\"\",\"potentialAction\":[{\"@type\":\"SearchAction\",\"target\":{\"@type\":\"EntryPoint\",\"urlTemplate\":\"https:\/\/ticaret.edu.tr\/endustriyel-tasarim\/?s={search_term_string}\"},\"query-input\":\"required name=search_term_string\"}],\"inLanguage\":\"tr\"}]}<\/script>\n<!-- \/ Yoast SEO Premium plugin. -->","yoast_head_json":{"title":"Giri\u015f Yaz\u0131s\u0131 - End\u00fcstriyel Tasar\u0131m","description":"End\u00fcstriyel Tasar\u0131m, yenilik\u00e7i \u00fcr\u00fcn, sistem, hizmet ve deneyimler arac\u0131l\u0131\u011f\u0131yla ya\u015fam kalitesini art\u0131rmay\u0131 hedefleyen stratejik bir problem \u00e7\u00f6zme s\u00fcrecidir.","robots":{"index":"index","follow":"follow","max-snippet":"max-snippet:-1","max-image-preview":"max-image-preview:large","max-video-preview":"max-video-preview:-1"},"canonical":"http:\/\/ticaret.edu.tr\/endustriyel-tasarim\/giris-yazisi\/","og_locale":"tr_TR","og_type":"article","og_title":"Giri\u015f Yaz\u0131s\u0131","og_description":"End\u00fcstriyel Tasar\u0131m, yenilik\u00e7i \u00fcr\u00fcn, sistem, hizmet ve deneyimler arac\u0131l\u0131\u011f\u0131yla ya\u015fam kalitesini art\u0131rmay\u0131 hedefleyen stratejik bir problem \u00e7\u00f6zme s\u00fcrecidir.","og_url":"http:\/\/ticaret.edu.tr\/endustriyel-tasarim\/giris-yazisi\/","og_site_name":"End\u00fcstriyel Tasar\u0131m","article_publisher":"https:\/\/www.facebook.com\/ticaretedutr","article_modified_time":"2025-07-29T11:35:22+00:00","og_image":[{"url":"http:\/\/ticaret.edu.tr\/endustriyel-tasarim\/wp-content\/uploads\/sites\/23\/2024\/07\/Endustriyel-Tasarim-Doc.-Dr.-Pinar-Ozturk-Demirtas-1536x864-1-300x196.jpg"}],"twitter_card":"summary_large_image","twitter_site":"@ticaretedutr","twitter_misc":{"Tahmini okuma s\u00fcresi":"3 dakika"},"schema":{"@context":"https:\/\/schema.org","@graph":[{"@type":"WebPage","@id":"http:\/\/ticaret.edu.tr\/endustriyel-tasarim\/giris-yazisi\/","url":"http:\/\/ticaret.edu.tr\/endustriyel-tasarim\/giris-yazisi\/","name":"Giri\u015f Yaz\u0131s\u0131 - End\u00fcstriyel Tasar\u0131m","isPartOf":{"@id":"https:\/\/ticaret.edu.tr\/endustriyel-tasarim\/#website"},"datePublished":"2025-01-27T07:05:53+00:00","dateModified":"2025-07-29T11:35:22+00:00","description":"End\u00fcstriyel Tasar\u0131m, yenilik\u00e7i \u00fcr\u00fcn, sistem, hizmet ve deneyimler arac\u0131l\u0131\u011f\u0131yla ya\u015fam kalitesini art\u0131rmay\u0131 hedefleyen stratejik bir problem \u00e7\u00f6zme s\u00fcrecidir.","breadcrumb":{"@id":"http:\/\/ticaret.edu.tr\/endustriyel-tasarim\/giris-yazisi\/#breadcrumb"},"inLanguage":"tr","potentialAction":[{"@type":"ReadAction","target":["http:\/\/ticaret.edu.tr\/endustriyel-tasarim\/giris-yazisi\/"]}]},{"@type":"BreadcrumbList","@id":"http:\/\/ticaret.edu.tr\/endustriyel-tasarim\/giris-yazisi\/#breadcrumb","itemListElement":[{"@type":"ListItem","position":1,"name":"Ana sayfa","item":"https:\/\/ticaret.edu.tr\/endustriyel-tasarim\/"},{"@type":"ListItem","position":2,"name":"Giri\u015f Yaz\u0131s\u0131"}]},{"@type":"WebSite","@id":"https:\/\/ticaret.edu.tr\/endustriyel-tasarim\/#website","url":"https:\/\/ticaret.edu.tr\/endustriyel-tasarim\/","name":"End\u00fcstriyel Tasar\u0131m","description":"","potentialAction":[{"@type":"SearchAction","target":{"@type":"EntryPoint","urlTemplate":"https:\/\/ticaret.edu.tr\/endustriyel-tasarim\/?s={search_term_string}"},"query-input":"required name=search_term_string"}],"inLanguage":"tr"}]}},"lang":"tr","translations":{"en":886,"tr":884},"pll_sync_post":[],"_links":{"self":[{"href":"http:\/\/ticaret.edu.tr\/endustriyel-tasarim\/wp-json\/wp\/v2\/pages\/884"}],"collection":[{"href":"http:\/\/ticaret.edu.tr\/endustriyel-tasarim\/wp-json\/wp\/v2\/pages"}],"about":[{"href":"http:\/\/ticaret.edu.tr\/endustriyel-tasarim\/wp-json\/wp\/v2\/types\/page"}],"author":[{"embeddable":true,"href":"http:\/\/ticaret.edu.tr\/endustriyel-tasarim\/wp-json\/wp\/v2\/users\/139"}],"replies":[{"embeddable":true,"href":"http:\/\/ticaret.edu.tr\/endustriyel-tasarim\/wp-json\/wp\/v2\/comments?post=884"}],"version-history":[{"count":4,"href":"http:\/\/ticaret.edu.tr\/endustriyel-tasarim\/wp-json\/wp\/v2\/pages\/884\/revisions"}],"predecessor-version":[{"id":1358,"href":"http:\/\/ticaret.edu.tr\/endustriyel-tasarim\/wp-json\/wp\/v2\/pages\/884\/revisions\/1358"}],"wp:attachment":[{"href":"http:\/\/ticaret.edu.tr\/endustriyel-tasarim\/wp-json\/wp\/v2\/media?parent=884"}],"curies":[{"name":"wp","href":"https:\/\/api.w.org\/{rel}","templated":true}]}}