{"id":896,"date":"2025-01-27T10:07:57","date_gmt":"2025-01-27T07:07:57","guid":{"rendered":"https:\/\/ticaret.edu.tr\/endustriyel-tasarim\/?page_id=896"},"modified":"2025-07-29T14:50:35","modified_gmt":"2025-07-29T11:50:35","slug":"vizyon-misyon","status":"publish","type":"page","link":"http:\/\/ticaret.edu.tr\/endustriyel-tasarim\/vizyon-misyon\/","title":{"rendered":"Vizyon-Misyon"},"content":{"rendered":"<p>Program\u0131, de\u011fi\u015fen ve geli\u015fen insan ya\u015fam\u0131na katk\u0131 sa\u011flayan ve y\u00f6n veren \u00fcr\u00fcn tasar\u0131mlar\u0131 geli\u015ftirmek \u00fczere, insan\u0131n ve toplumun ihtiya\u00e7lar\u0131n\u0131 do\u011fru analiz edebilen, \u00e7evreye duyarl\u0131, meslekteki ve teknolojideki yeni geli\u015fmeleri takip eden, estetik ve bilgiyi b\u00fct\u00fcnle\u015ftiren, ak\u0131ll\u0131 teknolojileri kullanabilen, ekonomik \u00e7\u00f6z\u00fcmler \u00fcretebilen, se\u00e7kin, profesyonel, kendi konusunda uzman, ulusal ve uluslararas\u0131 d\u00fczeyde etkin, ara\u015ft\u0131rmac\u0131 ve yarat\u0131c\u0131 tasar\u0131mc\u0131lar yeti\u015ftirmeyi hedeflemektedir. B\u00f6l\u00fcm mesleki e\u011fitimin yan\u0131 s\u0131ra, teknoloji, \u00fcretim, y\u00f6netim, pazarlama ve organizasyon konular\u0131nda da bilgi ve beceri kazand\u0131rmay\u0131 ama\u00e7lamaktad\u0131r.<\/p>\n","protected":false},"excerpt":{"rendered":"<p>Program\u0131, de\u011fi\u015fen ve geli\u015fen insan ya\u015fam\u0131na katk\u0131 sa\u011flayan ve y\u00f6n veren \u00fcr\u00fcn tasar\u0131mlar\u0131 geli\u015ftirmek \u00fczere, insan\u0131n ve toplumun ihtiya\u00e7lar\u0131n\u0131 do\u011fru analiz edebilen, \u00e7evreye duyarl\u0131, meslekteki ve teknolojideki yeni geli\u015fmeleri takip eden, estetik ve bilgiyi b\u00fct\u00fcnle\u015ftiren, ak\u0131ll\u0131 teknolojileri kullanabilen, ekonomik \u00e7\u00f6z\u00fcmler \u00fcretebilen, se\u00e7kin, profesyonel, kendi konusunda uzman, ulusal ve uluslararas\u0131 d\u00fczeyde etkin, ara\u015ft\u0131rmac\u0131 ve yarat\u0131c\u0131 tasar\u0131mc\u0131lar [&hellip;]<\/p>\n","protected":false},"author":139,"featured_media":0,"parent":0,"menu_order":0,"comment_status":"closed","ping_status":"closed","template":"genel_sayfa.php","meta":{"footnotes":""},"yoast_head":"<!-- This site is optimized with the Yoast SEO Premium plugin v22.1 (Yoast SEO v22.1) - https:\/\/yoast.com\/wordpress\/plugins\/seo\/ -->\n<title>End\u00fcstriyel Tasar\u0131m B\u00f6l\u00fcm\u00fc Misyon ve Vizyonu<\/title>\n<meta name=\"description\" content=\"End\u00fcstriyel Tasar\u0131m B\u00f6l\u00fcm\u00fc, insan ve toplum odakl\u0131, \u00e7evreye duyarl\u0131, teknolojiyi etkin kullanan, yarat\u0131c\u0131 ve profesyonel tasar\u0131mc\u0131lar yeti\u015ftirmeyi hedefler.\" \/>\n<meta name=\"robots\" content=\"index, follow, max-snippet:-1, max-image-preview:large, max-video-preview:-1\" \/>\n<link rel=\"canonical\" href=\"http:\/\/ticaret.edu.tr\/endustriyel-tasarim\/vizyon-misyon\/\" \/>\n<meta property=\"og:locale\" content=\"tr_TR\" \/>\n<meta property=\"og:type\" content=\"article\" \/>\n<meta property=\"og:title\" content=\"Vizyon-Misyon\" \/>\n<meta property=\"og:description\" content=\"End\u00fcstriyel Tasar\u0131m B\u00f6l\u00fcm\u00fc, insan ve toplum odakl\u0131, \u00e7evreye duyarl\u0131, teknolojiyi etkin kullanan, yarat\u0131c\u0131 ve profesyonel tasar\u0131mc\u0131lar yeti\u015ftirmeyi hedefler.\" \/>\n<meta property=\"og:url\" content=\"http:\/\/ticaret.edu.tr\/endustriyel-tasarim\/vizyon-misyon\/\" \/>\n<meta property=\"og:site_name\" content=\"End\u00fcstriyel Tasar\u0131m\" \/>\n<meta property=\"article:publisher\" content=\"https:\/\/www.facebook.com\/ticaretedutr\" \/>\n<meta property=\"article:modified_time\" content=\"2025-07-29T11:50:35+00:00\" \/>\n<meta property=\"og:image\" content=\"http:\/\/ticaret.edu.tr\/endustriyel-tasarim\/wp-content\/uploads\/sites\/23\/2021\/11\/web_logo-01.jpg\" \/>\n\t<meta property=\"og:image:width\" content=\"1250\" \/>\n\t<meta property=\"og:image:height\" content=\"833\" \/>\n\t<meta property=\"og:image:type\" content=\"image\/jpeg\" \/>\n<meta name=\"twitter:card\" content=\"summary_large_image\" \/>\n<meta name=\"twitter:site\" content=\"@ticaretedutr\" \/>\n<meta name=\"twitter:label1\" content=\"Tahmini okuma s\u00fcresi\" \/>\n\t<meta name=\"twitter:data1\" content=\"1 dakika\" \/>\n<script type=\"application\/ld+json\" class=\"yoast-schema-graph\">{\"@context\":\"https:\/\/schema.org\",\"@graph\":[{\"@type\":\"WebPage\",\"@id\":\"http:\/\/ticaret.edu.tr\/endustriyel-tasarim\/vizyon-misyon\/\",\"url\":\"http:\/\/ticaret.edu.tr\/endustriyel-tasarim\/vizyon-misyon\/\",\"name\":\"End\u00fcstriyel Tasar\u0131m B\u00f6l\u00fcm\u00fc Misyon ve Vizyonu\",\"isPartOf\":{\"@id\":\"https:\/\/ticaret.edu.tr\/endustriyel-tasarim\/#website\"},\"datePublished\":\"2025-01-27T07:07:57+00:00\",\"dateModified\":\"2025-07-29T11:50:35+00:00\",\"description\":\"End\u00fcstriyel Tasar\u0131m B\u00f6l\u00fcm\u00fc, insan ve toplum odakl\u0131, \u00e7evreye duyarl\u0131, teknolojiyi etkin kullanan, yarat\u0131c\u0131 ve profesyonel tasar\u0131mc\u0131lar yeti\u015ftirmeyi hedefler.\",\"breadcrumb\":{\"@id\":\"http:\/\/ticaret.edu.tr\/endustriyel-tasarim\/vizyon-misyon\/#breadcrumb\"},\"inLanguage\":\"tr\",\"potentialAction\":[{\"@type\":\"ReadAction\",\"target\":[\"http:\/\/ticaret.edu.tr\/endustriyel-tasarim\/vizyon-misyon\/\"]}]},{\"@type\":\"BreadcrumbList\",\"@id\":\"http:\/\/ticaret.edu.tr\/endustriyel-tasarim\/vizyon-misyon\/#breadcrumb\",\"itemListElement\":[{\"@type\":\"ListItem\",\"position\":1,\"name\":\"Ana sayfa\",\"item\":\"https:\/\/ticaret.edu.tr\/endustriyel-tasarim\/\"},{\"@type\":\"ListItem\",\"position\":2,\"name\":\"Vizyon-Misyon\"}]},{\"@type\":\"WebSite\",\"@id\":\"https:\/\/ticaret.edu.tr\/endustriyel-tasarim\/#website\",\"url\":\"https:\/\/ticaret.edu.tr\/endustriyel-tasarim\/\",\"name\":\"End\u00fcstriyel Tasar\u0131m\",\"description\":\"\",\"potentialAction\":[{\"@type\":\"SearchAction\",\"target\":{\"@type\":\"EntryPoint\",\"urlTemplate\":\"https:\/\/ticaret.edu.tr\/endustriyel-tasarim\/?s={search_term_string}\"},\"query-input\":\"required name=search_term_string\"}],\"inLanguage\":\"tr\"}]}<\/script>\n<!-- \/ Yoast SEO Premium plugin. -->","yoast_head_json":{"title":"End\u00fcstriyel Tasar\u0131m B\u00f6l\u00fcm\u00fc Misyon ve Vizyonu","description":"End\u00fcstriyel Tasar\u0131m B\u00f6l\u00fcm\u00fc, insan ve toplum odakl\u0131, \u00e7evreye duyarl\u0131, teknolojiyi etkin kullanan, yarat\u0131c\u0131 ve profesyonel tasar\u0131mc\u0131lar yeti\u015ftirmeyi hedefler.","robots":{"index":"index","follow":"follow","max-snippet":"max-snippet:-1","max-image-preview":"max-image-preview:large","max-video-preview":"max-video-preview:-1"},"canonical":"http:\/\/ticaret.edu.tr\/endustriyel-tasarim\/vizyon-misyon\/","og_locale":"tr_TR","og_type":"article","og_title":"Vizyon-Misyon","og_description":"End\u00fcstriyel Tasar\u0131m B\u00f6l\u00fcm\u00fc, insan ve toplum odakl\u0131, \u00e7evreye duyarl\u0131, teknolojiyi etkin kullanan, yarat\u0131c\u0131 ve profesyonel tasar\u0131mc\u0131lar yeti\u015ftirmeyi hedefler.","og_url":"http:\/\/ticaret.edu.tr\/endustriyel-tasarim\/vizyon-misyon\/","og_site_name":"End\u00fcstriyel Tasar\u0131m","article_publisher":"https:\/\/www.facebook.com\/ticaretedutr","article_modified_time":"2025-07-29T11:50:35+00:00","og_image":[{"width":1250,"height":833,"url":"http:\/\/ticaret.edu.tr\/endustriyel-tasarim\/wp-content\/uploads\/sites\/23\/2021\/11\/web_logo-01.jpg","type":"image\/jpeg"}],"twitter_card":"summary_large_image","twitter_site":"@ticaretedutr","twitter_misc":{"Tahmini okuma s\u00fcresi":"1 dakika"},"schema":{"@context":"https:\/\/schema.org","@graph":[{"@type":"WebPage","@id":"http:\/\/ticaret.edu.tr\/endustriyel-tasarim\/vizyon-misyon\/","url":"http:\/\/ticaret.edu.tr\/endustriyel-tasarim\/vizyon-misyon\/","name":"End\u00fcstriyel Tasar\u0131m B\u00f6l\u00fcm\u00fc Misyon ve Vizyonu","isPartOf":{"@id":"https:\/\/ticaret.edu.tr\/endustriyel-tasarim\/#website"},"datePublished":"2025-01-27T07:07:57+00:00","dateModified":"2025-07-29T11:50:35+00:00","description":"End\u00fcstriyel Tasar\u0131m B\u00f6l\u00fcm\u00fc, insan ve toplum odakl\u0131, \u00e7evreye duyarl\u0131, teknolojiyi etkin kullanan, yarat\u0131c\u0131 ve profesyonel tasar\u0131mc\u0131lar yeti\u015ftirmeyi hedefler.","breadcrumb":{"@id":"http:\/\/ticaret.edu.tr\/endustriyel-tasarim\/vizyon-misyon\/#breadcrumb"},"inLanguage":"tr","potentialAction":[{"@type":"ReadAction","target":["http:\/\/ticaret.edu.tr\/endustriyel-tasarim\/vizyon-misyon\/"]}]},{"@type":"BreadcrumbList","@id":"http:\/\/ticaret.edu.tr\/endustriyel-tasarim\/vizyon-misyon\/#breadcrumb","itemListElement":[{"@type":"ListItem","position":1,"name":"Ana sayfa","item":"https:\/\/ticaret.edu.tr\/endustriyel-tasarim\/"},{"@type":"ListItem","position":2,"name":"Vizyon-Misyon"}]},{"@type":"WebSite","@id":"https:\/\/ticaret.edu.tr\/endustriyel-tasarim\/#website","url":"https:\/\/ticaret.edu.tr\/endustriyel-tasarim\/","name":"End\u00fcstriyel Tasar\u0131m","description":"","potentialAction":[{"@type":"SearchAction","target":{"@type":"EntryPoint","urlTemplate":"https:\/\/ticaret.edu.tr\/endustriyel-tasarim\/?s={search_term_string}"},"query-input":"required name=search_term_string"}],"inLanguage":"tr"}]}},"lang":"tr","translations":{"en":898,"tr":896},"pll_sync_post":[],"_links":{"self":[{"href":"http:\/\/ticaret.edu.tr\/endustriyel-tasarim\/wp-json\/wp\/v2\/pages\/896"}],"collection":[{"href":"http:\/\/ticaret.edu.tr\/endustriyel-tasarim\/wp-json\/wp\/v2\/pages"}],"about":[{"href":"http:\/\/ticaret.edu.tr\/endustriyel-tasarim\/wp-json\/wp\/v2\/types\/page"}],"author":[{"embeddable":true,"href":"http:\/\/ticaret.edu.tr\/endustriyel-tasarim\/wp-json\/wp\/v2\/users\/139"}],"replies":[{"embeddable":true,"href":"http:\/\/ticaret.edu.tr\/endustriyel-tasarim\/wp-json\/wp\/v2\/comments?post=896"}],"version-history":[{"count":3,"href":"http:\/\/ticaret.edu.tr\/endustriyel-tasarim\/wp-json\/wp\/v2\/pages\/896\/revisions"}],"predecessor-version":[{"id":1363,"href":"http:\/\/ticaret.edu.tr\/endustriyel-tasarim\/wp-json\/wp\/v2\/pages\/896\/revisions\/1363"}],"wp:attachment":[{"href":"http:\/\/ticaret.edu.tr\/endustriyel-tasarim\/wp-json\/wp\/v2\/media?parent=896"}],"curies":[{"name":"wp","href":"https:\/\/api.w.org\/{rel}","templated":true}]}}